{"id":35794,"date":"2017-04-07T09:09:22","date_gmt":"2017-04-07T09:09:22","guid":{"rendered":"https:\/\/www.colt.net\/leadership\/rajiv-datta\/"},"modified":"2019-12-03T14:04:58","modified_gmt":"2019-12-03T14:04:58","slug":"rajiv-datta","status":"publish","type":"page","link":"https:\/\/legacy.colt.net\/de\/about\/leadership\/rajiv-datta\/","title":{"rendered":"Rajiv Datta"},"content":{"rendered":"<h1>\n\t<\/h1>\n<h3>\n\t<\/h3>\n\t<nav class=\"breadcrumb\"><span><span><a href=\"https:\/\/legacy.colt.net\/de\/\">Home<\/a><\/span><\/span><\/nav>\n\t<p>Rajiv Datta kam am 1. Januar 2016 als Chief Technology Officer (CTO) zu Colt. Er verantwortet die Strategie von Colt im Bereich Netzwerktechnologie und die Entwicklung der n\u00e4chsten Generation von Produkten und Services wie zum Beispiel unserer SDL-basierten Netzwerkleistungen. Au\u00dferdem ist er f\u00fcr das digitale Erscheinungsbild des Unternehmens verantwortlich.<\/p>\nRajiv Datta hatte eine Reihe hochrangiger F\u00fchrungspositionen in den Branchen Telekommunikation und Kommunikationsinfrastruktur inne, wobei seine T\u00e4tigkeit f\u00fcr die Firma AboveNet Communications besonders hervorzuheben ist, die eine Vorreiterrolle bei der Bereitstellung von High-Bandwidth-Diensten f\u00fcr Unternehmen und Netzbetreiber gespielt hat. Bei AboveNet war er unter anderem als Chief Technology Officer und zuletzt als Chief Operating Officer t\u00e4tig. In dieser Funktion war er f\u00fcr das Tagesgesch\u00e4ft des Unternehmens verantwortlich und betreute unter anderem Vertrieb, Marketing, Service, Netzmanagement, IT, Technik und Infrastruktur.\n\t\t\t\t<img loading=\"lazy\" decoding=\"async\" src=\"https:\/\/legacy.colt.net\/wp-content\/uploads\/2019\/06\/Rajiv-Datta-1.jpg\" alt=\"Rajiv Datta\" itemprop=\"image\" height=\"999\" width=\"745\" title=\"Rajiv Datta\" onerror=\"this.style.display='none'\"  \/>\n","protected":false},"excerpt":{"rendered":"<p>Rajiv Datta joined Colt in January 2016, and is responsible for Colt\u2019s operational and technological capability, customer experience strategy, and award-winning product and innovation teams.<\/p>\n","protected":false},"author":2,"featured_media":32289,"parent":35346,"menu_order":0,"comment_status":"closed","ping_status":"closed","template":"","meta":{"_acf_changed":false,"footnotes":""},"colt_type":[],"colt_products":[],"class_list":["post-35794","page","type-page","status-publish","has-post-thumbnail","hentry"],"acf":[],"yoast_head":"<!-- This site is optimized with the Yoast SEO plugin v26.8 - https:\/\/yoast.com\/product\/yoast-seo-wordpress\/ -->\n<title>Rajiv Datta - Colt Technology Services<\/title>\n<meta name=\"description\" content=\"Rajiv Datta Colt Technology Services\" \/>\n<meta name=\"robots\" content=\"noindex, follow, max-snippet:-1, max-image-preview:large, max-video-preview:-1\" \/>\n<meta property=\"og:locale\" content=\"de_DE\" \/>\n<meta property=\"og:type\" content=\"article\" \/>\n<meta property=\"og:title\" content=\"Rajiv Datta - Colt Technology Services\" \/>\n<meta property=\"og:description\" content=\"Rajiv Datta Colt Technology Services\" \/>\n<meta property=\"og:url\" content=\"https:\/\/legacy.colt.net\/de\/about\/leadership\/rajiv-datta\/\" \/>\n<meta property=\"og:site_name\" content=\"Colt Technology Services\" \/>\n<meta property=\"article:publisher\" content=\"https:\/\/www.facebook.com\/ColtTechnologyServices\/\" \/>\n<meta property=\"article:modified_time\" content=\"2019-12-03T14:04:58+00:00\" \/>\n<meta property=\"og:image\" content=\"https:\/\/legacy.colt.net\/wp-content\/uploads\/2019\/02\/Rajiv-450x600.jpg\" \/>\n\t<meta property=\"og:image:width\" content=\"450\" \/>\n\t<meta property=\"og:image:height\" content=\"600\" \/>\n\t<meta property=\"og:image:type\" content=\"image\/jpeg\" \/>\n<meta name=\"twitter:card\" content=\"summary_large_image\" \/>\n<meta name=\"twitter:image\" content=\"https:\/\/legacy.colt.net\/wp-content\/uploads\/2019\/02\/Rajiv-450x600.jpg\" \/>\n<meta name=\"twitter:site\" content=\"@colt_technology\" \/>\n<meta name=\"twitter:label1\" content=\"Est. reading time\" \/>\n\t<meta name=\"twitter:data1\" content=\"1 minute\" \/>\n<script type=\"application\/ld+json\" class=\"yoast-schema-graph\">{\"@context\":\"https:\/\/schema.org\",\"@graph\":[{\"@type\":\"WebPage\",\"@id\":\"https:\/\/legacy.colt.net\/de\/about\/leadership\/rajiv-datta\/\",\"url\":\"https:\/\/legacy.colt.net\/de\/about\/leadership\/rajiv-datta\/\",\"name\":\"Rajiv Datta - Colt Technology Services\",\"isPartOf\":{\"@id\":\"https:\/\/legacy.colt.net\/#website\"},\"primaryImageOfPage\":{\"@id\":\"https:\/\/legacy.colt.net\/de\/about\/leadership\/rajiv-datta\/#primaryimage\"},\"image\":{\"@id\":\"https:\/\/legacy.colt.net\/de\/about\/leadership\/rajiv-datta\/#primaryimage\"},\"thumbnailUrl\":\"https:\/\/legacy.colt.net\/wp-content\/uploads\/2019\/02\/Rajiv-450x600.jpg\",\"datePublished\":\"2017-04-07T09:09:22+00:00\",\"dateModified\":\"2019-12-03T14:04:58+00:00\",\"description\":\"Rajiv Datta Colt Technology Services\",\"breadcrumb\":{\"@id\":\"https:\/\/legacy.colt.net\/de\/about\/leadership\/rajiv-datta\/#breadcrumb\"},\"inLanguage\":\"de-DE\",\"potentialAction\":[{\"@type\":\"ReadAction\",\"target\":[\"https:\/\/legacy.colt.net\/de\/about\/leadership\/rajiv-datta\/\"]}]},{\"@type\":\"ImageObject\",\"inLanguage\":\"de-DE\",\"@id\":\"https:\/\/legacy.colt.net\/de\/about\/leadership\/rajiv-datta\/#primaryimage\",\"url\":\"https:\/\/legacy.colt.net\/wp-content\/uploads\/2019\/02\/Rajiv-450x600.jpg\",\"contentUrl\":\"https:\/\/legacy.colt.net\/wp-content\/uploads\/2019\/02\/Rajiv-450x600.jpg\",\"width\":450,\"height\":600},{\"@type\":\"BreadcrumbList\",\"@id\":\"https:\/\/legacy.colt.net\/de\/about\/leadership\/rajiv-datta\/#breadcrumb\",\"itemListElement\":[{\"@type\":\"ListItem\",\"position\":1,\"name\":\"Home\",\"item\":\"https:\/\/legacy.colt.net\/de\/\"},{\"@type\":\"ListItem\",\"position\":2,\"name\":\"\u00dcber Colt\",\"item\":\"https:\/\/legacy.colt.net\/de\/about\/\"},{\"@type\":\"ListItem\",\"position\":3,\"name\":\"Leadership\",\"item\":\"https:\/\/legacy.colt.net\/de\/about\/leadership\/\"},{\"@type\":\"ListItem\",\"position\":4,\"name\":\"Rajiv Datta\"}]},{\"@type\":\"WebSite\",\"@id\":\"https:\/\/legacy.colt.net\/#website\",\"url\":\"https:\/\/legacy.colt.net\/\",\"name\":\"Colt\u30c6\u30af\u30ce\u30ed\u30b8\u30fc\u30b5\u30fc\u30d3\u30b9\u682a\u5f0f\u4f1a\u793e\",\"description\":\"Managed Network &amp; Voice Services Provider\",\"publisher\":{\"@id\":\"https:\/\/legacy.colt.net\/#organization\"},\"potentialAction\":[{\"@type\":\"SearchAction\",\"target\":{\"@type\":\"EntryPoint\",\"urlTemplate\":\"https:\/\/legacy.colt.net\/?s={search_term_string}\"},\"query-input\":{\"@type\":\"PropertyValueSpecification\",\"valueRequired\":true,\"valueName\":\"search_term_string\"}}],\"inLanguage\":\"de-DE\"},{\"@type\":\"Organization\",\"@id\":\"https:\/\/legacy.colt.net\/#organization\",\"name\":\"Colt Technology Services\",\"url\":\"https:\/\/legacy.colt.net\/\",\"logo\":{\"@type\":\"ImageObject\",\"inLanguage\":\"de-DE\",\"@id\":\"https:\/\/legacy.colt.net\/#\/schema\/logo\/image\/\",\"url\":\"https:\/\/legacy.colt.net\/wp-content\/uploads\/2019\/02\/Colt-Logo.png\",\"contentUrl\":\"https:\/\/legacy.colt.net\/wp-content\/uploads\/2019\/02\/Colt-Logo.png\",\"width\":195,\"height\":77,\"caption\":\"Colt Technology Services\"},\"image\":{\"@id\":\"https:\/\/legacy.colt.net\/#\/schema\/logo\/image\/\"},\"sameAs\":[\"https:\/\/www.facebook.com\/ColtTechnologyServices\/\",\"https:\/\/x.com\/colt_technology\",\"https:\/\/www.instagram.com\/colttechnologyservices\/\",\"https:\/\/www.linkedin.com\/company\/colt-technology-services\",\"https:\/\/www.youtube.com\/user\/ColtTechnology\"]}]}<\/script>\n<!-- \/ Yoast SEO plugin. -->","yoast_head_json":{"title":"Rajiv Datta - Colt Technology Services","description":"Rajiv Datta Colt Technology Services","robots":{"index":"noindex","follow":"follow","max-snippet":"max-snippet:-1","max-image-preview":"max-image-preview:large","max-video-preview":"max-video-preview:-1"},"og_locale":"de_DE","og_type":"article","og_title":"Rajiv Datta - Colt Technology Services","og_description":"Rajiv Datta Colt Technology Services","og_url":"https:\/\/legacy.colt.net\/de\/about\/leadership\/rajiv-datta\/","og_site_name":"Colt Technology Services","article_publisher":"https:\/\/www.facebook.com\/ColtTechnologyServices\/","article_modified_time":"2019-12-03T14:04:58+00:00","og_image":[{"width":450,"height":600,"url":"https:\/\/legacy.colt.net\/wp-content\/uploads\/2019\/02\/Rajiv-450x600.jpg","type":"image\/jpeg"}],"twitter_card":"summary_large_image","twitter_image":"https:\/\/legacy.colt.net\/wp-content\/uploads\/2019\/02\/Rajiv-450x600.jpg","twitter_site":"@colt_technology","twitter_misc":{"Est. reading time":"1 minute"},"schema":{"@context":"https:\/\/schema.org","@graph":[{"@type":"WebPage","@id":"https:\/\/legacy.colt.net\/de\/about\/leadership\/rajiv-datta\/","url":"https:\/\/legacy.colt.net\/de\/about\/leadership\/rajiv-datta\/","name":"Rajiv Datta - Colt Technology Services","isPartOf":{"@id":"https:\/\/legacy.colt.net\/#website"},"primaryImageOfPage":{"@id":"https:\/\/legacy.colt.net\/de\/about\/leadership\/rajiv-datta\/#primaryimage"},"image":{"@id":"https:\/\/legacy.colt.net\/de\/about\/leadership\/rajiv-datta\/#primaryimage"},"thumbnailUrl":"https:\/\/legacy.colt.net\/wp-content\/uploads\/2019\/02\/Rajiv-450x600.jpg","datePublished":"2017-04-07T09:09:22+00:00","dateModified":"2019-12-03T14:04:58+00:00","description":"Rajiv Datta Colt Technology Services","breadcrumb":{"@id":"https:\/\/legacy.colt.net\/de\/about\/leadership\/rajiv-datta\/#breadcrumb"},"inLanguage":"de-DE","potentialAction":[{"@type":"ReadAction","target":["https:\/\/legacy.colt.net\/de\/about\/leadership\/rajiv-datta\/"]}]},{"@type":"ImageObject","inLanguage":"de-DE","@id":"https:\/\/legacy.colt.net\/de\/about\/leadership\/rajiv-datta\/#primaryimage","url":"https:\/\/legacy.colt.net\/wp-content\/uploads\/2019\/02\/Rajiv-450x600.jpg","contentUrl":"https:\/\/legacy.colt.net\/wp-content\/uploads\/2019\/02\/Rajiv-450x600.jpg","width":450,"height":600},{"@type":"BreadcrumbList","@id":"https:\/\/legacy.colt.net\/de\/about\/leadership\/rajiv-datta\/#breadcrumb","itemListElement":[{"@type":"ListItem","position":1,"name":"Home","item":"https:\/\/legacy.colt.net\/de\/"},{"@type":"ListItem","position":2,"name":"\u00dcber Colt","item":"https:\/\/legacy.colt.net\/de\/about\/"},{"@type":"ListItem","position":3,"name":"Leadership","item":"https:\/\/legacy.colt.net\/de\/about\/leadership\/"},{"@type":"ListItem","position":4,"name":"Rajiv Datta"}]},{"@type":"WebSite","@id":"https:\/\/legacy.colt.net\/#website","url":"https:\/\/legacy.colt.net\/","name":"Colt\u30c6\u30af\u30ce\u30ed\u30b8\u30fc\u30b5\u30fc\u30d3\u30b9\u682a\u5f0f\u4f1a\u793e","description":"Managed Network &amp; Voice Services Provider","publisher":{"@id":"https:\/\/legacy.colt.net\/#organization"},"potentialAction":[{"@type":"SearchAction","target":{"@type":"EntryPoint","urlTemplate":"https:\/\/legacy.colt.net\/?s={search_term_string}"},"query-input":{"@type":"PropertyValueSpecification","valueRequired":true,"valueName":"search_term_string"}}],"inLanguage":"de-DE"},{"@type":"Organization","@id":"https:\/\/legacy.colt.net\/#organization","name":"Colt Technology Services","url":"https:\/\/legacy.colt.net\/","logo":{"@type":"ImageObject","inLanguage":"de-DE","@id":"https:\/\/legacy.colt.net\/#\/schema\/logo\/image\/","url":"https:\/\/legacy.colt.net\/wp-content\/uploads\/2019\/02\/Colt-Logo.png","contentUrl":"https:\/\/legacy.colt.net\/wp-content\/uploads\/2019\/02\/Colt-Logo.png","width":195,"height":77,"caption":"Colt Technology Services"},"image":{"@id":"https:\/\/legacy.colt.net\/#\/schema\/logo\/image\/"},"sameAs":["https:\/\/www.facebook.com\/ColtTechnologyServices\/","https:\/\/x.com\/colt_technology","https:\/\/www.instagram.com\/colttechnologyservices\/","https:\/\/www.linkedin.com\/company\/colt-technology-services","https:\/\/www.youtube.com\/user\/ColtTechnology"]}]}},"_links":{"self":[{"href":"https:\/\/legacy.colt.net\/de\/wp-json\/wp\/v2\/pages\/35794","targetHints":{"allow":["GET"]}}],"collection":[{"href":"https:\/\/legacy.colt.net\/de\/wp-json\/wp\/v2\/pages"}],"about":[{"href":"https:\/\/legacy.colt.net\/de\/wp-json\/wp\/v2\/types\/page"}],"author":[{"embeddable":true,"href":"https:\/\/legacy.colt.net\/de\/wp-json\/wp\/v2\/users\/2"}],"replies":[{"embeddable":true,"href":"https:\/\/legacy.colt.net\/de\/wp-json\/wp\/v2\/comments?post=35794"}],"version-history":[{"count":0,"href":"https:\/\/legacy.colt.net\/de\/wp-json\/wp\/v2\/pages\/35794\/revisions"}],"up":[{"embeddable":true,"href":"https:\/\/legacy.colt.net\/de\/wp-json\/wp\/v2\/pages\/35346"}],"wp:featuredmedia":[{"embeddable":true,"href":"https:\/\/legacy.colt.net\/de\/wp-json\/wp\/v2\/media\/32289"}],"wp:attachment":[{"href":"https:\/\/legacy.colt.net\/de\/wp-json\/wp\/v2\/media?parent=35794"}],"wp:term":[{"taxonomy":"colt_type","embeddable":true,"href":"https:\/\/legacy.colt.net\/de\/wp-json\/wp\/v2\/colt_type?post=35794"},{"taxonomy":"colt_products","embeddable":true,"href":"https:\/\/legacy.colt.net\/de\/wp-json\/wp\/v2\/colt_products?post=35794"}],"curies":[{"name":"wp","href":"https:\/\/api.w.org\/{rel}","templated":true}]}}