{"id":35762,"date":"2018-11-01T08:48:15","date_gmt":"2018-11-01T08:48:15","guid":{"rendered":"https:\/\/www.colt.net\/leadership\/keri-gilder\/"},"modified":"2023-02-17T14:37:12","modified_gmt":"2023-02-17T14:37:12","slug":"keri-gilder","status":"publish","type":"page","link":"https:\/\/legacy.colt.net\/de\/about\/leadership\/keri-gilder\/","title":{"rendered":"Keri Gilder"},"content":{"rendered":"\n\n\t<nav class=\"breadcrumb\"><span><span><a href=\"https:\/\/legacy.colt.net\/de\/\">Home<\/a><\/span><\/span><\/nav>\n\t<p>Keri Gilder ist Chief Executive Officer (CEO) von Colt.<\/p>\n<p>Sie wurde im Mai 2020 in diese Position berufen und ist f\u00fcr die Umsetzung der Strategie von Colt verantwortlich, die sich darauf konzentriert, Kunden in die Lage zu versetzen, alle M\u00f6glichkeiten des digitalen Universums zu nutzen &#8211; wo, wann und wie sie es m\u00f6chten. <\/p>\n<p>Vor ihrer Ernennung zum CEO, war Gilder Chief Commercial Officer (CCO) von Colt. Sie leitete globale Teams in den Bereichen Vertrieb, Presales und Marketing und arbeitete eng mit allen Unternehmensbereichen zusammen, um sicherzustellen, dass Colt f\u00fcr seine Kunden stets die gew\u00fcnschten Ergebnisse erzielt.<\/p>\n<p>Bevor Gilder zu Colt kam, hatte sie verschiedene F\u00fchrungspositionen bei Ciena inne. Zuletzt war sie als Vice President und General Manager EMEA f\u00fcr die Betreuung von Cienas EMEA Service Providern, Unternehmenskunden sowie Partnern verantwortlich.<\/p>\n<p>Gilder setzt sich f\u00fcr die F\u00f6rderung von Inklusion und Diversit\u00e4t ein. Sie leitet das Diversity Council von Colt, mit dem Ziel eine Umgebung zu schaffen, in der sich alle einbringen und verwirklichen k\u00f6nnen. In ihrer Funktion als Vorsitzende des TM Forum&#8217;s Diversity &amp; Inclusion Council sowie als Pr\u00e4sidentin des Global Telecom Women&#8217;s Network macht sie sich daf\u00fcr auch in der gesamten Branche stark.<\/p>\n<p>Vor Ciena arbeitete Gilder in verschiedenen Funktionen f\u00fcr Lucent Technologies und war au\u00dferdem als Netzwerkingenieurin f\u00fcr Hughes Aircraft t\u00e4tig.<\/p>\n<p>Gilder hat einen Abschluss als Bachelor of Business Administration mit Schwerpunkt Management Information Systems (MIS) von der New Mexico State University.<\/p>\n<p>Keri lebt mit ihrem Mann und ihren zwei Kindern in London und hat ihren Sitz in der Londoner Zentrale von Colt.<\/p>\n\t\t\t\t<img loading=\"lazy\" decoding=\"async\" src=\"https:\/\/legacy.colt.net\/wp-content\/uploads\/2020\/05\/Colt_Keri-Gilder_WEB-scaled.jpg\" alt=\"Keir Gilder, new CEO at Colt Technology Services\" itemprop=\"image\" height=\"2560\" width=\"2560\" title=\"Keir Gilder, new CEO at Colt Technology Services\" onerror=\"this.style.display='none'\"  \/>\n<h3>\n\t\tKeri Gilder\n\t<\/h3>\n<h4>\n\t\tChief Executive Officer\n\t<\/h4>\n\n","protected":false},"excerpt":{"rendered":"<p>Keri Gilder joined Colt in November 2018 and forms part of the Executive Leadership Team, reporting directly to Carl Grivner. Keri is instrumental in driving Colt\u2019s commercial strategy, leading global teams across sales, presales and marketing<\/p>\n","protected":false},"author":2,"featured_media":32259,"parent":35346,"menu_order":0,"comment_status":"closed","ping_status":"closed","template":"","meta":{"_acf_changed":false,"footnotes":""},"colt_type":[],"colt_products":[],"class_list":["post-35762","page","type-page","status-publish","has-post-thumbnail","hentry"],"acf":[],"yoast_head":"<!-- This site is optimized with the Yoast SEO plugin v26.8 - https:\/\/yoast.com\/product\/yoast-seo-wordpress\/ -->\n<title>Keri Gilder - Colt Technology Services<\/title>\n<meta name=\"description\" content=\"Keri Gilder ist seit November 2018 f\u00fcr Colt t\u00e4tig und Teil des Executive Leadership Teams, das direkt an Carl Grivner berichtet. Sie tr\u00e4gt ma\u00dfgeblich...\" \/>\n<meta name=\"robots\" content=\"noindex, follow, max-snippet:-1, max-image-preview:large, max-video-preview:-1\" \/>\n<meta property=\"og:locale\" content=\"de_DE\" \/>\n<meta property=\"og:type\" content=\"article\" \/>\n<meta property=\"og:title\" content=\"Keri Gilder - Colt Technology Services\" \/>\n<meta property=\"og:description\" content=\"Keri Gilder ist seit November 2018 f\u00fcr Colt t\u00e4tig und Teil des Executive Leadership Teams, das direkt an Carl Grivner berichtet. Sie tr\u00e4gt ma\u00dfgeblich...\" \/>\n<meta property=\"og:url\" content=\"https:\/\/legacy.colt.net\/de\/about\/leadership\/keri-gilder\/\" \/>\n<meta property=\"og:site_name\" content=\"Colt Technology Services\" \/>\n<meta property=\"article:publisher\" content=\"https:\/\/www.facebook.com\/ColtTechnologyServices\/\" \/>\n<meta property=\"article:modified_time\" content=\"2023-02-17T14:37:12+00:00\" \/>\n<meta property=\"og:image\" content=\"https:\/\/legacy.colt.net\/wp-content\/uploads\/2019\/02\/Keri-Gilder-440x600.jpg\" \/>\n\t<meta property=\"og:image:width\" content=\"440\" \/>\n\t<meta property=\"og:image:height\" content=\"600\" \/>\n\t<meta property=\"og:image:type\" content=\"image\/jpeg\" \/>\n<meta name=\"twitter:card\" content=\"summary_large_image\" \/>\n<meta name=\"twitter:image\" content=\"https:\/\/legacy.colt.net\/wp-content\/uploads\/2019\/02\/Keri-Gilder-440x600.jpg\" \/>\n<meta name=\"twitter:site\" content=\"@colt_technology\" \/>\n<meta name=\"twitter:label1\" content=\"Est. reading time\" \/>\n\t<meta name=\"twitter:data1\" content=\"1 minute\" \/>\n<script type=\"application\/ld+json\" class=\"yoast-schema-graph\">{\"@context\":\"https:\/\/schema.org\",\"@graph\":[{\"@type\":\"WebPage\",\"@id\":\"https:\/\/legacy.colt.net\/de\/about\/leadership\/keri-gilder\/\",\"url\":\"https:\/\/legacy.colt.net\/de\/about\/leadership\/keri-gilder\/\",\"name\":\"Keri Gilder - Colt Technology Services\",\"isPartOf\":{\"@id\":\"https:\/\/legacy.colt.net\/#website\"},\"primaryImageOfPage\":{\"@id\":\"https:\/\/legacy.colt.net\/de\/about\/leadership\/keri-gilder\/#primaryimage\"},\"image\":{\"@id\":\"https:\/\/legacy.colt.net\/de\/about\/leadership\/keri-gilder\/#primaryimage\"},\"thumbnailUrl\":\"https:\/\/legacy.colt.net\/wp-content\/uploads\/2019\/02\/Keri-Gilder-440x600.jpg\",\"datePublished\":\"2018-11-01T08:48:15+00:00\",\"dateModified\":\"2023-02-17T14:37:12+00:00\",\"description\":\"Keri Gilder ist seit November 2018 f\u00fcr Colt t\u00e4tig und Teil des Executive Leadership Teams, das direkt an Carl Grivner berichtet. Sie tr\u00e4gt ma\u00dfgeblich...\",\"breadcrumb\":{\"@id\":\"https:\/\/legacy.colt.net\/de\/about\/leadership\/keri-gilder\/#breadcrumb\"},\"inLanguage\":\"de-DE\",\"potentialAction\":[{\"@type\":\"ReadAction\",\"target\":[\"https:\/\/legacy.colt.net\/de\/about\/leadership\/keri-gilder\/\"]}]},{\"@type\":\"ImageObject\",\"inLanguage\":\"de-DE\",\"@id\":\"https:\/\/legacy.colt.net\/de\/about\/leadership\/keri-gilder\/#primaryimage\",\"url\":\"https:\/\/legacy.colt.net\/wp-content\/uploads\/2019\/02\/Keri-Gilder-440x600.jpg\",\"contentUrl\":\"https:\/\/legacy.colt.net\/wp-content\/uploads\/2019\/02\/Keri-Gilder-440x600.jpg\",\"width\":440,\"height\":600},{\"@type\":\"BreadcrumbList\",\"@id\":\"https:\/\/legacy.colt.net\/de\/about\/leadership\/keri-gilder\/#breadcrumb\",\"itemListElement\":[{\"@type\":\"ListItem\",\"position\":1,\"name\":\"Home\",\"item\":\"https:\/\/legacy.colt.net\/de\/\"},{\"@type\":\"ListItem\",\"position\":2,\"name\":\"\u00dcber Colt\",\"item\":\"https:\/\/legacy.colt.net\/de\/about\/\"},{\"@type\":\"ListItem\",\"position\":3,\"name\":\"Leadership\",\"item\":\"https:\/\/legacy.colt.net\/de\/about\/leadership\/\"},{\"@type\":\"ListItem\",\"position\":4,\"name\":\"Keri Gilder\"}]},{\"@type\":\"WebSite\",\"@id\":\"https:\/\/legacy.colt.net\/#website\",\"url\":\"https:\/\/legacy.colt.net\/\",\"name\":\"Colt\u30c6\u30af\u30ce\u30ed\u30b8\u30fc\u30b5\u30fc\u30d3\u30b9\u682a\u5f0f\u4f1a\u793e\",\"description\":\"Managed Network &amp; Voice Services Provider\",\"publisher\":{\"@id\":\"https:\/\/legacy.colt.net\/#organization\"},\"potentialAction\":[{\"@type\":\"SearchAction\",\"target\":{\"@type\":\"EntryPoint\",\"urlTemplate\":\"https:\/\/legacy.colt.net\/?s={search_term_string}\"},\"query-input\":{\"@type\":\"PropertyValueSpecification\",\"valueRequired\":true,\"valueName\":\"search_term_string\"}}],\"inLanguage\":\"de-DE\"},{\"@type\":\"Organization\",\"@id\":\"https:\/\/legacy.colt.net\/#organization\",\"name\":\"Colt Technology Services\",\"url\":\"https:\/\/legacy.colt.net\/\",\"logo\":{\"@type\":\"ImageObject\",\"inLanguage\":\"de-DE\",\"@id\":\"https:\/\/legacy.colt.net\/#\/schema\/logo\/image\/\",\"url\":\"https:\/\/legacy.colt.net\/wp-content\/uploads\/2019\/02\/Colt-Logo.png\",\"contentUrl\":\"https:\/\/legacy.colt.net\/wp-content\/uploads\/2019\/02\/Colt-Logo.png\",\"width\":195,\"height\":77,\"caption\":\"Colt Technology Services\"},\"image\":{\"@id\":\"https:\/\/legacy.colt.net\/#\/schema\/logo\/image\/\"},\"sameAs\":[\"https:\/\/www.facebook.com\/ColtTechnologyServices\/\",\"https:\/\/x.com\/colt_technology\",\"https:\/\/www.instagram.com\/colttechnologyservices\/\",\"https:\/\/www.linkedin.com\/company\/colt-technology-services\",\"https:\/\/www.youtube.com\/user\/ColtTechnology\"]}]}<\/script>\n<!-- \/ Yoast SEO plugin. -->","yoast_head_json":{"title":"Keri Gilder - Colt Technology Services","description":"Keri Gilder ist seit November 2018 f\u00fcr Colt t\u00e4tig und Teil des Executive Leadership Teams, das direkt an Carl Grivner berichtet. Sie tr\u00e4gt ma\u00dfgeblich...","robots":{"index":"noindex","follow":"follow","max-snippet":"max-snippet:-1","max-image-preview":"max-image-preview:large","max-video-preview":"max-video-preview:-1"},"og_locale":"de_DE","og_type":"article","og_title":"Keri Gilder - Colt Technology Services","og_description":"Keri Gilder ist seit November 2018 f\u00fcr Colt t\u00e4tig und Teil des Executive Leadership Teams, das direkt an Carl Grivner berichtet. Sie tr\u00e4gt ma\u00dfgeblich...","og_url":"https:\/\/legacy.colt.net\/de\/about\/leadership\/keri-gilder\/","og_site_name":"Colt Technology Services","article_publisher":"https:\/\/www.facebook.com\/ColtTechnologyServices\/","article_modified_time":"2023-02-17T14:37:12+00:00","og_image":[{"width":440,"height":600,"url":"https:\/\/legacy.colt.net\/wp-content\/uploads\/2019\/02\/Keri-Gilder-440x600.jpg","type":"image\/jpeg"}],"twitter_card":"summary_large_image","twitter_image":"https:\/\/legacy.colt.net\/wp-content\/uploads\/2019\/02\/Keri-Gilder-440x600.jpg","twitter_site":"@colt_technology","twitter_misc":{"Est. reading time":"1 minute"},"schema":{"@context":"https:\/\/schema.org","@graph":[{"@type":"WebPage","@id":"https:\/\/legacy.colt.net\/de\/about\/leadership\/keri-gilder\/","url":"https:\/\/legacy.colt.net\/de\/about\/leadership\/keri-gilder\/","name":"Keri Gilder - Colt Technology Services","isPartOf":{"@id":"https:\/\/legacy.colt.net\/#website"},"primaryImageOfPage":{"@id":"https:\/\/legacy.colt.net\/de\/about\/leadership\/keri-gilder\/#primaryimage"},"image":{"@id":"https:\/\/legacy.colt.net\/de\/about\/leadership\/keri-gilder\/#primaryimage"},"thumbnailUrl":"https:\/\/legacy.colt.net\/wp-content\/uploads\/2019\/02\/Keri-Gilder-440x600.jpg","datePublished":"2018-11-01T08:48:15+00:00","dateModified":"2023-02-17T14:37:12+00:00","description":"Keri Gilder ist seit November 2018 f\u00fcr Colt t\u00e4tig und Teil des Executive Leadership Teams, das direkt an Carl Grivner berichtet. Sie tr\u00e4gt ma\u00dfgeblich...","breadcrumb":{"@id":"https:\/\/legacy.colt.net\/de\/about\/leadership\/keri-gilder\/#breadcrumb"},"inLanguage":"de-DE","potentialAction":[{"@type":"ReadAction","target":["https:\/\/legacy.colt.net\/de\/about\/leadership\/keri-gilder\/"]}]},{"@type":"ImageObject","inLanguage":"de-DE","@id":"https:\/\/legacy.colt.net\/de\/about\/leadership\/keri-gilder\/#primaryimage","url":"https:\/\/legacy.colt.net\/wp-content\/uploads\/2019\/02\/Keri-Gilder-440x600.jpg","contentUrl":"https:\/\/legacy.colt.net\/wp-content\/uploads\/2019\/02\/Keri-Gilder-440x600.jpg","width":440,"height":600},{"@type":"BreadcrumbList","@id":"https:\/\/legacy.colt.net\/de\/about\/leadership\/keri-gilder\/#breadcrumb","itemListElement":[{"@type":"ListItem","position":1,"name":"Home","item":"https:\/\/legacy.colt.net\/de\/"},{"@type":"ListItem","position":2,"name":"\u00dcber Colt","item":"https:\/\/legacy.colt.net\/de\/about\/"},{"@type":"ListItem","position":3,"name":"Leadership","item":"https:\/\/legacy.colt.net\/de\/about\/leadership\/"},{"@type":"ListItem","position":4,"name":"Keri Gilder"}]},{"@type":"WebSite","@id":"https:\/\/legacy.colt.net\/#website","url":"https:\/\/legacy.colt.net\/","name":"Colt\u30c6\u30af\u30ce\u30ed\u30b8\u30fc\u30b5\u30fc\u30d3\u30b9\u682a\u5f0f\u4f1a\u793e","description":"Managed Network &amp; Voice Services Provider","publisher":{"@id":"https:\/\/legacy.colt.net\/#organization"},"potentialAction":[{"@type":"SearchAction","target":{"@type":"EntryPoint","urlTemplate":"https:\/\/legacy.colt.net\/?s={search_term_string}"},"query-input":{"@type":"PropertyValueSpecification","valueRequired":true,"valueName":"search_term_string"}}],"inLanguage":"de-DE"},{"@type":"Organization","@id":"https:\/\/legacy.colt.net\/#organization","name":"Colt Technology Services","url":"https:\/\/legacy.colt.net\/","logo":{"@type":"ImageObject","inLanguage":"de-DE","@id":"https:\/\/legacy.colt.net\/#\/schema\/logo\/image\/","url":"https:\/\/legacy.colt.net\/wp-content\/uploads\/2019\/02\/Colt-Logo.png","contentUrl":"https:\/\/legacy.colt.net\/wp-content\/uploads\/2019\/02\/Colt-Logo.png","width":195,"height":77,"caption":"Colt Technology Services"},"image":{"@id":"https:\/\/legacy.colt.net\/#\/schema\/logo\/image\/"},"sameAs":["https:\/\/www.facebook.com\/ColtTechnologyServices\/","https:\/\/x.com\/colt_technology","https:\/\/www.instagram.com\/colttechnologyservices\/","https:\/\/www.linkedin.com\/company\/colt-technology-services","https:\/\/www.youtube.com\/user\/ColtTechnology"]}]}},"_links":{"self":[{"href":"https:\/\/legacy.colt.net\/de\/wp-json\/wp\/v2\/pages\/35762","targetHints":{"allow":["GET"]}}],"collection":[{"href":"https:\/\/legacy.colt.net\/de\/wp-json\/wp\/v2\/pages"}],"about":[{"href":"https:\/\/legacy.colt.net\/de\/wp-json\/wp\/v2\/types\/page"}],"author":[{"embeddable":true,"href":"https:\/\/legacy.colt.net\/de\/wp-json\/wp\/v2\/users\/2"}],"replies":[{"embeddable":true,"href":"https:\/\/legacy.colt.net\/de\/wp-json\/wp\/v2\/comments?post=35762"}],"version-history":[{"count":0,"href":"https:\/\/legacy.colt.net\/de\/wp-json\/wp\/v2\/pages\/35762\/revisions"}],"up":[{"embeddable":true,"href":"https:\/\/legacy.colt.net\/de\/wp-json\/wp\/v2\/pages\/35346"}],"wp:featuredmedia":[{"embeddable":true,"href":"https:\/\/legacy.colt.net\/de\/wp-json\/wp\/v2\/media\/32259"}],"wp:attachment":[{"href":"https:\/\/legacy.colt.net\/de\/wp-json\/wp\/v2\/media?parent=35762"}],"wp:term":[{"taxonomy":"colt_type","embeddable":true,"href":"https:\/\/legacy.colt.net\/de\/wp-json\/wp\/v2\/colt_type?post=35762"},{"taxonomy":"colt_products","embeddable":true,"href":"https:\/\/legacy.colt.net\/de\/wp-json\/wp\/v2\/colt_products?post=35762"}],"curies":[{"name":"wp","href":"https:\/\/api.w.org\/{rel}","templated":true}]}}