{"id":35715,"date":"2015-02-10T10:44:04","date_gmt":"2015-02-10T10:44:04","guid":{"rendered":"https:\/\/www.colt.net\/our-values\/"},"modified":"2023-02-13T14:42:15","modified_gmt":"2023-02-13T14:42:15","slug":"our-values","status":"publish","type":"page","link":"https:\/\/legacy.colt.net\/de\/about\/our-values\/","title":{"rendered":"Unsere Werte"},"content":{"rendered":"\n\n\n\t<nav class=\"breadcrumb\"><span><span><a href=\"https:\/\/legacy.colt.net\/de\/\">Home<\/a><\/span><\/span><\/nav>\n\t<p>Wir haben einen gemeinsamen Satz von Werten, die das Herzst\u00fcck unserer Gesch\u00e4ftst\u00e4tigkeit bilden. Diese Werte bestimmen nicht nur, was wir tun, sondern auch, wie wir es tun. Das sind keine 10 Gebote oder Regeln, die in einem Handbuch stehen. Sie sind die Essenz unserer Identit\u00e4t und erz\u00e4hlen eine Geschichte dar\u00fcber, wer wir sind und wie wir unseren Zweck und unsere Vision verwirklichen.<\/p>\n\t\t\t\t<img loading=\"lazy\" decoding=\"async\" src=\"https:\/\/legacy.colt.net\/wp-content\/uploads\/2021\/07\/We-know-people-matter-Icon-landscape.png\" alt=\"We-know-people-matter-Icon-landscape\" itemprop=\"image\" height=\"420\" width=\"600\" title=\"We-know-people-matter-Icon-landscape\" onerror=\"this.style.display='none'\"  \/>\n<h2>\n\t\tAuf das Team kommt es an\n\t<\/h2>\n\t<p>Ob es sich um einen Kunden, einen Partner oder einen Mitarbeiter handelt, wir bauen Beziehungen auf, die auf Vertrauen, Ehrlichkeit, Respekt und Integrit\u00e4t basieren. Wir sch\u00e4tzen Vielfalt und streben danach, integrativer zu sein, damit jeder die Freiheit hat, sich zu \u00e4u\u00dfern, geh\u00f6rt zu werden und sich zu entfalten.<\/p>\n\t\t\t\t<img loading=\"lazy\" decoding=\"async\" src=\"https:\/\/legacy.colt.net\/wp-content\/uploads\/2021\/07\/We-always-find-a-better-way-Icon-landscape.png\" alt=\"We-always-find-a-better-way-Icon-landscape\" itemprop=\"image\" height=\"420\" width=\"600\" title=\"We-always-find-a-better-way-Icon-landscape\" onerror=\"this.style.display='none'\"  \/>\n<h2>\n\t\tWir finden Alternativen\n\t<\/h2>\n\t<p>Indem wir immer einen Schritt voraus sind, versetzen wir unsere Kunden in die Lage, durch die Kraft der Konnektivit\u00e4t erfolgreich zu sein. Wir passen uns schnell an und \u00fcbernehmen die Verantwortung f\u00fcr unsere Versprechen.<\/p>\n\t\t\t\t<img loading=\"lazy\" decoding=\"async\" src=\"https:\/\/legacy.colt.net\/wp-content\/uploads\/2021\/07\/We-win-together-Icon-landscape.png\" alt=\"We-win-together-Icon-landscape\" itemprop=\"image\" height=\"420\" width=\"600\" title=\"We-win-together-Icon-landscape\" onerror=\"this.style.display='none'\"  \/>\n<h2>\n\t\tGemeinsam zum Erfolg\n\t<\/h2>\n\t<p>Indem wir immer einen Schritt voraus sind, versetzen wir unsere Kunden in die Lage, durch die Kraft der Konnektivit\u00e4t erfolgreich zu sein. Wir passen uns schnell an und \u00fcbernehmen die Verantwortung f\u00fcr unsere Versprechen.<\/p>\n\t\t\t\t<img loading=\"lazy\" decoding=\"async\" src=\"https:\/\/legacy.colt.net\/wp-content\/uploads\/2021\/07\/We-can-change-the-world-Port-Icon-landscape.png\" alt=\"We-can-change-the-world-Port-Icon-landscape\" itemprop=\"image\" height=\"420\" width=\"600\" title=\"We-can-change-the-world-Port-Icon-landscape\" onerror=\"this.style.display='none'\"  \/>\n<h2>\n\t\tMit Innovationen in die Zukunft\n\t<\/h2>\n\t<p>Wir wollen die Welt zu einem besseren Ort machen. Besser vernetzt, nachhaltiger, gerechter f\u00fcr alle. Wir nutzen das, was wir haben &#8211; Leidenschaft, Technologie und Konnektivit\u00e4t &#8211; um Gutes zu schaffen.<\/p>\n<h2>\n\t\tK\u00fcrzliche Posts\n\t<\/h2>\n\t\t\t\t\t\t\t\t\t\t\t\t\t\t<a href=\"https:\/\/legacy.colt.net\/de\/resources\/berlinale-case-study\/\" target=\"_self\" title=\"Bandbreiten-Booster f\u00fcr mehr Vielfalt auf der Leinwand\" rel=\"noopener\">\n\t\t\t\t<img decoding=\"async\" src=\"https:\/\/legacy.colt.net\/wp-content\/uploads\/2023\/01\/berlinale2023-720x450.webp\" alt=\"\" \/>\n\t\t\t\t<\/a>\n\t\t\t\t\t\t<h3>\n\t\t\t\t<a href=https:\/\/legacy.colt.net\/de\/resources\/berlinale-case-study\/ title=\"Bandbreiten-Booster f\u00fcr mehr Vielfalt auf der Leinwand\" tabindex=\"0\">Bandbreiten-Booster f\u00fcr mehr Vielfalt auf der Leinwand<\/a>\t\t\t<\/h3>\n\t\t\t\t\t\t\t\tRoter Teppich, Blitzlichtgewitter, Hollywoodgr\u00f6\u00dfen, die ihren Goldenen Ehrenb\u00e4ren entgegennehmen: Jedes Jahr l\u00e4dt das gr\u00f6\u00dfte Publikumsfilmfestival der Welt, die &#8230;\n\t\t\t\t\t<a href=\"https:\/\/legacy.colt.net\/de\/resources\/berlinale-case-study\/\" target=\"_self\" rel=\"noopener\">Continue Reading &#8594;<\/a>\t\t\n\t\t\t\t\t\t\t\t\t\t\t\t\t\t<a href=\"https:\/\/legacy.colt.net\/de\/resources\/berlinale-nutzt-das-internationale-glasfasernetz-von-colt-und-on-demand-service-in-singapur\/\" target=\"_self\" title=\"Berlinale nutzt das internationale Glasfasernetz von Colt und On-Demand Service in Singapur\" rel=\"noopener\">\n\t\t\t\t<img decoding=\"async\" src=\"https:\/\/legacy.colt.net\/wp-content\/uploads\/2023\/02\/Colt_Berlinale_Infografik_Web-720x450.jpg\" alt=\"\" \/>\n\t\t\t\t<\/a>\n\t\t\t\t\t\t<h3>\n\t\t\t\t<a href=https:\/\/legacy.colt.net\/de\/resources\/berlinale-nutzt-das-internationale-glasfasernetz-von-colt-und-on-demand-service-in-singapur\/ title=\"Berlinale nutzt das internationale Glasfasernetz von Colt und On-Demand Service in Singapur\" tabindex=\"0\">Berlinale nutzt das internationale Glasfasernetz von Colt und On-Demand Service in Singapur<\/a>\t\t\t<\/h3>\n\t\t\t\t\t\t\t\tFilmschaffende aus Asien k\u00f6nnen so besonders einfach und mit h\u00f6herer Datensicherheit ihre Filme anliefern Frankfurt\/Berlin, 09.02.2023, F\u00fcr die &#8230;\n\t\t\t\t\t<a href=\"https:\/\/legacy.colt.net\/de\/resources\/berlinale-nutzt-das-internationale-glasfasernetz-von-colt-und-on-demand-service-in-singapur\/\" target=\"_self\" rel=\"noopener\">Continue Reading &#8594;<\/a>\t\t\n\t\t\t\t\t\t\t\t\t\t\t\t\t\t<a href=\"https:\/\/legacy.colt.net\/de\/resources\/berlinale-bandbreiten-booster-fuer-mehr-vielfalt-auf-der-leinwand\/\" target=\"_self\" title=\"Berlinale: Bandbreiten-Booster f\u00fcr mehr Vielfalt auf der Leinwand\" rel=\"noopener\">\n\t\t\t\t<img decoding=\"async\" src=\"https:\/\/legacy.colt.net\/wp-content\/uploads\/2019\/10\/Fibre-Grey-720x450.jpg\" alt=\"\" \/>\n\t\t\t\t<\/a>\n\t\t\t\t\t\t<h3>\n\t\t\t\t<a href=https:\/\/legacy.colt.net\/de\/resources\/berlinale-bandbreiten-booster-fuer-mehr-vielfalt-auf-der-leinwand\/ title=\"Berlinale: Bandbreiten-Booster f\u00fcr mehr Vielfalt auf der Leinwand\" tabindex=\"0\">Berlinale: Bandbreiten-Booster f\u00fcr mehr Vielfalt auf der Leinwand<\/a>\t\t\t<\/h3>\n\t\t\t\t\t\t\t\tAlle, die schon mal Videos au\u00dferhalb von Social-Media-Plattformen mit Kolleg:innen oder Freund:innen teilen wollten, kennen das Problem. Entweder &#8230;\n\t\t\t\t\t<a href=\"https:\/\/legacy.colt.net\/de\/resources\/berlinale-bandbreiten-booster-fuer-mehr-vielfalt-auf-der-leinwand\/\" target=\"_self\" rel=\"noopener\">Continue Reading &#8594;<\/a>\t\t\n\n","protected":false},"excerpt":{"rendered":"<p>Wir haben einen gemeinsamen Satz von Werten, die das Herzst\u00fcck unserer Gesch\u00e4ftst\u00e4tigkeit bilden. Diese Werte bestimmen nicht nur, was wir tun, sondern auch, wie wir es tun. Das sind keine 10 Gebote oder Regeln, die in einem Handbuch stehen. Sie sind die Essenz unserer Identit\u00e4t und erz\u00e4hlen eine Geschichte dar\u00fcber, wer wir sind und wie&#8230;<\/p>\n","protected":false},"author":2,"featured_media":0,"parent":35617,"menu_order":2,"comment_status":"closed","ping_status":"closed","template":"","meta":{"_acf_changed":false,"footnotes":""},"colt_type":[],"colt_products":[],"class_list":["post-35715","page","type-page","status-publish","hentry"],"acf":[],"yoast_head":"<!-- This site is optimized with the Yoast SEO plugin v26.8 - https:\/\/yoast.com\/product\/yoast-seo-wordpress\/ -->\n<title>Unsere Werte - Colt Technology Services | DE<\/title>\n<meta name=\"description\" content=\"Die Einstellung unserer Mitarbeiter, ihrer Verhaltensweisen und ihrer Arbeitsweisen basieren auf einem einfachen, aber wirkungsvollen Wertekonzept.\" \/>\n<meta name=\"robots\" content=\"noindex, follow, max-snippet:-1, max-image-preview:large, max-video-preview:-1\" \/>\n<meta property=\"og:locale\" content=\"de_DE\" \/>\n<meta property=\"og:type\" content=\"article\" \/>\n<meta property=\"og:title\" content=\"Unsere Werte - Colt Technology Services | DE\" \/>\n<meta property=\"og:description\" content=\"Die Einstellung unserer Mitarbeiter, ihrer Verhaltensweisen und ihrer Arbeitsweisen basieren auf einem einfachen, aber wirkungsvollen Wertekonzept.\" \/>\n<meta property=\"og:url\" content=\"https:\/\/legacy.colt.net\/de\/about\/our-values\/\" \/>\n<meta property=\"og:site_name\" content=\"Colt Technology Services\" \/>\n<meta property=\"article:publisher\" content=\"https:\/\/www.facebook.com\/ColtTechnologyServices\/\" \/>\n<meta property=\"article:modified_time\" content=\"2023-02-13T14:42:15+00:00\" \/>\n<meta property=\"og:image\" content=\"https:\/\/legacy.colt.net\/wp-content\/uploads\/2021\/01\/Brand-2021-Stock-22.jpg\" \/>\n\t<meta property=\"og:image:width\" content=\"1000\" \/>\n\t<meta property=\"og:image:height\" content=\"667\" \/>\n\t<meta property=\"og:image:type\" content=\"image\/jpeg\" \/>\n<meta name=\"twitter:card\" content=\"summary_large_image\" \/>\n<meta name=\"twitter:site\" content=\"@colt_technology\" \/>\n<meta name=\"twitter:label1\" content=\"Est. reading time\" \/>\n\t<meta name=\"twitter:data1\" content=\"1 minute\" \/>\n<script type=\"application\/ld+json\" class=\"yoast-schema-graph\">{\"@context\":\"https:\/\/schema.org\",\"@graph\":[{\"@type\":\"WebPage\",\"@id\":\"https:\/\/legacy.colt.net\/de\/about\/our-values\/\",\"url\":\"https:\/\/legacy.colt.net\/de\/about\/our-values\/\",\"name\":\"Unsere Werte - Colt Technology Services | DE\",\"isPartOf\":{\"@id\":\"https:\/\/legacy.colt.net\/#website\"},\"primaryImageOfPage\":{\"@id\":\"https:\/\/legacy.colt.net\/de\/about\/our-values\/#primaryimage\"},\"image\":{\"@id\":\"https:\/\/legacy.colt.net\/de\/about\/our-values\/#primaryimage\"},\"thumbnailUrl\":\"https:\/\/legacy.colt.net\/wp-content\/uploads\/2021\/07\/We-know-people-matter-Icon-landscape.png\",\"datePublished\":\"2015-02-10T10:44:04+00:00\",\"dateModified\":\"2023-02-13T14:42:15+00:00\",\"description\":\"Die Einstellung unserer Mitarbeiter, ihrer Verhaltensweisen und ihrer Arbeitsweisen basieren auf einem einfachen, aber wirkungsvollen Wertekonzept.\",\"breadcrumb\":{\"@id\":\"https:\/\/legacy.colt.net\/de\/about\/our-values\/#breadcrumb\"},\"inLanguage\":\"de-DE\",\"potentialAction\":[{\"@type\":\"ReadAction\",\"target\":[\"https:\/\/legacy.colt.net\/de\/about\/our-values\/\"]}]},{\"@type\":\"ImageObject\",\"inLanguage\":\"de-DE\",\"@id\":\"https:\/\/legacy.colt.net\/de\/about\/our-values\/#primaryimage\",\"url\":\"https:\/\/legacy.colt.net\/wp-content\/uploads\/2021\/07\/We-know-people-matter-Icon-landscape.png\",\"contentUrl\":\"https:\/\/legacy.colt.net\/wp-content\/uploads\/2021\/07\/We-know-people-matter-Icon-landscape.png\"},{\"@type\":\"BreadcrumbList\",\"@id\":\"https:\/\/legacy.colt.net\/de\/about\/our-values\/#breadcrumb\",\"itemListElement\":[{\"@type\":\"ListItem\",\"position\":1,\"name\":\"Home\",\"item\":\"https:\/\/legacy.colt.net\/de\/\"},{\"@type\":\"ListItem\",\"position\":2,\"name\":\"\u00dcber Colt\",\"item\":\"https:\/\/legacy.colt.net\/de\/about\/\"},{\"@type\":\"ListItem\",\"position\":3,\"name\":\"Unsere Werte\"}]},{\"@type\":\"WebSite\",\"@id\":\"https:\/\/legacy.colt.net\/#website\",\"url\":\"https:\/\/legacy.colt.net\/\",\"name\":\"Colt\u30c6\u30af\u30ce\u30ed\u30b8\u30fc\u30b5\u30fc\u30d3\u30b9\u682a\u5f0f\u4f1a\u793e\",\"description\":\"Managed Network &amp; Voice Services Provider\",\"publisher\":{\"@id\":\"https:\/\/legacy.colt.net\/#organization\"},\"potentialAction\":[{\"@type\":\"SearchAction\",\"target\":{\"@type\":\"EntryPoint\",\"urlTemplate\":\"https:\/\/legacy.colt.net\/?s={search_term_string}\"},\"query-input\":{\"@type\":\"PropertyValueSpecification\",\"valueRequired\":true,\"valueName\":\"search_term_string\"}}],\"inLanguage\":\"de-DE\"},{\"@type\":\"Organization\",\"@id\":\"https:\/\/legacy.colt.net\/#organization\",\"name\":\"Colt Technology Services\",\"url\":\"https:\/\/legacy.colt.net\/\",\"logo\":{\"@type\":\"ImageObject\",\"inLanguage\":\"de-DE\",\"@id\":\"https:\/\/legacy.colt.net\/#\/schema\/logo\/image\/\",\"url\":\"https:\/\/legacy.colt.net\/wp-content\/uploads\/2019\/02\/Colt-Logo.png\",\"contentUrl\":\"https:\/\/legacy.colt.net\/wp-content\/uploads\/2019\/02\/Colt-Logo.png\",\"width\":195,\"height\":77,\"caption\":\"Colt Technology Services\"},\"image\":{\"@id\":\"https:\/\/legacy.colt.net\/#\/schema\/logo\/image\/\"},\"sameAs\":[\"https:\/\/www.facebook.com\/ColtTechnologyServices\/\",\"https:\/\/x.com\/colt_technology\",\"https:\/\/www.instagram.com\/colttechnologyservices\/\",\"https:\/\/www.linkedin.com\/company\/colt-technology-services\",\"https:\/\/www.youtube.com\/user\/ColtTechnology\"]}]}<\/script>\n<!-- \/ Yoast SEO plugin. -->","yoast_head_json":{"title":"Unsere Werte - Colt Technology Services | DE","description":"Die Einstellung unserer Mitarbeiter, ihrer Verhaltensweisen und ihrer Arbeitsweisen basieren auf einem einfachen, aber wirkungsvollen Wertekonzept.","robots":{"index":"noindex","follow":"follow","max-snippet":"max-snippet:-1","max-image-preview":"max-image-preview:large","max-video-preview":"max-video-preview:-1"},"og_locale":"de_DE","og_type":"article","og_title":"Unsere Werte - Colt Technology Services | DE","og_description":"Die Einstellung unserer Mitarbeiter, ihrer Verhaltensweisen und ihrer Arbeitsweisen basieren auf einem einfachen, aber wirkungsvollen Wertekonzept.","og_url":"https:\/\/legacy.colt.net\/de\/about\/our-values\/","og_site_name":"Colt Technology Services","article_publisher":"https:\/\/www.facebook.com\/ColtTechnologyServices\/","article_modified_time":"2023-02-13T14:42:15+00:00","og_image":[{"width":1000,"height":667,"url":"https:\/\/legacy.colt.net\/wp-content\/uploads\/2021\/01\/Brand-2021-Stock-22.jpg","type":"image\/jpeg"}],"twitter_card":"summary_large_image","twitter_site":"@colt_technology","twitter_misc":{"Est. reading time":"1 minute"},"schema":{"@context":"https:\/\/schema.org","@graph":[{"@type":"WebPage","@id":"https:\/\/legacy.colt.net\/de\/about\/our-values\/","url":"https:\/\/legacy.colt.net\/de\/about\/our-values\/","name":"Unsere Werte - Colt Technology Services | DE","isPartOf":{"@id":"https:\/\/legacy.colt.net\/#website"},"primaryImageOfPage":{"@id":"https:\/\/legacy.colt.net\/de\/about\/our-values\/#primaryimage"},"image":{"@id":"https:\/\/legacy.colt.net\/de\/about\/our-values\/#primaryimage"},"thumbnailUrl":"https:\/\/legacy.colt.net\/wp-content\/uploads\/2021\/07\/We-know-people-matter-Icon-landscape.png","datePublished":"2015-02-10T10:44:04+00:00","dateModified":"2023-02-13T14:42:15+00:00","description":"Die Einstellung unserer Mitarbeiter, ihrer Verhaltensweisen und ihrer Arbeitsweisen basieren auf einem einfachen, aber wirkungsvollen Wertekonzept.","breadcrumb":{"@id":"https:\/\/legacy.colt.net\/de\/about\/our-values\/#breadcrumb"},"inLanguage":"de-DE","potentialAction":[{"@type":"ReadAction","target":["https:\/\/legacy.colt.net\/de\/about\/our-values\/"]}]},{"@type":"ImageObject","inLanguage":"de-DE","@id":"https:\/\/legacy.colt.net\/de\/about\/our-values\/#primaryimage","url":"https:\/\/legacy.colt.net\/wp-content\/uploads\/2021\/07\/We-know-people-matter-Icon-landscape.png","contentUrl":"https:\/\/legacy.colt.net\/wp-content\/uploads\/2021\/07\/We-know-people-matter-Icon-landscape.png"},{"@type":"BreadcrumbList","@id":"https:\/\/legacy.colt.net\/de\/about\/our-values\/#breadcrumb","itemListElement":[{"@type":"ListItem","position":1,"name":"Home","item":"https:\/\/legacy.colt.net\/de\/"},{"@type":"ListItem","position":2,"name":"\u00dcber Colt","item":"https:\/\/legacy.colt.net\/de\/about\/"},{"@type":"ListItem","position":3,"name":"Unsere Werte"}]},{"@type":"WebSite","@id":"https:\/\/legacy.colt.net\/#website","url":"https:\/\/legacy.colt.net\/","name":"Colt\u30c6\u30af\u30ce\u30ed\u30b8\u30fc\u30b5\u30fc\u30d3\u30b9\u682a\u5f0f\u4f1a\u793e","description":"Managed Network &amp; Voice Services Provider","publisher":{"@id":"https:\/\/legacy.colt.net\/#organization"},"potentialAction":[{"@type":"SearchAction","target":{"@type":"EntryPoint","urlTemplate":"https:\/\/legacy.colt.net\/?s={search_term_string}"},"query-input":{"@type":"PropertyValueSpecification","valueRequired":true,"valueName":"search_term_string"}}],"inLanguage":"de-DE"},{"@type":"Organization","@id":"https:\/\/legacy.colt.net\/#organization","name":"Colt Technology Services","url":"https:\/\/legacy.colt.net\/","logo":{"@type":"ImageObject","inLanguage":"de-DE","@id":"https:\/\/legacy.colt.net\/#\/schema\/logo\/image\/","url":"https:\/\/legacy.colt.net\/wp-content\/uploads\/2019\/02\/Colt-Logo.png","contentUrl":"https:\/\/legacy.colt.net\/wp-content\/uploads\/2019\/02\/Colt-Logo.png","width":195,"height":77,"caption":"Colt Technology Services"},"image":{"@id":"https:\/\/legacy.colt.net\/#\/schema\/logo\/image\/"},"sameAs":["https:\/\/www.facebook.com\/ColtTechnologyServices\/","https:\/\/x.com\/colt_technology","https:\/\/www.instagram.com\/colttechnologyservices\/","https:\/\/www.linkedin.com\/company\/colt-technology-services","https:\/\/www.youtube.com\/user\/ColtTechnology"]}]}},"_links":{"self":[{"href":"https:\/\/legacy.colt.net\/de\/wp-json\/wp\/v2\/pages\/35715","targetHints":{"allow":["GET"]}}],"collection":[{"href":"https:\/\/legacy.colt.net\/de\/wp-json\/wp\/v2\/pages"}],"about":[{"href":"https:\/\/legacy.colt.net\/de\/wp-json\/wp\/v2\/types\/page"}],"author":[{"embeddable":true,"href":"https:\/\/legacy.colt.net\/de\/wp-json\/wp\/v2\/users\/2"}],"replies":[{"embeddable":true,"href":"https:\/\/legacy.colt.net\/de\/wp-json\/wp\/v2\/comments?post=35715"}],"version-history":[{"count":0,"href":"https:\/\/legacy.colt.net\/de\/wp-json\/wp\/v2\/pages\/35715\/revisions"}],"up":[{"embeddable":true,"href":"https:\/\/legacy.colt.net\/de\/wp-json\/wp\/v2\/pages\/35617"}],"wp:attachment":[{"href":"https:\/\/legacy.colt.net\/de\/wp-json\/wp\/v2\/media?parent=35715"}],"wp:term":[{"taxonomy":"colt_type","embeddable":true,"href":"https:\/\/legacy.colt.net\/de\/wp-json\/wp\/v2\/colt_type?post=35715"},{"taxonomy":"colt_products","embeddable":true,"href":"https:\/\/legacy.colt.net\/de\/wp-json\/wp\/v2\/colt_products?post=35715"}],"curies":[{"name":"wp","href":"https:\/\/api.w.org\/{rel}","templated":true}]}}