{"id":35625,"date":"2017-03-13T16:41:10","date_gmt":"2017-03-13T16:41:10","guid":{"rendered":"https:\/\/www.colt.net\/what-we-do\/"},"modified":"2021-01-28T09:34:38","modified_gmt":"2021-01-28T09:34:38","slug":"what-we-do","status":"publish","type":"page","link":"https:\/\/legacy.colt.net\/de\/what-we-do\/","title":{"rendered":"Unsere IT Netzwerk Dienstleistungen"},"content":{"rendered":"\n<h1>\n\t<\/h1>\n\t<nav class=\"breadcrumb\"><span><span><a href=\"https:\/\/legacy.colt.net\/de\/\">Home<\/a><\/span><\/span><\/nav>\n\t<p>Colt setzt neue Standards bei IT Netzwerk- und Voice-Dienstleistungen mit hoher Bandbreite f\u00fcr Unternehmen und Wholesale-Kunden in Europa, Asien und den Wirtschaftszentren in Nordamerika. Durch fundierte lokale Marktkompetenz und globale Pr\u00e4senz bedient Colt anspruchsvolle Anforderungsprofile und bietet dabei individuellen Service.<\/p>\n<p>Durch sein eigenes intelligentes Netz, das Colt IQ Network, das vollst\u00e4ndig in die Cloud integriert ist, unterst\u00fctzt Colt Unternehmen bei ihrer\u00a0<a href=\"https:\/\/legacy.colt.net\/de\/resources\/digitalisierung-ist-eine-reise-nicht-ein-ziel\/\">digitalen Transformation<\/a>. Weltweit sind bereits mehr als 900 Rechenzentren sowie mehr als 27.500 Geb\u00e4ude direkt an das Colt IQ Network angeschlossen und der Ausbau wird kontinuierlich fortgef\u00fchrt. Colt ist Innovationsf\u00fchrer beim Thema Software-Defined Networking (SDN) und Network Functions Virtualization (NFV).<\/p>\n<p>Wir liefern eine einheitliche, konsequente Servicequalit\u00e4t &#8211; in Europa, Asien und Nordamerika. Basis daf\u00fcr ist eine einheitliche Plattform. Diese entlastet unsere Firmenkunden von den technischen Details der Digitalisierung. So k\u00f6nnen sie sich auf ihre gesch\u00e4ftlichen Priorit\u00e4ten und die Eroberung neuer M\u00e4rkte konzentrieren.<\/p>\n<p>Auf Colt k\u00f6nnen Sie sich verlassen. Wir versorgen mittelst\u00e4ndische Firmen, gro\u00dfe Konzerne und datenintensive Unternehmen seit \u00fcber zwei Jahrzehnten mit zuverl\u00e4ssigen L\u00f6sungen in den Bereichen Netzwerktechnik und Telefonie. Au\u00dferdem optimieren wir die Performance von Kapitalmarktkunden weltweit.<\/p>\n<p>Ihre Netzwerkinfrastruktur folgt Ihnen ganz einfach: Konditionen, Management und Service-Levels bleiben einheitlich. Sie entscheiden selbst, wie Sie die beauftragten Dienste nutzen.<\/p>\n\t\t\t\t<img loading=\"lazy\" decoding=\"async\" src=\"https:\/\/legacy.colt.net\/wp-content\/uploads\/2019\/02\/0B4A8089-500x333.jpg\" alt=\"0B4A8089-500x333\" itemprop=\"image\" height=\"333\" width=\"500\" title=\"0B4A8089-500x333\" onerror=\"this.style.display='none'\"  \/>\n\t\n\n","protected":false},"excerpt":{"rendered":"<p>Colt setzt neue Standards bei IT Netzwerk- und Voice-Dienstleistungen mit hoher Bandbreite f\u00fcr Unternehmen und Wholesale-Kunden in Europa, Asien und den Wirtschaftszentren in Nordamerika. Durch fundierte lokale Marktkompetenz und globale Pr\u00e4senz bedient Colt anspruchsvolle Anforderungsprofile und bietet dabei individuellen Service. Durch sein eigenes intelligentes Netz, das Colt IQ Network, das vollst\u00e4ndig in die Cloud integriert&#8230;<\/p>\n","protected":false},"author":2,"featured_media":0,"parent":0,"menu_order":0,"comment_status":"closed","ping_status":"closed","template":"","meta":{"_acf_changed":false,"footnotes":""},"colt_type":[],"colt_products":[],"class_list":["post-35625","page","type-page","status-publish","hentry"],"acf":[],"yoast_head":"<!-- This site is optimized with the Yoast SEO plugin v26.8 - https:\/\/yoast.com\/product\/yoast-seo-wordpress\/ -->\n<title>IT Netzwerk Dienstleistungen &amp; Intelligente Netze | Colt | DE<\/title>\n<meta name=\"description\" content=\"Erfahren Sie, wie Colt neue Standards bei IT Netzwerk Dienstleistungen mit hoher Bandbreite setzt. Durch lokale Marktkompetenz und intelligente Netze bedient Colt anspruchsvolle Anforderungsprofile.\" \/>\n<meta name=\"robots\" content=\"noindex, follow, max-snippet:-1, max-image-preview:large, max-video-preview:-1\" \/>\n<meta property=\"og:locale\" content=\"de_DE\" \/>\n<meta property=\"og:type\" content=\"article\" \/>\n<meta property=\"og:title\" content=\"IT Netzwerk Dienstleistungen &amp; Intelligente Netze | Colt | DE\" \/>\n<meta property=\"og:description\" content=\"Erfahren Sie, wie Colt neue Standards bei IT Netzwerk Dienstleistungen mit hoher Bandbreite setzt. Durch lokale Marktkompetenz und intelligente Netze bedient Colt anspruchsvolle Anforderungsprofile.\" \/>\n<meta property=\"og:url\" content=\"https:\/\/legacy.colt.net\/de\/what-we-do\/\" \/>\n<meta property=\"og:site_name\" content=\"Colt Technology Services\" \/>\n<meta property=\"article:publisher\" content=\"https:\/\/www.facebook.com\/ColtTechnologyServices\/\" \/>\n<meta property=\"article:modified_time\" content=\"2021-01-28T09:34:38+00:00\" \/>\n<meta property=\"og:image\" content=\"https:\/\/legacy.colt.net\/wp-content\/uploads\/2021\/01\/Brand-2021-Stock-32.jpg\" \/>\n\t<meta property=\"og:image:width\" content=\"1000\" \/>\n\t<meta property=\"og:image:height\" content=\"667\" \/>\n\t<meta property=\"og:image:type\" content=\"image\/jpeg\" \/>\n<meta name=\"twitter:card\" content=\"summary_large_image\" \/>\n<meta name=\"twitter:site\" content=\"@colt_technology\" \/>\n<meta name=\"twitter:label1\" content=\"Est. reading time\" \/>\n\t<meta name=\"twitter:data1\" content=\"1 minute\" \/>\n<script type=\"application\/ld+json\" class=\"yoast-schema-graph\">{\"@context\":\"https:\/\/schema.org\",\"@graph\":[{\"@type\":\"WebPage\",\"@id\":\"https:\/\/legacy.colt.net\/de\/what-we-do\/\",\"url\":\"https:\/\/legacy.colt.net\/de\/what-we-do\/\",\"name\":\"IT Netzwerk Dienstleistungen & Intelligente Netze | Colt | DE\",\"isPartOf\":{\"@id\":\"https:\/\/legacy.colt.net\/#website\"},\"primaryImageOfPage\":{\"@id\":\"https:\/\/legacy.colt.net\/de\/what-we-do\/#primaryimage\"},\"image\":{\"@id\":\"https:\/\/legacy.colt.net\/de\/what-we-do\/#primaryimage\"},\"thumbnailUrl\":\"https:\/\/legacy.colt.net\/wp-content\/uploads\/2019\/02\/0B4A8089-500x333.jpg\",\"datePublished\":\"2017-03-13T16:41:10+00:00\",\"dateModified\":\"2021-01-28T09:34:38+00:00\",\"description\":\"Erfahren Sie, wie Colt neue Standards bei IT Netzwerk Dienstleistungen mit hoher Bandbreite setzt. Durch lokale Marktkompetenz und intelligente Netze bedient Colt anspruchsvolle Anforderungsprofile.\",\"breadcrumb\":{\"@id\":\"https:\/\/legacy.colt.net\/de\/what-we-do\/#breadcrumb\"},\"inLanguage\":\"de-DE\",\"potentialAction\":[{\"@type\":\"ReadAction\",\"target\":[\"https:\/\/legacy.colt.net\/de\/what-we-do\/\"]}]},{\"@type\":\"ImageObject\",\"inLanguage\":\"de-DE\",\"@id\":\"https:\/\/legacy.colt.net\/de\/what-we-do\/#primaryimage\",\"url\":\"https:\/\/legacy.colt.net\/wp-content\/uploads\/2019\/02\/0B4A8089-500x333.jpg\",\"contentUrl\":\"https:\/\/legacy.colt.net\/wp-content\/uploads\/2019\/02\/0B4A8089-500x333.jpg\"},{\"@type\":\"BreadcrumbList\",\"@id\":\"https:\/\/legacy.colt.net\/de\/what-we-do\/#breadcrumb\",\"itemListElement\":[{\"@type\":\"ListItem\",\"position\":1,\"name\":\"Home\",\"item\":\"https:\/\/legacy.colt.net\/de\/\"},{\"@type\":\"ListItem\",\"position\":2,\"name\":\"Unsere IT Netzwerk Dienstleistungen\"}]},{\"@type\":\"WebSite\",\"@id\":\"https:\/\/legacy.colt.net\/#website\",\"url\":\"https:\/\/legacy.colt.net\/\",\"name\":\"Colt\u30c6\u30af\u30ce\u30ed\u30b8\u30fc\u30b5\u30fc\u30d3\u30b9\u682a\u5f0f\u4f1a\u793e\",\"description\":\"Managed Network &amp; Voice Services Provider\",\"publisher\":{\"@id\":\"https:\/\/legacy.colt.net\/#organization\"},\"potentialAction\":[{\"@type\":\"SearchAction\",\"target\":{\"@type\":\"EntryPoint\",\"urlTemplate\":\"https:\/\/legacy.colt.net\/?s={search_term_string}\"},\"query-input\":{\"@type\":\"PropertyValueSpecification\",\"valueRequired\":true,\"valueName\":\"search_term_string\"}}],\"inLanguage\":\"de-DE\"},{\"@type\":\"Organization\",\"@id\":\"https:\/\/legacy.colt.net\/#organization\",\"name\":\"Colt Technology Services\",\"url\":\"https:\/\/legacy.colt.net\/\",\"logo\":{\"@type\":\"ImageObject\",\"inLanguage\":\"de-DE\",\"@id\":\"https:\/\/legacy.colt.net\/#\/schema\/logo\/image\/\",\"url\":\"https:\/\/legacy.colt.net\/wp-content\/uploads\/2019\/02\/Colt-Logo.png\",\"contentUrl\":\"https:\/\/legacy.colt.net\/wp-content\/uploads\/2019\/02\/Colt-Logo.png\",\"width\":195,\"height\":77,\"caption\":\"Colt Technology Services\"},\"image\":{\"@id\":\"https:\/\/legacy.colt.net\/#\/schema\/logo\/image\/\"},\"sameAs\":[\"https:\/\/www.facebook.com\/ColtTechnologyServices\/\",\"https:\/\/x.com\/colt_technology\",\"https:\/\/www.instagram.com\/colttechnologyservices\/\",\"https:\/\/www.linkedin.com\/company\/colt-technology-services\",\"https:\/\/www.youtube.com\/user\/ColtTechnology\"]}]}<\/script>\n<!-- \/ Yoast SEO plugin. -->","yoast_head_json":{"title":"IT Netzwerk Dienstleistungen & Intelligente Netze | Colt | DE","description":"Erfahren Sie, wie Colt neue Standards bei IT Netzwerk Dienstleistungen mit hoher Bandbreite setzt. Durch lokale Marktkompetenz und intelligente Netze bedient Colt anspruchsvolle Anforderungsprofile.","robots":{"index":"noindex","follow":"follow","max-snippet":"max-snippet:-1","max-image-preview":"max-image-preview:large","max-video-preview":"max-video-preview:-1"},"og_locale":"de_DE","og_type":"article","og_title":"IT Netzwerk Dienstleistungen & Intelligente Netze | Colt | DE","og_description":"Erfahren Sie, wie Colt neue Standards bei IT Netzwerk Dienstleistungen mit hoher Bandbreite setzt. Durch lokale Marktkompetenz und intelligente Netze bedient Colt anspruchsvolle Anforderungsprofile.","og_url":"https:\/\/legacy.colt.net\/de\/what-we-do\/","og_site_name":"Colt Technology Services","article_publisher":"https:\/\/www.facebook.com\/ColtTechnologyServices\/","article_modified_time":"2021-01-28T09:34:38+00:00","og_image":[{"width":1000,"height":667,"url":"https:\/\/legacy.colt.net\/wp-content\/uploads\/2021\/01\/Brand-2021-Stock-32.jpg","type":"image\/jpeg"}],"twitter_card":"summary_large_image","twitter_site":"@colt_technology","twitter_misc":{"Est. reading time":"1 minute"},"schema":{"@context":"https:\/\/schema.org","@graph":[{"@type":"WebPage","@id":"https:\/\/legacy.colt.net\/de\/what-we-do\/","url":"https:\/\/legacy.colt.net\/de\/what-we-do\/","name":"IT Netzwerk Dienstleistungen & Intelligente Netze | Colt | DE","isPartOf":{"@id":"https:\/\/legacy.colt.net\/#website"},"primaryImageOfPage":{"@id":"https:\/\/legacy.colt.net\/de\/what-we-do\/#primaryimage"},"image":{"@id":"https:\/\/legacy.colt.net\/de\/what-we-do\/#primaryimage"},"thumbnailUrl":"https:\/\/legacy.colt.net\/wp-content\/uploads\/2019\/02\/0B4A8089-500x333.jpg","datePublished":"2017-03-13T16:41:10+00:00","dateModified":"2021-01-28T09:34:38+00:00","description":"Erfahren Sie, wie Colt neue Standards bei IT Netzwerk Dienstleistungen mit hoher Bandbreite setzt. Durch lokale Marktkompetenz und intelligente Netze bedient Colt anspruchsvolle Anforderungsprofile.","breadcrumb":{"@id":"https:\/\/legacy.colt.net\/de\/what-we-do\/#breadcrumb"},"inLanguage":"de-DE","potentialAction":[{"@type":"ReadAction","target":["https:\/\/legacy.colt.net\/de\/what-we-do\/"]}]},{"@type":"ImageObject","inLanguage":"de-DE","@id":"https:\/\/legacy.colt.net\/de\/what-we-do\/#primaryimage","url":"https:\/\/legacy.colt.net\/wp-content\/uploads\/2019\/02\/0B4A8089-500x333.jpg","contentUrl":"https:\/\/legacy.colt.net\/wp-content\/uploads\/2019\/02\/0B4A8089-500x333.jpg"},{"@type":"BreadcrumbList","@id":"https:\/\/legacy.colt.net\/de\/what-we-do\/#breadcrumb","itemListElement":[{"@type":"ListItem","position":1,"name":"Home","item":"https:\/\/legacy.colt.net\/de\/"},{"@type":"ListItem","position":2,"name":"Unsere IT Netzwerk Dienstleistungen"}]},{"@type":"WebSite","@id":"https:\/\/legacy.colt.net\/#website","url":"https:\/\/legacy.colt.net\/","name":"Colt\u30c6\u30af\u30ce\u30ed\u30b8\u30fc\u30b5\u30fc\u30d3\u30b9\u682a\u5f0f\u4f1a\u793e","description":"Managed Network &amp; Voice Services Provider","publisher":{"@id":"https:\/\/legacy.colt.net\/#organization"},"potentialAction":[{"@type":"SearchAction","target":{"@type":"EntryPoint","urlTemplate":"https:\/\/legacy.colt.net\/?s={search_term_string}"},"query-input":{"@type":"PropertyValueSpecification","valueRequired":true,"valueName":"search_term_string"}}],"inLanguage":"de-DE"},{"@type":"Organization","@id":"https:\/\/legacy.colt.net\/#organization","name":"Colt Technology Services","url":"https:\/\/legacy.colt.net\/","logo":{"@type":"ImageObject","inLanguage":"de-DE","@id":"https:\/\/legacy.colt.net\/#\/schema\/logo\/image\/","url":"https:\/\/legacy.colt.net\/wp-content\/uploads\/2019\/02\/Colt-Logo.png","contentUrl":"https:\/\/legacy.colt.net\/wp-content\/uploads\/2019\/02\/Colt-Logo.png","width":195,"height":77,"caption":"Colt Technology Services"},"image":{"@id":"https:\/\/legacy.colt.net\/#\/schema\/logo\/image\/"},"sameAs":["https:\/\/www.facebook.com\/ColtTechnologyServices\/","https:\/\/x.com\/colt_technology","https:\/\/www.instagram.com\/colttechnologyservices\/","https:\/\/www.linkedin.com\/company\/colt-technology-services","https:\/\/www.youtube.com\/user\/ColtTechnology"]}]}},"_links":{"self":[{"href":"https:\/\/legacy.colt.net\/de\/wp-json\/wp\/v2\/pages\/35625","targetHints":{"allow":["GET"]}}],"collection":[{"href":"https:\/\/legacy.colt.net\/de\/wp-json\/wp\/v2\/pages"}],"about":[{"href":"https:\/\/legacy.colt.net\/de\/wp-json\/wp\/v2\/types\/page"}],"author":[{"embeddable":true,"href":"https:\/\/legacy.colt.net\/de\/wp-json\/wp\/v2\/users\/2"}],"replies":[{"embeddable":true,"href":"https:\/\/legacy.colt.net\/de\/wp-json\/wp\/v2\/comments?post=35625"}],"version-history":[{"count":0,"href":"https:\/\/legacy.colt.net\/de\/wp-json\/wp\/v2\/pages\/35625\/revisions"}],"wp:attachment":[{"href":"https:\/\/legacy.colt.net\/de\/wp-json\/wp\/v2\/media?parent=35625"}],"wp:term":[{"taxonomy":"colt_type","embeddable":true,"href":"https:\/\/legacy.colt.net\/de\/wp-json\/wp\/v2\/colt_type?post=35625"},{"taxonomy":"colt_products","embeddable":true,"href":"https:\/\/legacy.colt.net\/de\/wp-json\/wp\/v2\/colt_products?post=35625"}],"curies":[{"name":"wp","href":"https:\/\/api.w.org\/{rel}","templated":true}]}}