{"id":35617,"date":"2019-03-08T15:48:28","date_gmt":"2019-03-08T15:48:28","guid":{"rendered":"https:\/\/www.colt.net\/about-colt-technology-services\/"},"modified":"2025-07-15T14:13:42","modified_gmt":"2025-07-15T13:13:42","slug":"about","status":"publish","type":"page","link":"https:\/\/legacy.colt.net\/de\/about\/","title":{"rendered":"\u00dcber Colt"},"content":{"rendered":"\n<h2>\n\t\t\tColt ist der globale digitale Infrastrukturanbieter mit individueller Betreuung und pers\u00f6nlicher Note f\u00fcr Extraordinary Connections.  \t<\/h2>\n<h2>\n\t\t\tWir bringen weltweit au\u00dfergew\u00f6hnliche Menschen, intelligente Netzwerke und engagierte Partner zusammen, damit sie alle M\u00f6glichkeiten des digitalen Universums nutzen k\u00f6nnen.\t<\/h2>\n\t<nav class=\"breadcrumb\"><span><span><a href=\"https:\/\/legacy.colt.net\/de\/\">Home<\/a><\/span><\/span><\/nav>\n<h3>\n\t\t\t\u00dcber Colt\t<\/h3>\nMit dem Colt IQ Network erhalten Sie eine digitale Infrastruktur nach Ma\u00df und alle Services, die Ihr Unternehmen am Laufen halten.\nUnser Ziel ist es, f\u00fchrende Unternehmen f\u00fcr uns zu begeistern. Das erreichen wir durch maximale Kundenorientierung. Schon heute macht uns da niemand etwas vor, aber wir werden noch besser.\nSo schaffen wir Extraordinary Connections f\u00fcr Kunden, Partner und Mitarbeiter &#8211; weltweit.\n\t\t\t\t<img decoding=\"async\" src=\"https:\/\/legacy.colt.net\/wp-content\/uploads\/2022\/07\/Colt-IQ-network-Logo_Social-2-copy.png\" alt=\"Colt-IQ-network-Logo_Social 2 copy\" itemprop=\"image\" height=\"632\" width=\"559\" title=\"Colt-IQ-network-Logo_Social 2 copy\" onerror=\"this.style.display='none'\" loading='lazy' \/>\n<h3>\n\t\t\tDas zeichnet Colt aus\t<\/h3>\n\t\t\t\t<img decoding=\"async\" src=\"https:\/\/legacy.colt.net\/wp-content\/uploads\/2023\/01\/Tech-and-Sustainability-icon-1.png\" alt=\"Tech-and-Sustainability-icon-1\" itemprop=\"image\" height=\"500\" width=\"500\" title=\"Tech-and-Sustainability-icon-1\" onerror=\"this.style.display='none'\" loading='lazy' \/>\n<h2>\n\t\t\tNeue Ma\u00dfst\u00e4be f\u00fcr Technologie und Nachhaltigkeit\t<\/h2>\n\t\t\t\t<img decoding=\"async\" src=\"https:\/\/legacy.colt.net\/wp-content\/uploads\/2023\/01\/Billiant-People-icon-1.png\" alt=\"Billiant-People-icon-1\" itemprop=\"image\" height=\"500\" width=\"500\" title=\"Billiant-People-icon-1\" onerror=\"this.style.display='none'\" loading='lazy' \/>\n<h2>\n\t\t\tHervorragende Mitarbeiter bieten Ihnen erstklassigen Service\t<\/h2>\n\t\t\t\t<img decoding=\"async\" src=\"https:\/\/legacy.colt.net\/wp-content\/uploads\/2023\/01\/Partner-icon-1.png\" alt=\"Partner-icon-1\" itemprop=\"image\" height=\"500\" width=\"500\" title=\"Partner-icon-1\" onerror=\"this.style.display='none'\" loading='lazy' \/>\n<h2>\n\t\t\tGemeinsam sind wir st\u00e4rker &#8211; geniale L\u00f6sungen mit genialen Partnern\t<\/h2>\n\t\t\t\t<img decoding=\"async\" src=\"https:\/\/legacy.colt.net\/wp-content\/uploads\/2023\/01\/World-Class-Network-icon-1.png\" alt=\"World-Class-Network-icon-1\" itemprop=\"image\" height=\"500\" width=\"500\" title=\"World-Class-Network-icon-1\" onerror=\"this.style.display='none'\" loading='lazy' \/>\n<h2>\n\t\t\tEin Weltklasse Netzwerk f\u00fcr Ihren Unternehmen-serfolg\t<\/h2>\n\t\t\t\t<img decoding=\"async\" src=\"https:\/\/legacy.colt.net\/wp-content\/uploads\/2023\/01\/Impact-Our-World-icon-1.png\" alt=\"Impact-Our-World-icon-1\" itemprop=\"image\" height=\"500\" width=\"500\" title=\"Impact-Our-World-icon-1\" onerror=\"this.style.display='none'\" loading='lazy' \/>\n<h2>\n\t\t\tWegweisende Ideen f\u00fcr unsere Kunden und dar\u00fcber hinaus\t<\/h2>\n<h3>\n\t\t\tUnsere Prinzipien\t<\/h3>\n\tWir haben einen gemeinsamen Satz von Werten, die das Herzst\u00fcck unserer Gesch\u00e4ftst\u00e4tigkeit bilden. Diese Werte bestimmen nicht nur, was wir tun, sondern auch, wie wir es tun. Mehr Informationen zu <a href=\"https:\/\/legacy.colt.net\/de\/about\/values\/\">unseren Werten.<\/a>\n\t\t\t\t<img decoding=\"async\" src=\"https:\/\/legacy.colt.net\/wp-content\/uploads\/2021\/07\/We-know-people-matter-Icon-landscape.png\" alt=\"We-know-people-matter-Icon-landscape\" itemprop=\"image\" height=\"420\" width=\"600\" title=\"We-know-people-matter-Icon-landscape\" onerror=\"this.style.display='none'\" loading='lazy' \/>\n<h2>\n\t\t\tAuf das Team kommt es an\t<\/h2>\n\t<p>Ob es sich um einen Kunden, einen Partner oder einen Mitarbeiter handelt, wir bauen Beziehungen auf, die auf Vertrauen, Ehrlichkeit, Respekt und Integrit\u00e4t basieren.<\/p>\n\t\t\t\t<img decoding=\"async\" src=\"https:\/\/legacy.colt.net\/wp-content\/uploads\/2021\/07\/We-always-find-a-better-way-Icon-landscape.png\" alt=\"We-always-find-a-better-way-Icon-landscape\" itemprop=\"image\" height=\"420\" width=\"600\" title=\"We-always-find-a-better-way-Icon-landscape\" onerror=\"this.style.display='none'\" loading='lazy' \/>\n<h2>\n\t\t\tWir finden Alternativen\t<\/h2>\n\t<p>Indem wir immer einen Schritt voraus sind, versetzen wir unsere Kunden in die Lage, durch die Kraft der Konnektivit\u00e4t erfolgreich zu sein. Wir passen uns schnell an und \u00fcbernehmen die Verantwortung f\u00fcr unsere Versprechen.<\/p>\n\t\t\t\t<img decoding=\"async\" src=\"https:\/\/legacy.colt.net\/wp-content\/uploads\/2021\/07\/We-win-together-Icon-landscape.png\" alt=\"We-win-together-Icon-landscape\" itemprop=\"image\" height=\"420\" width=\"600\" title=\"We-win-together-Icon-landscape\" onerror=\"this.style.display='none'\" loading='lazy' \/>\n<h2>\n\t\t\tGemeinsam zum Erfolg\t<\/h2>\n\t<p>Wir glauben an die Kraft vieler und stehen Schulter an Schulter mit Kunden, Partnern und Kollegen, die gemeinsam an Ideen arbeiten, Risiken teilen und Anerkennung unter allen finden.<\/p>\n\t\t\t\t<img decoding=\"async\" src=\"https:\/\/legacy.colt.net\/wp-content\/uploads\/2021\/07\/We-can-change-the-world-Port-Icon-landscape.png\" alt=\"We-can-change-the-world-Port-Icon-landscape\" itemprop=\"image\" height=\"420\" width=\"600\" title=\"We-can-change-the-world-Port-Icon-landscape\" onerror=\"this.style.display='none'\" loading='lazy' \/>\n<h2>\n\t\t\tMit Innovationen in die Zukunft\t<\/h2>\n\t<p>Wir wollen die Welt zu einem besseren Ort machen. Besser vernetzt, nachhaltiger, gerechter f\u00fcr alle. Wir nutzen das, was wir haben &#8211; Leidenschaft, Technologie und Konnektivit\u00e4t &#8211; um Gutes zu schaffen.<\/p>\n<h3>\n\t\t\tMehr Informationen zu unseren Werten\t<\/h3>\n\t<p>Wir liefern eine konsistente Servicequalit\u00e4t &#8211; ob in Europa, Asien oder Nordamerika. Basis ist eine\u00a0einheitliche Plattform, die unsere Firmenkunden von den technischen Details der Digitalisierung entlastet, sodass sie sich auf ihre gesch\u00e4ftlichen Priorit\u00e4ten und die Eroberung neuer M\u00e4rkte konzentrieren k\u00f6nnen.<\/p>\n\t\t\t\t<img decoding=\"async\" src=\"https:\/\/legacy.colt.net\/wp-content\/uploads\/2023\/01\/What-makes-us-different-01.png\" alt=\"What-makes-us-different-01\" itemprop=\"image\" height=\"1280\" width=\"1280\" title=\"What-makes-us-different-01\" onerror=\"this.style.display='none'\" loading='lazy' \/>\n\n","protected":false},"excerpt":{"rendered":"<p>Colt ist der globale digitale Infrastrukturanbieter mit individueller Betreuung und pers\u00f6nlicher Note f\u00fcr Extraordinary Connections. Wir bringen weltweit au\u00dfergew\u00f6hnliche Menschen, intelligente Netzwerke und engagierte Partner zusammen, damit sie alle M\u00f6glichkeiten des digitalen Universums nutzen k\u00f6nnen. \u00dcber Colt Mit dem Colt IQ Network erhalten Sie eine digitale Infrastruktur nach Ma\u00df und alle Services, die Ihr Unternehmen&#8230;<\/p>\n","protected":false},"author":2,"featured_media":0,"parent":0,"menu_order":0,"comment_status":"closed","ping_status":"closed","template":"","meta":{"_acf_changed":false,"footnotes":""},"colt_type":[],"colt_products":[],"class_list":["post-35617","page","type-page","status-publish","hentry"],"acf":[],"yoast_head":"<!-- This site is optimized with the Yoast SEO plugin v26.8 - https:\/\/yoast.com\/product\/yoast-seo-wordpress\/ -->\n<title>\u00dcber Colt | Colt Technology Services | DE<\/title>\n<meta name=\"description\" content=\"Hier finden Sie Informationen \u00fcber uns: Wie wir arbeiten, unsere Partner, Karrieren bei Colt und noch vieles mehr.\" \/>\n<meta name=\"robots\" content=\"noindex, follow, max-snippet:-1, max-image-preview:large, max-video-preview:-1\" \/>\n<meta property=\"og:locale\" content=\"de_DE\" \/>\n<meta property=\"og:type\" content=\"article\" \/>\n<meta property=\"og:title\" content=\"\u00dcber Colt | Colt Technology Services | DE\" \/>\n<meta property=\"og:description\" content=\"Hier finden Sie Informationen \u00fcber uns: Wie wir arbeiten, unsere Partner, Karrieren bei Colt und noch vieles mehr.\" \/>\n<meta property=\"og:url\" content=\"https:\/\/legacy.colt.net\/de\/about\/\" \/>\n<meta property=\"og:site_name\" content=\"Colt Technology Services\" \/>\n<meta property=\"article:publisher\" content=\"https:\/\/www.facebook.com\/ColtTechnologyServices\/\" \/>\n<meta property=\"article:modified_time\" content=\"2025-07-15T13:13:42+00:00\" \/>\n<meta property=\"og:image\" content=\"https:\/\/legacy.colt.net\/wp-content\/uploads\/2021\/01\/Brand-2021-Stock-10.jpg\" \/>\n\t<meta property=\"og:image:width\" content=\"1000\" \/>\n\t<meta property=\"og:image:height\" content=\"668\" \/>\n\t<meta property=\"og:image:type\" content=\"image\/jpeg\" \/>\n<meta name=\"twitter:card\" content=\"summary_large_image\" \/>\n<meta name=\"twitter:site\" content=\"@colt_technology\" \/>\n<meta name=\"twitter:label1\" content=\"Est. reading time\" \/>\n\t<meta name=\"twitter:data1\" content=\"2 minutes\" \/>\n<script type=\"application\/ld+json\" class=\"yoast-schema-graph\">{\"@context\":\"https:\/\/schema.org\",\"@graph\":[{\"@type\":\"WebPage\",\"@id\":\"https:\/\/legacy.colt.net\/de\/about\/\",\"url\":\"https:\/\/legacy.colt.net\/de\/about\/\",\"name\":\"\u00dcber Colt | Colt Technology Services | DE\",\"isPartOf\":{\"@id\":\"https:\/\/legacy.colt.net\/#website\"},\"primaryImageOfPage\":{\"@id\":\"https:\/\/legacy.colt.net\/de\/about\/#primaryimage\"},\"image\":{\"@id\":\"https:\/\/legacy.colt.net\/de\/about\/#primaryimage\"},\"thumbnailUrl\":\"https:\/\/legacy.colt.net\/wp-content\/uploads\/2022\/07\/Colt-IQ-network-Logo_Social-2-copy.png\",\"datePublished\":\"2019-03-08T15:48:28+00:00\",\"dateModified\":\"2025-07-15T13:13:42+00:00\",\"description\":\"Hier finden Sie Informationen \u00fcber uns: Wie wir arbeiten, unsere Partner, Karrieren bei Colt und noch vieles mehr.\",\"breadcrumb\":{\"@id\":\"https:\/\/legacy.colt.net\/de\/about\/#breadcrumb\"},\"inLanguage\":\"de-DE\",\"potentialAction\":[{\"@type\":\"ReadAction\",\"target\":[\"https:\/\/legacy.colt.net\/de\/about\/\"]}]},{\"@type\":\"ImageObject\",\"inLanguage\":\"de-DE\",\"@id\":\"https:\/\/legacy.colt.net\/de\/about\/#primaryimage\",\"url\":\"https:\/\/legacy.colt.net\/wp-content\/uploads\/2022\/07\/Colt-IQ-network-Logo_Social-2-copy.png\",\"contentUrl\":\"https:\/\/legacy.colt.net\/wp-content\/uploads\/2022\/07\/Colt-IQ-network-Logo_Social-2-copy.png\"},{\"@type\":\"BreadcrumbList\",\"@id\":\"https:\/\/legacy.colt.net\/de\/about\/#breadcrumb\",\"itemListElement\":[{\"@type\":\"ListItem\",\"position\":1,\"name\":\"Home\",\"item\":\"https:\/\/legacy.colt.net\/de\/\"},{\"@type\":\"ListItem\",\"position\":2,\"name\":\"\u00dcber Colt\"}]},{\"@type\":\"WebSite\",\"@id\":\"https:\/\/legacy.colt.net\/#website\",\"url\":\"https:\/\/legacy.colt.net\/\",\"name\":\"Colt\u30c6\u30af\u30ce\u30ed\u30b8\u30fc\u30b5\u30fc\u30d3\u30b9\u682a\u5f0f\u4f1a\u793e\",\"description\":\"Managed Network &amp; Voice Services Provider\",\"publisher\":{\"@id\":\"https:\/\/legacy.colt.net\/#organization\"},\"potentialAction\":[{\"@type\":\"SearchAction\",\"target\":{\"@type\":\"EntryPoint\",\"urlTemplate\":\"https:\/\/legacy.colt.net\/?s={search_term_string}\"},\"query-input\":{\"@type\":\"PropertyValueSpecification\",\"valueRequired\":true,\"valueName\":\"search_term_string\"}}],\"inLanguage\":\"de-DE\"},{\"@type\":\"Organization\",\"@id\":\"https:\/\/legacy.colt.net\/#organization\",\"name\":\"Colt Technology Services\",\"url\":\"https:\/\/legacy.colt.net\/\",\"logo\":{\"@type\":\"ImageObject\",\"inLanguage\":\"de-DE\",\"@id\":\"https:\/\/legacy.colt.net\/#\/schema\/logo\/image\/\",\"url\":\"https:\/\/legacy.colt.net\/wp-content\/uploads\/2019\/02\/Colt-Logo.png\",\"contentUrl\":\"https:\/\/legacy.colt.net\/wp-content\/uploads\/2019\/02\/Colt-Logo.png\",\"width\":195,\"height\":77,\"caption\":\"Colt Technology Services\"},\"image\":{\"@id\":\"https:\/\/legacy.colt.net\/#\/schema\/logo\/image\/\"},\"sameAs\":[\"https:\/\/www.facebook.com\/ColtTechnologyServices\/\",\"https:\/\/x.com\/colt_technology\",\"https:\/\/www.instagram.com\/colttechnologyservices\/\",\"https:\/\/www.linkedin.com\/company\/colt-technology-services\",\"https:\/\/www.youtube.com\/user\/ColtTechnology\"]}]}<\/script>\n<!-- \/ Yoast SEO plugin. -->","yoast_head_json":{"title":"\u00dcber Colt | Colt Technology Services | DE","description":"Hier finden Sie Informationen \u00fcber uns: Wie wir arbeiten, unsere Partner, Karrieren bei Colt und noch vieles mehr.","robots":{"index":"noindex","follow":"follow","max-snippet":"max-snippet:-1","max-image-preview":"max-image-preview:large","max-video-preview":"max-video-preview:-1"},"og_locale":"de_DE","og_type":"article","og_title":"\u00dcber Colt | Colt Technology Services | DE","og_description":"Hier finden Sie Informationen \u00fcber uns: Wie wir arbeiten, unsere Partner, Karrieren bei Colt und noch vieles mehr.","og_url":"https:\/\/legacy.colt.net\/de\/about\/","og_site_name":"Colt Technology Services","article_publisher":"https:\/\/www.facebook.com\/ColtTechnologyServices\/","article_modified_time":"2025-07-15T13:13:42+00:00","og_image":[{"width":1000,"height":668,"url":"https:\/\/legacy.colt.net\/wp-content\/uploads\/2021\/01\/Brand-2021-Stock-10.jpg","type":"image\/jpeg"}],"twitter_card":"summary_large_image","twitter_site":"@colt_technology","twitter_misc":{"Est. reading time":"2 minutes"},"schema":{"@context":"https:\/\/schema.org","@graph":[{"@type":"WebPage","@id":"https:\/\/legacy.colt.net\/de\/about\/","url":"https:\/\/legacy.colt.net\/de\/about\/","name":"\u00dcber Colt | Colt Technology Services | DE","isPartOf":{"@id":"https:\/\/legacy.colt.net\/#website"},"primaryImageOfPage":{"@id":"https:\/\/legacy.colt.net\/de\/about\/#primaryimage"},"image":{"@id":"https:\/\/legacy.colt.net\/de\/about\/#primaryimage"},"thumbnailUrl":"https:\/\/legacy.colt.net\/wp-content\/uploads\/2022\/07\/Colt-IQ-network-Logo_Social-2-copy.png","datePublished":"2019-03-08T15:48:28+00:00","dateModified":"2025-07-15T13:13:42+00:00","description":"Hier finden Sie Informationen \u00fcber uns: Wie wir arbeiten, unsere Partner, Karrieren bei Colt und noch vieles mehr.","breadcrumb":{"@id":"https:\/\/legacy.colt.net\/de\/about\/#breadcrumb"},"inLanguage":"de-DE","potentialAction":[{"@type":"ReadAction","target":["https:\/\/legacy.colt.net\/de\/about\/"]}]},{"@type":"ImageObject","inLanguage":"de-DE","@id":"https:\/\/legacy.colt.net\/de\/about\/#primaryimage","url":"https:\/\/legacy.colt.net\/wp-content\/uploads\/2022\/07\/Colt-IQ-network-Logo_Social-2-copy.png","contentUrl":"https:\/\/legacy.colt.net\/wp-content\/uploads\/2022\/07\/Colt-IQ-network-Logo_Social-2-copy.png"},{"@type":"BreadcrumbList","@id":"https:\/\/legacy.colt.net\/de\/about\/#breadcrumb","itemListElement":[{"@type":"ListItem","position":1,"name":"Home","item":"https:\/\/legacy.colt.net\/de\/"},{"@type":"ListItem","position":2,"name":"\u00dcber Colt"}]},{"@type":"WebSite","@id":"https:\/\/legacy.colt.net\/#website","url":"https:\/\/legacy.colt.net\/","name":"Colt\u30c6\u30af\u30ce\u30ed\u30b8\u30fc\u30b5\u30fc\u30d3\u30b9\u682a\u5f0f\u4f1a\u793e","description":"Managed Network &amp; Voice Services Provider","publisher":{"@id":"https:\/\/legacy.colt.net\/#organization"},"potentialAction":[{"@type":"SearchAction","target":{"@type":"EntryPoint","urlTemplate":"https:\/\/legacy.colt.net\/?s={search_term_string}"},"query-input":{"@type":"PropertyValueSpecification","valueRequired":true,"valueName":"search_term_string"}}],"inLanguage":"de-DE"},{"@type":"Organization","@id":"https:\/\/legacy.colt.net\/#organization","name":"Colt Technology Services","url":"https:\/\/legacy.colt.net\/","logo":{"@type":"ImageObject","inLanguage":"de-DE","@id":"https:\/\/legacy.colt.net\/#\/schema\/logo\/image\/","url":"https:\/\/legacy.colt.net\/wp-content\/uploads\/2019\/02\/Colt-Logo.png","contentUrl":"https:\/\/legacy.colt.net\/wp-content\/uploads\/2019\/02\/Colt-Logo.png","width":195,"height":77,"caption":"Colt Technology Services"},"image":{"@id":"https:\/\/legacy.colt.net\/#\/schema\/logo\/image\/"},"sameAs":["https:\/\/www.facebook.com\/ColtTechnologyServices\/","https:\/\/x.com\/colt_technology","https:\/\/www.instagram.com\/colttechnologyservices\/","https:\/\/www.linkedin.com\/company\/colt-technology-services","https:\/\/www.youtube.com\/user\/ColtTechnology"]}]}},"_links":{"self":[{"href":"https:\/\/legacy.colt.net\/de\/wp-json\/wp\/v2\/pages\/35617","targetHints":{"allow":["GET"]}}],"collection":[{"href":"https:\/\/legacy.colt.net\/de\/wp-json\/wp\/v2\/pages"}],"about":[{"href":"https:\/\/legacy.colt.net\/de\/wp-json\/wp\/v2\/types\/page"}],"author":[{"embeddable":true,"href":"https:\/\/legacy.colt.net\/de\/wp-json\/wp\/v2\/users\/2"}],"replies":[{"embeddable":true,"href":"https:\/\/legacy.colt.net\/de\/wp-json\/wp\/v2\/comments?post=35617"}],"version-history":[{"count":0,"href":"https:\/\/legacy.colt.net\/de\/wp-json\/wp\/v2\/pages\/35617\/revisions"}],"wp:attachment":[{"href":"https:\/\/legacy.colt.net\/de\/wp-json\/wp\/v2\/media?parent=35617"}],"wp:term":[{"taxonomy":"colt_type","embeddable":true,"href":"https:\/\/legacy.colt.net\/de\/wp-json\/wp\/v2\/colt_type?post=35617"},{"taxonomy":"colt_products","embeddable":true,"href":"https:\/\/legacy.colt.net\/de\/wp-json\/wp\/v2\/colt_products?post=35617"}],"curies":[{"name":"wp","href":"https:\/\/api.w.org\/{rel}","templated":true}]}}