{"id":35489,"date":"2017-03-13T16:46:07","date_gmt":"2017-03-13T16:46:07","guid":{"rendered":"https:\/\/www.colt.net\/strategic-alliances\/"},"modified":"2021-07-19T15:06:06","modified_gmt":"2021-07-19T14:06:06","slug":"partner-hub","status":"publish","type":"page","link":"https:\/\/legacy.colt.net\/de\/why-colt\/partner-hub\/","title":{"rendered":"Partner Hub"},"content":{"rendered":"\r\n<p><img loading=\"lazy\" decoding=\"async\" title=\"Colt Partner Hub\" src=\"https:\/\/legacy.colt.net\/wp-content\/uploads\/2021\/03\/Colt-Partner-Hub.png\" alt=\"Colt Partner Hub\" width=\"726\" height=\"174\" \/><\/p>\r\n<nav class=\"breadcrumb\"><span><span><a href=\"https:\/\/legacy.colt.net\/de\/\">Home<\/a><\/span><\/span><\/nav>\r\n<h2>Absichtliche, nicht nur zuf\u00e4llige Partnerschaft<\/h2>\r\n<p>Um den Kunden zu helfen, ihre Ziele zu erreichen, ist heute ein Meer von Fachwissen aus der gesamten digitalen Gesellschaft erforderlich. Erfahren Sie, wie Colt seinen Kunden und Partnern einen Mehrwert bietet.<br \/><a role=\"button\" href=\"https:\/\/legacy.colt.net\/de\/why-colt\/partner-hub\/partners\/\" target=\"_self\" rel=\"noopener\"> Werfen Sie einen Blick auf unser \u00d6kosystem <\/a> Die Kraft von Partnerschaften<\/p>\r\n<p>Der Aufbau eines erfolgreichen Teams erfordert enge Zusammenarbeit, um gemeinsame Ziele zu erreichen. Ganz gleich, ob es darum geht, Sportler an die Spitze ihres Spiels zu bringen oder Unternehmen dabei zu helfen, sich auf einem sich schnell ver\u00e4ndernden digitalen Markt zurechtzufinden.<\/p>\r\n<p><strong><a href=\"https:\/\/legacy.colt.net\/de\/why-colt\/partner-hub\/partners\/\">Werfen Sie einen Blick auf unser \u00d6kosystem&#8230;<br \/><\/a><\/strong> <img decoding=\"async\" src=\"https:\/\/i.ytimg.com\/vi\/KksZHJizUbs\/maxresdefault.jpg\" \/> <img decoding=\"async\" src=\"https:\/\/i.ytimg.com\/vi\/OLaTVodShZQ\/maxresdefault.jpg\" \/> Wir stellen vor: Das Colt-Partnerportal.<\/p>\r\n<p>Unser Ziel ist einfach\u00a0&#8211; je nahtloser das Erlebnis f\u00fcr unsere Partner, desto gr\u00f6\u00dfer der Nutzen f\u00fcr unsere Kunden. Willkommen im Colt-Partnerportal.<\/p>\r\n<p>Die Vorteile f\u00fcr Colt-Partner<\/p>\r\n<p>Was bedeutet das Colt-Partnerportal f\u00fcr unsere Partner? Es rationalisiert den Onboarding-Prozess, verbessert die Qualifizierungsm\u00f6glichkeiten und erm\u00f6glicht die Zusammenarbeit bei der Expansion in neue M\u00e4rkte. Erfahren Sie mehr von Thomas Gredinger, unserem Director of Partner Excellence.<\/p>\r\n<p><img decoding=\"async\" src=\"https:\/\/i.ytimg.com\/vi\/oCEqJqCIaXU\/maxresdefault.jpg\" \/> <img loading=\"lazy\" decoding=\"async\" title=\"Partner Hub Diagram\" src=\"https:\/\/legacy.colt.net\/wp-content\/uploads\/2021\/03\/Partner-Hub-Diagram.png\" alt=\"Partner Hub Diagram\" width=\"1000\" height=\"956\" \/><\/p>\r\n<h2>Unsere Vision<\/h2>\r\n<p>Das Colt-Partnerportal bietet einen strukturierten Prozess rund um die Partnerentwicklung, von der Auswahl und dem Onboarding bis hin zum kompletten Lifecycle-Management. Die Entwicklung wird im Sinne einer kontinuierlichen Verbesserung fortgesetzt, um die gemeinsame Wertsch\u00f6pfung zu maximieren.<\/p>\r\n<h3>Was andere \u00fcber das Colt-Partnerportal sagen<\/h3>\r\n<p><img loading=\"lazy\" decoding=\"async\" title=\"ES-Partners-Ciena\" src=\"https:\/\/legacy.colt.net\/wp-content\/uploads\/2019\/03\/ES-Partners-Ciena.jpg\" alt=\"ES-Partners-Ciena\" width=\"400\" height=\"400\" \/> <strong>Jim Crum<\/strong><br \/>General Manager, Colt Strategic Alliance, Ciena <img loading=\"lazy\" decoding=\"async\" title=\"microsoft-azure-logo-1x1-cloud\" src=\"https:\/\/legacy.colt.net\/wp-content\/uploads\/2020\/10\/microsoft-azure-logo-1x1-1.png\" alt=\"microsoft-azure-logo\" width=\"1000\" height=\"1000\" \/> <strong>Mikkel Riis<\/strong><br \/>Senior Product Marketing Manager, Microsoft Azure<\/p>\r\n<h3>Ich m\u00f6chte&#8230;<\/h3>\r\n<nav>\r\n<ul>\r\n<li data-index=\"0\">\r\n<h4><a>&#8230;einen Partner finden<\/a><\/h4>\r\n<\/li>\r\n<li data-index=\"1\">\r\n<h4><a>&#8230;jetzt Partner werden<\/a><\/h4>\r\n<\/li>\r\n<\/ul>\r\n<\/nav>\r\n<h4>&#8230;einen Partner finden<\/h4>\r\n<p>Wenn Sie uns ein paar Informationen \u00fcber Sie geben und uns sagen, bei welchen Themen Sie Unterst\u00fctzung suchen und was Sie erreichen wollen, wird Colt Ihrem Unternehmen den besten Partner f\u00fcr eine Zusammenarbeit an die Seite stellen.<\/p>\r\n<p>Colt freut sich, von Ihnen zu h\u00f6ren<\/p>\r\n<p>[hubspot type=form portal=344164 id=5dfc0c21-fe4b-42d7-b662-24f10c793126]<\/p>\r\n<h4>&#8230;jetzt Partner werden<\/h4>\r\n<p>Colt wei\u00df, wie wichtig es ist, mit Partnern zusammenzuarbeiten, um den Kunden den besten Technologieservice und -support zu bieten.<\/p>\r\n<p>Gemeinsam k\u00f6nnen wir Ihr Gesch\u00e4ft ausbauen, unabh\u00e4ngig davon, welches Partner-Vertriebsmodell Sie bevorzugen.<\/p>\r\n<p>[hubspot type=form portal=344164 id=5dfc0c21-fe4b-42d7-b662-24f10c793126]<\/p>\r\n<!-- \/content --><!-- \/tabs -->","protected":false},"excerpt":{"rendered":"<p>Absichtliche, nicht nur zuf\u00e4llige Partnerschaft Um den Kunden zu helfen, ihre Ziele zu erreichen, ist heute ein Meer von Fachwissen aus der gesamten digitalen Gesellschaft erforderlich. Erfahren Sie, wie Colt seinen Kunden und Partnern einen Mehrwert bietet. Werfen Sie einen Blick auf unser \u00d6kosystem Die Kraft von Partnerschaften Der Aufbau eines erfolgreichen Teams erfordert enge&#8230;<\/p>\n","protected":false},"author":2,"featured_media":0,"parent":68557,"menu_order":0,"comment_status":"closed","ping_status":"closed","template":"","meta":{"_acf_changed":false,"footnotes":""},"colt_type":[],"colt_products":[],"class_list":["post-35489","page","type-page","status-publish","hentry"],"acf":[],"yoast_head":"<!-- This site is optimized with the Yoast SEO plugin v26.8 - https:\/\/yoast.com\/product\/yoast-seo-wordpress\/ -->\n<title>Partner Hub | Colt Technology Services | DE<\/title>\n<meta name=\"description\" content=\"Colt hat ein leistungsf\u00e4higes Partner-\u00d6kosystem aufgebaut, das unseren Kunden hilft, die Ver\u00e4nderungen zu bew\u00e4ltigen.\" \/>\n<meta name=\"robots\" content=\"noindex, follow, max-snippet:-1, max-image-preview:large, max-video-preview:-1\" \/>\n<meta property=\"og:locale\" content=\"de_DE\" \/>\n<meta property=\"og:type\" content=\"article\" \/>\n<meta property=\"og:title\" content=\"Partner Hub | Colt Technology Services | DE\" \/>\n<meta property=\"og:description\" content=\"Colt hat ein leistungsf\u00e4higes Partner-\u00d6kosystem aufgebaut, das unseren Kunden hilft, die Ver\u00e4nderungen zu bew\u00e4ltigen.\" \/>\n<meta property=\"og:url\" content=\"https:\/\/legacy.colt.net\/de\/why-colt\/partner-hub\/\" \/>\n<meta property=\"og:site_name\" content=\"Colt Technology Services\" \/>\n<meta property=\"article:publisher\" content=\"https:\/\/www.facebook.com\/ColtTechnologyServices\/\" \/>\n<meta property=\"article:modified_time\" content=\"2021-07-19T14:06:06+00:00\" \/>\n<meta property=\"og:image\" content=\"https:\/\/legacy.colt.net\/wp-content\/uploads\/2021\/01\/Brand-2021-Stock-39.jpg\" \/>\n\t<meta property=\"og:image:width\" content=\"1000\" \/>\n\t<meta property=\"og:image:height\" content=\"667\" \/>\n\t<meta property=\"og:image:type\" content=\"image\/jpeg\" \/>\n<meta name=\"twitter:card\" content=\"summary_large_image\" \/>\n<meta name=\"twitter:site\" content=\"@colt_technology\" \/>\n<meta name=\"twitter:label1\" content=\"Est. reading time\" \/>\n\t<meta name=\"twitter:data1\" content=\"2 minutes\" \/>\n<script type=\"application\/ld+json\" class=\"yoast-schema-graph\">{\"@context\":\"https:\/\/schema.org\",\"@graph\":[{\"@type\":\"WebPage\",\"@id\":\"https:\/\/legacy.colt.net\/de\/why-colt\/partner-hub\/\",\"url\":\"https:\/\/legacy.colt.net\/de\/why-colt\/partner-hub\/\",\"name\":\"Partner Hub | Colt Technology Services | DE\",\"isPartOf\":{\"@id\":\"https:\/\/legacy.colt.net\/#website\"},\"primaryImageOfPage\":{\"@id\":\"https:\/\/legacy.colt.net\/de\/why-colt\/partner-hub\/#primaryimage\"},\"image\":{\"@id\":\"https:\/\/legacy.colt.net\/de\/why-colt\/partner-hub\/#primaryimage\"},\"thumbnailUrl\":\"https:\/\/legacy.colt.net\/wp-content\/uploads\/2021\/03\/Colt-Partner-Hub.png\",\"datePublished\":\"2017-03-13T16:46:07+00:00\",\"dateModified\":\"2021-07-19T14:06:06+00:00\",\"description\":\"Colt hat ein leistungsf\u00e4higes Partner-\u00d6kosystem aufgebaut, das unseren Kunden hilft, die Ver\u00e4nderungen zu bew\u00e4ltigen.\",\"breadcrumb\":{\"@id\":\"https:\/\/legacy.colt.net\/de\/why-colt\/partner-hub\/#breadcrumb\"},\"inLanguage\":\"de-DE\",\"potentialAction\":[{\"@type\":\"ReadAction\",\"target\":[\"https:\/\/legacy.colt.net\/de\/why-colt\/partner-hub\/\"]}]},{\"@type\":\"ImageObject\",\"inLanguage\":\"de-DE\",\"@id\":\"https:\/\/legacy.colt.net\/de\/why-colt\/partner-hub\/#primaryimage\",\"url\":\"https:\/\/legacy.colt.net\/wp-content\/uploads\/2021\/03\/Colt-Partner-Hub.png\",\"contentUrl\":\"https:\/\/legacy.colt.net\/wp-content\/uploads\/2021\/03\/Colt-Partner-Hub.png\"},{\"@type\":\"BreadcrumbList\",\"@id\":\"https:\/\/legacy.colt.net\/de\/why-colt\/partner-hub\/#breadcrumb\",\"itemListElement\":[{\"@type\":\"ListItem\",\"position\":1,\"name\":\"Home\",\"item\":\"https:\/\/legacy.colt.net\/de\/\"},{\"@type\":\"ListItem\",\"position\":2,\"name\":\"Why Colt?\",\"item\":\"https:\/\/legacy.colt.net\/de\/why-colt\/\"},{\"@type\":\"ListItem\",\"position\":3,\"name\":\"Partner Hub\"}]},{\"@type\":\"WebSite\",\"@id\":\"https:\/\/legacy.colt.net\/#website\",\"url\":\"https:\/\/legacy.colt.net\/\",\"name\":\"Colt\u30c6\u30af\u30ce\u30ed\u30b8\u30fc\u30b5\u30fc\u30d3\u30b9\u682a\u5f0f\u4f1a\u793e\",\"description\":\"Managed Network &amp; Voice Services Provider\",\"publisher\":{\"@id\":\"https:\/\/legacy.colt.net\/#organization\"},\"potentialAction\":[{\"@type\":\"SearchAction\",\"target\":{\"@type\":\"EntryPoint\",\"urlTemplate\":\"https:\/\/legacy.colt.net\/?s={search_term_string}\"},\"query-input\":{\"@type\":\"PropertyValueSpecification\",\"valueRequired\":true,\"valueName\":\"search_term_string\"}}],\"inLanguage\":\"de-DE\"},{\"@type\":\"Organization\",\"@id\":\"https:\/\/legacy.colt.net\/#organization\",\"name\":\"Colt Technology Services\",\"url\":\"https:\/\/legacy.colt.net\/\",\"logo\":{\"@type\":\"ImageObject\",\"inLanguage\":\"de-DE\",\"@id\":\"https:\/\/legacy.colt.net\/#\/schema\/logo\/image\/\",\"url\":\"https:\/\/legacy.colt.net\/wp-content\/uploads\/2019\/02\/Colt-Logo.png\",\"contentUrl\":\"https:\/\/legacy.colt.net\/wp-content\/uploads\/2019\/02\/Colt-Logo.png\",\"width\":195,\"height\":77,\"caption\":\"Colt Technology Services\"},\"image\":{\"@id\":\"https:\/\/legacy.colt.net\/#\/schema\/logo\/image\/\"},\"sameAs\":[\"https:\/\/www.facebook.com\/ColtTechnologyServices\/\",\"https:\/\/x.com\/colt_technology\",\"https:\/\/www.instagram.com\/colttechnologyservices\/\",\"https:\/\/www.linkedin.com\/company\/colt-technology-services\",\"https:\/\/www.youtube.com\/user\/ColtTechnology\"]}]}<\/script>\n<!-- \/ Yoast SEO plugin. -->","yoast_head_json":{"title":"Partner Hub | Colt Technology Services | DE","description":"Colt hat ein leistungsf\u00e4higes Partner-\u00d6kosystem aufgebaut, das unseren Kunden hilft, die Ver\u00e4nderungen zu bew\u00e4ltigen.","robots":{"index":"noindex","follow":"follow","max-snippet":"max-snippet:-1","max-image-preview":"max-image-preview:large","max-video-preview":"max-video-preview:-1"},"og_locale":"de_DE","og_type":"article","og_title":"Partner Hub | Colt Technology Services | DE","og_description":"Colt hat ein leistungsf\u00e4higes Partner-\u00d6kosystem aufgebaut, das unseren Kunden hilft, die Ver\u00e4nderungen zu bew\u00e4ltigen.","og_url":"https:\/\/legacy.colt.net\/de\/why-colt\/partner-hub\/","og_site_name":"Colt Technology Services","article_publisher":"https:\/\/www.facebook.com\/ColtTechnologyServices\/","article_modified_time":"2021-07-19T14:06:06+00:00","og_image":[{"width":1000,"height":667,"url":"https:\/\/legacy.colt.net\/wp-content\/uploads\/2021\/01\/Brand-2021-Stock-39.jpg","type":"image\/jpeg"}],"twitter_card":"summary_large_image","twitter_site":"@colt_technology","twitter_misc":{"Est. reading time":"2 minutes"},"schema":{"@context":"https:\/\/schema.org","@graph":[{"@type":"WebPage","@id":"https:\/\/legacy.colt.net\/de\/why-colt\/partner-hub\/","url":"https:\/\/legacy.colt.net\/de\/why-colt\/partner-hub\/","name":"Partner Hub | Colt Technology Services | DE","isPartOf":{"@id":"https:\/\/legacy.colt.net\/#website"},"primaryImageOfPage":{"@id":"https:\/\/legacy.colt.net\/de\/why-colt\/partner-hub\/#primaryimage"},"image":{"@id":"https:\/\/legacy.colt.net\/de\/why-colt\/partner-hub\/#primaryimage"},"thumbnailUrl":"https:\/\/legacy.colt.net\/wp-content\/uploads\/2021\/03\/Colt-Partner-Hub.png","datePublished":"2017-03-13T16:46:07+00:00","dateModified":"2021-07-19T14:06:06+00:00","description":"Colt hat ein leistungsf\u00e4higes Partner-\u00d6kosystem aufgebaut, das unseren Kunden hilft, die Ver\u00e4nderungen zu bew\u00e4ltigen.","breadcrumb":{"@id":"https:\/\/legacy.colt.net\/de\/why-colt\/partner-hub\/#breadcrumb"},"inLanguage":"de-DE","potentialAction":[{"@type":"ReadAction","target":["https:\/\/legacy.colt.net\/de\/why-colt\/partner-hub\/"]}]},{"@type":"ImageObject","inLanguage":"de-DE","@id":"https:\/\/legacy.colt.net\/de\/why-colt\/partner-hub\/#primaryimage","url":"https:\/\/legacy.colt.net\/wp-content\/uploads\/2021\/03\/Colt-Partner-Hub.png","contentUrl":"https:\/\/legacy.colt.net\/wp-content\/uploads\/2021\/03\/Colt-Partner-Hub.png"},{"@type":"BreadcrumbList","@id":"https:\/\/legacy.colt.net\/de\/why-colt\/partner-hub\/#breadcrumb","itemListElement":[{"@type":"ListItem","position":1,"name":"Home","item":"https:\/\/legacy.colt.net\/de\/"},{"@type":"ListItem","position":2,"name":"Why Colt?","item":"https:\/\/legacy.colt.net\/de\/why-colt\/"},{"@type":"ListItem","position":3,"name":"Partner Hub"}]},{"@type":"WebSite","@id":"https:\/\/legacy.colt.net\/#website","url":"https:\/\/legacy.colt.net\/","name":"Colt\u30c6\u30af\u30ce\u30ed\u30b8\u30fc\u30b5\u30fc\u30d3\u30b9\u682a\u5f0f\u4f1a\u793e","description":"Managed Network &amp; Voice Services Provider","publisher":{"@id":"https:\/\/legacy.colt.net\/#organization"},"potentialAction":[{"@type":"SearchAction","target":{"@type":"EntryPoint","urlTemplate":"https:\/\/legacy.colt.net\/?s={search_term_string}"},"query-input":{"@type":"PropertyValueSpecification","valueRequired":true,"valueName":"search_term_string"}}],"inLanguage":"de-DE"},{"@type":"Organization","@id":"https:\/\/legacy.colt.net\/#organization","name":"Colt Technology Services","url":"https:\/\/legacy.colt.net\/","logo":{"@type":"ImageObject","inLanguage":"de-DE","@id":"https:\/\/legacy.colt.net\/#\/schema\/logo\/image\/","url":"https:\/\/legacy.colt.net\/wp-content\/uploads\/2019\/02\/Colt-Logo.png","contentUrl":"https:\/\/legacy.colt.net\/wp-content\/uploads\/2019\/02\/Colt-Logo.png","width":195,"height":77,"caption":"Colt Technology Services"},"image":{"@id":"https:\/\/legacy.colt.net\/#\/schema\/logo\/image\/"},"sameAs":["https:\/\/www.facebook.com\/ColtTechnologyServices\/","https:\/\/x.com\/colt_technology","https:\/\/www.instagram.com\/colttechnologyservices\/","https:\/\/www.linkedin.com\/company\/colt-technology-services","https:\/\/www.youtube.com\/user\/ColtTechnology"]}]}},"_links":{"self":[{"href":"https:\/\/legacy.colt.net\/de\/wp-json\/wp\/v2\/pages\/35489","targetHints":{"allow":["GET"]}}],"collection":[{"href":"https:\/\/legacy.colt.net\/de\/wp-json\/wp\/v2\/pages"}],"about":[{"href":"https:\/\/legacy.colt.net\/de\/wp-json\/wp\/v2\/types\/page"}],"author":[{"embeddable":true,"href":"https:\/\/legacy.colt.net\/de\/wp-json\/wp\/v2\/users\/2"}],"replies":[{"embeddable":true,"href":"https:\/\/legacy.colt.net\/de\/wp-json\/wp\/v2\/comments?post=35489"}],"version-history":[{"count":0,"href":"https:\/\/legacy.colt.net\/de\/wp-json\/wp\/v2\/pages\/35489\/revisions"}],"up":[{"embeddable":true,"href":"https:\/\/legacy.colt.net\/de\/wp-json\/wp\/v2\/pages\/68557"}],"wp:attachment":[{"href":"https:\/\/legacy.colt.net\/de\/wp-json\/wp\/v2\/media?parent=35489"}],"wp:term":[{"taxonomy":"colt_type","embeddable":true,"href":"https:\/\/legacy.colt.net\/de\/wp-json\/wp\/v2\/colt_type?post=35489"},{"taxonomy":"colt_products","embeddable":true,"href":"https:\/\/legacy.colt.net\/de\/wp-json\/wp\/v2\/colt_products?post=35489"}],"curies":[{"name":"wp","href":"https:\/\/api.w.org\/{rel}","templated":true}]}}