{"id":35485,"date":"2017-03-30T08:46:29","date_gmt":"2017-03-30T08:46:29","guid":{"rendered":"https:\/\/www.colt.net\/sip-trunkingisdn-services\/"},"modified":"2021-11-19T11:48:46","modified_gmt":"2021-11-19T11:48:46","slug":"sipisdn-services","status":"publish","type":"page","link":"https:\/\/legacy.colt.net\/de\/sipisdn-services\/","title":{"rendered":"SIP Trunking \/ ISDN Services Business Phone Services"},"content":{"rendered":"\n<h1>\n\t<\/h1>\n<h2>\n\t\tProdukte &#038; Netzwerkservice\n\t<\/h2>\n\t<nav class=\"breadcrumb\"><span><span><a href=\"https:\/\/legacy.colt.net\/de\/\">Home<\/a><\/span><\/span><\/nav>\n\t<p>Colt hat eine unbestreitbare f\u00fchrende Position auf dem Markt f\u00fcr SIP-Amtsleitungsl\u00f6sungen und bietet ein funktionsreiches Produkt, das f\u00fcr alle wichtigen IP-PBX-Anbieter vollst\u00e4ndig getestet und zertifiziert wurde. Erfahren Sie unten mehr \u00fcber unsere Gesch\u00e4ftstelefondienste.<\/p>\n\t<a href=\"https:\/\/legacy.colt.net\/de\/product\/sip-trunking\/\" target=\"_self\" rel=\"noopener\"><\/a> \n\t\t\t\t<img decoding=\"async\" src=\"https:\/\/legacy.colt.net\/wp-content\/uploads\/2021\/01\/Voice.png\" alt=\"Voice\" title=\"Voice\" itemprop=\"image\"\/>\n\t\t<h3>SIP Trunking<\/h3>\t\t\t\n\t\t\t\t<p>Europaweit aktive Unternehmen, die ihre Telefonie-Infrastruktur und ihr Kostenmanagement optimieren m\u00f6chten, sollten den Einsatz von Colt SIP-Trunking in Betracht ziehen.<\/p>\n\t<a href=\"https:\/\/legacy.colt.net\/de\/product\/isdn-telefonieservices\/\" target=\"_self\" rel=\"noopener\"><\/a> \n\t\t\t\t<img decoding=\"async\" src=\"https:\/\/legacy.colt.net\/wp-content\/uploads\/2021\/01\/ISDN-Voice.png\" alt=\"ISDN Voice\" title=\"ISDN Voice\" itemprop=\"image\"\/>\n\t\t<h3>ISDN Services<\/h3>\t\t\t\n\t\t\t\t<p>Mit \u00fcber 20 Jahren Erfahrung und einer un\u00fcbertroffenen Netzreichweite in Europa ist Colt f\u00fcr Tausende Unternehmen der ISDN-Anbieter der Wahl.<\/p>\n\n","protected":false},"excerpt":{"rendered":"<p>Produkte &#038; Netzwerkservice Colt hat eine unbestreitbare f\u00fchrende Position auf dem Markt f\u00fcr SIP-Amtsleitungsl\u00f6sungen und bietet ein funktionsreiches Produkt, das f\u00fcr alle wichtigen IP-PBX-Anbieter vollst\u00e4ndig getestet und zertifiziert wurde. Erfahren Sie unten mehr \u00fcber unsere Gesch\u00e4ftstelefondienste. SIP Trunking Europaweit aktive Unternehmen, die ihre Telefonie-Infrastruktur und ihr Kostenmanagement optimieren m\u00f6chten, sollten den Einsatz von Colt SIP-Trunking&#8230;<\/p>\n","protected":false},"author":2,"featured_media":0,"parent":0,"menu_order":0,"comment_status":"closed","ping_status":"closed","template":"","meta":{"_acf_changed":false,"footnotes":""},"colt_type":[],"colt_products":[1526],"class_list":["post-35485","page","type-page","status-publish","hentry","colt_products-voice-and-collaboration-de"],"acf":[],"yoast_head":"<!-- This site is optimized with the Yoast SEO plugin v26.8 - https:\/\/yoast.com\/product\/yoast-seo-wordpress\/ -->\n<title>SIP Trunking \/ ISDN Services Business | Colt Technology Services | DE<\/title>\n<meta name=\"description\" content=\"Colt hat eine f\u00fchrende Position auf dem Markt und bietet ein funktionsreiches Produkt, das f\u00fcr alle Haupt-IP-PBX-Anbieter vollst\u00e4ndig zertifiziert wurde.\" \/>\n<meta name=\"robots\" content=\"noindex, follow, max-snippet:-1, max-image-preview:large, max-video-preview:-1\" \/>\n<meta property=\"og:locale\" content=\"de_DE\" \/>\n<meta property=\"og:type\" content=\"article\" \/>\n<meta property=\"og:title\" content=\"SIP Trunking \/ ISDN Services Business | Colt Technology Services | DE\" \/>\n<meta property=\"og:description\" content=\"Colt hat eine f\u00fchrende Position auf dem Markt und bietet ein funktionsreiches Produkt, das f\u00fcr alle Haupt-IP-PBX-Anbieter vollst\u00e4ndig zertifiziert wurde.\" \/>\n<meta property=\"og:url\" content=\"https:\/\/legacy.colt.net\/de\/sipisdn-services\/\" \/>\n<meta property=\"og:site_name\" content=\"Colt Technology Services\" \/>\n<meta property=\"article:publisher\" content=\"https:\/\/www.facebook.com\/ColtTechnologyServices\/\" \/>\n<meta property=\"article:modified_time\" content=\"2021-11-19T11:48:46+00:00\" \/>\n<meta property=\"og:image\" content=\"https:\/\/legacy.colt.net\/wp-content\/uploads\/2021\/01\/Brand-2021-Stock-43.jpg\" \/>\n\t<meta property=\"og:image:width\" content=\"1000\" \/>\n\t<meta property=\"og:image:height\" content=\"667\" \/>\n\t<meta property=\"og:image:type\" content=\"image\/jpeg\" \/>\n<meta name=\"twitter:card\" content=\"summary_large_image\" \/>\n<meta name=\"twitter:site\" content=\"@colt_technology\" \/>\n<script type=\"application\/ld+json\" class=\"yoast-schema-graph\">{\"@context\":\"https:\/\/schema.org\",\"@graph\":[{\"@type\":\"WebPage\",\"@id\":\"https:\/\/legacy.colt.net\/de\/sipisdn-services\/\",\"url\":\"https:\/\/legacy.colt.net\/de\/sipisdn-services\/\",\"name\":\"SIP Trunking \/ ISDN Services Business | Colt Technology Services | DE\",\"isPartOf\":{\"@id\":\"https:\/\/legacy.colt.net\/#website\"},\"primaryImageOfPage\":{\"@id\":\"https:\/\/legacy.colt.net\/de\/sipisdn-services\/#primaryimage\"},\"image\":{\"@id\":\"https:\/\/legacy.colt.net\/de\/sipisdn-services\/#primaryimage\"},\"thumbnailUrl\":\"https:\/\/legacy.colt.net\/wp-content\/uploads\/2021\/01\/Voice.png\",\"datePublished\":\"2017-03-30T08:46:29+00:00\",\"dateModified\":\"2021-11-19T11:48:46+00:00\",\"description\":\"Colt hat eine f\u00fchrende Position auf dem Markt und bietet ein funktionsreiches Produkt, das f\u00fcr alle Haupt-IP-PBX-Anbieter vollst\u00e4ndig zertifiziert wurde.\",\"breadcrumb\":{\"@id\":\"https:\/\/legacy.colt.net\/de\/sipisdn-services\/#breadcrumb\"},\"inLanguage\":\"de-DE\",\"potentialAction\":[{\"@type\":\"ReadAction\",\"target\":[\"https:\/\/legacy.colt.net\/de\/sipisdn-services\/\"]}]},{\"@type\":\"ImageObject\",\"inLanguage\":\"de-DE\",\"@id\":\"https:\/\/legacy.colt.net\/de\/sipisdn-services\/#primaryimage\",\"url\":\"https:\/\/legacy.colt.net\/wp-content\/uploads\/2021\/01\/Voice.png\",\"contentUrl\":\"https:\/\/legacy.colt.net\/wp-content\/uploads\/2021\/01\/Voice.png\"},{\"@type\":\"BreadcrumbList\",\"@id\":\"https:\/\/legacy.colt.net\/de\/sipisdn-services\/#breadcrumb\",\"itemListElement\":[{\"@type\":\"ListItem\",\"position\":1,\"name\":\"Home\",\"item\":\"https:\/\/legacy.colt.net\/de\/\"},{\"@type\":\"ListItem\",\"position\":2,\"name\":\"SIP Trunking \/ ISDN Services Business Phone Services\"}]},{\"@type\":\"WebSite\",\"@id\":\"https:\/\/legacy.colt.net\/#website\",\"url\":\"https:\/\/legacy.colt.net\/\",\"name\":\"Colt\u30c6\u30af\u30ce\u30ed\u30b8\u30fc\u30b5\u30fc\u30d3\u30b9\u682a\u5f0f\u4f1a\u793e\",\"description\":\"Managed Network &amp; Voice Services Provider\",\"publisher\":{\"@id\":\"https:\/\/legacy.colt.net\/#organization\"},\"potentialAction\":[{\"@type\":\"SearchAction\",\"target\":{\"@type\":\"EntryPoint\",\"urlTemplate\":\"https:\/\/legacy.colt.net\/?s={search_term_string}\"},\"query-input\":{\"@type\":\"PropertyValueSpecification\",\"valueRequired\":true,\"valueName\":\"search_term_string\"}}],\"inLanguage\":\"de-DE\"},{\"@type\":\"Organization\",\"@id\":\"https:\/\/legacy.colt.net\/#organization\",\"name\":\"Colt Technology Services\",\"url\":\"https:\/\/legacy.colt.net\/\",\"logo\":{\"@type\":\"ImageObject\",\"inLanguage\":\"de-DE\",\"@id\":\"https:\/\/legacy.colt.net\/#\/schema\/logo\/image\/\",\"url\":\"https:\/\/legacy.colt.net\/wp-content\/uploads\/2019\/02\/Colt-Logo.png\",\"contentUrl\":\"https:\/\/legacy.colt.net\/wp-content\/uploads\/2019\/02\/Colt-Logo.png\",\"width\":195,\"height\":77,\"caption\":\"Colt Technology Services\"},\"image\":{\"@id\":\"https:\/\/legacy.colt.net\/#\/schema\/logo\/image\/\"},\"sameAs\":[\"https:\/\/www.facebook.com\/ColtTechnologyServices\/\",\"https:\/\/x.com\/colt_technology\",\"https:\/\/www.instagram.com\/colttechnologyservices\/\",\"https:\/\/www.linkedin.com\/company\/colt-technology-services\",\"https:\/\/www.youtube.com\/user\/ColtTechnology\"]}]}<\/script>\n<!-- \/ Yoast SEO plugin. -->","yoast_head_json":{"title":"SIP Trunking \/ ISDN Services Business | Colt Technology Services | DE","description":"Colt hat eine f\u00fchrende Position auf dem Markt und bietet ein funktionsreiches Produkt, das f\u00fcr alle Haupt-IP-PBX-Anbieter vollst\u00e4ndig zertifiziert wurde.","robots":{"index":"noindex","follow":"follow","max-snippet":"max-snippet:-1","max-image-preview":"max-image-preview:large","max-video-preview":"max-video-preview:-1"},"og_locale":"de_DE","og_type":"article","og_title":"SIP Trunking \/ ISDN Services Business | Colt Technology Services | DE","og_description":"Colt hat eine f\u00fchrende Position auf dem Markt und bietet ein funktionsreiches Produkt, das f\u00fcr alle Haupt-IP-PBX-Anbieter vollst\u00e4ndig zertifiziert wurde.","og_url":"https:\/\/legacy.colt.net\/de\/sipisdn-services\/","og_site_name":"Colt Technology Services","article_publisher":"https:\/\/www.facebook.com\/ColtTechnologyServices\/","article_modified_time":"2021-11-19T11:48:46+00:00","og_image":[{"width":1000,"height":667,"url":"https:\/\/legacy.colt.net\/wp-content\/uploads\/2021\/01\/Brand-2021-Stock-43.jpg","type":"image\/jpeg"}],"twitter_card":"summary_large_image","twitter_site":"@colt_technology","schema":{"@context":"https:\/\/schema.org","@graph":[{"@type":"WebPage","@id":"https:\/\/legacy.colt.net\/de\/sipisdn-services\/","url":"https:\/\/legacy.colt.net\/de\/sipisdn-services\/","name":"SIP Trunking \/ ISDN Services Business | Colt Technology Services | DE","isPartOf":{"@id":"https:\/\/legacy.colt.net\/#website"},"primaryImageOfPage":{"@id":"https:\/\/legacy.colt.net\/de\/sipisdn-services\/#primaryimage"},"image":{"@id":"https:\/\/legacy.colt.net\/de\/sipisdn-services\/#primaryimage"},"thumbnailUrl":"https:\/\/legacy.colt.net\/wp-content\/uploads\/2021\/01\/Voice.png","datePublished":"2017-03-30T08:46:29+00:00","dateModified":"2021-11-19T11:48:46+00:00","description":"Colt hat eine f\u00fchrende Position auf dem Markt und bietet ein funktionsreiches Produkt, das f\u00fcr alle Haupt-IP-PBX-Anbieter vollst\u00e4ndig zertifiziert wurde.","breadcrumb":{"@id":"https:\/\/legacy.colt.net\/de\/sipisdn-services\/#breadcrumb"},"inLanguage":"de-DE","potentialAction":[{"@type":"ReadAction","target":["https:\/\/legacy.colt.net\/de\/sipisdn-services\/"]}]},{"@type":"ImageObject","inLanguage":"de-DE","@id":"https:\/\/legacy.colt.net\/de\/sipisdn-services\/#primaryimage","url":"https:\/\/legacy.colt.net\/wp-content\/uploads\/2021\/01\/Voice.png","contentUrl":"https:\/\/legacy.colt.net\/wp-content\/uploads\/2021\/01\/Voice.png"},{"@type":"BreadcrumbList","@id":"https:\/\/legacy.colt.net\/de\/sipisdn-services\/#breadcrumb","itemListElement":[{"@type":"ListItem","position":1,"name":"Home","item":"https:\/\/legacy.colt.net\/de\/"},{"@type":"ListItem","position":2,"name":"SIP Trunking \/ ISDN Services Business Phone Services"}]},{"@type":"WebSite","@id":"https:\/\/legacy.colt.net\/#website","url":"https:\/\/legacy.colt.net\/","name":"Colt\u30c6\u30af\u30ce\u30ed\u30b8\u30fc\u30b5\u30fc\u30d3\u30b9\u682a\u5f0f\u4f1a\u793e","description":"Managed Network &amp; Voice Services Provider","publisher":{"@id":"https:\/\/legacy.colt.net\/#organization"},"potentialAction":[{"@type":"SearchAction","target":{"@type":"EntryPoint","urlTemplate":"https:\/\/legacy.colt.net\/?s={search_term_string}"},"query-input":{"@type":"PropertyValueSpecification","valueRequired":true,"valueName":"search_term_string"}}],"inLanguage":"de-DE"},{"@type":"Organization","@id":"https:\/\/legacy.colt.net\/#organization","name":"Colt Technology Services","url":"https:\/\/legacy.colt.net\/","logo":{"@type":"ImageObject","inLanguage":"de-DE","@id":"https:\/\/legacy.colt.net\/#\/schema\/logo\/image\/","url":"https:\/\/legacy.colt.net\/wp-content\/uploads\/2019\/02\/Colt-Logo.png","contentUrl":"https:\/\/legacy.colt.net\/wp-content\/uploads\/2019\/02\/Colt-Logo.png","width":195,"height":77,"caption":"Colt Technology Services"},"image":{"@id":"https:\/\/legacy.colt.net\/#\/schema\/logo\/image\/"},"sameAs":["https:\/\/www.facebook.com\/ColtTechnologyServices\/","https:\/\/x.com\/colt_technology","https:\/\/www.instagram.com\/colttechnologyservices\/","https:\/\/www.linkedin.com\/company\/colt-technology-services","https:\/\/www.youtube.com\/user\/ColtTechnology"]}]}},"_links":{"self":[{"href":"https:\/\/legacy.colt.net\/de\/wp-json\/wp\/v2\/pages\/35485","targetHints":{"allow":["GET"]}}],"collection":[{"href":"https:\/\/legacy.colt.net\/de\/wp-json\/wp\/v2\/pages"}],"about":[{"href":"https:\/\/legacy.colt.net\/de\/wp-json\/wp\/v2\/types\/page"}],"author":[{"embeddable":true,"href":"https:\/\/legacy.colt.net\/de\/wp-json\/wp\/v2\/users\/2"}],"replies":[{"embeddable":true,"href":"https:\/\/legacy.colt.net\/de\/wp-json\/wp\/v2\/comments?post=35485"}],"version-history":[{"count":0,"href":"https:\/\/legacy.colt.net\/de\/wp-json\/wp\/v2\/pages\/35485\/revisions"}],"wp:attachment":[{"href":"https:\/\/legacy.colt.net\/de\/wp-json\/wp\/v2\/media?parent=35485"}],"wp:term":[{"taxonomy":"colt_type","embeddable":true,"href":"https:\/\/legacy.colt.net\/de\/wp-json\/wp\/v2\/colt_type?post=35485"},{"taxonomy":"colt_products","embeddable":true,"href":"https:\/\/legacy.colt.net\/de\/wp-json\/wp\/v2\/colt_products?post=35485"}],"curies":[{"name":"wp","href":"https:\/\/api.w.org\/{rel}","templated":true}]}}