{"id":35481,"date":"2017-03-30T09:46:07","date_gmt":"2017-03-30T09:46:07","guid":{"rendered":"https:\/\/www.colt.net\/service-provider-solutions\/"},"modified":"2021-07-21T15:19:55","modified_gmt":"2021-07-21T14:19:55","slug":"service-provider-solutions","status":"publish","type":"page","link":"https:\/\/legacy.colt.net\/de\/service-provider-solutions\/","title":{"rendered":"Service Provider Solutions"},"content":{"rendered":"\n<h1>\n\t\tService provider solutions\n\t<\/h1>\n<h2>\n\t\tProdukte &#038; Netzwerkservice\n\t<\/h2>\n\t<nav class=\"breadcrumb\"><span><span><a href=\"https:\/\/legacy.colt.net\/de\/\">Home<\/a><\/span><\/span><\/nav>\n\t<p>Colt hat f\u00fcr seine Netzbetreiber, Wiederverk\u00e4ufer und Dienstanbieter L\u00f6sungen f\u00fcr Sprachdienstleister im Gro\u00dfhandel entwickelt, mit denen Sie Ihre eigenen Sprachdienste mit minimalen Investitionen in neuen M\u00e4rkten verkaufen k\u00f6nnen.<\/p>\n\t<a href=\"https:\/\/legacy.colt.net\/de\/product\/white-label-losungen\/\" target=\"_self\" rel=\"noopener\"><\/a> \n\t\t\t\t<img decoding=\"async\" src=\"https:\/\/legacy.colt.net\/wp-content\/uploads\/2021\/01\/Connected-voice-services-1.png\" alt=\"Connected-voice-services 1\" title=\"Connected-voice-services 1\" itemprop=\"image\"\/>\n\t\t<h3>White label<\/h3>\t\t\t\n\t\t\t\t<p>Werden Sie Colt-Reseller und nutzen Sie unsere White-Label-Services f\u00fcr VoIP und Voice.<\/p>\n\t<a href=\"https:\/\/legacy.colt.net\/de\/product\/number-hosting\/\" target=\"_self\" rel=\"noopener\"><\/a> \n\t\t\t\t<img decoding=\"async\" src=\"https:\/\/legacy.colt.net\/wp-content\/uploads\/2021\/01\/Ethernet.png\" alt=\"Ethernet\" title=\"Ethernet\" itemprop=\"image\"\/>\n\t\t<h3>Number hosting<\/h3>\t\t\t\n\t\t\t\t<p>Rufnummern-Hosting und europaweites SIP-Trunking unter Ihrer eigenen Marke.<\/p>\n\t<a href=\"https:\/\/legacy.colt.net\/de\/product\/in-over-carrier-voip\/\" target=\"_self\" rel=\"noopener\"><\/a> \n\t\t\t\t<img decoding=\"async\" src=\"https:\/\/legacy.colt.net\/wp-content\/uploads\/2021\/01\/Voice.png\" alt=\"Voice\" title=\"Voice\" itemprop=\"image\"\/>\n\t\t<h3>IN over carrier VoIP<\/h3>\t\t\t\n\t\t\t\t<p>IN-VoIP-Dienste in 13 europ\u00e4ischen L\u00e4ndern \u00fcber unser preisgekr\u00f6ntes Netz.<\/p>\n\n","protected":false},"excerpt":{"rendered":"<p>Service provider solutions Produkte &#038; Netzwerkservice Colt hat f\u00fcr seine Netzbetreiber, Wiederverk\u00e4ufer und Dienstanbieter L\u00f6sungen f\u00fcr Sprachdienstleister im Gro\u00dfhandel entwickelt, mit denen Sie Ihre eigenen Sprachdienste mit minimalen Investitionen in neuen M\u00e4rkten verkaufen k\u00f6nnen. White label Werden Sie Colt-Reseller und nutzen Sie unsere White-Label-Services f\u00fcr VoIP und Voice. Number hosting Rufnummern-Hosting und europaweites SIP-Trunking unter&#8230;<\/p>\n","protected":false},"author":2,"featured_media":0,"parent":0,"menu_order":0,"comment_status":"closed","ping_status":"closed","template":"","meta":{"_acf_changed":false,"footnotes":""},"colt_type":[],"colt_products":[],"class_list":["post-35481","page","type-page","status-publish","hentry"],"acf":[],"yoast_head":"<!-- This site is optimized with the Yoast SEO plugin v26.8 - https:\/\/yoast.com\/product\/yoast-seo-wordpress\/ -->\n<title>Service Provider Solutions | Colt Technology Services | DE<\/title>\n<meta name=\"description\" content=\"Colt hat L\u00f6sungen f\u00fcr Sprachdienstleister im Gro\u00dfhandel entwickelt, mit denen Sie Ihre eigenen Sprachdienste verkaufen k\u00f6nnen.\" \/>\n<meta name=\"robots\" content=\"noindex, follow, max-snippet:-1, max-image-preview:large, max-video-preview:-1\" \/>\n<meta property=\"og:locale\" content=\"de_DE\" \/>\n<meta property=\"og:type\" content=\"article\" \/>\n<meta property=\"og:title\" content=\"Service Provider Solutions | Colt Technology Services | DE\" \/>\n<meta property=\"og:description\" content=\"Colt hat L\u00f6sungen f\u00fcr Sprachdienstleister im Gro\u00dfhandel entwickelt, mit denen Sie Ihre eigenen Sprachdienste verkaufen k\u00f6nnen.\" \/>\n<meta property=\"og:url\" content=\"https:\/\/legacy.colt.net\/de\/service-provider-solutions\/\" \/>\n<meta property=\"og:site_name\" content=\"Colt Technology Services\" \/>\n<meta property=\"article:publisher\" content=\"https:\/\/www.facebook.com\/ColtTechnologyServices\/\" \/>\n<meta property=\"article:modified_time\" content=\"2021-07-21T14:19:55+00:00\" \/>\n<meta property=\"og:image\" content=\"https:\/\/legacy.colt.net\/wp-content\/uploads\/2021\/01\/Brand-2021-Stock-20.jpg\" \/>\n\t<meta property=\"og:image:width\" content=\"1000\" \/>\n\t<meta property=\"og:image:height\" content=\"652\" \/>\n\t<meta property=\"og:image:type\" content=\"image\/jpeg\" \/>\n<meta name=\"twitter:card\" content=\"summary_large_image\" \/>\n<meta name=\"twitter:site\" content=\"@colt_technology\" \/>\n<script type=\"application\/ld+json\" class=\"yoast-schema-graph\">{\"@context\":\"https:\/\/schema.org\",\"@graph\":[{\"@type\":\"WebPage\",\"@id\":\"https:\/\/legacy.colt.net\/de\/service-provider-solutions\/\",\"url\":\"https:\/\/legacy.colt.net\/de\/service-provider-solutions\/\",\"name\":\"Service Provider Solutions | Colt Technology Services | DE\",\"isPartOf\":{\"@id\":\"https:\/\/legacy.colt.net\/#website\"},\"primaryImageOfPage\":{\"@id\":\"https:\/\/legacy.colt.net\/de\/service-provider-solutions\/#primaryimage\"},\"image\":{\"@id\":\"https:\/\/legacy.colt.net\/de\/service-provider-solutions\/#primaryimage\"},\"thumbnailUrl\":\"https:\/\/legacy.colt.net\/wp-content\/uploads\/2021\/01\/Connected-voice-services-1.png\",\"datePublished\":\"2017-03-30T09:46:07+00:00\",\"dateModified\":\"2021-07-21T14:19:55+00:00\",\"description\":\"Colt hat L\u00f6sungen f\u00fcr Sprachdienstleister im Gro\u00dfhandel entwickelt, mit denen Sie Ihre eigenen Sprachdienste verkaufen k\u00f6nnen.\",\"breadcrumb\":{\"@id\":\"https:\/\/legacy.colt.net\/de\/service-provider-solutions\/#breadcrumb\"},\"inLanguage\":\"de-DE\",\"potentialAction\":[{\"@type\":\"ReadAction\",\"target\":[\"https:\/\/legacy.colt.net\/de\/service-provider-solutions\/\"]}]},{\"@type\":\"ImageObject\",\"inLanguage\":\"de-DE\",\"@id\":\"https:\/\/legacy.colt.net\/de\/service-provider-solutions\/#primaryimage\",\"url\":\"https:\/\/legacy.colt.net\/wp-content\/uploads\/2021\/01\/Connected-voice-services-1.png\",\"contentUrl\":\"https:\/\/legacy.colt.net\/wp-content\/uploads\/2021\/01\/Connected-voice-services-1.png\"},{\"@type\":\"BreadcrumbList\",\"@id\":\"https:\/\/legacy.colt.net\/de\/service-provider-solutions\/#breadcrumb\",\"itemListElement\":[{\"@type\":\"ListItem\",\"position\":1,\"name\":\"Home\",\"item\":\"https:\/\/legacy.colt.net\/de\/\"},{\"@type\":\"ListItem\",\"position\":2,\"name\":\"Service Provider Solutions\"}]},{\"@type\":\"WebSite\",\"@id\":\"https:\/\/legacy.colt.net\/#website\",\"url\":\"https:\/\/legacy.colt.net\/\",\"name\":\"Colt\u30c6\u30af\u30ce\u30ed\u30b8\u30fc\u30b5\u30fc\u30d3\u30b9\u682a\u5f0f\u4f1a\u793e\",\"description\":\"Managed Network &amp; Voice Services Provider\",\"publisher\":{\"@id\":\"https:\/\/legacy.colt.net\/#organization\"},\"potentialAction\":[{\"@type\":\"SearchAction\",\"target\":{\"@type\":\"EntryPoint\",\"urlTemplate\":\"https:\/\/legacy.colt.net\/?s={search_term_string}\"},\"query-input\":{\"@type\":\"PropertyValueSpecification\",\"valueRequired\":true,\"valueName\":\"search_term_string\"}}],\"inLanguage\":\"de-DE\"},{\"@type\":\"Organization\",\"@id\":\"https:\/\/legacy.colt.net\/#organization\",\"name\":\"Colt Technology Services\",\"url\":\"https:\/\/legacy.colt.net\/\",\"logo\":{\"@type\":\"ImageObject\",\"inLanguage\":\"de-DE\",\"@id\":\"https:\/\/legacy.colt.net\/#\/schema\/logo\/image\/\",\"url\":\"https:\/\/legacy.colt.net\/wp-content\/uploads\/2019\/02\/Colt-Logo.png\",\"contentUrl\":\"https:\/\/legacy.colt.net\/wp-content\/uploads\/2019\/02\/Colt-Logo.png\",\"width\":195,\"height\":77,\"caption\":\"Colt Technology Services\"},\"image\":{\"@id\":\"https:\/\/legacy.colt.net\/#\/schema\/logo\/image\/\"},\"sameAs\":[\"https:\/\/www.facebook.com\/ColtTechnologyServices\/\",\"https:\/\/x.com\/colt_technology\",\"https:\/\/www.instagram.com\/colttechnologyservices\/\",\"https:\/\/www.linkedin.com\/company\/colt-technology-services\",\"https:\/\/www.youtube.com\/user\/ColtTechnology\"]}]}<\/script>\n<!-- \/ Yoast SEO plugin. -->","yoast_head_json":{"title":"Service Provider Solutions | Colt Technology Services | DE","description":"Colt hat L\u00f6sungen f\u00fcr Sprachdienstleister im Gro\u00dfhandel entwickelt, mit denen Sie Ihre eigenen Sprachdienste verkaufen k\u00f6nnen.","robots":{"index":"noindex","follow":"follow","max-snippet":"max-snippet:-1","max-image-preview":"max-image-preview:large","max-video-preview":"max-video-preview:-1"},"og_locale":"de_DE","og_type":"article","og_title":"Service Provider Solutions | Colt Technology Services | DE","og_description":"Colt hat L\u00f6sungen f\u00fcr Sprachdienstleister im Gro\u00dfhandel entwickelt, mit denen Sie Ihre eigenen Sprachdienste verkaufen k\u00f6nnen.","og_url":"https:\/\/legacy.colt.net\/de\/service-provider-solutions\/","og_site_name":"Colt Technology Services","article_publisher":"https:\/\/www.facebook.com\/ColtTechnologyServices\/","article_modified_time":"2021-07-21T14:19:55+00:00","og_image":[{"width":1000,"height":652,"url":"https:\/\/legacy.colt.net\/wp-content\/uploads\/2021\/01\/Brand-2021-Stock-20.jpg","type":"image\/jpeg"}],"twitter_card":"summary_large_image","twitter_site":"@colt_technology","schema":{"@context":"https:\/\/schema.org","@graph":[{"@type":"WebPage","@id":"https:\/\/legacy.colt.net\/de\/service-provider-solutions\/","url":"https:\/\/legacy.colt.net\/de\/service-provider-solutions\/","name":"Service Provider Solutions | Colt Technology Services | DE","isPartOf":{"@id":"https:\/\/legacy.colt.net\/#website"},"primaryImageOfPage":{"@id":"https:\/\/legacy.colt.net\/de\/service-provider-solutions\/#primaryimage"},"image":{"@id":"https:\/\/legacy.colt.net\/de\/service-provider-solutions\/#primaryimage"},"thumbnailUrl":"https:\/\/legacy.colt.net\/wp-content\/uploads\/2021\/01\/Connected-voice-services-1.png","datePublished":"2017-03-30T09:46:07+00:00","dateModified":"2021-07-21T14:19:55+00:00","description":"Colt hat L\u00f6sungen f\u00fcr Sprachdienstleister im Gro\u00dfhandel entwickelt, mit denen Sie Ihre eigenen Sprachdienste verkaufen k\u00f6nnen.","breadcrumb":{"@id":"https:\/\/legacy.colt.net\/de\/service-provider-solutions\/#breadcrumb"},"inLanguage":"de-DE","potentialAction":[{"@type":"ReadAction","target":["https:\/\/legacy.colt.net\/de\/service-provider-solutions\/"]}]},{"@type":"ImageObject","inLanguage":"de-DE","@id":"https:\/\/legacy.colt.net\/de\/service-provider-solutions\/#primaryimage","url":"https:\/\/legacy.colt.net\/wp-content\/uploads\/2021\/01\/Connected-voice-services-1.png","contentUrl":"https:\/\/legacy.colt.net\/wp-content\/uploads\/2021\/01\/Connected-voice-services-1.png"},{"@type":"BreadcrumbList","@id":"https:\/\/legacy.colt.net\/de\/service-provider-solutions\/#breadcrumb","itemListElement":[{"@type":"ListItem","position":1,"name":"Home","item":"https:\/\/legacy.colt.net\/de\/"},{"@type":"ListItem","position":2,"name":"Service Provider Solutions"}]},{"@type":"WebSite","@id":"https:\/\/legacy.colt.net\/#website","url":"https:\/\/legacy.colt.net\/","name":"Colt\u30c6\u30af\u30ce\u30ed\u30b8\u30fc\u30b5\u30fc\u30d3\u30b9\u682a\u5f0f\u4f1a\u793e","description":"Managed Network &amp; Voice Services Provider","publisher":{"@id":"https:\/\/legacy.colt.net\/#organization"},"potentialAction":[{"@type":"SearchAction","target":{"@type":"EntryPoint","urlTemplate":"https:\/\/legacy.colt.net\/?s={search_term_string}"},"query-input":{"@type":"PropertyValueSpecification","valueRequired":true,"valueName":"search_term_string"}}],"inLanguage":"de-DE"},{"@type":"Organization","@id":"https:\/\/legacy.colt.net\/#organization","name":"Colt Technology Services","url":"https:\/\/legacy.colt.net\/","logo":{"@type":"ImageObject","inLanguage":"de-DE","@id":"https:\/\/legacy.colt.net\/#\/schema\/logo\/image\/","url":"https:\/\/legacy.colt.net\/wp-content\/uploads\/2019\/02\/Colt-Logo.png","contentUrl":"https:\/\/legacy.colt.net\/wp-content\/uploads\/2019\/02\/Colt-Logo.png","width":195,"height":77,"caption":"Colt Technology Services"},"image":{"@id":"https:\/\/legacy.colt.net\/#\/schema\/logo\/image\/"},"sameAs":["https:\/\/www.facebook.com\/ColtTechnologyServices\/","https:\/\/x.com\/colt_technology","https:\/\/www.instagram.com\/colttechnologyservices\/","https:\/\/www.linkedin.com\/company\/colt-technology-services","https:\/\/www.youtube.com\/user\/ColtTechnology"]}]}},"_links":{"self":[{"href":"https:\/\/legacy.colt.net\/de\/wp-json\/wp\/v2\/pages\/35481","targetHints":{"allow":["GET"]}}],"collection":[{"href":"https:\/\/legacy.colt.net\/de\/wp-json\/wp\/v2\/pages"}],"about":[{"href":"https:\/\/legacy.colt.net\/de\/wp-json\/wp\/v2\/types\/page"}],"author":[{"embeddable":true,"href":"https:\/\/legacy.colt.net\/de\/wp-json\/wp\/v2\/users\/2"}],"replies":[{"embeddable":true,"href":"https:\/\/legacy.colt.net\/de\/wp-json\/wp\/v2\/comments?post=35481"}],"version-history":[{"count":0,"href":"https:\/\/legacy.colt.net\/de\/wp-json\/wp\/v2\/pages\/35481\/revisions"}],"wp:attachment":[{"href":"https:\/\/legacy.colt.net\/de\/wp-json\/wp\/v2\/media?parent=35481"}],"wp:term":[{"taxonomy":"colt_type","embeddable":true,"href":"https:\/\/legacy.colt.net\/de\/wp-json\/wp\/v2\/colt_type?post=35481"},{"taxonomy":"colt_products","embeddable":true,"href":"https:\/\/legacy.colt.net\/de\/wp-json\/wp\/v2\/colt_products?post=35481"}],"curies":[{"name":"wp","href":"https:\/\/api.w.org\/{rel}","templated":true}]}}