{"id":35474,"date":"2015-08-18T15:31:27","date_gmt":"2015-08-18T15:31:27","guid":{"rendered":"https:\/\/www.colt.net\/surcharge__trashed\/"},"modified":"2019-12-03T15:54:13","modified_gmt":"2019-12-03T15:54:13","slug":"surcharge","status":"publish","type":"page","link":"https:\/\/legacy.colt.net\/de\/surcharge\/","title":{"rendered":"Regulatorischer Zuschlag"},"content":{"rendered":"<h1>\n\t<\/h1>\n<h3>\n\t<\/h3>\n\t<nav class=\"breadcrumb\"><span><span><a href=\"https:\/\/legacy.colt.net\/de\/\">Home<\/a><\/span><\/span><\/nav>\n\t<p>Im September 2015 wird Colt von seinen Network Services beziehenden Kunden einen einmaligen regulatorischen Zuschlag erheben. Dieser Zuschlag stellt einen Beitrag zu unseren erheblichen Investitionen dar, welche wir aufgrund neuer regulatorischer Verpflichtungen sowohl auf nationaler wie auch auf europ\u00e4ischer Ebene in der letzten Zeit t\u00e4tigen mussten.<\/p>\n<p>Beispielhaft sei hier die f\u00fcr uns investitionsintensive EU-Richtlinie, die \u201aSecurity and Integrity of Electronic Communications\u2018 angef\u00fchrt.<\/p>\n<p>Diese Richtlinie verpflichtet nationale Regulierungsbeh\u00f6rden dazu, Ma\u00dfnahmen zu ergreifen, welche Service-Provider ihrerseits verpflichten, ad\u00e4quate Sicherheitsma\u00dfnahmen und Vorkehrungen zur Sicherstellung der Betriebssicherheit ihrer Netzwerke zu treffen und St\u00f6rungen und kritische Eingriffe in das Netzwerk zu melden. Details hierzu entnehmen Sie bitte dem\u00a0<a href=\"https:\/\/www.google.co.uk\/url?sa=t&amp;rct=j&amp;q=&amp;esrc=s&amp;source=web&amp;cd=1&amp;cad=rja&amp;uact=8&amp;ved=0CCgQFjAAahUKEwjMg4nmuY_HAhUj_HIKHfkWDW0&amp;url=http%3A%2F%2Fwww.enisa.europa.eu%2Factivities%2FResilience-and-CIIP%2FIncidents-reporting%2Fproposal-for-one-security-framework-for-articles-4-and-13a%2Fat_download%2FfullReport&amp;ei=GLPAVcyXBaP4ywP5rbToBg&amp;usg=AFQjCNG6K9b-ySNDFGTQpJixa1Ra-3cj9g&amp;bvm=bv.99261572,d.bGQ\" target=\"_blank\" rel=\"noopener noreferrer\">hier<\/a>\u00a0verlinkten Dokument der \u201aEuropean Union Agency for Network and Information Security\u2018 (ENISA).<\/p>\nNachdem diese EU-Richtlinie mit der TKG-Novelle 2012 in nationales Recht umgesetzt wurde, haben die nationalen Regulierungsbeh\u00f6rden daran gearbeitet, spezifische Vorschriften und Verfahren im Einklang mit diesen EU-Vorgaben zu entwickeln. Die jeweils nationalen Gesetzgebungen und nationalen Vorschriften zur Umsetzung variieren von Land zu Land.<br \/>\nAus diesem Grund hat Colt ein umfangreiches Investitionsprogramm gestartet, um seine Systeme und Arbeitsabl\u00e4ufe gem\u00e4\u00df den Vorgaben zu pr\u00fcfen, zu entwickeln, zu \u00fcberwachen und zu dokumentieren.\n<p>Gerne stehen wir Ihnen f\u00fcr weitere Ausk\u00fcnfte zu diesem regulatorischen Zuschlag zur Verf\u00fcgung.\u00a0<a href=\"mailto:Customer.Enquiry.Management@colt.net?subject=NWSS%20-%20Surcharge%20Enquiry\">Klicken Sie hier.<\/a><\/p>\n","protected":false},"excerpt":{"rendered":"<p>Im September 2015 wird Colt von seinen Network Services beziehenden Kunden einen einmaligen regulatorischen Zuschlag erheben. Dieser Zuschlag stellt einen Beitrag zu unseren erheblichen Investitionen dar, welche wir aufgrund neuer regulatorischer Verpflichtungen sowohl auf nationaler wie auch auf europ\u00e4ischer Ebene in der letzten Zeit t\u00e4tigen mussten. Beispielhaft sei hier die f\u00fcr uns investitionsintensive EU-Richtlinie, die&#8230;<\/p>\n","protected":false},"author":2,"featured_media":0,"parent":0,"menu_order":0,"comment_status":"open","ping_status":"closed","template":"","meta":{"_acf_changed":false,"footnotes":""},"colt_type":[],"colt_products":[],"class_list":["post-35474","page","type-page","status-publish","hentry"],"acf":[],"yoast_head":"<!-- This site is optimized with the Yoast SEO plugin v26.8 - https:\/\/yoast.com\/product\/yoast-seo-wordpress\/ -->\n<title>Regulatorischer Zuschlag - Colt Technology Services | DE<\/title>\n<meta name=\"description\" content=\"Im September 2015 wird Colt von seinen Network Services beziehenden Kunden einen einmaligen regulatorischen Zuschlag erheben.\" \/>\n<meta name=\"robots\" content=\"noindex, follow, max-snippet:-1, max-image-preview:large, max-video-preview:-1\" \/>\n<meta property=\"og:locale\" content=\"de_DE\" \/>\n<meta property=\"og:type\" content=\"article\" \/>\n<meta property=\"og:title\" content=\"Regulatorischer Zuschlag - Colt Technology Services | DE\" \/>\n<meta property=\"og:description\" content=\"Im September 2015 wird Colt von seinen Network Services beziehenden Kunden einen einmaligen regulatorischen Zuschlag erheben.\" \/>\n<meta property=\"og:url\" content=\"https:\/\/legacy.colt.net\/de\/surcharge\/\" \/>\n<meta property=\"og:site_name\" content=\"Colt Technology Services\" \/>\n<meta property=\"article:publisher\" content=\"https:\/\/www.facebook.com\/ColtTechnologyServices\/\" \/>\n<meta property=\"article:modified_time\" content=\"2019-12-03T15:54:13+00:00\" \/>\n<meta property=\"og:image\" content=\"https:\/\/legacy.colt.net\/wp-content\/uploads\/2021\/01\/Brand-2021-Stock-10-1.jpg\" \/>\n\t<meta property=\"og:image:width\" content=\"1000\" \/>\n\t<meta property=\"og:image:height\" content=\"668\" \/>\n\t<meta property=\"og:image:type\" content=\"image\/jpeg\" \/>\n<meta name=\"twitter:card\" content=\"summary_large_image\" \/>\n<meta name=\"twitter:site\" content=\"@colt_technology\" \/>\n<meta name=\"twitter:label1\" content=\"Est. reading time\" \/>\n\t<meta name=\"twitter:data1\" content=\"1 minute\" \/>\n<script type=\"application\/ld+json\" class=\"yoast-schema-graph\">{\"@context\":\"https:\/\/schema.org\",\"@graph\":[{\"@type\":\"WebPage\",\"@id\":\"https:\/\/legacy.colt.net\/de\/surcharge\/\",\"url\":\"https:\/\/legacy.colt.net\/de\/surcharge\/\",\"name\":\"Regulatorischer Zuschlag - Colt Technology Services | DE\",\"isPartOf\":{\"@id\":\"https:\/\/legacy.colt.net\/#website\"},\"datePublished\":\"2015-08-18T15:31:27+00:00\",\"dateModified\":\"2019-12-03T15:54:13+00:00\",\"description\":\"Im September 2015 wird Colt von seinen Network Services beziehenden Kunden einen einmaligen regulatorischen Zuschlag erheben.\",\"breadcrumb\":{\"@id\":\"https:\/\/legacy.colt.net\/de\/surcharge\/#breadcrumb\"},\"inLanguage\":\"de-DE\",\"potentialAction\":[{\"@type\":\"ReadAction\",\"target\":[\"https:\/\/legacy.colt.net\/de\/surcharge\/\"]}]},{\"@type\":\"BreadcrumbList\",\"@id\":\"https:\/\/legacy.colt.net\/de\/surcharge\/#breadcrumb\",\"itemListElement\":[{\"@type\":\"ListItem\",\"position\":1,\"name\":\"Home\",\"item\":\"https:\/\/legacy.colt.net\/de\/\"},{\"@type\":\"ListItem\",\"position\":2,\"name\":\"Regulatorischer Zuschlag\"}]},{\"@type\":\"WebSite\",\"@id\":\"https:\/\/legacy.colt.net\/#website\",\"url\":\"https:\/\/legacy.colt.net\/\",\"name\":\"Colt\u30c6\u30af\u30ce\u30ed\u30b8\u30fc\u30b5\u30fc\u30d3\u30b9\u682a\u5f0f\u4f1a\u793e\",\"description\":\"Managed Network &amp; Voice Services Provider\",\"publisher\":{\"@id\":\"https:\/\/legacy.colt.net\/#organization\"},\"potentialAction\":[{\"@type\":\"SearchAction\",\"target\":{\"@type\":\"EntryPoint\",\"urlTemplate\":\"https:\/\/legacy.colt.net\/?s={search_term_string}\"},\"query-input\":{\"@type\":\"PropertyValueSpecification\",\"valueRequired\":true,\"valueName\":\"search_term_string\"}}],\"inLanguage\":\"de-DE\"},{\"@type\":\"Organization\",\"@id\":\"https:\/\/legacy.colt.net\/#organization\",\"name\":\"Colt Technology Services\",\"url\":\"https:\/\/legacy.colt.net\/\",\"logo\":{\"@type\":\"ImageObject\",\"inLanguage\":\"de-DE\",\"@id\":\"https:\/\/legacy.colt.net\/#\/schema\/logo\/image\/\",\"url\":\"https:\/\/legacy.colt.net\/wp-content\/uploads\/2019\/02\/Colt-Logo.png\",\"contentUrl\":\"https:\/\/legacy.colt.net\/wp-content\/uploads\/2019\/02\/Colt-Logo.png\",\"width\":195,\"height\":77,\"caption\":\"Colt Technology Services\"},\"image\":{\"@id\":\"https:\/\/legacy.colt.net\/#\/schema\/logo\/image\/\"},\"sameAs\":[\"https:\/\/www.facebook.com\/ColtTechnologyServices\/\",\"https:\/\/x.com\/colt_technology\",\"https:\/\/www.instagram.com\/colttechnologyservices\/\",\"https:\/\/www.linkedin.com\/company\/colt-technology-services\",\"https:\/\/www.youtube.com\/user\/ColtTechnology\"]}]}<\/script>\n<!-- \/ Yoast SEO plugin. -->","yoast_head_json":{"title":"Regulatorischer Zuschlag - Colt Technology Services | DE","description":"Im September 2015 wird Colt von seinen Network Services beziehenden Kunden einen einmaligen regulatorischen Zuschlag erheben.","robots":{"index":"noindex","follow":"follow","max-snippet":"max-snippet:-1","max-image-preview":"max-image-preview:large","max-video-preview":"max-video-preview:-1"},"og_locale":"de_DE","og_type":"article","og_title":"Regulatorischer Zuschlag - Colt Technology Services | DE","og_description":"Im September 2015 wird Colt von seinen Network Services beziehenden Kunden einen einmaligen regulatorischen Zuschlag erheben.","og_url":"https:\/\/legacy.colt.net\/de\/surcharge\/","og_site_name":"Colt Technology Services","article_publisher":"https:\/\/www.facebook.com\/ColtTechnologyServices\/","article_modified_time":"2019-12-03T15:54:13+00:00","og_image":[{"width":1000,"height":668,"url":"https:\/\/legacy.colt.net\/wp-content\/uploads\/2021\/01\/Brand-2021-Stock-10-1.jpg","type":"image\/jpeg"}],"twitter_card":"summary_large_image","twitter_site":"@colt_technology","twitter_misc":{"Est. reading time":"1 minute"},"schema":{"@context":"https:\/\/schema.org","@graph":[{"@type":"WebPage","@id":"https:\/\/legacy.colt.net\/de\/surcharge\/","url":"https:\/\/legacy.colt.net\/de\/surcharge\/","name":"Regulatorischer Zuschlag - Colt Technology Services | DE","isPartOf":{"@id":"https:\/\/legacy.colt.net\/#website"},"datePublished":"2015-08-18T15:31:27+00:00","dateModified":"2019-12-03T15:54:13+00:00","description":"Im September 2015 wird Colt von seinen Network Services beziehenden Kunden einen einmaligen regulatorischen Zuschlag erheben.","breadcrumb":{"@id":"https:\/\/legacy.colt.net\/de\/surcharge\/#breadcrumb"},"inLanguage":"de-DE","potentialAction":[{"@type":"ReadAction","target":["https:\/\/legacy.colt.net\/de\/surcharge\/"]}]},{"@type":"BreadcrumbList","@id":"https:\/\/legacy.colt.net\/de\/surcharge\/#breadcrumb","itemListElement":[{"@type":"ListItem","position":1,"name":"Home","item":"https:\/\/legacy.colt.net\/de\/"},{"@type":"ListItem","position":2,"name":"Regulatorischer Zuschlag"}]},{"@type":"WebSite","@id":"https:\/\/legacy.colt.net\/#website","url":"https:\/\/legacy.colt.net\/","name":"Colt\u30c6\u30af\u30ce\u30ed\u30b8\u30fc\u30b5\u30fc\u30d3\u30b9\u682a\u5f0f\u4f1a\u793e","description":"Managed Network &amp; Voice Services Provider","publisher":{"@id":"https:\/\/legacy.colt.net\/#organization"},"potentialAction":[{"@type":"SearchAction","target":{"@type":"EntryPoint","urlTemplate":"https:\/\/legacy.colt.net\/?s={search_term_string}"},"query-input":{"@type":"PropertyValueSpecification","valueRequired":true,"valueName":"search_term_string"}}],"inLanguage":"de-DE"},{"@type":"Organization","@id":"https:\/\/legacy.colt.net\/#organization","name":"Colt Technology Services","url":"https:\/\/legacy.colt.net\/","logo":{"@type":"ImageObject","inLanguage":"de-DE","@id":"https:\/\/legacy.colt.net\/#\/schema\/logo\/image\/","url":"https:\/\/legacy.colt.net\/wp-content\/uploads\/2019\/02\/Colt-Logo.png","contentUrl":"https:\/\/legacy.colt.net\/wp-content\/uploads\/2019\/02\/Colt-Logo.png","width":195,"height":77,"caption":"Colt Technology Services"},"image":{"@id":"https:\/\/legacy.colt.net\/#\/schema\/logo\/image\/"},"sameAs":["https:\/\/www.facebook.com\/ColtTechnologyServices\/","https:\/\/x.com\/colt_technology","https:\/\/www.instagram.com\/colttechnologyservices\/","https:\/\/www.linkedin.com\/company\/colt-technology-services","https:\/\/www.youtube.com\/user\/ColtTechnology"]}]}},"_links":{"self":[{"href":"https:\/\/legacy.colt.net\/de\/wp-json\/wp\/v2\/pages\/35474","targetHints":{"allow":["GET"]}}],"collection":[{"href":"https:\/\/legacy.colt.net\/de\/wp-json\/wp\/v2\/pages"}],"about":[{"href":"https:\/\/legacy.colt.net\/de\/wp-json\/wp\/v2\/types\/page"}],"author":[{"embeddable":true,"href":"https:\/\/legacy.colt.net\/de\/wp-json\/wp\/v2\/users\/2"}],"replies":[{"embeddable":true,"href":"https:\/\/legacy.colt.net\/de\/wp-json\/wp\/v2\/comments?post=35474"}],"version-history":[{"count":0,"href":"https:\/\/legacy.colt.net\/de\/wp-json\/wp\/v2\/pages\/35474\/revisions"}],"wp:attachment":[{"href":"https:\/\/legacy.colt.net\/de\/wp-json\/wp\/v2\/media?parent=35474"}],"wp:term":[{"taxonomy":"colt_type","embeddable":true,"href":"https:\/\/legacy.colt.net\/de\/wp-json\/wp\/v2\/colt_type?post=35474"},{"taxonomy":"colt_products","embeddable":true,"href":"https:\/\/legacy.colt.net\/de\/wp-json\/wp\/v2\/colt_products?post=35474"}],"curies":[{"name":"wp","href":"https:\/\/api.w.org\/{rel}","templated":true}]}}