{"id":35428,"date":"2018-10-30T11:09:52","date_gmt":"2018-10-30T11:09:52","guid":{"rendered":"https:\/\/www.colt.net\/products-services\/"},"modified":"2021-10-06T12:50:14","modified_gmt":"2021-10-06T11:50:14","slug":"products-services","status":"publish","type":"page","link":"https:\/\/legacy.colt.net\/de\/products-services\/","title":{"rendered":"Produkte &amp; Netzwerkservice"},"content":{"rendered":"\n<h1>\n\t\tProdukte &#038; Netzwerkservice\n\t<\/h1>\n\t<nav class=\"breadcrumb\"><span><span><a href=\"https:\/\/legacy.colt.net\/de\/\">Home<\/a><\/span><\/span><\/nav>\n\t<p>Wir liefern eine konsistente Servicequalit\u00e4t &#8211; ob in Europa, Asien oder Nordamerika. Basis ist eine <a href=\"https:\/\/legacy.colt.net\/wp-content\/uploads\/2019\/04\/General_Product_Portfolio-DS-DE-1.pdf\">einheitliche Plattform<\/a>, die unsere Firmenkunden von den technischen Details der Digitalisierung entlastet, sodass sie sich auf ihre gesch\u00e4ftlichen Priorit\u00e4ten und die Eroberung neuer M\u00e4rkte konzentrieren k\u00f6nnen.<\/p>\n\t\t\t\t<a href=\"https:\/\/legacy.colt.net\/de\/optical\/\" target=\"_self\" itemprop=\"url\" rel=\"noopener\">\n\t\t\t\t<img loading=\"lazy\" decoding=\"async\" src=\"https:\/\/legacy.colt.net\/wp-content\/uploads\/2020\/12\/Building-your-network-1.png\" alt=\"Building-your-network-1\" itemprop=\"image\" height=\"500\" width=\"500\" title=\"Building-your-network-1\" onerror=\"this.style.display='none'\"  \/>\n\t\t\t\t<\/a>\n<h3>\n\t\t<a href=\"https:\/\/legacy.colt.net\/de\/optical\/\" title=\"Glasfaserl\u00f6sungen\" target=\"_self\" rel=\"noopener\">\n\t\tGlasfaserl\u00f6sungen\n\t\t<\/a>\n\t<\/h3>\n\t<p>Wir bieten umfassende und individuell anpassbare Glasfaserl\u00f6sungen mit \u00fcberragender Leistung und garantierten Netzwerk Routings sowie direkter Anbindung hunderter Rechenzentren in Europa, Nordamerika und Asien. Wichtigste Leistungsmerkmale:<\/p>\n\t| \u00a0<a href=\"https:\/\/legacy.colt.net\/de\/product\/wave\/\">Wavelength Services<\/a><br \/>\n| \u00a0<a href=\"https:\/\/legacy.colt.net\/de\/product\/private-wave\/\">Private Wave<\/a><br \/>\n| \u00a0<a href=\"https:\/\/legacy.colt.net\/de\/product\/spectrum\/\">Spectrum<\/a><br \/>\n| \u00a0<a href=\"https:\/\/legacy.colt.net\/de\/product\/dark-fibre\/\">Dark Fibre Network<\/a><br \/>\n| \u00a0<a href=\"https:\/\/legacy.colt.net\/de\/product\/wireless-backhaul\/\">Wireless Backhaul<\/a>\n\t\t\t\t<a href=\"https:\/\/legacy.colt.net\/de\/ethernet-sub\/\" target=\"_self\" itemprop=\"url\" rel=\"noopener\">\n\t\t\t\t<img loading=\"lazy\" decoding=\"async\" src=\"https:\/\/legacy.colt.net\/wp-content\/uploads\/2021\/01\/Ethernet.png\" alt=\"Ethernet\" itemprop=\"image\" height=\"800\" width=\"800\" title=\"Ethernet\" onerror=\"this.style.display='none'\"  \/>\n\t\t\t\t<\/a>\n<h3>\n\t\t<a href=\"https:\/\/legacy.colt.net\/de\/ethernet-sub\/\" title=\"Ethernet Dienste\" target=\"_self\" rel=\"noopener\">\n\t\tEthernet Dienste\n\t\t<\/a>\n\t<\/h3>\n\t<p>Colt ist in der Branche bekannt f\u00fcr globale Reichweite, Kundenfokus und Innovationen. Unser preisgekr\u00f6ntes Produktprogramm umfasst stabile, sichere und kosteng\u00fcnstige Ethernet L\u00f6sungen, darunter:<\/p>\n\t| \u00a0<a href=\"https:\/\/legacy.colt.net\/de\/product\/ethernet-line\/\">Ethernet Line<\/a><br \/>\n| \u00a0<a href=\"https:\/\/legacy.colt.net\/de\/product\/ethernet-hub-spoke\/\">Ethernet Hub &amp; Spoke<\/a><br \/>\n| \u00a0<a href=\"https:\/\/legacy.colt.net\/de\/product\/ethernet-vpn\/\">Ethernet VPN<\/a><br \/>\n| \u00a0<a href=\"https:\/\/legacy.colt.net\/de\/product\/private-ethernet\/\">Private Ethernet<\/a>\n\t\t\t\t<a href=\"https:\/\/legacy.colt.net\/de\/ip\/\" target=\"_self\" itemprop=\"url\" rel=\"noopener\">\n\t\t\t\t<img loading=\"lazy\" decoding=\"async\" src=\"https:\/\/legacy.colt.net\/wp-content\/uploads\/2021\/01\/IP-Access.png\" alt=\"IP Access\" itemprop=\"image\" height=\"800\" width=\"800\" title=\"IP Access\" onerror=\"this.style.display='none'\"  \/>\n\t\t\t\t<\/a>\n<h3>\n\t\t<a href=\"https:\/\/legacy.colt.net\/de\/ip\/\" title=\"Dedicated Internet, SD WAN &amp; IP VPN\" target=\"_self\" rel=\"noopener\">\n\t\tDedicated Internet, SD WAN &#038; IP VPN\n\t\t<\/a>\n\t<\/h3>\n\t<p>Mit Colt Internet Access erhalten Unternehmensstandorte jeder Gr\u00f6\u00dfe einfach, effizient und sicher Internetanschluss mit garantierter Bandbreite.<\/p>\n\t| \u00a0<a href=\"https:\/\/legacy.colt.net\/de\/product\/ip-access\/\">IP Access<\/a><br \/>\n| \u00a0<a href=\"https:\/\/legacy.colt.net\/de\/product\/sd-wan\/\">SD WAN<\/a><br \/>\n|\u00a0 <a href=\"https:\/\/legacy.colt.net\/de\/product\/sd-wan-white-label\/\">SD WAN White label<\/a><br \/>\n| \u00a0<a href=\"https:\/\/legacy.colt.net\/de\/product\/ip-vpn\/\">IP VPN<\/a>\n\t\t\t\t<a href=\"https:\/\/legacy.colt.net\/de\/voice\/\" target=\"_self\" itemprop=\"url\" rel=\"noopener\">\n\t\t\t\t<img loading=\"lazy\" decoding=\"async\" src=\"https:\/\/legacy.colt.net\/wp-content\/uploads\/2021\/01\/Voice.png\" alt=\"Voice\" itemprop=\"image\" height=\"800\" width=\"800\" title=\"Voice\" onerror=\"this.style.display='none'\"  \/>\n\t\t\t\t<\/a>\n<h3>\n\t\t<a href=\"https:\/\/legacy.colt.net\/de\/voice\/\" title=\"Telefonie\" target=\"_self\" rel=\"noopener\">\n\t\tTelefonie\n\t\t<\/a>\n\t<\/h3>\n\t<p>Die Voice-Services von Colt bieten erstklassige Sprachdienste f\u00fcr Netzbetreiber und Unternehmen:<\/p>\n\t| \u00a0<a href=\"https:\/\/legacy.colt.net\/de\/product\/sip-trunking\/\">SIP Trunking<\/a><br \/>\n| \u00a0<a href=\"https:\/\/legacy.colt.net\/de\/product\/isdn-telefonieservices\/\">ISDN Services<\/a><br \/>\n| \u00a0<a href=\"https:\/\/legacy.colt.net\/de\/product\/colt-intelligent-communications\/\">Intelligent Communications<\/a><br \/>\n|\u00a0 <a href=\"https:\/\/legacy.colt.net\/de\/product\/colt-contact-centre-as-a-service\/\">Contact Centre as a Service<\/a><br \/>\n| \u00a0<a href=\"https:\/\/legacy.colt.net\/de\/in-services\/\">IN Services<\/a><br \/>\n| \u00a0<a href=\"https:\/\/legacy.colt.net\/de\/service-provider-solutions\/\">Wholesale Voice Services<\/a>\n\t\t\t\t<a href=\"https:\/\/legacy.colt.net\/de\/cybersecurity\/\" target=\"_self\" itemprop=\"url\" rel=\"noopener\">\n\t\t\t\t<img loading=\"lazy\" decoding=\"async\" src=\"https:\/\/legacy.colt.net\/wp-content\/uploads\/2021\/01\/Keeping-your-business-secure-1.png\" alt=\"Keeping-your-business-secure-1\" itemprop=\"image\" height=\"500\" width=\"500\" title=\"Keeping-your-business-secure-1\" onerror=\"this.style.display='none'\"  \/>\n\t\t\t\t<\/a>\n<h3>\n\t\t<a href=\"https:\/\/legacy.colt.net\/de\/cybersecurity\/\" title=\"Cybersecurity Services\" target=\"_self\" rel=\"noopener\">\n\t\tCybersecurity Services\n\t\t<\/a>\n\t<\/h3>\n\t<p>Colt Cybersecurity Services erm\u00f6glichen Monitoring, Erkennung und Schutz von Daten und IT-Infrastruktur vor Cyber-Bedrohungen und Sicherheitsvorf\u00e4llen und unterst\u00fctzen Kunden beim Risikomanagement.<\/p>\n\t| \u00a0<a href=\"https:\/\/legacy.colt.net\/de\/product\/managed-firewall\/\">Managed Firewall Services<\/a><br \/>\n| \u00a0<a href=\"https:\/\/legacy.colt.net\/de\/product\/internet-security-ddos-mitigation-web-filter\/\">DDoS Schutz<\/a><br \/>\n| \u00a0<a href=\"https:\/\/legacy.colt.net\/de\/product\/encryption\/\">Colt Netzwerk Verschl\u00fcsselung <\/a>\n\t\t\t\t<a href=\"https:\/\/legacy.colt.net\/de\/cloud-dc\/\" target=\"_self\" itemprop=\"url\" rel=\"noopener\">\n\t\t\t\t<img loading=\"lazy\" decoding=\"async\" src=\"https:\/\/legacy.colt.net\/wp-content\/uploads\/2021\/01\/Connecting-to-the-cloud-1.png\" alt=\"Connecting-to-the-cloud-1\" itemprop=\"image\" height=\"500\" width=\"500\" title=\"Connecting-to-the-cloud-1\" onerror=\"this.style.display='none'\"  \/>\n\t\t\t\t<\/a>\n<h3>\n\t\t<a href=\"https:\/\/legacy.colt.net\/de\/cloud-dc\/\" title=\"Cloud &amp; Data Center Services\" target=\"_self\" rel=\"noopener\">\n\t\tCloud &#038; Data Center Services\n\t\t<\/a>\n\t<\/h3>\n\t<p>Sicherer und zuverl\u00e4ssiger Ethernet- und IP-Zugriff auf Cloud-Provider.<\/p>\n\t| \u00a0<a href=\"https:\/\/legacy.colt.net\/de\/product\/direct-connect\/\">Dedicated Cloud Access<\/a><br \/>\n| \u00a0<a href=\"https:\/\/legacy.colt.net\/de\/product\/cloud-prioritisation\/\">Cloud Prioritisation<\/a><br \/>\n| \u00a0<a href=\"https:\/\/legacy.colt.net\/de\/product\/sd-wan-multi-cloud\/\">SD WAN Multi-Cloud<\/a><br \/>\n| \u00a0<a href=\"https:\/\/legacy.colt.net\/de\/dc-interconnect\/\">Data Center Interconnect<\/a>\n\t\t\t\t<a href=\"https:\/\/legacy.colt.net\/de\/on-demand-network-solutions\/\" target=\"_self\" itemprop=\"url\" rel=\"noopener\">\n\t\t\t\t<img loading=\"lazy\" decoding=\"async\" src=\"https:\/\/legacy.colt.net\/wp-content\/uploads\/2021\/01\/uCPE.png\" alt=\"uCPE\" itemprop=\"image\" height=\"800\" width=\"800\" title=\"uCPE\" onerror=\"this.style.display='none'\"  \/>\n\t\t\t\t<\/a>\n<h3>\n\t\t<a href=\"https:\/\/legacy.colt.net\/de\/on-demand-network-solutions\/\" title=\"On Demand Netzwerkl\u00f6sungen\" target=\"_self\" rel=\"noopener\">\n\t\tOn Demand Netzwerkl\u00f6sungen\n\t\t<\/a>\n\t<\/h3>\n\t<p>Self-Service-Konnektivit\u00e4tsl\u00f6sungen in Echtzeit zwischen allen Kundenstandorten und CloudProvidern<\/p>\n\t| \u00a0<a href=\"https:\/\/legacy.colt.net\/de\/on-demand-network-solutions\/\">Ethernet On Demand<\/a><br \/>\n| \u00a0<a href=\"https:\/\/legacy.colt.net\/de\/dc-interconnect\/\">DC Net On Demand<\/a><br \/>\n| \u00a0<a href=\"https:\/\/legacy.colt.net\/de\/product\/direct-connect\/\">Cloud Access On Demand<\/a>\n\t\t\t\t<a href=\"https:\/\/legacy.colt.net\/de\/capital-markets\/\" target=\"_self\" itemprop=\"url\" rel=\"noopener\">\n\t\t\t\t<img loading=\"lazy\" decoding=\"async\" src=\"https:\/\/legacy.colt.net\/wp-content\/uploads\/2020\/12\/Connecting-your-enterprise-network-2.png\" alt=\"Connecting-your-enterprise-network-2\" itemprop=\"image\" height=\"500\" width=\"500\" title=\"Connecting-your-enterprise-network-2\" onerror=\"this.style.display='none'\"  \/>\n\t\t\t\t<\/a>\n<h3>\n\t\t<a href=\"https:\/\/legacy.colt.net\/de\/capital-markets\/\" title=\"Capital Markets L\u00f6sungen\" target=\"_self\" rel=\"noopener\">\n\t\tCapital Markets L\u00f6sungen\n\t\t<\/a>\n\t<\/h3>\n\t<p>Vollst\u00e4ndig verwaltete, ausfallsichere L\u00f6sungen f\u00fcr Finanzdienstleister \u00fcber das Colt IQ Network.<\/p>\n\t|\u00a0\u00a0 <a href=\"https:\/\/legacy.colt.net\/de\/product\/finanz-extranet\/\">Finanz-Extranet<\/a><br \/>\n|\u00a0 \u00a0<a href=\"https:\/\/legacy.colt.net\/de\/product\/marktdaten-services\/\">Markdaten Services<\/a><br \/>\n|\u00a0 \u00a0<a href=\"https:\/\/legacy.colt.net\/de\/product\/finanz-extranet\/\">Finanz-Extranet<\/a><br \/>\n| \u00a0\u00a0<a href=\"https:\/\/legacy.colt.net\/de\/product\/managed-colocation-und-hosting\/\">Managed Colocation &amp; Hosting<\/a><br \/>\n| \u00a0\u00a0<a href=\"https:\/\/legacy.colt.net\/de\/product\/ultra-low-latency\/\">Ultra Low Latency<\/a>\n\n","protected":false},"excerpt":{"rendered":"<p>Produkte &#038; Netzwerkservice Wir liefern eine konsistente Servicequalit\u00e4t &#8211; ob in Europa, Asien oder Nordamerika. Basis ist eine einheitliche Plattform, die unsere Firmenkunden von den technischen Details der Digitalisierung entlastet, sodass sie sich auf ihre gesch\u00e4ftlichen Priorit\u00e4ten und die Eroberung neuer M\u00e4rkte konzentrieren k\u00f6nnen. Glasfaserl\u00f6sungen Wir bieten umfassende und individuell anpassbare Glasfaserl\u00f6sungen mit \u00fcberragender Leistung&#8230;<\/p>\n","protected":false},"author":143,"featured_media":0,"parent":0,"menu_order":0,"comment_status":"closed","ping_status":"closed","template":"","meta":{"_acf_changed":false,"footnotes":""},"colt_type":[],"colt_products":[],"class_list":["post-35428","page","type-page","status-publish","hentry"],"acf":[],"yoast_head":"<!-- This site is optimized with the Yoast SEO plugin v26.8 - https:\/\/yoast.com\/product\/yoast-seo-wordpress\/ -->\n<title>Anbieter f\u00fcr Netzwerkservice &amp; IP Telefonie | Colt Technology Services<\/title>\n<meta name=\"description\" content=\"Erfahren Sie, wie Colt als Netzwerkservice- und IP Telefonie Anbieter alles daf\u00fcr tut, in punkto Qualit\u00e4t ganz vorn zu sein.\" \/>\n<meta name=\"robots\" content=\"noindex, follow, max-snippet:-1, max-image-preview:large, max-video-preview:-1\" \/>\n<meta property=\"og:locale\" content=\"de_DE\" \/>\n<meta property=\"og:type\" content=\"article\" \/>\n<meta property=\"og:title\" content=\"Anbieter f\u00fcr Netzwerkservice &amp; IP Telefonie | Colt Technology Services\" \/>\n<meta property=\"og:description\" content=\"Erfahren Sie, wie Colt als Netzwerkservice- und IP Telefonie Anbieter alles daf\u00fcr tut, in punkto Qualit\u00e4t ganz vorn zu sein.\" \/>\n<meta property=\"og:url\" content=\"https:\/\/legacy.colt.net\/de\/products-services\/\" \/>\n<meta property=\"og:site_name\" content=\"Colt Technology Services\" \/>\n<meta property=\"article:publisher\" content=\"https:\/\/www.facebook.com\/ColtTechnologyServices\/\" \/>\n<meta property=\"article:modified_time\" content=\"2021-10-06T11:50:14+00:00\" \/>\n<meta property=\"og:image\" content=\"https:\/\/legacy.colt.net\/wp-content\/uploads\/2021\/01\/Brand-2021-Stock-29.jpg\" \/>\n\t<meta property=\"og:image:width\" content=\"1000\" \/>\n\t<meta property=\"og:image:height\" content=\"667\" \/>\n\t<meta property=\"og:image:type\" content=\"image\/jpeg\" \/>\n<meta name=\"twitter:card\" content=\"summary_large_image\" \/>\n<meta name=\"twitter:site\" content=\"@colt_technology\" \/>\n<meta name=\"twitter:label1\" content=\"Est. reading time\" \/>\n\t<meta name=\"twitter:data1\" content=\"2 minutes\" \/>\n<script type=\"application\/ld+json\" class=\"yoast-schema-graph\">{\"@context\":\"https:\/\/schema.org\",\"@graph\":[{\"@type\":\"WebPage\",\"@id\":\"https:\/\/legacy.colt.net\/de\/products-services\/\",\"url\":\"https:\/\/legacy.colt.net\/de\/products-services\/\",\"name\":\"Anbieter f\u00fcr Netzwerkservice & IP Telefonie | Colt Technology Services\",\"isPartOf\":{\"@id\":\"https:\/\/legacy.colt.net\/#website\"},\"primaryImageOfPage\":{\"@id\":\"https:\/\/legacy.colt.net\/de\/products-services\/#primaryimage\"},\"image\":{\"@id\":\"https:\/\/legacy.colt.net\/de\/products-services\/#primaryimage\"},\"thumbnailUrl\":\"https:\/\/legacy.colt.net\/wp-content\/uploads\/2020\/12\/Building-your-network-1.png\",\"datePublished\":\"2018-10-30T11:09:52+00:00\",\"dateModified\":\"2021-10-06T11:50:14+00:00\",\"description\":\"Erfahren Sie, wie Colt als Netzwerkservice- und IP Telefonie Anbieter alles daf\u00fcr tut, in punkto Qualit\u00e4t ganz vorn zu sein.\",\"breadcrumb\":{\"@id\":\"https:\/\/legacy.colt.net\/de\/products-services\/#breadcrumb\"},\"inLanguage\":\"de-DE\",\"potentialAction\":[{\"@type\":\"ReadAction\",\"target\":[\"https:\/\/legacy.colt.net\/de\/products-services\/\"]}]},{\"@type\":\"ImageObject\",\"inLanguage\":\"de-DE\",\"@id\":\"https:\/\/legacy.colt.net\/de\/products-services\/#primaryimage\",\"url\":\"https:\/\/legacy.colt.net\/wp-content\/uploads\/2020\/12\/Building-your-network-1.png\",\"contentUrl\":\"https:\/\/legacy.colt.net\/wp-content\/uploads\/2020\/12\/Building-your-network-1.png\"},{\"@type\":\"BreadcrumbList\",\"@id\":\"https:\/\/legacy.colt.net\/de\/products-services\/#breadcrumb\",\"itemListElement\":[{\"@type\":\"ListItem\",\"position\":1,\"name\":\"Home\",\"item\":\"https:\/\/legacy.colt.net\/de\/\"},{\"@type\":\"ListItem\",\"position\":2,\"name\":\"Products & Services\"}]},{\"@type\":\"WebSite\",\"@id\":\"https:\/\/legacy.colt.net\/#website\",\"url\":\"https:\/\/legacy.colt.net\/\",\"name\":\"Colt\u30c6\u30af\u30ce\u30ed\u30b8\u30fc\u30b5\u30fc\u30d3\u30b9\u682a\u5f0f\u4f1a\u793e\",\"description\":\"Managed Network &amp; Voice Services Provider\",\"publisher\":{\"@id\":\"https:\/\/legacy.colt.net\/#organization\"},\"potentialAction\":[{\"@type\":\"SearchAction\",\"target\":{\"@type\":\"EntryPoint\",\"urlTemplate\":\"https:\/\/legacy.colt.net\/?s={search_term_string}\"},\"query-input\":{\"@type\":\"PropertyValueSpecification\",\"valueRequired\":true,\"valueName\":\"search_term_string\"}}],\"inLanguage\":\"de-DE\"},{\"@type\":\"Organization\",\"@id\":\"https:\/\/legacy.colt.net\/#organization\",\"name\":\"Colt Technology Services\",\"url\":\"https:\/\/legacy.colt.net\/\",\"logo\":{\"@type\":\"ImageObject\",\"inLanguage\":\"de-DE\",\"@id\":\"https:\/\/legacy.colt.net\/#\/schema\/logo\/image\/\",\"url\":\"https:\/\/legacy.colt.net\/wp-content\/uploads\/2019\/02\/Colt-Logo.png\",\"contentUrl\":\"https:\/\/legacy.colt.net\/wp-content\/uploads\/2019\/02\/Colt-Logo.png\",\"width\":195,\"height\":77,\"caption\":\"Colt Technology Services\"},\"image\":{\"@id\":\"https:\/\/legacy.colt.net\/#\/schema\/logo\/image\/\"},\"sameAs\":[\"https:\/\/www.facebook.com\/ColtTechnologyServices\/\",\"https:\/\/x.com\/colt_technology\",\"https:\/\/www.instagram.com\/colttechnologyservices\/\",\"https:\/\/www.linkedin.com\/company\/colt-technology-services\",\"https:\/\/www.youtube.com\/user\/ColtTechnology\"]}]}<\/script>\n<!-- \/ Yoast SEO plugin. -->","yoast_head_json":{"title":"Anbieter f\u00fcr Netzwerkservice & IP Telefonie | Colt Technology Services","description":"Erfahren Sie, wie Colt als Netzwerkservice- und IP Telefonie Anbieter alles daf\u00fcr tut, in punkto Qualit\u00e4t ganz vorn zu sein.","robots":{"index":"noindex","follow":"follow","max-snippet":"max-snippet:-1","max-image-preview":"max-image-preview:large","max-video-preview":"max-video-preview:-1"},"og_locale":"de_DE","og_type":"article","og_title":"Anbieter f\u00fcr Netzwerkservice & IP Telefonie | Colt Technology Services","og_description":"Erfahren Sie, wie Colt als Netzwerkservice- und IP Telefonie Anbieter alles daf\u00fcr tut, in punkto Qualit\u00e4t ganz vorn zu sein.","og_url":"https:\/\/legacy.colt.net\/de\/products-services\/","og_site_name":"Colt Technology Services","article_publisher":"https:\/\/www.facebook.com\/ColtTechnologyServices\/","article_modified_time":"2021-10-06T11:50:14+00:00","og_image":[{"width":1000,"height":667,"url":"https:\/\/legacy.colt.net\/wp-content\/uploads\/2021\/01\/Brand-2021-Stock-29.jpg","type":"image\/jpeg"}],"twitter_card":"summary_large_image","twitter_site":"@colt_technology","twitter_misc":{"Est. reading time":"2 minutes"},"schema":{"@context":"https:\/\/schema.org","@graph":[{"@type":"WebPage","@id":"https:\/\/legacy.colt.net\/de\/products-services\/","url":"https:\/\/legacy.colt.net\/de\/products-services\/","name":"Anbieter f\u00fcr Netzwerkservice & IP Telefonie | Colt Technology Services","isPartOf":{"@id":"https:\/\/legacy.colt.net\/#website"},"primaryImageOfPage":{"@id":"https:\/\/legacy.colt.net\/de\/products-services\/#primaryimage"},"image":{"@id":"https:\/\/legacy.colt.net\/de\/products-services\/#primaryimage"},"thumbnailUrl":"https:\/\/legacy.colt.net\/wp-content\/uploads\/2020\/12\/Building-your-network-1.png","datePublished":"2018-10-30T11:09:52+00:00","dateModified":"2021-10-06T11:50:14+00:00","description":"Erfahren Sie, wie Colt als Netzwerkservice- und IP Telefonie Anbieter alles daf\u00fcr tut, in punkto Qualit\u00e4t ganz vorn zu sein.","breadcrumb":{"@id":"https:\/\/legacy.colt.net\/de\/products-services\/#breadcrumb"},"inLanguage":"de-DE","potentialAction":[{"@type":"ReadAction","target":["https:\/\/legacy.colt.net\/de\/products-services\/"]}]},{"@type":"ImageObject","inLanguage":"de-DE","@id":"https:\/\/legacy.colt.net\/de\/products-services\/#primaryimage","url":"https:\/\/legacy.colt.net\/wp-content\/uploads\/2020\/12\/Building-your-network-1.png","contentUrl":"https:\/\/legacy.colt.net\/wp-content\/uploads\/2020\/12\/Building-your-network-1.png"},{"@type":"BreadcrumbList","@id":"https:\/\/legacy.colt.net\/de\/products-services\/#breadcrumb","itemListElement":[{"@type":"ListItem","position":1,"name":"Home","item":"https:\/\/legacy.colt.net\/de\/"},{"@type":"ListItem","position":2,"name":"Products & Services"}]},{"@type":"WebSite","@id":"https:\/\/legacy.colt.net\/#website","url":"https:\/\/legacy.colt.net\/","name":"Colt\u30c6\u30af\u30ce\u30ed\u30b8\u30fc\u30b5\u30fc\u30d3\u30b9\u682a\u5f0f\u4f1a\u793e","description":"Managed Network &amp; Voice Services Provider","publisher":{"@id":"https:\/\/legacy.colt.net\/#organization"},"potentialAction":[{"@type":"SearchAction","target":{"@type":"EntryPoint","urlTemplate":"https:\/\/legacy.colt.net\/?s={search_term_string}"},"query-input":{"@type":"PropertyValueSpecification","valueRequired":true,"valueName":"search_term_string"}}],"inLanguage":"de-DE"},{"@type":"Organization","@id":"https:\/\/legacy.colt.net\/#organization","name":"Colt Technology Services","url":"https:\/\/legacy.colt.net\/","logo":{"@type":"ImageObject","inLanguage":"de-DE","@id":"https:\/\/legacy.colt.net\/#\/schema\/logo\/image\/","url":"https:\/\/legacy.colt.net\/wp-content\/uploads\/2019\/02\/Colt-Logo.png","contentUrl":"https:\/\/legacy.colt.net\/wp-content\/uploads\/2019\/02\/Colt-Logo.png","width":195,"height":77,"caption":"Colt Technology Services"},"image":{"@id":"https:\/\/legacy.colt.net\/#\/schema\/logo\/image\/"},"sameAs":["https:\/\/www.facebook.com\/ColtTechnologyServices\/","https:\/\/x.com\/colt_technology","https:\/\/www.instagram.com\/colttechnologyservices\/","https:\/\/www.linkedin.com\/company\/colt-technology-services","https:\/\/www.youtube.com\/user\/ColtTechnology"]}]}},"_links":{"self":[{"href":"https:\/\/legacy.colt.net\/de\/wp-json\/wp\/v2\/pages\/35428","targetHints":{"allow":["GET"]}}],"collection":[{"href":"https:\/\/legacy.colt.net\/de\/wp-json\/wp\/v2\/pages"}],"about":[{"href":"https:\/\/legacy.colt.net\/de\/wp-json\/wp\/v2\/types\/page"}],"author":[{"embeddable":true,"href":"https:\/\/legacy.colt.net\/de\/wp-json\/wp\/v2\/users\/143"}],"replies":[{"embeddable":true,"href":"https:\/\/legacy.colt.net\/de\/wp-json\/wp\/v2\/comments?post=35428"}],"version-history":[{"count":0,"href":"https:\/\/legacy.colt.net\/de\/wp-json\/wp\/v2\/pages\/35428\/revisions"}],"wp:attachment":[{"href":"https:\/\/legacy.colt.net\/de\/wp-json\/wp\/v2\/media?parent=35428"}],"wp:term":[{"taxonomy":"colt_type","embeddable":true,"href":"https:\/\/legacy.colt.net\/de\/wp-json\/wp\/v2\/colt_type?post=35428"},{"taxonomy":"colt_products","embeddable":true,"href":"https:\/\/legacy.colt.net\/de\/wp-json\/wp\/v2\/colt_products?post=35428"}],"curies":[{"name":"wp","href":"https:\/\/api.w.org\/{rel}","templated":true}]}}