{"id":35415,"date":"2019-03-06T14:50:37","date_gmt":"2019-03-06T14:50:37","guid":{"rendered":"https:\/\/www.colt.net\/terms-and-conditions\/colt-website-terms-and-conditions\/"},"modified":"2019-12-03T13:18:50","modified_gmt":"2019-12-03T13:18:50","slug":"colt-website-terms-and-conditions","status":"publish","type":"page","link":"https:\/\/legacy.colt.net\/de\/legal\/terms-and-conditions\/colt-website-terms-and-conditions\/","title":{"rendered":"Gesch\u00e4ftsbedingungen f\u00fcr Colt Webseiten"},"content":{"rendered":"<h1>\n\t<\/h1>\n<h3>\n\t<\/h3>\n\t<nav class=\"breadcrumb\"><span><span><a href=\"https:\/\/legacy.colt.net\/de\/\">Home<\/a><\/span><\/span><\/nav>\n\t<ol>\n<li>Die Webseiten von Colt (die \u201cWebseiten\u201d) werden von Colt Technology Services Group Limited betrieben (Registernummer 03232904) mit eingetragenem Sitz in Colt House, 20 Great Eastern Street, London EC2A 3EH (\u201cColt\u201d \u201cwir\u201d, \u201cuns\u201d, \u201cunser\u201d).<\/li>\n<li>Diese Nutzungsbedingungen betreffen Ihre Nutzung unserer Webseiten. Abweichende Bedingungen k\u00f6nnen auf die Leistung anderer von uns \u00fcber unsere Webseiten angebotener Dienstleistungen Anwendung finden, und Sie sollten daher sichergehen, welche Bedingungen im Einzelfall f\u00fcr die von Ihnen genutzten Dienstleistungen gelten.<\/li>\n<li>Wir sind berechtigt, beliebige Bestandteile dieser Website, einschlie\u00dflich jeglicher Inhalte, Features und Zugriffszeiten, jederzeit ohne vorherige Mitteilung au\u00dfer Kraft zu setzen, abzu\u00e4ndern oder auszusetzen. Sofern wir irgendwelche derartigen \u00c4nderungen vorgenommen haben, gilt die weitere Nutzung dieser Website durch Sie als Ihre Zustimmung zu den betreffenden \u00c4nderungen.<\/li>\n<li>Das Urheberrecht an den auf der Website enthaltenen Materialien liegt bei Colt Technology Services Group Limited, den mit ihr verbundenen Unternehmen oder ihren Lizenzgebern. Alle Rechte, mit Ausnahme ausdr\u00fccklich \u00fcbertragener Rechte, bleiben vorbehalten.<\/li>\n<li>Colt erteilt Ihnen eine Lizenz, eine kostenlose Kopie der hierin enthaltenen Informationen einzig zum Zweck der pers\u00f6nlichen oder nichtkommerziellen Nutzung anzufertigen. Dementsprechend darf, soweit nicht ausdr\u00fccklich etwas Gegenteiliges bestimmt ist, kein Teil dieser Website ohne die vorherige schriftliche Zustimmung von Colt kopiert, \u00f6ffentlich aufgef\u00fchrt, im Rundfunk \u00fcbertragen oder adaptiert werden. Jegliche andere Nutzung von auf dieser Website enthaltenen Materialien ohne unsere vorherige schriftliche Zustimmung ist streng untersagt.<\/li>\n<li>Der Name Colt, das Colt Logo sowie s\u00e4mtliche auf der Website bezeichneten oder beschriebenen Marken und Produkte sind Warenzeichen von Colt Technology Services Group Limited oder der mit ihr verbundenen Unternehmen. Es werden keinerlei Rechte in Bezug auf irgendwelche der genannten Warenzeichen gew\u00e4hrt. Falls Sie sich nicht sicher sind, ob es sich bei irgendeinem Gegenstand um ein Warenzeichen von Colt Technology Services Group Limited oder der mit ihr verbundenen Unternehmen handelt, wenden Sie sich bitte wegen Klarstellung an uns.<\/li>\n<li>Obgleich Colt sich nach allen Kr\u00e4ften bem\u00fcht sicherzustellen, dass die auf dieser Website enthaltenen Informationen frei von Fehlern und auf dem neuesten Stand sind, k\u00f6nnten die betreffenden Informationen m\u00f6glicherweise unvollst\u00e4ndig, fehlerhaft oder nicht mehr auf dem neuesten Stand sein. Colt \u00fcbernimmt keine Gew\u00e4hr und gibt keinerlei Zusicherungen in Bezug auf die Qualit\u00e4t, Genauigkeit oder Vollst\u00e4ndigkeit des Inhalts der Webseiten ab. Ferner wird keine Zusicherung dahingehend abgegeben, dass unsere Webseiten ohne Unterbrechungen verf\u00fcgbar sein werden, und es kann keine Haftung f\u00fcr auf aufgrund eines derartigen Mangels an Verf\u00fcgbarkeit entstehende Verluste oder Sch\u00e4den \u00fcbernommen werden.<\/li>\n<li>Vorbehaltlich des n\u00e4chsten Absatzes schlie\u00dft Colt alle Haftung f\u00fcr jegliche Ihnen oder Dritten entstehenden Verluste oder Sch\u00e4den \u2013 einschlie\u00dflich, jedoch nicht beschr\u00e4nkt auf Verluste von Einkommen, Gewinnen, Goodwill, Daten, Vertr\u00e4gen oder Nutzung von Geldbetr\u00e4gen, ungeachtet dessen, ob aufgrund von unerlaubter Handlung (einschlie\u00dflich, jedoch nicht beschr\u00e4nkt auf Fahrl\u00e4ssigkeit), vertraglicher Vereinbarungen oder auf andere Weise \u2013 im Zusammenhang mit der Nutzung, der Unm\u00f6glichkeit der Nutzung oder den Ergebnissen der Nutzung oder Nichtnutzung dieser Website aus.<\/li>\n<li>Keine der in diesen Nutzungsbedingungen oder den Webseiten enthaltenen Angaben bedeuten eine Beschr\u00e4nkung unserer Haftung f\u00fcr Betrug, Tod oder K\u00f6rperverletzung oder irgendwelche sonstigen Haftungsgr\u00fcnde, die auf unserer Fahrl\u00e4ssigkeit beruhen und die gem\u00e4\u00df den anwendbaren Gesetzen nicht ausgeschlossen werden k\u00f6nnen.<\/li>\n<li>Die Nutzung von Drittwebseiten Dritter geschieht ausschlie\u00dflich auf Ihre eigene Gefahr. Auf unseren Webseiten enthaltene Links f\u00fchren zu anderen Webseiten, die sich au\u00dferhalb unserer Kontrolle befinden, und wir \u00fcbernehmen keine Haftung f\u00fcr den Inhalt irgendwelcher durch Linking verbundener Webseiten einschliesslich darin enthaltener Links noch unterst\u00fctzen wir deren Inhalte. Es wird Ihnen daher empfohlen, die Nutzungsbedingungen der betreffenden Webseiten zu lesen und etwaige Fragen oder Anmerkungen betreffend den Inhalt einer durch Linking verbundenen Website an den Provider der betreffenden Website zu richten.<\/li>\n<li>Ohne unsere vorherige schriftliche Zustimmung sind Sie nicht berechtigt, Links (ungeachtet dessen, ob mittels Hypertext Linking, Deep Linking, Framing, Toggling oder auf andere Weise) von Ihren eigenen Webseiten zu den Webseiten zu setzen (noch Dritte hierbei zu unterst\u00fctzen). Wir sind berechtigt, die entsprechende Zustimmung in unserem uneingeschr\u00e4nkten Ermessen zu erteilen oder zu verweigern.<\/li>\n<li>Wir sind dem Schutz Ihrer pers\u00f6nlichen Daten entsprechend unserer Datenschutzerkl\u00e4rung verpflichtet. Es wird empfohlen, unsere Datenschutzerkl\u00e4rung in Verbindung mit diesen Bedingungen zu lesen. Sie bilden einen integralen Bestandteil dieser Bedingungen.<\/li>\n<li>Falls Sie verleumderische oder beleidigende Inhalte auf die Webseiten \u00fcbertragen, kann dies die Einleitung von strafrechtlichen und\/oder zivilrechtlichen Verfahren gegen Sie zur Folge haben, und Sie haben Colt jederzeit in Bezug auf s\u00e4mtliche von Colt im Zusammenhang damit erlittenen oder entstandene Verluste, Auslagen, Schadensersatzzahlungen und Kosten (einschlie\u00dflich angemessener Anwaltskosten) schadlos zu halten.<\/li>\n<li>Keine der in diesen Bedingungen aufgef\u00fchrten Bestimmungen beinhaltet eine \u00dcbertragung etwaiger Rechte aufgrund des UK Contracts (Right of Third Parties) Act 1999 (Gesetz \u00fcber Rechte Dritter aus Vertr\u00e4gen von 1999)\u00a0 oder entsprechender lokaler Gesetze an Dritte. Dies beeintr\u00e4chtigt jedoch nicht etwaige bestehende oder auf andere Weise als aufgrund des genannten Gesetzes oder entsprechender lokaler Gesetze zustehenden Rechte oder Rechtsbehelfe irgendwelcher Personen.<\/li>\n<li>Falls sich irgendeine in diesen Nutzungsbedingungen enthaltene Bestimmung als ung\u00fcltig oder nicht durchsetzbar erweist, bleibt diese unber\u00fccksichtigt und ohne Wirkung auf die Anwendbarkeit der restlichen Nutzungsbedingungen.<\/li>\n<li>Jeglicher Zugriff auf die Webseiten unterliegt den vorstehend aufgef\u00fchrten Nutzungsbedingungen, englischem Recht und der ausschlie\u00dflichen Zust\u00e4ndigkeit der englischen Gerichte sowie den zwingenden Bestimmungen des jeweils anwendbaren Rechts, in Bezug auf die Website betreffende Angelegenheiten. Ferner verpflichten Sie sich, Colt in Bezug auf die Folgen (ob vorhersehbar oder nicht) Ihrer Handlungen oder Unterlassungen betreffend die hierin enthaltenen Inhalten schadlos zu halten und nicht haftbar zu machen.<\/li>\n<\/ol>\n","protected":false},"excerpt":{"rendered":"<p>Die Webseiten von Colt (die \u201cWebseiten\u201d) werden von Colt Technology Services Group Limited betrieben (Registernummer 03232904) mit eingetragenem Sitz in Colt House, 20 Great Eastern Street, London EC2A 3EH (\u201cColt\u201d \u201cwir\u201d, \u201cuns\u201d, \u201cunser\u201d). Diese Nutzungsbedingungen betreffen Ihre Nutzung unserer Webseiten. Abweichende Bedingungen k\u00f6nnen auf die Leistung anderer von uns \u00fcber unsere Webseiten angebotener Dienstleistungen Anwendung&#8230;<\/p>\n","protected":false},"author":143,"featured_media":0,"parent":35408,"menu_order":0,"comment_status":"closed","ping_status":"closed","template":"","meta":{"_acf_changed":false,"footnotes":""},"colt_type":[],"colt_products":[],"class_list":["post-35415","page","type-page","status-publish","hentry"],"acf":[],"yoast_head":"<!-- This site is optimized with the Yoast SEO plugin v26.8 - https:\/\/yoast.com\/product\/yoast-seo-wordpress\/ -->\n<title>Gesch\u00e4ftsbedingungen f\u00fcr Colt Webseiten - Colt Technology Services<\/title>\n<meta name=\"description\" content=\"Gesch\u00e4ftsbedingungen f\u00fcr Colt Webseiten Colt Technology Services\" \/>\n<meta name=\"robots\" content=\"noindex, follow, max-snippet:-1, max-image-preview:large, max-video-preview:-1\" \/>\n<meta property=\"og:locale\" content=\"de_DE\" \/>\n<meta property=\"og:type\" content=\"article\" \/>\n<meta property=\"og:title\" content=\"Gesch\u00e4ftsbedingungen f\u00fcr Colt Webseiten - Colt Technology Services\" \/>\n<meta property=\"og:description\" content=\"Gesch\u00e4ftsbedingungen f\u00fcr Colt Webseiten Colt Technology Services\" \/>\n<meta property=\"og:url\" content=\"https:\/\/legacy.colt.net\/de\/legal\/terms-and-conditions\/colt-website-terms-and-conditions\/\" \/>\n<meta property=\"og:site_name\" content=\"Colt Technology Services\" \/>\n<meta property=\"article:publisher\" content=\"https:\/\/www.facebook.com\/ColtTechnologyServices\/\" \/>\n<meta property=\"article:modified_time\" content=\"2019-12-03T13:18:50+00:00\" \/>\n<meta property=\"og:image\" content=\"https:\/\/legacy.colt.net\/wp-content\/uploads\/2021\/01\/Brand-2021-Stock-10.jpg\" \/>\n\t<meta property=\"og:image:width\" content=\"1000\" \/>\n\t<meta property=\"og:image:height\" content=\"668\" \/>\n\t<meta property=\"og:image:type\" content=\"image\/jpeg\" \/>\n<meta name=\"twitter:card\" content=\"summary_large_image\" \/>\n<meta name=\"twitter:site\" content=\"@colt_technology\" \/>\n<meta name=\"twitter:label1\" content=\"Est. reading time\" \/>\n\t<meta name=\"twitter:data1\" content=\"5 minutes\" \/>\n<script type=\"application\/ld+json\" class=\"yoast-schema-graph\">{\"@context\":\"https:\/\/schema.org\",\"@graph\":[{\"@type\":\"WebPage\",\"@id\":\"https:\/\/legacy.colt.net\/de\/legal\/terms-and-conditions\/colt-website-terms-and-conditions\/\",\"url\":\"https:\/\/legacy.colt.net\/de\/legal\/terms-and-conditions\/colt-website-terms-and-conditions\/\",\"name\":\"Gesch\u00e4ftsbedingungen f\u00fcr Colt Webseiten - Colt Technology Services\",\"isPartOf\":{\"@id\":\"https:\/\/legacy.colt.net\/#website\"},\"datePublished\":\"2019-03-06T14:50:37+00:00\",\"dateModified\":\"2019-12-03T13:18:50+00:00\",\"description\":\"Gesch\u00e4ftsbedingungen f\u00fcr Colt Webseiten Colt Technology Services\",\"breadcrumb\":{\"@id\":\"https:\/\/legacy.colt.net\/de\/legal\/terms-and-conditions\/colt-website-terms-and-conditions\/#breadcrumb\"},\"inLanguage\":\"de-DE\",\"potentialAction\":[{\"@type\":\"ReadAction\",\"target\":[\"https:\/\/legacy.colt.net\/de\/legal\/terms-and-conditions\/colt-website-terms-and-conditions\/\"]}]},{\"@type\":\"BreadcrumbList\",\"@id\":\"https:\/\/legacy.colt.net\/de\/legal\/terms-and-conditions\/colt-website-terms-and-conditions\/#breadcrumb\",\"itemListElement\":[{\"@type\":\"ListItem\",\"position\":1,\"name\":\"Home\",\"item\":\"https:\/\/legacy.colt.net\/de\/\"},{\"@type\":\"ListItem\",\"position\":2,\"name\":\"Impressum\",\"item\":\"https:\/\/legacy.colt.net\/de\/legal\/\"},{\"@type\":\"ListItem\",\"position\":3,\"name\":\"Nutzungsbedingungen\",\"item\":\"https:\/\/legacy.colt.net\/de\/legal\/terms-and-conditions\/\"},{\"@type\":\"ListItem\",\"position\":4,\"name\":\"Gesch\u00e4ftsbedingungen f\u00fcr Colt Webseiten\"}]},{\"@type\":\"WebSite\",\"@id\":\"https:\/\/legacy.colt.net\/#website\",\"url\":\"https:\/\/legacy.colt.net\/\",\"name\":\"Colt\u30c6\u30af\u30ce\u30ed\u30b8\u30fc\u30b5\u30fc\u30d3\u30b9\u682a\u5f0f\u4f1a\u793e\",\"description\":\"Managed Network &amp; Voice Services Provider\",\"publisher\":{\"@id\":\"https:\/\/legacy.colt.net\/#organization\"},\"potentialAction\":[{\"@type\":\"SearchAction\",\"target\":{\"@type\":\"EntryPoint\",\"urlTemplate\":\"https:\/\/legacy.colt.net\/?s={search_term_string}\"},\"query-input\":{\"@type\":\"PropertyValueSpecification\",\"valueRequired\":true,\"valueName\":\"search_term_string\"}}],\"inLanguage\":\"de-DE\"},{\"@type\":\"Organization\",\"@id\":\"https:\/\/legacy.colt.net\/#organization\",\"name\":\"Colt Technology Services\",\"url\":\"https:\/\/legacy.colt.net\/\",\"logo\":{\"@type\":\"ImageObject\",\"inLanguage\":\"de-DE\",\"@id\":\"https:\/\/legacy.colt.net\/#\/schema\/logo\/image\/\",\"url\":\"https:\/\/legacy.colt.net\/wp-content\/uploads\/2019\/02\/Colt-Logo.png\",\"contentUrl\":\"https:\/\/legacy.colt.net\/wp-content\/uploads\/2019\/02\/Colt-Logo.png\",\"width\":195,\"height\":77,\"caption\":\"Colt Technology Services\"},\"image\":{\"@id\":\"https:\/\/legacy.colt.net\/#\/schema\/logo\/image\/\"},\"sameAs\":[\"https:\/\/www.facebook.com\/ColtTechnologyServices\/\",\"https:\/\/x.com\/colt_technology\",\"https:\/\/www.instagram.com\/colttechnologyservices\/\",\"https:\/\/www.linkedin.com\/company\/colt-technology-services\",\"https:\/\/www.youtube.com\/user\/ColtTechnology\"]}]}<\/script>\n<!-- \/ Yoast SEO plugin. -->","yoast_head_json":{"title":"Gesch\u00e4ftsbedingungen f\u00fcr Colt Webseiten - Colt Technology Services","description":"Gesch\u00e4ftsbedingungen f\u00fcr Colt Webseiten Colt Technology Services","robots":{"index":"noindex","follow":"follow","max-snippet":"max-snippet:-1","max-image-preview":"max-image-preview:large","max-video-preview":"max-video-preview:-1"},"og_locale":"de_DE","og_type":"article","og_title":"Gesch\u00e4ftsbedingungen f\u00fcr Colt Webseiten - Colt Technology Services","og_description":"Gesch\u00e4ftsbedingungen f\u00fcr Colt Webseiten Colt Technology Services","og_url":"https:\/\/legacy.colt.net\/de\/legal\/terms-and-conditions\/colt-website-terms-and-conditions\/","og_site_name":"Colt Technology Services","article_publisher":"https:\/\/www.facebook.com\/ColtTechnologyServices\/","article_modified_time":"2019-12-03T13:18:50+00:00","og_image":[{"width":1000,"height":668,"url":"https:\/\/legacy.colt.net\/wp-content\/uploads\/2021\/01\/Brand-2021-Stock-10.jpg","type":"image\/jpeg"}],"twitter_card":"summary_large_image","twitter_site":"@colt_technology","twitter_misc":{"Est. reading time":"5 minutes"},"schema":{"@context":"https:\/\/schema.org","@graph":[{"@type":"WebPage","@id":"https:\/\/legacy.colt.net\/de\/legal\/terms-and-conditions\/colt-website-terms-and-conditions\/","url":"https:\/\/legacy.colt.net\/de\/legal\/terms-and-conditions\/colt-website-terms-and-conditions\/","name":"Gesch\u00e4ftsbedingungen f\u00fcr Colt Webseiten - Colt Technology Services","isPartOf":{"@id":"https:\/\/legacy.colt.net\/#website"},"datePublished":"2019-03-06T14:50:37+00:00","dateModified":"2019-12-03T13:18:50+00:00","description":"Gesch\u00e4ftsbedingungen f\u00fcr Colt Webseiten Colt Technology Services","breadcrumb":{"@id":"https:\/\/legacy.colt.net\/de\/legal\/terms-and-conditions\/colt-website-terms-and-conditions\/#breadcrumb"},"inLanguage":"de-DE","potentialAction":[{"@type":"ReadAction","target":["https:\/\/legacy.colt.net\/de\/legal\/terms-and-conditions\/colt-website-terms-and-conditions\/"]}]},{"@type":"BreadcrumbList","@id":"https:\/\/legacy.colt.net\/de\/legal\/terms-and-conditions\/colt-website-terms-and-conditions\/#breadcrumb","itemListElement":[{"@type":"ListItem","position":1,"name":"Home","item":"https:\/\/legacy.colt.net\/de\/"},{"@type":"ListItem","position":2,"name":"Impressum","item":"https:\/\/legacy.colt.net\/de\/legal\/"},{"@type":"ListItem","position":3,"name":"Nutzungsbedingungen","item":"https:\/\/legacy.colt.net\/de\/legal\/terms-and-conditions\/"},{"@type":"ListItem","position":4,"name":"Gesch\u00e4ftsbedingungen f\u00fcr Colt Webseiten"}]},{"@type":"WebSite","@id":"https:\/\/legacy.colt.net\/#website","url":"https:\/\/legacy.colt.net\/","name":"Colt\u30c6\u30af\u30ce\u30ed\u30b8\u30fc\u30b5\u30fc\u30d3\u30b9\u682a\u5f0f\u4f1a\u793e","description":"Managed Network &amp; Voice Services Provider","publisher":{"@id":"https:\/\/legacy.colt.net\/#organization"},"potentialAction":[{"@type":"SearchAction","target":{"@type":"EntryPoint","urlTemplate":"https:\/\/legacy.colt.net\/?s={search_term_string}"},"query-input":{"@type":"PropertyValueSpecification","valueRequired":true,"valueName":"search_term_string"}}],"inLanguage":"de-DE"},{"@type":"Organization","@id":"https:\/\/legacy.colt.net\/#organization","name":"Colt Technology Services","url":"https:\/\/legacy.colt.net\/","logo":{"@type":"ImageObject","inLanguage":"de-DE","@id":"https:\/\/legacy.colt.net\/#\/schema\/logo\/image\/","url":"https:\/\/legacy.colt.net\/wp-content\/uploads\/2019\/02\/Colt-Logo.png","contentUrl":"https:\/\/legacy.colt.net\/wp-content\/uploads\/2019\/02\/Colt-Logo.png","width":195,"height":77,"caption":"Colt Technology Services"},"image":{"@id":"https:\/\/legacy.colt.net\/#\/schema\/logo\/image\/"},"sameAs":["https:\/\/www.facebook.com\/ColtTechnologyServices\/","https:\/\/x.com\/colt_technology","https:\/\/www.instagram.com\/colttechnologyservices\/","https:\/\/www.linkedin.com\/company\/colt-technology-services","https:\/\/www.youtube.com\/user\/ColtTechnology"]}]}},"_links":{"self":[{"href":"https:\/\/legacy.colt.net\/de\/wp-json\/wp\/v2\/pages\/35415","targetHints":{"allow":["GET"]}}],"collection":[{"href":"https:\/\/legacy.colt.net\/de\/wp-json\/wp\/v2\/pages"}],"about":[{"href":"https:\/\/legacy.colt.net\/de\/wp-json\/wp\/v2\/types\/page"}],"author":[{"embeddable":true,"href":"https:\/\/legacy.colt.net\/de\/wp-json\/wp\/v2\/users\/143"}],"replies":[{"embeddable":true,"href":"https:\/\/legacy.colt.net\/de\/wp-json\/wp\/v2\/comments?post=35415"}],"version-history":[{"count":0,"href":"https:\/\/legacy.colt.net\/de\/wp-json\/wp\/v2\/pages\/35415\/revisions"}],"up":[{"embeddable":true,"href":"https:\/\/legacy.colt.net\/de\/wp-json\/wp\/v2\/pages\/35408"}],"wp:attachment":[{"href":"https:\/\/legacy.colt.net\/de\/wp-json\/wp\/v2\/media?parent=35415"}],"wp:term":[{"taxonomy":"colt_type","embeddable":true,"href":"https:\/\/legacy.colt.net\/de\/wp-json\/wp\/v2\/colt_type?post=35415"},{"taxonomy":"colt_products","embeddable":true,"href":"https:\/\/legacy.colt.net\/de\/wp-json\/wp\/v2\/colt_products?post=35415"}],"curies":[{"name":"wp","href":"https:\/\/api.w.org\/{rel}","templated":true}]}}