{"id":35371,"date":"2017-03-13T16:15:26","date_gmt":"2017-03-13T16:15:26","guid":{"rendered":"https:\/\/www.colt.net\/global-network\/coverage-maps\/"},"modified":"2023-11-02T08:16:18","modified_gmt":"2023-11-02T08:16:18","slug":"coverage-maps","status":"publish","type":"page","link":"https:\/\/legacy.colt.net\/de\/global-network\/coverage-maps\/","title":{"rendered":"Netzwerk\u00fcbersicht"},"content":{"rendered":"\n\n\t<nav class=\"breadcrumb\"><span><span><a href=\"https:\/\/legacy.colt.net\/de\/\">Home<\/a><\/span><\/span><\/nav>\n\t<p>Die Karte der Glasfasernetzabdeckung von Colt veranschaulicht das hochmoderne und weiter expandierende Netzwerk, das \u00fcber 32.000 Geb\u00e4ude und 1.100 Rechenzentren in 38 L\u00e4ndern nahtlos miteinander verbindet.<\/p>\n<p>Firmenkunden unterschiedlichster Gr\u00f6\u00dfe und Branchenzugeh\u00f6rigkeit nutzen Services von Colt und profitieren von den h\u00f6chsten Standards in Bezug auf Performance, Latenz und Sicherheit.<\/p>\n<p>Das Colt IQ Netz w\u00e4chst weiter. Ausdehnung, Abdeckung und Leistungsf\u00e4higkeit des Netzes sind entscheidende Faktoren, wenn es um die Konsolidierung von Marktanteilen oder das Vordringen in neue Gebiete geht. Kunden von Colt haben jederzeit s\u00e4mtliche Serviceaktivit\u00e4ten im Blick. Die Servicequalit\u00e4t ist weltweit homogen und der Netzbetrieb wird rund um die Uhr betreut. Dank unserer modernen Infrastruktur stehen unsere flexiblen, reaktionsschnellen und zuverl\u00e4ssigen Services unseren Kunden rund um die Uhr zur Verf\u00fcgung. Die strengen Service Level Agreements f\u00fcr unsere On-Net-Kunden geh\u00f6ren zu den anspruchsvollsten \u00fcberhaupt. Wir erweitern unser Netz und verfolgen Off-Net-Initiativen zur Verbesserung von Netzabdeckung und Servicequalit\u00e4t.<\/p>\n\t\t\t\t<img decoding=\"async\" src=\"https:\/\/legacy.colt.net\/wp-content\/uploads\/2022\/07\/Colt-IQ-network-Logo_Social-2-copy-1.png\" alt=\"Colt-IQ-network-Logo_Social 2 copy\" title=\"Colt-IQ-network-Logo_Social 2 copy\" itemprop=\"image\"  \/>\n\t\t\t\t<img loading=\"lazy\" decoding=\"async\" src=\"https:\/\/legacy.colt.net\/wp-content\/uploads\/2023\/10\/Map-Colt-Connected-Cities-23-Nov-1.png\" alt=\"Map---Colt-Connected-Cities-23-Nov-1\" itemprop=\"image\" height=\"1555\" width=\"2634\" title=\"Map---Colt-Connected-Cities-23-Nov-1\" onerror=\"this.style.display='none'\"  \/>\n<h2>\n\t\tHaben Sie weitere Fragen? Colt hilft Ihnen gerne weiter.\n\t<\/h2>\n<p>Sprechen Sie jetzt mit einem den Spezialisten von Colt. Colt ber\u00e4t Sie gerne, gibt Ihnen weitere Informationen und beantwortet Ihre Fragen.<\/p>\n\t\t\t<a href=\"https:\/\/legacy.colt.net\/de\/connect\/\" target=\"_self\" role=\"button\" rel=\"noopener\">\n\t\t\t\t\t\t\t\u00dcberpr\u00fcfen Sie Ihre Konnektivit\u00e4t\n\t\t\t\t\t<\/a>\n\t\t\t\t<img loading=\"lazy\" decoding=\"async\" src=\"https:\/\/legacy.colt.net\/wp-content\/uploads\/2023\/10\/Untitled-4.png\" alt=\"Untitled-4\" itemprop=\"image\" height=\"568\" width=\"907\" title=\"Untitled-4\" onerror=\"this.style.display='none'\"  \/>\n\n","protected":false},"excerpt":{"rendered":"<p>Die Karte der Glasfasernetzabdeckung von Colt veranschaulicht das hochmoderne und weiter expandierende Netzwerk, das \u00fcber 32.000 Geb\u00e4ude und 1.100 Rechenzentren in 38 L\u00e4ndern nahtlos miteinander verbindet. Firmenkunden unterschiedlichster Gr\u00f6\u00dfe und Branchenzugeh\u00f6rigkeit nutzen Services von Colt und profitieren von den h\u00f6chsten Standards in Bezug auf Performance, Latenz und Sicherheit. Das Colt IQ Netz w\u00e4chst weiter. Ausdehnung,&#8230;<\/p>\n","protected":false},"author":2,"featured_media":0,"parent":35204,"menu_order":0,"comment_status":"closed","ping_status":"closed","template":"","meta":{"_acf_changed":false,"footnotes":""},"colt_type":[],"colt_products":[],"class_list":["post-35371","page","type-page","status-publish","hentry"],"acf":[],"yoast_head":"<!-- This site is optimized with the Yoast SEO plugin v26.8 - https:\/\/yoast.com\/product\/yoast-seo-wordpress\/ -->\n<title>Netzwerk\u00fcbersicht | Colt Technology Services | DE<\/title>\n<meta name=\"description\" content=\"Unser wachsendes, hochmodernes Netz verbindet 51 Metropolitan Area Networks, mehr als 212 St\u00e4dte und 29,000+ Geb\u00e4ude.\" \/>\n<meta name=\"robots\" content=\"noindex, follow, max-snippet:-1, max-image-preview:large, max-video-preview:-1\" \/>\n<meta property=\"og:locale\" content=\"de_DE\" \/>\n<meta property=\"og:type\" content=\"article\" \/>\n<meta property=\"og:title\" content=\"Netzwerk\u00fcbersicht | Colt Technology Services | DE\" \/>\n<meta property=\"og:description\" content=\"Unser wachsendes, hochmodernes Netz verbindet 51 Metropolitan Area Networks, mehr als 212 St\u00e4dte und 29,000+ Geb\u00e4ude.\" \/>\n<meta property=\"og:url\" content=\"https:\/\/legacy.colt.net\/de\/global-network\/coverage-maps\/\" \/>\n<meta property=\"og:site_name\" content=\"Colt Technology Services\" \/>\n<meta property=\"article:publisher\" content=\"https:\/\/www.facebook.com\/ColtTechnologyServices\/\" \/>\n<meta property=\"article:modified_time\" content=\"2023-11-02T08:16:18+00:00\" \/>\n<meta property=\"og:image\" content=\"https:\/\/legacy.colt.net\/wp-content\/uploads\/2021\/01\/Brand-2021-Stock-22.jpg\" \/>\n\t<meta property=\"og:image:width\" content=\"1000\" \/>\n\t<meta property=\"og:image:height\" content=\"667\" \/>\n\t<meta property=\"og:image:type\" content=\"image\/jpeg\" \/>\n<meta name=\"twitter:card\" content=\"summary_large_image\" \/>\n<meta name=\"twitter:site\" content=\"@colt_technology\" \/>\n<meta name=\"twitter:label1\" content=\"Est. reading time\" \/>\n\t<meta name=\"twitter:data1\" content=\"1 minute\" \/>\n<script type=\"application\/ld+json\" class=\"yoast-schema-graph\">{\"@context\":\"https:\/\/schema.org\",\"@graph\":[{\"@type\":\"WebPage\",\"@id\":\"https:\/\/legacy.colt.net\/de\/global-network\/coverage-maps\/\",\"url\":\"https:\/\/legacy.colt.net\/de\/global-network\/coverage-maps\/\",\"name\":\"Netzwerk\u00fcbersicht | Colt Technology Services | DE\",\"isPartOf\":{\"@id\":\"https:\/\/legacy.colt.net\/#website\"},\"primaryImageOfPage\":{\"@id\":\"https:\/\/legacy.colt.net\/de\/global-network\/coverage-maps\/#primaryimage\"},\"image\":{\"@id\":\"https:\/\/legacy.colt.net\/de\/global-network\/coverage-maps\/#primaryimage\"},\"thumbnailUrl\":\"https:\/\/legacy.colt.net\/wp-content\/uploads\/2022\/07\/Colt-IQ-network-Logo_Social-2-copy-1.png\",\"datePublished\":\"2017-03-13T16:15:26+00:00\",\"dateModified\":\"2023-11-02T08:16:18+00:00\",\"description\":\"Unser wachsendes, hochmodernes Netz verbindet 51 Metropolitan Area Networks, mehr als 212 St\u00e4dte und 29,000+ Geb\u00e4ude.\",\"breadcrumb\":{\"@id\":\"https:\/\/legacy.colt.net\/de\/global-network\/coverage-maps\/#breadcrumb\"},\"inLanguage\":\"de-DE\",\"potentialAction\":[{\"@type\":\"ReadAction\",\"target\":[\"https:\/\/legacy.colt.net\/de\/global-network\/coverage-maps\/\"]}]},{\"@type\":\"ImageObject\",\"inLanguage\":\"de-DE\",\"@id\":\"https:\/\/legacy.colt.net\/de\/global-network\/coverage-maps\/#primaryimage\",\"url\":\"https:\/\/legacy.colt.net\/wp-content\/uploads\/2022\/07\/Colt-IQ-network-Logo_Social-2-copy-1.png\",\"contentUrl\":\"https:\/\/legacy.colt.net\/wp-content\/uploads\/2022\/07\/Colt-IQ-network-Logo_Social-2-copy-1.png\"},{\"@type\":\"BreadcrumbList\",\"@id\":\"https:\/\/legacy.colt.net\/de\/global-network\/coverage-maps\/#breadcrumb\",\"itemListElement\":[{\"@type\":\"ListItem\",\"position\":1,\"name\":\"Home\",\"item\":\"https:\/\/legacy.colt.net\/de\/\"},{\"@type\":\"ListItem\",\"position\":2,\"name\":\"Colts IQ Netzwerkinfrastruktur\",\"item\":\"https:\/\/legacy.colt.net\/de\/global-network\/\"},{\"@type\":\"ListItem\",\"position\":3,\"name\":\"Netzwerk\u00fcbersicht\"}]},{\"@type\":\"WebSite\",\"@id\":\"https:\/\/legacy.colt.net\/#website\",\"url\":\"https:\/\/legacy.colt.net\/\",\"name\":\"Colt\u30c6\u30af\u30ce\u30ed\u30b8\u30fc\u30b5\u30fc\u30d3\u30b9\u682a\u5f0f\u4f1a\u793e\",\"description\":\"Managed Network &amp; Voice Services Provider\",\"publisher\":{\"@id\":\"https:\/\/legacy.colt.net\/#organization\"},\"potentialAction\":[{\"@type\":\"SearchAction\",\"target\":{\"@type\":\"EntryPoint\",\"urlTemplate\":\"https:\/\/legacy.colt.net\/?s={search_term_string}\"},\"query-input\":{\"@type\":\"PropertyValueSpecification\",\"valueRequired\":true,\"valueName\":\"search_term_string\"}}],\"inLanguage\":\"de-DE\"},{\"@type\":\"Organization\",\"@id\":\"https:\/\/legacy.colt.net\/#organization\",\"name\":\"Colt Technology Services\",\"url\":\"https:\/\/legacy.colt.net\/\",\"logo\":{\"@type\":\"ImageObject\",\"inLanguage\":\"de-DE\",\"@id\":\"https:\/\/legacy.colt.net\/#\/schema\/logo\/image\/\",\"url\":\"https:\/\/legacy.colt.net\/wp-content\/uploads\/2019\/02\/Colt-Logo.png\",\"contentUrl\":\"https:\/\/legacy.colt.net\/wp-content\/uploads\/2019\/02\/Colt-Logo.png\",\"width\":195,\"height\":77,\"caption\":\"Colt Technology Services\"},\"image\":{\"@id\":\"https:\/\/legacy.colt.net\/#\/schema\/logo\/image\/\"},\"sameAs\":[\"https:\/\/www.facebook.com\/ColtTechnologyServices\/\",\"https:\/\/x.com\/colt_technology\",\"https:\/\/www.instagram.com\/colttechnologyservices\/\",\"https:\/\/www.linkedin.com\/company\/colt-technology-services\",\"https:\/\/www.youtube.com\/user\/ColtTechnology\"]}]}<\/script>\n<!-- \/ Yoast SEO plugin. -->","yoast_head_json":{"title":"Netzwerk\u00fcbersicht | Colt Technology Services | DE","description":"Unser wachsendes, hochmodernes Netz verbindet 51 Metropolitan Area Networks, mehr als 212 St\u00e4dte und 29,000+ Geb\u00e4ude.","robots":{"index":"noindex","follow":"follow","max-snippet":"max-snippet:-1","max-image-preview":"max-image-preview:large","max-video-preview":"max-video-preview:-1"},"og_locale":"de_DE","og_type":"article","og_title":"Netzwerk\u00fcbersicht | Colt Technology Services | DE","og_description":"Unser wachsendes, hochmodernes Netz verbindet 51 Metropolitan Area Networks, mehr als 212 St\u00e4dte und 29,000+ Geb\u00e4ude.","og_url":"https:\/\/legacy.colt.net\/de\/global-network\/coverage-maps\/","og_site_name":"Colt Technology Services","article_publisher":"https:\/\/www.facebook.com\/ColtTechnologyServices\/","article_modified_time":"2023-11-02T08:16:18+00:00","og_image":[{"width":1000,"height":667,"url":"https:\/\/legacy.colt.net\/wp-content\/uploads\/2021\/01\/Brand-2021-Stock-22.jpg","type":"image\/jpeg"}],"twitter_card":"summary_large_image","twitter_site":"@colt_technology","twitter_misc":{"Est. reading time":"1 minute"},"schema":{"@context":"https:\/\/schema.org","@graph":[{"@type":"WebPage","@id":"https:\/\/legacy.colt.net\/de\/global-network\/coverage-maps\/","url":"https:\/\/legacy.colt.net\/de\/global-network\/coverage-maps\/","name":"Netzwerk\u00fcbersicht | Colt Technology Services | DE","isPartOf":{"@id":"https:\/\/legacy.colt.net\/#website"},"primaryImageOfPage":{"@id":"https:\/\/legacy.colt.net\/de\/global-network\/coverage-maps\/#primaryimage"},"image":{"@id":"https:\/\/legacy.colt.net\/de\/global-network\/coverage-maps\/#primaryimage"},"thumbnailUrl":"https:\/\/legacy.colt.net\/wp-content\/uploads\/2022\/07\/Colt-IQ-network-Logo_Social-2-copy-1.png","datePublished":"2017-03-13T16:15:26+00:00","dateModified":"2023-11-02T08:16:18+00:00","description":"Unser wachsendes, hochmodernes Netz verbindet 51 Metropolitan Area Networks, mehr als 212 St\u00e4dte und 29,000+ Geb\u00e4ude.","breadcrumb":{"@id":"https:\/\/legacy.colt.net\/de\/global-network\/coverage-maps\/#breadcrumb"},"inLanguage":"de-DE","potentialAction":[{"@type":"ReadAction","target":["https:\/\/legacy.colt.net\/de\/global-network\/coverage-maps\/"]}]},{"@type":"ImageObject","inLanguage":"de-DE","@id":"https:\/\/legacy.colt.net\/de\/global-network\/coverage-maps\/#primaryimage","url":"https:\/\/legacy.colt.net\/wp-content\/uploads\/2022\/07\/Colt-IQ-network-Logo_Social-2-copy-1.png","contentUrl":"https:\/\/legacy.colt.net\/wp-content\/uploads\/2022\/07\/Colt-IQ-network-Logo_Social-2-copy-1.png"},{"@type":"BreadcrumbList","@id":"https:\/\/legacy.colt.net\/de\/global-network\/coverage-maps\/#breadcrumb","itemListElement":[{"@type":"ListItem","position":1,"name":"Home","item":"https:\/\/legacy.colt.net\/de\/"},{"@type":"ListItem","position":2,"name":"Colts IQ Netzwerkinfrastruktur","item":"https:\/\/legacy.colt.net\/de\/global-network\/"},{"@type":"ListItem","position":3,"name":"Netzwerk\u00fcbersicht"}]},{"@type":"WebSite","@id":"https:\/\/legacy.colt.net\/#website","url":"https:\/\/legacy.colt.net\/","name":"Colt\u30c6\u30af\u30ce\u30ed\u30b8\u30fc\u30b5\u30fc\u30d3\u30b9\u682a\u5f0f\u4f1a\u793e","description":"Managed Network &amp; Voice Services Provider","publisher":{"@id":"https:\/\/legacy.colt.net\/#organization"},"potentialAction":[{"@type":"SearchAction","target":{"@type":"EntryPoint","urlTemplate":"https:\/\/legacy.colt.net\/?s={search_term_string}"},"query-input":{"@type":"PropertyValueSpecification","valueRequired":true,"valueName":"search_term_string"}}],"inLanguage":"de-DE"},{"@type":"Organization","@id":"https:\/\/legacy.colt.net\/#organization","name":"Colt Technology Services","url":"https:\/\/legacy.colt.net\/","logo":{"@type":"ImageObject","inLanguage":"de-DE","@id":"https:\/\/legacy.colt.net\/#\/schema\/logo\/image\/","url":"https:\/\/legacy.colt.net\/wp-content\/uploads\/2019\/02\/Colt-Logo.png","contentUrl":"https:\/\/legacy.colt.net\/wp-content\/uploads\/2019\/02\/Colt-Logo.png","width":195,"height":77,"caption":"Colt Technology Services"},"image":{"@id":"https:\/\/legacy.colt.net\/#\/schema\/logo\/image\/"},"sameAs":["https:\/\/www.facebook.com\/ColtTechnologyServices\/","https:\/\/x.com\/colt_technology","https:\/\/www.instagram.com\/colttechnologyservices\/","https:\/\/www.linkedin.com\/company\/colt-technology-services","https:\/\/www.youtube.com\/user\/ColtTechnology"]}]}},"_links":{"self":[{"href":"https:\/\/legacy.colt.net\/de\/wp-json\/wp\/v2\/pages\/35371","targetHints":{"allow":["GET"]}}],"collection":[{"href":"https:\/\/legacy.colt.net\/de\/wp-json\/wp\/v2\/pages"}],"about":[{"href":"https:\/\/legacy.colt.net\/de\/wp-json\/wp\/v2\/types\/page"}],"author":[{"embeddable":true,"href":"https:\/\/legacy.colt.net\/de\/wp-json\/wp\/v2\/users\/2"}],"replies":[{"embeddable":true,"href":"https:\/\/legacy.colt.net\/de\/wp-json\/wp\/v2\/comments?post=35371"}],"version-history":[{"count":0,"href":"https:\/\/legacy.colt.net\/de\/wp-json\/wp\/v2\/pages\/35371\/revisions"}],"up":[{"embeddable":true,"href":"https:\/\/legacy.colt.net\/de\/wp-json\/wp\/v2\/pages\/35204"}],"wp:attachment":[{"href":"https:\/\/legacy.colt.net\/de\/wp-json\/wp\/v2\/media?parent=35371"}],"wp:term":[{"taxonomy":"colt_type","embeddable":true,"href":"https:\/\/legacy.colt.net\/de\/wp-json\/wp\/v2\/colt_type?post=35371"},{"taxonomy":"colt_products","embeddable":true,"href":"https:\/\/legacy.colt.net\/de\/wp-json\/wp\/v2\/colt_products?post=35371"}],"curies":[{"name":"wp","href":"https:\/\/api.w.org\/{rel}","templated":true}]}}