{"id":35358,"date":"2019-03-07T12:02:51","date_gmt":"2019-03-07T12:02:51","guid":{"rendered":"https:\/\/www.colt.net\/data-centre\/"},"modified":"2019-12-03T15:53:08","modified_gmt":"2019-12-03T15:53:08","slug":"data-centre","status":"publish","type":"page","link":"https:\/\/legacy.colt.net\/de\/data-centre\/","title":{"rendered":"Rechenzentren"},"content":{"rendered":"<h1>\n\t<\/h1>\n<h3>\n\t<\/h3>\n\t<nav class=\"breadcrumb\"><span><span><a href=\"https:\/\/legacy.colt.net\/de\/\">Home<\/a><\/span><\/span><\/nav>\n\t<p>Colt verf\u00fcgt in Europa und\u00a0<a href=\"https:\/\/asia.colt.net\/\" target=\"_blank\" rel=\"noopener noreferrer\">Asien<\/a>\u00a0\u00fcber sichere, netzbetreiberneutrale Rechenzentren. Hier werden unter anderem Colocation-und Mehrwertdienste bereitgestellt. Colt betreibt 34 netzbetreiberneutrale Rechenzentren in ganz Europa und betreut weitere sieben im asiatisch-pazifischen Raum. Damit ist Colt in der Lage, flexible, integrierte und skalierbare Rechenzentrumsl\u00f6sungen anzubieten, die zur Risikominimierung beitragen und sich dynamisch an die Anforderungen unserer Unternehmenskunden anpassen.<\/p>\n<p>Die Kundenzusammensetzung variiert je nach Markt. Konzerne, die Fl\u00e4chen f\u00fcr kritische IT-Infrastrukturen ben\u00f6tigen, sind ebenso vertreten wie mittelst\u00e4ndische Betriebe, die nur ein Rack mieten wollen. Zu unseren Kunden z\u00e4hlen mehrere der gr\u00f6\u00dften Finanzinstitute Europas sowie Medienunternehmen und f\u00fchrende globale Cloud-Anbieter.<\/p>\n<h5>Services<\/h5>\n<ul>\n<li>Colocation \u2013 vom einzelnen Rack bis zur kompletten Server-Hall<\/li>\n<li>Mehrwert-Rechenzentrumsdienste (Remote- und Smart-Hands, Disaster Recovery, B\u00fcror\u00e4ume, Connectivity Services)<\/li>\n<\/ul>\n<h5>Vorteile<\/h5>\n<ul>\n<li>Energieeffiziente, ausfallsichere Anlagen mit moderner Technologie und lokalen Teams<\/li>\n<li>Kapazit\u00e4t nach Bedarf, flexible Bedingungen, betreiberneutrale Einrichtungen<\/li>\n<li>Colocation Services k\u00f6nnen in vollst\u00e4ndig gemanagte IT- und Cloud Services integriert werden<\/li>\n<li>582 externe Rechenzentren sind im Colt Netz integriert<\/li>\n<\/ul>\n<p><a href=\"https:\/\/datacentres.colt.net\/\">RechenzentrenInformieren Sie sich \u00fcber unsere Services<\/a><\/p>\n","protected":false},"excerpt":{"rendered":"<p>Colt verf\u00fcgt in Europa und\u00a0Asien\u00a0\u00fcber sichere, netzbetreiberneutrale Rechenzentren. Hier werden unter anderem Colocation-und Mehrwertdienste bereitgestellt. Colt betreibt 34 netzbetreiberneutrale Rechenzentren in ganz Europa und betreut weitere sieben im asiatisch-pazifischen Raum. Damit ist Colt in der Lage, flexible, integrierte und skalierbare Rechenzentrumsl\u00f6sungen anzubieten, die zur Risikominimierung beitragen und sich dynamisch an die Anforderungen unserer Unternehmenskunden anpassen.<\/p>\n","protected":false},"author":143,"featured_media":0,"parent":0,"menu_order":0,"comment_status":"closed","ping_status":"closed","template":"","meta":{"_acf_changed":false,"footnotes":""},"colt_type":[],"colt_products":[],"class_list":["post-35358","page","type-page","status-publish","hentry"],"acf":[],"yoast_head":"<!-- This site is optimized with the Yoast SEO plugin v26.8 - https:\/\/yoast.com\/product\/yoast-seo-wordpress\/ -->\n<title>Rechenzentren - Colt Technology Services | DE<\/title>\n<meta name=\"description\" content=\"Rechenzentren Colt Technology Services\" \/>\n<meta name=\"robots\" content=\"noindex, follow, max-snippet:-1, max-image-preview:large, max-video-preview:-1\" \/>\n<meta property=\"og:locale\" content=\"de_DE\" \/>\n<meta property=\"og:type\" content=\"article\" \/>\n<meta property=\"og:title\" content=\"Rechenzentren - Colt Technology Services | DE\" \/>\n<meta property=\"og:description\" content=\"Rechenzentren Colt Technology Services\" \/>\n<meta property=\"og:url\" content=\"https:\/\/legacy.colt.net\/de\/data-centre\/\" \/>\n<meta property=\"og:site_name\" content=\"Colt Technology Services\" \/>\n<meta property=\"article:publisher\" content=\"https:\/\/www.facebook.com\/ColtTechnologyServices\/\" \/>\n<meta property=\"article:modified_time\" content=\"2019-12-03T15:53:08+00:00\" \/>\n<meta property=\"og:image\" content=\"https:\/\/legacy.colt.net\/wp-content\/uploads\/2021\/01\/Brand-2021-Stock-36.jpg\" \/>\n\t<meta property=\"og:image:width\" content=\"1000\" \/>\n\t<meta property=\"og:image:height\" content=\"667\" \/>\n\t<meta property=\"og:image:type\" content=\"image\/jpeg\" \/>\n<meta name=\"twitter:card\" content=\"summary_large_image\" \/>\n<meta name=\"twitter:site\" content=\"@colt_technology\" \/>\n<meta name=\"twitter:label1\" content=\"Est. reading time\" \/>\n\t<meta name=\"twitter:data1\" content=\"1 minute\" \/>\n<script type=\"application\/ld+json\" class=\"yoast-schema-graph\">{\"@context\":\"https:\/\/schema.org\",\"@graph\":[{\"@type\":\"WebPage\",\"@id\":\"https:\/\/legacy.colt.net\/de\/data-centre\/\",\"url\":\"https:\/\/legacy.colt.net\/de\/data-centre\/\",\"name\":\"Rechenzentren - Colt Technology Services | DE\",\"isPartOf\":{\"@id\":\"https:\/\/legacy.colt.net\/#website\"},\"datePublished\":\"2019-03-07T12:02:51+00:00\",\"dateModified\":\"2019-12-03T15:53:08+00:00\",\"description\":\"Rechenzentren Colt Technology Services\",\"breadcrumb\":{\"@id\":\"https:\/\/legacy.colt.net\/de\/data-centre\/#breadcrumb\"},\"inLanguage\":\"de-DE\",\"potentialAction\":[{\"@type\":\"ReadAction\",\"target\":[\"https:\/\/legacy.colt.net\/de\/data-centre\/\"]}]},{\"@type\":\"BreadcrumbList\",\"@id\":\"https:\/\/legacy.colt.net\/de\/data-centre\/#breadcrumb\",\"itemListElement\":[{\"@type\":\"ListItem\",\"position\":1,\"name\":\"Home\",\"item\":\"https:\/\/legacy.colt.net\/de\/\"},{\"@type\":\"ListItem\",\"position\":2,\"name\":\"Rechenzentren\"}]},{\"@type\":\"WebSite\",\"@id\":\"https:\/\/legacy.colt.net\/#website\",\"url\":\"https:\/\/legacy.colt.net\/\",\"name\":\"Colt\u30c6\u30af\u30ce\u30ed\u30b8\u30fc\u30b5\u30fc\u30d3\u30b9\u682a\u5f0f\u4f1a\u793e\",\"description\":\"Managed Network &amp; Voice Services Provider\",\"publisher\":{\"@id\":\"https:\/\/legacy.colt.net\/#organization\"},\"potentialAction\":[{\"@type\":\"SearchAction\",\"target\":{\"@type\":\"EntryPoint\",\"urlTemplate\":\"https:\/\/legacy.colt.net\/?s={search_term_string}\"},\"query-input\":{\"@type\":\"PropertyValueSpecification\",\"valueRequired\":true,\"valueName\":\"search_term_string\"}}],\"inLanguage\":\"de-DE\"},{\"@type\":\"Organization\",\"@id\":\"https:\/\/legacy.colt.net\/#organization\",\"name\":\"Colt Technology Services\",\"url\":\"https:\/\/legacy.colt.net\/\",\"logo\":{\"@type\":\"ImageObject\",\"inLanguage\":\"de-DE\",\"@id\":\"https:\/\/legacy.colt.net\/#\/schema\/logo\/image\/\",\"url\":\"https:\/\/legacy.colt.net\/wp-content\/uploads\/2019\/02\/Colt-Logo.png\",\"contentUrl\":\"https:\/\/legacy.colt.net\/wp-content\/uploads\/2019\/02\/Colt-Logo.png\",\"width\":195,\"height\":77,\"caption\":\"Colt Technology Services\"},\"image\":{\"@id\":\"https:\/\/legacy.colt.net\/#\/schema\/logo\/image\/\"},\"sameAs\":[\"https:\/\/www.facebook.com\/ColtTechnologyServices\/\",\"https:\/\/x.com\/colt_technology\",\"https:\/\/www.instagram.com\/colttechnologyservices\/\",\"https:\/\/www.linkedin.com\/company\/colt-technology-services\",\"https:\/\/www.youtube.com\/user\/ColtTechnology\"]}]}<\/script>\n<!-- \/ Yoast SEO plugin. -->","yoast_head_json":{"title":"Rechenzentren - Colt Technology Services | DE","description":"Rechenzentren Colt Technology Services","robots":{"index":"noindex","follow":"follow","max-snippet":"max-snippet:-1","max-image-preview":"max-image-preview:large","max-video-preview":"max-video-preview:-1"},"og_locale":"de_DE","og_type":"article","og_title":"Rechenzentren - Colt Technology Services | DE","og_description":"Rechenzentren Colt Technology Services","og_url":"https:\/\/legacy.colt.net\/de\/data-centre\/","og_site_name":"Colt Technology Services","article_publisher":"https:\/\/www.facebook.com\/ColtTechnologyServices\/","article_modified_time":"2019-12-03T15:53:08+00:00","og_image":[{"width":1000,"height":667,"url":"https:\/\/legacy.colt.net\/wp-content\/uploads\/2021\/01\/Brand-2021-Stock-36.jpg","type":"image\/jpeg"}],"twitter_card":"summary_large_image","twitter_site":"@colt_technology","twitter_misc":{"Est. reading time":"1 minute"},"schema":{"@context":"https:\/\/schema.org","@graph":[{"@type":"WebPage","@id":"https:\/\/legacy.colt.net\/de\/data-centre\/","url":"https:\/\/legacy.colt.net\/de\/data-centre\/","name":"Rechenzentren - Colt Technology Services | DE","isPartOf":{"@id":"https:\/\/legacy.colt.net\/#website"},"datePublished":"2019-03-07T12:02:51+00:00","dateModified":"2019-12-03T15:53:08+00:00","description":"Rechenzentren Colt Technology Services","breadcrumb":{"@id":"https:\/\/legacy.colt.net\/de\/data-centre\/#breadcrumb"},"inLanguage":"de-DE","potentialAction":[{"@type":"ReadAction","target":["https:\/\/legacy.colt.net\/de\/data-centre\/"]}]},{"@type":"BreadcrumbList","@id":"https:\/\/legacy.colt.net\/de\/data-centre\/#breadcrumb","itemListElement":[{"@type":"ListItem","position":1,"name":"Home","item":"https:\/\/legacy.colt.net\/de\/"},{"@type":"ListItem","position":2,"name":"Rechenzentren"}]},{"@type":"WebSite","@id":"https:\/\/legacy.colt.net\/#website","url":"https:\/\/legacy.colt.net\/","name":"Colt\u30c6\u30af\u30ce\u30ed\u30b8\u30fc\u30b5\u30fc\u30d3\u30b9\u682a\u5f0f\u4f1a\u793e","description":"Managed Network &amp; Voice Services Provider","publisher":{"@id":"https:\/\/legacy.colt.net\/#organization"},"potentialAction":[{"@type":"SearchAction","target":{"@type":"EntryPoint","urlTemplate":"https:\/\/legacy.colt.net\/?s={search_term_string}"},"query-input":{"@type":"PropertyValueSpecification","valueRequired":true,"valueName":"search_term_string"}}],"inLanguage":"de-DE"},{"@type":"Organization","@id":"https:\/\/legacy.colt.net\/#organization","name":"Colt Technology Services","url":"https:\/\/legacy.colt.net\/","logo":{"@type":"ImageObject","inLanguage":"de-DE","@id":"https:\/\/legacy.colt.net\/#\/schema\/logo\/image\/","url":"https:\/\/legacy.colt.net\/wp-content\/uploads\/2019\/02\/Colt-Logo.png","contentUrl":"https:\/\/legacy.colt.net\/wp-content\/uploads\/2019\/02\/Colt-Logo.png","width":195,"height":77,"caption":"Colt Technology Services"},"image":{"@id":"https:\/\/legacy.colt.net\/#\/schema\/logo\/image\/"},"sameAs":["https:\/\/www.facebook.com\/ColtTechnologyServices\/","https:\/\/x.com\/colt_technology","https:\/\/www.instagram.com\/colttechnologyservices\/","https:\/\/www.linkedin.com\/company\/colt-technology-services","https:\/\/www.youtube.com\/user\/ColtTechnology"]}]}},"_links":{"self":[{"href":"https:\/\/legacy.colt.net\/de\/wp-json\/wp\/v2\/pages\/35358","targetHints":{"allow":["GET"]}}],"collection":[{"href":"https:\/\/legacy.colt.net\/de\/wp-json\/wp\/v2\/pages"}],"about":[{"href":"https:\/\/legacy.colt.net\/de\/wp-json\/wp\/v2\/types\/page"}],"author":[{"embeddable":true,"href":"https:\/\/legacy.colt.net\/de\/wp-json\/wp\/v2\/users\/143"}],"replies":[{"embeddable":true,"href":"https:\/\/legacy.colt.net\/de\/wp-json\/wp\/v2\/comments?post=35358"}],"version-history":[{"count":0,"href":"https:\/\/legacy.colt.net\/de\/wp-json\/wp\/v2\/pages\/35358\/revisions"}],"wp:attachment":[{"href":"https:\/\/legacy.colt.net\/de\/wp-json\/wp\/v2\/media?parent=35358"}],"wp:term":[{"taxonomy":"colt_type","embeddable":true,"href":"https:\/\/legacy.colt.net\/de\/wp-json\/wp\/v2\/colt_type?post=35358"},{"taxonomy":"colt_products","embeddable":true,"href":"https:\/\/legacy.colt.net\/de\/wp-json\/wp\/v2\/colt_products?post=35358"}],"curies":[{"name":"wp","href":"https:\/\/api.w.org\/{rel}","templated":true}]}}