{"id":35346,"date":"2017-03-13T16:41:52","date_gmt":"2017-03-13T16:41:52","guid":{"rendered":"https:\/\/www.colt.net\/leadership\/"},"modified":"2024-04-09T16:09:28","modified_gmt":"2024-04-09T15:09:28","slug":"leadership","status":"publish","type":"page","link":"https:\/\/legacy.colt.net\/de\/about\/leadership\/","title":{"rendered":"Leadership"},"content":{"rendered":"\n\n\t<nav class=\"breadcrumb\"><span><span><a href=\"https:\/\/legacy.colt.net\/de\/\">Home<\/a><\/span><\/span><\/nav>\n<h1>\n\t\tUnser Leadership Team\n\t<\/h1>\n<h3>\n\t\t\u00dcber Colt\n\t<\/h3>\n\t\t\t<a href=\"https:\/\/legacy.colt.net\/de\/about\/\" target=\"_self\" rel=\"noopener\">\n\t\t\t\t\t\tZur\u00fcckgeben\n\t\t\t\t\t<\/a>\n\t\t\t<a href=\"https:\/\/legacy.colt.net\/de\/global-network\/\" target=\"_blank\" rel=\"noopener\">\n\t\t\t\t\t\t\tDas Netzwerk von Colt\n\t\t\t<\/a>\n\t\t\t\t<img loading=\"lazy\" decoding=\"async\" src=\"https:\/\/legacy.colt.net\/wp-content\/uploads\/2023\/12\/Colt-Image-1.png\" alt=\"Colt-Image-1\" itemprop=\"image\" height=\"922\" width=\"1060\" title=\"Colt-Image-1\" onerror=\"this.style.display='none'\"  \/>\n\t\t\t\t<img decoding=\"async\" src=\"https:\/\/legacy.colt.net\/wp-content\/plugins\/bb-plugin\/img\/pixel.png\" alt=\"\" itemprop=\"image\" onerror=\"this.style.display='none'\"  \/>\n\t<a href=\"https:\/\/legacy.colt.net\/de\/about\/leadership\/keri-gilder\/\" target=\"_self\" aria-label=\"Go to https:\/\/legacy.colt.net\/de\/about\/leadership\/keri-gilder\/\" rel=\"noopener\"><\/a>\n\t\t\t\t<img decoding=\"async\" src=\"https:\/\/legacy.colt.net\/wp-content\/uploads\/bb-plugin\/cache\/Keri-Gilder-scaled-circle.jpg\" alt=\"Keri Gilder\" title=\"Keri Gilder\" itemprop=\"image\"\/>\n\t\t<h3>Keri Gilder<\/h3><h4>Chief Executive Officer<\/h4>\n\t\t\t\t<p>Sie wurde im Mai 2020 in diese Position berufen und ist f\u00fcr die Umsetzung der Strategie von Colt verantwortlich, die sich darauf konzentriert, Kunden in die Lage zu versetzen, alle M\u00f6glichkeiten des digitalen Universums zu nutzen &#8211; wo, wann und wie sie es m\u00f6chten.<\/p>\n\t<a href=\"https:\/\/legacy.colt.net\/de\/about\/leadership\/buddy-bayer\/\" target=\"_self\" aria-label=\"Go to https:\/\/legacy.colt.net\/de\/about\/leadership\/buddy-bayer\/\" rel=\"noopener\"><\/a>\n\t\t\t\t<img decoding=\"async\" src=\"https:\/\/legacy.colt.net\/wp-content\/uploads\/bb-plugin\/cache\/Buddy-Circle-1-circle.png\" alt=\"Buddy-Circle 1\" title=\"Buddy-Circle 1\" itemprop=\"image\"\/>\n\t\t<h3>Buddy Bayer<\/h3><h4>Chief Operating Officer<\/h4>\n\t\t\t\t<p>Ron \u201eBuddy&#8221; Bayer ist Chief Operating Officer bei Colt. Bayer ist f\u00fcr die Leitung der globalen Betriebs- und Engineering-Funktionen von Colt verantwortlich. Buddy wird f\u00fcr die Weiterentwicklung der Infrastruktur- und Netzwerkstrategie von Colt verantwortlich sein und dabei weiterhin f\u00fcr ein au\u00dfergew\u00f6hnliches Kundenerlebnis sorgen.<\/p>\n\t<a href=\"https:\/\/legacy.colt.net\/de\/about\/leadership\/annette-murphy\/\" target=\"_self\" aria-label=\"Go to https:\/\/legacy.colt.net\/de\/about\/leadership\/annette-murphy\/\" rel=\"noopener\"><\/a>\n\t\t\t\t<img decoding=\"async\" src=\"https:\/\/legacy.colt.net\/wp-content\/uploads\/bb-plugin\/cache\/Annette-Murphy-2-circle.png\" alt=\"Annette-Murphy\" title=\"Annette-Murphy\" itemprop=\"image\"\/>\n\t\t<h3>Annette Murphy<\/h3><h4>Chief Commercial Officer<\/h4>\n<p>Annette Murphy ist Chief Commercial Officer von Colt und berichtet direkt an Keri Gilder, den Chief Executive Officer von Colt. In dieser Funktion ist Annette f\u00fcr das Management aller Markteinf\u00fchrungsaktivit\u00e4ten von Colt verantwortlich, um ein profitables Umsatzwachstum und eine starke Marktpr\u00e4senz zu gew\u00e4hrleisten.<\/p>\n\t<a href=\"https:\/\/legacy.colt.net\/de\/about\/leadership\/dan-harris\/\" target=\"_self\" aria-label=\"Go to https:\/\/legacy.colt.net\/de\/about\/leadership\/dan-harris\/\" rel=\"noopener\"><\/a>\n\t\t\t\t<img decoding=\"async\" src=\"https:\/\/legacy.colt.net\/wp-content\/uploads\/bb-plugin\/cache\/Dan_Harris-circle.jpeg\" alt=\"Dan_Harris\" title=\"Dan_Harris\" itemprop=\"image\"\/>\n\t\t<h3>Dan Harris<\/h3><h4>Chief Financial Officer<\/h4>\n\t\t\t\t<p>Dan Harris ist Chief Financial Officer von Colt Technology Services und leitet den Bereich f\u00fcr die Bereitstellung der globalen Finanzkennzahlen von Colt und die Integration von Lumen EMEA, w\u00e4hrend er gleichzeitig die Wachstumsambitionen von Colt vorantreibt.<\/p>\n\t<a href=\"https:\/\/legacy.colt.net\/de\/about\/leadership\/catherine-leaver\/\" target=\"_self\" aria-label=\"Go to https:\/\/legacy.colt.net\/de\/about\/leadership\/catherine-leaver\/\" rel=\"noopener\"><\/a>\n\t\t\t\t<img decoding=\"async\" src=\"https:\/\/legacy.colt.net\/wp-content\/uploads\/bb-plugin\/cache\/Catherine-circle.png\" alt=\"Catherine\" title=\"Catherine\" itemprop=\"image\"\/>\n\t\t<h3>Catherine Leaver<\/h3><h4>Chief People Officer<\/h4>\n<p>Als erfahrene F\u00fchrungskraft in der Telekommunikationsbranche bringt Catherine Leaver vielf\u00e4ltige Erfahrungen in der Arbeit mit internationalem Personal und im Aufbau von starken Teams mit. Zudem hat sie zahlreiche Ver\u00e4nderungsprozesse erfolgreich gemanagt und wei\u00df, wie Zielvorgaben erreicht werden. Dabei hat Wohlergehen der Organisation f\u00fcr sie oberste Priorit\u00e4t.<\/p>\n\t<a href=\"https:\/\/legacy.colt.net\/de\/about\/leadership\/ashish-surti\/\" target=\"_self\" aria-label=\"Go to https:\/\/legacy.colt.net\/de\/about\/leadership\/ashish-surti\/\" rel=\"noopener\"><\/a>\n\t\t\t\t<img decoding=\"async\" src=\"https:\/\/legacy.colt.net\/wp-content\/uploads\/bb-plugin\/cache\/Ashish-Surti-Square-circle.png\" alt=\"Ashish-Surti-Square\" title=\"Ashish-Surti-Square\" itemprop=\"image\"\/>\n\t\t<h3>Ashish Surti<\/h3><h4>Chief Digital &#038; Infomation Officer<\/h4>\n<p>Ashish Surti ist bei Colt f\u00fcr die gesamte Technologie- sowie Sicherheitsstrategie und deren Umsetzung verantwortlich. Gleichzeitige sorgt er daf\u00fcr, dass Colt seine Systeme und Prozesse rationalisiert und die digitalen Ziele des Unternehmens in Gesch\u00e4ftsprozesse umsetzt. Ein weiterer Schwerpunkt seiner Arbeit liegt auf der Etablierung eines hohen Sicherheitsstandards und der kontinuierlichen Verbesserung der Datenqualit\u00e4t im gesamten Unternehmen.<\/p>\n\t<a href=\"https:\/\/legacy.colt.net\/de\/about\/leadership\/caroline-griffin-pain\/\" target=\"_self\" aria-label=\"Go to https:\/\/legacy.colt.net\/de\/about\/leadership\/caroline-griffin-pain\/\" rel=\"noopener\"><\/a>\n\t\t\t\t<img decoding=\"async\" src=\"https:\/\/legacy.colt.net\/wp-content\/uploads\/bb-plugin\/cache\/Caroline-Griffin-Pain-Photo-circle.jpg\" alt=\"Caroline Griffin Pain Photo\" title=\"Caroline Griffin Pain Photo\" itemprop=\"image\"\/>\n\t\t<h3>Caroline Griffin Pain<\/h3><h4>Chief Legal Officer<\/h4>\n<p>Caroline Griffin Pain ist bei Colt f\u00fcr organisatorische und rechtliche Belange zust\u00e4ndig, u. a. f\u00fcr den Bereich Compliance. Caroline ist auch f\u00fcr die ESG-Strategie von Colt verantwortlich, einschlie\u00dflich Nachhaltigkeit sowie Inklusion &amp; Vielfalt.<\/p>\n<h2>\n\t\tOur Board of Directors\n\t<\/h2>\n\t\t\t\t<img decoding=\"async\" src=\"https:\/\/legacy.colt.net\/wp-content\/uploads\/bb-plugin\/cache\/Mike-Wilens-circle.jpg\" alt=\"Mike Wilens\" title=\"Mike Wilens\" itemprop=\"image\"\/>\n\t\t<h3>Michael Wilens<\/h3><h4>Chairman<\/h4>\t\t\t\n\t\t\t\t<a href=\"https:\/\/legacy.colt.net\/de\/about\/leadership\/michael-wilens\/\" target=\"_self\" rel=\"noopener\">Read More&#8230;<\/a>\t\t\t\n\t\t\t\t<img decoding=\"async\" src=\"https:\/\/legacy.colt.net\/wp-content\/uploads\/bb-plugin\/cache\/Keri-Gilder-scaled-circle.jpg\" alt=\"Keri Gilder\" title=\"Keri Gilder\" itemprop=\"image\"\/>\n\t\t<h3>Keri Gilder<\/h3><h4>Chief Executive Officer<\/h4>\t\t\t\n\t\t\t\t<a href=\"https:\/\/legacy.colt.net\/de\/about\/leadership\/keri-gilder\/\" target=\"_self\" rel=\"noopener\">Read More&#8230;<\/a>\t\t\t\n\t\t\t\t<img decoding=\"async\" src=\"https:\/\/legacy.colt.net\/wp-content\/uploads\/bb-plugin\/cache\/Caroline-Griffin-Pain-Photo-circle.jpg\" alt=\"Caroline Griffin Pain Photo\" title=\"Caroline Griffin Pain Photo\" itemprop=\"image\"\/>\n\t\t<h3>Caroline Griffin Pain<\/h3><h4>Chief Legal Officer<\/h4>\t\t\t\n\t\t\t\t<a href=\"https:\/\/legacy.colt.net\/de\/about\/leadership\/caroline-griffin-pain\/\" target=\"_self\" rel=\"noopener\">Read More&#8230;<\/a>\t\t\t\n\t\t\t\t<img decoding=\"async\" src=\"https:\/\/legacy.colt.net\/wp-content\/uploads\/bb-plugin\/cache\/Abby-Johnson-450x600-circle.jpg\" alt=\"Abby-Johnson-450x600\" title=\"Abby-Johnson-450x600\" itemprop=\"image\"\/>\n\t\t<h3>Abby Johnson<\/h3><h4>Non-executive Director<\/h4>\t\t\t\n\t\t\t\t<a href=\"https:\/\/legacy.colt.net\/de\/about\/leadership\/abby-johnson\/\" target=\"_self\" rel=\"noopener\">Read More&#8230;<\/a>\t\t\t\n\t\t\t\t<img decoding=\"async\" src=\"https:\/\/legacy.colt.net\/wp-content\/uploads\/bb-plugin\/cache\/Jennifer-Uhrig-450x600-circle.jpg\" alt=\"Jennifer-Uhrig-450x600\" title=\"Jennifer-Uhrig-450x600\" itemprop=\"image\"\/>\n\t\t<h3>Jennifer Uhrig<\/h3><h4>Non-executive Director<\/h4>\t\t\t\n\t\t\t\t<a href=\"https:\/\/legacy.colt.net\/de\/about\/leadership\/jennifer-uhrig\/\" target=\"_self\" rel=\"noopener\">Read More&#8230;<\/a>\t\t\t\n\t\t\t\t<img decoding=\"async\" src=\"https:\/\/legacy.colt.net\/wp-content\/uploads\/bb-plugin\/cache\/Suzanne-circle.jpg\" alt=\"Suzanne\" title=\"Suzanne\" itemprop=\"image\"\/>\n\t\t<h3>Suzanne Streeter<\/h3><h4>Non-executive Director<\/h4>\t\t\t\n\t\t\t\t<a href=\"https:\/\/legacy.colt.net\/de\/about\/leadership\/suzanne-streeter\/\" target=\"_self\" rel=\"noopener\">Read More&#8230;<\/a>\t\t\t\n\t\t\t\t<img decoding=\"async\" src=\"https:\/\/legacy.colt.net\/wp-content\/uploads\/bb-plugin\/cache\/Stevee_Neff-circle.jpg\" alt=\"Stevee_Neff\" title=\"Stevee_Neff\" itemprop=\"image\"\/>\n\t\t<h3>Steve Neff<\/h3><h4>Non-executive Director<\/h4>\t\t\t\n\t\t\t\t<a href=\"https:\/\/legacy.colt.net\/de\/about\/leadership\/stephen-neff\/\" target=\"_self\" rel=\"noopener\">Read More&#8230;<\/a>\t\t\t\n\t\t\t\t<img decoding=\"async\" src=\"https:\/\/legacy.colt.net\/wp-content\/uploads\/bb-plugin\/cache\/John-Avery-circle.png\" alt=\"John Avery\" title=\"John Avery\" itemprop=\"image\"\/>\n\t\t<h3>John Avery<\/h3><h4>Non-executive Director<\/h4>\t\t\t\n\t\t\t\t<a href=\"https:\/\/legacy.colt.net\/de\/about\/leadership\/john-avery\/\" target=\"_self\" rel=\"noopener\">Read More&#8230;<\/a>\t\t\t\n<h2>\n\t\tAudit Committee\n\t<\/h2>\n\t\t\t\t<img decoding=\"async\" src=\"https:\/\/legacy.colt.net\/wp-content\/uploads\/bb-plugin\/cache\/Jennifer-Uhrig-450x600-circle.jpg\" alt=\"Jennifer-Uhrig-450x600\" title=\"Jennifer-Uhrig-450x600\" itemprop=\"image\"\/>\n\t\t<h3>Jennifer Uhrig<\/h3><h4>Member of the Audit Committee<\/h4>\t\t\t\n\t\t\t\t<a href=\"https:\/\/legacy.colt.net\/de\/about\/leadership\/jennifer-uhrig\/\" target=\"_self\" rel=\"noopener\">Read More&#8230;<\/a>\t\t\t\n\t\t\t\t<img decoding=\"async\" src=\"https:\/\/legacy.colt.net\/wp-content\/uploads\/bb-plugin\/cache\/John-Avery-circle.png\" alt=\"John Avery\" title=\"John Avery\" itemprop=\"image\"\/>\n\t\t<h3>John Avery<\/h3><h4>Member of the Audit Committee<\/h4>\t\t\t\n\t\t\t\t<a href=\"https:\/\/legacy.colt.net\/de\/about\/leadership\/john-avery\/\" target=\"_self\" rel=\"noopener\">Read More&#8230;<\/a>\t\t\t\n\t\t\t\t<img decoding=\"async\" src=\"https:\/\/legacy.colt.net\/wp-content\/uploads\/bb-plugin\/cache\/Suzanne-circle.jpg\" alt=\"Suzanne\" title=\"Suzanne\" itemprop=\"image\"\/>\n\t\t<h3>Suzanne Streeter<\/h3><h4>Member of the Audit Committee<\/h4>\t\t\t\n\t\t\t\t<a href=\"https:\/\/legacy.colt.net\/de\/about\/leadership\/suzanne-streeter\/\" target=\"_self\" rel=\"noopener\">Read More&#8230;<\/a>\t\t\t\n<h2>\n\t\tRemuneration Committee\n\t<\/h2>\n\t\t\t\t<img decoding=\"async\" src=\"https:\/\/legacy.colt.net\/wp-content\/uploads\/bb-plugin\/cache\/Murphy_Pat-1-circle.jpg\" alt=\"Murphy_Pat\" title=\"Murphy_Pat\" itemprop=\"image\"\/>\n\t\t<h3>Pat Murphy<\/h3><h4>Member of the Remuneration Committee<\/h4>\t\t\t\n\t\t\t\t<a href=\"https:\/\/legacy.colt.net\/de\/about\/leadership\/pat-murphy\/\" target=\"_self\" rel=\"noopener\">Read More&#8230;<\/a>\t\t\t\n\t\t\t\t<img decoding=\"async\" src=\"https:\/\/legacy.colt.net\/wp-content\/uploads\/bb-plugin\/cache\/Stevee_Neff-circle.jpg\" alt=\"Stevee_Neff\" title=\"Stevee_Neff\" itemprop=\"image\"\/>\n\t\t<h3>Steve Neff<\/h3><h4>Member of the Remuneration Committee<\/h4>\t\t\t\n\t\t\t\t<a href=\"https:\/\/legacy.colt.net\/about\/leadership\/stephen-neff\/\" target=\"_self\" rel=\"noopener\">Read More&#8230;<\/a>\t\t\t\n\t\t\t\t<img decoding=\"async\" src=\"https:\/\/legacy.colt.net\/wp-content\/uploads\/bb-plugin\/cache\/Jason-Hamilton-Photo-circle.jpg\" alt=\"Jason Hamilton Photo\" title=\"Jason Hamilton Photo\" itemprop=\"image\"\/>\n\t\t<h3>Jason Hamilton<\/h3><h4>Member of the Remuneration Committee<\/h4>\t\t\t\n\t\t\t\t<a href=\"https:\/\/legacy.colt.net\/about\/leadership\/jason-hamilton\/\" target=\"_self\" rel=\"noopener\">Read More&#8230;<\/a>\t\t\t\n\n","protected":false},"excerpt":{"rendered":"<p>Unser Leadership Team \u00dcber Colt Zur\u00fcckgeben Das Netzwerk von Colt Keri Gilder Chief Executive Officer Sie wurde im Mai 2020 in diese Position berufen und ist f\u00fcr die Umsetzung der Strategie von Colt verantwortlich, die sich darauf konzentriert, Kunden in die Lage zu versetzen, alle M\u00f6glichkeiten des digitalen Universums zu nutzen &#8211; wo, wann und&#8230;<\/p>\n","protected":false},"author":2,"featured_media":0,"parent":35617,"menu_order":0,"comment_status":"closed","ping_status":"closed","template":"","meta":{"_acf_changed":false,"footnotes":""},"colt_type":[],"colt_products":[],"class_list":["post-35346","page","type-page","status-publish","hentry"],"acf":[],"yoast_head":"<!-- This site is optimized with the Yoast SEO plugin v26.8 - https:\/\/yoast.com\/product\/yoast-seo-wordpress\/ -->\n<title>Leadership | Colt Technology Services | DE<\/title>\n<meta name=\"description\" content=\"Hier finden Sie alle Informationen zu unserem Leadership Team!\" \/>\n<meta name=\"robots\" content=\"noindex, follow, max-snippet:-1, max-image-preview:large, max-video-preview:-1\" \/>\n<meta property=\"og:locale\" content=\"de_DE\" \/>\n<meta property=\"og:type\" content=\"article\" \/>\n<meta property=\"og:title\" content=\"Leadership | Colt Technology Services | DE\" \/>\n<meta property=\"og:description\" content=\"Hier finden Sie alle Informationen zu unserem Leadership Team!\" \/>\n<meta property=\"og:url\" content=\"https:\/\/legacy.colt.net\/de\/about\/leadership\/\" \/>\n<meta property=\"og:site_name\" content=\"Colt Technology Services\" \/>\n<meta property=\"article:publisher\" content=\"https:\/\/www.facebook.com\/ColtTechnologyServices\/\" \/>\n<meta property=\"article:modified_time\" content=\"2024-04-09T15:09:28+00:00\" \/>\n<meta property=\"og:image\" content=\"https:\/\/legacy.colt.net\/wp-content\/uploads\/2021\/01\/Brand-2021-Stock-2.jpg\" \/>\n\t<meta property=\"og:image:width\" content=\"1000\" \/>\n\t<meta property=\"og:image:height\" content=\"676\" \/>\n\t<meta property=\"og:image:type\" content=\"image\/jpeg\" \/>\n<meta name=\"twitter:card\" content=\"summary_large_image\" \/>\n<meta name=\"twitter:site\" content=\"@colt_technology\" \/>\n<meta name=\"twitter:label1\" content=\"Est. reading time\" \/>\n\t<meta name=\"twitter:data1\" content=\"2 minutes\" \/>\n<script type=\"application\/ld+json\" class=\"yoast-schema-graph\">{\"@context\":\"https:\/\/schema.org\",\"@graph\":[{\"@type\":\"WebPage\",\"@id\":\"https:\/\/legacy.colt.net\/de\/about\/leadership\/\",\"url\":\"https:\/\/legacy.colt.net\/de\/about\/leadership\/\",\"name\":\"Leadership | Colt Technology Services | DE\",\"isPartOf\":{\"@id\":\"https:\/\/legacy.colt.net\/#website\"},\"primaryImageOfPage\":{\"@id\":\"https:\/\/legacy.colt.net\/de\/about\/leadership\/#primaryimage\"},\"image\":{\"@id\":\"https:\/\/legacy.colt.net\/de\/about\/leadership\/#primaryimage\"},\"thumbnailUrl\":\"https:\/\/legacy.colt.net\/wp-content\/uploads\/2023\/12\/Colt-Image-1.png\",\"datePublished\":\"2017-03-13T16:41:52+00:00\",\"dateModified\":\"2024-04-09T15:09:28+00:00\",\"description\":\"Hier finden Sie alle Informationen zu unserem Leadership Team!\",\"breadcrumb\":{\"@id\":\"https:\/\/legacy.colt.net\/de\/about\/leadership\/#breadcrumb\"},\"inLanguage\":\"de-DE\",\"potentialAction\":[{\"@type\":\"ReadAction\",\"target\":[\"https:\/\/legacy.colt.net\/de\/about\/leadership\/\"]}]},{\"@type\":\"ImageObject\",\"inLanguage\":\"de-DE\",\"@id\":\"https:\/\/legacy.colt.net\/de\/about\/leadership\/#primaryimage\",\"url\":\"https:\/\/legacy.colt.net\/wp-content\/uploads\/2023\/12\/Colt-Image-1.png\",\"contentUrl\":\"https:\/\/legacy.colt.net\/wp-content\/uploads\/2023\/12\/Colt-Image-1.png\"},{\"@type\":\"BreadcrumbList\",\"@id\":\"https:\/\/legacy.colt.net\/de\/about\/leadership\/#breadcrumb\",\"itemListElement\":[{\"@type\":\"ListItem\",\"position\":1,\"name\":\"Home\",\"item\":\"https:\/\/legacy.colt.net\/de\/\"},{\"@type\":\"ListItem\",\"position\":2,\"name\":\"\u00dcber Colt\",\"item\":\"https:\/\/legacy.colt.net\/de\/about\/\"},{\"@type\":\"ListItem\",\"position\":3,\"name\":\"Leadership\"}]},{\"@type\":\"WebSite\",\"@id\":\"https:\/\/legacy.colt.net\/#website\",\"url\":\"https:\/\/legacy.colt.net\/\",\"name\":\"Colt\u30c6\u30af\u30ce\u30ed\u30b8\u30fc\u30b5\u30fc\u30d3\u30b9\u682a\u5f0f\u4f1a\u793e\",\"description\":\"Managed Network &amp; Voice Services Provider\",\"publisher\":{\"@id\":\"https:\/\/legacy.colt.net\/#organization\"},\"potentialAction\":[{\"@type\":\"SearchAction\",\"target\":{\"@type\":\"EntryPoint\",\"urlTemplate\":\"https:\/\/legacy.colt.net\/?s={search_term_string}\"},\"query-input\":{\"@type\":\"PropertyValueSpecification\",\"valueRequired\":true,\"valueName\":\"search_term_string\"}}],\"inLanguage\":\"de-DE\"},{\"@type\":\"Organization\",\"@id\":\"https:\/\/legacy.colt.net\/#organization\",\"name\":\"Colt Technology Services\",\"url\":\"https:\/\/legacy.colt.net\/\",\"logo\":{\"@type\":\"ImageObject\",\"inLanguage\":\"de-DE\",\"@id\":\"https:\/\/legacy.colt.net\/#\/schema\/logo\/image\/\",\"url\":\"https:\/\/legacy.colt.net\/wp-content\/uploads\/2019\/02\/Colt-Logo.png\",\"contentUrl\":\"https:\/\/legacy.colt.net\/wp-content\/uploads\/2019\/02\/Colt-Logo.png\",\"width\":195,\"height\":77,\"caption\":\"Colt Technology Services\"},\"image\":{\"@id\":\"https:\/\/legacy.colt.net\/#\/schema\/logo\/image\/\"},\"sameAs\":[\"https:\/\/www.facebook.com\/ColtTechnologyServices\/\",\"https:\/\/x.com\/colt_technology\",\"https:\/\/www.instagram.com\/colttechnologyservices\/\",\"https:\/\/www.linkedin.com\/company\/colt-technology-services\",\"https:\/\/www.youtube.com\/user\/ColtTechnology\"]}]}<\/script>\n<!-- \/ Yoast SEO plugin. -->","yoast_head_json":{"title":"Leadership | Colt Technology Services | DE","description":"Hier finden Sie alle Informationen zu unserem Leadership Team!","robots":{"index":"noindex","follow":"follow","max-snippet":"max-snippet:-1","max-image-preview":"max-image-preview:large","max-video-preview":"max-video-preview:-1"},"og_locale":"de_DE","og_type":"article","og_title":"Leadership | Colt Technology Services | DE","og_description":"Hier finden Sie alle Informationen zu unserem Leadership Team!","og_url":"https:\/\/legacy.colt.net\/de\/about\/leadership\/","og_site_name":"Colt Technology Services","article_publisher":"https:\/\/www.facebook.com\/ColtTechnologyServices\/","article_modified_time":"2024-04-09T15:09:28+00:00","og_image":[{"width":1000,"height":676,"url":"https:\/\/legacy.colt.net\/wp-content\/uploads\/2021\/01\/Brand-2021-Stock-2.jpg","type":"image\/jpeg"}],"twitter_card":"summary_large_image","twitter_site":"@colt_technology","twitter_misc":{"Est. reading time":"2 minutes"},"schema":{"@context":"https:\/\/schema.org","@graph":[{"@type":"WebPage","@id":"https:\/\/legacy.colt.net\/de\/about\/leadership\/","url":"https:\/\/legacy.colt.net\/de\/about\/leadership\/","name":"Leadership | Colt Technology Services | DE","isPartOf":{"@id":"https:\/\/legacy.colt.net\/#website"},"primaryImageOfPage":{"@id":"https:\/\/legacy.colt.net\/de\/about\/leadership\/#primaryimage"},"image":{"@id":"https:\/\/legacy.colt.net\/de\/about\/leadership\/#primaryimage"},"thumbnailUrl":"https:\/\/legacy.colt.net\/wp-content\/uploads\/2023\/12\/Colt-Image-1.png","datePublished":"2017-03-13T16:41:52+00:00","dateModified":"2024-04-09T15:09:28+00:00","description":"Hier finden Sie alle Informationen zu unserem Leadership Team!","breadcrumb":{"@id":"https:\/\/legacy.colt.net\/de\/about\/leadership\/#breadcrumb"},"inLanguage":"de-DE","potentialAction":[{"@type":"ReadAction","target":["https:\/\/legacy.colt.net\/de\/about\/leadership\/"]}]},{"@type":"ImageObject","inLanguage":"de-DE","@id":"https:\/\/legacy.colt.net\/de\/about\/leadership\/#primaryimage","url":"https:\/\/legacy.colt.net\/wp-content\/uploads\/2023\/12\/Colt-Image-1.png","contentUrl":"https:\/\/legacy.colt.net\/wp-content\/uploads\/2023\/12\/Colt-Image-1.png"},{"@type":"BreadcrumbList","@id":"https:\/\/legacy.colt.net\/de\/about\/leadership\/#breadcrumb","itemListElement":[{"@type":"ListItem","position":1,"name":"Home","item":"https:\/\/legacy.colt.net\/de\/"},{"@type":"ListItem","position":2,"name":"\u00dcber Colt","item":"https:\/\/legacy.colt.net\/de\/about\/"},{"@type":"ListItem","position":3,"name":"Leadership"}]},{"@type":"WebSite","@id":"https:\/\/legacy.colt.net\/#website","url":"https:\/\/legacy.colt.net\/","name":"Colt\u30c6\u30af\u30ce\u30ed\u30b8\u30fc\u30b5\u30fc\u30d3\u30b9\u682a\u5f0f\u4f1a\u793e","description":"Managed Network &amp; Voice Services Provider","publisher":{"@id":"https:\/\/legacy.colt.net\/#organization"},"potentialAction":[{"@type":"SearchAction","target":{"@type":"EntryPoint","urlTemplate":"https:\/\/legacy.colt.net\/?s={search_term_string}"},"query-input":{"@type":"PropertyValueSpecification","valueRequired":true,"valueName":"search_term_string"}}],"inLanguage":"de-DE"},{"@type":"Organization","@id":"https:\/\/legacy.colt.net\/#organization","name":"Colt Technology Services","url":"https:\/\/legacy.colt.net\/","logo":{"@type":"ImageObject","inLanguage":"de-DE","@id":"https:\/\/legacy.colt.net\/#\/schema\/logo\/image\/","url":"https:\/\/legacy.colt.net\/wp-content\/uploads\/2019\/02\/Colt-Logo.png","contentUrl":"https:\/\/legacy.colt.net\/wp-content\/uploads\/2019\/02\/Colt-Logo.png","width":195,"height":77,"caption":"Colt Technology Services"},"image":{"@id":"https:\/\/legacy.colt.net\/#\/schema\/logo\/image\/"},"sameAs":["https:\/\/www.facebook.com\/ColtTechnologyServices\/","https:\/\/x.com\/colt_technology","https:\/\/www.instagram.com\/colttechnologyservices\/","https:\/\/www.linkedin.com\/company\/colt-technology-services","https:\/\/www.youtube.com\/user\/ColtTechnology"]}]}},"_links":{"self":[{"href":"https:\/\/legacy.colt.net\/de\/wp-json\/wp\/v2\/pages\/35346","targetHints":{"allow":["GET"]}}],"collection":[{"href":"https:\/\/legacy.colt.net\/de\/wp-json\/wp\/v2\/pages"}],"about":[{"href":"https:\/\/legacy.colt.net\/de\/wp-json\/wp\/v2\/types\/page"}],"author":[{"embeddable":true,"href":"https:\/\/legacy.colt.net\/de\/wp-json\/wp\/v2\/users\/2"}],"replies":[{"embeddable":true,"href":"https:\/\/legacy.colt.net\/de\/wp-json\/wp\/v2\/comments?post=35346"}],"version-history":[{"count":0,"href":"https:\/\/legacy.colt.net\/de\/wp-json\/wp\/v2\/pages\/35346\/revisions"}],"up":[{"embeddable":true,"href":"https:\/\/legacy.colt.net\/de\/wp-json\/wp\/v2\/pages\/35617"}],"wp:attachment":[{"href":"https:\/\/legacy.colt.net\/de\/wp-json\/wp\/v2\/media?parent=35346"}],"wp:term":[{"taxonomy":"colt_type","embeddable":true,"href":"https:\/\/legacy.colt.net\/de\/wp-json\/wp\/v2\/colt_type?post=35346"},{"taxonomy":"colt_products","embeddable":true,"href":"https:\/\/legacy.colt.net\/de\/wp-json\/wp\/v2\/colt_products?post=35346"}],"curies":[{"name":"wp","href":"https:\/\/api.w.org\/{rel}","templated":true}]}}