{"id":35309,"date":"2017-03-13T16:47:54","date_gmt":"2017-03-13T16:47:54","guid":{"rendered":"https:\/\/www.colt.net\/contact-us\/"},"modified":"2025-11-04T11:25:48","modified_gmt":"2025-11-04T11:25:48","slug":"contact-us","status":"publish","type":"page","link":"https:\/\/legacy.colt.net\/de\/contact-us\/","title":{"rendered":"Kontaktieren Sie uns"},"content":{"rendered":"\n<h2>\n\t\t\tVerkaufsanfrage stellen\t<\/h2>\n\t\t\t\t<img decoding=\"async\" src=\"https:\/\/legacy.colt.net\/wp-content\/uploads\/2020\/12\/Transforming-your-digital-workplace.png\" alt=\"Transforming-your-digital-workplace\" itemprop=\"image\" height=\"500\" width=\"500\" title=\"Transforming-your-digital-workplace\" onerror=\"this.style.display='none'\" loading=\"lazy\" \/>\n<h2>\n\t\t\t1. Verbinden Sie sich online mit uns\t<\/h2>\n\t<p>Informieren Sie sich \u00fcber ein Produkt oder eine Dienstleistung, aktualisieren Sie Ihren bestehenden Service oder teilen Sie uns Ihre spezifischen gesch\u00e4ftlichen Anforderungen mit.<\/p>\n\t\t\t<a href=\"https:\/\/legacy.colt.net\/de\/connect\/\" target=\"_self\">\n\t\t\t\t\t\t\tKontaktieren\n\t\t\t<\/a>\n\t\t\t\t<img decoding=\"async\" src=\"https:\/\/legacy.colt.net\/wp-content\/uploads\/2021\/01\/Business-Phone-Numbers.png\" alt=\"Business Phone Numbers\" itemprop=\"image\" height=\"800\" width=\"800\" title=\"Business Phone Numbers\" onerror=\"this.style.display='none'\" loading=\"lazy\" \/>\n<h2>\n\t\t\t2. Rufen Sie uns an\t<\/h2>\n\t<p>Rufen Sie uns an, um Informationen zu neuen Dienstleistungen zu erhalten, bestehende Dienstleistungen zu \u00e4ndern oder andere gesch\u00e4ftliche Anfragen zu stellen.<\/p>\n\t\t\t<a href=\"#call\" target=\"_self\">\n\t\t\t\t\t\t\tRufen Sie Colt an\n\t\t\t<\/a>\n\t\t\t\t<img decoding=\"async\" src=\"https:\/\/legacy.colt.net\/wp-content\/uploads\/2021\/01\/Connected-voice-services-1-e1748876774245.png\" alt=\"Connected-voice-services 1\" itemprop=\"image\" title=\"Connected-voice-services 1\" onerror=\"this.style.display='none'\" loading=\"lazy\" \/>\n<h2>\n\t\t\t3. Chatten Sie live mit uns\t<\/h2>\n\t<p>Unser Live-Chat f\u00fcr Verkaufsfragen ist w\u00e4hrend der Gesch\u00e4ftszeiten ge\u00f6ffnet, Montag bis Freitag, von 9:00 bis 17:00 Uhr.<\/p>\n\t\t    <button  onclick=\"launchChat(event)\">\n\t\t\t<a href=\"#\" target=\"_self\">\n\t\t\t\t\t\t\tChat with us\n\t\t\t<\/a>\n\t\t\t<\/button>\n<h2>\n\t\t\tVertrieb kontaktieren\t<\/h2>\n<h2>\n\t\t\tNutzen Sie Connect f\u00fcr die schnellste Art, Verkaufsunterst\u00fctzung zu erhalten\t<\/h2>\n\t<p>Schnelle Antwort mit unserem Connect-Tool Ob Sie Fragen zu unseren Produkten haben, Ihren aktuellen Service aktualisieren m\u00fcssen oder eine andere gesch\u00e4ftsbezogene Anfrage haben, unser engagiertes Team steht bereit, um Ihnen zu helfen.<\/p>\n\t\t\t<a href=\"https:\/\/legacy.colt.net\/de\/connect\/\" target=\"_blank\" rel=\"noopener\">\n\t\t\t\t\t\t\tKontaktieren\n\t\t\t<\/a>\n\t<p><em>Hinweis: Sofern Sie keine anderweitigen Angaben machen, verwendet Colt die Informationen, die Sie an dieser Stelle angeben, ausschlie\u00dflich dazu, um auf Ihre E-Mail zu antworten. Werfen Sie bitte einen Blick auf unsere <a href=\"https:\/\/legacy.colt.net\/de\/legal\/data-privacy\/\">Datenschutzerkl\u00e4rung<\/a>, wenn Sie mehr dar\u00fcber erfahren m\u00f6chten, wie Colt Ihre personenbezogenen Daten sch\u00fctzt.<\/em><\/p>\n<h2>\n\t\t\tVertrieb kontaktieren\t<\/h2>\n<h2>\n\t\t\tTelefonkontakt\t<\/h2>\n\t<p>Rufen Sie noch heute einen lokalen Spezialisten an:<\/p>\n\t<strong><a href=\"tel:+49 800 26584 636\">+49 800 26584 636<\/a>\u00a0(Toll-free)<br \/>\n<\/strong><strong><a href=\"tel:+49 69566064550\">+49 69 566064 550<\/a><\/strong>\n\t<p>Wir betreiben Niederlassungen auf der ganzen Welt, um sicherzustellen, dass wir stets ein lokales und konsistentes Erlebnis bieten.<\/p>\n\t\t\t<a href=\"https:\/\/legacy.colt.net\/de\/contact-us\/offices\/\" target=\"_blank\" rel=\"noopener\">\n\t\t\t\t\t\t\tLokale B\u00fcros\n\t\t\t<\/a>\n<h2>\n\t\t\tVertrieb kontaktieren\t<\/h2>\n<h2>\n\t\t\tChatten Sie live mit uns\t<\/h2>\n\tBitte beachten Sie:<br \/>\nDas Vertriebsteam von Colt antwortet gerne auf Ihre Anfragen rund um neue Services. Wenn Sie Probleme mit einem bestehenden Service haben, wenden Sie sich bitte an <a href=\"https:\/\/legacy.colt.net\/de\/support\/\">die engagierten Support-Teams von Colt<\/a>, die sicherstellen werden, dass Sie schnellstm\u00f6glich eine Antwort erhalten.\n<p>Montag bis Freitag, 9 bis 17 Uhr.<\/p>\n\t\t    <button  onclick=\"launchChat(event)\">\n\t\t\t<a href=\"#\" target=\"_self\">\n\t\t\t\t\t\t\tChat with us\n\t\t\t<\/a>\n\t\t\t<\/button>\n<h3>\n\t\t\tLeitungsauskunft\t<\/h3>\n\t<p>Sie planen ein Bauprojekt und m\u00f6chten wissen, ob Colt in der N\u00e4he Leitungen verlegt hat?<\/p>\n\t<p>Colt ist aktiver Teilnehmer am BIL-Portal (Bundesweites Informationssystem f\u00fcr Leitungsrecherchen). Stellen Sie Ihre Anfrage bitte direkt \u00fcber das BIL-Portal, um schnell eine aktuelle, rechtssichere und kostenfreie Auskunft zu erhalten.<\/p>\n<p>Sollten im angefragten Bereich keine Anlagen von Colt vorhanden sein, erhalten Sie diese Information unmittelbar. Ansonsten wird Ihre Anfrage zur Bearbeitung \u00fcber das Portal an uns weitergeleitet.<\/p>\n\t\t\t<a href=\"https:\/\/portal.bil-leitungsauskunft.de\" target=\"_blank\" rel=\"noopener\">\n\t\t\t\t\t\t\tLeitungsanfrage stellen\n\t\t\t<\/a>\n\n","protected":false},"excerpt":{"rendered":"<p>Verkaufsanfrage stellen 1. Verbinden Sie sich online mit uns Informieren Sie sich \u00fcber ein Produkt oder eine Dienstleistung, aktualisieren Sie Ihren bestehenden Service oder teilen Sie uns Ihre spezifischen gesch\u00e4ftlichen Anforderungen mit. Kontaktieren 2. Rufen Sie uns an Rufen Sie uns an, um Informationen zu neuen Dienstleistungen zu erhalten, bestehende Dienstleistungen zu \u00e4ndern oder andere&#8230;<\/p>\n","protected":false},"author":2,"featured_media":0,"parent":0,"menu_order":0,"comment_status":"closed","ping_status":"closed","template":"","meta":{"_acf_changed":false,"footnotes":""},"colt_type":[],"colt_products":[],"class_list":["post-35309","page","type-page","status-publish","hentry"],"acf":[],"yoast_head":"<!-- This site is optimized with the Yoast SEO plugin v26.8 - https:\/\/yoast.com\/product\/yoast-seo-wordpress\/ -->\n<title>Kontaktieren Sie uns | Colt Technology Services | DE<\/title>\n<meta name=\"description\" content=\"Haben Sie Fragen? Kontaktieren Sie uns!\" \/>\n<meta name=\"robots\" content=\"noindex, follow, max-snippet:-1, max-image-preview:large, max-video-preview:-1\" \/>\n<meta property=\"og:locale\" content=\"de_DE\" \/>\n<meta property=\"og:type\" content=\"article\" \/>\n<meta property=\"og:title\" content=\"Kontaktieren Sie uns | Colt Technology Services | DE\" \/>\n<meta property=\"og:description\" content=\"Haben Sie Fragen? Kontaktieren Sie uns!\" \/>\n<meta property=\"og:url\" content=\"https:\/\/legacy.colt.net\/de\/contact-us\/\" \/>\n<meta property=\"og:site_name\" content=\"Colt Technology Services\" \/>\n<meta property=\"article:publisher\" content=\"https:\/\/www.facebook.com\/ColtTechnologyServices\/\" \/>\n<meta property=\"article:modified_time\" content=\"2025-11-04T11:25:48+00:00\" \/>\n<meta property=\"og:image\" content=\"https:\/\/legacy.colt.net\/wp-content\/uploads\/2021\/01\/Brand-2021-Stock-42.jpg\" \/>\n\t<meta property=\"og:image:width\" content=\"1000\" \/>\n\t<meta property=\"og:image:height\" content=\"667\" \/>\n\t<meta property=\"og:image:type\" content=\"image\/jpeg\" \/>\n<meta name=\"twitter:card\" content=\"summary_large_image\" \/>\n<meta name=\"twitter:site\" content=\"@colt_technology\" \/>\n<meta name=\"twitter:label1\" content=\"Est. reading time\" \/>\n\t<meta name=\"twitter:data1\" content=\"2 minutes\" \/>\n<script type=\"application\/ld+json\" class=\"yoast-schema-graph\">{\"@context\":\"https:\/\/schema.org\",\"@graph\":[{\"@type\":\"WebPage\",\"@id\":\"https:\/\/legacy.colt.net\/de\/contact-us\/\",\"url\":\"https:\/\/legacy.colt.net\/de\/contact-us\/\",\"name\":\"Kontaktieren Sie uns | Colt Technology Services | DE\",\"isPartOf\":{\"@id\":\"https:\/\/legacy.colt.net\/#website\"},\"primaryImageOfPage\":{\"@id\":\"https:\/\/legacy.colt.net\/de\/contact-us\/#primaryimage\"},\"image\":{\"@id\":\"https:\/\/legacy.colt.net\/de\/contact-us\/#primaryimage\"},\"thumbnailUrl\":\"https:\/\/legacy.colt.net\/wp-content\/uploads\/2020\/12\/Transforming-your-digital-workplace.png\",\"datePublished\":\"2017-03-13T16:47:54+00:00\",\"dateModified\":\"2025-11-04T11:25:48+00:00\",\"description\":\"Haben Sie Fragen? Kontaktieren Sie uns!\",\"breadcrumb\":{\"@id\":\"https:\/\/legacy.colt.net\/de\/contact-us\/#breadcrumb\"},\"inLanguage\":\"de-DE\",\"potentialAction\":[{\"@type\":\"ReadAction\",\"target\":[\"https:\/\/legacy.colt.net\/de\/contact-us\/\"]}]},{\"@type\":\"ImageObject\",\"inLanguage\":\"de-DE\",\"@id\":\"https:\/\/legacy.colt.net\/de\/contact-us\/#primaryimage\",\"url\":\"https:\/\/legacy.colt.net\/wp-content\/uploads\/2020\/12\/Transforming-your-digital-workplace.png\",\"contentUrl\":\"https:\/\/legacy.colt.net\/wp-content\/uploads\/2020\/12\/Transforming-your-digital-workplace.png\"},{\"@type\":\"BreadcrumbList\",\"@id\":\"https:\/\/legacy.colt.net\/de\/contact-us\/#breadcrumb\",\"itemListElement\":[{\"@type\":\"ListItem\",\"position\":1,\"name\":\"Home\",\"item\":\"https:\/\/legacy.colt.net\/de\/\"},{\"@type\":\"ListItem\",\"position\":2,\"name\":\"Kontaktieren Sie uns\"}]},{\"@type\":\"WebSite\",\"@id\":\"https:\/\/legacy.colt.net\/#website\",\"url\":\"https:\/\/legacy.colt.net\/\",\"name\":\"Colt\u30c6\u30af\u30ce\u30ed\u30b8\u30fc\u30b5\u30fc\u30d3\u30b9\u682a\u5f0f\u4f1a\u793e\",\"description\":\"Managed Network &amp; Voice Services Provider\",\"publisher\":{\"@id\":\"https:\/\/legacy.colt.net\/#organization\"},\"potentialAction\":[{\"@type\":\"SearchAction\",\"target\":{\"@type\":\"EntryPoint\",\"urlTemplate\":\"https:\/\/legacy.colt.net\/?s={search_term_string}\"},\"query-input\":{\"@type\":\"PropertyValueSpecification\",\"valueRequired\":true,\"valueName\":\"search_term_string\"}}],\"inLanguage\":\"de-DE\"},{\"@type\":\"Organization\",\"@id\":\"https:\/\/legacy.colt.net\/#organization\",\"name\":\"Colt Technology Services\",\"url\":\"https:\/\/legacy.colt.net\/\",\"logo\":{\"@type\":\"ImageObject\",\"inLanguage\":\"de-DE\",\"@id\":\"https:\/\/legacy.colt.net\/#\/schema\/logo\/image\/\",\"url\":\"https:\/\/legacy.colt.net\/wp-content\/uploads\/2019\/02\/Colt-Logo.png\",\"contentUrl\":\"https:\/\/legacy.colt.net\/wp-content\/uploads\/2019\/02\/Colt-Logo.png\",\"width\":195,\"height\":77,\"caption\":\"Colt Technology Services\"},\"image\":{\"@id\":\"https:\/\/legacy.colt.net\/#\/schema\/logo\/image\/\"},\"sameAs\":[\"https:\/\/www.facebook.com\/ColtTechnologyServices\/\",\"https:\/\/x.com\/colt_technology\",\"https:\/\/www.instagram.com\/colttechnologyservices\/\",\"https:\/\/www.linkedin.com\/company\/colt-technology-services\",\"https:\/\/www.youtube.com\/user\/ColtTechnology\"]}]}<\/script>\n<!-- \/ Yoast SEO plugin. -->","yoast_head_json":{"title":"Kontaktieren Sie uns | Colt Technology Services | DE","description":"Haben Sie Fragen? Kontaktieren Sie uns!","robots":{"index":"noindex","follow":"follow","max-snippet":"max-snippet:-1","max-image-preview":"max-image-preview:large","max-video-preview":"max-video-preview:-1"},"og_locale":"de_DE","og_type":"article","og_title":"Kontaktieren Sie uns | Colt Technology Services | DE","og_description":"Haben Sie Fragen? Kontaktieren Sie uns!","og_url":"https:\/\/legacy.colt.net\/de\/contact-us\/","og_site_name":"Colt Technology Services","article_publisher":"https:\/\/www.facebook.com\/ColtTechnologyServices\/","article_modified_time":"2025-11-04T11:25:48+00:00","og_image":[{"width":1000,"height":667,"url":"https:\/\/legacy.colt.net\/wp-content\/uploads\/2021\/01\/Brand-2021-Stock-42.jpg","type":"image\/jpeg"}],"twitter_card":"summary_large_image","twitter_site":"@colt_technology","twitter_misc":{"Est. reading time":"2 minutes"},"schema":{"@context":"https:\/\/schema.org","@graph":[{"@type":"WebPage","@id":"https:\/\/legacy.colt.net\/de\/contact-us\/","url":"https:\/\/legacy.colt.net\/de\/contact-us\/","name":"Kontaktieren Sie uns | Colt Technology Services | DE","isPartOf":{"@id":"https:\/\/legacy.colt.net\/#website"},"primaryImageOfPage":{"@id":"https:\/\/legacy.colt.net\/de\/contact-us\/#primaryimage"},"image":{"@id":"https:\/\/legacy.colt.net\/de\/contact-us\/#primaryimage"},"thumbnailUrl":"https:\/\/legacy.colt.net\/wp-content\/uploads\/2020\/12\/Transforming-your-digital-workplace.png","datePublished":"2017-03-13T16:47:54+00:00","dateModified":"2025-11-04T11:25:48+00:00","description":"Haben Sie Fragen? Kontaktieren Sie uns!","breadcrumb":{"@id":"https:\/\/legacy.colt.net\/de\/contact-us\/#breadcrumb"},"inLanguage":"de-DE","potentialAction":[{"@type":"ReadAction","target":["https:\/\/legacy.colt.net\/de\/contact-us\/"]}]},{"@type":"ImageObject","inLanguage":"de-DE","@id":"https:\/\/legacy.colt.net\/de\/contact-us\/#primaryimage","url":"https:\/\/legacy.colt.net\/wp-content\/uploads\/2020\/12\/Transforming-your-digital-workplace.png","contentUrl":"https:\/\/legacy.colt.net\/wp-content\/uploads\/2020\/12\/Transforming-your-digital-workplace.png"},{"@type":"BreadcrumbList","@id":"https:\/\/legacy.colt.net\/de\/contact-us\/#breadcrumb","itemListElement":[{"@type":"ListItem","position":1,"name":"Home","item":"https:\/\/legacy.colt.net\/de\/"},{"@type":"ListItem","position":2,"name":"Kontaktieren Sie uns"}]},{"@type":"WebSite","@id":"https:\/\/legacy.colt.net\/#website","url":"https:\/\/legacy.colt.net\/","name":"Colt\u30c6\u30af\u30ce\u30ed\u30b8\u30fc\u30b5\u30fc\u30d3\u30b9\u682a\u5f0f\u4f1a\u793e","description":"Managed Network &amp; Voice Services Provider","publisher":{"@id":"https:\/\/legacy.colt.net\/#organization"},"potentialAction":[{"@type":"SearchAction","target":{"@type":"EntryPoint","urlTemplate":"https:\/\/legacy.colt.net\/?s={search_term_string}"},"query-input":{"@type":"PropertyValueSpecification","valueRequired":true,"valueName":"search_term_string"}}],"inLanguage":"de-DE"},{"@type":"Organization","@id":"https:\/\/legacy.colt.net\/#organization","name":"Colt Technology Services","url":"https:\/\/legacy.colt.net\/","logo":{"@type":"ImageObject","inLanguage":"de-DE","@id":"https:\/\/legacy.colt.net\/#\/schema\/logo\/image\/","url":"https:\/\/legacy.colt.net\/wp-content\/uploads\/2019\/02\/Colt-Logo.png","contentUrl":"https:\/\/legacy.colt.net\/wp-content\/uploads\/2019\/02\/Colt-Logo.png","width":195,"height":77,"caption":"Colt Technology Services"},"image":{"@id":"https:\/\/legacy.colt.net\/#\/schema\/logo\/image\/"},"sameAs":["https:\/\/www.facebook.com\/ColtTechnologyServices\/","https:\/\/x.com\/colt_technology","https:\/\/www.instagram.com\/colttechnologyservices\/","https:\/\/www.linkedin.com\/company\/colt-technology-services","https:\/\/www.youtube.com\/user\/ColtTechnology"]}]}},"_links":{"self":[{"href":"https:\/\/legacy.colt.net\/de\/wp-json\/wp\/v2\/pages\/35309","targetHints":{"allow":["GET"]}}],"collection":[{"href":"https:\/\/legacy.colt.net\/de\/wp-json\/wp\/v2\/pages"}],"about":[{"href":"https:\/\/legacy.colt.net\/de\/wp-json\/wp\/v2\/types\/page"}],"author":[{"embeddable":true,"href":"https:\/\/legacy.colt.net\/de\/wp-json\/wp\/v2\/users\/2"}],"replies":[{"embeddable":true,"href":"https:\/\/legacy.colt.net\/de\/wp-json\/wp\/v2\/comments?post=35309"}],"version-history":[{"count":0,"href":"https:\/\/legacy.colt.net\/de\/wp-json\/wp\/v2\/pages\/35309\/revisions"}],"wp:attachment":[{"href":"https:\/\/legacy.colt.net\/de\/wp-json\/wp\/v2\/media?parent=35309"}],"wp:term":[{"taxonomy":"colt_type","embeddable":true,"href":"https:\/\/legacy.colt.net\/de\/wp-json\/wp\/v2\/colt_type?post=35309"},{"taxonomy":"colt_products","embeddable":true,"href":"https:\/\/legacy.colt.net\/de\/wp-json\/wp\/v2\/colt_products?post=35309"}],"curies":[{"name":"wp","href":"https:\/\/api.w.org\/{rel}","templated":true}]}}