{"id":35299,"date":"2018-03-13T11:17:44","date_gmt":"2018-03-13T11:17:44","guid":{"rendered":"https:\/\/www.colt.net\/careers-in-sales\/"},"modified":"2019-12-03T13:27:42","modified_gmt":"2019-12-03T13:27:42","slug":"karriere-im-bereich-sales","status":"publish","type":"page","link":"https:\/\/legacy.colt.net\/de\/karriere-im-bereich-sales\/","title":{"rendered":"Karriere im Bereich Sales"},"content":{"rendered":"<h1>\n\t<\/h1>\n<h3>\n\t<\/h3>\n\t<nav class=\"breadcrumb\"><span><span><a href=\"https:\/\/legacy.colt.net\/de\/\">Home<\/a><\/span><\/span><\/nav>\n\t<p><strong>Colt bietet als Technologief\u00fchrer f\u00fcr Netzwerk und Kommunikation Unternehmen global auf deren Bedarf zugeschnittene Netzwerkservices mit hoher Bandbreite. Wir sind stolz auf unsere weltweit \u00fcber 5000 Mitarbeiter. Wir rekrutieren derzeit Sales Experten global und wir w\u00fcrden uns freuen wenn Sie unser Team verst\u00e4rken.<\/strong><\/p>\n<p>Colt befindet sich im Wachstum und investiert in seine Mitarbeiter. Wir wertsch\u00e4tzen unsere Mitarbeiter und unterst\u00fctzen unsere Mitarbeiter in ihrer Entwicklung.<\/p>\n<p>Eine rasche Einarbeitung ist uns wichtig. Wenn Sie bei Colt starten erwartet Sie ein umfassendes professionelles Einarbeitungs- und Trainingsprogramm so dass Sie umgehend erfolgreich in Ihrer Rolle sein k\u00f6nnen. Ein erfahrener Buddy wird Ihnen zur Seite gestellt. Ihre Entwicklung bei Colt auch \u00fcber die erste Zeit hinaus f\u00f6rdern wir mit umfangreichen Tools und M\u00f6glichkeiten.<\/p>\n<p>In unserem j\u00e4hrlichen Sales Kick-off haben Sie die M\u00f6glichkeit unsere Senior Sales Leader kennenzulernen, unsere Sales Strategie zu verfolgen und Ihr Netzwerk auszubauen. Leistung wird bei Colt honoriert. Unsere erfolgreichsten Sales Mitarbeiter werden im Rahmen dieser Veranstaltung ausgezeichnet.<\/p>\n<p>Unsere Mitarbeiter setzen hohe Standards und sind bestrebt den bestm\u00f6glichen Kundenservice zu leisten. Auch Sie k\u00f6nnen Teil dieses Teams werden und die Herausforderung annehmen und exzellenten Kundenservice bei Colt leisten.<\/p>\n<p>Sind Sie bereit diese Herausforderung anzunehmen? Hier k\u00f6nnen Sie unsere offenen Position finden und sich noch heute bewerben.<\/p>\n\t\t\t<a href=\"https:\/\/careers.colt.net\/go\/Sales-and-Marketin%20g-Jobs\/1201001\/\" target=\"_self\"  rel=\"noopener noreferrer\">\n\t\t\t\t\t\t\t\tSee Available Positions \u00bb\n\t\t\t\t\t\t\t<\/a>\n\t\t\t<a href=\"https:\/\/legacy.colt.net\/de\/careers\" target=\"_self\"  rel=\"noopener noreferrer\">\n\t\t\t\t\t\t\t\tBack to careers \u00bb\n\t\t\t\t\t\t\t<\/a>\n\t\t\t\t<img loading=\"lazy\" decoding=\"async\" src=\"https:\/\/legacy.colt.net\/wp-content\/uploads\/2019\/03\/carl.jpg\" alt=\"carl\" itemprop=\"image\" height=\"497\" width=\"720\" title=\"carl\" onerror=\"this.style.display='none'\"  \/>\n\t\t\t<h3>Mark, Inside Sales<\/h3>\t\t\t\n\t\t\t\t<p>&#8220;Seit ich bei Colt arbeite, bin ich dank der Unterst\u00fctzung durch die Kollegen viel selbstsicherer geworden. Bei Colt habe ich den Spielraum, mich pers\u00f6nlich weiterzuentwickeln und so konnte ich mich auf meine Eigenmotivation konzentrieren und dank der angenehmen, kollegialen Atmosph\u00e4re bei Colt mein ganzes Potenzial aussch\u00f6pfen.&#8221;<\/p>\n\t\t\t\t<img decoding=\"async\" src=\"https:\/\/legacy.colt.net\/wp-content\/uploads\/2019\/02\/Mark-Rimmer-450x600.jpg\" alt=\"Mark-Rimmer-450x600\" itemprop=\"image\"\/>\n\t\t\t<h3>Joanne, Senior Account Manager<\/h3>\t\t\t\n\t\t\t\t<p>&#8220;Das Beste an Colt ist die Unternehmenskultur. Alle meine Kollegen sind positiv eingestellt und \u00e4u\u00dferst hilfsbereit. Das schafft eine hervorragende Arbeitsatmosph\u00e4re. Und vor allen Dingen kann ich so meinen Kunden optimalen Service bieten.&#8221;<\/p>\n\t\t\t\t<img decoding=\"async\" src=\"https:\/\/legacy.colt.net\/wp-content\/uploads\/2018\/12\/Joanne-Perkins-e1540203629673-1.jpg\" alt=\"Joanne-Perkins-e1540203629673 (1)\" itemprop=\"image\"\/>\n","protected":false},"excerpt":{"rendered":"<p>Colt bietet als Technologief\u00fchrer f\u00fcr Netzwerk und Kommunikation Unternehmen global auf deren Bedarf zugeschnittene Netzwerkservices mit hoher Bandbreite. Wir sind stolz auf unsere weltweit \u00fcber 5000 Mitarbeiter. Wir rekrutieren derzeit Sales Experten global und wir w\u00fcrden uns freuen wenn Sie unser Team verst\u00e4rken. Colt befindet sich im Wachstum und investiert in seine Mitarbeiter. Wir wertsch\u00e4tzen&#8230;<\/p>\n","protected":false},"author":2,"featured_media":0,"parent":0,"menu_order":0,"comment_status":"closed","ping_status":"closed","template":"","meta":{"_acf_changed":false,"footnotes":""},"colt_type":[],"colt_products":[],"class_list":["post-35299","page","type-page","status-publish","hentry"],"acf":[],"yoast_head":"<!-- This site is optimized with the Yoast SEO plugin v26.8 - https:\/\/yoast.com\/product\/yoast-seo-wordpress\/ -->\n<title>Karriere im Bereich Sales | Colt Technology Services | DE<\/title>\n<meta name=\"description\" content=\"Colt bietet als Technologief\u00fchrer f\u00fcr Netzwerk und Kommunikation Unternehmen global auf deren Bedarf zugeschnittene Netzwerkservices mit hoher Bandbreite.\" \/>\n<meta name=\"robots\" content=\"noindex, follow, max-snippet:-1, max-image-preview:large, max-video-preview:-1\" \/>\n<meta property=\"og:locale\" content=\"de_DE\" \/>\n<meta property=\"og:type\" content=\"article\" \/>\n<meta property=\"og:title\" content=\"Karriere im Bereich Sales | Colt Technology Services | DE\" \/>\n<meta property=\"og:description\" content=\"Colt bietet als Technologief\u00fchrer f\u00fcr Netzwerk und Kommunikation Unternehmen global auf deren Bedarf zugeschnittene Netzwerkservices mit hoher Bandbreite.\" \/>\n<meta property=\"og:url\" content=\"https:\/\/legacy.colt.net\/de\/karriere-im-bereich-sales\/\" \/>\n<meta property=\"og:site_name\" content=\"Colt Technology Services\" \/>\n<meta property=\"article:publisher\" content=\"https:\/\/www.facebook.com\/ColtTechnologyServices\/\" \/>\n<meta property=\"article:modified_time\" content=\"2019-12-03T13:27:42+00:00\" \/>\n<meta property=\"og:image\" content=\"https:\/\/legacy.colt.net\/wp-content\/uploads\/2021\/01\/Brand-2021-Stock-9.jpg\" \/>\n\t<meta property=\"og:image:width\" content=\"1000\" \/>\n\t<meta property=\"og:image:height\" content=\"667\" \/>\n\t<meta property=\"og:image:type\" content=\"image\/jpeg\" \/>\n<meta name=\"twitter:card\" content=\"summary_large_image\" \/>\n<meta name=\"twitter:site\" content=\"@colt_technology\" \/>\n<meta name=\"twitter:label1\" content=\"Est. reading time\" \/>\n\t<meta name=\"twitter:data1\" content=\"2 minutes\" \/>\n<script type=\"application\/ld+json\" class=\"yoast-schema-graph\">{\"@context\":\"https:\/\/schema.org\",\"@graph\":[{\"@type\":\"WebPage\",\"@id\":\"https:\/\/legacy.colt.net\/de\/karriere-im-bereich-sales\/\",\"url\":\"https:\/\/legacy.colt.net\/de\/karriere-im-bereich-sales\/\",\"name\":\"Karriere im Bereich Sales | Colt Technology Services | DE\",\"isPartOf\":{\"@id\":\"https:\/\/legacy.colt.net\/#website\"},\"primaryImageOfPage\":{\"@id\":\"https:\/\/legacy.colt.net\/de\/karriere-im-bereich-sales\/#primaryimage\"},\"image\":{\"@id\":\"https:\/\/legacy.colt.net\/de\/karriere-im-bereich-sales\/#primaryimage\"},\"thumbnailUrl\":\"https:\/\/legacy.colt.net\/wp-content\/uploads\/2019\/03\/carl.jpg\",\"datePublished\":\"2018-03-13T11:17:44+00:00\",\"dateModified\":\"2019-12-03T13:27:42+00:00\",\"description\":\"Colt bietet als Technologief\u00fchrer f\u00fcr Netzwerk und Kommunikation Unternehmen global auf deren Bedarf zugeschnittene Netzwerkservices mit hoher Bandbreite.\",\"breadcrumb\":{\"@id\":\"https:\/\/legacy.colt.net\/de\/karriere-im-bereich-sales\/#breadcrumb\"},\"inLanguage\":\"de-DE\",\"potentialAction\":[{\"@type\":\"ReadAction\",\"target\":[\"https:\/\/legacy.colt.net\/de\/karriere-im-bereich-sales\/\"]}]},{\"@type\":\"ImageObject\",\"inLanguage\":\"de-DE\",\"@id\":\"https:\/\/legacy.colt.net\/de\/karriere-im-bereich-sales\/#primaryimage\",\"url\":\"https:\/\/legacy.colt.net\/wp-content\/uploads\/2019\/03\/carl.jpg\",\"contentUrl\":\"https:\/\/legacy.colt.net\/wp-content\/uploads\/2019\/03\/carl.jpg\"},{\"@type\":\"BreadcrumbList\",\"@id\":\"https:\/\/legacy.colt.net\/de\/karriere-im-bereich-sales\/#breadcrumb\",\"itemListElement\":[{\"@type\":\"ListItem\",\"position\":1,\"name\":\"Home\",\"item\":\"https:\/\/legacy.colt.net\/de\/\"},{\"@type\":\"ListItem\",\"position\":2,\"name\":\"Karriere im Bereich Sales\"}]},{\"@type\":\"WebSite\",\"@id\":\"https:\/\/legacy.colt.net\/#website\",\"url\":\"https:\/\/legacy.colt.net\/\",\"name\":\"Colt\u30c6\u30af\u30ce\u30ed\u30b8\u30fc\u30b5\u30fc\u30d3\u30b9\u682a\u5f0f\u4f1a\u793e\",\"description\":\"Managed Network &amp; Voice Services Provider\",\"publisher\":{\"@id\":\"https:\/\/legacy.colt.net\/#organization\"},\"potentialAction\":[{\"@type\":\"SearchAction\",\"target\":{\"@type\":\"EntryPoint\",\"urlTemplate\":\"https:\/\/legacy.colt.net\/?s={search_term_string}\"},\"query-input\":{\"@type\":\"PropertyValueSpecification\",\"valueRequired\":true,\"valueName\":\"search_term_string\"}}],\"inLanguage\":\"de-DE\"},{\"@type\":\"Organization\",\"@id\":\"https:\/\/legacy.colt.net\/#organization\",\"name\":\"Colt Technology Services\",\"url\":\"https:\/\/legacy.colt.net\/\",\"logo\":{\"@type\":\"ImageObject\",\"inLanguage\":\"de-DE\",\"@id\":\"https:\/\/legacy.colt.net\/#\/schema\/logo\/image\/\",\"url\":\"https:\/\/legacy.colt.net\/wp-content\/uploads\/2019\/02\/Colt-Logo.png\",\"contentUrl\":\"https:\/\/legacy.colt.net\/wp-content\/uploads\/2019\/02\/Colt-Logo.png\",\"width\":195,\"height\":77,\"caption\":\"Colt Technology Services\"},\"image\":{\"@id\":\"https:\/\/legacy.colt.net\/#\/schema\/logo\/image\/\"},\"sameAs\":[\"https:\/\/www.facebook.com\/ColtTechnologyServices\/\",\"https:\/\/x.com\/colt_technology\",\"https:\/\/www.instagram.com\/colttechnologyservices\/\",\"https:\/\/www.linkedin.com\/company\/colt-technology-services\",\"https:\/\/www.youtube.com\/user\/ColtTechnology\"]}]}<\/script>\n<!-- \/ Yoast SEO plugin. -->","yoast_head_json":{"title":"Karriere im Bereich Sales | Colt Technology Services | DE","description":"Colt bietet als Technologief\u00fchrer f\u00fcr Netzwerk und Kommunikation Unternehmen global auf deren Bedarf zugeschnittene Netzwerkservices mit hoher Bandbreite.","robots":{"index":"noindex","follow":"follow","max-snippet":"max-snippet:-1","max-image-preview":"max-image-preview:large","max-video-preview":"max-video-preview:-1"},"og_locale":"de_DE","og_type":"article","og_title":"Karriere im Bereich Sales | Colt Technology Services | DE","og_description":"Colt bietet als Technologief\u00fchrer f\u00fcr Netzwerk und Kommunikation Unternehmen global auf deren Bedarf zugeschnittene Netzwerkservices mit hoher Bandbreite.","og_url":"https:\/\/legacy.colt.net\/de\/karriere-im-bereich-sales\/","og_site_name":"Colt Technology Services","article_publisher":"https:\/\/www.facebook.com\/ColtTechnologyServices\/","article_modified_time":"2019-12-03T13:27:42+00:00","og_image":[{"width":1000,"height":667,"url":"https:\/\/legacy.colt.net\/wp-content\/uploads\/2021\/01\/Brand-2021-Stock-9.jpg","type":"image\/jpeg"}],"twitter_card":"summary_large_image","twitter_site":"@colt_technology","twitter_misc":{"Est. reading time":"2 minutes"},"schema":{"@context":"https:\/\/schema.org","@graph":[{"@type":"WebPage","@id":"https:\/\/legacy.colt.net\/de\/karriere-im-bereich-sales\/","url":"https:\/\/legacy.colt.net\/de\/karriere-im-bereich-sales\/","name":"Karriere im Bereich Sales | Colt Technology Services | DE","isPartOf":{"@id":"https:\/\/legacy.colt.net\/#website"},"primaryImageOfPage":{"@id":"https:\/\/legacy.colt.net\/de\/karriere-im-bereich-sales\/#primaryimage"},"image":{"@id":"https:\/\/legacy.colt.net\/de\/karriere-im-bereich-sales\/#primaryimage"},"thumbnailUrl":"https:\/\/legacy.colt.net\/wp-content\/uploads\/2019\/03\/carl.jpg","datePublished":"2018-03-13T11:17:44+00:00","dateModified":"2019-12-03T13:27:42+00:00","description":"Colt bietet als Technologief\u00fchrer f\u00fcr Netzwerk und Kommunikation Unternehmen global auf deren Bedarf zugeschnittene Netzwerkservices mit hoher Bandbreite.","breadcrumb":{"@id":"https:\/\/legacy.colt.net\/de\/karriere-im-bereich-sales\/#breadcrumb"},"inLanguage":"de-DE","potentialAction":[{"@type":"ReadAction","target":["https:\/\/legacy.colt.net\/de\/karriere-im-bereich-sales\/"]}]},{"@type":"ImageObject","inLanguage":"de-DE","@id":"https:\/\/legacy.colt.net\/de\/karriere-im-bereich-sales\/#primaryimage","url":"https:\/\/legacy.colt.net\/wp-content\/uploads\/2019\/03\/carl.jpg","contentUrl":"https:\/\/legacy.colt.net\/wp-content\/uploads\/2019\/03\/carl.jpg"},{"@type":"BreadcrumbList","@id":"https:\/\/legacy.colt.net\/de\/karriere-im-bereich-sales\/#breadcrumb","itemListElement":[{"@type":"ListItem","position":1,"name":"Home","item":"https:\/\/legacy.colt.net\/de\/"},{"@type":"ListItem","position":2,"name":"Karriere im Bereich Sales"}]},{"@type":"WebSite","@id":"https:\/\/legacy.colt.net\/#website","url":"https:\/\/legacy.colt.net\/","name":"Colt\u30c6\u30af\u30ce\u30ed\u30b8\u30fc\u30b5\u30fc\u30d3\u30b9\u682a\u5f0f\u4f1a\u793e","description":"Managed Network &amp; Voice Services Provider","publisher":{"@id":"https:\/\/legacy.colt.net\/#organization"},"potentialAction":[{"@type":"SearchAction","target":{"@type":"EntryPoint","urlTemplate":"https:\/\/legacy.colt.net\/?s={search_term_string}"},"query-input":{"@type":"PropertyValueSpecification","valueRequired":true,"valueName":"search_term_string"}}],"inLanguage":"de-DE"},{"@type":"Organization","@id":"https:\/\/legacy.colt.net\/#organization","name":"Colt Technology Services","url":"https:\/\/legacy.colt.net\/","logo":{"@type":"ImageObject","inLanguage":"de-DE","@id":"https:\/\/legacy.colt.net\/#\/schema\/logo\/image\/","url":"https:\/\/legacy.colt.net\/wp-content\/uploads\/2019\/02\/Colt-Logo.png","contentUrl":"https:\/\/legacy.colt.net\/wp-content\/uploads\/2019\/02\/Colt-Logo.png","width":195,"height":77,"caption":"Colt Technology Services"},"image":{"@id":"https:\/\/legacy.colt.net\/#\/schema\/logo\/image\/"},"sameAs":["https:\/\/www.facebook.com\/ColtTechnologyServices\/","https:\/\/x.com\/colt_technology","https:\/\/www.instagram.com\/colttechnologyservices\/","https:\/\/www.linkedin.com\/company\/colt-technology-services","https:\/\/www.youtube.com\/user\/ColtTechnology"]}]}},"_links":{"self":[{"href":"https:\/\/legacy.colt.net\/de\/wp-json\/wp\/v2\/pages\/35299","targetHints":{"allow":["GET"]}}],"collection":[{"href":"https:\/\/legacy.colt.net\/de\/wp-json\/wp\/v2\/pages"}],"about":[{"href":"https:\/\/legacy.colt.net\/de\/wp-json\/wp\/v2\/types\/page"}],"author":[{"embeddable":true,"href":"https:\/\/legacy.colt.net\/de\/wp-json\/wp\/v2\/users\/2"}],"replies":[{"embeddable":true,"href":"https:\/\/legacy.colt.net\/de\/wp-json\/wp\/v2\/comments?post=35299"}],"version-history":[{"count":0,"href":"https:\/\/legacy.colt.net\/de\/wp-json\/wp\/v2\/pages\/35299\/revisions"}],"wp:attachment":[{"href":"https:\/\/legacy.colt.net\/de\/wp-json\/wp\/v2\/media?parent=35299"}],"wp:term":[{"taxonomy":"colt_type","embeddable":true,"href":"https:\/\/legacy.colt.net\/de\/wp-json\/wp\/v2\/colt_type?post=35299"},{"taxonomy":"colt_products","embeddable":true,"href":"https:\/\/legacy.colt.net\/de\/wp-json\/wp\/v2\/colt_products?post=35299"}],"curies":[{"name":"wp","href":"https:\/\/api.w.org\/{rel}","templated":true}]}}