{"id":35282,"date":"2017-03-13T15:51:17","date_gmt":"2017-03-13T15:51:17","guid":{"rendered":"https:\/\/www.colt.net\/ip\/"},"modified":"2023-11-21T16:01:49","modified_gmt":"2023-11-21T16:01:49","slug":"ip","status":"publish","type":"page","link":"https:\/\/legacy.colt.net\/de\/ip\/","title":{"rendered":"Business Internet, SD WAN &#038; IP VPN"},"content":{"rendered":"\r\n<h1>\r\n\t<\/h1>\r\n<h2>\r\n\t\tProdukte &#038; Netzwerkservice\r\n\t<\/h2>\r\n\t<nav class=\"breadcrumb\"><span><span><a href=\"https:\/\/legacy.colt.net\/de\/\">Home<\/a><\/span><\/span><\/nav>\r\n\t<p>Die gesch\u00e4ftlichen Internet- und VPN-Dienste von Colt bieten Ihnen Hochgeschwindigkeits-Internet- und Netzwerkkonnektivit\u00e4t, sodass Sie keine Kompromisse eingehen m\u00fcssen.<\/p>\r\n\t<a href=\"https:\/\/legacy.colt.net\/de\/product\/ip-access\/\" target=\"_self\" rel=\"noopener\"><\/a> \r\n\t\t\t\t<img decoding=\"async\" src=\"https:\/\/legacy.colt.net\/wp-content\/uploads\/2021\/01\/IP-Access.png\" alt=\"IP Access\" title=\"IP Access\" itemprop=\"image\"\/>\r\n\t\t<h3>IP Access<\/h3>\t\t\t\r\n\t\t\t\t<p>High-Speed-Internet f\u00fcr High-Performance-Unternehmen. Leistungsf\u00e4hige Unternehmen ben\u00f6tigen ein leistungsf\u00e4higes Internet &#8211; egal, wo in der Welt sie aktiv sind.<\/p>\r\n\t<a href=\"https:\/\/legacy.colt.net\/de\/product\/sd-wan\/\" target=\"_self\" rel=\"noopener\"><\/a> \r\n\t\t\t\t<img decoding=\"async\" src=\"https:\/\/legacy.colt.net\/wp-content\/uploads\/2021\/01\/SD-WAN.png\" alt=\"SD WAN\" title=\"SD WAN\" itemprop=\"image\"\/>\r\n\t\t<h3>SD WAN<\/h3>\t\t\t\r\n\t\t\t\t<p>Mit SD WAN (Software Defined WAN) wird das anders! Nun ist es n\u00e4mlich m\u00f6glich, den explodierenden Bandbreitenbedarf durch dedizierte Datenleitungen in Verbindung mit kosteng\u00fcnstigeren Breitbandverbindungen im WAN zu bew\u00e4ltigen.<\/p>\r\n\t<a href=\"https:\/\/legacy.colt.net\/de\/product\/sd-wan-white-label\/\" target=\"_self\" rel=\"noopener\"><\/a> \r\n\t\t\t\t<img decoding=\"async\" src=\"https:\/\/legacy.colt.net\/wp-content\/uploads\/2021\/06\/SD-WAN-WL.png\" alt=\"SD-WAN-WL\" title=\"SD-WAN-WL\" itemprop=\"image\"\/>\r\n\t\t<h3>SD WAN White Label<\/h3>\t\t\t\r\n\t\t\t\t<p>Mit White Label SD WAN von Colt k\u00f6nnen Ihre Kunden den SD WAN-Service \u00fcber Ihr individuelles Portal mit eigenem Branding und Design nutzen.<\/p>\r\n<p>\u00a0<\/p>\r\n\t<a href=\"https:\/\/legacy.colt.net\/de\/product\/ip-vpn\/\" target=\"_self\" rel=\"noopener\"><\/a> \r\n\t\t\t\t<img decoding=\"async\" src=\"https:\/\/legacy.colt.net\/wp-content\/uploads\/2021\/01\/IP-Guardian.png\" alt=\"IP Guardian\" title=\"IP Guardian\" itemprop=\"image\"\/>\r\n\t\t<h3>IP VPN<\/h3>\t\t\t\r\n\t\t\t\t<p>Wenn Sie Business-VPN von Colt nutzen, m\u00fcssen Sie sich auf keine Kompromisse einlassen.\u00a0<\/p>\r\n\r\n","protected":false},"excerpt":{"rendered":"<p>Produkte &#038; Netzwerkservice Die gesch\u00e4ftlichen Internet- und VPN-Dienste von Colt bieten Ihnen Hochgeschwindigkeits-Internet- und Netzwerkkonnektivit\u00e4t, sodass Sie keine Kompromisse eingehen m\u00fcssen. IP Access High-Speed-Internet f\u00fcr High-Performance-Unternehmen. Leistungsf\u00e4hige Unternehmen ben\u00f6tigen ein leistungsf\u00e4higes Internet &#8211; egal, wo in der Welt sie aktiv sind. SD WAN Mit SD WAN (Software Defined WAN) wird das anders! Nun ist es&#8230;<\/p>\n","protected":false},"author":2,"featured_media":0,"parent":0,"menu_order":0,"comment_status":"closed","ping_status":"closed","template":"","meta":{"_acf_changed":false,"footnotes":""},"colt_type":[],"colt_products":[1528],"class_list":["post-35282","page","type-page","status-publish","hentry","colt_products-ip"],"acf":[],"yoast_head":"<!-- This site is optimized with the Yoast SEO plugin v26.8 - https:\/\/yoast.com\/product\/yoast-seo-wordpress\/ -->\n<title>Business Internet, SD WAN &amp; IP VPN | Colt Technology Services | DE<\/title>\n<meta name=\"description\" content=\"Die gesch\u00e4ftlichen Internet- und VPN-Dienste von Colt bieten Ihnen Hochgeschwindigkeits-Internet- und Netzwerkkonnektivit\u00e4t.\" \/>\n<meta name=\"robots\" content=\"noindex, follow, max-snippet:-1, max-image-preview:large, max-video-preview:-1\" \/>\n<meta property=\"og:locale\" content=\"de_DE\" \/>\n<meta property=\"og:type\" content=\"article\" \/>\n<meta property=\"og:title\" content=\"Business Internet, SD WAN &amp; IP VPN | Colt Technology Services | DE\" \/>\n<meta property=\"og:description\" content=\"Die gesch\u00e4ftlichen Internet- und VPN-Dienste von Colt bieten Ihnen Hochgeschwindigkeits-Internet- und Netzwerkkonnektivit\u00e4t.\" \/>\n<meta property=\"og:url\" content=\"https:\/\/legacy.colt.net\/de\/ip\/\" \/>\n<meta property=\"og:site_name\" content=\"Colt Technology Services\" \/>\n<meta property=\"article:publisher\" content=\"https:\/\/www.facebook.com\/ColtTechnologyServices\/\" \/>\n<meta property=\"article:modified_time\" content=\"2023-11-21T16:01:49+00:00\" \/>\n<meta property=\"og:image\" content=\"https:\/\/legacy.colt.net\/wp-content\/uploads\/2021\/01\/IP-Access.png\" \/>\n<meta name=\"twitter:card\" content=\"summary_large_image\" \/>\n<meta name=\"twitter:site\" content=\"@colt_technology\" \/>\n<meta name=\"twitter:label1\" content=\"Est. reading time\" \/>\n\t<meta name=\"twitter:data1\" content=\"2 minutes\" \/>\n<script type=\"application\/ld+json\" class=\"yoast-schema-graph\">{\"@context\":\"https:\/\/schema.org\",\"@graph\":[{\"@type\":\"WebPage\",\"@id\":\"https:\/\/legacy.colt.net\/de\/ip\/\",\"url\":\"https:\/\/legacy.colt.net\/de\/ip\/\",\"name\":\"Business Internet, SD WAN & IP VPN | Colt Technology Services | DE\",\"isPartOf\":{\"@id\":\"https:\/\/legacy.colt.net\/#website\"},\"primaryImageOfPage\":{\"@id\":\"https:\/\/legacy.colt.net\/de\/ip\/#primaryimage\"},\"image\":{\"@id\":\"https:\/\/legacy.colt.net\/de\/ip\/#primaryimage\"},\"thumbnailUrl\":\"https:\/\/legacy.colt.net\/wp-content\/uploads\/2021\/01\/IP-Access.png\",\"datePublished\":\"2017-03-13T15:51:17+00:00\",\"dateModified\":\"2023-11-21T16:01:49+00:00\",\"description\":\"Die gesch\u00e4ftlichen Internet- und VPN-Dienste von Colt bieten Ihnen Hochgeschwindigkeits-Internet- und Netzwerkkonnektivit\u00e4t.\",\"breadcrumb\":{\"@id\":\"https:\/\/legacy.colt.net\/de\/ip\/#breadcrumb\"},\"inLanguage\":\"de-DE\",\"potentialAction\":[{\"@type\":\"ReadAction\",\"target\":[\"https:\/\/legacy.colt.net\/de\/ip\/\"]}]},{\"@type\":\"ImageObject\",\"inLanguage\":\"de-DE\",\"@id\":\"https:\/\/legacy.colt.net\/de\/ip\/#primaryimage\",\"url\":\"https:\/\/legacy.colt.net\/wp-content\/uploads\/2021\/01\/IP-Access.png\",\"contentUrl\":\"https:\/\/legacy.colt.net\/wp-content\/uploads\/2021\/01\/IP-Access.png\"},{\"@type\":\"BreadcrumbList\",\"@id\":\"https:\/\/legacy.colt.net\/de\/ip\/#breadcrumb\",\"itemListElement\":[{\"@type\":\"ListItem\",\"position\":1,\"name\":\"Home\",\"item\":\"https:\/\/legacy.colt.net\/de\/\"},{\"@type\":\"ListItem\",\"position\":2,\"name\":\"Business Internet, SD WAN &#038; IP VPN\"}]},{\"@type\":\"WebSite\",\"@id\":\"https:\/\/legacy.colt.net\/#website\",\"url\":\"https:\/\/legacy.colt.net\/\",\"name\":\"Colt\u30c6\u30af\u30ce\u30ed\u30b8\u30fc\u30b5\u30fc\u30d3\u30b9\u682a\u5f0f\u4f1a\u793e\",\"description\":\"Managed Network &amp; Voice Services Provider\",\"publisher\":{\"@id\":\"https:\/\/legacy.colt.net\/#organization\"},\"potentialAction\":[{\"@type\":\"SearchAction\",\"target\":{\"@type\":\"EntryPoint\",\"urlTemplate\":\"https:\/\/legacy.colt.net\/?s={search_term_string}\"},\"query-input\":{\"@type\":\"PropertyValueSpecification\",\"valueRequired\":true,\"valueName\":\"search_term_string\"}}],\"inLanguage\":\"de-DE\"},{\"@type\":\"Organization\",\"@id\":\"https:\/\/legacy.colt.net\/#organization\",\"name\":\"Colt Technology Services\",\"url\":\"https:\/\/legacy.colt.net\/\",\"logo\":{\"@type\":\"ImageObject\",\"inLanguage\":\"de-DE\",\"@id\":\"https:\/\/legacy.colt.net\/#\/schema\/logo\/image\/\",\"url\":\"https:\/\/legacy.colt.net\/wp-content\/uploads\/2019\/02\/Colt-Logo.png\",\"contentUrl\":\"https:\/\/legacy.colt.net\/wp-content\/uploads\/2019\/02\/Colt-Logo.png\",\"width\":195,\"height\":77,\"caption\":\"Colt Technology Services\"},\"image\":{\"@id\":\"https:\/\/legacy.colt.net\/#\/schema\/logo\/image\/\"},\"sameAs\":[\"https:\/\/www.facebook.com\/ColtTechnologyServices\/\",\"https:\/\/x.com\/colt_technology\",\"https:\/\/www.instagram.com\/colttechnologyservices\/\",\"https:\/\/www.linkedin.com\/company\/colt-technology-services\",\"https:\/\/www.youtube.com\/user\/ColtTechnology\"]}]}<\/script>\n<!-- \/ Yoast SEO plugin. -->","yoast_head_json":{"title":"Business Internet, SD WAN & IP VPN | Colt Technology Services | DE","description":"Die gesch\u00e4ftlichen Internet- und VPN-Dienste von Colt bieten Ihnen Hochgeschwindigkeits-Internet- und Netzwerkkonnektivit\u00e4t.","robots":{"index":"noindex","follow":"follow","max-snippet":"max-snippet:-1","max-image-preview":"max-image-preview:large","max-video-preview":"max-video-preview:-1"},"og_locale":"de_DE","og_type":"article","og_title":"Business Internet, SD WAN & IP VPN | Colt Technology Services | DE","og_description":"Die gesch\u00e4ftlichen Internet- und VPN-Dienste von Colt bieten Ihnen Hochgeschwindigkeits-Internet- und Netzwerkkonnektivit\u00e4t.","og_url":"https:\/\/legacy.colt.net\/de\/ip\/","og_site_name":"Colt Technology Services","article_publisher":"https:\/\/www.facebook.com\/ColtTechnologyServices\/","article_modified_time":"2023-11-21T16:01:49+00:00","og_image":[{"url":"https:\/\/legacy.colt.net\/wp-content\/uploads\/2021\/01\/IP-Access.png","type":"","width":"","height":""}],"twitter_card":"summary_large_image","twitter_site":"@colt_technology","twitter_misc":{"Est. reading time":"2 minutes"},"schema":{"@context":"https:\/\/schema.org","@graph":[{"@type":"WebPage","@id":"https:\/\/legacy.colt.net\/de\/ip\/","url":"https:\/\/legacy.colt.net\/de\/ip\/","name":"Business Internet, SD WAN & IP VPN | Colt Technology Services | DE","isPartOf":{"@id":"https:\/\/legacy.colt.net\/#website"},"primaryImageOfPage":{"@id":"https:\/\/legacy.colt.net\/de\/ip\/#primaryimage"},"image":{"@id":"https:\/\/legacy.colt.net\/de\/ip\/#primaryimage"},"thumbnailUrl":"https:\/\/legacy.colt.net\/wp-content\/uploads\/2021\/01\/IP-Access.png","datePublished":"2017-03-13T15:51:17+00:00","dateModified":"2023-11-21T16:01:49+00:00","description":"Die gesch\u00e4ftlichen Internet- und VPN-Dienste von Colt bieten Ihnen Hochgeschwindigkeits-Internet- und Netzwerkkonnektivit\u00e4t.","breadcrumb":{"@id":"https:\/\/legacy.colt.net\/de\/ip\/#breadcrumb"},"inLanguage":"de-DE","potentialAction":[{"@type":"ReadAction","target":["https:\/\/legacy.colt.net\/de\/ip\/"]}]},{"@type":"ImageObject","inLanguage":"de-DE","@id":"https:\/\/legacy.colt.net\/de\/ip\/#primaryimage","url":"https:\/\/legacy.colt.net\/wp-content\/uploads\/2021\/01\/IP-Access.png","contentUrl":"https:\/\/legacy.colt.net\/wp-content\/uploads\/2021\/01\/IP-Access.png"},{"@type":"BreadcrumbList","@id":"https:\/\/legacy.colt.net\/de\/ip\/#breadcrumb","itemListElement":[{"@type":"ListItem","position":1,"name":"Home","item":"https:\/\/legacy.colt.net\/de\/"},{"@type":"ListItem","position":2,"name":"Business Internet, SD WAN &#038; IP VPN"}]},{"@type":"WebSite","@id":"https:\/\/legacy.colt.net\/#website","url":"https:\/\/legacy.colt.net\/","name":"Colt\u30c6\u30af\u30ce\u30ed\u30b8\u30fc\u30b5\u30fc\u30d3\u30b9\u682a\u5f0f\u4f1a\u793e","description":"Managed Network &amp; Voice Services Provider","publisher":{"@id":"https:\/\/legacy.colt.net\/#organization"},"potentialAction":[{"@type":"SearchAction","target":{"@type":"EntryPoint","urlTemplate":"https:\/\/legacy.colt.net\/?s={search_term_string}"},"query-input":{"@type":"PropertyValueSpecification","valueRequired":true,"valueName":"search_term_string"}}],"inLanguage":"de-DE"},{"@type":"Organization","@id":"https:\/\/legacy.colt.net\/#organization","name":"Colt Technology Services","url":"https:\/\/legacy.colt.net\/","logo":{"@type":"ImageObject","inLanguage":"de-DE","@id":"https:\/\/legacy.colt.net\/#\/schema\/logo\/image\/","url":"https:\/\/legacy.colt.net\/wp-content\/uploads\/2019\/02\/Colt-Logo.png","contentUrl":"https:\/\/legacy.colt.net\/wp-content\/uploads\/2019\/02\/Colt-Logo.png","width":195,"height":77,"caption":"Colt Technology Services"},"image":{"@id":"https:\/\/legacy.colt.net\/#\/schema\/logo\/image\/"},"sameAs":["https:\/\/www.facebook.com\/ColtTechnologyServices\/","https:\/\/x.com\/colt_technology","https:\/\/www.instagram.com\/colttechnologyservices\/","https:\/\/www.linkedin.com\/company\/colt-technology-services","https:\/\/www.youtube.com\/user\/ColtTechnology"]}]}},"_links":{"self":[{"href":"https:\/\/legacy.colt.net\/de\/wp-json\/wp\/v2\/pages\/35282","targetHints":{"allow":["GET"]}}],"collection":[{"href":"https:\/\/legacy.colt.net\/de\/wp-json\/wp\/v2\/pages"}],"about":[{"href":"https:\/\/legacy.colt.net\/de\/wp-json\/wp\/v2\/types\/page"}],"author":[{"embeddable":true,"href":"https:\/\/legacy.colt.net\/de\/wp-json\/wp\/v2\/users\/2"}],"replies":[{"embeddable":true,"href":"https:\/\/legacy.colt.net\/de\/wp-json\/wp\/v2\/comments?post=35282"}],"version-history":[{"count":0,"href":"https:\/\/legacy.colt.net\/de\/wp-json\/wp\/v2\/pages\/35282\/revisions"}],"wp:attachment":[{"href":"https:\/\/legacy.colt.net\/de\/wp-json\/wp\/v2\/media?parent=35282"}],"wp:term":[{"taxonomy":"colt_type","embeddable":true,"href":"https:\/\/legacy.colt.net\/de\/wp-json\/wp\/v2\/colt_type?post=35282"},{"taxonomy":"colt_products","embeddable":true,"href":"https:\/\/legacy.colt.net\/de\/wp-json\/wp\/v2\/colt_products?post=35282"}],"curies":[{"name":"wp","href":"https:\/\/api.w.org\/{rel}","templated":true}]}}