{"id":35260,"date":"2017-03-30T09:14:39","date_gmt":"2017-03-30T09:14:39","guid":{"rendered":"https:\/\/www.colt.net\/in-services\/"},"modified":"2021-01-08T17:11:50","modified_gmt":"2021-01-08T17:11:50","slug":"in-services","status":"publish","type":"page","link":"https:\/\/legacy.colt.net\/de\/in-services\/","title":{"rendered":"IN Services"},"content":{"rendered":"\n<h1>\n\t<\/h1>\n<h2>\n\t\tProdukte &#038; Netzwerkservice\n\t<\/h2>\n\t<nav class=\"breadcrumb\"><span><span><a href=\"https:\/\/legacy.colt.net\/de\/\">Home<\/a><\/span><\/span><\/nav>\n\t<p>Die F\u00e4higkeit, qualitativ hochwertige Anrufe bei Kontaktpartnern und Lieferanten zu t\u00e4tigen, ist f\u00fcr jedes Unternehmen von entscheidender Bedeutung. Ebenso wichtig ist jedoch die F\u00e4higkeit, ihren Endkunden einen einfachen Kontakt zu erm\u00f6glichen, um mit ihnen als Unternehmen in Kontakt zu treten.<\/p>\n\t<a href=\"https:\/\/legacy.colt.net\/de\/product\/toll-free-non-geographic-numbers\/\" target=\"_self\" rel=\"noopener noreferrer\"><\/a> \n\t\t\t\t<img decoding=\"async\" src=\"https:\/\/legacy.colt.net\/wp-content\/uploads\/2021\/01\/Intelligent-Communications.png\" alt=\"Intelligent Communications\" title=\"Intelligent Communications\" itemprop=\"image\"\/>\n\t\t<h3>Cloud telefonie services<\/h3>\t\t\t\n\t\t\t\t<p>Einfache Zugangsrufnummern in ganz Europa und dar\u00fcber hinaus.<\/p>\n\t<a href=\"https:\/\/legacy.colt.net\/de\/product\/in-vas-und-contact-center\/\" target=\"_self\" rel=\"noopener noreferrer\"><\/a> \n\t\t\t\t<img decoding=\"async\" src=\"https:\/\/legacy.colt.net\/wp-content\/uploads\/2021\/01\/Building-your-network-1.png\" alt=\"Building-your-network-1\" title=\"Building-your-network-1\" itemprop=\"image\"\/>\n\t\t<h3>Contact centre solutions<\/h3>\t\t\t\n\t\t\t\t<p>Der Kundenservice ist f\u00fcr Unternehmen von entscheidender Bedeutung.<\/p>\n\t<a href=\"https:\/\/legacy.colt.net\/de\/product\/voice-on-demand\/\" target=\"_self\" rel=\"noopener noreferrer\"><\/a> \n\t\t\t\t<img decoding=\"async\" src=\"https:\/\/legacy.colt.net\/wp-content\/uploads\/2021\/01\/Transforming-your-digital-workplace.png\" alt=\"Transforming-your-digital-workplace\" title=\"Transforming-your-digital-workplace\" itemprop=\"image\"\/>\n\t\t<h3>Voice On Demand<\/h3>\t\t\t\n\t\t\t\t<p>Sie k\u00f6nnen alle Ihre Servicerufnummern \u00fcber ein zentrales Konto von der Bestellung bis zum Vertragsende verwalten.<\/p>\n\n","protected":false},"excerpt":{"rendered":"<p>Produkte &#038; Netzwerkservice Die F\u00e4higkeit, qualitativ hochwertige Anrufe bei Kontaktpartnern und Lieferanten zu t\u00e4tigen, ist f\u00fcr jedes Unternehmen von entscheidender Bedeutung. Ebenso wichtig ist jedoch die F\u00e4higkeit, ihren Endkunden einen einfachen Kontakt zu erm\u00f6glichen, um mit ihnen als Unternehmen in Kontakt zu treten. Cloud telefonie services Einfache Zugangsrufnummern in ganz Europa und dar\u00fcber hinaus. Contact&#8230;<\/p>\n","protected":false},"author":2,"featured_media":0,"parent":0,"menu_order":0,"comment_status":"closed","ping_status":"closed","template":"","meta":{"_acf_changed":false,"footnotes":""},"colt_type":[],"colt_products":[1526],"class_list":["post-35260","page","type-page","status-publish","hentry","colt_products-voice-and-collaboration-de"],"acf":[],"yoast_head":"<!-- This site is optimized with the Yoast SEO plugin v26.8 - https:\/\/yoast.com\/product\/yoast-seo-wordpress\/ -->\n<title>IN Services | Colt Technology Services | DE<\/title>\n<meta name=\"description\" content=\"Die F\u00e4higkeit, qualitativ hochwertige Anrufe bei Kontaktpartnern und Lieferanten zu t\u00e4tigen, ist f\u00fcr jedes Unternehmen von entscheidender Bedeutung.\" \/>\n<meta name=\"robots\" content=\"noindex, follow, max-snippet:-1, max-image-preview:large, max-video-preview:-1\" \/>\n<meta property=\"og:locale\" content=\"de_DE\" \/>\n<meta property=\"og:type\" content=\"article\" \/>\n<meta property=\"og:title\" content=\"IN Services | Colt Technology Services | DE\" \/>\n<meta property=\"og:description\" content=\"Die F\u00e4higkeit, qualitativ hochwertige Anrufe bei Kontaktpartnern und Lieferanten zu t\u00e4tigen, ist f\u00fcr jedes Unternehmen von entscheidender Bedeutung.\" \/>\n<meta property=\"og:url\" content=\"https:\/\/legacy.colt.net\/de\/in-services\/\" \/>\n<meta property=\"og:site_name\" content=\"Colt Technology Services\" \/>\n<meta property=\"article:publisher\" content=\"https:\/\/www.facebook.com\/ColtTechnologyServices\/\" \/>\n<meta property=\"article:modified_time\" content=\"2021-01-08T17:11:50+00:00\" \/>\n<meta property=\"og:image\" content=\"https:\/\/legacy.colt.net\/wp-content\/uploads\/2021\/01\/Brand-2021-Stock-35.jpg\" \/>\n\t<meta property=\"og:image:width\" content=\"1000\" \/>\n\t<meta property=\"og:image:height\" content=\"667\" \/>\n\t<meta property=\"og:image:type\" content=\"image\/jpeg\" \/>\n<meta name=\"twitter:card\" content=\"summary_large_image\" \/>\n<meta name=\"twitter:site\" content=\"@colt_technology\" \/>\n<script type=\"application\/ld+json\" class=\"yoast-schema-graph\">{\"@context\":\"https:\/\/schema.org\",\"@graph\":[{\"@type\":\"WebPage\",\"@id\":\"https:\/\/legacy.colt.net\/de\/in-services\/\",\"url\":\"https:\/\/legacy.colt.net\/de\/in-services\/\",\"name\":\"IN Services | Colt Technology Services | DE\",\"isPartOf\":{\"@id\":\"https:\/\/legacy.colt.net\/#website\"},\"primaryImageOfPage\":{\"@id\":\"https:\/\/legacy.colt.net\/de\/in-services\/#primaryimage\"},\"image\":{\"@id\":\"https:\/\/legacy.colt.net\/de\/in-services\/#primaryimage\"},\"thumbnailUrl\":\"https:\/\/legacy.colt.net\/wp-content\/uploads\/2021\/01\/Intelligent-Communications.png\",\"datePublished\":\"2017-03-30T09:14:39+00:00\",\"dateModified\":\"2021-01-08T17:11:50+00:00\",\"description\":\"Die F\u00e4higkeit, qualitativ hochwertige Anrufe bei Kontaktpartnern und Lieferanten zu t\u00e4tigen, ist f\u00fcr jedes Unternehmen von entscheidender Bedeutung.\",\"breadcrumb\":{\"@id\":\"https:\/\/legacy.colt.net\/de\/in-services\/#breadcrumb\"},\"inLanguage\":\"de-DE\",\"potentialAction\":[{\"@type\":\"ReadAction\",\"target\":[\"https:\/\/legacy.colt.net\/de\/in-services\/\"]}]},{\"@type\":\"ImageObject\",\"inLanguage\":\"de-DE\",\"@id\":\"https:\/\/legacy.colt.net\/de\/in-services\/#primaryimage\",\"url\":\"https:\/\/legacy.colt.net\/wp-content\/uploads\/2021\/01\/Intelligent-Communications.png\",\"contentUrl\":\"https:\/\/legacy.colt.net\/wp-content\/uploads\/2021\/01\/Intelligent-Communications.png\"},{\"@type\":\"BreadcrumbList\",\"@id\":\"https:\/\/legacy.colt.net\/de\/in-services\/#breadcrumb\",\"itemListElement\":[{\"@type\":\"ListItem\",\"position\":1,\"name\":\"Home\",\"item\":\"https:\/\/legacy.colt.net\/de\/\"},{\"@type\":\"ListItem\",\"position\":2,\"name\":\"IN Services\"}]},{\"@type\":\"WebSite\",\"@id\":\"https:\/\/legacy.colt.net\/#website\",\"url\":\"https:\/\/legacy.colt.net\/\",\"name\":\"Colt\u30c6\u30af\u30ce\u30ed\u30b8\u30fc\u30b5\u30fc\u30d3\u30b9\u682a\u5f0f\u4f1a\u793e\",\"description\":\"Managed Network &amp; Voice Services Provider\",\"publisher\":{\"@id\":\"https:\/\/legacy.colt.net\/#organization\"},\"potentialAction\":[{\"@type\":\"SearchAction\",\"target\":{\"@type\":\"EntryPoint\",\"urlTemplate\":\"https:\/\/legacy.colt.net\/?s={search_term_string}\"},\"query-input\":{\"@type\":\"PropertyValueSpecification\",\"valueRequired\":true,\"valueName\":\"search_term_string\"}}],\"inLanguage\":\"de-DE\"},{\"@type\":\"Organization\",\"@id\":\"https:\/\/legacy.colt.net\/#organization\",\"name\":\"Colt Technology Services\",\"url\":\"https:\/\/legacy.colt.net\/\",\"logo\":{\"@type\":\"ImageObject\",\"inLanguage\":\"de-DE\",\"@id\":\"https:\/\/legacy.colt.net\/#\/schema\/logo\/image\/\",\"url\":\"https:\/\/legacy.colt.net\/wp-content\/uploads\/2019\/02\/Colt-Logo.png\",\"contentUrl\":\"https:\/\/legacy.colt.net\/wp-content\/uploads\/2019\/02\/Colt-Logo.png\",\"width\":195,\"height\":77,\"caption\":\"Colt Technology Services\"},\"image\":{\"@id\":\"https:\/\/legacy.colt.net\/#\/schema\/logo\/image\/\"},\"sameAs\":[\"https:\/\/www.facebook.com\/ColtTechnologyServices\/\",\"https:\/\/x.com\/colt_technology\",\"https:\/\/www.instagram.com\/colttechnologyservices\/\",\"https:\/\/www.linkedin.com\/company\/colt-technology-services\",\"https:\/\/www.youtube.com\/user\/ColtTechnology\"]}]}<\/script>\n<!-- \/ Yoast SEO plugin. -->","yoast_head_json":{"title":"IN Services | Colt Technology Services | DE","description":"Die F\u00e4higkeit, qualitativ hochwertige Anrufe bei Kontaktpartnern und Lieferanten zu t\u00e4tigen, ist f\u00fcr jedes Unternehmen von entscheidender Bedeutung.","robots":{"index":"noindex","follow":"follow","max-snippet":"max-snippet:-1","max-image-preview":"max-image-preview:large","max-video-preview":"max-video-preview:-1"},"og_locale":"de_DE","og_type":"article","og_title":"IN Services | Colt Technology Services | DE","og_description":"Die F\u00e4higkeit, qualitativ hochwertige Anrufe bei Kontaktpartnern und Lieferanten zu t\u00e4tigen, ist f\u00fcr jedes Unternehmen von entscheidender Bedeutung.","og_url":"https:\/\/legacy.colt.net\/de\/in-services\/","og_site_name":"Colt Technology Services","article_publisher":"https:\/\/www.facebook.com\/ColtTechnologyServices\/","article_modified_time":"2021-01-08T17:11:50+00:00","og_image":[{"width":1000,"height":667,"url":"https:\/\/legacy.colt.net\/wp-content\/uploads\/2021\/01\/Brand-2021-Stock-35.jpg","type":"image\/jpeg"}],"twitter_card":"summary_large_image","twitter_site":"@colt_technology","schema":{"@context":"https:\/\/schema.org","@graph":[{"@type":"WebPage","@id":"https:\/\/legacy.colt.net\/de\/in-services\/","url":"https:\/\/legacy.colt.net\/de\/in-services\/","name":"IN Services | Colt Technology Services | DE","isPartOf":{"@id":"https:\/\/legacy.colt.net\/#website"},"primaryImageOfPage":{"@id":"https:\/\/legacy.colt.net\/de\/in-services\/#primaryimage"},"image":{"@id":"https:\/\/legacy.colt.net\/de\/in-services\/#primaryimage"},"thumbnailUrl":"https:\/\/legacy.colt.net\/wp-content\/uploads\/2021\/01\/Intelligent-Communications.png","datePublished":"2017-03-30T09:14:39+00:00","dateModified":"2021-01-08T17:11:50+00:00","description":"Die F\u00e4higkeit, qualitativ hochwertige Anrufe bei Kontaktpartnern und Lieferanten zu t\u00e4tigen, ist f\u00fcr jedes Unternehmen von entscheidender Bedeutung.","breadcrumb":{"@id":"https:\/\/legacy.colt.net\/de\/in-services\/#breadcrumb"},"inLanguage":"de-DE","potentialAction":[{"@type":"ReadAction","target":["https:\/\/legacy.colt.net\/de\/in-services\/"]}]},{"@type":"ImageObject","inLanguage":"de-DE","@id":"https:\/\/legacy.colt.net\/de\/in-services\/#primaryimage","url":"https:\/\/legacy.colt.net\/wp-content\/uploads\/2021\/01\/Intelligent-Communications.png","contentUrl":"https:\/\/legacy.colt.net\/wp-content\/uploads\/2021\/01\/Intelligent-Communications.png"},{"@type":"BreadcrumbList","@id":"https:\/\/legacy.colt.net\/de\/in-services\/#breadcrumb","itemListElement":[{"@type":"ListItem","position":1,"name":"Home","item":"https:\/\/legacy.colt.net\/de\/"},{"@type":"ListItem","position":2,"name":"IN Services"}]},{"@type":"WebSite","@id":"https:\/\/legacy.colt.net\/#website","url":"https:\/\/legacy.colt.net\/","name":"Colt\u30c6\u30af\u30ce\u30ed\u30b8\u30fc\u30b5\u30fc\u30d3\u30b9\u682a\u5f0f\u4f1a\u793e","description":"Managed Network &amp; Voice Services Provider","publisher":{"@id":"https:\/\/legacy.colt.net\/#organization"},"potentialAction":[{"@type":"SearchAction","target":{"@type":"EntryPoint","urlTemplate":"https:\/\/legacy.colt.net\/?s={search_term_string}"},"query-input":{"@type":"PropertyValueSpecification","valueRequired":true,"valueName":"search_term_string"}}],"inLanguage":"de-DE"},{"@type":"Organization","@id":"https:\/\/legacy.colt.net\/#organization","name":"Colt Technology Services","url":"https:\/\/legacy.colt.net\/","logo":{"@type":"ImageObject","inLanguage":"de-DE","@id":"https:\/\/legacy.colt.net\/#\/schema\/logo\/image\/","url":"https:\/\/legacy.colt.net\/wp-content\/uploads\/2019\/02\/Colt-Logo.png","contentUrl":"https:\/\/legacy.colt.net\/wp-content\/uploads\/2019\/02\/Colt-Logo.png","width":195,"height":77,"caption":"Colt Technology Services"},"image":{"@id":"https:\/\/legacy.colt.net\/#\/schema\/logo\/image\/"},"sameAs":["https:\/\/www.facebook.com\/ColtTechnologyServices\/","https:\/\/x.com\/colt_technology","https:\/\/www.instagram.com\/colttechnologyservices\/","https:\/\/www.linkedin.com\/company\/colt-technology-services","https:\/\/www.youtube.com\/user\/ColtTechnology"]}]}},"_links":{"self":[{"href":"https:\/\/legacy.colt.net\/de\/wp-json\/wp\/v2\/pages\/35260","targetHints":{"allow":["GET"]}}],"collection":[{"href":"https:\/\/legacy.colt.net\/de\/wp-json\/wp\/v2\/pages"}],"about":[{"href":"https:\/\/legacy.colt.net\/de\/wp-json\/wp\/v2\/types\/page"}],"author":[{"embeddable":true,"href":"https:\/\/legacy.colt.net\/de\/wp-json\/wp\/v2\/users\/2"}],"replies":[{"embeddable":true,"href":"https:\/\/legacy.colt.net\/de\/wp-json\/wp\/v2\/comments?post=35260"}],"version-history":[{"count":0,"href":"https:\/\/legacy.colt.net\/de\/wp-json\/wp\/v2\/pages\/35260\/revisions"}],"wp:attachment":[{"href":"https:\/\/legacy.colt.net\/de\/wp-json\/wp\/v2\/media?parent=35260"}],"wp:term":[{"taxonomy":"colt_type","embeddable":true,"href":"https:\/\/legacy.colt.net\/de\/wp-json\/wp\/v2\/colt_type?post=35260"},{"taxonomy":"colt_products","embeddable":true,"href":"https:\/\/legacy.colt.net\/de\/wp-json\/wp\/v2\/colt_products?post=35260"}],"curies":[{"name":"wp","href":"https:\/\/api.w.org\/{rel}","templated":true}]}}