{"id":35246,"date":"2018-10-30T08:49:06","date_gmt":"2018-10-30T08:49:06","guid":{"rendered":"https:\/\/www.colt.net\/home\/"},"modified":"2025-08-13T09:15:57","modified_gmt":"2025-08-13T08:15:57","slug":"home","status":"publish","type":"page","link":"https:\/\/legacy.colt.net\/de\/","title":{"rendered":"Home DE"},"content":{"rendered":"\n<h2>\n\t\t\tColt Network as a Service\t<\/h2>\n<h2>\n\t\t\tMehr Zeit f\u00fcr das Wesentliche\t<\/h2>\n\t<p>Entdecken Sie, wie Network as a Service Ihnen mehr Zeit f\u00fcr Ihre Priorit\u00e4ten gibt &#8211; ohne Kompromisse bei Kontrolle, Reichweite, Sicherheit und Flexibilit\u00e4t.<\/p>\n\t\t\t<a href=\"http:\/\/naas.colt.net\/de\" target=\"_blank\" rel=\"noopener\">\n\t\t\t\t\t\t\tJetzt entdecken\n\t\t\t\t\t<\/a>\n\t\t\t\t<img decoding=\"async\" src=\"https:\/\/legacy.colt.net\/wp-content\/uploads\/2024\/10\/GC3-DE-Cover-Image1.png\" alt=\"GC3-DE-Cover-Image[1]\" itemprop=\"image\" height=\"918\" width=\"1023\" title=\"GC3-DE-Cover-Image[1]\" onerror=\"this.style.display='none'\" loading='lazy' \/>\n<h2>\n\t\t\tExtraordinary connections\t<\/h2>\n\t<p>Colt\u00a0&#8211; das globale Unternehmen f\u00fcr digitale Infrastruktur, das au\u00dfergew\u00f6hnliche Verbindungen mit echter Sorgfalt bietet.<\/p>\n<p>Erweitern Sie Ihre Verbindungen mit Colt. Denn Colt kann Ihnen mehr digitale Infrastrukturl\u00f6sungen anbieten, um Ihr Unternehmen noch erfolgreicher zu machen und zwar mit demselben au\u00dfergew\u00f6hnlichen Kundenerlebnis.<\/p>\n\t\t\t<a href=\"https:\/\/legacy.colt.net\/de\/why-colt\/\" target=\"_self\">\n\t\t\t\t\t\t\tWarum Colt?\n\t\t\t\t\t<\/a>\n\t\t\t<h3>32k+<\/h3>\t\t\t\n\t\t\t\t<p>Unternehmensgeb\u00e4ude sind direkt \u00fcber Cols eigenes Glasfasernetz in Europa, Asien und den USA verbunden.<\/p>\n\t\t\t<h3>1100+<\/h3>\t\t\t\n\t\t\t\t<p>Rechenzentren, Clouds und Carrier-Hotels verbunden, mehr als jeder andere Anbieter in Europa, Asien und den USA.<\/p>\n\t\t\t<h3>230+<\/h3>\t\t\t\n\t\t\t\t<p>St\u00e4dte, die mit unserem Netzwerk verbunden sind, mit 50 tiefen Metropolregionen weltweit.<\/p>\n\t\t\t<h3>27k+<\/h3>\t\t\t\n\t\t\t\t<p>Kunden erleben das branchenf\u00fchrende Colt-Erlebnis in 40 L\u00e4ndern weltweit.<\/p>\n\t\t\t<h3>900+<\/h3>\t\t\t\n\t\t\t\t<p>Netzwerk-zu-Netzwerk-Schnittstellen mit anderen Betreibern, um Konsistenz in unserem \u00d6kosystem zu gew\u00e4hrleisten.<\/p>\n\t\t\t<h3>250+<\/h3>\t\t\t\n\t\t\t\t<p>Vernetzte Cloud-Points of Presence (PoPs) weltweit mit Konnektivit\u00e4t zu globalen Cloud-Anbietern.<\/p>\n<h2>\n\t\t\tL\u00f6sungen f\u00fcr eine erfolgreiche Digitalisierung\t<\/h2>\n\t\t\t\t<img decoding=\"async\" src=\"https:\/\/legacy.colt.net\/wp-content\/uploads\/2021\/01\/Connecting-to-the-cloud-1.png\" alt=\"Connecting-to-the-cloud-1\" title=\"Connecting-to-the-cloud-1\" itemprop=\"image\"\/>\n\t\t<h3>Direkter Zugang zur Cloud<\/h3>\t\t\t\n\t\t\t\t<p>Voraussetzung daf\u00fcr ist ein erstklassiges, innovatives Netzwerk. Zuverl\u00e4ssige H\u00f6chstleistung, Skalierbarkeit, Kontrolle und Sicherheit sind die entscheidenden Punkte. <a href=\"https:\/\/legacy.colt.net\/de\/solutions\/cloud-connect\/\">Mehr informationen &gt;&gt;<\/a><\/p>\n\t\t\t\t<img decoding=\"async\" src=\"https:\/\/legacy.colt.net\/wp-content\/uploads\/2020\/12\/Connecting-your-enterprise-network-2.png\" alt=\"Connecting-your-enterprise-network-2\" title=\"Connecting-your-enterprise-network-2\" itemprop=\"image\"\/>\n\t\t<h3>Wir verbinden Ihr Unternehmen<\/h3>\t\t\t\n\t\t\t\t<p>Intelligente, anpassungsf\u00e4hige Netzwerke mit hochwertiger, sicherer Verbindungsqualit\u00e4t sind heute f\u00fcr den Unternehmenserfolg unverzichtbar. <a href=\"https:\/\/legacy.colt.net\/de\/solutions\/enterprise\/\">Mehr informationen &gt;&gt;<\/a><\/p>\n\t\t\t\t<img decoding=\"async\" src=\"https:\/\/legacy.colt.net\/wp-content\/uploads\/2021\/11\/Hybrid-Workforce.png\" alt=\"Hybrid Workforce\" title=\"Hybrid Workforce\" itemprop=\"image\"\/>\n\t\t<h3>Verbindungen schaffen in einer hybriden Arbeitswelt<\/h3>\t\t\t\n\t\t\t\t<p>Konnektivit\u00e4t f\u00fcr den hybriden Arbeitsplatz. Colt erm\u00f6glicht es Unternehmen, ihre Mitarbeiter ortsungebunden einzusetzen. <a href=\"https:\/\/legacy.colt.net\/de\/solutions\/hybrid-workforce\/\">Mehr informationen &gt;&gt;<\/a><\/p>\n\t\t\t\t<img decoding=\"async\" src=\"https:\/\/legacy.colt.net\/wp-content\/uploads\/2021\/01\/IP-Access-On-Demand.png\" alt=\"IP Access On Demand\" title=\"IP Access On Demand\" itemprop=\"image\"\/>\n\t\t<h3>Software-definierte Konnektivit\u00e4t in Echtzeit<\/h3>\t\t\t\n\t\t\t\t<p>Die Cloud wird immer unverzichtbarer als zentraler Bestandteil einer globalen IT-Strategie. Entscheidende Vorteile sind: Flexibilit\u00e4t, Skalierbarkeit und Kosteneffizienz. <a href=\"https:\/\/legacy.colt.net\/de\/solutions\/on-demand\/\">Mehr informationen &gt;&gt;<\/a><\/p>\n\t\t\t\t<img decoding=\"async\" src=\"https:\/\/legacy.colt.net\/wp-content\/uploads\/2020\/12\/Building-your-network-1.png\" alt=\"Building-your-network-1\" title=\"Building-your-network-1\" itemprop=\"image\"\/>\n\t\t<h3>Erstellen Sie Ihr Backbone<\/h3>\t\t\t\n\t\t\t\t<p>Angesichts des exponentiellen Wachstums der Cloud und der \u00fcbertragenen Datenmengen sind Qualit\u00e4t und Abdeckung Ihres Backbone-Netzwerks f\u00fcr Sie und Ihre Kunden wichtiger denn je. <a href=\"https:\/\/legacy.colt.net\/de\/solutions\/core-network\/\">Mehr informationen &gt;&gt;<\/a><\/p>\n\t\t\t\t<img decoding=\"async\" src=\"https:\/\/legacy.colt.net\/wp-content\/uploads\/2021\/01\/Managed-Firewall.png\" alt=\"Managed Firewall\" title=\"Managed Firewall\" itemprop=\"image\"\/>\n\t\t<h3>Sicherheit f\u00fcr Ihr Unternehmen<\/h3>\t\t\t\n\t\t\t\t<p>Wir k\u00f6nnen auch als Teil eines gr\u00f6\u00dferen verbundenen Netzwerks arbeiten und L\u00f6sungen in Zusammenarbeit mit anderen Betreibern und spezialisierten Sicherheitsanbietern auf der ganzen Welt bereitstellen. <a href=\"https:\/\/legacy.colt.net\/de\/solutions\/security\/\">Mehr informationen &gt;&gt;<\/a><\/p>\n\t\t\t\t<img decoding=\"async\" src=\"https:\/\/legacy.colt.net\/wp-content\/uploads\/2021\/01\/Connected-voice-services-1-e1748876774245.png\" alt=\"Connected-voice-services 1\" title=\"Connected-voice-services 1\" itemprop=\"image\"\/>\n\t\t<h3>Wirkungsvolle Unternehmens-kommunikation<\/h3>\t\t\t\n\t\t\t\t<p>Klare Kommunikation ist unerl\u00e4sslich, damit Ihre Mitarbeiter die Informationen erhalten, die sie ben\u00f6tigen. F\u00fcr die richtige L\u00f6sung sind mehrere Aspekte wichtig. <a href=\"https:\/\/legacy.colt.net\/de\/solutions\/voice\/\">Mehr informationen&#8230;<\/a><\/p>\n\t\t\t\t<img decoding=\"async\" src=\"https:\/\/legacy.colt.net\/wp-content\/uploads\/2021\/01\/Connecting-to-financial-markets-1.png\" alt=\"Connecting-to-financial-markets-1\" title=\"Connecting-to-financial-markets-1\" itemprop=\"image\"\/>\n\t\t<h3>Anschluss an die Finanzm\u00e4rkte<\/h3>\t\t\t\n\t\t\t\t<p>Colt bietet Services und L\u00f6sungen f\u00fcr alle Anforderungen der Finanzbranche. Das Colt IQ Network f\u00fcr Finanzm\u00e4rkte schafft schnelle, sichere Verbindungen zwischen den wichtigsten Finanzpl\u00e4tzen weltweit. <a href=\"https:\/\/legacy.colt.net\/de\/solutions\/capital-markets\/\">Mehr informationen &gt;&gt;<\/a><\/p>\n\t\t\t\t<img decoding=\"async\" src=\"https:\/\/legacy.colt.net\/wp-content\/uploads\/2023\/10\/Service-Operations-01.png\" alt=\"Service-Operations-01\" title=\"Service-Operations-01\" itemprop=\"image\"\/>\n\t\t<h3>Entdecken Sie unsere verwalteten und professionellen Dienstleistungen<\/h3>\t\t\t\n\t\t\t\t<p>Lassen Sie Colt Ihre Netzwerkfunktionen entwerfen, integrieren und warten. <a href=\"https:\/\/legacy.colt.net\/de\/solutions\/professional-services\/\">Mehr informationen &gt;&gt;<\/a><\/p>\n\t\t\t\t<img decoding=\"async\" src=\"https:\/\/legacy.colt.net\/wp-content\/uploads\/2024\/09\/CH-Image-01-1.png\" alt=\"CH-Image-01 (1)\" itemprop=\"image\" height=\"986\" width=\"944\" title=\"CH-Image-01 (1)\" onerror=\"this.style.display='none'\" loading='lazy' \/>\n<h3>\n\t\t\tUnsere St\u00e4rken:\t<\/h3>\n\t<p>Colt bietet Netzwerk- und Telefonieservices aus einer Hand und verf\u00fcgt \u00fcber ein vielseitiges Serviceportfolio, das Sie auf Ihren Bedarf zuschneiden k\u00f6nnen:<\/p>\n\t\t\t<a href=\"https:\/\/legacy.colt.net\/de\/why-colt\/\" target=\"_self\">\n\t\t\t\t\t\t\tWarum Colt?\n\t\t\t\t\t<\/a>\n\t\t\t\t\t\t\t<p><em>Colt \u00fcberzeugte uns mit seinem exzellenten SD-WAN-Konzept, seiner internationalen Aufstellung, seinem eigenen, leistungsstarken Glasfasernetz und nicht zuletzt durch die gute Erfahrung, die wir bei der Umstellung unserer Telefonie auf die SIP-Trunking-L\u00f6sung von Colt gemacht haben.<\/em><em>F\u00fcr uns war schnell klar, dass wir Colt als strategischen und dedizierten Partner f\u00fcr SD-WAN an Bord haben m\u00f6chten.&#8221;\u00a0<\/em><\/p>\t\t\t\t\t\t\n\t\t\t\t\t\t\t\tDirk Kunz\t\t\t\t\t\t\t\t\n\t\t\t\t\t\t\t\t\tHead of Corporate, IT Sourcing, Senior Vice President, Bertelsmann SE und Co KGaA\t\t\t\t\t\t\t\t\n\t\t\t\t\t\t\t<p><em>&#8221;Colt hat unsere Anforderungen konsequent zu Ende gedacht und dank des weitreichenden L\u00f6sungsportfolios um Services erg\u00e4nzt, die uns mehr als nur eine technisch harmonisierte Telefonie-Infrastruktur bietet. <\/em><em>Mit der voll in Microsoft-Teams integrierten Contact-Center-L\u00f6sung profitieren wir von einer zentralen Kommunikationsplattform \u00fcber einige unserer europ\u00e4ischen Standorte hinweg, die wir in Zukunft auf weitere Standorte erweitern m\u00f6chten.&#8221;<\/em><\/p>\t\t\t\t\t\t\n\t\t\t\t\t\t\t\tMarcus Lapp\t\t\t\t\t\t\t\t\n\t\t\t\t\t\t\t\t\tDirector IT Infrastructure Operations, ESPRIT Europe GmbH\t\t\t\t\t\t\t\t\n\t\t\t\t\t\t\t<p>&#8220;W\u00e4hrend unserer gesamten Zusammenarbeit war Colt ein echter Partner, der jederzeit sicherstellte, dass die gebotenen Leistungen mit dem Wachstum unseres Unternehmens Schritt hielten. Meine direkten Ansprechpartner bei Colt wissen, was wir brauchen. Die Zusammenarbeit ist reibungslos und effektiv.&#8221;<\/p>\u00a0\t\t\t\t\t\t\n\t\t\t\t\t\t\t\tMarc Conte\t\t\t\t\t\t\t\t\n\t\t\t\t\t\t\t\t\tSVP of IT, Louvre Hotels\t\t\t\t\t\t\t\t\n\t\t\t\t\t\t\t<p>&#8220;Uns war bekannt, dass Colt sich darauf konzentriert, seinen Kunden bei der Erreichung ihrer Ziele zu helfen und sich nicht auf die technischen Aspekte eines Projekts beschr\u00e4nkt. Diese Philosophie passt hervorragend zum Serviceverst\u00e4ndnis des Festivals&#8221;<\/p>\t\t\t\t\t\t\n\t\t\t\t\t\t\t\tDieter Kosslick\t\t\t\t\t\t\t\t\n\t\t\t\t\t\t\t\t\tDirector, Berlinale\t\t\t\t\t\t\t\t\n\t\t\t<a href=\"https:\/\/legacy.colt.net\/de\/resources\/type\/case-studies\/\" target=\"_self\">\n\t\t\t\t\t\t\tLesen Sie unsere Fallstudien\n\t\t\t<\/a>\n<h2>\n\t\t\tUpdates\t<\/h2>\n\t\t<a href=\"https:\/\/legacy.colt.net\/de\/resources\/die-zukunft-globaler-konnektivitaet-kommunikationsnetze-mit-leo-satelliten-und-unterseekabeln\/\" title=\"Inhalt des Ansichtsfelds anzeigen\" target=\"_self\"  aria-label=\"Post Element\"><\/a>\t\t\n\t\t\t\t\t\t\t\t\t\t\t\t\t\t<a href=\"https:\/\/legacy.colt.net\/de\/resources\/die-zukunft-globaler-konnektivitaet-kommunikationsnetze-mit-leo-satelliten-und-unterseekabeln\/\" target=\"_self\" title=\"Die Zukunft globaler Konnektivit\u00e4t: Kommunikationsnetze mit LEO-Satelliten und Unterseekabeln\">\n\t\t\t\t<img decoding=\"async\" src=\"https:\/\/legacy.colt.net\/wp-content\/uploads\/2025\/07\/Colt_Ruth_Welter_2025_720x450_Uebersichtsseite-Blog.jpg\" alt=\"\" \/>\n\t\t\t\t<\/a>\n\t\t\t\t\t\t<h3>\n\t\t\t\t<a href=https:\/\/legacy.colt.net\/de\/resources\/die-zukunft-globaler-konnektivitaet-kommunikationsnetze-mit-leo-satelliten-und-unterseekabeln\/ title=\"Die Zukunft globaler Konnektivit\u00e4t: Kommunikationsnetze mit LEO-Satelliten und Unterseekabeln\" tabindex=\"0\">Die Zukunft globaler Konnektivit\u00e4t: Kommunikationsnetze mit LEO-Satelliten und Unterseekabeln<\/a>\t\t\t<\/h3>\n\t\t\t\t\t\t\t<h5>\n\t\t\tJuly 14, 2025\t\t\t\n\t\t\t\t\t\t\t<\/h5>\n\t\t<a href=\"https:\/\/legacy.colt.net\/de\/resources\/neuer-nachhaltigkeitsbericht-von-colt-hebt-wichtige-meilensteine-und-aktuelle-fortschritte-auf-dem-weg-zu-netto-null-emissionen-hervor\/\" title=\"Inhalt des Ansichtsfelds anzeigen\" target=\"_self\"  aria-label=\"Post Element\"><\/a>\t\t\n\t\t\t\t\t\t\t\t\t\t\t\t\t\t<a href=\"https:\/\/legacy.colt.net\/de\/resources\/neuer-nachhaltigkeitsbericht-von-colt-hebt-wichtige-meilensteine-und-aktuelle-fortschritte-auf-dem-weg-zu-netto-null-emissionen-hervor\/\" target=\"_self\" title=\"Neuer Nachhaltigkeitsbericht von Colt hebt wichtige Meilensteine und aktuelle Fortschritte auf dem Weg zu Netto-Null-Emissionen hervor\">\n\t\t\t\t<img decoding=\"async\" src=\"https:\/\/legacy.colt.net\/wp-content\/uploads\/2021\/01\/Brand-2021-Stock-35-720x450.jpg\" alt=\"\" \/>\n\t\t\t\t<\/a>\n\t\t\t\t\t\t<h3>\n\t\t\t\t<a href=https:\/\/legacy.colt.net\/de\/resources\/neuer-nachhaltigkeitsbericht-von-colt-hebt-wichtige-meilensteine-und-aktuelle-fortschritte-auf-dem-weg-zu-netto-null-emissionen-hervor\/ title=\"Neuer Nachhaltigkeitsbericht von Colt hebt wichtige Meilensteine und aktuelle Fortschritte auf dem Weg zu Netto-Null-Emissionen hervor\" tabindex=\"0\">Neuer Nachhaltigkeitsbericht von Colt hebt wichtige Meilensteine und aktuelle Fortschritte auf dem Weg zu Netto-Null-Emissionen hervor<\/a>\t\t\t<\/h3>\n\t\t\t\t\t\t\t<h5>\n\t\t\tJune 26, 2025\t\t\t\n\t\t\t\t\t\t\t<\/h5>\n\t\t<a href=\"https:\/\/legacy.colt.net\/de\/resources\/colt-nokia-und-honeywell-erproben-gemeinsam-weltraumgestuetzte-quantensichere-kryptografie\/\" title=\"Inhalt des Ansichtsfelds anzeigen\" target=\"_self\"  aria-label=\"Post Element\"><\/a>\t\t\n\t\t\t\t\t\t\t\t\t\t\t\t\t\t<a href=\"https:\/\/legacy.colt.net\/de\/resources\/colt-nokia-und-honeywell-erproben-gemeinsam-weltraumgestuetzte-quantensichere-kryptografie\/\" target=\"_self\" title=\"Colt, Nokia und Honeywell erproben gemeinsam weltraumgest\u00fctzte, quantensichere Kryptografie\">\n\t\t\t\t<img decoding=\"async\" src=\"https:\/\/legacy.colt.net\/wp-content\/uploads\/2025\/06\/Colt_Quantensichere-Kryptografie_3-720x450.jpg\" alt=\"\" \/>\n\t\t\t\t<\/a>\n\t\t\t\t\t\t<h3>\n\t\t\t\t<a href=https:\/\/legacy.colt.net\/de\/resources\/colt-nokia-und-honeywell-erproben-gemeinsam-weltraumgestuetzte-quantensichere-kryptografie\/ title=\"Colt, Nokia und Honeywell erproben gemeinsam weltraumgest\u00fctzte, quantensichere Kryptografie\" tabindex=\"0\">Colt, Nokia und Honeywell erproben gemeinsam weltraumgest\u00fctzte, quantensichere Kryptografie<\/a>\t\t\t<\/h3>\n\t\t\t\t\t\t\t<h5>\n\t\t\tJune 5, 2025\t\t\t\n\t\t\t\t\t\t\t<\/h5>\n\n","protected":false},"excerpt":{"rendered":"<p>Colt Network as a Service Mehr Zeit f\u00fcr das Wesentliche Entdecken Sie, wie Network as a Service Ihnen mehr Zeit f\u00fcr Ihre Priorit\u00e4ten gibt &#8211; ohne Kompromisse bei Kontrolle, Reichweite, Sicherheit und Flexibilit\u00e4t. Jetzt entdecken Extraordinary connections Colt\u00a0&#8211; das globale Unternehmen f\u00fcr digitale Infrastruktur, das au\u00dfergew\u00f6hnliche Verbindungen mit echter Sorgfalt bietet. Erweitern Sie Ihre Verbindungen&#8230;<\/p>\n","protected":false},"author":143,"featured_media":64672,"parent":0,"menu_order":0,"comment_status":"closed","ping_status":"closed","template":"","meta":{"_acf_changed":false,"footnotes":""},"colt_type":[],"colt_products":[],"class_list":["post-35246","page","type-page","status-publish","has-post-thumbnail","hentry"],"acf":[],"yoast_head":"<!-- This site is optimized with the Yoast SEO plugin v26.8 - https:\/\/yoast.com\/product\/yoast-seo-wordpress\/ -->\n<title>Globale Netzwerkdienste &amp; Telekommunikationsanbieter | Colt | DE<\/title>\n<meta name=\"description\" content=\"Bereit f\u00fcr die Zukunft? Mit den Netzwerkdiensten von Colt gehen Sie auf Nummer sicher. Wir sind Ihr Telekommunikationsanbieter, wenn es um Global Network Services, Telefonie und Rechenzentren geht.\" \/>\n<meta name=\"robots\" content=\"noindex, follow, max-snippet:-1, max-image-preview:large, max-video-preview:-1\" \/>\n<meta property=\"og:locale\" content=\"de_DE\" \/>\n<meta property=\"og:type\" content=\"article\" \/>\n<meta property=\"og:title\" content=\"Globale Netzwerkdienste &amp; Telekommunikationsanbieter | Colt | DE\" \/>\n<meta property=\"og:description\" content=\"Bereit f\u00fcr die Zukunft? Mit den Netzwerkdiensten von Colt gehen Sie auf Nummer sicher. Wir sind Ihr Telekommunikationsanbieter, wenn es um Global Network Services, Telefonie und Rechenzentren geht.\" \/>\n<meta property=\"og:url\" content=\"https:\/\/legacy.colt.net\/de\/\" \/>\n<meta property=\"og:site_name\" content=\"Colt Technology Services\" \/>\n<meta property=\"article:publisher\" content=\"https:\/\/www.facebook.com\/ColtTechnologyServices\/\" \/>\n<meta property=\"article:modified_time\" content=\"2025-08-13T08:15:57+00:00\" \/>\n<meta property=\"og:image\" content=\"https:\/\/legacy.colt.net\/wp-content\/uploads\/2019\/10\/Colt-Logo.png\" \/>\n\t<meta property=\"og:image:width\" content=\"200\" \/>\n\t<meta property=\"og:image:height\" content=\"200\" \/>\n\t<meta property=\"og:image:type\" content=\"image\/png\" \/>\n<meta name=\"twitter:card\" content=\"summary_large_image\" \/>\n<meta name=\"twitter:image\" content=\"https:\/\/legacy.colt.net\/wp-content\/uploads\/2019\/10\/Colt-Logo.png\" \/>\n<meta name=\"twitter:site\" content=\"@colt_technology\" \/>\n<meta name=\"twitter:label1\" content=\"Est. reading time\" \/>\n\t<meta name=\"twitter:data1\" content=\"6 minutes\" \/>\n<script type=\"application\/ld+json\" class=\"yoast-schema-graph\">{\"@context\":\"https:\/\/schema.org\",\"@graph\":[{\"@type\":\"WebPage\",\"@id\":\"https:\/\/legacy.colt.net\/de\/\",\"url\":\"https:\/\/legacy.colt.net\/de\/\",\"name\":\"Globale Netzwerkdienste & Telekommunikationsanbieter | Colt | DE\",\"isPartOf\":{\"@id\":\"https:\/\/legacy.colt.net\/#website\"},\"primaryImageOfPage\":{\"@id\":\"https:\/\/legacy.colt.net\/de\/#primaryimage\"},\"image\":{\"@id\":\"https:\/\/legacy.colt.net\/de\/#primaryimage\"},\"thumbnailUrl\":\"https:\/\/legacy.colt.net\/wp-content\/uploads\/2019\/10\/Colt-Logo.png\",\"datePublished\":\"2018-10-30T08:49:06+00:00\",\"dateModified\":\"2025-08-13T08:15:57+00:00\",\"description\":\"Bereit f\u00fcr die Zukunft? Mit den Netzwerkdiensten von Colt gehen Sie auf Nummer sicher. Wir sind Ihr Telekommunikationsanbieter, wenn es um Global Network Services, Telefonie und Rechenzentren geht.\",\"breadcrumb\":{\"@id\":\"https:\/\/legacy.colt.net\/de\/#breadcrumb\"},\"inLanguage\":\"de-DE\",\"potentialAction\":[{\"@type\":\"ReadAction\",\"target\":[\"https:\/\/legacy.colt.net\/de\/\"]}]},{\"@type\":\"ImageObject\",\"inLanguage\":\"de-DE\",\"@id\":\"https:\/\/legacy.colt.net\/de\/#primaryimage\",\"url\":\"https:\/\/legacy.colt.net\/wp-content\/uploads\/2019\/10\/Colt-Logo.png\",\"contentUrl\":\"https:\/\/legacy.colt.net\/wp-content\/uploads\/2019\/10\/Colt-Logo.png\",\"width\":200,\"height\":200},{\"@type\":\"BreadcrumbList\",\"@id\":\"https:\/\/legacy.colt.net\/de\/#breadcrumb\",\"itemListElement\":[{\"@type\":\"ListItem\",\"position\":1,\"name\":\"Home\",\"item\":\"https:\/\/legacy.colt.net\/de\/\"},{\"@type\":\"ListItem\",\"position\":2,\"name\":\"Home DE\"}]},{\"@type\":\"WebSite\",\"@id\":\"https:\/\/legacy.colt.net\/#website\",\"url\":\"https:\/\/legacy.colt.net\/\",\"name\":\"Colt\u30c6\u30af\u30ce\u30ed\u30b8\u30fc\u30b5\u30fc\u30d3\u30b9\u682a\u5f0f\u4f1a\u793e\",\"description\":\"Managed Network &amp; Voice Services Provider\",\"publisher\":{\"@id\":\"https:\/\/legacy.colt.net\/#organization\"},\"potentialAction\":[{\"@type\":\"SearchAction\",\"target\":{\"@type\":\"EntryPoint\",\"urlTemplate\":\"https:\/\/legacy.colt.net\/?s={search_term_string}\"},\"query-input\":{\"@type\":\"PropertyValueSpecification\",\"valueRequired\":true,\"valueName\":\"search_term_string\"}}],\"inLanguage\":\"de-DE\"},{\"@type\":\"Organization\",\"@id\":\"https:\/\/legacy.colt.net\/#organization\",\"name\":\"Colt Technology Services\",\"url\":\"https:\/\/legacy.colt.net\/\",\"logo\":{\"@type\":\"ImageObject\",\"inLanguage\":\"de-DE\",\"@id\":\"https:\/\/legacy.colt.net\/#\/schema\/logo\/image\/\",\"url\":\"https:\/\/legacy.colt.net\/wp-content\/uploads\/2019\/02\/Colt-Logo.png\",\"contentUrl\":\"https:\/\/legacy.colt.net\/wp-content\/uploads\/2019\/02\/Colt-Logo.png\",\"width\":195,\"height\":77,\"caption\":\"Colt Technology Services\"},\"image\":{\"@id\":\"https:\/\/legacy.colt.net\/#\/schema\/logo\/image\/\"},\"sameAs\":[\"https:\/\/www.facebook.com\/ColtTechnologyServices\/\",\"https:\/\/x.com\/colt_technology\",\"https:\/\/www.instagram.com\/colttechnologyservices\/\",\"https:\/\/www.linkedin.com\/company\/colt-technology-services\",\"https:\/\/www.youtube.com\/user\/ColtTechnology\"]}]}<\/script>\n<!-- \/ Yoast SEO plugin. -->","yoast_head_json":{"title":"Globale Netzwerkdienste & Telekommunikationsanbieter | Colt | DE","description":"Bereit f\u00fcr die Zukunft? Mit den Netzwerkdiensten von Colt gehen Sie auf Nummer sicher. Wir sind Ihr Telekommunikationsanbieter, wenn es um Global Network Services, Telefonie und Rechenzentren geht.","robots":{"index":"noindex","follow":"follow","max-snippet":"max-snippet:-1","max-image-preview":"max-image-preview:large","max-video-preview":"max-video-preview:-1"},"og_locale":"de_DE","og_type":"article","og_title":"Globale Netzwerkdienste & Telekommunikationsanbieter | Colt | DE","og_description":"Bereit f\u00fcr die Zukunft? Mit den Netzwerkdiensten von Colt gehen Sie auf Nummer sicher. Wir sind Ihr Telekommunikationsanbieter, wenn es um Global Network Services, Telefonie und Rechenzentren geht.","og_url":"https:\/\/legacy.colt.net\/de\/","og_site_name":"Colt Technology Services","article_publisher":"https:\/\/www.facebook.com\/ColtTechnologyServices\/","article_modified_time":"2025-08-13T08:15:57+00:00","og_image":[{"width":200,"height":200,"url":"https:\/\/legacy.colt.net\/wp-content\/uploads\/2019\/10\/Colt-Logo.png","type":"image\/png"}],"twitter_card":"summary_large_image","twitter_image":"https:\/\/legacy.colt.net\/wp-content\/uploads\/2019\/10\/Colt-Logo.png","twitter_site":"@colt_technology","twitter_misc":{"Est. reading time":"6 minutes"},"schema":{"@context":"https:\/\/schema.org","@graph":[{"@type":"WebPage","@id":"https:\/\/legacy.colt.net\/de\/","url":"https:\/\/legacy.colt.net\/de\/","name":"Globale Netzwerkdienste & Telekommunikationsanbieter | Colt | DE","isPartOf":{"@id":"https:\/\/legacy.colt.net\/#website"},"primaryImageOfPage":{"@id":"https:\/\/legacy.colt.net\/de\/#primaryimage"},"image":{"@id":"https:\/\/legacy.colt.net\/de\/#primaryimage"},"thumbnailUrl":"https:\/\/legacy.colt.net\/wp-content\/uploads\/2019\/10\/Colt-Logo.png","datePublished":"2018-10-30T08:49:06+00:00","dateModified":"2025-08-13T08:15:57+00:00","description":"Bereit f\u00fcr die Zukunft? Mit den Netzwerkdiensten von Colt gehen Sie auf Nummer sicher. Wir sind Ihr Telekommunikationsanbieter, wenn es um Global Network Services, Telefonie und Rechenzentren geht.","breadcrumb":{"@id":"https:\/\/legacy.colt.net\/de\/#breadcrumb"},"inLanguage":"de-DE","potentialAction":[{"@type":"ReadAction","target":["https:\/\/legacy.colt.net\/de\/"]}]},{"@type":"ImageObject","inLanguage":"de-DE","@id":"https:\/\/legacy.colt.net\/de\/#primaryimage","url":"https:\/\/legacy.colt.net\/wp-content\/uploads\/2019\/10\/Colt-Logo.png","contentUrl":"https:\/\/legacy.colt.net\/wp-content\/uploads\/2019\/10\/Colt-Logo.png","width":200,"height":200},{"@type":"BreadcrumbList","@id":"https:\/\/legacy.colt.net\/de\/#breadcrumb","itemListElement":[{"@type":"ListItem","position":1,"name":"Home","item":"https:\/\/legacy.colt.net\/de\/"},{"@type":"ListItem","position":2,"name":"Home DE"}]},{"@type":"WebSite","@id":"https:\/\/legacy.colt.net\/#website","url":"https:\/\/legacy.colt.net\/","name":"Colt\u30c6\u30af\u30ce\u30ed\u30b8\u30fc\u30b5\u30fc\u30d3\u30b9\u682a\u5f0f\u4f1a\u793e","description":"Managed Network &amp; Voice Services Provider","publisher":{"@id":"https:\/\/legacy.colt.net\/#organization"},"potentialAction":[{"@type":"SearchAction","target":{"@type":"EntryPoint","urlTemplate":"https:\/\/legacy.colt.net\/?s={search_term_string}"},"query-input":{"@type":"PropertyValueSpecification","valueRequired":true,"valueName":"search_term_string"}}],"inLanguage":"de-DE"},{"@type":"Organization","@id":"https:\/\/legacy.colt.net\/#organization","name":"Colt Technology Services","url":"https:\/\/legacy.colt.net\/","logo":{"@type":"ImageObject","inLanguage":"de-DE","@id":"https:\/\/legacy.colt.net\/#\/schema\/logo\/image\/","url":"https:\/\/legacy.colt.net\/wp-content\/uploads\/2019\/02\/Colt-Logo.png","contentUrl":"https:\/\/legacy.colt.net\/wp-content\/uploads\/2019\/02\/Colt-Logo.png","width":195,"height":77,"caption":"Colt Technology Services"},"image":{"@id":"https:\/\/legacy.colt.net\/#\/schema\/logo\/image\/"},"sameAs":["https:\/\/www.facebook.com\/ColtTechnologyServices\/","https:\/\/x.com\/colt_technology","https:\/\/www.instagram.com\/colttechnologyservices\/","https:\/\/www.linkedin.com\/company\/colt-technology-services","https:\/\/www.youtube.com\/user\/ColtTechnology"]}]}},"_links":{"self":[{"href":"https:\/\/legacy.colt.net\/de\/wp-json\/wp\/v2\/pages\/35246","targetHints":{"allow":["GET"]}}],"collection":[{"href":"https:\/\/legacy.colt.net\/de\/wp-json\/wp\/v2\/pages"}],"about":[{"href":"https:\/\/legacy.colt.net\/de\/wp-json\/wp\/v2\/types\/page"}],"author":[{"embeddable":true,"href":"https:\/\/legacy.colt.net\/de\/wp-json\/wp\/v2\/users\/143"}],"replies":[{"embeddable":true,"href":"https:\/\/legacy.colt.net\/de\/wp-json\/wp\/v2\/comments?post=35246"}],"version-history":[{"count":0,"href":"https:\/\/legacy.colt.net\/de\/wp-json\/wp\/v2\/pages\/35246\/revisions"}],"wp:featuredmedia":[{"embeddable":true,"href":"https:\/\/legacy.colt.net\/de\/wp-json\/wp\/v2\/media\/64672"}],"wp:attachment":[{"href":"https:\/\/legacy.colt.net\/de\/wp-json\/wp\/v2\/media?parent=35246"}],"wp:term":[{"taxonomy":"colt_type","embeddable":true,"href":"https:\/\/legacy.colt.net\/de\/wp-json\/wp\/v2\/colt_type?post=35246"},{"taxonomy":"colt_products","embeddable":true,"href":"https:\/\/legacy.colt.net\/de\/wp-json\/wp\/v2\/colt_products?post=35246"}],"curies":[{"name":"wp","href":"https:\/\/api.w.org\/{rel}","templated":true}]}}