{"id":35232,"date":"2017-04-28T15:13:29","date_gmt":"2017-04-28T15:13:29","guid":{"rendered":"https:\/\/www.colt.net\/ethernet-sub\/"},"modified":"2021-02-18T09:18:08","modified_gmt":"2021-02-18T09:18:08","slug":"ethernet-sub","status":"publish","type":"page","link":"https:\/\/legacy.colt.net\/de\/ethernet-sub\/","title":{"rendered":"Ethernet"},"content":{"rendered":"\n<h1>\n\t<\/h1>\n<h2>\n\t\tProdukte &amp; Netzwerkservice\n\t<\/h2>\n\t<nav class=\"breadcrumb\"><span><span><a href=\"https:\/\/legacy.colt.net\/de\/\">Home<\/a><\/span><\/span><\/nav>\n\t<p>Reagieren Sie schneller auf neue Chancen: Mit einem mehrfach ausgezeichneten, globalen Ethernet Anschluss von Colt k\u00f6nnen Sie Ihr Unternehmen nahtlos vernetzen.<\/p>\n\t<a href=\"https:\/\/legacy.colt.net\/de\/product\/ethernet-line\/\" target=\"_self\" rel=\"noopener noreferrer\"><\/a> \n\t\t\t\t<img decoding=\"async\" src=\"https:\/\/legacy.colt.net\/wp-content\/uploads\/2021\/01\/Ethernet.png\" alt=\"Ethernet\" title=\"Ethernet\" \/>\n\t\t<h3>Ethernet Line<\/h3>\t\t\t\n\t\t\t\t<p>Kosteng\u00fcnstige, sichere und einfach zu managende Ethernetverbindung zwischen zwei Standorten.<\/p>\n\t<a href=\"https:\/\/legacy.colt.net\/de\/product\/ethernet-hub-spoke\/\" target=\"_self\" rel=\"noopener noreferrer\"><\/a> \n\t\t\t\t<img decoding=\"async\" src=\"https:\/\/legacy.colt.net\/wp-content\/uploads\/2021\/01\/IP-Access.png\" alt=\"IP Access\" title=\"IP Access\" \/>\n\t\t<h3>Ethernet Hub &amp; Spoke<\/h3>\t\t\t\n\t\t\t\t<p>Mit Ethernet H&amp;S l\u00e4sst sich eine gr\u00f6\u00dfere Anzahl von Standorten kosteng\u00fcnstig und mit \u00fcberschaubarem Verwaltungsaufwand an die Firmenzentrale, ein Rechenzentrum oder einen Carrier-PoP (Punkt-zu-Mehrpunkt-Service) anbinden.<\/p>\n\t<a href=\"https:\/\/legacy.colt.net\/de\/product\/ethernet-vpn\/\" target=\"_self\" rel=\"noopener noreferrer\"><\/a> \n\t\t\t\t<img decoding=\"async\" src=\"https:\/\/legacy.colt.net\/wp-content\/uploads\/2021\/01\/VPN.png\" alt=\"VPN\" title=\"VPN\" \/>\n\t\t<h3>Ethernet VPN<\/h3>\t\t\t\n\t\t\t\t<p>Ethernet VPN (Virtual Private Network) von Colt eignet sich ideal f\u00fcr die Verbindung von Standorten, die auf einen regelm\u00e4\u00dfigen und transparenten Datenaustausch untereinander angewiesen sind.<\/p>\n\t<a href=\"https:\/\/legacy.colt.net\/de\/product\/private-ethernet\/\" target=\"_self\" rel=\"noopener noreferrer\"><\/a> \n\t\t\t\t<img decoding=\"async\" src=\"https:\/\/legacy.colt.net\/wp-content\/uploads\/2021\/01\/IP-Guardian.png\" alt=\"IP Guardian\" title=\"IP Guardian\" \/>\n\t\t<h3>Private Ethernet<\/h3>\t\t\t\n\t\t\t\t<p>Private Ethernet nutzt Glasfaserleitungen und Hardware, die dem Kunden exklusiv zugeteilt sind. Das gew\u00e4hrleistet h\u00f6chste Sicherheit.<\/p>\n\n","protected":false},"excerpt":{"rendered":"<p>Produkte &amp; Netzwerkservice Reagieren Sie schneller auf neue Chancen: Mit einem mehrfach ausgezeichneten, globalen Ethernet Anschluss von Colt k\u00f6nnen Sie Ihr Unternehmen nahtlos vernetzen. Ethernet Line Kosteng\u00fcnstige, sichere und einfach zu managende Ethernetverbindung zwischen zwei Standorten. Ethernet Hub &amp; Spoke Mit Ethernet H&amp;S l\u00e4sst sich eine gr\u00f6\u00dfere Anzahl von Standorten kosteng\u00fcnstig und mit \u00fcberschaubarem Verwaltungsaufwand&#8230;<\/p>\n","protected":false},"author":2,"featured_media":0,"parent":0,"menu_order":0,"comment_status":"closed","ping_status":"closed","template":"","meta":{"_acf_changed":false,"footnotes":""},"colt_type":[],"colt_products":[1516],"class_list":["post-35232","page","type-page","status-publish","hentry","colt_products-ethernet"],"acf":[],"yoast_head":"<!-- This site is optimized with the Yoast SEO plugin v26.8 - https:\/\/yoast.com\/product\/yoast-seo-wordpress\/ -->\n<title>Ethernet | Colt Technology Services | DE<\/title>\n<meta name=\"description\" content=\"Mit einem mehrfach ausgezeichneten, globalen Ethernet Anschluss von Colt k\u00f6nnen Sie Ihr Unternehmen nahtlos vernetzen.\" \/>\n<meta name=\"robots\" content=\"noindex, follow, max-snippet:-1, max-image-preview:large, max-video-preview:-1\" \/>\n<meta property=\"og:locale\" content=\"de_DE\" \/>\n<meta property=\"og:type\" content=\"article\" \/>\n<meta property=\"og:title\" content=\"Ethernet | Colt Technology Services | DE\" \/>\n<meta property=\"og:description\" content=\"Mit einem mehrfach ausgezeichneten, globalen Ethernet Anschluss von Colt k\u00f6nnen Sie Ihr Unternehmen nahtlos vernetzen.\" \/>\n<meta property=\"og:url\" content=\"https:\/\/legacy.colt.net\/de\/ethernet-sub\/\" \/>\n<meta property=\"og:site_name\" content=\"Colt Technology Services\" \/>\n<meta property=\"article:publisher\" content=\"https:\/\/www.facebook.com\/ColtTechnologyServices\/\" \/>\n<meta property=\"article:modified_time\" content=\"2021-02-18T09:18:08+00:00\" \/>\n<meta property=\"og:image\" content=\"https:\/\/legacy.colt.net\/wp-content\/uploads\/2021\/01\/Brand-2021-Stock-11-1.jpg\" \/>\n\t<meta property=\"og:image:width\" content=\"1000\" \/>\n\t<meta property=\"og:image:height\" content=\"667\" \/>\n\t<meta property=\"og:image:type\" content=\"image\/jpeg\" \/>\n<meta name=\"twitter:card\" content=\"summary_large_image\" \/>\n<meta name=\"twitter:site\" content=\"@colt_technology\" \/>\n<meta name=\"twitter:label1\" content=\"Est. reading time\" \/>\n\t<meta name=\"twitter:data1\" content=\"1 minute\" \/>\n<script type=\"application\/ld+json\" class=\"yoast-schema-graph\">{\"@context\":\"https:\/\/schema.org\",\"@graph\":[{\"@type\":\"WebPage\",\"@id\":\"https:\/\/legacy.colt.net\/de\/ethernet-sub\/\",\"url\":\"https:\/\/legacy.colt.net\/de\/ethernet-sub\/\",\"name\":\"Ethernet | Colt Technology Services | DE\",\"isPartOf\":{\"@id\":\"https:\/\/legacy.colt.net\/#website\"},\"primaryImageOfPage\":{\"@id\":\"https:\/\/legacy.colt.net\/de\/ethernet-sub\/#primaryimage\"},\"image\":{\"@id\":\"https:\/\/legacy.colt.net\/de\/ethernet-sub\/#primaryimage\"},\"thumbnailUrl\":\"https:\/\/legacy.colt.net\/wp-content\/uploads\/2021\/01\/Ethernet.png\",\"datePublished\":\"2017-04-28T15:13:29+00:00\",\"dateModified\":\"2021-02-18T09:18:08+00:00\",\"description\":\"Mit einem mehrfach ausgezeichneten, globalen Ethernet Anschluss von Colt k\u00f6nnen Sie Ihr Unternehmen nahtlos vernetzen.\",\"breadcrumb\":{\"@id\":\"https:\/\/legacy.colt.net\/de\/ethernet-sub\/#breadcrumb\"},\"inLanguage\":\"de-DE\",\"potentialAction\":[{\"@type\":\"ReadAction\",\"target\":[\"https:\/\/legacy.colt.net\/de\/ethernet-sub\/\"]}]},{\"@type\":\"ImageObject\",\"inLanguage\":\"de-DE\",\"@id\":\"https:\/\/legacy.colt.net\/de\/ethernet-sub\/#primaryimage\",\"url\":\"https:\/\/legacy.colt.net\/wp-content\/uploads\/2021\/01\/Ethernet.png\",\"contentUrl\":\"https:\/\/legacy.colt.net\/wp-content\/uploads\/2021\/01\/Ethernet.png\"},{\"@type\":\"BreadcrumbList\",\"@id\":\"https:\/\/legacy.colt.net\/de\/ethernet-sub\/#breadcrumb\",\"itemListElement\":[{\"@type\":\"ListItem\",\"position\":1,\"name\":\"Home\",\"item\":\"https:\/\/legacy.colt.net\/de\/\"},{\"@type\":\"ListItem\",\"position\":2,\"name\":\"Ethernet\"}]},{\"@type\":\"WebSite\",\"@id\":\"https:\/\/legacy.colt.net\/#website\",\"url\":\"https:\/\/legacy.colt.net\/\",\"name\":\"Colt\u30c6\u30af\u30ce\u30ed\u30b8\u30fc\u30b5\u30fc\u30d3\u30b9\u682a\u5f0f\u4f1a\u793e\",\"description\":\"Managed Network &amp; Voice Services Provider\",\"publisher\":{\"@id\":\"https:\/\/legacy.colt.net\/#organization\"},\"potentialAction\":[{\"@type\":\"SearchAction\",\"target\":{\"@type\":\"EntryPoint\",\"urlTemplate\":\"https:\/\/legacy.colt.net\/?s={search_term_string}\"},\"query-input\":{\"@type\":\"PropertyValueSpecification\",\"valueRequired\":true,\"valueName\":\"search_term_string\"}}],\"inLanguage\":\"de-DE\"},{\"@type\":\"Organization\",\"@id\":\"https:\/\/legacy.colt.net\/#organization\",\"name\":\"Colt Technology Services\",\"url\":\"https:\/\/legacy.colt.net\/\",\"logo\":{\"@type\":\"ImageObject\",\"inLanguage\":\"de-DE\",\"@id\":\"https:\/\/legacy.colt.net\/#\/schema\/logo\/image\/\",\"url\":\"https:\/\/legacy.colt.net\/wp-content\/uploads\/2019\/02\/Colt-Logo.png\",\"contentUrl\":\"https:\/\/legacy.colt.net\/wp-content\/uploads\/2019\/02\/Colt-Logo.png\",\"width\":195,\"height\":77,\"caption\":\"Colt Technology Services\"},\"image\":{\"@id\":\"https:\/\/legacy.colt.net\/#\/schema\/logo\/image\/\"},\"sameAs\":[\"https:\/\/www.facebook.com\/ColtTechnologyServices\/\",\"https:\/\/x.com\/colt_technology\",\"https:\/\/www.instagram.com\/colttechnologyservices\/\",\"https:\/\/www.linkedin.com\/company\/colt-technology-services\",\"https:\/\/www.youtube.com\/user\/ColtTechnology\"]}]}<\/script>\n<!-- \/ Yoast SEO plugin. -->","yoast_head_json":{"title":"Ethernet | Colt Technology Services | DE","description":"Mit einem mehrfach ausgezeichneten, globalen Ethernet Anschluss von Colt k\u00f6nnen Sie Ihr Unternehmen nahtlos vernetzen.","robots":{"index":"noindex","follow":"follow","max-snippet":"max-snippet:-1","max-image-preview":"max-image-preview:large","max-video-preview":"max-video-preview:-1"},"og_locale":"de_DE","og_type":"article","og_title":"Ethernet | Colt Technology Services | DE","og_description":"Mit einem mehrfach ausgezeichneten, globalen Ethernet Anschluss von Colt k\u00f6nnen Sie Ihr Unternehmen nahtlos vernetzen.","og_url":"https:\/\/legacy.colt.net\/de\/ethernet-sub\/","og_site_name":"Colt Technology Services","article_publisher":"https:\/\/www.facebook.com\/ColtTechnologyServices\/","article_modified_time":"2021-02-18T09:18:08+00:00","og_image":[{"width":1000,"height":667,"url":"https:\/\/legacy.colt.net\/wp-content\/uploads\/2021\/01\/Brand-2021-Stock-11-1.jpg","type":"image\/jpeg"}],"twitter_card":"summary_large_image","twitter_site":"@colt_technology","twitter_misc":{"Est. reading time":"1 minute"},"schema":{"@context":"https:\/\/schema.org","@graph":[{"@type":"WebPage","@id":"https:\/\/legacy.colt.net\/de\/ethernet-sub\/","url":"https:\/\/legacy.colt.net\/de\/ethernet-sub\/","name":"Ethernet | Colt Technology Services | DE","isPartOf":{"@id":"https:\/\/legacy.colt.net\/#website"},"primaryImageOfPage":{"@id":"https:\/\/legacy.colt.net\/de\/ethernet-sub\/#primaryimage"},"image":{"@id":"https:\/\/legacy.colt.net\/de\/ethernet-sub\/#primaryimage"},"thumbnailUrl":"https:\/\/legacy.colt.net\/wp-content\/uploads\/2021\/01\/Ethernet.png","datePublished":"2017-04-28T15:13:29+00:00","dateModified":"2021-02-18T09:18:08+00:00","description":"Mit einem mehrfach ausgezeichneten, globalen Ethernet Anschluss von Colt k\u00f6nnen Sie Ihr Unternehmen nahtlos vernetzen.","breadcrumb":{"@id":"https:\/\/legacy.colt.net\/de\/ethernet-sub\/#breadcrumb"},"inLanguage":"de-DE","potentialAction":[{"@type":"ReadAction","target":["https:\/\/legacy.colt.net\/de\/ethernet-sub\/"]}]},{"@type":"ImageObject","inLanguage":"de-DE","@id":"https:\/\/legacy.colt.net\/de\/ethernet-sub\/#primaryimage","url":"https:\/\/legacy.colt.net\/wp-content\/uploads\/2021\/01\/Ethernet.png","contentUrl":"https:\/\/legacy.colt.net\/wp-content\/uploads\/2021\/01\/Ethernet.png"},{"@type":"BreadcrumbList","@id":"https:\/\/legacy.colt.net\/de\/ethernet-sub\/#breadcrumb","itemListElement":[{"@type":"ListItem","position":1,"name":"Home","item":"https:\/\/legacy.colt.net\/de\/"},{"@type":"ListItem","position":2,"name":"Ethernet"}]},{"@type":"WebSite","@id":"https:\/\/legacy.colt.net\/#website","url":"https:\/\/legacy.colt.net\/","name":"Colt\u30c6\u30af\u30ce\u30ed\u30b8\u30fc\u30b5\u30fc\u30d3\u30b9\u682a\u5f0f\u4f1a\u793e","description":"Managed Network &amp; Voice Services Provider","publisher":{"@id":"https:\/\/legacy.colt.net\/#organization"},"potentialAction":[{"@type":"SearchAction","target":{"@type":"EntryPoint","urlTemplate":"https:\/\/legacy.colt.net\/?s={search_term_string}"},"query-input":{"@type":"PropertyValueSpecification","valueRequired":true,"valueName":"search_term_string"}}],"inLanguage":"de-DE"},{"@type":"Organization","@id":"https:\/\/legacy.colt.net\/#organization","name":"Colt Technology Services","url":"https:\/\/legacy.colt.net\/","logo":{"@type":"ImageObject","inLanguage":"de-DE","@id":"https:\/\/legacy.colt.net\/#\/schema\/logo\/image\/","url":"https:\/\/legacy.colt.net\/wp-content\/uploads\/2019\/02\/Colt-Logo.png","contentUrl":"https:\/\/legacy.colt.net\/wp-content\/uploads\/2019\/02\/Colt-Logo.png","width":195,"height":77,"caption":"Colt Technology Services"},"image":{"@id":"https:\/\/legacy.colt.net\/#\/schema\/logo\/image\/"},"sameAs":["https:\/\/www.facebook.com\/ColtTechnologyServices\/","https:\/\/x.com\/colt_technology","https:\/\/www.instagram.com\/colttechnologyservices\/","https:\/\/www.linkedin.com\/company\/colt-technology-services","https:\/\/www.youtube.com\/user\/ColtTechnology"]}]}},"_links":{"self":[{"href":"https:\/\/legacy.colt.net\/de\/wp-json\/wp\/v2\/pages\/35232","targetHints":{"allow":["GET"]}}],"collection":[{"href":"https:\/\/legacy.colt.net\/de\/wp-json\/wp\/v2\/pages"}],"about":[{"href":"https:\/\/legacy.colt.net\/de\/wp-json\/wp\/v2\/types\/page"}],"author":[{"embeddable":true,"href":"https:\/\/legacy.colt.net\/de\/wp-json\/wp\/v2\/users\/2"}],"replies":[{"embeddable":true,"href":"https:\/\/legacy.colt.net\/de\/wp-json\/wp\/v2\/comments?post=35232"}],"version-history":[{"count":0,"href":"https:\/\/legacy.colt.net\/de\/wp-json\/wp\/v2\/pages\/35232\/revisions"}],"wp:attachment":[{"href":"https:\/\/legacy.colt.net\/de\/wp-json\/wp\/v2\/media?parent=35232"}],"wp:term":[{"taxonomy":"colt_type","embeddable":true,"href":"https:\/\/legacy.colt.net\/de\/wp-json\/wp\/v2\/colt_type?post=35232"},{"taxonomy":"colt_products","embeddable":true,"href":"https:\/\/legacy.colt.net\/de\/wp-json\/wp\/v2\/colt_products?post=35232"}],"curies":[{"name":"wp","href":"https:\/\/api.w.org\/{rel}","templated":true}]}}