{"id":35216,"date":"2019-03-07T09:33:57","date_gmt":"2019-03-07T09:33:57","guid":{"rendered":"https:\/\/www.colt.net\/gdpr\/"},"modified":"2019-04-02T21:16:06","modified_gmt":"2019-04-02T20:16:06","slug":"gdpr","status":"publish","type":"page","link":"https:\/\/legacy.colt.net\/de\/legal\/gdpr\/","title":{"rendered":"Datenschutz-Grundverordnung (DSGVO)"},"content":{"rendered":"\r\n<h1>\u00a0<\/h1>\r\n<nav class=\"breadcrumb\"><span><span><a href=\"https:\/\/legacy.colt.net\/de\/\">Home<\/a><\/span><\/span><\/nav>\r\n<p><strong>F\u00fcr Mitarbeiter\/innen, ehemalige Mitarbeiter\/innen und Kandidatinnen\/Kandidaten<\/strong><\/p>\r\n<p>Allgemeine Datenschutzbestimmungen (DSGVO) f\u00fcr Mitarbeiter\/innen, ehemalige Mitarbeiter\/innen und Kandidatinnen\/Kandidaten.<\/p>\r\n<p>A) Rechte des Einzelnen (Data Subject Access Rights)<br \/>Wenn Sie Ihre DSGVO-Rechte aus\u00fcben m\u00f6chten, w\u00e4hlen Sie bitte das entsprechende Formular aus und laden Sie es herunter. Sobald Sie es ausgef\u00fcllt und mit einer Kopie eines Ausweises versehen haben, senden Sie es bitte an\u00a0<a href=\"mailto:HRContactCentre@colt.net\">HRContactCentre@colt.net<\/a><\/p>\r\n<ul>\r\n<li><a href=\"https:\/\/legacy.colt.net\/wp-content\/uploads\/2018\/12\/Request-form-Right-to-access.docx\">Auskunftsrecht<\/a><\/li>\r\n<li><a href=\"https:\/\/legacy.colt.net\/wp-content\/uploads\/2018\/12\/Request-form-Right-to-rectification.docx\">Recht auf Berichtigung<\/a><\/li>\r\n<li><a href=\"https:\/\/legacy.colt.net\/wp-content\/uploads\/2018\/12\/Request-form-Right-to-erasure.docx\">Recht auf L\u00f6schung<\/a><\/li>\r\n<li><a href=\"https:\/\/legacy.colt.net\/wp-content\/uploads\/2018\/12\/Request-form-Right-to-portability.docx\">Recht auf Daten\u00fcbertragbarkeit<\/a><\/li>\r\n<li><a href=\"https:\/\/legacy.colt.net\/wp-content\/uploads\/2018\/12\/Request-form-Right-to-restrict.docx\">Recht auf Beschr\u00e4nkung<\/a><\/li>\r\n<li><a href=\"https:\/\/legacy.colt.net\/wp-content\/uploads\/2018\/12\/Request-form-Right-to-object.docx\">Widerspruchsrecht<\/a><\/li>\r\n<li><a href=\"https:\/\/legacy.colt.net\/wp-content\/uploads\/2018\/12\/Request-form-Right-to-Automated.docx\">Recht zur automatisierten Verarbeitung<\/a><\/li>\r\n<\/ul>\r\n<p>Weitere Informationen zu Ihren Zugriffsrechten finden Sie hier.<\/p>\r\n<p>B) Beschwerden \u00fcber Datenverarbeitung (Data Processing Complaints)<br \/>Wenn Sie sich \u00fcber die Verarbeitung Ihrer pers\u00f6nlichen Daten beschweren m\u00f6chten, laden Sie bitte das folgende Formular herunter, f\u00fcllen Sie es aus und senden Sie es mit einer Kopie eines Ausweises an\u00a0<a href=\"mailto:HRContactCentre@colt.net\">HRContactCentre@colt.net<\/a>\u00a0zur\u00fcck.<\/p>\r\n<ul>\r\n<li><a href=\"https:\/\/legacy.colt.net\/wp-content\/uploads\/2018\/12\/Personal-Data-Complaint-Form.docx\">Beschwerdeformular<\/a><\/li>\r\n<\/ul>\r\n<hr \/>\r\n<p><strong>F\u00fcr Kunden<\/strong><\/p>\r\n<p>Wenn Sie Ihre DSGVO-Rechte in Verbindung mit dem Ticket- und Abrechnungsservice geltend machen m\u00f6chten, w\u00e4hlen Sie bitte das entsprechende Formular aus und senden Sie es als Anhang zu einem Ticket, das Sie bei\u00a0<a href=\"https:\/\/prodidm.colt.net\/nidp\/idff\/sso?id=1706&amp;sid=0&amp;option=credential&amp;sid=0&amp;target=https:\/\/online.colt.net\/\" rel=\"noopener noreferrer\">Colt Online<\/a>\u00a0\u00f6ffnen. Sie k\u00f6nnen den Fortschritt\/Status anhand Ihrer Ticketreferenz auf Colt Online verfolgen.<\/p>\r\n<ul>\r\n<li><a href=\"https:\/\/legacy.colt.net\/wp-content\/uploads\/2018\/12\/Request-form-Right-to-access.docx\">Auskunftsrecht<\/a><\/li>\r\n<li><a href=\"https:\/\/legacy.colt.net\/wp-content\/uploads\/2018\/12\/Request-form-Right-to-rectification.docx\">Recht auf Berichtigung<\/a><\/li>\r\n<li><a href=\"https:\/\/legacy.colt.net\/wp-content\/uploads\/2018\/12\/Request-form-Right-to-erasure.docx\">Recht auf L\u00f6schung<\/a><\/li>\r\n<li><a href=\"https:\/\/legacy.colt.net\/wp-content\/uploads\/2018\/12\/Request-form-Right-to-portability.docx\">Recht auf Daten\u00fcbertragbarkeit<\/a><\/li>\r\n<\/ul>\r\n<p>Wenn sich Ihre DSGVO-Fragen auf ein anderes Thema beziehen, w\u00e4hlen Sie bitte das entsprechende Formular aus, f\u00fcllen Sie es aus und senden Sie es an\u00a0<a href=\"mailto:gdpr@colt.net\">gdpr@colt.net<\/a><\/p>\r\n","protected":false},"excerpt":{"rendered":"<p>\u00a0 F\u00fcr Mitarbeiter\/innen, ehemalige Mitarbeiter\/innen und Kandidatinnen\/Kandidaten Allgemeine Datenschutzbestimmungen (DSGVO) f\u00fcr Mitarbeiter\/innen, ehemalige Mitarbeiter\/innen und Kandidatinnen\/Kandidaten. A) Rechte des Einzelnen (Data Subject Access Rights)Wenn Sie Ihre DSGVO-Rechte aus\u00fcben m\u00f6chten, w\u00e4hlen Sie bitte das entsprechende Formular aus und laden Sie es herunter. Sobald Sie es ausgef\u00fcllt und mit einer Kopie eines Ausweises versehen haben, senden Sie&#8230;<\/p>\n","protected":false},"author":143,"featured_media":0,"parent":35256,"menu_order":0,"comment_status":"closed","ping_status":"closed","template":"","meta":{"_acf_changed":false,"footnotes":""},"colt_type":[],"colt_products":[],"class_list":["post-35216","page","type-page","status-publish","hentry"],"acf":[],"yoast_head":"<!-- This site is optimized with the Yoast SEO plugin v26.8 - https:\/\/yoast.com\/product\/yoast-seo-wordpress\/ -->\n<title>Datenschutz-Grundverordnung (DSGVO) - Colt Technology Services | DE<\/title>\n<meta name=\"description\" content=\"Allgemeine Datenschutzbestimmungen (DSGVO) f\u00fcr Mitarbeiter\/innen, ehemalige Mitarbeiter\/innen und Kandidatinnen\/Kandidaten.\" \/>\n<meta name=\"robots\" content=\"noindex, follow, max-snippet:-1, max-image-preview:large, max-video-preview:-1\" \/>\n<meta property=\"og:locale\" content=\"de_DE\" \/>\n<meta property=\"og:type\" content=\"article\" \/>\n<meta property=\"og:title\" content=\"Datenschutz-Grundverordnung (DSGVO) - Colt Technology Services | DE\" \/>\n<meta property=\"og:description\" content=\"Allgemeine Datenschutzbestimmungen (DSGVO) f\u00fcr Mitarbeiter\/innen, ehemalige Mitarbeiter\/innen und Kandidatinnen\/Kandidaten.\" \/>\n<meta property=\"og:url\" content=\"https:\/\/legacy.colt.net\/de\/legal\/gdpr\/\" \/>\n<meta property=\"og:site_name\" content=\"Colt Technology Services\" \/>\n<meta property=\"article:publisher\" content=\"https:\/\/www.facebook.com\/ColtTechnologyServices\/\" \/>\n<meta property=\"article:modified_time\" content=\"2019-04-02T20:16:06+00:00\" \/>\n<meta property=\"og:image\" content=\"https:\/\/legacy.colt.net\/wp-content\/uploads\/2021\/01\/Brand-2021-Stock-39.jpg\" \/>\n\t<meta property=\"og:image:width\" content=\"1000\" \/>\n\t<meta property=\"og:image:height\" content=\"667\" \/>\n\t<meta property=\"og:image:type\" content=\"image\/jpeg\" \/>\n<meta name=\"twitter:card\" content=\"summary_large_image\" \/>\n<meta name=\"twitter:site\" content=\"@colt_technology\" \/>\n<meta name=\"twitter:label1\" content=\"Est. reading time\" \/>\n\t<meta name=\"twitter:data1\" content=\"1 minute\" \/>\n<script type=\"application\/ld+json\" class=\"yoast-schema-graph\">{\"@context\":\"https:\/\/schema.org\",\"@graph\":[{\"@type\":\"WebPage\",\"@id\":\"https:\/\/legacy.colt.net\/de\/legal\/gdpr\/\",\"url\":\"https:\/\/legacy.colt.net\/de\/legal\/gdpr\/\",\"name\":\"Datenschutz-Grundverordnung (DSGVO) - Colt Technology Services | DE\",\"isPartOf\":{\"@id\":\"https:\/\/legacy.colt.net\/#website\"},\"datePublished\":\"2019-03-07T09:33:57+00:00\",\"dateModified\":\"2019-04-02T20:16:06+00:00\",\"description\":\"Allgemeine Datenschutzbestimmungen (DSGVO) f\u00fcr Mitarbeiter\/innen, ehemalige Mitarbeiter\/innen und Kandidatinnen\/Kandidaten.\",\"breadcrumb\":{\"@id\":\"https:\/\/legacy.colt.net\/de\/legal\/gdpr\/#breadcrumb\"},\"inLanguage\":\"de-DE\",\"potentialAction\":[{\"@type\":\"ReadAction\",\"target\":[\"https:\/\/legacy.colt.net\/de\/legal\/gdpr\/\"]}]},{\"@type\":\"BreadcrumbList\",\"@id\":\"https:\/\/legacy.colt.net\/de\/legal\/gdpr\/#breadcrumb\",\"itemListElement\":[{\"@type\":\"ListItem\",\"position\":1,\"name\":\"Home\",\"item\":\"https:\/\/legacy.colt.net\/de\/\"},{\"@type\":\"ListItem\",\"position\":2,\"name\":\"Impressum\",\"item\":\"https:\/\/legacy.colt.net\/de\/legal\/\"},{\"@type\":\"ListItem\",\"position\":3,\"name\":\"Datenschutz-Grundverordnung (DSGVO)\"}]},{\"@type\":\"WebSite\",\"@id\":\"https:\/\/legacy.colt.net\/#website\",\"url\":\"https:\/\/legacy.colt.net\/\",\"name\":\"Colt\u30c6\u30af\u30ce\u30ed\u30b8\u30fc\u30b5\u30fc\u30d3\u30b9\u682a\u5f0f\u4f1a\u793e\",\"description\":\"Managed Network &amp; Voice Services Provider\",\"publisher\":{\"@id\":\"https:\/\/legacy.colt.net\/#organization\"},\"potentialAction\":[{\"@type\":\"SearchAction\",\"target\":{\"@type\":\"EntryPoint\",\"urlTemplate\":\"https:\/\/legacy.colt.net\/?s={search_term_string}\"},\"query-input\":{\"@type\":\"PropertyValueSpecification\",\"valueRequired\":true,\"valueName\":\"search_term_string\"}}],\"inLanguage\":\"de-DE\"},{\"@type\":\"Organization\",\"@id\":\"https:\/\/legacy.colt.net\/#organization\",\"name\":\"Colt Technology Services\",\"url\":\"https:\/\/legacy.colt.net\/\",\"logo\":{\"@type\":\"ImageObject\",\"inLanguage\":\"de-DE\",\"@id\":\"https:\/\/legacy.colt.net\/#\/schema\/logo\/image\/\",\"url\":\"https:\/\/legacy.colt.net\/wp-content\/uploads\/2019\/02\/Colt-Logo.png\",\"contentUrl\":\"https:\/\/legacy.colt.net\/wp-content\/uploads\/2019\/02\/Colt-Logo.png\",\"width\":195,\"height\":77,\"caption\":\"Colt Technology Services\"},\"image\":{\"@id\":\"https:\/\/legacy.colt.net\/#\/schema\/logo\/image\/\"},\"sameAs\":[\"https:\/\/www.facebook.com\/ColtTechnologyServices\/\",\"https:\/\/x.com\/colt_technology\",\"https:\/\/www.instagram.com\/colttechnologyservices\/\",\"https:\/\/www.linkedin.com\/company\/colt-technology-services\",\"https:\/\/www.youtube.com\/user\/ColtTechnology\"]}]}<\/script>\n<!-- \/ Yoast SEO plugin. -->","yoast_head_json":{"title":"Datenschutz-Grundverordnung (DSGVO) - Colt Technology Services | DE","description":"Allgemeine Datenschutzbestimmungen (DSGVO) f\u00fcr Mitarbeiter\/innen, ehemalige Mitarbeiter\/innen und Kandidatinnen\/Kandidaten.","robots":{"index":"noindex","follow":"follow","max-snippet":"max-snippet:-1","max-image-preview":"max-image-preview:large","max-video-preview":"max-video-preview:-1"},"og_locale":"de_DE","og_type":"article","og_title":"Datenschutz-Grundverordnung (DSGVO) - Colt Technology Services | DE","og_description":"Allgemeine Datenschutzbestimmungen (DSGVO) f\u00fcr Mitarbeiter\/innen, ehemalige Mitarbeiter\/innen und Kandidatinnen\/Kandidaten.","og_url":"https:\/\/legacy.colt.net\/de\/legal\/gdpr\/","og_site_name":"Colt Technology Services","article_publisher":"https:\/\/www.facebook.com\/ColtTechnologyServices\/","article_modified_time":"2019-04-02T20:16:06+00:00","og_image":[{"width":1000,"height":667,"url":"https:\/\/legacy.colt.net\/wp-content\/uploads\/2021\/01\/Brand-2021-Stock-39.jpg","type":"image\/jpeg"}],"twitter_card":"summary_large_image","twitter_site":"@colt_technology","twitter_misc":{"Est. reading time":"1 minute"},"schema":{"@context":"https:\/\/schema.org","@graph":[{"@type":"WebPage","@id":"https:\/\/legacy.colt.net\/de\/legal\/gdpr\/","url":"https:\/\/legacy.colt.net\/de\/legal\/gdpr\/","name":"Datenschutz-Grundverordnung (DSGVO) - Colt Technology Services | DE","isPartOf":{"@id":"https:\/\/legacy.colt.net\/#website"},"datePublished":"2019-03-07T09:33:57+00:00","dateModified":"2019-04-02T20:16:06+00:00","description":"Allgemeine Datenschutzbestimmungen (DSGVO) f\u00fcr Mitarbeiter\/innen, ehemalige Mitarbeiter\/innen und Kandidatinnen\/Kandidaten.","breadcrumb":{"@id":"https:\/\/legacy.colt.net\/de\/legal\/gdpr\/#breadcrumb"},"inLanguage":"de-DE","potentialAction":[{"@type":"ReadAction","target":["https:\/\/legacy.colt.net\/de\/legal\/gdpr\/"]}]},{"@type":"BreadcrumbList","@id":"https:\/\/legacy.colt.net\/de\/legal\/gdpr\/#breadcrumb","itemListElement":[{"@type":"ListItem","position":1,"name":"Home","item":"https:\/\/legacy.colt.net\/de\/"},{"@type":"ListItem","position":2,"name":"Impressum","item":"https:\/\/legacy.colt.net\/de\/legal\/"},{"@type":"ListItem","position":3,"name":"Datenschutz-Grundverordnung (DSGVO)"}]},{"@type":"WebSite","@id":"https:\/\/legacy.colt.net\/#website","url":"https:\/\/legacy.colt.net\/","name":"Colt\u30c6\u30af\u30ce\u30ed\u30b8\u30fc\u30b5\u30fc\u30d3\u30b9\u682a\u5f0f\u4f1a\u793e","description":"Managed Network &amp; Voice Services Provider","publisher":{"@id":"https:\/\/legacy.colt.net\/#organization"},"potentialAction":[{"@type":"SearchAction","target":{"@type":"EntryPoint","urlTemplate":"https:\/\/legacy.colt.net\/?s={search_term_string}"},"query-input":{"@type":"PropertyValueSpecification","valueRequired":true,"valueName":"search_term_string"}}],"inLanguage":"de-DE"},{"@type":"Organization","@id":"https:\/\/legacy.colt.net\/#organization","name":"Colt Technology Services","url":"https:\/\/legacy.colt.net\/","logo":{"@type":"ImageObject","inLanguage":"de-DE","@id":"https:\/\/legacy.colt.net\/#\/schema\/logo\/image\/","url":"https:\/\/legacy.colt.net\/wp-content\/uploads\/2019\/02\/Colt-Logo.png","contentUrl":"https:\/\/legacy.colt.net\/wp-content\/uploads\/2019\/02\/Colt-Logo.png","width":195,"height":77,"caption":"Colt Technology Services"},"image":{"@id":"https:\/\/legacy.colt.net\/#\/schema\/logo\/image\/"},"sameAs":["https:\/\/www.facebook.com\/ColtTechnologyServices\/","https:\/\/x.com\/colt_technology","https:\/\/www.instagram.com\/colttechnologyservices\/","https:\/\/www.linkedin.com\/company\/colt-technology-services","https:\/\/www.youtube.com\/user\/ColtTechnology"]}]}},"_links":{"self":[{"href":"https:\/\/legacy.colt.net\/de\/wp-json\/wp\/v2\/pages\/35216","targetHints":{"allow":["GET"]}}],"collection":[{"href":"https:\/\/legacy.colt.net\/de\/wp-json\/wp\/v2\/pages"}],"about":[{"href":"https:\/\/legacy.colt.net\/de\/wp-json\/wp\/v2\/types\/page"}],"author":[{"embeddable":true,"href":"https:\/\/legacy.colt.net\/de\/wp-json\/wp\/v2\/users\/143"}],"replies":[{"embeddable":true,"href":"https:\/\/legacy.colt.net\/de\/wp-json\/wp\/v2\/comments?post=35216"}],"version-history":[{"count":0,"href":"https:\/\/legacy.colt.net\/de\/wp-json\/wp\/v2\/pages\/35216\/revisions"}],"up":[{"embeddable":true,"href":"https:\/\/legacy.colt.net\/de\/wp-json\/wp\/v2\/pages\/35256"}],"wp:attachment":[{"href":"https:\/\/legacy.colt.net\/de\/wp-json\/wp\/v2\/media?parent=35216"}],"wp:term":[{"taxonomy":"colt_type","embeddable":true,"href":"https:\/\/legacy.colt.net\/de\/wp-json\/wp\/v2\/colt_type?post=35216"},{"taxonomy":"colt_products","embeddable":true,"href":"https:\/\/legacy.colt.net\/de\/wp-json\/wp\/v2\/colt_products?post=35216"}],"curies":[{"name":"wp","href":"https:\/\/api.w.org\/{rel}","templated":true}]}}