{"id":35212,"date":"2018-05-08T08:29:00","date_gmt":"2018-05-08T08:29:00","guid":{"rendered":"https:\/\/www.colt.net\/cybersecurity\/"},"modified":"2022-01-11T15:44:14","modified_gmt":"2022-01-11T15:44:14","slug":"cybersecurity","status":"publish","type":"page","link":"https:\/\/legacy.colt.net\/de\/cybersecurity\/","title":{"rendered":"Cybersecurity Services"},"content":{"rendered":"\n<h1>\n\t<\/h1>\n<h2>\n\t\tProdukte und Services\n\t<\/h2>\n\t<nav class=\"breadcrumb\"><span><span><a href=\"https:\/\/legacy.colt.net\/de\/\">Home<\/a><\/span><\/span><\/nav>\n<h2>\n\t\tSch\u00fctzen Sie Ihr Netzwerk vor Cyberbedrohungen und Sicherheitsrisiken\n\t<\/h2>\n\t<p>Weltweit nehmen die Bedrohungen durch Cyberangriffe zu, sowohl in der Anzahl als auch in der Intensit\u00e4t. Bei Colt sch\u00fctzen wir Unternehmen mit umfassender sicherer Konnektivit\u00e4t durch eine Reihe von Services, darunter Firewalls, Secure Network Gateways, DDoS-Protection und Netzwerkverschl\u00fcsselung. Da effektive Sicherheit auf mehreren Ebenen beruht, bieten wir ganzheitliche Sicherheit mit Schutz an allen Schwachstellen: am Netzwerkrand und im -zentrum sowie entlang des Netzwerkpfads. Hier erhalten Sie einen \u00dcberblick unserer Cybersecurity Services:<\/p>\n\t\t\t<a href=\"https:\/\/legacy.colt.net\/wp-content\/uploads\/2021\/09\/Datasheet-Cybersecurity-DE-0821-1.pdf\" target=\"_self\" role=\"button\" rel=\"noopener\">\n\t\t\t\t\t\tCybersecurity Datenblatt\n\t\t\t\t\t<\/a>\n<h2>\n\t\tLesen Sie dazu den Fachbeitrag \u201eMit Sicherheit keine Kompromisse&#8221; im IT-DIRECTOR 12\/2021\n\t<\/h2>\n\t<p>Sven M\u00fcller, Portfolio Director IP and Security Services bei Colt, erkl\u00e4rt wie Sie Ihr Netzwerk erfolgreich vor Bedrohungen sch\u00fctzen:<\/p>\n<ul>\n<li>Wie Firewalls und Netz\u00fcberwachung bei Cyberbedrohungen Abhilfe schaffen.<\/li>\n<li>Weshalb automatisierte Sicherheitsfunktionen f\u00fcr Cloud-basierte Anwendungen unabdingbar sind.<\/li>\n<li>Warum Security Services f\u00fcr Homeoffice-Arbeitsmodelle eine gro\u00dfe Rolle spielen.<\/li>\n<\/ul>\n\t\t\t<a href=\"https:\/\/legacy.colt.net\/wp-content\/uploads\/2022\/01\/ITD_1220_s30-31-1.pdf\" target=\"_self\" role=\"button\" rel=\"noopener\">\n\t\t\t\t\t\tArtikel abrufen\n\t\t\t\t\t<\/a>\n\t\t\t\t<img loading=\"lazy\" decoding=\"async\" src=\"https:\/\/legacy.colt.net\/wp-content\/uploads\/2022\/01\/IT-DIRECTOR_Logo.png\" alt=\"IT-DIRECTOR_Logo\" itemprop=\"image\" height=\"490\" width=\"2170\" title=\"IT-DIRECTOR_Logo\" onerror=\"this.style.display='none'\"  \/>\n\t<a href=\"https:\/\/legacy.colt.net\/de\/product\/managed-firewall\/\" target=\"_self\" rel=\"noopener\"><\/a> \n\t\t\t\t<img decoding=\"async\" src=\"https:\/\/legacy.colt.net\/wp-content\/uploads\/2021\/01\/Managed-Firewall.png\" alt=\"Managed Firewall\" title=\"Managed Firewall\" itemprop=\"image\"\/>\n\t\t<h3>Managed Firewall<\/h3>\t\t\t\n\t\t\t\t<p>Sch\u00fctzen Sie Ihr Netzwerk und kritische Daten vor Cyberbedrohungen mit Managed Firewalls von Colt.<\/p>\n\t<a href=\"https:\/\/legacy.colt.net\/de\/product\/internet-security-ddos-mitigation-web-filter\/\" target=\"_self\" rel=\"noopener\"><\/a> \n\t\t\t\t<img decoding=\"async\" src=\"https:\/\/legacy.colt.net\/wp-content\/uploads\/2021\/01\/IP-Guardian.png\" alt=\"IP Guardian\" title=\"IP Guardian\" itemprop=\"image\"\/>\n\t\t<h3>DDoS Protection<\/h3>\t\t\t\n\t\t\t\t<p>Die Internetsicherheit geh\u00f6rt zu den gr\u00f6\u00dften Herausforderungen. Distributed Denial-of-Service-Angriffe (DDoS) k\u00f6nnen verheerende Auswirkungen haben.<\/p>\n\t<a href=\"https:\/\/legacy.colt.net\/de\/product\/encryption\/\" target=\"_self\" rel=\"noopener\"><\/a> \n\t\t\t\t<img decoding=\"async\" src=\"https:\/\/legacy.colt.net\/wp-content\/uploads\/2021\/01\/Encryption.png\" alt=\"Encryption\" title=\"Encryption\" itemprop=\"image\"\/>\n\t\t<h3>Netzverschl\u00fcsselung<\/h3>\t\t\t\n\t\t\t\t<p>Verschl\u00fcsseln Sie sensible Daten und den Sprachverkehr w\u00e4hrend der \u00dcbertragung \u00fcber das Colt IQ Network.<\/p>\n\t<a href=\"https:\/\/legacy.colt.net\/de\/product\/secure-network-gateway\/\" target=\"_self\" rel=\"noopener\"><\/a> \n\t\t\t\t<img decoding=\"async\" src=\"https:\/\/legacy.colt.net\/wp-content\/uploads\/2021\/01\/Connecting-your-enterprise-network-2.png\" alt=\"Connecting-your-enterprise-network-2\" title=\"Connecting-your-enterprise-network-2\" itemprop=\"image\"\/>\n\t\t<h3>Sicheres Netzwerkgateway<\/h3>\t\t\t\n\t\t\t\t<p>Sch\u00fctzen Sie Ihr Netzwerk mit der branchenf\u00fchrenden Security-as-a-Service-L\u00f6sung von Zscaler.<\/p>\n<h2>\n\t\tManaged Dedicated &#038; Virtual Firewall\n\t<\/h2>\n\t<p>Unsere Next Generation Firewall wird vollst\u00e4ndig von Colt verwaltet und bietet Perimetersicherheit, Application Awareness und Content Security, einschlie\u00dflich IDS\/IPS, Anti-Malware, URL-Filtering und SSL-Inspection. Sie haben die Wahl zwischen verschiedenen Managed Firewalls, um Ihre Sicherheitsanforderungen zu erf\u00fcllen und eine Balance zwischen Performance und Kosten zu finden.<\/p>\n<p>Option \u201eManaged Dedicated Firewall&#8221;<\/p>\n<ul>\n<li>Dediziert f\u00fcr einen einzelnen Kunden und beim Kunden installiert<\/li>\n<li>Erh\u00e4ltlich f\u00fcr Colt <a href=\"https:\/\/legacy.colt.net\/de\/product\/ip-access\/\">IP Access<\/a> und <a href=\"https:\/\/legacy.colt.net\/de\/product\/ip-vpn\/\">IP VPN<\/a><\/li>\n<li>Vielzahl von Features: Advanced Threat Prevention (ATP), Intrusion Detention and Prevention (IDP), Content- und Application Security<\/li>\n<\/ul>\n<p>Option \u201eManaged Virtual Firewall&#8221;<\/p>\n<ul>\n<li>Virtuelle Firewall-Instanz auf einer gemeinsam genutzten Infrastruktur; verf\u00fcgbar mit\u00a0<a href=\"https:\/\/legacy.colt.net\/de\/product\/ip-vpn\/\">Colt IP VPN<\/a><\/li>\n<li>Kosteng\u00fcnstige Firewall, die schnell bereitgestellt werden kann und den Betrieb einer dedizierten Firewall \u00fcberfl\u00fcssig macht<\/li>\n<li>Vollst\u00e4ndig durch Colt verwaltet<\/li>\n<li><\/li>\n<\/ul>\n<h2>\n\t\tNetzverschl\u00fcsselung\n\t<\/h2>\n\t<p>Unsere\u00a0<a href=\"https:\/\/legacy.colt.net\/de\/product\/encryption\/\">Netzwerkverschl\u00fcsselungsservices<\/a>\u00a0bieten Verschl\u00fcsselung auf optischer, Ethernet- oder IP-Ebene. Mit diesen flexiblen Bereitstellungsoptionen, der hohen Performance sowie der Einhaltung f\u00fchrender Verschl\u00fcsselungs- und Authentifizierungsstandards bieten die Colt Encryption Services ein H\u00f6chstma\u00df an Leistung und Sicherheit.<\/p>\n<ul>\n<li>Verschl\u00fcsselung f\u00fcr Colt\u00a0<a href=\"https:\/\/legacy.colt.net\/de\/product\/ethernet-line\/\">Ethernet Line<\/a>,\u00a0<a href=\"https:\/\/legacy.colt.net\/de\/product\/wave\/\">Wave<\/a> und\u00a0<a href=\"https:\/\/legacy.colt.net\/de\/product\/private-wave\/\">Private Wave<\/a>,\u00a0<a href=\"https:\/\/legacy.colt.net\/de\/product\/ip-vpn\/\">IP VPN<\/a>\u00a0und\u00a0<a href=\"https:\/\/legacy.colt.net\/de\/voice\/\">Voice<\/a><\/li>\n<li>Sch\u00fctzt Daten durch End-to-End-Verschl\u00fcsselung mit branchenf\u00fchrenden Verschl\u00fcsselungsmechanismen<\/li>\n<li>Schl\u00fcsselmanagement entweder durch Colt oder den Kunden<\/li>\n<li><\/li>\n<\/ul>\n<h2>\n\t\tDDoS Protection\n\t<\/h2>\n\t<p>Der DDoS-Protection-Service von Colt sch\u00fctzt Kunden automatisiert und ohne menschliches Eingreifen vor DDoS-Attacken und erm\u00f6glicht gleichzeitig weiterhin den legitimen Datenverkehr. Der direkt in unserem Netzwerkbackbone implementierte DDoS-Schutz blockiert effektiv hochvolumige Attacken, ohne dass ein manuelle Umleitung des Datenverkehrs oder GRE-Tunnel erforderlich sind.<\/p>\n<ul>\n<li>DDoS-Protection als Teil des Colt-Netzwerk-Backbone f\u00fcr Colt <a href=\"https:\/\/legacy.colt.net\/de\/product\/ip-access\/\">IP Access<\/a> Kunden<\/li>\n<li>Schutz wird an strategischen Standorten im globalen Colt-Netzwerk bereitgestellt und DDoS-Angriffe werden gestoppt, bevor sie Sie erreichen<\/li>\n<li>Vollautomatische Mitigation<\/li>\n<\/ul>\n<h2>\n\t\tSicheres Netzwerkgateway\n\t<\/h2>\n\t<p>Wir haben eine Partnerschaft mit Zscaler, um deren Securityl\u00f6sung als optionales Add-on zu unseren Netzwerkservices, einschlie\u00dflich Colt <a href=\"https:\/\/legacy.colt.net\/de\/product\/ip-access\/\">IP Access<\/a>, <a href=\"https:\/\/legacy.colt.net\/de\/product\/ip-vpn\/\">IP VPN<\/a> und branchenf\u00fchrenden <a href=\"https:\/\/legacy.colt.net\/de\/product\/sd-wan\/\">SD WAN<\/a><u> L\u00f6sungen<\/u>, anzubieten. Wir sind an verschiedenen Standorten weltweit direkt mit der Zscaler Cloud verbunden und leiten den Datenverkehr direkt an Zscaler weiter, um die Latenzen zu reduzieren und eine konsistente und verbesserte Benutzer- und Anwendungserfahrung zu gew\u00e4hrleisten.<\/p>\n<ul>\n<li>Cloud-basierte Zscaler-Securityl\u00f6sung, verf\u00fcgbar f\u00fcr Colt <a href=\"https:\/\/legacy.colt.net\/de\/product\/ip-access\/\">IP Access<\/a>, <a href=\"https:\/\/legacy.colt.net\/de\/product\/ip-vpn\/\">IP VPN<\/a> und <a href=\"https:\/\/legacy.colt.net\/de\/product\/sd-wan\/\">SD WAN<\/a><\/li>\n<li>Sichere Verbindung zum Internet, zur Public &amp; Private Cloud von jedem Standort aus: Rechenzentren, Niederlassungen und mobile Standorte<\/li>\n<li>Colt leitet den Datenverkehr durch die Zscaler Cloud, wo die Sicherheitsrichtlinien vom Kunden aktiviert und verwaltet werden<\/li>\n<\/ul>\n\t\n\t\t\t\t\t\t<h4 tabindex=\"0\">Ein Anbieter, dem Sie vertrauen k\u00f6nnen<\/h4>\n\t\t\t<p>Unsere Managed Security Services werden von Spezialisten in den Cyber Security Operations Centern (CSOC) von Colt verwaltet. Unsere Securityspezialisten verf\u00fcgen \u00fcber umfangreiche Erfahrung und Zertifizierungen und sind f\u00fcr die Securitytechnologien verschiedener Anbieter, das 24&#215;7-Management, das Design und die Implentierung der Sicherheitsl\u00f6sungen zust\u00e4ndig.<\/p>\n<p>Wir k\u00f6nnen Ihr Netzwerk sch\u00fctzen, die steigenden Sicherheitskosten einschr\u00e4nken und Ihre IT-Infrastruktur sch\u00fctzen, damit Sie sich auf Ihr Kerngesch\u00e4ft konzentrieren k\u00f6nnen.<\/p>\n\t\t\t\t\t\t<h4 tabindex=\"0\">Unser Cybersecurity Kundenportal<\/h4>\n\t\t\t<p>Wir bieten webbasierte, intuitive Portale f\u00fcr Firewall- und DDoS-Mitigation-Services. Diese erm\u00f6glichen Benutzern einen zentralen \u00dcberblick \u00fcber die Leistung ihrer Sicherheitsservices.<\/p>\n<p>Die Portale fungieren als erste Anlaufstelle f\u00fcr alle Analysen im Zusammenhang mit Ihren Securityservices. Sie erlauben eine umfassende Ansicht der Firewall-Konfigurationsdetails sowie der DDoS-Warnungen und des Mitigationsstatus.<\/p>\n\t\t\t\t\t\t<h4 tabindex=\"0\">Warum sollten Sie sich f\u00fcr die Cybersecurity Services von Colt entscheiden?<\/h4>\n\t\t\t<ul>\n<li>Eine zentrale Anlaufstelle f\u00fcr Netzwerkl\u00f6sungen und Security, um sicherzustellen, dass Sie eine durchg\u00e4ngige Kontrolle haben und um die Kosten f\u00fcr die Nutzung mehrerer Anbieter zu vermeiden.<\/li>\n<li>Bewahrt Sie vor Umsatzverlusten und sch\u00fctzt Ihre internen Informationen vor Betrug und sicherheitsbedingten Ausf\u00e4llen. Kontrolliert steigende IT-Sicherheitskosten und Betriebsprozesse.<\/li>\n<li>Eine Reihe von Serviceoptionen und Funktionsgruppen, die auf Ihre Sicherheits- und Gesch\u00e4ftsanforderungen zugeschnitten sind.<\/li>\n<li>Sicherheitskompetenz in greifbarer N\u00e4he reduziert die Gesamtbetriebskosten und h\u00e4lt mit der Technologie Schritt, da wir unsere Securityl\u00f6sungen und -technologien fortw\u00e4hrend aktualisieren, auch wenn unerwartet neue Bedrohungen auftauchen.<\/li>\n<\/ul>\n\t\t\t\t<p>[hubspot type=form portal=344164 id=2170edcf-5dc0-43d0-9163-53f4e9545a24]<\/p>\n\n","protected":false},"excerpt":{"rendered":"<p>Produkte und Services Sch\u00fctzen Sie Ihr Netzwerk vor Cyberbedrohungen und Sicherheitsrisiken Weltweit nehmen die Bedrohungen durch Cyberangriffe zu, sowohl in der Anzahl als auch in der Intensit\u00e4t. Bei Colt sch\u00fctzen wir Unternehmen mit umfassender sicherer Konnektivit\u00e4t durch eine Reihe von Services, darunter Firewalls, Secure Network Gateways, DDoS-Protection und Netzwerkverschl\u00fcsselung. Da effektive Sicherheit auf mehreren Ebenen&#8230;<\/p>\n","protected":false},"author":2,"featured_media":0,"parent":0,"menu_order":0,"comment_status":"closed","ping_status":"closed","template":"","meta":{"_acf_changed":false,"footnotes":""},"colt_type":[],"colt_products":[],"class_list":["post-35212","page","type-page","status-publish","hentry"],"acf":[],"yoast_head":"<!-- This site is optimized with the Yoast SEO plugin v26.8 - https:\/\/yoast.com\/product\/yoast-seo-wordpress\/ -->\n<title>Cybersecurity &amp; Managed Security Services | Colt Technology Services | DE<\/title>\n<meta name=\"description\" content=\"Colt Cybersecurity Services \u00fcberwachen, erkennen und sch\u00fctzen Ihre Daten- und IT-Infrastruktur vor Cyber-Bedrohungen und Sicherheitsvorf\u00e4llen.\" \/>\n<meta name=\"robots\" content=\"noindex, follow, max-snippet:-1, max-image-preview:large, max-video-preview:-1\" \/>\n<meta property=\"og:locale\" content=\"de_DE\" \/>\n<meta property=\"og:type\" content=\"article\" \/>\n<meta property=\"og:title\" content=\"Cybersecurity &amp; Managed Security Services | Colt Technology Services | DE\" \/>\n<meta property=\"og:description\" content=\"Colt Cybersecurity Services \u00fcberwachen, erkennen und sch\u00fctzen Ihre Daten- und IT-Infrastruktur vor Cyber-Bedrohungen und Sicherheitsvorf\u00e4llen.\" \/>\n<meta property=\"og:url\" content=\"https:\/\/legacy.colt.net\/de\/cybersecurity\/\" \/>\n<meta property=\"og:site_name\" content=\"Colt Technology Services\" \/>\n<meta property=\"article:publisher\" content=\"https:\/\/www.facebook.com\/ColtTechnologyServices\/\" \/>\n<meta property=\"article:modified_time\" content=\"2022-01-11T15:44:14+00:00\" \/>\n<meta property=\"og:image\" content=\"https:\/\/legacy.colt.net\/wp-content\/uploads\/2021\/01\/Brand-2021-Stock-20.jpg\" \/>\n\t<meta property=\"og:image:width\" content=\"1000\" \/>\n\t<meta property=\"og:image:height\" content=\"652\" \/>\n\t<meta property=\"og:image:type\" content=\"image\/jpeg\" \/>\n<meta name=\"twitter:card\" content=\"summary_large_image\" \/>\n<meta name=\"twitter:site\" content=\"@colt_technology\" \/>\n<meta name=\"twitter:label1\" content=\"Est. reading time\" \/>\n\t<meta name=\"twitter:data1\" content=\"4 minutes\" \/>\n<script type=\"application\/ld+json\" class=\"yoast-schema-graph\">{\"@context\":\"https:\/\/schema.org\",\"@graph\":[{\"@type\":\"WebPage\",\"@id\":\"https:\/\/legacy.colt.net\/de\/cybersecurity\/\",\"url\":\"https:\/\/legacy.colt.net\/de\/cybersecurity\/\",\"name\":\"Cybersecurity & Managed Security Services | Colt Technology Services | DE\",\"isPartOf\":{\"@id\":\"https:\/\/legacy.colt.net\/#website\"},\"primaryImageOfPage\":{\"@id\":\"https:\/\/legacy.colt.net\/de\/cybersecurity\/#primaryimage\"},\"image\":{\"@id\":\"https:\/\/legacy.colt.net\/de\/cybersecurity\/#primaryimage\"},\"thumbnailUrl\":\"https:\/\/legacy.colt.net\/wp-content\/uploads\/2022\/01\/IT-DIRECTOR_Logo.png\",\"datePublished\":\"2018-05-08T08:29:00+00:00\",\"dateModified\":\"2022-01-11T15:44:14+00:00\",\"description\":\"Colt Cybersecurity Services \u00fcberwachen, erkennen und sch\u00fctzen Ihre Daten- und IT-Infrastruktur vor Cyber-Bedrohungen und Sicherheitsvorf\u00e4llen.\",\"breadcrumb\":{\"@id\":\"https:\/\/legacy.colt.net\/de\/cybersecurity\/#breadcrumb\"},\"inLanguage\":\"de-DE\",\"potentialAction\":[{\"@type\":\"ReadAction\",\"target\":[\"https:\/\/legacy.colt.net\/de\/cybersecurity\/\"]}]},{\"@type\":\"ImageObject\",\"inLanguage\":\"de-DE\",\"@id\":\"https:\/\/legacy.colt.net\/de\/cybersecurity\/#primaryimage\",\"url\":\"https:\/\/legacy.colt.net\/wp-content\/uploads\/2022\/01\/IT-DIRECTOR_Logo.png\",\"contentUrl\":\"https:\/\/legacy.colt.net\/wp-content\/uploads\/2022\/01\/IT-DIRECTOR_Logo.png\"},{\"@type\":\"BreadcrumbList\",\"@id\":\"https:\/\/legacy.colt.net\/de\/cybersecurity\/#breadcrumb\",\"itemListElement\":[{\"@type\":\"ListItem\",\"position\":1,\"name\":\"Home\",\"item\":\"https:\/\/legacy.colt.net\/de\/\"},{\"@type\":\"ListItem\",\"position\":2,\"name\":\"Cybersecurity Services\"}]},{\"@type\":\"WebSite\",\"@id\":\"https:\/\/legacy.colt.net\/#website\",\"url\":\"https:\/\/legacy.colt.net\/\",\"name\":\"Colt\u30c6\u30af\u30ce\u30ed\u30b8\u30fc\u30b5\u30fc\u30d3\u30b9\u682a\u5f0f\u4f1a\u793e\",\"description\":\"Managed Network &amp; Voice Services Provider\",\"publisher\":{\"@id\":\"https:\/\/legacy.colt.net\/#organization\"},\"potentialAction\":[{\"@type\":\"SearchAction\",\"target\":{\"@type\":\"EntryPoint\",\"urlTemplate\":\"https:\/\/legacy.colt.net\/?s={search_term_string}\"},\"query-input\":{\"@type\":\"PropertyValueSpecification\",\"valueRequired\":true,\"valueName\":\"search_term_string\"}}],\"inLanguage\":\"de-DE\"},{\"@type\":\"Organization\",\"@id\":\"https:\/\/legacy.colt.net\/#organization\",\"name\":\"Colt Technology Services\",\"url\":\"https:\/\/legacy.colt.net\/\",\"logo\":{\"@type\":\"ImageObject\",\"inLanguage\":\"de-DE\",\"@id\":\"https:\/\/legacy.colt.net\/#\/schema\/logo\/image\/\",\"url\":\"https:\/\/legacy.colt.net\/wp-content\/uploads\/2019\/02\/Colt-Logo.png\",\"contentUrl\":\"https:\/\/legacy.colt.net\/wp-content\/uploads\/2019\/02\/Colt-Logo.png\",\"width\":195,\"height\":77,\"caption\":\"Colt Technology Services\"},\"image\":{\"@id\":\"https:\/\/legacy.colt.net\/#\/schema\/logo\/image\/\"},\"sameAs\":[\"https:\/\/www.facebook.com\/ColtTechnologyServices\/\",\"https:\/\/x.com\/colt_technology\",\"https:\/\/www.instagram.com\/colttechnologyservices\/\",\"https:\/\/www.linkedin.com\/company\/colt-technology-services\",\"https:\/\/www.youtube.com\/user\/ColtTechnology\"]}]}<\/script>\n<!-- \/ Yoast SEO plugin. -->","yoast_head_json":{"title":"Cybersecurity & Managed Security Services | Colt Technology Services | DE","description":"Colt Cybersecurity Services \u00fcberwachen, erkennen und sch\u00fctzen Ihre Daten- und IT-Infrastruktur vor Cyber-Bedrohungen und Sicherheitsvorf\u00e4llen.","robots":{"index":"noindex","follow":"follow","max-snippet":"max-snippet:-1","max-image-preview":"max-image-preview:large","max-video-preview":"max-video-preview:-1"},"og_locale":"de_DE","og_type":"article","og_title":"Cybersecurity & Managed Security Services | Colt Technology Services | DE","og_description":"Colt Cybersecurity Services \u00fcberwachen, erkennen und sch\u00fctzen Ihre Daten- und IT-Infrastruktur vor Cyber-Bedrohungen und Sicherheitsvorf\u00e4llen.","og_url":"https:\/\/legacy.colt.net\/de\/cybersecurity\/","og_site_name":"Colt Technology Services","article_publisher":"https:\/\/www.facebook.com\/ColtTechnologyServices\/","article_modified_time":"2022-01-11T15:44:14+00:00","og_image":[{"width":1000,"height":652,"url":"https:\/\/legacy.colt.net\/wp-content\/uploads\/2021\/01\/Brand-2021-Stock-20.jpg","type":"image\/jpeg"}],"twitter_card":"summary_large_image","twitter_site":"@colt_technology","twitter_misc":{"Est. reading time":"4 minutes"},"schema":{"@context":"https:\/\/schema.org","@graph":[{"@type":"WebPage","@id":"https:\/\/legacy.colt.net\/de\/cybersecurity\/","url":"https:\/\/legacy.colt.net\/de\/cybersecurity\/","name":"Cybersecurity & Managed Security Services | Colt Technology Services | DE","isPartOf":{"@id":"https:\/\/legacy.colt.net\/#website"},"primaryImageOfPage":{"@id":"https:\/\/legacy.colt.net\/de\/cybersecurity\/#primaryimage"},"image":{"@id":"https:\/\/legacy.colt.net\/de\/cybersecurity\/#primaryimage"},"thumbnailUrl":"https:\/\/legacy.colt.net\/wp-content\/uploads\/2022\/01\/IT-DIRECTOR_Logo.png","datePublished":"2018-05-08T08:29:00+00:00","dateModified":"2022-01-11T15:44:14+00:00","description":"Colt Cybersecurity Services \u00fcberwachen, erkennen und sch\u00fctzen Ihre Daten- und IT-Infrastruktur vor Cyber-Bedrohungen und Sicherheitsvorf\u00e4llen.","breadcrumb":{"@id":"https:\/\/legacy.colt.net\/de\/cybersecurity\/#breadcrumb"},"inLanguage":"de-DE","potentialAction":[{"@type":"ReadAction","target":["https:\/\/legacy.colt.net\/de\/cybersecurity\/"]}]},{"@type":"ImageObject","inLanguage":"de-DE","@id":"https:\/\/legacy.colt.net\/de\/cybersecurity\/#primaryimage","url":"https:\/\/legacy.colt.net\/wp-content\/uploads\/2022\/01\/IT-DIRECTOR_Logo.png","contentUrl":"https:\/\/legacy.colt.net\/wp-content\/uploads\/2022\/01\/IT-DIRECTOR_Logo.png"},{"@type":"BreadcrumbList","@id":"https:\/\/legacy.colt.net\/de\/cybersecurity\/#breadcrumb","itemListElement":[{"@type":"ListItem","position":1,"name":"Home","item":"https:\/\/legacy.colt.net\/de\/"},{"@type":"ListItem","position":2,"name":"Cybersecurity Services"}]},{"@type":"WebSite","@id":"https:\/\/legacy.colt.net\/#website","url":"https:\/\/legacy.colt.net\/","name":"Colt\u30c6\u30af\u30ce\u30ed\u30b8\u30fc\u30b5\u30fc\u30d3\u30b9\u682a\u5f0f\u4f1a\u793e","description":"Managed Network &amp; Voice Services Provider","publisher":{"@id":"https:\/\/legacy.colt.net\/#organization"},"potentialAction":[{"@type":"SearchAction","target":{"@type":"EntryPoint","urlTemplate":"https:\/\/legacy.colt.net\/?s={search_term_string}"},"query-input":{"@type":"PropertyValueSpecification","valueRequired":true,"valueName":"search_term_string"}}],"inLanguage":"de-DE"},{"@type":"Organization","@id":"https:\/\/legacy.colt.net\/#organization","name":"Colt Technology Services","url":"https:\/\/legacy.colt.net\/","logo":{"@type":"ImageObject","inLanguage":"de-DE","@id":"https:\/\/legacy.colt.net\/#\/schema\/logo\/image\/","url":"https:\/\/legacy.colt.net\/wp-content\/uploads\/2019\/02\/Colt-Logo.png","contentUrl":"https:\/\/legacy.colt.net\/wp-content\/uploads\/2019\/02\/Colt-Logo.png","width":195,"height":77,"caption":"Colt Technology Services"},"image":{"@id":"https:\/\/legacy.colt.net\/#\/schema\/logo\/image\/"},"sameAs":["https:\/\/www.facebook.com\/ColtTechnologyServices\/","https:\/\/x.com\/colt_technology","https:\/\/www.instagram.com\/colttechnologyservices\/","https:\/\/www.linkedin.com\/company\/colt-technology-services","https:\/\/www.youtube.com\/user\/ColtTechnology"]}]}},"_links":{"self":[{"href":"https:\/\/legacy.colt.net\/de\/wp-json\/wp\/v2\/pages\/35212","targetHints":{"allow":["GET"]}}],"collection":[{"href":"https:\/\/legacy.colt.net\/de\/wp-json\/wp\/v2\/pages"}],"about":[{"href":"https:\/\/legacy.colt.net\/de\/wp-json\/wp\/v2\/types\/page"}],"author":[{"embeddable":true,"href":"https:\/\/legacy.colt.net\/de\/wp-json\/wp\/v2\/users\/2"}],"replies":[{"embeddable":true,"href":"https:\/\/legacy.colt.net\/de\/wp-json\/wp\/v2\/comments?post=35212"}],"version-history":[{"count":0,"href":"https:\/\/legacy.colt.net\/de\/wp-json\/wp\/v2\/pages\/35212\/revisions"}],"wp:attachment":[{"href":"https:\/\/legacy.colt.net\/de\/wp-json\/wp\/v2\/media?parent=35212"}],"wp:term":[{"taxonomy":"colt_type","embeddable":true,"href":"https:\/\/legacy.colt.net\/de\/wp-json\/wp\/v2\/colt_type?post=35212"},{"taxonomy":"colt_products","embeddable":true,"href":"https:\/\/legacy.colt.net\/de\/wp-json\/wp\/v2\/colt_products?post=35212"}],"curies":[{"name":"wp","href":"https:\/\/api.w.org\/{rel}","templated":true}]}}