{"id":35208,"date":"2015-02-02T14:52:17","date_gmt":"2015-02-02T14:52:17","guid":{"rendered":"https:\/\/www.colt.net\/corporate-social-responsibility\/"},"modified":"2022-06-17T13:00:18","modified_gmt":"2022-06-17T12:00:18","slug":"community","status":"publish","type":"page","link":"https:\/\/legacy.colt.net\/de\/about\/community\/","title":{"rendered":"Our community"},"content":{"rendered":"\r\n<h1>Colt&#8217;s Corporate Social Responsibility (CSR)<\/h1>\r\n<p><strong>CSR Navigation:<\/strong><\/p>\r\n<p><a href=\"#colleagues\"><strong>Mitarbeiter<\/strong><\/a><\/p>\r\n<p><a href=\"#customers\"><strong>Lieferanten<\/strong><\/a><\/p>\r\n<p><a href=\"#community\"><strong>Umwelt<\/strong><\/a><\/p>\r\n<p><a href=\"#charity\"><strong>Soziales Umfeld<\/strong><\/a><\/p>\r\n<p>Colt ist bestrebt, gesch\u00e4ftlich erfolgreich und dabei ethisch verantwortungsvoll zu agieren. Gleichzeitig ist es unser Ziel, unsere Technologie und Kompetenz so einzusetzen, dass soziale und Umweltaspekte ber\u00fccksichtigt werden. Durch die kontinuierliche Optimierung der Energieeffizienz unserer Rechenzentren k\u00f6nnen wir dazu beitragen, verantwortlich und nachhaltig zu handeln. Wir halten unsere Mitarbeiter dazu an, sich in lokale Projekte einzubringen und \u00fcbernehmen Verantwortung daf\u00fcr, wie sich unsere Gesch\u00e4ftst\u00e4tigkeit auf unser soziales Umfeld auswirkt.<\/p>\r\n<p>Unser Engagement f\u00fcr Gesellschaft und Umwelt erstreckt sich auch auf die Weitergabe von Ideen an Kollegen und Kunden, die zu nachhaltigen positiven Ver\u00e4nderungen beitragen.<\/p>\r\n<p>Unser soziales und umweltpolitisches Engagement erstreckt sich auf vier zentrale Bereiche: Mitarbeiter, Kunden und Lieferanten; Umwelt und soziales Umfeld.<\/p>\r\n<p><img loading=\"lazy\" decoding=\"async\" title=\"Header-3\" src=\"https:\/\/legacy.colt.net\/wp-content\/uploads\/2019\/06\/Header-3.jpg\" alt=\"Header-3\" width=\"1200\" height=\"200\" \/><\/p>\r\n<h3><strong>Mitarbeiter<\/strong><\/h3>\r\n<p>Colt ist bestrebt, eine optimale Arbeitsumgebung f\u00fcr seine Mitarbeiter zu schaffen. Wir sind davon \u00fcberzeugt, dass vielf\u00e4ltige, motivierte und von den Unternehmenswerten \u00fcberzeugte Mitarbeiter mehr erreichen \u2013 f\u00fcr sich selbst, f\u00fcr ihre Kollegen und f\u00fcr das Unternehmen insgesamt.<\/p>\r\n<p>Unser Ethikkodex schafft die Voraussetzung daf\u00fcr, dass Colt alle Grunds\u00e4tze der Internationalen Arbeitsorganisation erf\u00fcllt. Alle Mitarbeiter von Colt m\u00fcssen mit diesem Ethikkodex vertraut sein. Colt steht f\u00fcr Vielfalt. Unsere \u00fcberregional g\u00fcltige Gleichstellungspolitik verhindert gesetzwidrige Diskriminierung am Arbeitsplatz.<\/p>\r\n<p>Die internationale Pr\u00e4senz von Colt schl\u00e4gt sich in einer vielf\u00e4ltigen Mitarbeiterstruktur nieder, in der sich 70 unterschiedliche Nationalit\u00e4ten finden. Aufgrund der multikulturellen Zusammensetzung unserer Teams k\u00f6nnen wir an den zahlreichen internationalen Colt-Standorten umso effektiver arbeiten.<\/p>\r\n<p><img loading=\"lazy\" decoding=\"async\" title=\"Header-2\" src=\"https:\/\/legacy.colt.net\/wp-content\/uploads\/2019\/06\/Header-2.jpg\" alt=\"Header-2\" width=\"1200\" height=\"200\" \/><\/p>\r\n<h3><strong>Lieferanten<\/strong><\/h3>\r\n<p>Wir helfen unseren Kunden und Lieferanten dabei, die Umwelt zu schonen, indem wir umweltfreundlichere, energiesparende Service Alternativen anbieten.<\/p>\r\n<p>Die Services von Colt in den Bereichen Network, Voice und\u00a0Data Centres tragen zu niedrigeren Emissionen bei.<\/p>\r\n<p>Wir verf\u00fcgen \u00fcber gute Voraussetzungen, unsere Kunden bei ihren Nachhaltigkeitsprogrammen zu unterst\u00fctzen, da unsere energieeffizienten Infrastrukturen einen Beitrag zur Reduzierung der Gesamtemissionen unserer Kunden leisten.<\/p>\r\n<p>Unsere Einkaufsabteilung hat die Aktivit\u00e4ten unserer wichtigsten strategischen Lieferanten im Bereich Umwelt und Gesellschaft analysiert. Im Rahmen dieser Analyse wurde eine Reihe von ethischen und umweltbezogenen Kontrollma\u00dfnahmen durchgef\u00fchrt, durch die sich unsere Kenntnis der umweltpolitischen und gesellschaftlichen Programme unserer Lieferanten und unsere F\u00e4higkeit zur Verhinderung entsprechender Risiken in unserer Lieferkette verbessert hat.<\/p>\r\n<p><img loading=\"lazy\" decoding=\"async\" title=\"Header-5\" src=\"https:\/\/legacy.colt.net\/wp-content\/uploads\/2019\/06\/Header-5.jpg\" alt=\"Header-5\" width=\"1200\" height=\"200\" \/><\/p>\r\n<h3>Unsere Aufgabe f\u00fcr die Gemeinschaft und unsere Umwelt<\/h3>\r\n<p>Colt nimmt die Rolle sehr ernst die wir nicht nur in unserer lokalen Gemeinschaft, sondern auch in der globalen Technologiebranche spielen.<\/p>\r\n<h4>Umweltmanagementsystem<\/h4>\r\n<p>Unser Umweltmanagementsystem entspricht der aktuellsten Norm ISO 14001:2015. Um unseren Einfluss auf die Umwelt und Lebensbedingungen auch f\u00fcr die benachbarten L\u00e4nder einsch\u00e4tzen zu k\u00f6nnen, hat Colt mehrere Schl\u00fcsselbereiche definiert:<\/p>\r\n<ul>\r\n<li>Der Klimawandel ist eine gro\u00dfe Herausforderung f\u00fcr den Technologiesektor, dem Colt durch seine best\u00e4ndige Weiterentwicklung der technischen M\u00f6glichkeiten, seine Notfallvorsorge- und Reaktionsma\u00dfnahmen begegnet. Wir steuern und \u00fcberwachen aktiv Naturkatastrophenrisiken wie \u00dcberschwemmungen und Erdbeben sowie \u00a0\u00a0\u00a0das Management der Umgebungstemperatur. Wir mildern diese Probleme durch sorgf\u00e4ltige Standort- und Standortplanung und den Einsatz der besten verf\u00fcgbaren Technologien f\u00fcr K\u00fchll\u00f6sungen.<\/li>\r\n<li>Die Logistik ist als ein wichtiger Bereich unseres Gesch\u00e4fts anerkannt, und wir haben intelligentere Liefer- und Lagerzentren eingef\u00fchrt, um die Transportwege zu verk\u00fcrzen und die Fahrzeugemissionen durch optimierte Lieferzeiten zu reduzieren.<\/li>\r\n<li>Nur durch eine gute und vorrausschauende \u00a0Planung l\u00e4sst sich die Umweltbelastung reduzieren. Durch eine Mischung aus unternehmerischen und lokalen Initiativen wird wiederverwendbare Technologie bereitgestellt (wir befolgen geeignete und verifizierte Sicherheitsprotokolle bei der Entsorgung sensibler Ger\u00e4te). Wir haben die Entsorgung unserer Altlasten verfeinert, um die Deponierung zu minimieren und die Energiegewinnung zu maximieren. Wir vereinbaren mit Herstellern und Lieferanten entsprechende Verpackungsreduzierungen.<\/li>\r\n<li>Der CO2-Ausstoss verbessert sich durch eine genaue Datenerfassung und -analyse, wobei wir die Emissionsdetails nun mit den Flug- und Reiseinformationen verkn\u00fcpfen. Wir senken den internen Papierverbrauch zunehmend durch die Nutzung von E-Invoicing.<\/li>\r\n<\/ul>\r\n<p>Colt wei\u00df, dass es noch mehr zu tun gibt, und aufbauend auf den Jahren 2018, 2019 und dar\u00fcber hinaus konzentrieren sich die Aktivit\u00e4ten auf die Verbesserung und nach Vollziehbarkeit der erhobenen Daten.<\/p>\r\n<h4>Gold-Bewertung von Ecovadis<\/h4>\r\n<p>Das Umwelt- und Nachhaltigkeitsprogramm von Colt macht gute Fortschritte. Die CSR-Experten von Ecovadis verliehen Colt nach Pr\u00fcfung unseres CSR-Programms den Gold-Status.<\/p>\r\n<p>Insbesondere beeindruckte das erfolgreiche Energieeffizienzprogramm von Colt, das in den letzten vier Jahren \u00fcber 17.000 t CO2 eingespart hat \u2013 ein eindrucksvoller Beleg unseres kontinuierlichen Engagements f\u00fcr die Reduzierung unseres \u00f6kologischen Fu\u00dfabdrucks.<\/p>\r\n<p><img loading=\"lazy\" decoding=\"async\" title=\"Header-1\" src=\"https:\/\/legacy.colt.net\/wp-content\/uploads\/2019\/06\/Header-1.jpg\" alt=\"Header-1\" width=\"1200\" height=\"200\" \/><\/p>\r\n<h3>Soziales Umfeld<\/h3>\r\n<p>Wir halten unsere Mitarbeiter dazu an, sich an unseren Standorten bei lokalen Wohlt\u00e4tigkeitsorganisationen zu engagieren, beispielsweise f\u00fcr benachteiligte Kinder und Jugendliche. Jeder Mitarbeiter von Colt erh\u00e4lt zwei Tage im Jahr frei, an denen er oder sie sich bei unserer lokalen sozialen Partnerorganisation oder f\u00fcr eine Organisation ihrer Wahl engagieren kann. Im Jahr 2014 haben sich Mitarbeiter von Colt \u00fcber 8.200 Stunden f\u00fcr soziale Zwecke engagiert, eine Steigerung von 99 % gegen\u00fcber 2013. Dadurch konnten wir eine erheblich gr\u00f6\u00dfere Summe f\u00fcr wohlt\u00e4tige Zwecke einsammeln.<\/p>\r\n<p>Colt wird sich auch in Zukunft f\u00fcr soziale und wohlt\u00e4tige Zwecke engagieren. Unser Ziel ist es, an allen unseren Standorten etwas zu Gunsten benachteiligter Kinder zu erreichen.<\/p>\r\n<p><img loading=\"lazy\" decoding=\"async\" title=\"Logo 1\" src=\"https:\/\/legacy.colt.net\/wp-content\/uploads\/2019\/06\/Logo-1.jpg\" alt=\"Logo 1\" width=\"1280\" height=\"800\" \/> <img loading=\"lazy\" decoding=\"async\" title=\"Logo 2\" src=\"https:\/\/legacy.colt.net\/wp-content\/uploads\/2019\/06\/Logo-2.jpg\" alt=\"Logo 2\" width=\"1280\" height=\"800\" \/> <img loading=\"lazy\" decoding=\"async\" title=\"Logo 3\" src=\"https:\/\/legacy.colt.net\/wp-content\/uploads\/2019\/06\/Logo-3.jpg\" alt=\"Logo 3\" width=\"1280\" height=\"800\" \/> <img loading=\"lazy\" decoding=\"async\" title=\"Logo 4\" src=\"https:\/\/legacy.colt.net\/wp-content\/uploads\/2019\/06\/Logo-4.jpg\" alt=\"Logo 4\" width=\"1280\" height=\"800\" \/> <img loading=\"lazy\" decoding=\"async\" title=\"Logo 5\" src=\"https:\/\/legacy.colt.net\/wp-content\/uploads\/2019\/06\/Logo-5-1.jpg\" alt=\"Logo 5\" width=\"1280\" height=\"800\" \/> <img loading=\"lazy\" decoding=\"async\" title=\"Logo 6\" src=\"https:\/\/legacy.colt.net\/wp-content\/uploads\/2019\/06\/Logo-6.jpg\" alt=\"Logo 6\" width=\"1280\" height=\"800\" \/> <img loading=\"lazy\" decoding=\"async\" title=\"Logo 7\" src=\"https:\/\/legacy.colt.net\/wp-content\/uploads\/2019\/06\/Logo-7.jpg\" alt=\"Logo 7\" width=\"1280\" height=\"800\" \/> <img loading=\"lazy\" decoding=\"async\" title=\"Logo 8\" src=\"https:\/\/legacy.colt.net\/wp-content\/uploads\/2019\/06\/Logo-8.jpg\" alt=\"Logo 8\" width=\"1280\" height=\"800\" \/> <img loading=\"lazy\" decoding=\"async\" title=\"Logo 9\" src=\"https:\/\/legacy.colt.net\/wp-content\/uploads\/2019\/06\/Logo-9.jpg\" alt=\"Logo 9\" width=\"1280\" height=\"800\" \/> <img loading=\"lazy\" decoding=\"async\" title=\"Logo 10\" src=\"https:\/\/legacy.colt.net\/wp-content\/uploads\/2019\/06\/Logo-10.jpg\" alt=\"Logo 10\" width=\"1280\" height=\"800\" \/> <img loading=\"lazy\" decoding=\"async\" title=\"Logo 11\" src=\"https:\/\/legacy.colt.net\/wp-content\/uploads\/2019\/06\/Logo-11.jpg\" alt=\"Logo 11\" width=\"1280\" height=\"800\" \/> <img loading=\"lazy\" decoding=\"async\" title=\"Logo 12\" src=\"https:\/\/legacy.colt.net\/wp-content\/uploads\/2019\/06\/Logo-12-1.jpg\" alt=\"Logo 12\" width=\"1280\" height=\"800\" \/> <img loading=\"lazy\" decoding=\"async\" title=\"Logo 13\" src=\"https:\/\/legacy.colt.net\/wp-content\/uploads\/2019\/06\/Logo-13.jpg\" alt=\"Logo 13\" width=\"1280\" height=\"800\" \/> <img loading=\"lazy\" decoding=\"async\" title=\"Logo 14\" src=\"https:\/\/legacy.colt.net\/wp-content\/uploads\/2019\/06\/Logo-14.jpg\" alt=\"Logo 14\" width=\"1280\" height=\"800\" \/> <img loading=\"lazy\" decoding=\"async\" title=\"Logo 16\" src=\"https:\/\/legacy.colt.net\/wp-content\/uploads\/2019\/06\/Logo-16.jpg\" alt=\"Logo 16\" width=\"1280\" height=\"800\" \/> <img loading=\"lazy\" decoding=\"async\" title=\"Logo 17\" src=\"https:\/\/legacy.colt.net\/wp-content\/uploads\/2019\/06\/Logo-17-1.jpg\" alt=\"Logo 17\" width=\"1280\" height=\"800\" \/> <img loading=\"lazy\" decoding=\"async\" title=\"Logo 18\" src=\"https:\/\/legacy.colt.net\/wp-content\/uploads\/2019\/06\/Logo-18.jpg\" alt=\"Logo 18\" width=\"1280\" height=\"800\" \/> <img loading=\"lazy\" decoding=\"async\" title=\"Logo 15\" src=\"https:\/\/legacy.colt.net\/wp-content\/uploads\/2019\/06\/Logo-15.jpg\" alt=\"Logo 15\" width=\"1280\" height=\"800\" \/> <img loading=\"lazy\" decoding=\"async\" title=\"Logo-21\" src=\"https:\/\/legacy.colt.net\/wp-content\/uploads\/2019\/06\/Logo-21.jpg\" alt=\"Logo-21\" width=\"800\" height=\"500\" \/> <img loading=\"lazy\" decoding=\"async\" title=\"Logo-22\" src=\"https:\/\/legacy.colt.net\/wp-content\/uploads\/2019\/06\/Logo-22.jpg\" alt=\"Logo-22\" width=\"800\" height=\"500\" \/><\/p>\r\n","protected":false},"excerpt":{"rendered":"<p>Colt&#8217;s Corporate Social Responsibility (CSR) CSR Navigation: Mitarbeiter Lieferanten Umwelt Soziales Umfeld Colt ist bestrebt, gesch\u00e4ftlich erfolgreich und dabei ethisch verantwortungsvoll zu agieren. Gleichzeitig ist es unser Ziel, unsere Technologie und Kompetenz so einzusetzen, dass soziale und Umweltaspekte ber\u00fccksichtigt werden. Durch die kontinuierliche Optimierung der Energieeffizienz unserer Rechenzentren k\u00f6nnen wir dazu beitragen, verantwortlich und nachhaltig&#8230;<\/p>\n","protected":false},"author":2,"featured_media":0,"parent":35617,"menu_order":0,"comment_status":"closed","ping_status":"closed","template":"","meta":{"_acf_changed":false,"footnotes":""},"colt_type":[],"colt_products":[],"class_list":["post-35208","page","type-page","status-publish","hentry"],"acf":[],"yoast_head":"<!-- This site is optimized with the Yoast SEO plugin v26.8 - https:\/\/yoast.com\/product\/yoast-seo-wordpress\/ -->\n<title>Corporate Social Responsiblity | Colt Technology Services | DE<\/title>\n<meta name=\"description\" content=\"Colt ist bestrebt, gesch\u00e4ftlich erfolgreich und dabei ethisch verantwortungsvoll zu agieren.\" \/>\n<meta name=\"robots\" content=\"noindex, follow, max-snippet:-1, max-image-preview:large, max-video-preview:-1\" \/>\n<meta property=\"og:locale\" content=\"de_DE\" \/>\n<meta property=\"og:type\" content=\"article\" \/>\n<meta property=\"og:title\" content=\"Corporate Social Responsiblity | Colt Technology Services | DE\" \/>\n<meta property=\"og:description\" content=\"Colt ist bestrebt, gesch\u00e4ftlich erfolgreich und dabei ethisch verantwortungsvoll zu agieren.\" \/>\n<meta property=\"og:url\" content=\"https:\/\/legacy.colt.net\/de\/about\/community\/\" \/>\n<meta property=\"og:site_name\" content=\"Colt Technology Services\" \/>\n<meta property=\"article:publisher\" content=\"https:\/\/www.facebook.com\/ColtTechnologyServices\/\" \/>\n<meta property=\"article:modified_time\" content=\"2022-06-17T12:00:18+00:00\" \/>\n<meta property=\"og:image\" content=\"https:\/\/legacy.colt.net\/wp-content\/uploads\/2019\/06\/Header-3.jpg\" \/>\n<meta name=\"twitter:card\" content=\"summary_large_image\" \/>\n<meta name=\"twitter:site\" content=\"@colt_technology\" \/>\n<meta name=\"twitter:label1\" content=\"Est. reading time\" \/>\n\t<meta name=\"twitter:data1\" content=\"4 minutes\" \/>\n<script type=\"application\/ld+json\" class=\"yoast-schema-graph\">{\"@context\":\"https:\/\/schema.org\",\"@graph\":[{\"@type\":\"WebPage\",\"@id\":\"https:\/\/legacy.colt.net\/de\/about\/community\/\",\"url\":\"https:\/\/legacy.colt.net\/de\/about\/community\/\",\"name\":\"Corporate Social Responsiblity | Colt Technology Services | DE\",\"isPartOf\":{\"@id\":\"https:\/\/legacy.colt.net\/#website\"},\"primaryImageOfPage\":{\"@id\":\"https:\/\/legacy.colt.net\/de\/about\/community\/#primaryimage\"},\"image\":{\"@id\":\"https:\/\/legacy.colt.net\/de\/about\/community\/#primaryimage\"},\"thumbnailUrl\":\"https:\/\/legacy.colt.net\/wp-content\/uploads\/2019\/06\/Header-3.jpg\",\"datePublished\":\"2015-02-02T14:52:17+00:00\",\"dateModified\":\"2022-06-17T12:00:18+00:00\",\"description\":\"Colt ist bestrebt, gesch\u00e4ftlich erfolgreich und dabei ethisch verantwortungsvoll zu agieren.\",\"breadcrumb\":{\"@id\":\"https:\/\/legacy.colt.net\/de\/about\/community\/#breadcrumb\"},\"inLanguage\":\"de-DE\",\"potentialAction\":[{\"@type\":\"ReadAction\",\"target\":[\"https:\/\/legacy.colt.net\/de\/about\/community\/\"]}]},{\"@type\":\"ImageObject\",\"inLanguage\":\"de-DE\",\"@id\":\"https:\/\/legacy.colt.net\/de\/about\/community\/#primaryimage\",\"url\":\"https:\/\/legacy.colt.net\/wp-content\/uploads\/2019\/06\/Header-3.jpg\",\"contentUrl\":\"https:\/\/legacy.colt.net\/wp-content\/uploads\/2019\/06\/Header-3.jpg\"},{\"@type\":\"BreadcrumbList\",\"@id\":\"https:\/\/legacy.colt.net\/de\/about\/community\/#breadcrumb\",\"itemListElement\":[{\"@type\":\"ListItem\",\"position\":1,\"name\":\"Home\",\"item\":\"https:\/\/legacy.colt.net\/de\/\"},{\"@type\":\"ListItem\",\"position\":2,\"name\":\"\u00dcber Colt\",\"item\":\"https:\/\/legacy.colt.net\/de\/about\/\"},{\"@type\":\"ListItem\",\"position\":3,\"name\":\"Our community\"}]},{\"@type\":\"WebSite\",\"@id\":\"https:\/\/legacy.colt.net\/#website\",\"url\":\"https:\/\/legacy.colt.net\/\",\"name\":\"Colt\u30c6\u30af\u30ce\u30ed\u30b8\u30fc\u30b5\u30fc\u30d3\u30b9\u682a\u5f0f\u4f1a\u793e\",\"description\":\"Managed Network &amp; Voice Services Provider\",\"publisher\":{\"@id\":\"https:\/\/legacy.colt.net\/#organization\"},\"potentialAction\":[{\"@type\":\"SearchAction\",\"target\":{\"@type\":\"EntryPoint\",\"urlTemplate\":\"https:\/\/legacy.colt.net\/?s={search_term_string}\"},\"query-input\":{\"@type\":\"PropertyValueSpecification\",\"valueRequired\":true,\"valueName\":\"search_term_string\"}}],\"inLanguage\":\"de-DE\"},{\"@type\":\"Organization\",\"@id\":\"https:\/\/legacy.colt.net\/#organization\",\"name\":\"Colt Technology Services\",\"url\":\"https:\/\/legacy.colt.net\/\",\"logo\":{\"@type\":\"ImageObject\",\"inLanguage\":\"de-DE\",\"@id\":\"https:\/\/legacy.colt.net\/#\/schema\/logo\/image\/\",\"url\":\"https:\/\/legacy.colt.net\/wp-content\/uploads\/2019\/02\/Colt-Logo.png\",\"contentUrl\":\"https:\/\/legacy.colt.net\/wp-content\/uploads\/2019\/02\/Colt-Logo.png\",\"width\":195,\"height\":77,\"caption\":\"Colt Technology Services\"},\"image\":{\"@id\":\"https:\/\/legacy.colt.net\/#\/schema\/logo\/image\/\"},\"sameAs\":[\"https:\/\/www.facebook.com\/ColtTechnologyServices\/\",\"https:\/\/x.com\/colt_technology\",\"https:\/\/www.instagram.com\/colttechnologyservices\/\",\"https:\/\/www.linkedin.com\/company\/colt-technology-services\",\"https:\/\/www.youtube.com\/user\/ColtTechnology\"]}]}<\/script>\n<!-- \/ Yoast SEO plugin. -->","yoast_head_json":{"title":"Corporate Social Responsiblity | Colt Technology Services | DE","description":"Colt ist bestrebt, gesch\u00e4ftlich erfolgreich und dabei ethisch verantwortungsvoll zu agieren.","robots":{"index":"noindex","follow":"follow","max-snippet":"max-snippet:-1","max-image-preview":"max-image-preview:large","max-video-preview":"max-video-preview:-1"},"og_locale":"de_DE","og_type":"article","og_title":"Corporate Social Responsiblity | Colt Technology Services | DE","og_description":"Colt ist bestrebt, gesch\u00e4ftlich erfolgreich und dabei ethisch verantwortungsvoll zu agieren.","og_url":"https:\/\/legacy.colt.net\/de\/about\/community\/","og_site_name":"Colt Technology Services","article_publisher":"https:\/\/www.facebook.com\/ColtTechnologyServices\/","article_modified_time":"2022-06-17T12:00:18+00:00","og_image":[{"url":"https:\/\/legacy.colt.net\/wp-content\/uploads\/2019\/06\/Header-3.jpg","type":"","width":"","height":""}],"twitter_card":"summary_large_image","twitter_site":"@colt_technology","twitter_misc":{"Est. reading time":"4 minutes"},"schema":{"@context":"https:\/\/schema.org","@graph":[{"@type":"WebPage","@id":"https:\/\/legacy.colt.net\/de\/about\/community\/","url":"https:\/\/legacy.colt.net\/de\/about\/community\/","name":"Corporate Social Responsiblity | Colt Technology Services | DE","isPartOf":{"@id":"https:\/\/legacy.colt.net\/#website"},"primaryImageOfPage":{"@id":"https:\/\/legacy.colt.net\/de\/about\/community\/#primaryimage"},"image":{"@id":"https:\/\/legacy.colt.net\/de\/about\/community\/#primaryimage"},"thumbnailUrl":"https:\/\/legacy.colt.net\/wp-content\/uploads\/2019\/06\/Header-3.jpg","datePublished":"2015-02-02T14:52:17+00:00","dateModified":"2022-06-17T12:00:18+00:00","description":"Colt ist bestrebt, gesch\u00e4ftlich erfolgreich und dabei ethisch verantwortungsvoll zu agieren.","breadcrumb":{"@id":"https:\/\/legacy.colt.net\/de\/about\/community\/#breadcrumb"},"inLanguage":"de-DE","potentialAction":[{"@type":"ReadAction","target":["https:\/\/legacy.colt.net\/de\/about\/community\/"]}]},{"@type":"ImageObject","inLanguage":"de-DE","@id":"https:\/\/legacy.colt.net\/de\/about\/community\/#primaryimage","url":"https:\/\/legacy.colt.net\/wp-content\/uploads\/2019\/06\/Header-3.jpg","contentUrl":"https:\/\/legacy.colt.net\/wp-content\/uploads\/2019\/06\/Header-3.jpg"},{"@type":"BreadcrumbList","@id":"https:\/\/legacy.colt.net\/de\/about\/community\/#breadcrumb","itemListElement":[{"@type":"ListItem","position":1,"name":"Home","item":"https:\/\/legacy.colt.net\/de\/"},{"@type":"ListItem","position":2,"name":"\u00dcber Colt","item":"https:\/\/legacy.colt.net\/de\/about\/"},{"@type":"ListItem","position":3,"name":"Our community"}]},{"@type":"WebSite","@id":"https:\/\/legacy.colt.net\/#website","url":"https:\/\/legacy.colt.net\/","name":"Colt\u30c6\u30af\u30ce\u30ed\u30b8\u30fc\u30b5\u30fc\u30d3\u30b9\u682a\u5f0f\u4f1a\u793e","description":"Managed Network &amp; Voice Services Provider","publisher":{"@id":"https:\/\/legacy.colt.net\/#organization"},"potentialAction":[{"@type":"SearchAction","target":{"@type":"EntryPoint","urlTemplate":"https:\/\/legacy.colt.net\/?s={search_term_string}"},"query-input":{"@type":"PropertyValueSpecification","valueRequired":true,"valueName":"search_term_string"}}],"inLanguage":"de-DE"},{"@type":"Organization","@id":"https:\/\/legacy.colt.net\/#organization","name":"Colt Technology Services","url":"https:\/\/legacy.colt.net\/","logo":{"@type":"ImageObject","inLanguage":"de-DE","@id":"https:\/\/legacy.colt.net\/#\/schema\/logo\/image\/","url":"https:\/\/legacy.colt.net\/wp-content\/uploads\/2019\/02\/Colt-Logo.png","contentUrl":"https:\/\/legacy.colt.net\/wp-content\/uploads\/2019\/02\/Colt-Logo.png","width":195,"height":77,"caption":"Colt Technology Services"},"image":{"@id":"https:\/\/legacy.colt.net\/#\/schema\/logo\/image\/"},"sameAs":["https:\/\/www.facebook.com\/ColtTechnologyServices\/","https:\/\/x.com\/colt_technology","https:\/\/www.instagram.com\/colttechnologyservices\/","https:\/\/www.linkedin.com\/company\/colt-technology-services","https:\/\/www.youtube.com\/user\/ColtTechnology"]}]}},"_links":{"self":[{"href":"https:\/\/legacy.colt.net\/de\/wp-json\/wp\/v2\/pages\/35208","targetHints":{"allow":["GET"]}}],"collection":[{"href":"https:\/\/legacy.colt.net\/de\/wp-json\/wp\/v2\/pages"}],"about":[{"href":"https:\/\/legacy.colt.net\/de\/wp-json\/wp\/v2\/types\/page"}],"author":[{"embeddable":true,"href":"https:\/\/legacy.colt.net\/de\/wp-json\/wp\/v2\/users\/2"}],"replies":[{"embeddable":true,"href":"https:\/\/legacy.colt.net\/de\/wp-json\/wp\/v2\/comments?post=35208"}],"version-history":[{"count":0,"href":"https:\/\/legacy.colt.net\/de\/wp-json\/wp\/v2\/pages\/35208\/revisions"}],"up":[{"embeddable":true,"href":"https:\/\/legacy.colt.net\/de\/wp-json\/wp\/v2\/pages\/35617"}],"wp:attachment":[{"href":"https:\/\/legacy.colt.net\/de\/wp-json\/wp\/v2\/media?parent=35208"}],"wp:term":[{"taxonomy":"colt_type","embeddable":true,"href":"https:\/\/legacy.colt.net\/de\/wp-json\/wp\/v2\/colt_type?post=35208"},{"taxonomy":"colt_products","embeddable":true,"href":"https:\/\/legacy.colt.net\/de\/wp-json\/wp\/v2\/colt_products?post=35208"}],"curies":[{"name":"wp","href":"https:\/\/api.w.org\/{rel}","templated":true}]}}