{"id":35204,"date":"2017-03-31T12:34:26","date_gmt":"2017-03-31T12:34:26","guid":{"rendered":"https:\/\/www.colt.net\/global-network\/"},"modified":"2025-08-19T09:24:41","modified_gmt":"2025-08-19T08:24:41","slug":"global-network","status":"publish","type":"page","link":"https:\/\/legacy.colt.net\/de\/global-network\/","title":{"rendered":"Colts IQ Netzwerkinfrastruktur"},"content":{"rendered":"\n<h1>\n\t\t\tColts IQ Netzwerkinfrastruktur\t<\/h1>\n\t<nav class=\"breadcrumb\"><span><span><a href=\"https:\/\/legacy.colt.net\/de\/\">Home<\/a><\/span><\/span><\/nav>\n\t<h3>Unser hochverf\u00fcgbares und sicheres Netz erstreckt sich \u00fcber vier Kontinente und 32 L\u00e4nder.<\/h3>\n<p>Die Colt IQ Netzwerkinfrastruktur ist f\u00fcr 400 Gbit\/s optimiert und erreicht \u00fcber 1.000 Rechenzentren und Carrier-Hotels weltweit. Erstklassige Servicequalit\u00e4t und Optimierung f\u00fcr SDN, NFV und Cloud-Services verstehen sich von selbst.<\/p>\n<p>Das Colt IQ Netz erstreckt sich \u00fcber vier Kontinente und bildet die Basis f\u00fcr unsere Technologie- und Kommunikationsdienstleistungen. Wir sind in 32 L\u00e4ndern in Europa, Asien und den USA pr\u00e4sent und k\u00f6nnen durch entsprechende Vertr\u00e4ge mit weiteren Providern eine fl\u00e4chendeckende globale Glasfaser-Verf\u00fcgbarkeit gew\u00e4hrleisten.<\/p>\n\t\t\t\t<img decoding=\"async\" src=\"https:\/\/legacy.colt.net\/wp-content\/uploads\/2022\/07\/Colt-IQ-network-Logo_Social-2-copy-1.png\" alt=\"Colt-IQ-network-Logo_Social 2 copy\" title=\"Colt-IQ-network-Logo_Social 2 copy\" itemprop=\"image\"  \/>\n\t<h2>Mehr Informationen:<\/h2>\n\t<a href=\"https:\/\/legacy.colt.net\/de\/coverage-maps\/\" target=\"_self\"  aria-label=\"Gehe zu https:\/\/legacy.colt.net\/de\/coverage-maps\/\"><\/a>\n\t\t\t\t<img decoding=\"async\" src=\"https:\/\/legacy.colt.net\/wp-content\/uploads\/2019\/02\/Ethernet.jpg\" alt=\"Ethernet\" title=\"Ethernet\" itemprop=\"image\"\/>\n\t\t<h3>Netzwerk\u00fcbersicht<\/h3>\t\t\t\n\t\t\t\t<p>Unser hochverf\u00fcgbares, sicheres Netz mit Colt-eigener Infrastruktur erstreckt sich \u00fcber vier Kontinente und 32 L\u00e4nder.<\/p>\n\t<a href=\"https:\/\/legacy.colt.net\/de\/colt-network-map\/\" target=\"_self\"  aria-label=\"Gehe zu https:\/\/legacy.colt.net\/de\/colt-network-map\/\"><\/a>\n\t\t\t\t<img decoding=\"async\" src=\"https:\/\/legacy.colt.net\/wp-content\/uploads\/2019\/02\/banner5.jpg\" alt=\"banner5\" title=\"banner5\" itemprop=\"image\"\/>\n\t\t<h3>Ist Ihr Standort angeschlossen?<\/h3>\t\t\t\n\t\t\t\t<p>Ist Ihr Unternehmen bereits an das Colt Glasfasernetz angeschlossen? Machen Sie hier den Verf\u00fcgbarkeits-Check.<\/p>\n\t<a href=\"https:\/\/legacy.colt.net\/de\/facts-figures\/\" target=\"_self\"  aria-label=\"Gehe zu https:\/\/legacy.colt.net\/de\/facts-figures\/\"><\/a>\n\t\t\t\t<img decoding=\"async\" src=\"https:\/\/legacy.colt.net\/wp-content\/uploads\/2019\/02\/0B4A9923-1.jpg\" alt=\"0B4A9923-1\" title=\"0B4A9923-1\" itemprop=\"image\"\/>\n\t\t<h3>Fakten<\/h3>\t\t\t\n\t\t\t\t<p>Alles rund um unsere Weltklasse-Services<\/p>\n\n","protected":false},"excerpt":{"rendered":"<p>Colts IQ Netzwerkinfrastruktur Unser hochverf\u00fcgbares und sicheres Netz erstreckt sich \u00fcber vier Kontinente und 32 L\u00e4nder. Die Colt IQ Netzwerkinfrastruktur ist f\u00fcr 400 Gbit\/s optimiert und erreicht \u00fcber 1.000 Rechenzentren und Carrier-Hotels weltweit. Erstklassige Servicequalit\u00e4t und Optimierung f\u00fcr SDN, NFV und Cloud-Services verstehen sich von selbst. Das Colt IQ Netz erstreckt sich \u00fcber vier Kontinente&#8230;<\/p>\n","protected":false},"author":2,"featured_media":0,"parent":0,"menu_order":0,"comment_status":"closed","ping_status":"closed","template":"","meta":{"_acf_changed":false,"footnotes":""},"colt_type":[],"colt_products":[],"class_list":["post-35204","page","type-page","status-publish","hentry"],"acf":[],"yoast_head":"<!-- This site is optimized with the Yoast SEO plugin v26.8 - https:\/\/yoast.com\/product\/yoast-seo-wordpress\/ -->\n<title>Colts IQ Netzwerkinfrastruktur | Colt Technology Services | DE<\/title>\n<meta name=\"description\" content=\"Entdecken Sie unser hochverf\u00fcgbares, sicheres Netz mit Colt-eigener Netzwerkinfrastruktur. Unser hochverf\u00fcgbares und sicheres Netz erstreckt sich \u00fcber vier Kontinente und 32 L\u00e4nder.\" \/>\n<meta name=\"robots\" content=\"noindex, follow, max-snippet:-1, max-image-preview:large, max-video-preview:-1\" \/>\n<meta property=\"og:locale\" content=\"de_DE\" \/>\n<meta property=\"og:type\" content=\"article\" \/>\n<meta property=\"og:title\" content=\"Colts IQ Netzwerkinfrastruktur | Colt Technology Services | DE\" \/>\n<meta property=\"og:description\" content=\"Entdecken Sie unser hochverf\u00fcgbares, sicheres Netz mit Colt-eigener Netzwerkinfrastruktur. Unser hochverf\u00fcgbares und sicheres Netz erstreckt sich \u00fcber vier Kontinente und 32 L\u00e4nder.\" \/>\n<meta property=\"og:url\" content=\"https:\/\/legacy.colt.net\/de\/global-network\/\" \/>\n<meta property=\"og:site_name\" content=\"Colt Technology Services\" \/>\n<meta property=\"article:publisher\" content=\"https:\/\/www.facebook.com\/ColtTechnologyServices\/\" \/>\n<meta property=\"article:modified_time\" content=\"2025-08-19T08:24:41+00:00\" \/>\n<meta property=\"og:image\" content=\"https:\/\/legacy.colt.net\/wp-content\/uploads\/2021\/01\/Brand-2021-Stock-8-1.jpg\" \/>\n\t<meta property=\"og:image:width\" content=\"1000\" \/>\n\t<meta property=\"og:image:height\" content=\"667\" \/>\n\t<meta property=\"og:image:type\" content=\"image\/jpeg\" \/>\n<meta name=\"twitter:card\" content=\"summary_large_image\" \/>\n<meta name=\"twitter:image\" content=\"https:\/\/legacy.colt.net\/wp-content\/uploads\/2017\/03\/Countries-FR.jpg\" \/>\n<meta name=\"twitter:site\" content=\"@colt_technology\" \/>\n<meta name=\"twitter:label1\" content=\"Est. reading time\" \/>\n\t<meta name=\"twitter:data1\" content=\"2 minutes\" \/>\n<script type=\"application\/ld+json\" class=\"yoast-schema-graph\">{\"@context\":\"https:\/\/schema.org\",\"@graph\":[{\"@type\":\"WebPage\",\"@id\":\"https:\/\/legacy.colt.net\/de\/global-network\/\",\"url\":\"https:\/\/legacy.colt.net\/de\/global-network\/\",\"name\":\"Colts IQ Netzwerkinfrastruktur | Colt Technology Services | DE\",\"isPartOf\":{\"@id\":\"https:\/\/legacy.colt.net\/#website\"},\"primaryImageOfPage\":{\"@id\":\"https:\/\/legacy.colt.net\/de\/global-network\/#primaryimage\"},\"image\":{\"@id\":\"https:\/\/legacy.colt.net\/de\/global-network\/#primaryimage\"},\"thumbnailUrl\":\"https:\/\/legacy.colt.net\/wp-content\/uploads\/2022\/07\/Colt-IQ-network-Logo_Social-2-copy-1.png\",\"datePublished\":\"2017-03-31T12:34:26+00:00\",\"dateModified\":\"2025-08-19T08:24:41+00:00\",\"description\":\"Entdecken Sie unser hochverf\u00fcgbares, sicheres Netz mit Colt-eigener Netzwerkinfrastruktur. Unser hochverf\u00fcgbares und sicheres Netz erstreckt sich \u00fcber vier Kontinente und 32 L\u00e4nder.\",\"breadcrumb\":{\"@id\":\"https:\/\/legacy.colt.net\/de\/global-network\/#breadcrumb\"},\"inLanguage\":\"de-DE\",\"potentialAction\":[{\"@type\":\"ReadAction\",\"target\":[\"https:\/\/legacy.colt.net\/de\/global-network\/\"]}]},{\"@type\":\"ImageObject\",\"inLanguage\":\"de-DE\",\"@id\":\"https:\/\/legacy.colt.net\/de\/global-network\/#primaryimage\",\"url\":\"https:\/\/legacy.colt.net\/wp-content\/uploads\/2022\/07\/Colt-IQ-network-Logo_Social-2-copy-1.png\",\"contentUrl\":\"https:\/\/legacy.colt.net\/wp-content\/uploads\/2022\/07\/Colt-IQ-network-Logo_Social-2-copy-1.png\"},{\"@type\":\"BreadcrumbList\",\"@id\":\"https:\/\/legacy.colt.net\/de\/global-network\/#breadcrumb\",\"itemListElement\":[{\"@type\":\"ListItem\",\"position\":1,\"name\":\"Home\",\"item\":\"https:\/\/legacy.colt.net\/de\/\"},{\"@type\":\"ListItem\",\"position\":2,\"name\":\"Colts IQ Netzwerkinfrastruktur\"}]},{\"@type\":\"WebSite\",\"@id\":\"https:\/\/legacy.colt.net\/#website\",\"url\":\"https:\/\/legacy.colt.net\/\",\"name\":\"Colt\u30c6\u30af\u30ce\u30ed\u30b8\u30fc\u30b5\u30fc\u30d3\u30b9\u682a\u5f0f\u4f1a\u793e\",\"description\":\"Managed Network &amp; Voice Services Provider\",\"publisher\":{\"@id\":\"https:\/\/legacy.colt.net\/#organization\"},\"potentialAction\":[{\"@type\":\"SearchAction\",\"target\":{\"@type\":\"EntryPoint\",\"urlTemplate\":\"https:\/\/legacy.colt.net\/?s={search_term_string}\"},\"query-input\":{\"@type\":\"PropertyValueSpecification\",\"valueRequired\":true,\"valueName\":\"search_term_string\"}}],\"inLanguage\":\"de-DE\"},{\"@type\":\"Organization\",\"@id\":\"https:\/\/legacy.colt.net\/#organization\",\"name\":\"Colt Technology Services\",\"url\":\"https:\/\/legacy.colt.net\/\",\"logo\":{\"@type\":\"ImageObject\",\"inLanguage\":\"de-DE\",\"@id\":\"https:\/\/legacy.colt.net\/#\/schema\/logo\/image\/\",\"url\":\"https:\/\/legacy.colt.net\/wp-content\/uploads\/2019\/02\/Colt-Logo.png\",\"contentUrl\":\"https:\/\/legacy.colt.net\/wp-content\/uploads\/2019\/02\/Colt-Logo.png\",\"width\":195,\"height\":77,\"caption\":\"Colt Technology Services\"},\"image\":{\"@id\":\"https:\/\/legacy.colt.net\/#\/schema\/logo\/image\/\"},\"sameAs\":[\"https:\/\/www.facebook.com\/ColtTechnologyServices\/\",\"https:\/\/x.com\/colt_technology\",\"https:\/\/www.instagram.com\/colttechnologyservices\/\",\"https:\/\/www.linkedin.com\/company\/colt-technology-services\",\"https:\/\/www.youtube.com\/user\/ColtTechnology\"]}]}<\/script>\n<!-- \/ Yoast SEO plugin. -->","yoast_head_json":{"title":"Colts IQ Netzwerkinfrastruktur | Colt Technology Services | DE","description":"Entdecken Sie unser hochverf\u00fcgbares, sicheres Netz mit Colt-eigener Netzwerkinfrastruktur. Unser hochverf\u00fcgbares und sicheres Netz erstreckt sich \u00fcber vier Kontinente und 32 L\u00e4nder.","robots":{"index":"noindex","follow":"follow","max-snippet":"max-snippet:-1","max-image-preview":"max-image-preview:large","max-video-preview":"max-video-preview:-1"},"og_locale":"de_DE","og_type":"article","og_title":"Colts IQ Netzwerkinfrastruktur | Colt Technology Services | DE","og_description":"Entdecken Sie unser hochverf\u00fcgbares, sicheres Netz mit Colt-eigener Netzwerkinfrastruktur. Unser hochverf\u00fcgbares und sicheres Netz erstreckt sich \u00fcber vier Kontinente und 32 L\u00e4nder.","og_url":"https:\/\/legacy.colt.net\/de\/global-network\/","og_site_name":"Colt Technology Services","article_publisher":"https:\/\/www.facebook.com\/ColtTechnologyServices\/","article_modified_time":"2025-08-19T08:24:41+00:00","og_image":[{"width":1000,"height":667,"url":"https:\/\/legacy.colt.net\/wp-content\/uploads\/2021\/01\/Brand-2021-Stock-8-1.jpg","type":"image\/jpeg"}],"twitter_card":"summary_large_image","twitter_image":"https:\/\/legacy.colt.net\/wp-content\/uploads\/2017\/03\/Countries-FR.jpg","twitter_site":"@colt_technology","twitter_misc":{"Est. reading time":"2 minutes"},"schema":{"@context":"https:\/\/schema.org","@graph":[{"@type":"WebPage","@id":"https:\/\/legacy.colt.net\/de\/global-network\/","url":"https:\/\/legacy.colt.net\/de\/global-network\/","name":"Colts IQ Netzwerkinfrastruktur | Colt Technology Services | DE","isPartOf":{"@id":"https:\/\/legacy.colt.net\/#website"},"primaryImageOfPage":{"@id":"https:\/\/legacy.colt.net\/de\/global-network\/#primaryimage"},"image":{"@id":"https:\/\/legacy.colt.net\/de\/global-network\/#primaryimage"},"thumbnailUrl":"https:\/\/legacy.colt.net\/wp-content\/uploads\/2022\/07\/Colt-IQ-network-Logo_Social-2-copy-1.png","datePublished":"2017-03-31T12:34:26+00:00","dateModified":"2025-08-19T08:24:41+00:00","description":"Entdecken Sie unser hochverf\u00fcgbares, sicheres Netz mit Colt-eigener Netzwerkinfrastruktur. Unser hochverf\u00fcgbares und sicheres Netz erstreckt sich \u00fcber vier Kontinente und 32 L\u00e4nder.","breadcrumb":{"@id":"https:\/\/legacy.colt.net\/de\/global-network\/#breadcrumb"},"inLanguage":"de-DE","potentialAction":[{"@type":"ReadAction","target":["https:\/\/legacy.colt.net\/de\/global-network\/"]}]},{"@type":"ImageObject","inLanguage":"de-DE","@id":"https:\/\/legacy.colt.net\/de\/global-network\/#primaryimage","url":"https:\/\/legacy.colt.net\/wp-content\/uploads\/2022\/07\/Colt-IQ-network-Logo_Social-2-copy-1.png","contentUrl":"https:\/\/legacy.colt.net\/wp-content\/uploads\/2022\/07\/Colt-IQ-network-Logo_Social-2-copy-1.png"},{"@type":"BreadcrumbList","@id":"https:\/\/legacy.colt.net\/de\/global-network\/#breadcrumb","itemListElement":[{"@type":"ListItem","position":1,"name":"Home","item":"https:\/\/legacy.colt.net\/de\/"},{"@type":"ListItem","position":2,"name":"Colts IQ Netzwerkinfrastruktur"}]},{"@type":"WebSite","@id":"https:\/\/legacy.colt.net\/#website","url":"https:\/\/legacy.colt.net\/","name":"Colt\u30c6\u30af\u30ce\u30ed\u30b8\u30fc\u30b5\u30fc\u30d3\u30b9\u682a\u5f0f\u4f1a\u793e","description":"Managed Network &amp; Voice Services Provider","publisher":{"@id":"https:\/\/legacy.colt.net\/#organization"},"potentialAction":[{"@type":"SearchAction","target":{"@type":"EntryPoint","urlTemplate":"https:\/\/legacy.colt.net\/?s={search_term_string}"},"query-input":{"@type":"PropertyValueSpecification","valueRequired":true,"valueName":"search_term_string"}}],"inLanguage":"de-DE"},{"@type":"Organization","@id":"https:\/\/legacy.colt.net\/#organization","name":"Colt Technology Services","url":"https:\/\/legacy.colt.net\/","logo":{"@type":"ImageObject","inLanguage":"de-DE","@id":"https:\/\/legacy.colt.net\/#\/schema\/logo\/image\/","url":"https:\/\/legacy.colt.net\/wp-content\/uploads\/2019\/02\/Colt-Logo.png","contentUrl":"https:\/\/legacy.colt.net\/wp-content\/uploads\/2019\/02\/Colt-Logo.png","width":195,"height":77,"caption":"Colt Technology Services"},"image":{"@id":"https:\/\/legacy.colt.net\/#\/schema\/logo\/image\/"},"sameAs":["https:\/\/www.facebook.com\/ColtTechnologyServices\/","https:\/\/x.com\/colt_technology","https:\/\/www.instagram.com\/colttechnologyservices\/","https:\/\/www.linkedin.com\/company\/colt-technology-services","https:\/\/www.youtube.com\/user\/ColtTechnology"]}]}},"_links":{"self":[{"href":"https:\/\/legacy.colt.net\/de\/wp-json\/wp\/v2\/pages\/35204","targetHints":{"allow":["GET"]}}],"collection":[{"href":"https:\/\/legacy.colt.net\/de\/wp-json\/wp\/v2\/pages"}],"about":[{"href":"https:\/\/legacy.colt.net\/de\/wp-json\/wp\/v2\/types\/page"}],"author":[{"embeddable":true,"href":"https:\/\/legacy.colt.net\/de\/wp-json\/wp\/v2\/users\/2"}],"replies":[{"embeddable":true,"href":"https:\/\/legacy.colt.net\/de\/wp-json\/wp\/v2\/comments?post=35204"}],"version-history":[{"count":0,"href":"https:\/\/legacy.colt.net\/de\/wp-json\/wp\/v2\/pages\/35204\/revisions"}],"wp:attachment":[{"href":"https:\/\/legacy.colt.net\/de\/wp-json\/wp\/v2\/media?parent=35204"}],"wp:term":[{"taxonomy":"colt_type","embeddable":true,"href":"https:\/\/legacy.colt.net\/de\/wp-json\/wp\/v2\/colt_type?post=35204"},{"taxonomy":"colt_products","embeddable":true,"href":"https:\/\/legacy.colt.net\/de\/wp-json\/wp\/v2\/colt_products?post=35204"}],"curies":[{"name":"wp","href":"https:\/\/api.w.org\/{rel}","templated":true}]}}