{"id":35194,"date":"2017-04-12T14:47:21","date_gmt":"2017-04-12T14:47:21","guid":{"rendered":"https:\/\/www.colt.net\/colt-online\/"},"modified":"2023-03-20T10:17:56","modified_gmt":"2023-03-20T10:17:56","slug":"colt-online","status":"publish","type":"page","link":"https:\/\/legacy.colt.net\/de\/colt-online\/","title":{"rendered":"Colt Online Customer Portal"},"content":{"rendered":"\n<h1>\n\t\tColt Online\n\t<\/h1>\n<h2>\n\t\tMit Colt ist Gesch\u00e4fte machen ganz einfach\n\t<\/h2>\n\t<nav class=\"breadcrumb\"><span><span><a href=\"https:\/\/legacy.colt.net\/de\/\">Home<\/a><\/span><\/span><\/nav>\n\t\t\t<a href=\"https:\/\/online.colt.net\/?utm_source=colt_net&#038;utm_medium=Web&#038;utm_campaign=colt_net_site\" target=\"_self\" role=\"button\" rel=\"noopener\">\n\t\t\t\t\t\t\tAnmelden\n\t\t\t<\/a>\n\t\t\t<a href=\"#support\" target=\"_self\" role=\"button\" rel=\"noopener\">\n\t\t\t\t\t\t\tSupport anfordern\n\t\t\t<\/a>\n\t\t\t<a href=\"https:\/\/dcp.colt.net\/onlineweb\/?utm_source=colt_net&#038;utm_medium=Web&#038;utm_campaign=colt_net_site#\/registration\" target=\"_blank\" role=\"button\" rel=\"noopener\">\n\t\t\t\t\t\t\tEinen Account anlegen\n\t\t\t<\/a>\n<h2>\n\t\tIhr umfassendes Kundenportal zur Verwaltung Ihrer Colt-Services.\n\t<\/h2>\n\t<p>Das Ziel ist Ihnen die Zusammenarbeit mit Colt wirklich einfach zu machen. Darum wurde Colt Online entwickelt, um Ihnen die Kontrolle zu geben. Mit Colt Online sind die Informationen, die Sie \u00fcber Ihre Colt-Services ben\u00f6tigen, nur einen Klick entfernt.<\/p>\n\t\t\t\t\t<img decoding=\"async\" src=\"https:\/\/i.ytimg.com\/vi\/uGzl8bvwy3o\/maxresdefault.jpg\" alt=\"youtube-video-thumbnail\"\/>\n\t\t<h2>\n\t\tColt Online in Zahlen\n\t<\/h2>\n\t\t<!-- Comment to fix spacing issue\n\t-->\n\t\t<h2>0+<\/h2>Benutzer von Colt Online\n\t<!-- Comment to fix spacing issue\n\t-->\t\n\t\t<!-- Comment to fix spacing issue\n\t-->\n\t\t<h2>0+<\/h2>Konnektivit\u00e4tspr\u00fcfungen pro Monat\n\t<!-- Comment to fix spacing issue\n\t-->\t\n\t\t<!-- Comment to fix spacing issue\n\t-->\n\t\t<h2>0+<\/h2>Monatliche Benutzer von Colt Online\n\t<!-- Comment to fix spacing issue\n\t-->\t\n\t\t<!-- Comment to fix spacing issue\n\t-->\n\t\t<h2>0+<\/h2>Heruntergeladene Rechnungen und Berichte pro Monat\n\t<!-- Comment to fix spacing issue\n\t-->\t\n\t\t<!-- Comment to fix spacing issue\n\t-->\n\t\t<h2>0+<\/h2>Eingereichte Tickets pro Monat\n\t<!-- Comment to fix spacing issue\n\t-->\t\n\t\t<!-- Comment to fix spacing issue\n\t-->\n\t\t<h2>0+<\/h2>Monatlich online aktualisierte Abrechnungskonten\n\t<!-- Comment to fix spacing issue\n\t-->\t\n<h2>\n\t\tTake control of your services with our self-serve portal\n\t<\/h2>\n\t<p>With Colt Online you can:<\/p>\n\t\t\t\t<img loading=\"lazy\" decoding=\"async\" src=\"https:\/\/legacy.colt.net\/wp-content\/uploads\/2022\/03\/DE-colt-online-benefits-1.png\" alt=\"DE-colt-online-benefits-1\" itemprop=\"image\" height=\"1360\" width=\"1153\" title=\"DE-colt-online-benefits-1\" onerror=\"this.style.display='none'\"  \/>\n\t\t\t\t<img loading=\"lazy\" decoding=\"async\" src=\"https:\/\/legacy.colt.net\/wp-content\/uploads\/2021\/11\/colt-online-benefits-2.png\" alt=\"colt-online-benefits-2\" itemprop=\"image\" height=\"1359\" width=\"1545\" title=\"colt-online-benefits-2\" onerror=\"this.style.display='none'\"  \/>\n\t\t\t\t<img loading=\"lazy\" decoding=\"async\" src=\"https:\/\/legacy.colt.net\/wp-content\/uploads\/2023\/03\/DE-colt-online-benefits-2.png\" alt=\"DE-colt-online-benefits-2\" itemprop=\"image\" height=\"1360\" width=\"1167\" title=\"DE-colt-online-benefits-2\" onerror=\"this.style.display='none'\"  \/>\n<h2>\n\t\tColt gibt Ihnen die Kontrolle\n\t<\/h2>\n\t\t\t\t<a href=\"https:\/\/coltonlinehelp.colt.net\/\" target=\"_blank\" rel=\"noopener\" itemprop=\"url\">\n\t\t\t\t<img loading=\"lazy\" decoding=\"async\" src=\"https:\/\/legacy.colt.net\/wp-content\/uploads\/2021\/11\/colt-online-help-icon.png\" alt=\"colt-online-help-icon\" itemprop=\"image\" height=\"500\" width=\"500\" title=\"colt-online-help-icon\" onerror=\"this.style.display='none'\"  \/>\n\t\t\t\t<\/a>\n<h3>\n\t\t<a href=\"https:\/\/coltonlinehelp.colt.net\/\" title=\"Hilfeportal f\u00fcr Colt Online\" target=\"_blank\" rel=\"noopener\">\n\t\tHilfeportal f\u00fcr Colt Online\n\t\t<\/a>\n\t<\/h3>\n\t\t\t\t<a href=\"https:\/\/coltonlinehelp.colt.net\/colt-online-videos\/\" target=\"_blank\" rel=\"noopener\" itemprop=\"url\">\n\t\t\t\t<img loading=\"lazy\" decoding=\"async\" src=\"https:\/\/legacy.colt.net\/wp-content\/uploads\/2021\/11\/video-icon.png\" alt=\"video-icon\" itemprop=\"image\" height=\"250\" width=\"250\" title=\"video-icon\" onerror=\"this.style.display='none'\"  \/>\n\t\t\t\t<\/a>\n<h3>\n\t\t<a href=\"https:\/\/coltonlinehelp.colt.net\/colt-online-videos\/\" title=\"Anleitungsvideos f\u00fcr Colt Online\" target=\"_blank\" rel=\"noopener\">\n\t\tAnleitungsvideos f\u00fcr Colt Online\n\t\t<\/a>\n\t<\/h3>\n\t\t\t\t<a href=\"https:\/\/coltonlinehelp.colt.net\/colt-online-webinars\/\" target=\"_blank\" rel=\"noopener\" itemprop=\"url\">\n\t\t\t\t<img loading=\"lazy\" decoding=\"async\" src=\"https:\/\/legacy.colt.net\/wp-content\/uploads\/2021\/11\/Webinar-Icon-2021.png\" alt=\"Webinar-Icon-2021\" itemprop=\"image\" height=\"500\" width=\"500\" title=\"Webinar-Icon-2021\" onerror=\"this.style.display='none'\"  \/>\n\t\t\t\t<\/a>\n<h3>\n\t\t<a href=\"https:\/\/coltonlinehelp.colt.net\/colt-online-webinars\/\" title=\"Webinare f\u00fcr Colt Online\" target=\"_blank\" rel=\"noopener\">\n\t\tWebinare f\u00fcr Colt Online\n\t\t<\/a>\n\t<\/h3>\n\t<p>Wenn Sie in Asien ans\u00e4ssig sind, k\u00f6nnen Sie sich auch die <a href=\"https:\/\/legacy.colt.net\/colt-online\/guides-asia\/\">Colt Online Guides f\u00fcr Asien<\/a> ansehen.<\/p>\n\n","protected":false},"excerpt":{"rendered":"<p>Colt Online Mit Colt ist Gesch\u00e4fte machen ganz einfach Anmelden Support anfordern Einen Account anlegen Ihr umfassendes Kundenportal zur Verwaltung Ihrer Colt-Services. Das Ziel ist Ihnen die Zusammenarbeit mit Colt wirklich einfach zu machen. Darum wurde Colt Online entwickelt, um Ihnen die Kontrolle zu geben. Mit Colt Online sind die Informationen, die Sie \u00fcber Ihre&#8230;<\/p>\n","protected":false},"author":2,"featured_media":0,"parent":0,"menu_order":0,"comment_status":"closed","ping_status":"closed","template":"","meta":{"_acf_changed":false,"footnotes":""},"colt_type":[],"colt_products":[],"class_list":["post-35194","page","type-page","status-publish","hentry"],"acf":[],"yoast_head":"<!-- This site is optimized with the Yoast SEO plugin v26.8 - https:\/\/yoast.com\/product\/yoast-seo-wordpress\/ -->\n<title>Colt Online | Colt Technology Services | DE<\/title>\n<meta name=\"description\" content=\"Colt Online wurde entwickelt, damit Sie die Kontrolle \u00fcber Ihre Daten \u00fcbernehmen k\u00f6nnen. Colt Online ist das Kundenportal von Colt f\u00fcr all unsere Kunden.\" \/>\n<meta name=\"robots\" content=\"noindex, follow, max-snippet:-1, max-image-preview:large, max-video-preview:-1\" \/>\n<meta property=\"og:locale\" content=\"de_DE\" \/>\n<meta property=\"og:type\" content=\"article\" \/>\n<meta property=\"og:title\" content=\"Colt Online | Colt Technology Services | DE\" \/>\n<meta property=\"og:description\" content=\"Colt Online wurde entwickelt, damit Sie die Kontrolle \u00fcber Ihre Daten \u00fcbernehmen k\u00f6nnen. Colt Online ist das Kundenportal von Colt f\u00fcr all unsere Kunden.\" \/>\n<meta property=\"og:url\" content=\"https:\/\/legacy.colt.net\/de\/colt-online\/\" \/>\n<meta property=\"og:site_name\" content=\"Colt Technology Services\" \/>\n<meta property=\"article:publisher\" content=\"https:\/\/www.facebook.com\/ColtTechnologyServices\/\" \/>\n<meta property=\"article:modified_time\" content=\"2023-03-20T10:17:56+00:00\" \/>\n<meta property=\"og:image\" content=\"https:\/\/legacy.colt.net\/wp-content\/uploads\/2021\/01\/Brand-2021-Stock-20.jpg\" \/>\n\t<meta property=\"og:image:width\" content=\"1000\" \/>\n\t<meta property=\"og:image:height\" content=\"652\" \/>\n\t<meta property=\"og:image:type\" content=\"image\/jpeg\" \/>\n<meta name=\"twitter:card\" content=\"summary_large_image\" \/>\n<meta name=\"twitter:site\" content=\"@colt_technology\" \/>\n<meta name=\"twitter:label1\" content=\"Est. reading time\" \/>\n\t<meta name=\"twitter:data1\" content=\"1 minute\" \/>\n<script type=\"application\/ld+json\" class=\"yoast-schema-graph\">{\"@context\":\"https:\/\/schema.org\",\"@graph\":[{\"@type\":\"WebPage\",\"@id\":\"https:\/\/legacy.colt.net\/de\/colt-online\/\",\"url\":\"https:\/\/legacy.colt.net\/de\/colt-online\/\",\"name\":\"Colt Online | Colt Technology Services | DE\",\"isPartOf\":{\"@id\":\"https:\/\/legacy.colt.net\/#website\"},\"primaryImageOfPage\":{\"@id\":\"https:\/\/legacy.colt.net\/de\/colt-online\/#primaryimage\"},\"image\":{\"@id\":\"https:\/\/legacy.colt.net\/de\/colt-online\/#primaryimage\"},\"thumbnailUrl\":\"https:\/\/i.ytimg.com\/vi\/uGzl8bvwy3o\/maxresdefault.jpg\",\"datePublished\":\"2017-04-12T14:47:21+00:00\",\"dateModified\":\"2023-03-20T10:17:56+00:00\",\"description\":\"Colt Online wurde entwickelt, damit Sie die Kontrolle \u00fcber Ihre Daten \u00fcbernehmen k\u00f6nnen. Colt Online ist das Kundenportal von Colt f\u00fcr all unsere Kunden.\",\"breadcrumb\":{\"@id\":\"https:\/\/legacy.colt.net\/de\/colt-online\/#breadcrumb\"},\"inLanguage\":\"de-DE\",\"potentialAction\":[{\"@type\":\"ReadAction\",\"target\":[\"https:\/\/legacy.colt.net\/de\/colt-online\/\"]}]},{\"@type\":\"ImageObject\",\"inLanguage\":\"de-DE\",\"@id\":\"https:\/\/legacy.colt.net\/de\/colt-online\/#primaryimage\",\"url\":\"https:\/\/i.ytimg.com\/vi\/uGzl8bvwy3o\/maxresdefault.jpg\",\"contentUrl\":\"https:\/\/i.ytimg.com\/vi\/uGzl8bvwy3o\/maxresdefault.jpg\"},{\"@type\":\"BreadcrumbList\",\"@id\":\"https:\/\/legacy.colt.net\/de\/colt-online\/#breadcrumb\",\"itemListElement\":[{\"@type\":\"ListItem\",\"position\":1,\"name\":\"Home\",\"item\":\"https:\/\/legacy.colt.net\/de\/\"},{\"@type\":\"ListItem\",\"position\":2,\"name\":\"Colt Online Customer Portal\"}]},{\"@type\":\"WebSite\",\"@id\":\"https:\/\/legacy.colt.net\/#website\",\"url\":\"https:\/\/legacy.colt.net\/\",\"name\":\"Colt\u30c6\u30af\u30ce\u30ed\u30b8\u30fc\u30b5\u30fc\u30d3\u30b9\u682a\u5f0f\u4f1a\u793e\",\"description\":\"Managed Network &amp; Voice Services Provider\",\"publisher\":{\"@id\":\"https:\/\/legacy.colt.net\/#organization\"},\"potentialAction\":[{\"@type\":\"SearchAction\",\"target\":{\"@type\":\"EntryPoint\",\"urlTemplate\":\"https:\/\/legacy.colt.net\/?s={search_term_string}\"},\"query-input\":{\"@type\":\"PropertyValueSpecification\",\"valueRequired\":true,\"valueName\":\"search_term_string\"}}],\"inLanguage\":\"de-DE\"},{\"@type\":\"Organization\",\"@id\":\"https:\/\/legacy.colt.net\/#organization\",\"name\":\"Colt Technology Services\",\"url\":\"https:\/\/legacy.colt.net\/\",\"logo\":{\"@type\":\"ImageObject\",\"inLanguage\":\"de-DE\",\"@id\":\"https:\/\/legacy.colt.net\/#\/schema\/logo\/image\/\",\"url\":\"https:\/\/legacy.colt.net\/wp-content\/uploads\/2019\/02\/Colt-Logo.png\",\"contentUrl\":\"https:\/\/legacy.colt.net\/wp-content\/uploads\/2019\/02\/Colt-Logo.png\",\"width\":195,\"height\":77,\"caption\":\"Colt Technology Services\"},\"image\":{\"@id\":\"https:\/\/legacy.colt.net\/#\/schema\/logo\/image\/\"},\"sameAs\":[\"https:\/\/www.facebook.com\/ColtTechnologyServices\/\",\"https:\/\/x.com\/colt_technology\",\"https:\/\/www.instagram.com\/colttechnologyservices\/\",\"https:\/\/www.linkedin.com\/company\/colt-technology-services\",\"https:\/\/www.youtube.com\/user\/ColtTechnology\"]}]}<\/script>\n<!-- \/ Yoast SEO plugin. -->","yoast_head_json":{"title":"Colt Online | Colt Technology Services | DE","description":"Colt Online wurde entwickelt, damit Sie die Kontrolle \u00fcber Ihre Daten \u00fcbernehmen k\u00f6nnen. Colt Online ist das Kundenportal von Colt f\u00fcr all unsere Kunden.","robots":{"index":"noindex","follow":"follow","max-snippet":"max-snippet:-1","max-image-preview":"max-image-preview:large","max-video-preview":"max-video-preview:-1"},"og_locale":"de_DE","og_type":"article","og_title":"Colt Online | Colt Technology Services | DE","og_description":"Colt Online wurde entwickelt, damit Sie die Kontrolle \u00fcber Ihre Daten \u00fcbernehmen k\u00f6nnen. Colt Online ist das Kundenportal von Colt f\u00fcr all unsere Kunden.","og_url":"https:\/\/legacy.colt.net\/de\/colt-online\/","og_site_name":"Colt Technology Services","article_publisher":"https:\/\/www.facebook.com\/ColtTechnologyServices\/","article_modified_time":"2023-03-20T10:17:56+00:00","og_image":[{"width":1000,"height":652,"url":"https:\/\/legacy.colt.net\/wp-content\/uploads\/2021\/01\/Brand-2021-Stock-20.jpg","type":"image\/jpeg"}],"twitter_card":"summary_large_image","twitter_site":"@colt_technology","twitter_misc":{"Est. reading time":"1 minute"},"schema":{"@context":"https:\/\/schema.org","@graph":[{"@type":"WebPage","@id":"https:\/\/legacy.colt.net\/de\/colt-online\/","url":"https:\/\/legacy.colt.net\/de\/colt-online\/","name":"Colt Online | Colt Technology Services | DE","isPartOf":{"@id":"https:\/\/legacy.colt.net\/#website"},"primaryImageOfPage":{"@id":"https:\/\/legacy.colt.net\/de\/colt-online\/#primaryimage"},"image":{"@id":"https:\/\/legacy.colt.net\/de\/colt-online\/#primaryimage"},"thumbnailUrl":"https:\/\/i.ytimg.com\/vi\/uGzl8bvwy3o\/maxresdefault.jpg","datePublished":"2017-04-12T14:47:21+00:00","dateModified":"2023-03-20T10:17:56+00:00","description":"Colt Online wurde entwickelt, damit Sie die Kontrolle \u00fcber Ihre Daten \u00fcbernehmen k\u00f6nnen. Colt Online ist das Kundenportal von Colt f\u00fcr all unsere Kunden.","breadcrumb":{"@id":"https:\/\/legacy.colt.net\/de\/colt-online\/#breadcrumb"},"inLanguage":"de-DE","potentialAction":[{"@type":"ReadAction","target":["https:\/\/legacy.colt.net\/de\/colt-online\/"]}]},{"@type":"ImageObject","inLanguage":"de-DE","@id":"https:\/\/legacy.colt.net\/de\/colt-online\/#primaryimage","url":"https:\/\/i.ytimg.com\/vi\/uGzl8bvwy3o\/maxresdefault.jpg","contentUrl":"https:\/\/i.ytimg.com\/vi\/uGzl8bvwy3o\/maxresdefault.jpg"},{"@type":"BreadcrumbList","@id":"https:\/\/legacy.colt.net\/de\/colt-online\/#breadcrumb","itemListElement":[{"@type":"ListItem","position":1,"name":"Home","item":"https:\/\/legacy.colt.net\/de\/"},{"@type":"ListItem","position":2,"name":"Colt Online Customer Portal"}]},{"@type":"WebSite","@id":"https:\/\/legacy.colt.net\/#website","url":"https:\/\/legacy.colt.net\/","name":"Colt\u30c6\u30af\u30ce\u30ed\u30b8\u30fc\u30b5\u30fc\u30d3\u30b9\u682a\u5f0f\u4f1a\u793e","description":"Managed Network &amp; Voice Services Provider","publisher":{"@id":"https:\/\/legacy.colt.net\/#organization"},"potentialAction":[{"@type":"SearchAction","target":{"@type":"EntryPoint","urlTemplate":"https:\/\/legacy.colt.net\/?s={search_term_string}"},"query-input":{"@type":"PropertyValueSpecification","valueRequired":true,"valueName":"search_term_string"}}],"inLanguage":"de-DE"},{"@type":"Organization","@id":"https:\/\/legacy.colt.net\/#organization","name":"Colt Technology Services","url":"https:\/\/legacy.colt.net\/","logo":{"@type":"ImageObject","inLanguage":"de-DE","@id":"https:\/\/legacy.colt.net\/#\/schema\/logo\/image\/","url":"https:\/\/legacy.colt.net\/wp-content\/uploads\/2019\/02\/Colt-Logo.png","contentUrl":"https:\/\/legacy.colt.net\/wp-content\/uploads\/2019\/02\/Colt-Logo.png","width":195,"height":77,"caption":"Colt Technology Services"},"image":{"@id":"https:\/\/legacy.colt.net\/#\/schema\/logo\/image\/"},"sameAs":["https:\/\/www.facebook.com\/ColtTechnologyServices\/","https:\/\/x.com\/colt_technology","https:\/\/www.instagram.com\/colttechnologyservices\/","https:\/\/www.linkedin.com\/company\/colt-technology-services","https:\/\/www.youtube.com\/user\/ColtTechnology"]}]}},"_links":{"self":[{"href":"https:\/\/legacy.colt.net\/de\/wp-json\/wp\/v2\/pages\/35194","targetHints":{"allow":["GET"]}}],"collection":[{"href":"https:\/\/legacy.colt.net\/de\/wp-json\/wp\/v2\/pages"}],"about":[{"href":"https:\/\/legacy.colt.net\/de\/wp-json\/wp\/v2\/types\/page"}],"author":[{"embeddable":true,"href":"https:\/\/legacy.colt.net\/de\/wp-json\/wp\/v2\/users\/2"}],"replies":[{"embeddable":true,"href":"https:\/\/legacy.colt.net\/de\/wp-json\/wp\/v2\/comments?post=35194"}],"version-history":[{"count":0,"href":"https:\/\/legacy.colt.net\/de\/wp-json\/wp\/v2\/pages\/35194\/revisions"}],"wp:attachment":[{"href":"https:\/\/legacy.colt.net\/de\/wp-json\/wp\/v2\/media?parent=35194"}],"wp:term":[{"taxonomy":"colt_type","embeddable":true,"href":"https:\/\/legacy.colt.net\/de\/wp-json\/wp\/v2\/colt_type?post=35194"},{"taxonomy":"colt_products","embeddable":true,"href":"https:\/\/legacy.colt.net\/de\/wp-json\/wp\/v2\/colt_products?post=35194"}],"curies":[{"name":"wp","href":"https:\/\/api.w.org\/{rel}","templated":true}]}}