{"id":34123,"date":"2019-03-08T09:16:00","date_gmt":"2019-03-08T09:16:00","guid":{"rendered":"https:\/\/www.colt.net\/?page_id=34123"},"modified":"2023-10-12T11:18:18","modified_gmt":"2023-10-12T10:18:18","slug":"karriere","status":"publish","type":"page","link":"https:\/\/legacy.colt.net\/de\/karriere\/","title":{"rendered":"Karriere bei Colt"},"content":{"rendered":"\n\n\t<nav class=\"breadcrumb\"><span><span><a href=\"https:\/\/legacy.colt.net\/de\/\">Home<\/a><\/span><\/span><\/nav>\n\t\t\t\t<img loading=\"lazy\" decoding=\"async\" src=\"https:\/\/legacy.colt.net\/wp-content\/uploads\/2023\/02\/MYM-04-transparent-background-1.png\" alt=\"MYM-04-transparent-background\" itemprop=\"image\" height=\"600\" width=\"600\" title=\"MYM-04-transparent-background\" onerror=\"this.style.display='none'\"  \/>\n\t<h1>M\u00f6chten Sie Eindruck hinterlassen?<\/h1>\n<p>Bei Colt werden Sie etwas bewegen. Weil Colt Menschen st\u00e4rkt. Colt gibt Ihnen nicht vor, was zu tun ist. Vielmehr vertraut Colt seinen Besch\u00e4ftigten, die auf der ganzen Welt zusammenkommen, um intelligente L\u00f6sungen zu schaffen.<\/p>\n<p>Die globalen Teams von Colt bestehen aus ehrgeizigen, motivierten Menschen, die miteinander auf ein gemeinsames Ziel hinarbeiten: die Macht des digitalen Universums in die H\u00e4nde der Kunden von Colt zu legen, wo, wann und wie immer sie wollen.<\/p>\n<p>Bei Colt haben Sie die M\u00f6glichkeit, Teams zu leiten und zu inspirieren und dabei an Projekten zu arbeiten, die Menschen, St\u00e4dte, Unternehmen und Ideen zusammenbringen. Helfen Sie Colt dabei, die Welt zum Besseren zu ver\u00e4ndern.<\/p>\n<p><strong>Durch Colt k\u00f6nnen Sie Eindruck hinterlassen. <\/strong><\/p>\n\t\t\t<a href=\"https:\/\/joblistings.colt.net\/\" target=\"_blank\" role=\"button\" rel=\"noopener\">\n\t\t\t\t\t\t\tFinden Sie Ihren Traumberuf\n\t\t\t\t\t<\/a>\n\t\t\t<a href=\"https:\/\/joblistings.colt.net\/\" target=\"_blank\" role=\"button\" rel=\"noopener\">\n\t\t\t\t\t\t\tGraduiertenprogramm von Colt\n\t\t\t\t\t<\/a>\n\t\t\t<a href=\"#Fantastische\" target=\"_blank\" role=\"button\" rel=\"noopener\">\n\t\t\t\t\t\t\tArbeiten bei Colt\n\t\t\t\t\t<\/a>\n\t<h3>Fantastische Erfahrungen<\/h3>\n<p>Colt liefert Kunden topaktuelle L\u00f6sungen. Damit erhalten Sie einen Arbeitgeber, den Sie mit Stolz in Ihrem Lebenslauf nennen k\u00f6nnen. Colt ver\u00e4ndert die Welt. Aus diesem Grund werden Sie die M\u00f6glichkeit erhalten, von Kollegen zu lernen. Au\u00dferdem bekommen Sie Zugang zu Praxiserfahrungen und Schulungen, die Ihre Karriere zukunftssicher machen.<\/p>\n\t<h3>Arbeiten in globalen Teams<\/h3>\n<p>Sie werden in vielf\u00e4ltigen internationalen Teams arbeiten, die aus Menschen mit den unterschiedlichsten kulturellen Hintergr\u00fcnden bestehen. So erleben Sie unterschiedliche Denkweisen, lernen voneinander und wachsen miteinander. Sie haben die M\u00f6glichkeit, zu debattieren, zu diskutieren, zuzuh\u00f6ren und Ihre Ideen zu teilen\u00a0&#8211; um f\u00fcr unsere Kunden und das Gesch\u00e4ft von Colt nach L\u00f6sungen zu streben.<\/p>\n\t\t\t\t<img loading=\"lazy\" decoding=\"async\" src=\"https:\/\/legacy.colt.net\/wp-content\/uploads\/2023\/02\/Apply-Image-04.png\" alt=\"A woman laughing and another woman working \" itemprop=\"image\" height=\"421\" width=\"421\" title=\"Apply-Image-04\" onerror=\"this.style.display='none'\"  \/>\n\t\t\t\t<img loading=\"lazy\" decoding=\"async\" src=\"https:\/\/legacy.colt.net\/wp-content\/uploads\/2023\/02\/Apply-Hero-Image-01.png\" alt=\"A man in a white tshirt with the words Make your mark\" itemprop=\"image\" height=\"538\" width=\"716\" title=\"Apply-Hero-Image-01\" onerror=\"this.style.display='none'\"  \/>\n\t<h3>Zugang zu allen Bereichen<\/h3>\n<p>Colt entwickelt L\u00f6sungen, die es Ihnen leicht machen, Ihr Bestes zu geben. Wann immer es m\u00f6glich ist, werden Vorg\u00e4nge automatisiert und vereinfacht. Hierarchie ist bei Colt kein Hindernis. Sie erhalten Zugang zu einer F\u00fclle an Experten, F\u00fchrungskr\u00e4ften und Netzwerken von Denkern und Machern. Nutzen Sie sie gut, denn dadurch werden die globalen Netzwerke von Colt gest\u00e4rkt, so dass wir alle zusammenarbeiten und innovative L\u00f6sungen entwickeln k\u00f6nnen.<\/p>\n\t<h3>Flexibilit\u00e4t und Unterst\u00fctzung<\/h3>\n<p>Colt gibt Ihnen die Kontrolle \u00fcber Ihr Arbeitsleben. Flexibilit\u00e4t ist f\u00fcr Colt eine Selbstverst\u00e4ndlichkeit. Dar\u00fcber hinaus m\u00f6chte Colt gemeinsam mit Ihnen bedeutungsvolle, relevante Ziele setzen\u00a0&#8211; dynamische Ziele mit Fokus auf Ergebnisse, von denen alle profitieren werden. Colt hilft Ihnen, zu wachsen. Colt unterst\u00fctzt Sie. Nicht nur beim Lernen, sondern auch wenn sich in Ihrem Leben etwas \u00e4ndert.<\/p>\n<h2>\n\t\tF\u00fcr die Zukunft planen\n\t<\/h2>\n<h2>\n\t\tDas ist der Beitrag von Colt zum Aufbau einer nachhaltigen Zukunft\n\t<\/h2>\n\t<p>Als Teil des Engagements f\u00fcr eine starke, nachhaltige Zukunft des Unternehmens hat Colt sich EcoVadis verpflichtet, einem globalen Index, der die Leistung von Colt in den Bereichen Umwelt, Soziales und Unternehmensf\u00fchrung (ESG) mit mehr als 75.000 anderen Unternehmen aus allen Branchen vergleicht. Im letzten Branchenranking liegt Colt mit einem Wert von 63 im 91. Perzentil. Dies hat Colt eine Silbermedaille und einen Platz unter den besten 10\u00a0% der Telekommunikationsunternehmen, die sich f\u00fcr die ESG-Leistung registriert haben, eingebracht.<\/p>\n<p>Colt ist bestrebt, keinen Deponieabfall zu erzeugen. Das bedeutet, dass Colt sich intensiv daf\u00fcr einsetzt, dass alle Abf\u00e4lle nach M\u00f6glichkeit vermieden, wiederverwendet oder recycelt werden. Dazu geh\u00f6ren Abf\u00e4lle aus der Netzwerk-, IT- und B\u00fcroausr\u00fcstung sowie aus der Lieferkette.<\/p>\n\t\t\t\t\t\t<h5 tabindex=\"0\">Die Leidenschaft der Mitarbeiter f\u00fcr die Umwelt f\u00f6rdern<\/h5>\n\t\t\t<p>Colt ist stolz darauf, Mitarbeitern die M\u00f6glichkeit zu bieten, bei der Arbeit nachhaltig zu sein. Die Initiative \u201eGreen Team&#8221; wurde 2019 von einer engagierten Gruppe von Mitarbeitern in Gro\u00dfbritannien gestartet. Im Jahr 2021 hat Colt die Initiative weltweit eingef\u00fchrt, sodass Mitarbeiter in allen L\u00e4ndern ihre Leidenschaft f\u00fcr die Umwelt teilen und zusammenarbeiten k\u00f6nnen, um das Umweltengagement auf lokaler Ebene voranzutreiben. Die Schulung f\u00fcr Umweltbewusstsein ist f\u00fcr Mitarbeiter auf der ganzen Welt obligatorisch, um sicherzustellen, dass die Vision eines gr\u00fcneren Colt von allen geteilt wird.<\/p>\n\t\t\t\t\t\t<h5 tabindex=\"0\">Mitarbeiter im Rampenlicht<\/h5>\n\t\t\t<p>Colt ist stolz darauf, Mitarbeiter ins Rampenlicht zu r\u00fccken, die Vorreiter f\u00fcr Nachhaltigkeit sind. Die Serie \u201eRecycling Heroes&#8221; hebt Mitarbeiter auf der ganzen Welt hervor, die in ihren lokalen Gemeinschaften etwas bewirken. Die CEO von Colt hat mit Stolz die Gesundheit unseres Planeten zu einer ihrer Grund\u00fcberzeugungen am Arbeitsplatz gemacht und zwei Nachhaltigkeits-Champions mit einem speziellen CEO Award ausgezeichnet. Colt hat den Tag der Erde 2021 mit zwei au\u00dfergew\u00f6hnlichen Webinaren mit Nachhaltigkeitsexperten aus Japan und Neuseeland gefeiert.<\/p>\n\t\t\t\t\t\t<h5 tabindex=\"0\">Gr\u00fcnere B\u00fcros<\/h5>\n\t\t\t<p>Colt hat sich verpflichtet, an jedem Arbeitsplatz nachhaltig zu handeln. Colt hat in B\u00fcros weltweit die Beseitigung von Einwegplastik eingeleitet und sogar einen neuen Dachgarten im B\u00fcro in Madrid geplant.<\/p>\n<p>Colt arbeitet darauf hin, Mitarbeiter, die mit dem Auto unterwegs sind in den n\u00e4chsten Jahren mit Elektrofahrzeugen auszustatten.<\/p>\n\t\t\t\t\t\t<h5 tabindex=\"0\">Ein nachhaltiger Ansatz f\u00fcr die IT<\/h5>\n\t\t\t<p>Im Rahmen des Laptop-Ersatzprogramms werden veraltete Ger\u00e4te aus dem Unternehmen entfernt. Colt verl\u00e4ngert deren Lebensdauer aber, indem sie an lokale Schulen weitergegeben werden\u00a0&#8211; dies hat auch eine breitere Wirkung auf die soziale Verantwortung von Unternehmen und die digitale Inklusion.<\/p>\n<p>Neuger\u00e4te enthalten 65\u00a0% recyceltes, gebrauchtes Material und sind energieeffizienter. Zudem werden sie in Kartons aus 75\u00a0% recycelten Fasern und Bambus geliefert. Dies bedeutet wiederum, dass Colt die Lebensdauer wichtiger Materialien verl\u00e4ngert und den Bedarf an Neuware reduzieret, was dem Modell der Kreislaufwirtschaft entspricht.<\/p>\n\n","protected":false},"excerpt":{"rendered":"<p>M\u00f6chten Sie Eindruck hinterlassen? Bei Colt werden Sie etwas bewegen. Weil Colt Menschen st\u00e4rkt. Colt gibt Ihnen nicht vor, was zu tun ist. Vielmehr vertraut Colt seinen Besch\u00e4ftigten, die auf der ganzen Welt zusammenkommen, um intelligente L\u00f6sungen zu schaffen. Die globalen Teams von Colt bestehen aus ehrgeizigen, motivierten Menschen, die miteinander auf ein gemeinsames Ziel&#8230;<\/p>\n","protected":false},"author":2,"featured_media":0,"parent":0,"menu_order":0,"comment_status":"closed","ping_status":"closed","template":"","meta":{"_acf_changed":false,"footnotes":""},"colt_type":[],"colt_products":[],"class_list":["post-34123","page","type-page","status-publish","hentry"],"acf":[],"yoast_head":"<!-- This site is optimized with the Yoast SEO plugin v26.8 - https:\/\/yoast.com\/product\/yoast-seo-wordpress\/ -->\n<title>Karriere bei Colt | Colt Technology Services | DE<\/title>\n<meta name=\"description\" content=\"Karriere bei Colt Colt Technology Services\" \/>\n<meta name=\"robots\" content=\"noindex, follow, max-snippet:-1, max-image-preview:large, max-video-preview:-1\" \/>\n<meta property=\"og:locale\" content=\"de_DE\" \/>\n<meta property=\"og:type\" content=\"article\" \/>\n<meta property=\"og:title\" content=\"Karriere bei Colt | Colt Technology Services | DE\" \/>\n<meta property=\"og:description\" content=\"Karriere bei Colt Colt Technology Services\" \/>\n<meta property=\"og:url\" content=\"https:\/\/legacy.colt.net\/de\/karriere\/\" \/>\n<meta property=\"og:site_name\" content=\"Colt Technology Services\" \/>\n<meta property=\"article:publisher\" content=\"https:\/\/www.facebook.com\/ColtTechnologyServices\/\" \/>\n<meta property=\"article:modified_time\" content=\"2023-10-12T10:18:18+00:00\" \/>\n<meta property=\"og:image\" content=\"https:\/\/legacy.colt.net\/wp-content\/uploads\/2021\/01\/Brand-2021-Stock-3.jpg\" \/>\n\t<meta property=\"og:image:width\" content=\"1000\" \/>\n\t<meta property=\"og:image:height\" content=\"667\" \/>\n\t<meta property=\"og:image:type\" content=\"image\/jpeg\" \/>\n<meta name=\"twitter:card\" content=\"summary_large_image\" \/>\n<meta name=\"twitter:site\" content=\"@colt_technology\" \/>\n<meta name=\"twitter:label1\" content=\"Est. reading time\" \/>\n\t<meta name=\"twitter:data1\" content=\"5 minutes\" \/>\n<script type=\"application\/ld+json\" class=\"yoast-schema-graph\">{\"@context\":\"https:\/\/schema.org\",\"@graph\":[{\"@type\":\"WebPage\",\"@id\":\"https:\/\/legacy.colt.net\/de\/karriere\/\",\"url\":\"https:\/\/legacy.colt.net\/de\/karriere\/\",\"name\":\"Karriere bei Colt | Colt Technology Services | DE\",\"isPartOf\":{\"@id\":\"https:\/\/legacy.colt.net\/#website\"},\"primaryImageOfPage\":{\"@id\":\"https:\/\/legacy.colt.net\/de\/karriere\/#primaryimage\"},\"image\":{\"@id\":\"https:\/\/legacy.colt.net\/de\/karriere\/#primaryimage\"},\"thumbnailUrl\":\"https:\/\/legacy.colt.net\/wp-content\/uploads\/2023\/02\/MYM-04-transparent-background-1.png\",\"datePublished\":\"2019-03-08T09:16:00+00:00\",\"dateModified\":\"2023-10-12T10:18:18+00:00\",\"description\":\"Karriere bei Colt Colt Technology Services\",\"breadcrumb\":{\"@id\":\"https:\/\/legacy.colt.net\/de\/karriere\/#breadcrumb\"},\"inLanguage\":\"de-DE\",\"potentialAction\":[{\"@type\":\"ReadAction\",\"target\":[\"https:\/\/legacy.colt.net\/de\/karriere\/\"]}]},{\"@type\":\"ImageObject\",\"inLanguage\":\"de-DE\",\"@id\":\"https:\/\/legacy.colt.net\/de\/karriere\/#primaryimage\",\"url\":\"https:\/\/legacy.colt.net\/wp-content\/uploads\/2023\/02\/MYM-04-transparent-background-1.png\",\"contentUrl\":\"https:\/\/legacy.colt.net\/wp-content\/uploads\/2023\/02\/MYM-04-transparent-background-1.png\"},{\"@type\":\"BreadcrumbList\",\"@id\":\"https:\/\/legacy.colt.net\/de\/karriere\/#breadcrumb\",\"itemListElement\":[{\"@type\":\"ListItem\",\"position\":1,\"name\":\"Home\",\"item\":\"https:\/\/legacy.colt.net\/de\/\"},{\"@type\":\"ListItem\",\"position\":2,\"name\":\"Karriere bei Colt\"}]},{\"@type\":\"WebSite\",\"@id\":\"https:\/\/legacy.colt.net\/#website\",\"url\":\"https:\/\/legacy.colt.net\/\",\"name\":\"Colt\u30c6\u30af\u30ce\u30ed\u30b8\u30fc\u30b5\u30fc\u30d3\u30b9\u682a\u5f0f\u4f1a\u793e\",\"description\":\"Managed Network &amp; Voice Services Provider\",\"publisher\":{\"@id\":\"https:\/\/legacy.colt.net\/#organization\"},\"potentialAction\":[{\"@type\":\"SearchAction\",\"target\":{\"@type\":\"EntryPoint\",\"urlTemplate\":\"https:\/\/legacy.colt.net\/?s={search_term_string}\"},\"query-input\":{\"@type\":\"PropertyValueSpecification\",\"valueRequired\":true,\"valueName\":\"search_term_string\"}}],\"inLanguage\":\"de-DE\"},{\"@type\":\"Organization\",\"@id\":\"https:\/\/legacy.colt.net\/#organization\",\"name\":\"Colt Technology Services\",\"url\":\"https:\/\/legacy.colt.net\/\",\"logo\":{\"@type\":\"ImageObject\",\"inLanguage\":\"de-DE\",\"@id\":\"https:\/\/legacy.colt.net\/#\/schema\/logo\/image\/\",\"url\":\"https:\/\/legacy.colt.net\/wp-content\/uploads\/2019\/02\/Colt-Logo.png\",\"contentUrl\":\"https:\/\/legacy.colt.net\/wp-content\/uploads\/2019\/02\/Colt-Logo.png\",\"width\":195,\"height\":77,\"caption\":\"Colt Technology Services\"},\"image\":{\"@id\":\"https:\/\/legacy.colt.net\/#\/schema\/logo\/image\/\"},\"sameAs\":[\"https:\/\/www.facebook.com\/ColtTechnologyServices\/\",\"https:\/\/x.com\/colt_technology\",\"https:\/\/www.instagram.com\/colttechnologyservices\/\",\"https:\/\/www.linkedin.com\/company\/colt-technology-services\",\"https:\/\/www.youtube.com\/user\/ColtTechnology\"]}]}<\/script>\n<!-- \/ Yoast SEO plugin. -->","yoast_head_json":{"title":"Karriere bei Colt | Colt Technology Services | DE","description":"Karriere bei Colt Colt Technology Services","robots":{"index":"noindex","follow":"follow","max-snippet":"max-snippet:-1","max-image-preview":"max-image-preview:large","max-video-preview":"max-video-preview:-1"},"og_locale":"de_DE","og_type":"article","og_title":"Karriere bei Colt | Colt Technology Services | DE","og_description":"Karriere bei Colt Colt Technology Services","og_url":"https:\/\/legacy.colt.net\/de\/karriere\/","og_site_name":"Colt Technology Services","article_publisher":"https:\/\/www.facebook.com\/ColtTechnologyServices\/","article_modified_time":"2023-10-12T10:18:18+00:00","og_image":[{"width":1000,"height":667,"url":"https:\/\/legacy.colt.net\/wp-content\/uploads\/2021\/01\/Brand-2021-Stock-3.jpg","type":"image\/jpeg"}],"twitter_card":"summary_large_image","twitter_site":"@colt_technology","twitter_misc":{"Est. reading time":"5 minutes"},"schema":{"@context":"https:\/\/schema.org","@graph":[{"@type":"WebPage","@id":"https:\/\/legacy.colt.net\/de\/karriere\/","url":"https:\/\/legacy.colt.net\/de\/karriere\/","name":"Karriere bei Colt | Colt Technology Services | DE","isPartOf":{"@id":"https:\/\/legacy.colt.net\/#website"},"primaryImageOfPage":{"@id":"https:\/\/legacy.colt.net\/de\/karriere\/#primaryimage"},"image":{"@id":"https:\/\/legacy.colt.net\/de\/karriere\/#primaryimage"},"thumbnailUrl":"https:\/\/legacy.colt.net\/wp-content\/uploads\/2023\/02\/MYM-04-transparent-background-1.png","datePublished":"2019-03-08T09:16:00+00:00","dateModified":"2023-10-12T10:18:18+00:00","description":"Karriere bei Colt Colt Technology Services","breadcrumb":{"@id":"https:\/\/legacy.colt.net\/de\/karriere\/#breadcrumb"},"inLanguage":"de-DE","potentialAction":[{"@type":"ReadAction","target":["https:\/\/legacy.colt.net\/de\/karriere\/"]}]},{"@type":"ImageObject","inLanguage":"de-DE","@id":"https:\/\/legacy.colt.net\/de\/karriere\/#primaryimage","url":"https:\/\/legacy.colt.net\/wp-content\/uploads\/2023\/02\/MYM-04-transparent-background-1.png","contentUrl":"https:\/\/legacy.colt.net\/wp-content\/uploads\/2023\/02\/MYM-04-transparent-background-1.png"},{"@type":"BreadcrumbList","@id":"https:\/\/legacy.colt.net\/de\/karriere\/#breadcrumb","itemListElement":[{"@type":"ListItem","position":1,"name":"Home","item":"https:\/\/legacy.colt.net\/de\/"},{"@type":"ListItem","position":2,"name":"Karriere bei Colt"}]},{"@type":"WebSite","@id":"https:\/\/legacy.colt.net\/#website","url":"https:\/\/legacy.colt.net\/","name":"Colt\u30c6\u30af\u30ce\u30ed\u30b8\u30fc\u30b5\u30fc\u30d3\u30b9\u682a\u5f0f\u4f1a\u793e","description":"Managed Network &amp; Voice Services Provider","publisher":{"@id":"https:\/\/legacy.colt.net\/#organization"},"potentialAction":[{"@type":"SearchAction","target":{"@type":"EntryPoint","urlTemplate":"https:\/\/legacy.colt.net\/?s={search_term_string}"},"query-input":{"@type":"PropertyValueSpecification","valueRequired":true,"valueName":"search_term_string"}}],"inLanguage":"de-DE"},{"@type":"Organization","@id":"https:\/\/legacy.colt.net\/#organization","name":"Colt Technology Services","url":"https:\/\/legacy.colt.net\/","logo":{"@type":"ImageObject","inLanguage":"de-DE","@id":"https:\/\/legacy.colt.net\/#\/schema\/logo\/image\/","url":"https:\/\/legacy.colt.net\/wp-content\/uploads\/2019\/02\/Colt-Logo.png","contentUrl":"https:\/\/legacy.colt.net\/wp-content\/uploads\/2019\/02\/Colt-Logo.png","width":195,"height":77,"caption":"Colt Technology Services"},"image":{"@id":"https:\/\/legacy.colt.net\/#\/schema\/logo\/image\/"},"sameAs":["https:\/\/www.facebook.com\/ColtTechnologyServices\/","https:\/\/x.com\/colt_technology","https:\/\/www.instagram.com\/colttechnologyservices\/","https:\/\/www.linkedin.com\/company\/colt-technology-services","https:\/\/www.youtube.com\/user\/ColtTechnology"]}]}},"_links":{"self":[{"href":"https:\/\/legacy.colt.net\/de\/wp-json\/wp\/v2\/pages\/34123","targetHints":{"allow":["GET"]}}],"collection":[{"href":"https:\/\/legacy.colt.net\/de\/wp-json\/wp\/v2\/pages"}],"about":[{"href":"https:\/\/legacy.colt.net\/de\/wp-json\/wp\/v2\/types\/page"}],"author":[{"embeddable":true,"href":"https:\/\/legacy.colt.net\/de\/wp-json\/wp\/v2\/users\/2"}],"replies":[{"embeddable":true,"href":"https:\/\/legacy.colt.net\/de\/wp-json\/wp\/v2\/comments?post=34123"}],"version-history":[{"count":0,"href":"https:\/\/legacy.colt.net\/de\/wp-json\/wp\/v2\/pages\/34123\/revisions"}],"wp:attachment":[{"href":"https:\/\/legacy.colt.net\/de\/wp-json\/wp\/v2\/media?parent=34123"}],"wp:term":[{"taxonomy":"colt_type","embeddable":true,"href":"https:\/\/legacy.colt.net\/de\/wp-json\/wp\/v2\/colt_type?post=34123"},{"taxonomy":"colt_products","embeddable":true,"href":"https:\/\/legacy.colt.net\/de\/wp-json\/wp\/v2\/colt_products?post=34123"}],"curies":[{"name":"wp","href":"https:\/\/api.w.org\/{rel}","templated":true}]}}