{"id":148488,"date":"2025-02-10T09:44:56","date_gmt":"2025-02-10T09:44:56","guid":{"rendered":"https:\/\/www.colt.net\/?page_id=148488"},"modified":"2025-02-12T10:52:47","modified_gmt":"2025-02-12T10:52:47","slug":"berlinale","status":"publish","type":"page","link":"https:\/\/legacy.colt.net\/de\/berlinale\/","title":{"rendered":"Berlinale"},"content":{"rendered":"\n<h2>\n\t\tAu\u00dfergew\u00f6hnliches Kinoerlebnis &#8211; powered by NaaS\n\t<\/h2>\n<h2>\n\t\tMit der Network-as-a-Service-L\u00f6sung von Colt zeigt die Berlinale ihre Er\u00f6ffnungsgala in sieben weitere deutsche St\u00e4dte\n\t<\/h2>\n\t\t\t\t\t<img decoding=\"async\" src=\"https:\/\/i.ytimg.com\/vi\/wbgE6kbKvps\/maxresdefault.jpg\" alt=\"youtube-video-thumbnail\"\/>\n\t<p>Filmliebhaber in D\u00fcsseldorf, Frankfurt, Hamburg, K\u00f6ln, Leipzig, M\u00fcnchen, Stuttgart und nat\u00fcrlich Berlin k\u00f6nnen den Glanz und Glamour der Er\u00f6ffnungsgala bequem von ihren Kinos aus genie\u00dfen, die Zeremonie miterleben und sich auf eine exklusive Filmvorf\u00fchrung von \u201eDas Licht&#8221; von Tom Tykwer freuen.<\/p>\n<p>Ruth Welter, VP Sales Strategic Alliances, sagt: \u201e\u201eWir sind stolz darauf, dass die Berlinale erneut unsere preisgekr\u00f6nte NaaS-L\u00f6sung nutzen wird, um Filme und Veranstaltungen auf die flexibelste, skalierbarste und sicherste Weise zu zeigen.&#8221;<\/p>\n<p>Colt stellt mit dem innovativen IP-Dienst \u201eDIA &#8211; <a href=\"https:\/\/colt.net\/de\/product\/ip-access\/\">Dedicated Internet Access<\/a>&#8221; auf Basis eines <a href=\"https:\/\/colt.net\/de\/solution\/on-demand\/\">Network-as-a-Service-Anschlusses<\/a> (NaaS) den notwendigen Internetzugang f\u00fcr die \u00dcbertragung der Daten f\u00fcr den Live-Stream bereit.<\/p>\n\t<blockquote><p>\u201eUns ist es wichtig, den Filmproduzenten die Anlieferung m\u00f6glichst einfach zu machen und gleiche Bedingungen zu schaffen. Die Produzenten haben mehr Zeit f\u00fcr den Film und wir mehr Flexibilit\u00e4t, um auf m\u00f6gliche Probleme mit den Filmdaten zu reagieren. Colt ist als globaler Anbieter digitaler Infrastruktur der ideale Partner, da wir den Service weltweit einheitlich erm\u00f6glichen m\u00f6chten. <\/p>\n<p>Die Berlinale entwickelt sich kontinuierlich weiter und damit auch die technologischen Anforderungen. Wir sind sehr froh, dass wir uns seit \u00fcber 15 Jahren auf die Technologie und Expertise von Colt verlassen k\u00f6nnen, um diese Anforderungen umzusetzen&#8221;,<\/p>\n<h5><strong>Technischer Leiter Digitales Kino bei der Berlinale.<\/strong><\/h5>\n<\/blockquote>\n\t\t\t\t\t<img decoding=\"async\" src=\"https:\/\/legacy.colt.net\/wp-content\/uploads\/2025\/02\/thumbnail-YT-Berlinale-2024.jpg\" alt=\"\"\/>\n\t\t<h2>\n\t\t Seit 17 Jahren ein zuverl\u00e4ssiger Partner\n\t<\/h2>\n\t<p>Das Glasfasernetzwerk und der Netzknoten von Colt in Berlin bilden mit dem Film Office des Festivals das \u201edigitale Herz&#8221; der Berlinale. In elf Tagen erm\u00f6glicht die Infrastruktur die \u00dcbertragung von 2.000 Vorf\u00fchrungen in 19 Spielst\u00e4tten mit rund 43 Kinos\u00e4len. Die Leistungen reichen dabei von Netzwerkservices zur Daten\u00fcbertragung in Sendequalit\u00e4t bis zu nahtlosen Internetzug\u00e4ngen. Die Filmfestspiele profitieren von hochwertigen Services sowie konsequentem Qualit\u00e4tsmanagement und Monitoring, die sicherstellen, dass die Berlinale f\u00fcr alle internationalen Besucher zu einem Erlebnis wird.<\/p>\n<p>Seit 17 Jahren verbindet Colt die Berlinale mit dem digitalen Universum und spielt eine entscheidende Rolle bei der nahtlosen \u00dcbertragung und Verteilung von Filmdaten.<\/p>\n<p>Neben der technologischen Weiterentwicklung des digitalen Kinos treibt Colt auch Innovationen in seinem eigenen Glasfasernetz auf der Berlinale voran, wie etwa die quantenbasierte Verschl\u00fcsselung.<\/p>\n\t\t\t\t<img loading=\"lazy\" decoding=\"async\" src=\"https:\/\/legacy.colt.net\/wp-content\/uploads\/2024\/09\/Colt-On-Demand-Logo-1-Colour-White.png\" alt=\"Colt-On-Demand-Logo-1-Colour-White\" itemprop=\"image\" height=\"294\" width=\"794\" title=\"Colt-On-Demand-Logo-1-Colour-White\" onerror=\"this.style.display='none'\"  \/>\n<h2>\n\t\tWillkommen bei der agilen digitalen Infrastruktur \n\t<\/h2>\n\t<p>Stellen Sie sich eine hochmoderne digitale Infrastruktur vor, die genau das tut, was Sie brauchen, wenn Sie es brauchen. Sie erhalten innerhalb von Minuten Zugang zu einem globalen Glasfasernetz, zu Cloud-Anbietern und zu modernsten Anwendungen.<\/p>\n<p>Sie entscheiden, wie Sie sich verbinden, wo und wie Sie wollen, \u00fcber ein preisgekr\u00f6ntes Portal, innovative APIs oder als Erweiterung Ihres eigenen Netzes. Das ist End-to-End-Konnektivit\u00e4t, bei der Sie die Kontrolle haben<\/p>\n\t\t\t<a href=\"https:\/\/colt.net\/de\/solutions\/on-demand\/\" target=\"_self\">\n\t\t\t\t\t\t\tColt NaaS entdecken \n\t\t\t\t\t<\/a>\n<h2>\n\t\tWas ist Ihr heutiges Ziel? \n\t<\/h2>\n\t\t\t\t<img decoding=\"async\" src=\"https:\/\/legacy.colt.net\/wp-content\/uploads\/2023\/11\/ethernet-banner-1-1.png\" alt=\"ethernet-banner-1\" title=\"ethernet-banner-1\" itemprop=\"image\"\/>\n\t\t<h3>1. Anschluss an das Colt-Netzwerk<\/h3>\t\t\t\n\t\t\t\t<p>Unser Netzwerk verbindet mehr als 32.000 Geb\u00e4ude direkt und Millionen weitere \u00fcber unsere zahlreichen weltweiten Partner, die globale Unternehmen mit hohen Bandbreitenanforderungen versorgen. Finden Sie heraus, ob Sie jetzt mit Colt verbunden sind.<\/p>\n\t\t\t<a href=\"https:\/\/legacy.colt.net\/de\/connect\/\" title=\"Click Here\" target=\"_blank\" rel=\"noopener\"  role=\"button\" aria-label=\"&lt;b&gt;Jetzt Verf\u00fcgbarkeit pr\u00fcfen&lt;\/b&gt;\">\n\t\t\t\t\t\t\t\t\t\t\t<b>Jetzt Verf\u00fcgbarkeit pr\u00fcfen<\/b>\n\t\t<\/a>\n\t\t\t\t<img decoding=\"async\" src=\"https:\/\/legacy.colt.net\/wp-content\/uploads\/2024\/02\/cic2.png\" alt=\"cic2\" title=\"cic2\" itemprop=\"image\"\/>\n\t\t<h3>2. Erfahren Sie mehr \u00fcber digitale Infrastruktur<\/h3>\t\t\t\n\t\t\t\t<p>In Zusammenarbeit mit Experten haben wir Hunderte von Leitf\u00e4den, Whitepapers und Blogs zu einer Reihe von Technologie- und Infrastrukturthemen sowie Videos, Webinare und Lightning Talks erstellt. Im Folgenden erfahren Sie mehr \u00fcber diese Themen.<\/p>\n\t\t\t<a href=\"https:\/\/legacy.colt.net\/de\/resources\/\" title=\"Click Here\" target=\"_blank\" rel=\"noopener\"  role=\"button\" aria-label=\"&lt;b&gt;Weiterlesen&lt;\/b&gt;\">\n\t\t\t\t\t\t\t<b>Weiterlesen<\/b>\n\t\t<\/a>\n\t\t\t\t<img decoding=\"async\" src=\"https:\/\/legacy.colt.net\/wp-content\/uploads\/2024\/04\/professional-services.png\" alt=\"professional-services\" title=\"professional-services\" itemprop=\"image\"\/>\n\t\t<h3>3. Entdecken Sie unsere Erfolgsgeschichten<\/h3>\t\t\t\n\t\t\t\t<p>Wir arbeiten mit globalen Unternehmen zusammen, um erstklassige Konnektivit\u00e4tsl\u00f6sungen bereitzustellen. Wir bieten eine Reihe von Professional und Managed Services an, damit Sie genau die richtige L\u00f6sung f\u00fcr Ihr Unternehmen finden. Lesen Sie mehr \u00fcber die Erfolgsgeschichten einiger unserer Kunden.<\/p>\n\t\t\t<a href=\"https:\/\/legacy.colt.net\/de\/resources\/type\/case-studies\/\" title=\"Click Here\" target=\"_blank\" rel=\"noopener\"  role=\"button\" aria-label=\"&lt;b&gt;Weiterlesen&lt;\/b&gt;\">\n\t\t\t\t\t\t\t<b>Weiterlesen<\/b>\n\t\t<\/a>\n\n","protected":false},"excerpt":{"rendered":"<p>Au\u00dfergew\u00f6hnliches Kinoerlebnis &#8211; powered by NaaS Mit der Network-as-a-Service-L\u00f6sung von Colt zeigt die Berlinale ihre Er\u00f6ffnungsgala in sieben weitere deutsche St\u00e4dte Filmliebhaber in D\u00fcsseldorf, Frankfurt, Hamburg, K\u00f6ln, Leipzig, M\u00fcnchen, Stuttgart und nat\u00fcrlich Berlin k\u00f6nnen den Glanz und Glamour der Er\u00f6ffnungsgala bequem von ihren Kinos aus genie\u00dfen, die Zeremonie miterleben und sich auf eine exklusive Filmvorf\u00fchrung&#8230;<\/p>\n","protected":false},"author":2,"featured_media":148560,"parent":0,"menu_order":0,"comment_status":"closed","ping_status":"closed","template":"","meta":{"_acf_changed":false,"footnotes":""},"colt_type":[],"colt_products":[],"class_list":["post-148488","page","type-page","status-publish","has-post-thumbnail","hentry"],"acf":[],"yoast_head":"<!-- This site is optimized with the Yoast SEO plugin v26.8 - https:\/\/yoast.com\/product\/yoast-seo-wordpress\/ -->\n<title>Au\u00dfergew\u00f6hnliches Kinoerlebnis \u2013 powered by NaaS<\/title>\n<meta name=\"description\" content=\"Mit der Network-as-a-Service-L\u00f6sung von Colt zeigt die Berlinale ihre Er\u00f6ffnungsgala in sieben weitere deutsche St\u00e4dte\" \/>\n<meta name=\"robots\" content=\"noindex, follow, max-snippet:-1, max-image-preview:large, max-video-preview:-1\" \/>\n<meta property=\"og:locale\" content=\"de_DE\" \/>\n<meta property=\"og:type\" content=\"article\" \/>\n<meta property=\"og:title\" content=\"Au\u00dfergew\u00f6hnliches Kinoerlebnis \u2013 powered by NaaS\" \/>\n<meta property=\"og:description\" content=\"Mit der Network-as-a-Service-L\u00f6sung von Colt zeigt die Berlinale ihre Er\u00f6ffnungsgala in sieben weitere deutsche St\u00e4dte\" \/>\n<meta property=\"og:url\" content=\"https:\/\/legacy.colt.net\/de\/berlinale\/\" \/>\n<meta property=\"og:site_name\" content=\"Colt Technology Services\" \/>\n<meta property=\"article:publisher\" content=\"https:\/\/www.facebook.com\/ColtTechnologyServices\/\" \/>\n<meta property=\"article:modified_time\" content=\"2025-02-12T10:52:47+00:00\" \/>\n<meta property=\"og:image\" content=\"https:\/\/legacy.colt.net\/wp-content\/uploads\/2025\/02\/Berlinale_On-Demand.png\" \/>\n\t<meta property=\"og:image:width\" content=\"441\" \/>\n\t<meta property=\"og:image:height\" content=\"308\" \/>\n\t<meta property=\"og:image:type\" content=\"image\/png\" \/>\n<meta name=\"twitter:card\" content=\"summary_large_image\" \/>\n<meta name=\"twitter:image\" content=\"https:\/\/legacy.colt.net\/wp-content\/uploads\/2025\/02\/Berlinale_On-Demand.png\" \/>\n<meta name=\"twitter:site\" content=\"@colt_technology\" \/>\n<meta name=\"twitter:label1\" content=\"Est. reading time\" \/>\n\t<meta name=\"twitter:data1\" content=\"4 minutes\" \/>\n<script type=\"application\/ld+json\" class=\"yoast-schema-graph\">{\"@context\":\"https:\/\/schema.org\",\"@graph\":[{\"@type\":\"WebPage\",\"@id\":\"https:\/\/legacy.colt.net\/de\/berlinale\/\",\"url\":\"https:\/\/legacy.colt.net\/de\/berlinale\/\",\"name\":\"Au\u00dfergew\u00f6hnliches Kinoerlebnis \u2013 powered by NaaS\",\"isPartOf\":{\"@id\":\"https:\/\/legacy.colt.net\/#website\"},\"primaryImageOfPage\":{\"@id\":\"https:\/\/legacy.colt.net\/de\/berlinale\/#primaryimage\"},\"image\":{\"@id\":\"https:\/\/legacy.colt.net\/de\/berlinale\/#primaryimage\"},\"thumbnailUrl\":\"https:\/\/legacy.colt.net\/wp-content\/uploads\/2025\/02\/Berlinale_On-Demand.png\",\"datePublished\":\"2025-02-10T09:44:56+00:00\",\"dateModified\":\"2025-02-12T10:52:47+00:00\",\"description\":\"Mit der Network-as-a-Service-L\u00f6sung von Colt zeigt die Berlinale ihre Er\u00f6ffnungsgala in sieben weitere deutsche St\u00e4dte\",\"breadcrumb\":{\"@id\":\"https:\/\/legacy.colt.net\/de\/berlinale\/#breadcrumb\"},\"inLanguage\":\"de-DE\",\"potentialAction\":[{\"@type\":\"ReadAction\",\"target\":[\"https:\/\/legacy.colt.net\/de\/berlinale\/\"]}]},{\"@type\":\"ImageObject\",\"inLanguage\":\"de-DE\",\"@id\":\"https:\/\/legacy.colt.net\/de\/berlinale\/#primaryimage\",\"url\":\"https:\/\/legacy.colt.net\/wp-content\/uploads\/2025\/02\/Berlinale_On-Demand.png\",\"contentUrl\":\"https:\/\/legacy.colt.net\/wp-content\/uploads\/2025\/02\/Berlinale_On-Demand.png\",\"width\":441,\"height\":308},{\"@type\":\"BreadcrumbList\",\"@id\":\"https:\/\/legacy.colt.net\/de\/berlinale\/#breadcrumb\",\"itemListElement\":[{\"@type\":\"ListItem\",\"position\":1,\"name\":\"Home\",\"item\":\"https:\/\/legacy.colt.net\/de\/\"},{\"@type\":\"ListItem\",\"position\":2,\"name\":\"Berlinale\"}]},{\"@type\":\"WebSite\",\"@id\":\"https:\/\/legacy.colt.net\/#website\",\"url\":\"https:\/\/legacy.colt.net\/\",\"name\":\"Colt\u30c6\u30af\u30ce\u30ed\u30b8\u30fc\u30b5\u30fc\u30d3\u30b9\u682a\u5f0f\u4f1a\u793e\",\"description\":\"Managed Network &amp; Voice Services Provider\",\"publisher\":{\"@id\":\"https:\/\/legacy.colt.net\/#organization\"},\"potentialAction\":[{\"@type\":\"SearchAction\",\"target\":{\"@type\":\"EntryPoint\",\"urlTemplate\":\"https:\/\/legacy.colt.net\/?s={search_term_string}\"},\"query-input\":{\"@type\":\"PropertyValueSpecification\",\"valueRequired\":true,\"valueName\":\"search_term_string\"}}],\"inLanguage\":\"de-DE\"},{\"@type\":\"Organization\",\"@id\":\"https:\/\/legacy.colt.net\/#organization\",\"name\":\"Colt Technology Services\",\"url\":\"https:\/\/legacy.colt.net\/\",\"logo\":{\"@type\":\"ImageObject\",\"inLanguage\":\"de-DE\",\"@id\":\"https:\/\/legacy.colt.net\/#\/schema\/logo\/image\/\",\"url\":\"https:\/\/legacy.colt.net\/wp-content\/uploads\/2019\/02\/Colt-Logo.png\",\"contentUrl\":\"https:\/\/legacy.colt.net\/wp-content\/uploads\/2019\/02\/Colt-Logo.png\",\"width\":195,\"height\":77,\"caption\":\"Colt Technology Services\"},\"image\":{\"@id\":\"https:\/\/legacy.colt.net\/#\/schema\/logo\/image\/\"},\"sameAs\":[\"https:\/\/www.facebook.com\/ColtTechnologyServices\/\",\"https:\/\/x.com\/colt_technology\",\"https:\/\/www.instagram.com\/colttechnologyservices\/\",\"https:\/\/www.linkedin.com\/company\/colt-technology-services\",\"https:\/\/www.youtube.com\/user\/ColtTechnology\"]}]}<\/script>\n<!-- \/ Yoast SEO plugin. -->","yoast_head_json":{"title":"Au\u00dfergew\u00f6hnliches Kinoerlebnis \u2013 powered by NaaS","description":"Mit der Network-as-a-Service-L\u00f6sung von Colt zeigt die Berlinale ihre Er\u00f6ffnungsgala in sieben weitere deutsche St\u00e4dte","robots":{"index":"noindex","follow":"follow","max-snippet":"max-snippet:-1","max-image-preview":"max-image-preview:large","max-video-preview":"max-video-preview:-1"},"og_locale":"de_DE","og_type":"article","og_title":"Au\u00dfergew\u00f6hnliches Kinoerlebnis \u2013 powered by NaaS","og_description":"Mit der Network-as-a-Service-L\u00f6sung von Colt zeigt die Berlinale ihre Er\u00f6ffnungsgala in sieben weitere deutsche St\u00e4dte","og_url":"https:\/\/legacy.colt.net\/de\/berlinale\/","og_site_name":"Colt Technology Services","article_publisher":"https:\/\/www.facebook.com\/ColtTechnologyServices\/","article_modified_time":"2025-02-12T10:52:47+00:00","og_image":[{"width":441,"height":308,"url":"https:\/\/legacy.colt.net\/wp-content\/uploads\/2025\/02\/Berlinale_On-Demand.png","type":"image\/png"}],"twitter_card":"summary_large_image","twitter_image":"https:\/\/legacy.colt.net\/wp-content\/uploads\/2025\/02\/Berlinale_On-Demand.png","twitter_site":"@colt_technology","twitter_misc":{"Est. reading time":"4 minutes"},"schema":{"@context":"https:\/\/schema.org","@graph":[{"@type":"WebPage","@id":"https:\/\/legacy.colt.net\/de\/berlinale\/","url":"https:\/\/legacy.colt.net\/de\/berlinale\/","name":"Au\u00dfergew\u00f6hnliches Kinoerlebnis \u2013 powered by NaaS","isPartOf":{"@id":"https:\/\/legacy.colt.net\/#website"},"primaryImageOfPage":{"@id":"https:\/\/legacy.colt.net\/de\/berlinale\/#primaryimage"},"image":{"@id":"https:\/\/legacy.colt.net\/de\/berlinale\/#primaryimage"},"thumbnailUrl":"https:\/\/legacy.colt.net\/wp-content\/uploads\/2025\/02\/Berlinale_On-Demand.png","datePublished":"2025-02-10T09:44:56+00:00","dateModified":"2025-02-12T10:52:47+00:00","description":"Mit der Network-as-a-Service-L\u00f6sung von Colt zeigt die Berlinale ihre Er\u00f6ffnungsgala in sieben weitere deutsche St\u00e4dte","breadcrumb":{"@id":"https:\/\/legacy.colt.net\/de\/berlinale\/#breadcrumb"},"inLanguage":"de-DE","potentialAction":[{"@type":"ReadAction","target":["https:\/\/legacy.colt.net\/de\/berlinale\/"]}]},{"@type":"ImageObject","inLanguage":"de-DE","@id":"https:\/\/legacy.colt.net\/de\/berlinale\/#primaryimage","url":"https:\/\/legacy.colt.net\/wp-content\/uploads\/2025\/02\/Berlinale_On-Demand.png","contentUrl":"https:\/\/legacy.colt.net\/wp-content\/uploads\/2025\/02\/Berlinale_On-Demand.png","width":441,"height":308},{"@type":"BreadcrumbList","@id":"https:\/\/legacy.colt.net\/de\/berlinale\/#breadcrumb","itemListElement":[{"@type":"ListItem","position":1,"name":"Home","item":"https:\/\/legacy.colt.net\/de\/"},{"@type":"ListItem","position":2,"name":"Berlinale"}]},{"@type":"WebSite","@id":"https:\/\/legacy.colt.net\/#website","url":"https:\/\/legacy.colt.net\/","name":"Colt\u30c6\u30af\u30ce\u30ed\u30b8\u30fc\u30b5\u30fc\u30d3\u30b9\u682a\u5f0f\u4f1a\u793e","description":"Managed Network &amp; Voice Services Provider","publisher":{"@id":"https:\/\/legacy.colt.net\/#organization"},"potentialAction":[{"@type":"SearchAction","target":{"@type":"EntryPoint","urlTemplate":"https:\/\/legacy.colt.net\/?s={search_term_string}"},"query-input":{"@type":"PropertyValueSpecification","valueRequired":true,"valueName":"search_term_string"}}],"inLanguage":"de-DE"},{"@type":"Organization","@id":"https:\/\/legacy.colt.net\/#organization","name":"Colt Technology Services","url":"https:\/\/legacy.colt.net\/","logo":{"@type":"ImageObject","inLanguage":"de-DE","@id":"https:\/\/legacy.colt.net\/#\/schema\/logo\/image\/","url":"https:\/\/legacy.colt.net\/wp-content\/uploads\/2019\/02\/Colt-Logo.png","contentUrl":"https:\/\/legacy.colt.net\/wp-content\/uploads\/2019\/02\/Colt-Logo.png","width":195,"height":77,"caption":"Colt Technology Services"},"image":{"@id":"https:\/\/legacy.colt.net\/#\/schema\/logo\/image\/"},"sameAs":["https:\/\/www.facebook.com\/ColtTechnologyServices\/","https:\/\/x.com\/colt_technology","https:\/\/www.instagram.com\/colttechnologyservices\/","https:\/\/www.linkedin.com\/company\/colt-technology-services","https:\/\/www.youtube.com\/user\/ColtTechnology"]}]}},"_links":{"self":[{"href":"https:\/\/legacy.colt.net\/de\/wp-json\/wp\/v2\/pages\/148488","targetHints":{"allow":["GET"]}}],"collection":[{"href":"https:\/\/legacy.colt.net\/de\/wp-json\/wp\/v2\/pages"}],"about":[{"href":"https:\/\/legacy.colt.net\/de\/wp-json\/wp\/v2\/types\/page"}],"author":[{"embeddable":true,"href":"https:\/\/legacy.colt.net\/de\/wp-json\/wp\/v2\/users\/2"}],"replies":[{"embeddable":true,"href":"https:\/\/legacy.colt.net\/de\/wp-json\/wp\/v2\/comments?post=148488"}],"version-history":[{"count":0,"href":"https:\/\/legacy.colt.net\/de\/wp-json\/wp\/v2\/pages\/148488\/revisions"}],"wp:featuredmedia":[{"embeddable":true,"href":"https:\/\/legacy.colt.net\/de\/wp-json\/wp\/v2\/media\/148560"}],"wp:attachment":[{"href":"https:\/\/legacy.colt.net\/de\/wp-json\/wp\/v2\/media?parent=148488"}],"wp:term":[{"taxonomy":"colt_type","embeddable":true,"href":"https:\/\/legacy.colt.net\/de\/wp-json\/wp\/v2\/colt_type?post=148488"},{"taxonomy":"colt_products","embeddable":true,"href":"https:\/\/legacy.colt.net\/de\/wp-json\/wp\/v2\/colt_products?post=148488"}],"curies":[{"name":"wp","href":"https:\/\/api.w.org\/{rel}","templated":true}]}}