{"id":129757,"date":"2024-03-06T15:41:29","date_gmt":"2024-03-06T15:41:29","guid":{"rendered":"https:\/\/www.colt.net\/?page_id=129757"},"modified":"2024-03-06T15:44:53","modified_gmt":"2024-03-06T15:44:53","slug":"dan-harris","status":"publish","type":"page","link":"https:\/\/legacy.colt.net\/de\/about\/leadership\/dan-harris\/","title":{"rendered":"Dan Harris"},"content":{"rendered":"\n\n\t<nav class=\"breadcrumb\"><span><span><a href=\"https:\/\/legacy.colt.net\/de\/\">Home<\/a><\/span><\/span><\/nav>\n\t\t\t\t<img loading=\"lazy\" decoding=\"async\" src=\"https:\/\/legacy.colt.net\/wp-content\/uploads\/2024\/02\/Dan_Harris.jpeg\" alt=\"Dan_Harris\" itemprop=\"image\" height=\"960\" width=\"641\" title=\"Dan_Harris\" onerror=\"this.style.display='none'\"  \/>\n<h3>\n\t\tDan Harris\n\t<\/h3>\n<h4>\n\t\tChief Financial Officer\n\t<\/h4>\n\t<p>Dan Harris ist Chief Financial Officer von Colt Technology Services und leitet den Bereich f\u00fcr die Bereitstellung der globalen Finanzkennzahlen von Colt und die Integration von Lumen EMEA, w\u00e4hrend er gleichzeitig die Wachstumsambitionen von Colt vorantreibt.<\/p>\n<p>Als erfahrene F\u00fchrungskraft im Finanzbereich und qualifizierter Buchhalter verf\u00fcgt Dan \u00fcber einen reichen Erfahrungsschatz in verschiedenen Finanz- und Gesch\u00e4ftsfunktionen. Vor seinem Wechsel zu Colt bekleidete Dan F\u00fchrungspositionen bei Adecco\u00a0&#8211; zuletzt als Global Senior Vice President f\u00fcr Berichterstattung, Planung und Business Intelligence und zuvor als Chief Financial Officer von Adecco f\u00fcr das Gesch\u00e4ft im Vereinigten K\u00f6nigreich und Irland.<\/p>\n<p>Angetrieben von einer Leidenschaft f\u00fcr Innovation, Ver\u00e4nderung und Strategie konzentriert sich Dan darauf, sein finanzielles und wirtschaftliches Fachwissen zu nutzen, um das Wachstum, die Effizienz und den Wert des Unternehmens zu steigern.<\/p>\n<p>Davor bekleidete Dan die Position des EMEA CFO bei Ciena Inc. und war einige Jahre bei BT plc t\u00e4tig, wo er eine Reihe von F\u00fchrungspositionen inne hatte, darunter Group Finance Operations Director, SME Finance Director und Head of Finance Integration.<\/p>\n<p>Dan lebt mit seiner Frau und seinen vier Kindern in Z\u00fcrich in der Schweiz.<\/p>\n\t\t\t\t\t\t<h4>\n\t\t\t\t<a href=https:\/\/legacy.colt.net\/de\/resources\/secure-beyond-borders\/ title=\"Grenzenlose Sicherheit - Ihr Leitfaden f\u00fcr die perfekte SASE-Implementierung\" tabindex=\"0\">Grenzenlose Sicherheit &#8211; Ihr Leitfaden f\u00fcr die perfekte SASE-Implementierung<\/a>\t\t\t<\/h4>\n\t\t\t<a href=\"https:\/\/legacy.colt.net\/de\/resources\/secure-beyond-borders\/\" target=\"_self\" rel=\"noopener\">Read More &#8594;<\/a>\t\t\n\t\t\t\t\t\t<h4>\n\t\t\t\t<a href=https:\/\/legacy.colt.net\/de\/resources\/schnellste-business-anbindung-in-berlin-mitte\/ title=\"Schnellste Business Anbindung in Berlin Mitte\" tabindex=\"0\">Schnellste Business Anbindung in Berlin Mitte<\/a>\t\t\t<\/h4>\n\t\t\t<a href=\"https:\/\/legacy.colt.net\/de\/resources\/schnellste-business-anbindung-in-berlin-mitte\/\" target=\"_self\" rel=\"noopener\">Read More &#8594;<\/a>\t\t\n\t\t\t\t\t\t<h4>\n\t\t\t\t<a href=https:\/\/legacy.colt.net\/de\/resources\/colt-erweitert-network-as-a-service-auf-10-neue-laender-und-fuehrt-neuen-energiesparenden-virtuellen-router-ein\/ title=\"Colt erweitert Network-as-a-Service auf 10 neue L\u00e4nder und f\u00fchrt neuen energiesparenden, virtuellen Router ein\" tabindex=\"0\">Colt erweitert Network-as-a-Service auf 10 neue L\u00e4nder und f\u00fchrt neuen energiesparenden, virtuellen Router ein<\/a>\t\t\t<\/h4>\n\t\t\t<a href=\"https:\/\/legacy.colt.net\/de\/resources\/colt-erweitert-network-as-a-service-auf-10-neue-laender-und-fuehrt-neuen-energiesparenden-virtuellen-router-ein\/\" target=\"_self\" rel=\"noopener\">Read More &#8594;<\/a>\t\t\n\t\t\t\t\t\t<h4>\n\t\t\t\t<a href=https:\/\/legacy.colt.net\/de\/resources\/erreichbarkeit-ist-die-beste-medizin\/ title=\"Erreichbarkeit ist die beste Medizin\" tabindex=\"0\">Erreichbarkeit ist die beste Medizin<\/a>\t\t\t<\/h4>\n\t\t\t<a href=\"https:\/\/legacy.colt.net\/de\/resources\/erreichbarkeit-ist-die-beste-medizin\/\" target=\"_self\" rel=\"noopener\">Read More &#8594;<\/a>\t\t\n\n","protected":false},"excerpt":{"rendered":"<p>Dan Harris Chief Financial Officer Dan Harris ist Chief Financial Officer von Colt Technology Services und leitet den Bereich f\u00fcr die Bereitstellung der globalen Finanzkennzahlen von Colt und die Integration von Lumen EMEA, w\u00e4hrend er gleichzeitig die Wachstumsambitionen von Colt vorantreibt. Als erfahrene F\u00fchrungskraft im Finanzbereich und qualifizierter Buchhalter verf\u00fcgt Dan \u00fcber einen reichen Erfahrungsschatz&#8230;<\/p>\n","protected":false},"author":164,"featured_media":0,"parent":35346,"menu_order":0,"comment_status":"closed","ping_status":"closed","template":"","meta":{"_acf_changed":false,"footnotes":""},"colt_type":[],"colt_products":[],"class_list":["post-129757","page","type-page","status-publish","hentry"],"acf":[],"yoast_head":"<!-- This site is optimized with the Yoast SEO plugin v26.8 - https:\/\/yoast.com\/product\/yoast-seo-wordpress\/ -->\n<title>Dan Harris - Colt Technology Services<\/title>\n<meta name=\"description\" content=\"Dan Harris Colt Technology Services\" \/>\n<meta name=\"robots\" content=\"noindex, follow, max-snippet:-1, max-image-preview:large, max-video-preview:-1\" \/>\n<meta property=\"og:locale\" content=\"de_DE\" \/>\n<meta property=\"og:type\" content=\"article\" \/>\n<meta property=\"og:title\" content=\"Dan Harris - Colt Technology Services\" \/>\n<meta property=\"og:description\" content=\"Dan Harris Colt Technology Services\" \/>\n<meta property=\"og:url\" content=\"https:\/\/legacy.colt.net\/de\/about\/leadership\/dan-harris\/\" \/>\n<meta property=\"og:site_name\" content=\"Colt Technology Services\" \/>\n<meta property=\"article:publisher\" content=\"https:\/\/www.facebook.com\/ColtTechnologyServices\/\" \/>\n<meta property=\"article:modified_time\" content=\"2024-03-06T15:44:53+00:00\" \/>\n<meta property=\"og:image\" content=\"https:\/\/legacy.colt.net\/wp-content\/uploads\/2021\/01\/Brand-2021-Stock-15.jpg\" \/>\n\t<meta property=\"og:image:width\" content=\"1000\" \/>\n\t<meta property=\"og:image:height\" content=\"667\" \/>\n\t<meta property=\"og:image:type\" content=\"image\/jpeg\" \/>\n<meta name=\"twitter:card\" content=\"summary_large_image\" \/>\n<meta name=\"twitter:site\" content=\"@colt_technology\" \/>\n<meta name=\"twitter:label1\" content=\"Est. reading time\" \/>\n\t<meta name=\"twitter:data1\" content=\"2 minutes\" \/>\n<script type=\"application\/ld+json\" class=\"yoast-schema-graph\">{\"@context\":\"https:\/\/schema.org\",\"@graph\":[{\"@type\":\"WebPage\",\"@id\":\"https:\/\/legacy.colt.net\/de\/about\/leadership\/dan-harris\/\",\"url\":\"https:\/\/legacy.colt.net\/de\/about\/leadership\/dan-harris\/\",\"name\":\"Dan Harris - Colt Technology Services\",\"isPartOf\":{\"@id\":\"https:\/\/legacy.colt.net\/#website\"},\"primaryImageOfPage\":{\"@id\":\"https:\/\/legacy.colt.net\/de\/about\/leadership\/dan-harris\/#primaryimage\"},\"image\":{\"@id\":\"https:\/\/legacy.colt.net\/de\/about\/leadership\/dan-harris\/#primaryimage\"},\"thumbnailUrl\":\"https:\/\/legacy.colt.net\/wp-content\/uploads\/2024\/02\/Dan_Harris.jpeg\",\"datePublished\":\"2024-03-06T15:41:29+00:00\",\"dateModified\":\"2024-03-06T15:44:53+00:00\",\"description\":\"Dan Harris Colt Technology Services\",\"breadcrumb\":{\"@id\":\"https:\/\/legacy.colt.net\/de\/about\/leadership\/dan-harris\/#breadcrumb\"},\"inLanguage\":\"de-DE\",\"potentialAction\":[{\"@type\":\"ReadAction\",\"target\":[\"https:\/\/legacy.colt.net\/de\/about\/leadership\/dan-harris\/\"]}]},{\"@type\":\"ImageObject\",\"inLanguage\":\"de-DE\",\"@id\":\"https:\/\/legacy.colt.net\/de\/about\/leadership\/dan-harris\/#primaryimage\",\"url\":\"https:\/\/legacy.colt.net\/wp-content\/uploads\/2024\/02\/Dan_Harris.jpeg\",\"contentUrl\":\"https:\/\/legacy.colt.net\/wp-content\/uploads\/2024\/02\/Dan_Harris.jpeg\"},{\"@type\":\"BreadcrumbList\",\"@id\":\"https:\/\/legacy.colt.net\/de\/about\/leadership\/dan-harris\/#breadcrumb\",\"itemListElement\":[{\"@type\":\"ListItem\",\"position\":1,\"name\":\"Home\",\"item\":\"https:\/\/legacy.colt.net\/de\/\"},{\"@type\":\"ListItem\",\"position\":2,\"name\":\"\u00dcber Colt\",\"item\":\"https:\/\/legacy.colt.net\/de\/about\/\"},{\"@type\":\"ListItem\",\"position\":3,\"name\":\"Leadership\",\"item\":\"https:\/\/legacy.colt.net\/de\/about\/leadership\/\"},{\"@type\":\"ListItem\",\"position\":4,\"name\":\"Dan Harris\"}]},{\"@type\":\"WebSite\",\"@id\":\"https:\/\/legacy.colt.net\/#website\",\"url\":\"https:\/\/legacy.colt.net\/\",\"name\":\"Colt\u30c6\u30af\u30ce\u30ed\u30b8\u30fc\u30b5\u30fc\u30d3\u30b9\u682a\u5f0f\u4f1a\u793e\",\"description\":\"Managed Network &amp; Voice Services Provider\",\"publisher\":{\"@id\":\"https:\/\/legacy.colt.net\/#organization\"},\"potentialAction\":[{\"@type\":\"SearchAction\",\"target\":{\"@type\":\"EntryPoint\",\"urlTemplate\":\"https:\/\/legacy.colt.net\/?s={search_term_string}\"},\"query-input\":{\"@type\":\"PropertyValueSpecification\",\"valueRequired\":true,\"valueName\":\"search_term_string\"}}],\"inLanguage\":\"de-DE\"},{\"@type\":\"Organization\",\"@id\":\"https:\/\/legacy.colt.net\/#organization\",\"name\":\"Colt Technology Services\",\"url\":\"https:\/\/legacy.colt.net\/\",\"logo\":{\"@type\":\"ImageObject\",\"inLanguage\":\"de-DE\",\"@id\":\"https:\/\/legacy.colt.net\/#\/schema\/logo\/image\/\",\"url\":\"https:\/\/legacy.colt.net\/wp-content\/uploads\/2019\/02\/Colt-Logo.png\",\"contentUrl\":\"https:\/\/legacy.colt.net\/wp-content\/uploads\/2019\/02\/Colt-Logo.png\",\"width\":195,\"height\":77,\"caption\":\"Colt Technology Services\"},\"image\":{\"@id\":\"https:\/\/legacy.colt.net\/#\/schema\/logo\/image\/\"},\"sameAs\":[\"https:\/\/www.facebook.com\/ColtTechnologyServices\/\",\"https:\/\/x.com\/colt_technology\",\"https:\/\/www.instagram.com\/colttechnologyservices\/\",\"https:\/\/www.linkedin.com\/company\/colt-technology-services\",\"https:\/\/www.youtube.com\/user\/ColtTechnology\"]}]}<\/script>\n<!-- \/ Yoast SEO plugin. -->","yoast_head_json":{"title":"Dan Harris - Colt Technology Services","description":"Dan Harris Colt Technology Services","robots":{"index":"noindex","follow":"follow","max-snippet":"max-snippet:-1","max-image-preview":"max-image-preview:large","max-video-preview":"max-video-preview:-1"},"og_locale":"de_DE","og_type":"article","og_title":"Dan Harris - Colt Technology Services","og_description":"Dan Harris Colt Technology Services","og_url":"https:\/\/legacy.colt.net\/de\/about\/leadership\/dan-harris\/","og_site_name":"Colt Technology Services","article_publisher":"https:\/\/www.facebook.com\/ColtTechnologyServices\/","article_modified_time":"2024-03-06T15:44:53+00:00","og_image":[{"width":1000,"height":667,"url":"https:\/\/legacy.colt.net\/wp-content\/uploads\/2021\/01\/Brand-2021-Stock-15.jpg","type":"image\/jpeg"}],"twitter_card":"summary_large_image","twitter_site":"@colt_technology","twitter_misc":{"Est. reading time":"2 minutes"},"schema":{"@context":"https:\/\/schema.org","@graph":[{"@type":"WebPage","@id":"https:\/\/legacy.colt.net\/de\/about\/leadership\/dan-harris\/","url":"https:\/\/legacy.colt.net\/de\/about\/leadership\/dan-harris\/","name":"Dan Harris - Colt Technology Services","isPartOf":{"@id":"https:\/\/legacy.colt.net\/#website"},"primaryImageOfPage":{"@id":"https:\/\/legacy.colt.net\/de\/about\/leadership\/dan-harris\/#primaryimage"},"image":{"@id":"https:\/\/legacy.colt.net\/de\/about\/leadership\/dan-harris\/#primaryimage"},"thumbnailUrl":"https:\/\/legacy.colt.net\/wp-content\/uploads\/2024\/02\/Dan_Harris.jpeg","datePublished":"2024-03-06T15:41:29+00:00","dateModified":"2024-03-06T15:44:53+00:00","description":"Dan Harris Colt Technology Services","breadcrumb":{"@id":"https:\/\/legacy.colt.net\/de\/about\/leadership\/dan-harris\/#breadcrumb"},"inLanguage":"de-DE","potentialAction":[{"@type":"ReadAction","target":["https:\/\/legacy.colt.net\/de\/about\/leadership\/dan-harris\/"]}]},{"@type":"ImageObject","inLanguage":"de-DE","@id":"https:\/\/legacy.colt.net\/de\/about\/leadership\/dan-harris\/#primaryimage","url":"https:\/\/legacy.colt.net\/wp-content\/uploads\/2024\/02\/Dan_Harris.jpeg","contentUrl":"https:\/\/legacy.colt.net\/wp-content\/uploads\/2024\/02\/Dan_Harris.jpeg"},{"@type":"BreadcrumbList","@id":"https:\/\/legacy.colt.net\/de\/about\/leadership\/dan-harris\/#breadcrumb","itemListElement":[{"@type":"ListItem","position":1,"name":"Home","item":"https:\/\/legacy.colt.net\/de\/"},{"@type":"ListItem","position":2,"name":"\u00dcber Colt","item":"https:\/\/legacy.colt.net\/de\/about\/"},{"@type":"ListItem","position":3,"name":"Leadership","item":"https:\/\/legacy.colt.net\/de\/about\/leadership\/"},{"@type":"ListItem","position":4,"name":"Dan Harris"}]},{"@type":"WebSite","@id":"https:\/\/legacy.colt.net\/#website","url":"https:\/\/legacy.colt.net\/","name":"Colt\u30c6\u30af\u30ce\u30ed\u30b8\u30fc\u30b5\u30fc\u30d3\u30b9\u682a\u5f0f\u4f1a\u793e","description":"Managed Network &amp; Voice Services Provider","publisher":{"@id":"https:\/\/legacy.colt.net\/#organization"},"potentialAction":[{"@type":"SearchAction","target":{"@type":"EntryPoint","urlTemplate":"https:\/\/legacy.colt.net\/?s={search_term_string}"},"query-input":{"@type":"PropertyValueSpecification","valueRequired":true,"valueName":"search_term_string"}}],"inLanguage":"de-DE"},{"@type":"Organization","@id":"https:\/\/legacy.colt.net\/#organization","name":"Colt Technology Services","url":"https:\/\/legacy.colt.net\/","logo":{"@type":"ImageObject","inLanguage":"de-DE","@id":"https:\/\/legacy.colt.net\/#\/schema\/logo\/image\/","url":"https:\/\/legacy.colt.net\/wp-content\/uploads\/2019\/02\/Colt-Logo.png","contentUrl":"https:\/\/legacy.colt.net\/wp-content\/uploads\/2019\/02\/Colt-Logo.png","width":195,"height":77,"caption":"Colt Technology Services"},"image":{"@id":"https:\/\/legacy.colt.net\/#\/schema\/logo\/image\/"},"sameAs":["https:\/\/www.facebook.com\/ColtTechnologyServices\/","https:\/\/x.com\/colt_technology","https:\/\/www.instagram.com\/colttechnologyservices\/","https:\/\/www.linkedin.com\/company\/colt-technology-services","https:\/\/www.youtube.com\/user\/ColtTechnology"]}]}},"_links":{"self":[{"href":"https:\/\/legacy.colt.net\/de\/wp-json\/wp\/v2\/pages\/129757","targetHints":{"allow":["GET"]}}],"collection":[{"href":"https:\/\/legacy.colt.net\/de\/wp-json\/wp\/v2\/pages"}],"about":[{"href":"https:\/\/legacy.colt.net\/de\/wp-json\/wp\/v2\/types\/page"}],"author":[{"embeddable":true,"href":"https:\/\/legacy.colt.net\/de\/wp-json\/wp\/v2\/users\/164"}],"replies":[{"embeddable":true,"href":"https:\/\/legacy.colt.net\/de\/wp-json\/wp\/v2\/comments?post=129757"}],"version-history":[{"count":0,"href":"https:\/\/legacy.colt.net\/de\/wp-json\/wp\/v2\/pages\/129757\/revisions"}],"up":[{"embeddable":true,"href":"https:\/\/legacy.colt.net\/de\/wp-json\/wp\/v2\/pages\/35346"}],"wp:attachment":[{"href":"https:\/\/legacy.colt.net\/de\/wp-json\/wp\/v2\/media?parent=129757"}],"wp:term":[{"taxonomy":"colt_type","embeddable":true,"href":"https:\/\/legacy.colt.net\/de\/wp-json\/wp\/v2\/colt_type?post=129757"},{"taxonomy":"colt_products","embeddable":true,"href":"https:\/\/legacy.colt.net\/de\/wp-json\/wp\/v2\/colt_products?post=129757"}],"curies":[{"name":"wp","href":"https:\/\/api.w.org\/{rel}","templated":true}]}}