{"id":129746,"date":"2024-03-06T14:20:35","date_gmt":"2024-03-06T14:20:35","guid":{"rendered":"https:\/\/www.colt.net\/?page_id=129746"},"modified":"2024-03-06T14:28:40","modified_gmt":"2024-03-06T14:28:40","slug":"john-avery","status":"publish","type":"page","link":"https:\/\/legacy.colt.net\/de\/about\/leadership\/john-avery\/","title":{"rendered":"John Avery"},"content":{"rendered":"\r\n\r\n\t<nav class=\"breadcrumb\"><span><span><a href=\"https:\/\/legacy.colt.net\/de\/\">Home<\/a><\/span><\/span><\/nav>\r\n\t\t\t\t<img loading=\"lazy\" decoding=\"async\" src=\"https:\/\/legacy.colt.net\/wp-content\/uploads\/2024\/02\/John-Avery.png\" alt=\"John Avery\" itemprop=\"image\" height=\"253\" width=\"240\" title=\"John Avery\" onerror=\"this.style.display='none'\"  \/>\r\n<h3>\r\n\t\tJohn Avery \r\n\t<\/h3>\r\n<h4>\r\n\t\tNon-Executive Director\r\n\t<\/h4>\r\n\t<p>John Avery ist Pr\u00e4sident von Crosby Advisors und Senior Investment Leader von The Crosby Company of New Hampshire, Beacon Trust Company und Fidelity Foundations. Er verf\u00fcgt \u00fcber umfangreiche Investmenterfahrung und war zuletzt als Leiter des Bereichs Advanced Data Analytics im Bereich Asset Management bei Fidelity t\u00e4tig, wo er unternehmensweit KI- und Big-Data-Initiativen leitete. John machte das Team f\u00fcr Advanced Data &amp; Analytics zu einer unabdingbaren Ressource f\u00fcr die Investitionsprozesse von Fidelity und arbeitete mit den Research- und PM-Teams aller Anlageklassen zusammen.<\/p>\r\n<p>Bevor er das KI-Team gr\u00fcndete, war John von 1997 bis 2017 als Aktienportfoliomanager t\u00e4tig und betreute eine Vielzahl von Aktien- und Mischfonds. Er war von 1994-1997 Analyst f\u00fcr inl\u00e4ndische Aktien.<\/p>\r\n<p>Vor seinem Wechsel zu Fidelity war John Analyst f\u00fcr inl\u00e4ndische Aktien bei Putnam Investments und Investmentbanking-Mitarbeiter bei Alex Brown &amp; Sons. Er ist seit 1986 in der Finanzbranche t\u00e4tig.<\/p>\r\n<p>John machte seinen Bachelor of Arts an der Harvard University und seinen Master of Business Administration an der Wharton School der University of Pennsylvania.<\/p>\r\n\t\t\t\t\t\t<h4>\r\n\t\t\t\t<a href=https:\/\/legacy.colt.net\/de\/resources\/secure-beyond-borders\/ title=\"Grenzenlose Sicherheit - Ihr Leitfaden f\u00fcr die perfekte SASE-Implementierung\" tabindex=\"0\">Grenzenlose Sicherheit &#8211; Ihr Leitfaden f\u00fcr die perfekte SASE-Implementierung<\/a>\t\t\t<\/h4>\r\n\t\t\t<a href=\"https:\/\/legacy.colt.net\/de\/resources\/secure-beyond-borders\/\" target=\"_self\" rel=\"noopener\">Read More &#8594;<\/a>\t\t\r\n\t\t\t\t\t\t<h4>\r\n\t\t\t\t<a href=https:\/\/legacy.colt.net\/de\/resources\/schnellste-business-anbindung-in-berlin-mitte\/ title=\"Schnellste Business Anbindung in Berlin Mitte\" tabindex=\"0\">Schnellste Business Anbindung in Berlin Mitte<\/a>\t\t\t<\/h4>\r\n\t\t\t<a href=\"https:\/\/legacy.colt.net\/de\/resources\/schnellste-business-anbindung-in-berlin-mitte\/\" target=\"_self\" rel=\"noopener\">Read More &#8594;<\/a>\t\t\r\n\t\t\t\t\t\t<h4>\r\n\t\t\t\t<a href=https:\/\/legacy.colt.net\/de\/resources\/colt-erweitert-network-as-a-service-auf-10-neue-laender-und-fuehrt-neuen-energiesparenden-virtuellen-router-ein\/ title=\"Colt erweitert Network-as-a-Service auf 10 neue L\u00e4nder und f\u00fchrt neuen energiesparenden, virtuellen Router ein\" tabindex=\"0\">Colt erweitert Network-as-a-Service auf 10 neue L\u00e4nder und f\u00fchrt neuen energiesparenden, virtuellen Router ein<\/a>\t\t\t<\/h4>\r\n\t\t\t<a href=\"https:\/\/legacy.colt.net\/de\/resources\/colt-erweitert-network-as-a-service-auf-10-neue-laender-und-fuehrt-neuen-energiesparenden-virtuellen-router-ein\/\" target=\"_self\" rel=\"noopener\">Read More &#8594;<\/a>\t\t\r\n\t\t\t\t\t\t<h4>\r\n\t\t\t\t<a href=https:\/\/legacy.colt.net\/de\/resources\/erreichbarkeit-ist-die-beste-medizin\/ title=\"Erreichbarkeit ist die beste Medizin\" tabindex=\"0\">Erreichbarkeit ist die beste Medizin<\/a>\t\t\t<\/h4>\r\n\t\t\t<a href=\"https:\/\/legacy.colt.net\/de\/resources\/erreichbarkeit-ist-die-beste-medizin\/\" target=\"_self\" rel=\"noopener\">Read More &#8594;<\/a>\t\t\r\n\r\n","protected":false},"excerpt":{"rendered":"<p>John Avery Non-Executive Director John Avery ist Pr\u00e4sident von Crosby Advisors und Senior Investment Leader von The Crosby Company of New Hampshire, Beacon Trust Company und Fidelity Foundations. Er verf\u00fcgt \u00fcber umfangreiche Investmenterfahrung und war zuletzt als Leiter des Bereichs Advanced Data Analytics im Bereich Asset Management bei Fidelity t\u00e4tig, wo er unternehmensweit KI- und&#8230;<\/p>\n","protected":false},"author":164,"featured_media":0,"parent":35346,"menu_order":0,"comment_status":"closed","ping_status":"closed","template":"","meta":{"_acf_changed":false,"footnotes":""},"colt_type":[],"colt_products":[],"class_list":["post-129746","page","type-page","status-publish","hentry"],"acf":[],"yoast_head":"<!-- This site is optimized with the Yoast SEO plugin v26.8 - https:\/\/yoast.com\/product\/yoast-seo-wordpress\/ -->\n<title>John Avery - Colt Technology Services<\/title>\n<meta name=\"description\" content=\"John Avery Colt Technology Services\" \/>\n<meta name=\"robots\" content=\"noindex, follow, max-snippet:-1, max-image-preview:large, max-video-preview:-1\" \/>\n<meta property=\"og:locale\" content=\"de_DE\" \/>\n<meta property=\"og:type\" content=\"article\" \/>\n<meta property=\"og:title\" content=\"John Avery - Colt Technology Services\" \/>\n<meta property=\"og:description\" content=\"John Avery Colt Technology Services\" \/>\n<meta property=\"og:url\" content=\"https:\/\/legacy.colt.net\/de\/about\/leadership\/john-avery\/\" \/>\n<meta property=\"og:site_name\" content=\"Colt Technology Services\" \/>\n<meta property=\"article:publisher\" content=\"https:\/\/www.facebook.com\/ColtTechnologyServices\/\" \/>\n<meta property=\"article:modified_time\" content=\"2024-03-06T14:28:40+00:00\" \/>\n<meta property=\"og:image\" content=\"https:\/\/legacy.colt.net\/wp-content\/uploads\/2024\/02\/John-Avery.png\" \/>\n<meta name=\"twitter:card\" content=\"summary_large_image\" \/>\n<meta name=\"twitter:site\" content=\"@colt_technology\" \/>\n<meta name=\"twitter:label1\" content=\"Est. reading time\" \/>\n\t<meta name=\"twitter:data1\" content=\"2 minutes\" \/>\n<script type=\"application\/ld+json\" class=\"yoast-schema-graph\">{\"@context\":\"https:\/\/schema.org\",\"@graph\":[{\"@type\":\"WebPage\",\"@id\":\"https:\/\/legacy.colt.net\/de\/about\/leadership\/john-avery\/\",\"url\":\"https:\/\/legacy.colt.net\/de\/about\/leadership\/john-avery\/\",\"name\":\"John Avery - Colt Technology Services\",\"isPartOf\":{\"@id\":\"https:\/\/legacy.colt.net\/#website\"},\"primaryImageOfPage\":{\"@id\":\"https:\/\/legacy.colt.net\/de\/about\/leadership\/john-avery\/#primaryimage\"},\"image\":{\"@id\":\"https:\/\/legacy.colt.net\/de\/about\/leadership\/john-avery\/#primaryimage\"},\"thumbnailUrl\":\"https:\/\/legacy.colt.net\/wp-content\/uploads\/2024\/02\/John-Avery.png\",\"datePublished\":\"2024-03-06T14:20:35+00:00\",\"dateModified\":\"2024-03-06T14:28:40+00:00\",\"description\":\"John Avery Colt Technology Services\",\"breadcrumb\":{\"@id\":\"https:\/\/legacy.colt.net\/de\/about\/leadership\/john-avery\/#breadcrumb\"},\"inLanguage\":\"de-DE\",\"potentialAction\":[{\"@type\":\"ReadAction\",\"target\":[\"https:\/\/legacy.colt.net\/de\/about\/leadership\/john-avery\/\"]}]},{\"@type\":\"ImageObject\",\"inLanguage\":\"de-DE\",\"@id\":\"https:\/\/legacy.colt.net\/de\/about\/leadership\/john-avery\/#primaryimage\",\"url\":\"https:\/\/legacy.colt.net\/wp-content\/uploads\/2024\/02\/John-Avery.png\",\"contentUrl\":\"https:\/\/legacy.colt.net\/wp-content\/uploads\/2024\/02\/John-Avery.png\"},{\"@type\":\"BreadcrumbList\",\"@id\":\"https:\/\/legacy.colt.net\/de\/about\/leadership\/john-avery\/#breadcrumb\",\"itemListElement\":[{\"@type\":\"ListItem\",\"position\":1,\"name\":\"Home\",\"item\":\"https:\/\/legacy.colt.net\/de\/\"},{\"@type\":\"ListItem\",\"position\":2,\"name\":\"\u00dcber Colt\",\"item\":\"https:\/\/legacy.colt.net\/de\/about\/\"},{\"@type\":\"ListItem\",\"position\":3,\"name\":\"Leadership\",\"item\":\"https:\/\/legacy.colt.net\/de\/about\/leadership\/\"},{\"@type\":\"ListItem\",\"position\":4,\"name\":\"John Avery\"}]},{\"@type\":\"WebSite\",\"@id\":\"https:\/\/legacy.colt.net\/#website\",\"url\":\"https:\/\/legacy.colt.net\/\",\"name\":\"Colt\u30c6\u30af\u30ce\u30ed\u30b8\u30fc\u30b5\u30fc\u30d3\u30b9\u682a\u5f0f\u4f1a\u793e\",\"description\":\"Managed Network &amp; Voice Services Provider\",\"publisher\":{\"@id\":\"https:\/\/legacy.colt.net\/#organization\"},\"potentialAction\":[{\"@type\":\"SearchAction\",\"target\":{\"@type\":\"EntryPoint\",\"urlTemplate\":\"https:\/\/legacy.colt.net\/?s={search_term_string}\"},\"query-input\":{\"@type\":\"PropertyValueSpecification\",\"valueRequired\":true,\"valueName\":\"search_term_string\"}}],\"inLanguage\":\"de-DE\"},{\"@type\":\"Organization\",\"@id\":\"https:\/\/legacy.colt.net\/#organization\",\"name\":\"Colt Technology Services\",\"url\":\"https:\/\/legacy.colt.net\/\",\"logo\":{\"@type\":\"ImageObject\",\"inLanguage\":\"de-DE\",\"@id\":\"https:\/\/legacy.colt.net\/#\/schema\/logo\/image\/\",\"url\":\"https:\/\/legacy.colt.net\/wp-content\/uploads\/2019\/02\/Colt-Logo.png\",\"contentUrl\":\"https:\/\/legacy.colt.net\/wp-content\/uploads\/2019\/02\/Colt-Logo.png\",\"width\":195,\"height\":77,\"caption\":\"Colt Technology Services\"},\"image\":{\"@id\":\"https:\/\/legacy.colt.net\/#\/schema\/logo\/image\/\"},\"sameAs\":[\"https:\/\/www.facebook.com\/ColtTechnologyServices\/\",\"https:\/\/x.com\/colt_technology\",\"https:\/\/www.instagram.com\/colttechnologyservices\/\",\"https:\/\/www.linkedin.com\/company\/colt-technology-services\",\"https:\/\/www.youtube.com\/user\/ColtTechnology\"]}]}<\/script>\n<!-- \/ Yoast SEO plugin. -->","yoast_head_json":{"title":"John Avery - Colt Technology Services","description":"John Avery Colt Technology Services","robots":{"index":"noindex","follow":"follow","max-snippet":"max-snippet:-1","max-image-preview":"max-image-preview:large","max-video-preview":"max-video-preview:-1"},"og_locale":"de_DE","og_type":"article","og_title":"John Avery - Colt Technology Services","og_description":"John Avery Colt Technology Services","og_url":"https:\/\/legacy.colt.net\/de\/about\/leadership\/john-avery\/","og_site_name":"Colt Technology Services","article_publisher":"https:\/\/www.facebook.com\/ColtTechnologyServices\/","article_modified_time":"2024-03-06T14:28:40+00:00","og_image":[{"url":"https:\/\/legacy.colt.net\/wp-content\/uploads\/2024\/02\/John-Avery.png","type":"","width":"","height":""}],"twitter_card":"summary_large_image","twitter_site":"@colt_technology","twitter_misc":{"Est. reading time":"2 minutes"},"schema":{"@context":"https:\/\/schema.org","@graph":[{"@type":"WebPage","@id":"https:\/\/legacy.colt.net\/de\/about\/leadership\/john-avery\/","url":"https:\/\/legacy.colt.net\/de\/about\/leadership\/john-avery\/","name":"John Avery - Colt Technology Services","isPartOf":{"@id":"https:\/\/legacy.colt.net\/#website"},"primaryImageOfPage":{"@id":"https:\/\/legacy.colt.net\/de\/about\/leadership\/john-avery\/#primaryimage"},"image":{"@id":"https:\/\/legacy.colt.net\/de\/about\/leadership\/john-avery\/#primaryimage"},"thumbnailUrl":"https:\/\/legacy.colt.net\/wp-content\/uploads\/2024\/02\/John-Avery.png","datePublished":"2024-03-06T14:20:35+00:00","dateModified":"2024-03-06T14:28:40+00:00","description":"John Avery Colt Technology Services","breadcrumb":{"@id":"https:\/\/legacy.colt.net\/de\/about\/leadership\/john-avery\/#breadcrumb"},"inLanguage":"de-DE","potentialAction":[{"@type":"ReadAction","target":["https:\/\/legacy.colt.net\/de\/about\/leadership\/john-avery\/"]}]},{"@type":"ImageObject","inLanguage":"de-DE","@id":"https:\/\/legacy.colt.net\/de\/about\/leadership\/john-avery\/#primaryimage","url":"https:\/\/legacy.colt.net\/wp-content\/uploads\/2024\/02\/John-Avery.png","contentUrl":"https:\/\/legacy.colt.net\/wp-content\/uploads\/2024\/02\/John-Avery.png"},{"@type":"BreadcrumbList","@id":"https:\/\/legacy.colt.net\/de\/about\/leadership\/john-avery\/#breadcrumb","itemListElement":[{"@type":"ListItem","position":1,"name":"Home","item":"https:\/\/legacy.colt.net\/de\/"},{"@type":"ListItem","position":2,"name":"\u00dcber Colt","item":"https:\/\/legacy.colt.net\/de\/about\/"},{"@type":"ListItem","position":3,"name":"Leadership","item":"https:\/\/legacy.colt.net\/de\/about\/leadership\/"},{"@type":"ListItem","position":4,"name":"John Avery"}]},{"@type":"WebSite","@id":"https:\/\/legacy.colt.net\/#website","url":"https:\/\/legacy.colt.net\/","name":"Colt\u30c6\u30af\u30ce\u30ed\u30b8\u30fc\u30b5\u30fc\u30d3\u30b9\u682a\u5f0f\u4f1a\u793e","description":"Managed Network &amp; Voice Services Provider","publisher":{"@id":"https:\/\/legacy.colt.net\/#organization"},"potentialAction":[{"@type":"SearchAction","target":{"@type":"EntryPoint","urlTemplate":"https:\/\/legacy.colt.net\/?s={search_term_string}"},"query-input":{"@type":"PropertyValueSpecification","valueRequired":true,"valueName":"search_term_string"}}],"inLanguage":"de-DE"},{"@type":"Organization","@id":"https:\/\/legacy.colt.net\/#organization","name":"Colt Technology Services","url":"https:\/\/legacy.colt.net\/","logo":{"@type":"ImageObject","inLanguage":"de-DE","@id":"https:\/\/legacy.colt.net\/#\/schema\/logo\/image\/","url":"https:\/\/legacy.colt.net\/wp-content\/uploads\/2019\/02\/Colt-Logo.png","contentUrl":"https:\/\/legacy.colt.net\/wp-content\/uploads\/2019\/02\/Colt-Logo.png","width":195,"height":77,"caption":"Colt Technology Services"},"image":{"@id":"https:\/\/legacy.colt.net\/#\/schema\/logo\/image\/"},"sameAs":["https:\/\/www.facebook.com\/ColtTechnologyServices\/","https:\/\/x.com\/colt_technology","https:\/\/www.instagram.com\/colttechnologyservices\/","https:\/\/www.linkedin.com\/company\/colt-technology-services","https:\/\/www.youtube.com\/user\/ColtTechnology"]}]}},"_links":{"self":[{"href":"https:\/\/legacy.colt.net\/de\/wp-json\/wp\/v2\/pages\/129746","targetHints":{"allow":["GET"]}}],"collection":[{"href":"https:\/\/legacy.colt.net\/de\/wp-json\/wp\/v2\/pages"}],"about":[{"href":"https:\/\/legacy.colt.net\/de\/wp-json\/wp\/v2\/types\/page"}],"author":[{"embeddable":true,"href":"https:\/\/legacy.colt.net\/de\/wp-json\/wp\/v2\/users\/164"}],"replies":[{"embeddable":true,"href":"https:\/\/legacy.colt.net\/de\/wp-json\/wp\/v2\/comments?post=129746"}],"version-history":[{"count":0,"href":"https:\/\/legacy.colt.net\/de\/wp-json\/wp\/v2\/pages\/129746\/revisions"}],"up":[{"embeddable":true,"href":"https:\/\/legacy.colt.net\/de\/wp-json\/wp\/v2\/pages\/35346"}],"wp:attachment":[{"href":"https:\/\/legacy.colt.net\/de\/wp-json\/wp\/v2\/media?parent=129746"}],"wp:term":[{"taxonomy":"colt_type","embeddable":true,"href":"https:\/\/legacy.colt.net\/de\/wp-json\/wp\/v2\/colt_type?post=129746"},{"taxonomy":"colt_products","embeddable":true,"href":"https:\/\/legacy.colt.net\/de\/wp-json\/wp\/v2\/colt_products?post=129746"}],"curies":[{"name":"wp","href":"https:\/\/api.w.org\/{rel}","templated":true}]}}