{"id":129674,"date":"2024-03-01T15:03:12","date_gmt":"2024-03-01T15:03:12","guid":{"rendered":"https:\/\/www.colt.net\/?page_id=129674"},"modified":"2024-03-15T10:32:21","modified_gmt":"2024-03-15T10:32:21","slug":"steve-neff","status":"publish","type":"page","link":"https:\/\/legacy.colt.net\/de\/about\/leadership\/steve-neff\/","title":{"rendered":"Steve Neff"},"content":{"rendered":"\n\n\t<nav class=\"breadcrumb\"><span><span><a href=\"https:\/\/legacy.colt.net\/de\/\">Home<\/a><\/span><\/span><\/nav>\n\t\t\t\t<img loading=\"lazy\" decoding=\"async\" src=\"https:\/\/legacy.colt.net\/wp-content\/uploads\/2024\/02\/Stevee_Neff.jpg\" alt=\"Stevee_Neff\" itemprop=\"image\" height=\"200\" width=\"200\" title=\"Stevee_Neff\" onerror=\"this.style.display='none'\"  \/>\n<h3>\n\t\tSteve Neff\n\t<\/h3>\n<h4>\n\t\tNon-Executive Director\n\t<\/h4>\n\t<p>Steve Neff ist eine pensionierte F\u00fchrungskraft von Finanzdienstleistern, heute in mehreren Vorst\u00e4nden aktiv und engagiert sich intensiv in seinen Interessengemeinschaften.<\/p>\n<p>Im Jahr 2020, nach 23\u00a0Jahren Dienstzeit, zog sich Herr Neff als Head of Asset Management f\u00fcr Fidelity Investments, einem f\u00fchrenden Anbieter von Investment-Management, Altersvorsorge, Portfolio-Beratung, Brokerage, Leistungs-Outsourcing und anderen Finanzprodukten und -dienstleistungen f\u00fcr Einzelpersonen, Institutionen und Finanzintermedi\u00e4re, zur\u00fcck. Herr Neff war auch Mitglied des Executive Operating Committee des Unternehmens. Er kam 1996 zu Fidelity und bekleidete eine Reihe von leitenden Technologiefunktionen im Unternehmen, darunter Head of Technology &amp; Global Services, Enterprise Chief Technology Officer und Head of Asset Management Technology.<\/p>\n<p>Vor seinem Wechsel zu Fidelity war Herr Neff bei Salomon Brothers in New York und London. Er bekleidete eine Reihe von F\u00fchrungspositionen im Technologiebereich, darunter als Director of Applications Development f\u00fcr Salomon Brothers International Limited in London und als Senior Operations Officer f\u00fcr den Infrastruktur- und Technologiebetrieb in New York. Herr Neff begann seine Laufbahn 1974 bei der IBM Corporation in New York. Er bekleidete bis 1987 mehrere Positionen in den Bereichen Systems Engineering und Technologiemanagement und unterst\u00fctzte die Finanzdienstleistungsbranche sowie die Marketing- und Servicebereiche von IBM.<\/p>\n<p>Seit er im Jahr 2020 seine Vollzeitbesch\u00e4ftigung bei Fidelity aufgegeben hat, war Herr Neff als unabh\u00e4ngiger Direktor in mehreren Fidelity-Vorst\u00e4nden t\u00e4tig. Dies umfasst seine T\u00e4tigkeit als Direktor f\u00fcr Fidelity Digital Asset Services, LLC und als Direktor und Vorsitzender des Pr\u00fcfungsausschusses f\u00fcr Fidelity Personal Trust Company FSB. Im Mai 2023 trat Herr Neff als Direktor und Mitglied des Pr\u00fcfungsausschusses in den Hauptvorstand von Fidelity, FMR LLC, ein.<\/p>\n<p>Herr Neff ist ein leidenschaftlicher Verfechter von Diversit\u00e4t und Integration und glaubt, dass die Innovation, die notwendig ist, um L\u00f6sungen bereitzustellen, die die Anforderungen der Kunden noch \u00fcbertreffen, am besten erreicht wird, indem die einzigartigen Unterschiede, Talente und Perspektiven jedes Mitarbeiters in die Unternehmenst\u00e4tigkeit einflie\u00dfen. Herr Neff ist besonders stolz auf seine fr\u00fchere Funktion als Executive Sponsor der PRIDE Employee Resource Group von Fidelity, einem unternehmensweiten Team, das die LGBTA-Community unterst\u00fctzt, in der er die Werte, an dir er glaubt, in die Praxis umsetzen konnte.<\/p>\n<p>Herr Neff ist emeritiertes Vorstandsmitglied von Common Impact, einer gemeinn\u00fctzigen Organisation, die Fachkr\u00e4fte aus der Gesch\u00e4ftswelt mit lokalen gemeinn\u00fctzigen Organisationen mit hohem Potenzial zusammenbringt, und emeritiertes Vorstandsmitglied von St. Francis House, das sich umfassend um obdachlose Menschen und Familien in Boston k\u00fcmmert. Herr Neff nimmt zudem jedes Jahr mit dem Team Fidelity an dem Radrennen der Pan-Mass Challenge\u00ae teil, um Geld f\u00fcr die Krebsbehandlung und -forschung bei Dana-Farber zu sammeln.<\/p>\n<p>Herr Neff erhielt 1974 vom Rutgers College einen Bachelor of Arts in Mathematik. Er und seine Frau Mary haben f\u00fcnf Kinder und leben in Sudbury, MA.<\/p>\n\t\t\t\t\t\t<h4>\n\t\t\t\t<a href=https:\/\/legacy.colt.net\/de\/resources\/inspiring-inclusion-female-empowerment-im-fussball-und-in-der-it\/ title=\"Inspiring Inclusion - Female Empowerment im Fu\u00dfball und in der IT\" tabindex=\"0\">Inspiring Inclusion &#8211; Female Empowerment im Fu\u00dfball und in der IT<\/a>\t\t\t<\/h4>\n\t\t\t<a href=\"https:\/\/legacy.colt.net\/de\/resources\/inspiring-inclusion-female-empowerment-im-fussball-und-in-der-it\/\" target=\"_self\" rel=\"noopener\">Read More &#8594;<\/a>\t\t\n\t\t\t\t\t\t<h4>\n\t\t\t\t<a href=https:\/\/legacy.colt.net\/de\/resources\/colt-studie-optimismus-bei-technologie-investitionen-unternehmen-erschliessen-neue-einnahmequellen-mit-it\/ title=\"Colt Studie: Optimismus bei Technologie Investitionen - Unternehmen erschlie\u00dfen neue Einnahmequellen mit IT\" tabindex=\"0\">Colt Studie: Optimismus bei Technologie Investitionen &#8211; Unternehmen erschlie\u00dfen neue Einnahmequellen mit IT<\/a>\t\t\t<\/h4>\n\t\t\t<a href=\"https:\/\/legacy.colt.net\/de\/resources\/colt-studie-optimismus-bei-technologie-investitionen-unternehmen-erschliessen-neue-einnahmequellen-mit-it\/\" target=\"_self\" rel=\"noopener\">Read More &#8594;<\/a>\t\t\n\t\t\t\t\t\t<h4>\n\t\t\t\t<a href=https:\/\/legacy.colt.net\/de\/resources\/secure-beyond-borders\/ title=\"Grenzenlose Sicherheit - Ihr Leitfaden f\u00fcr die perfekte SASE-Implementierung\" tabindex=\"0\">Grenzenlose Sicherheit &#8211; Ihr Leitfaden f\u00fcr die perfekte SASE-Implementierung<\/a>\t\t\t<\/h4>\n\t\t\t<a href=\"https:\/\/legacy.colt.net\/de\/resources\/secure-beyond-borders\/\" target=\"_self\" rel=\"noopener\">Read More &#8594;<\/a>\t\t\n\t\t\t\t\t\t<h4>\n\t\t\t\t<a href=https:\/\/legacy.colt.net\/de\/resources\/schnellste-business-anbindung-in-berlin-mitte\/ title=\"Schnellste Business Anbindung in Berlin Mitte\" tabindex=\"0\">Schnellste Business Anbindung in Berlin Mitte<\/a>\t\t\t<\/h4>\n\t\t\t<a href=\"https:\/\/legacy.colt.net\/de\/resources\/schnellste-business-anbindung-in-berlin-mitte\/\" target=\"_self\" rel=\"noopener\">Read More &#8594;<\/a>\t\t\n\n","protected":false},"excerpt":{"rendered":"<p>Steve Neff Non-Executive Director Steve Neff ist eine pensionierte F\u00fchrungskraft von Finanzdienstleistern, heute in mehreren Vorst\u00e4nden aktiv und engagiert sich intensiv in seinen Interessengemeinschaften. Im Jahr 2020, nach 23\u00a0Jahren Dienstzeit, zog sich Herr Neff als Head of Asset Management f\u00fcr Fidelity Investments, einem f\u00fchrenden Anbieter von Investment-Management, Altersvorsorge, Portfolio-Beratung, Brokerage, Leistungs-Outsourcing und anderen Finanzprodukten und&#8230;<\/p>\n","protected":false},"author":164,"featured_media":0,"parent":35346,"menu_order":0,"comment_status":"closed","ping_status":"closed","template":"","meta":{"_acf_changed":false,"footnotes":""},"colt_type":[],"colt_products":[],"class_list":["post-129674","page","type-page","status-publish","hentry"],"acf":[],"yoast_head":"<!-- This site is optimized with the Yoast SEO plugin v26.8 - https:\/\/yoast.com\/product\/yoast-seo-wordpress\/ -->\n<title>Steve Neff - Colt Technology Services<\/title>\n<meta name=\"description\" content=\"Steve Neff Colt Technology Services\" \/>\n<meta name=\"robots\" content=\"noindex, follow, max-snippet:-1, max-image-preview:large, max-video-preview:-1\" \/>\n<meta property=\"og:locale\" content=\"de_DE\" \/>\n<meta property=\"og:type\" content=\"article\" \/>\n<meta property=\"og:title\" content=\"Steve Neff - Colt Technology Services\" \/>\n<meta property=\"og:description\" content=\"Steve Neff Colt Technology Services\" \/>\n<meta property=\"og:url\" content=\"https:\/\/legacy.colt.net\/de\/about\/leadership\/steve-neff\/\" \/>\n<meta property=\"og:site_name\" content=\"Colt Technology Services\" \/>\n<meta property=\"article:publisher\" content=\"https:\/\/www.facebook.com\/ColtTechnologyServices\/\" \/>\n<meta property=\"article:modified_time\" content=\"2024-03-15T10:32:21+00:00\" \/>\n<meta property=\"og:image\" content=\"https:\/\/legacy.colt.net\/wp-content\/uploads\/2021\/01\/Brand-2021-Stock-7-1.jpg\" \/>\n\t<meta property=\"og:image:width\" content=\"1000\" \/>\n\t<meta property=\"og:image:height\" content=\"667\" \/>\n\t<meta property=\"og:image:type\" content=\"image\/jpeg\" \/>\n<meta name=\"twitter:card\" content=\"summary_large_image\" \/>\n<meta name=\"twitter:site\" content=\"@colt_technology\" \/>\n<script type=\"application\/ld+json\" class=\"yoast-schema-graph\">{\"@context\":\"https:\/\/schema.org\",\"@graph\":[{\"@type\":\"WebPage\",\"@id\":\"https:\/\/legacy.colt.net\/de\/about\/leadership\/steve-neff\/\",\"url\":\"https:\/\/legacy.colt.net\/de\/about\/leadership\/steve-neff\/\",\"name\":\"Steve Neff - Colt Technology Services\",\"isPartOf\":{\"@id\":\"https:\/\/legacy.colt.net\/#website\"},\"primaryImageOfPage\":{\"@id\":\"https:\/\/legacy.colt.net\/de\/about\/leadership\/steve-neff\/#primaryimage\"},\"image\":{\"@id\":\"https:\/\/legacy.colt.net\/de\/about\/leadership\/steve-neff\/#primaryimage\"},\"thumbnailUrl\":\"https:\/\/legacy.colt.net\/wp-content\/uploads\/2024\/02\/Stevee_Neff.jpg\",\"datePublished\":\"2024-03-01T15:03:12+00:00\",\"dateModified\":\"2024-03-15T10:32:21+00:00\",\"description\":\"Steve Neff Colt Technology Services\",\"breadcrumb\":{\"@id\":\"https:\/\/legacy.colt.net\/de\/about\/leadership\/steve-neff\/#breadcrumb\"},\"inLanguage\":\"de-DE\",\"potentialAction\":[{\"@type\":\"ReadAction\",\"target\":[\"https:\/\/legacy.colt.net\/de\/about\/leadership\/steve-neff\/\"]}]},{\"@type\":\"ImageObject\",\"inLanguage\":\"de-DE\",\"@id\":\"https:\/\/legacy.colt.net\/de\/about\/leadership\/steve-neff\/#primaryimage\",\"url\":\"https:\/\/legacy.colt.net\/wp-content\/uploads\/2024\/02\/Stevee_Neff.jpg\",\"contentUrl\":\"https:\/\/legacy.colt.net\/wp-content\/uploads\/2024\/02\/Stevee_Neff.jpg\"},{\"@type\":\"BreadcrumbList\",\"@id\":\"https:\/\/legacy.colt.net\/de\/about\/leadership\/steve-neff\/#breadcrumb\",\"itemListElement\":[{\"@type\":\"ListItem\",\"position\":1,\"name\":\"Home\",\"item\":\"https:\/\/legacy.colt.net\/de\/\"},{\"@type\":\"ListItem\",\"position\":2,\"name\":\"\u00dcber Colt\",\"item\":\"https:\/\/legacy.colt.net\/de\/about\/\"},{\"@type\":\"ListItem\",\"position\":3,\"name\":\"Leadership\",\"item\":\"https:\/\/legacy.colt.net\/de\/about\/leadership\/\"},{\"@type\":\"ListItem\",\"position\":4,\"name\":\"Steve Neff\"}]},{\"@type\":\"WebSite\",\"@id\":\"https:\/\/legacy.colt.net\/#website\",\"url\":\"https:\/\/legacy.colt.net\/\",\"name\":\"Colt\u30c6\u30af\u30ce\u30ed\u30b8\u30fc\u30b5\u30fc\u30d3\u30b9\u682a\u5f0f\u4f1a\u793e\",\"description\":\"Managed Network &amp; Voice Services Provider\",\"publisher\":{\"@id\":\"https:\/\/legacy.colt.net\/#organization\"},\"potentialAction\":[{\"@type\":\"SearchAction\",\"target\":{\"@type\":\"EntryPoint\",\"urlTemplate\":\"https:\/\/legacy.colt.net\/?s={search_term_string}\"},\"query-input\":{\"@type\":\"PropertyValueSpecification\",\"valueRequired\":true,\"valueName\":\"search_term_string\"}}],\"inLanguage\":\"de-DE\"},{\"@type\":\"Organization\",\"@id\":\"https:\/\/legacy.colt.net\/#organization\",\"name\":\"Colt Technology Services\",\"url\":\"https:\/\/legacy.colt.net\/\",\"logo\":{\"@type\":\"ImageObject\",\"inLanguage\":\"de-DE\",\"@id\":\"https:\/\/legacy.colt.net\/#\/schema\/logo\/image\/\",\"url\":\"https:\/\/legacy.colt.net\/wp-content\/uploads\/2019\/02\/Colt-Logo.png\",\"contentUrl\":\"https:\/\/legacy.colt.net\/wp-content\/uploads\/2019\/02\/Colt-Logo.png\",\"width\":195,\"height\":77,\"caption\":\"Colt Technology Services\"},\"image\":{\"@id\":\"https:\/\/legacy.colt.net\/#\/schema\/logo\/image\/\"},\"sameAs\":[\"https:\/\/www.facebook.com\/ColtTechnologyServices\/\",\"https:\/\/x.com\/colt_technology\",\"https:\/\/www.instagram.com\/colttechnologyservices\/\",\"https:\/\/www.linkedin.com\/company\/colt-technology-services\",\"https:\/\/www.youtube.com\/user\/ColtTechnology\"]}]}<\/script>\n<!-- \/ Yoast SEO plugin. -->","yoast_head_json":{"title":"Steve Neff - Colt Technology Services","description":"Steve Neff Colt Technology Services","robots":{"index":"noindex","follow":"follow","max-snippet":"max-snippet:-1","max-image-preview":"max-image-preview:large","max-video-preview":"max-video-preview:-1"},"og_locale":"de_DE","og_type":"article","og_title":"Steve Neff - Colt Technology Services","og_description":"Steve Neff Colt Technology Services","og_url":"https:\/\/legacy.colt.net\/de\/about\/leadership\/steve-neff\/","og_site_name":"Colt Technology Services","article_publisher":"https:\/\/www.facebook.com\/ColtTechnologyServices\/","article_modified_time":"2024-03-15T10:32:21+00:00","og_image":[{"width":1000,"height":667,"url":"https:\/\/legacy.colt.net\/wp-content\/uploads\/2021\/01\/Brand-2021-Stock-7-1.jpg","type":"image\/jpeg"}],"twitter_card":"summary_large_image","twitter_site":"@colt_technology","schema":{"@context":"https:\/\/schema.org","@graph":[{"@type":"WebPage","@id":"https:\/\/legacy.colt.net\/de\/about\/leadership\/steve-neff\/","url":"https:\/\/legacy.colt.net\/de\/about\/leadership\/steve-neff\/","name":"Steve Neff - Colt Technology Services","isPartOf":{"@id":"https:\/\/legacy.colt.net\/#website"},"primaryImageOfPage":{"@id":"https:\/\/legacy.colt.net\/de\/about\/leadership\/steve-neff\/#primaryimage"},"image":{"@id":"https:\/\/legacy.colt.net\/de\/about\/leadership\/steve-neff\/#primaryimage"},"thumbnailUrl":"https:\/\/legacy.colt.net\/wp-content\/uploads\/2024\/02\/Stevee_Neff.jpg","datePublished":"2024-03-01T15:03:12+00:00","dateModified":"2024-03-15T10:32:21+00:00","description":"Steve Neff Colt Technology Services","breadcrumb":{"@id":"https:\/\/legacy.colt.net\/de\/about\/leadership\/steve-neff\/#breadcrumb"},"inLanguage":"de-DE","potentialAction":[{"@type":"ReadAction","target":["https:\/\/legacy.colt.net\/de\/about\/leadership\/steve-neff\/"]}]},{"@type":"ImageObject","inLanguage":"de-DE","@id":"https:\/\/legacy.colt.net\/de\/about\/leadership\/steve-neff\/#primaryimage","url":"https:\/\/legacy.colt.net\/wp-content\/uploads\/2024\/02\/Stevee_Neff.jpg","contentUrl":"https:\/\/legacy.colt.net\/wp-content\/uploads\/2024\/02\/Stevee_Neff.jpg"},{"@type":"BreadcrumbList","@id":"https:\/\/legacy.colt.net\/de\/about\/leadership\/steve-neff\/#breadcrumb","itemListElement":[{"@type":"ListItem","position":1,"name":"Home","item":"https:\/\/legacy.colt.net\/de\/"},{"@type":"ListItem","position":2,"name":"\u00dcber Colt","item":"https:\/\/legacy.colt.net\/de\/about\/"},{"@type":"ListItem","position":3,"name":"Leadership","item":"https:\/\/legacy.colt.net\/de\/about\/leadership\/"},{"@type":"ListItem","position":4,"name":"Steve Neff"}]},{"@type":"WebSite","@id":"https:\/\/legacy.colt.net\/#website","url":"https:\/\/legacy.colt.net\/","name":"Colt\u30c6\u30af\u30ce\u30ed\u30b8\u30fc\u30b5\u30fc\u30d3\u30b9\u682a\u5f0f\u4f1a\u793e","description":"Managed Network &amp; Voice Services Provider","publisher":{"@id":"https:\/\/legacy.colt.net\/#organization"},"potentialAction":[{"@type":"SearchAction","target":{"@type":"EntryPoint","urlTemplate":"https:\/\/legacy.colt.net\/?s={search_term_string}"},"query-input":{"@type":"PropertyValueSpecification","valueRequired":true,"valueName":"search_term_string"}}],"inLanguage":"de-DE"},{"@type":"Organization","@id":"https:\/\/legacy.colt.net\/#organization","name":"Colt Technology Services","url":"https:\/\/legacy.colt.net\/","logo":{"@type":"ImageObject","inLanguage":"de-DE","@id":"https:\/\/legacy.colt.net\/#\/schema\/logo\/image\/","url":"https:\/\/legacy.colt.net\/wp-content\/uploads\/2019\/02\/Colt-Logo.png","contentUrl":"https:\/\/legacy.colt.net\/wp-content\/uploads\/2019\/02\/Colt-Logo.png","width":195,"height":77,"caption":"Colt Technology Services"},"image":{"@id":"https:\/\/legacy.colt.net\/#\/schema\/logo\/image\/"},"sameAs":["https:\/\/www.facebook.com\/ColtTechnologyServices\/","https:\/\/x.com\/colt_technology","https:\/\/www.instagram.com\/colttechnologyservices\/","https:\/\/www.linkedin.com\/company\/colt-technology-services","https:\/\/www.youtube.com\/user\/ColtTechnology"]}]}},"_links":{"self":[{"href":"https:\/\/legacy.colt.net\/de\/wp-json\/wp\/v2\/pages\/129674","targetHints":{"allow":["GET"]}}],"collection":[{"href":"https:\/\/legacy.colt.net\/de\/wp-json\/wp\/v2\/pages"}],"about":[{"href":"https:\/\/legacy.colt.net\/de\/wp-json\/wp\/v2\/types\/page"}],"author":[{"embeddable":true,"href":"https:\/\/legacy.colt.net\/de\/wp-json\/wp\/v2\/users\/164"}],"replies":[{"embeddable":true,"href":"https:\/\/legacy.colt.net\/de\/wp-json\/wp\/v2\/comments?post=129674"}],"version-history":[{"count":0,"href":"https:\/\/legacy.colt.net\/de\/wp-json\/wp\/v2\/pages\/129674\/revisions"}],"up":[{"embeddable":true,"href":"https:\/\/legacy.colt.net\/de\/wp-json\/wp\/v2\/pages\/35346"}],"wp:attachment":[{"href":"https:\/\/legacy.colt.net\/de\/wp-json\/wp\/v2\/media?parent=129674"}],"wp:term":[{"taxonomy":"colt_type","embeddable":true,"href":"https:\/\/legacy.colt.net\/de\/wp-json\/wp\/v2\/colt_type?post=129674"},{"taxonomy":"colt_products","embeddable":true,"href":"https:\/\/legacy.colt.net\/de\/wp-json\/wp\/v2\/colt_products?post=129674"}],"curies":[{"name":"wp","href":"https:\/\/api.w.org\/{rel}","templated":true}]}}