{"id":129615,"date":"2024-02-27T15:38:51","date_gmt":"2024-02-27T15:38:51","guid":{"rendered":"https:\/\/www.colt.net\/?page_id=129615"},"modified":"2024-02-27T15:38:51","modified_gmt":"2024-02-27T15:38:51","slug":"suzanne-streeter","status":"publish","type":"page","link":"https:\/\/legacy.colt.net\/de\/about\/leadership\/suzanne-streeter\/","title":{"rendered":"Suzanne Streeter"},"content":{"rendered":"\n\n\t<nav class=\"breadcrumb\"><span><span><a href=\"https:\/\/legacy.colt.net\/de\/\">Home<\/a><\/span><\/span><\/nav>\n\t\t\t\t<img loading=\"lazy\" decoding=\"async\" src=\"https:\/\/legacy.colt.net\/wp-content\/uploads\/2024\/02\/Suzanne.jpg\" alt=\"Suzanne\" itemprop=\"image\" height=\"130\" width=\"130\" title=\"Suzanne\" onerror=\"this.style.display='none'\"  \/>\n<h3>\n\t\tSuzanne Streeter\n\t<\/h3>\n<h4>\n\t\tNon-Executive Director\n\t<\/h4>\n\t<p>Suzanne kam 2023 als CIO von Devonshire Investments, einer diversifizierten Private-Equity-Investitionseinheit von FMR, zu Fidelity.<\/p>\n<p>Vor Devonshire war Suzanne Partnerin und Co-CIO der Partners Capital Investment Group, einem ausgelagerten Investmentb\u00fcro, das im Namen von wohlhabenden Familien, Stiftungen und Endowments ca. 50 Mrd. USD verwaltete. Sie verbrachte fast acht Jahre bei Partners Capital und leitete dort unter anderem die Privatmarktprogramme, darunter eine Reihe von Privatmarktfonds als Portfoliomanagerin. Suzanne kam von Babson Capital Management, dem Investment-Management-Zweig von MassMutual, zu Partners Capital, wo sie Private-Equity-Investitionen in Nordamerika, Europa und Lateinamerika leitete. Zuvor war sie f\u00fcnf Jahre im Private-Equity-Team des Yale Investments Office und 10\u00a0Jahre im Investment Banking bei Morgan Stanley und Berkshire Capital t\u00e4tig, wo sie Finanzinstitute und Verm\u00f6gensverwalter beriet.<\/p>\n<p>Suzanne hat einen BA vom College of the Holy Cross und einen MBA von der Yale School of Management. Suzanne ist Mitglied des Kuratoriums des College of the Holy Cross, wo sie in den Aussch\u00fcssen f\u00fcr Investitionen, Finanzen, Governance und Zulassung t\u00e4tig ist.<\/p>\n\t\t\t\t\t\t<h4>\n\t\t\t\t<a href=https:\/\/legacy.colt.net\/de\/resources\/schnellste-business-anbindung-in-berlin-mitte\/ title=\"Schnellste Business Anbindung in Berlin Mitte\" tabindex=\"0\">Schnellste Business Anbindung in Berlin Mitte<\/a>\t\t\t<\/h4>\n\t\t\t<a href=\"https:\/\/legacy.colt.net\/de\/resources\/schnellste-business-anbindung-in-berlin-mitte\/\" target=\"_self\" rel=\"noopener\">Read More &#8594;<\/a>\t\t\n\t\t\t\t\t\t<h4>\n\t\t\t\t<a href=https:\/\/legacy.colt.net\/de\/resources\/colt-erweitert-network-as-a-service-auf-10-neue-laender-und-fuehrt-neuen-energiesparenden-virtuellen-router-ein\/ title=\"Colt erweitert Network-as-a-Service auf 10 neue L\u00e4nder und f\u00fchrt neuen energiesparenden, virtuellen Router ein\" tabindex=\"0\">Colt erweitert Network-as-a-Service auf 10 neue L\u00e4nder und f\u00fchrt neuen energiesparenden, virtuellen Router ein<\/a>\t\t\t<\/h4>\n\t\t\t<a href=\"https:\/\/legacy.colt.net\/de\/resources\/colt-erweitert-network-as-a-service-auf-10-neue-laender-und-fuehrt-neuen-energiesparenden-virtuellen-router-ein\/\" target=\"_self\" rel=\"noopener\">Read More &#8594;<\/a>\t\t\n\t\t\t\t\t\t<h4>\n\t\t\t\t<a href=https:\/\/legacy.colt.net\/de\/resources\/erreichbarkeit-ist-die-beste-medizin\/ title=\"Erreichbarkeit ist die beste Medizin\" tabindex=\"0\">Erreichbarkeit ist die beste Medizin<\/a>\t\t\t<\/h4>\n\t\t\t<a href=\"https:\/\/legacy.colt.net\/de\/resources\/erreichbarkeit-ist-die-beste-medizin\/\" target=\"_self\" rel=\"noopener\">Read More &#8594;<\/a>\t\t\n\t\t\t\t\t\t<h4>\n\t\t\t\t<a href=https:\/\/legacy.colt.net\/de\/resources\/colt-und-die-berlinale-eine-aussergewoehnliche-verbindung\/ title=\"Colt und die Berlinale: eine au\u00dfergew\u00f6hnliche Verbindung\" tabindex=\"0\">Colt und die Berlinale: eine au\u00dfergew\u00f6hnliche Verbindung<\/a>\t\t\t<\/h4>\n\t\t\t<a href=\"https:\/\/legacy.colt.net\/de\/resources\/colt-und-die-berlinale-eine-aussergewoehnliche-verbindung\/\" target=\"_self\" rel=\"noopener\">Read More &#8594;<\/a>\t\t\n\n","protected":false},"excerpt":{"rendered":"<p>Suzanne Streeter Non-Executive Director Suzanne kam 2023 als CIO von Devonshire Investments, einer diversifizierten Private-Equity-Investitionseinheit von FMR, zu Fidelity. Vor Devonshire war Suzanne Partnerin und Co-CIO der Partners Capital Investment Group, einem ausgelagerten Investmentb\u00fcro, das im Namen von wohlhabenden Familien, Stiftungen und Endowments ca. 50 Mrd. USD verwaltete. Sie verbrachte fast acht Jahre bei Partners&#8230;<\/p>\n","protected":false},"author":164,"featured_media":0,"parent":35346,"menu_order":0,"comment_status":"closed","ping_status":"closed","template":"","meta":{"_acf_changed":false,"footnotes":""},"colt_type":[],"colt_products":[],"class_list":["post-129615","page","type-page","status-publish","hentry"],"acf":[],"yoast_head":"<!-- This site is optimized with the Yoast SEO plugin v26.8 - https:\/\/yoast.com\/product\/yoast-seo-wordpress\/ -->\n<title>Suzanne Streeter - Colt Technology Services<\/title>\n<meta name=\"description\" content=\"Suzanne Streeter Colt Technology Services\" \/>\n<meta name=\"robots\" content=\"noindex, follow, max-snippet:-1, max-image-preview:large, max-video-preview:-1\" \/>\n<meta property=\"og:locale\" content=\"de_DE\" \/>\n<meta property=\"og:type\" content=\"article\" \/>\n<meta property=\"og:title\" content=\"Suzanne Streeter - Colt Technology Services\" \/>\n<meta property=\"og:description\" content=\"Suzanne Streeter Colt Technology Services\" \/>\n<meta property=\"og:url\" content=\"https:\/\/legacy.colt.net\/de\/about\/leadership\/suzanne-streeter\/\" \/>\n<meta property=\"og:site_name\" content=\"Colt Technology Services\" \/>\n<meta property=\"article:publisher\" content=\"https:\/\/www.facebook.com\/ColtTechnologyServices\/\" \/>\n<meta property=\"og:image\" content=\"https:\/\/legacy.colt.net\/wp-content\/uploads\/2021\/01\/Brand-2021-Stock-13.jpg\" \/>\n\t<meta property=\"og:image:width\" content=\"1000\" \/>\n\t<meta property=\"og:image:height\" content=\"667\" \/>\n\t<meta property=\"og:image:type\" content=\"image\/jpeg\" \/>\n<meta name=\"twitter:card\" content=\"summary_large_image\" \/>\n<meta name=\"twitter:site\" content=\"@colt_technology\" \/>\n<script type=\"application\/ld+json\" class=\"yoast-schema-graph\">{\"@context\":\"https:\/\/schema.org\",\"@graph\":[{\"@type\":\"WebPage\",\"@id\":\"https:\/\/legacy.colt.net\/de\/about\/leadership\/suzanne-streeter\/\",\"url\":\"https:\/\/legacy.colt.net\/de\/about\/leadership\/suzanne-streeter\/\",\"name\":\"Suzanne Streeter - Colt Technology Services\",\"isPartOf\":{\"@id\":\"https:\/\/legacy.colt.net\/#website\"},\"primaryImageOfPage\":{\"@id\":\"https:\/\/legacy.colt.net\/de\/about\/leadership\/suzanne-streeter\/#primaryimage\"},\"image\":{\"@id\":\"https:\/\/legacy.colt.net\/de\/about\/leadership\/suzanne-streeter\/#primaryimage\"},\"thumbnailUrl\":\"https:\/\/legacy.colt.net\/wp-content\/uploads\/2024\/02\/Suzanne.jpg\",\"datePublished\":\"2024-02-27T15:38:51+00:00\",\"description\":\"Suzanne Streeter Colt Technology Services\",\"breadcrumb\":{\"@id\":\"https:\/\/legacy.colt.net\/de\/about\/leadership\/suzanne-streeter\/#breadcrumb\"},\"inLanguage\":\"de-DE\",\"potentialAction\":[{\"@type\":\"ReadAction\",\"target\":[\"https:\/\/legacy.colt.net\/de\/about\/leadership\/suzanne-streeter\/\"]}]},{\"@type\":\"ImageObject\",\"inLanguage\":\"de-DE\",\"@id\":\"https:\/\/legacy.colt.net\/de\/about\/leadership\/suzanne-streeter\/#primaryimage\",\"url\":\"https:\/\/legacy.colt.net\/wp-content\/uploads\/2024\/02\/Suzanne.jpg\",\"contentUrl\":\"https:\/\/legacy.colt.net\/wp-content\/uploads\/2024\/02\/Suzanne.jpg\"},{\"@type\":\"BreadcrumbList\",\"@id\":\"https:\/\/legacy.colt.net\/de\/about\/leadership\/suzanne-streeter\/#breadcrumb\",\"itemListElement\":[{\"@type\":\"ListItem\",\"position\":1,\"name\":\"Home\",\"item\":\"https:\/\/legacy.colt.net\/de\/\"},{\"@type\":\"ListItem\",\"position\":2,\"name\":\"\u00dcber Colt\",\"item\":\"https:\/\/legacy.colt.net\/de\/about\/\"},{\"@type\":\"ListItem\",\"position\":3,\"name\":\"Leadership\",\"item\":\"https:\/\/legacy.colt.net\/de\/about\/leadership\/\"},{\"@type\":\"ListItem\",\"position\":4,\"name\":\"Suzanne Streeter\"}]},{\"@type\":\"WebSite\",\"@id\":\"https:\/\/legacy.colt.net\/#website\",\"url\":\"https:\/\/legacy.colt.net\/\",\"name\":\"Colt\u30c6\u30af\u30ce\u30ed\u30b8\u30fc\u30b5\u30fc\u30d3\u30b9\u682a\u5f0f\u4f1a\u793e\",\"description\":\"Managed Network &amp; Voice Services Provider\",\"publisher\":{\"@id\":\"https:\/\/legacy.colt.net\/#organization\"},\"potentialAction\":[{\"@type\":\"SearchAction\",\"target\":{\"@type\":\"EntryPoint\",\"urlTemplate\":\"https:\/\/legacy.colt.net\/?s={search_term_string}\"},\"query-input\":{\"@type\":\"PropertyValueSpecification\",\"valueRequired\":true,\"valueName\":\"search_term_string\"}}],\"inLanguage\":\"de-DE\"},{\"@type\":\"Organization\",\"@id\":\"https:\/\/legacy.colt.net\/#organization\",\"name\":\"Colt Technology Services\",\"url\":\"https:\/\/legacy.colt.net\/\",\"logo\":{\"@type\":\"ImageObject\",\"inLanguage\":\"de-DE\",\"@id\":\"https:\/\/legacy.colt.net\/#\/schema\/logo\/image\/\",\"url\":\"https:\/\/legacy.colt.net\/wp-content\/uploads\/2019\/02\/Colt-Logo.png\",\"contentUrl\":\"https:\/\/legacy.colt.net\/wp-content\/uploads\/2019\/02\/Colt-Logo.png\",\"width\":195,\"height\":77,\"caption\":\"Colt Technology Services\"},\"image\":{\"@id\":\"https:\/\/legacy.colt.net\/#\/schema\/logo\/image\/\"},\"sameAs\":[\"https:\/\/www.facebook.com\/ColtTechnologyServices\/\",\"https:\/\/x.com\/colt_technology\",\"https:\/\/www.instagram.com\/colttechnologyservices\/\",\"https:\/\/www.linkedin.com\/company\/colt-technology-services\",\"https:\/\/www.youtube.com\/user\/ColtTechnology\"]}]}<\/script>\n<!-- \/ Yoast SEO plugin. -->","yoast_head_json":{"title":"Suzanne Streeter - Colt Technology Services","description":"Suzanne Streeter Colt Technology Services","robots":{"index":"noindex","follow":"follow","max-snippet":"max-snippet:-1","max-image-preview":"max-image-preview:large","max-video-preview":"max-video-preview:-1"},"og_locale":"de_DE","og_type":"article","og_title":"Suzanne Streeter - Colt Technology Services","og_description":"Suzanne Streeter Colt Technology Services","og_url":"https:\/\/legacy.colt.net\/de\/about\/leadership\/suzanne-streeter\/","og_site_name":"Colt Technology Services","article_publisher":"https:\/\/www.facebook.com\/ColtTechnologyServices\/","og_image":[{"width":1000,"height":667,"url":"https:\/\/legacy.colt.net\/wp-content\/uploads\/2021\/01\/Brand-2021-Stock-13.jpg","type":"image\/jpeg"}],"twitter_card":"summary_large_image","twitter_site":"@colt_technology","schema":{"@context":"https:\/\/schema.org","@graph":[{"@type":"WebPage","@id":"https:\/\/legacy.colt.net\/de\/about\/leadership\/suzanne-streeter\/","url":"https:\/\/legacy.colt.net\/de\/about\/leadership\/suzanne-streeter\/","name":"Suzanne Streeter - Colt Technology Services","isPartOf":{"@id":"https:\/\/legacy.colt.net\/#website"},"primaryImageOfPage":{"@id":"https:\/\/legacy.colt.net\/de\/about\/leadership\/suzanne-streeter\/#primaryimage"},"image":{"@id":"https:\/\/legacy.colt.net\/de\/about\/leadership\/suzanne-streeter\/#primaryimage"},"thumbnailUrl":"https:\/\/legacy.colt.net\/wp-content\/uploads\/2024\/02\/Suzanne.jpg","datePublished":"2024-02-27T15:38:51+00:00","description":"Suzanne Streeter Colt Technology Services","breadcrumb":{"@id":"https:\/\/legacy.colt.net\/de\/about\/leadership\/suzanne-streeter\/#breadcrumb"},"inLanguage":"de-DE","potentialAction":[{"@type":"ReadAction","target":["https:\/\/legacy.colt.net\/de\/about\/leadership\/suzanne-streeter\/"]}]},{"@type":"ImageObject","inLanguage":"de-DE","@id":"https:\/\/legacy.colt.net\/de\/about\/leadership\/suzanne-streeter\/#primaryimage","url":"https:\/\/legacy.colt.net\/wp-content\/uploads\/2024\/02\/Suzanne.jpg","contentUrl":"https:\/\/legacy.colt.net\/wp-content\/uploads\/2024\/02\/Suzanne.jpg"},{"@type":"BreadcrumbList","@id":"https:\/\/legacy.colt.net\/de\/about\/leadership\/suzanne-streeter\/#breadcrumb","itemListElement":[{"@type":"ListItem","position":1,"name":"Home","item":"https:\/\/legacy.colt.net\/de\/"},{"@type":"ListItem","position":2,"name":"\u00dcber Colt","item":"https:\/\/legacy.colt.net\/de\/about\/"},{"@type":"ListItem","position":3,"name":"Leadership","item":"https:\/\/legacy.colt.net\/de\/about\/leadership\/"},{"@type":"ListItem","position":4,"name":"Suzanne Streeter"}]},{"@type":"WebSite","@id":"https:\/\/legacy.colt.net\/#website","url":"https:\/\/legacy.colt.net\/","name":"Colt\u30c6\u30af\u30ce\u30ed\u30b8\u30fc\u30b5\u30fc\u30d3\u30b9\u682a\u5f0f\u4f1a\u793e","description":"Managed Network &amp; Voice Services Provider","publisher":{"@id":"https:\/\/legacy.colt.net\/#organization"},"potentialAction":[{"@type":"SearchAction","target":{"@type":"EntryPoint","urlTemplate":"https:\/\/legacy.colt.net\/?s={search_term_string}"},"query-input":{"@type":"PropertyValueSpecification","valueRequired":true,"valueName":"search_term_string"}}],"inLanguage":"de-DE"},{"@type":"Organization","@id":"https:\/\/legacy.colt.net\/#organization","name":"Colt Technology Services","url":"https:\/\/legacy.colt.net\/","logo":{"@type":"ImageObject","inLanguage":"de-DE","@id":"https:\/\/legacy.colt.net\/#\/schema\/logo\/image\/","url":"https:\/\/legacy.colt.net\/wp-content\/uploads\/2019\/02\/Colt-Logo.png","contentUrl":"https:\/\/legacy.colt.net\/wp-content\/uploads\/2019\/02\/Colt-Logo.png","width":195,"height":77,"caption":"Colt Technology Services"},"image":{"@id":"https:\/\/legacy.colt.net\/#\/schema\/logo\/image\/"},"sameAs":["https:\/\/www.facebook.com\/ColtTechnologyServices\/","https:\/\/x.com\/colt_technology","https:\/\/www.instagram.com\/colttechnologyservices\/","https:\/\/www.linkedin.com\/company\/colt-technology-services","https:\/\/www.youtube.com\/user\/ColtTechnology"]}]}},"_links":{"self":[{"href":"https:\/\/legacy.colt.net\/de\/wp-json\/wp\/v2\/pages\/129615","targetHints":{"allow":["GET"]}}],"collection":[{"href":"https:\/\/legacy.colt.net\/de\/wp-json\/wp\/v2\/pages"}],"about":[{"href":"https:\/\/legacy.colt.net\/de\/wp-json\/wp\/v2\/types\/page"}],"author":[{"embeddable":true,"href":"https:\/\/legacy.colt.net\/de\/wp-json\/wp\/v2\/users\/164"}],"replies":[{"embeddable":true,"href":"https:\/\/legacy.colt.net\/de\/wp-json\/wp\/v2\/comments?post=129615"}],"version-history":[{"count":0,"href":"https:\/\/legacy.colt.net\/de\/wp-json\/wp\/v2\/pages\/129615\/revisions"}],"up":[{"embeddable":true,"href":"https:\/\/legacy.colt.net\/de\/wp-json\/wp\/v2\/pages\/35346"}],"wp:attachment":[{"href":"https:\/\/legacy.colt.net\/de\/wp-json\/wp\/v2\/media?parent=129615"}],"wp:term":[{"taxonomy":"colt_type","embeddable":true,"href":"https:\/\/legacy.colt.net\/de\/wp-json\/wp\/v2\/colt_type?post=129615"},{"taxonomy":"colt_products","embeddable":true,"href":"https:\/\/legacy.colt.net\/de\/wp-json\/wp\/v2\/colt_products?post=129615"}],"curies":[{"name":"wp","href":"https:\/\/api.w.org\/{rel}","templated":true}]}}