{"id":126721,"date":"2023-11-22T16:00:41","date_gmt":"2023-11-22T16:00:41","guid":{"rendered":"https:\/\/www.colt.net\/?page_id=126721"},"modified":"2023-11-22T16:00:41","modified_gmt":"2023-11-22T16:00:41","slug":"was-ist-biokohle","status":"publish","type":"page","link":"https:\/\/legacy.colt.net\/de\/colt-kundenreferenz-programm\/was-ist-biokohle\/","title":{"rendered":"Was ist Biokohle?"},"content":{"rendered":"\n\n\t<nav class=\"breadcrumb\"><span><span><a href=\"https:\/\/legacy.colt.net\/de\/\">Home<\/a><\/span><\/span><\/nav>\n<h1>\n\t\tBen\u00f6tigen Sie weitere Informationen? \n\t<\/h1>\n<h2>\n\t\tAlles, was Sie \u00fcber Biokohle wissen m\u00fcssen, finden Sie auf dieser Seite\n\t<\/h2>\n\t\t\t\t<img loading=\"lazy\" decoding=\"async\" src=\"https:\/\/legacy.colt.net\/wp-content\/uploads\/2023\/01\/Tech-and-Sustainability-icon-1.png\" alt=\"Tech-and-Sustainability-icon-1\" itemprop=\"image\" height=\"500\" width=\"500\" title=\"Tech-and-Sustainability-icon-1\" onerror=\"this.style.display='none'\"  \/>\n<h2>\n\t\tBiokohle FAQ\n\t<\/h2>\n\t\t\t\t\t\t<h4 tabindex=\"0\">Mehr Informationen \u00fcber Biokohle<\/h4>\n\t\t\t<p>Biokohle ist eine holzkohle\u00e4hnliche Substanz, die reich an stabilem Kohlenstoff ist. Sie wird durch Erhitzen von Biomasse ohne Sauerstoff erzeugt. Anstatt CO2 freizusetzen, speichert sie Kohlenstoff in Form von Biomasse f\u00fcr bis zu 1000 Jahre und verbessert gleichzeitig die Bodengesundheit.<\/p>\n\t\t\t\t\t\t<h4 tabindex=\"0\">Wie es funktioniert<\/h4>\n<p>Biokohle wird aus Ernter\u00fcckst\u00e4nden und organischen Abf\u00e4llen hergestellt. Von Holzkohle unterscheidet sich das Material insofern, als es zur Bodenverbesserung eingesetzt werden kann. Biokohle erh\u00f6ht den Kohlenstoffgehalt des Bodens und damit die Fruchtbarkeit.<\/p>\n<p>Biokohle bindet den Kohlenstoff etwa tausend Jahre lang im Boden. Zum Vergleich: B\u00e4ume halten CO2 nur 60 Jahre lang fest.<\/p>\n\u00a0\n\t\t\t\t\t\t<h4 tabindex=\"0\">Einsatzszenarien in der Landwirtschaft<\/h4>\n\t\t\t<p>Die bodenverbessernden Eigenschaften von Biokohle sorgen f\u00fcr h\u00f6here Wasserspeicherkapazit\u00e4t, bessere Struktur und h\u00f6heren N\u00e4hrstoffgehalt im Boden. <\/p>\n<p>Mehr Ernten werden m\u00f6glich und die Qualit\u00e4t der landwirtschaftlichen Erzeugnisse nimmt zu.<\/p>\n\t\t\t\t\t\t<h4 tabindex=\"0\">Gesch\u00e4ftsvorteile<\/h4>\n\t\t\t<p>Unternehmen, die ihren CO2-Fu\u00dfabdruck reduzieren und nachhaltiger werden wollen, setzen mit Biokohle auf das richtige Pferd.<\/p>\n<p>Durch den Einsatz von Biokohle l\u00e4sst sich der Klimawandel konkret bek\u00e4mpfen. Er l\u00e4sst sich gut in ein vorhandenes Nachhaltigkeitskonzept integrieren und ist ein Verkaufsargument f\u00fcr umweltbewusste Verbraucher.<\/p>\n\t\t\t\t\t\t<h4 tabindex=\"0\">Was Sie bekommen <\/h4>\n\t\t\t<ul>\n<li><strong>Sie stimmen einem Zitat und der Nutzung des Unternehmenslogos zu:<\/strong> \n<ul>\n<li>\n<p>3 Tonnen CO2 entfernt<\/p>\n<\/li>\n<\/ul>\n<\/li>\n<\/ul>\n<ul>\n<li><strong>Sie stimmen einem Artikel und der Nutzung des Unternehmenslogos zu:<br \/><\/strong> \n<ul>\n<li>6 Tonnen CO2 entfernt<\/li>\n<\/ul>\n<\/li>\n<\/ul>\n<ul>\n<li><strong>Sie stimmen einem Artikel, einem Video und der Nutzung des Unternehmenslogos zu:<br \/><\/strong>\n<ul>\n<li>10 Tonnen CO2 entfernt<\/li>\n<\/ul>\n<\/li>\n<\/ul>\n\t\t\t\t\t\t<h4 tabindex=\"0\">Offizielle Dekarbonisierungszertifikate<\/h4>\n\t\t\t<p>Sie erhalten Zertifikate von den offiziellen Registrierungsstellen (z. B. Gold Standard oder Vera) sowie eine offizielle Best\u00e4tigung von Supercritical \u00fcber die Menge an CO2, die Sie der Atmosph\u00e4re entzogen haben.<\/p>\n\t\t\t\t<img loading=\"lazy\" decoding=\"async\" src=\"https:\/\/legacy.colt.net\/wp-content\/uploads\/2023\/09\/Biochar_Statement_removal_customerreferences.png\" alt=\"Biochar_Statement_removal_customerreferences\" itemprop=\"image\" height=\"403\" width=\"442\" title=\"Biochar_Statement_removal_customerreferences\" onerror=\"this.style.display='none'\"  \/>\n\t\t\t\t<img loading=\"lazy\" decoding=\"async\" src=\"https:\/\/legacy.colt.net\/wp-content\/uploads\/2023\/09\/biochar_photo_draft_example_customerreferences.png\" alt=\"biochar_photo_draft_example_customerreferences\" itemprop=\"image\" height=\"1027\" width=\"889\" title=\"biochar_photo_draft_example_customerreferences\" onerror=\"this.style.display='none'\"  \/>\n<h2>\n\t\tWas sagt Supercritical, unser Biokohle-Anbieter?\n\t<\/h2>\n\t<p>Was Biokohle von anderen Abbauprodukten abhebt, sind die wirklich starken Nebeneffekte, die sich aus ihrer Anwendung auf B\u00f6den ergeben.<\/p>\n<p>Die Lebensmittelproduktion hat enorme Auswirkungen auf die Umwelt. Neben vielen anderen notwendigen L\u00f6sungen k\u00f6nnte Biokohle dazu beitragen, die Auswirkungen auf das Lebensmittelsystem zu verringern und den Kohlenstoff f\u00fcr Jahrhunderte aus dem kurzen Kohlenstoffkreislauf auszuschlie\u00dfen.<\/p>\n<p><img loading=\"lazy\" decoding=\"async\" src=\"https:\/\/legacy.colt.net\/wp-content\/uploads\/2023\/09\/Supercrtical_VettedProject_draft_references_page-300x104.png\" alt=\"\" width=\"176\" height=\"61\" \/><\/p>\n\t\t\t<a href=\"https:\/\/gosupercritical.com\/carbon-removal\/biochar\" target=\"_blank\" role=\"button\" rel=\"noopener\">\n\t\t\t\t\t\t\tWeitere Informationen finden Sie auf der Website von Supercritical\n\t\t\t\t\t<\/a>\n\n","protected":false},"excerpt":{"rendered":"<p>Ben\u00f6tigen Sie weitere Informationen? Alles, was Sie \u00fcber Biokohle wissen m\u00fcssen, finden Sie auf dieser Seite Biokohle FAQ Mehr Informationen \u00fcber Biokohle Biokohle ist eine holzkohle\u00e4hnliche Substanz, die reich an stabilem Kohlenstoff ist. Sie wird durch Erhitzen von Biomasse ohne Sauerstoff erzeugt. Anstatt CO2 freizusetzen, speichert sie Kohlenstoff in Form von Biomasse f\u00fcr bis zu&#8230;<\/p>\n","protected":false},"author":83,"featured_media":0,"parent":101588,"menu_order":0,"comment_status":"closed","ping_status":"closed","template":"","meta":{"_acf_changed":false,"footnotes":""},"colt_type":[],"colt_products":[],"class_list":["post-126721","page","type-page","status-publish","hentry"],"acf":[],"yoast_head":"<!-- This site is optimized with the Yoast SEO plugin v26.8 - https:\/\/yoast.com\/product\/yoast-seo-wordpress\/ -->\n<title>Was ist Biokohle? - Colt Technology Services<\/title>\n<meta name=\"description\" content=\"Was ist Biokohle? Colt Technology Services\" \/>\n<meta name=\"robots\" content=\"noindex, follow, max-snippet:-1, max-image-preview:large, max-video-preview:-1\" \/>\n<meta property=\"og:locale\" content=\"de_DE\" \/>\n<meta property=\"og:type\" content=\"article\" \/>\n<meta property=\"og:title\" content=\"Was ist Biokohle? - Colt Technology Services\" \/>\n<meta property=\"og:description\" content=\"Was ist Biokohle? Colt Technology Services\" \/>\n<meta property=\"og:url\" content=\"https:\/\/legacy.colt.net\/de\/colt-kundenreferenz-programm\/was-ist-biokohle\/\" \/>\n<meta property=\"og:site_name\" content=\"Colt Technology Services\" \/>\n<meta property=\"article:publisher\" content=\"https:\/\/www.facebook.com\/ColtTechnologyServices\/\" \/>\n<meta property=\"og:image\" content=\"https:\/\/legacy.colt.net\/wp-content\/uploads\/2021\/01\/Brand-2021-Stock-16.jpg\" \/>\n\t<meta property=\"og:image:width\" content=\"1000\" \/>\n\t<meta property=\"og:image:height\" content=\"667\" \/>\n\t<meta property=\"og:image:type\" content=\"image\/jpeg\" \/>\n<meta name=\"twitter:card\" content=\"summary_large_image\" \/>\n<meta name=\"twitter:site\" content=\"@colt_technology\" \/>\n<script type=\"application\/ld+json\" class=\"yoast-schema-graph\">{\"@context\":\"https:\/\/schema.org\",\"@graph\":[{\"@type\":\"WebPage\",\"@id\":\"https:\/\/legacy.colt.net\/de\/colt-kundenreferenz-programm\/was-ist-biokohle\/\",\"url\":\"https:\/\/legacy.colt.net\/de\/colt-kundenreferenz-programm\/was-ist-biokohle\/\",\"name\":\"Was ist Biokohle? - Colt Technology Services\",\"isPartOf\":{\"@id\":\"https:\/\/legacy.colt.net\/#website\"},\"primaryImageOfPage\":{\"@id\":\"https:\/\/legacy.colt.net\/de\/colt-kundenreferenz-programm\/was-ist-biokohle\/#primaryimage\"},\"image\":{\"@id\":\"https:\/\/legacy.colt.net\/de\/colt-kundenreferenz-programm\/was-ist-biokohle\/#primaryimage\"},\"thumbnailUrl\":\"https:\/\/legacy.colt.net\/wp-content\/uploads\/2023\/01\/Tech-and-Sustainability-icon-1.png\",\"datePublished\":\"2023-11-22T16:00:41+00:00\",\"description\":\"Was ist Biokohle? Colt Technology Services\",\"breadcrumb\":{\"@id\":\"https:\/\/legacy.colt.net\/de\/colt-kundenreferenz-programm\/was-ist-biokohle\/#breadcrumb\"},\"inLanguage\":\"de-DE\",\"potentialAction\":[{\"@type\":\"ReadAction\",\"target\":[\"https:\/\/legacy.colt.net\/de\/colt-kundenreferenz-programm\/was-ist-biokohle\/\"]}]},{\"@type\":\"ImageObject\",\"inLanguage\":\"de-DE\",\"@id\":\"https:\/\/legacy.colt.net\/de\/colt-kundenreferenz-programm\/was-ist-biokohle\/#primaryimage\",\"url\":\"https:\/\/legacy.colt.net\/wp-content\/uploads\/2023\/01\/Tech-and-Sustainability-icon-1.png\",\"contentUrl\":\"https:\/\/legacy.colt.net\/wp-content\/uploads\/2023\/01\/Tech-and-Sustainability-icon-1.png\"},{\"@type\":\"BreadcrumbList\",\"@id\":\"https:\/\/legacy.colt.net\/de\/colt-kundenreferenz-programm\/was-ist-biokohle\/#breadcrumb\",\"itemListElement\":[{\"@type\":\"ListItem\",\"position\":1,\"name\":\"Home\",\"item\":\"https:\/\/legacy.colt.net\/de\/\"},{\"@type\":\"ListItem\",\"position\":2,\"name\":\"Colt Kundenreferenz Programm\",\"item\":\"https:\/\/legacy.colt.net\/de\/colt-kundenreferenz-programm\/\"},{\"@type\":\"ListItem\",\"position\":3,\"name\":\"Was ist Biokohle?\"}]},{\"@type\":\"WebSite\",\"@id\":\"https:\/\/legacy.colt.net\/#website\",\"url\":\"https:\/\/legacy.colt.net\/\",\"name\":\"Colt\u30c6\u30af\u30ce\u30ed\u30b8\u30fc\u30b5\u30fc\u30d3\u30b9\u682a\u5f0f\u4f1a\u793e\",\"description\":\"Managed Network &amp; Voice Services Provider\",\"publisher\":{\"@id\":\"https:\/\/legacy.colt.net\/#organization\"},\"potentialAction\":[{\"@type\":\"SearchAction\",\"target\":{\"@type\":\"EntryPoint\",\"urlTemplate\":\"https:\/\/legacy.colt.net\/?s={search_term_string}\"},\"query-input\":{\"@type\":\"PropertyValueSpecification\",\"valueRequired\":true,\"valueName\":\"search_term_string\"}}],\"inLanguage\":\"de-DE\"},{\"@type\":\"Organization\",\"@id\":\"https:\/\/legacy.colt.net\/#organization\",\"name\":\"Colt Technology Services\",\"url\":\"https:\/\/legacy.colt.net\/\",\"logo\":{\"@type\":\"ImageObject\",\"inLanguage\":\"de-DE\",\"@id\":\"https:\/\/legacy.colt.net\/#\/schema\/logo\/image\/\",\"url\":\"https:\/\/legacy.colt.net\/wp-content\/uploads\/2019\/02\/Colt-Logo.png\",\"contentUrl\":\"https:\/\/legacy.colt.net\/wp-content\/uploads\/2019\/02\/Colt-Logo.png\",\"width\":195,\"height\":77,\"caption\":\"Colt Technology Services\"},\"image\":{\"@id\":\"https:\/\/legacy.colt.net\/#\/schema\/logo\/image\/\"},\"sameAs\":[\"https:\/\/www.facebook.com\/ColtTechnologyServices\/\",\"https:\/\/x.com\/colt_technology\",\"https:\/\/www.instagram.com\/colttechnologyservices\/\",\"https:\/\/www.linkedin.com\/company\/colt-technology-services\",\"https:\/\/www.youtube.com\/user\/ColtTechnology\"]}]}<\/script>\n<!-- \/ Yoast SEO plugin. -->","yoast_head_json":{"title":"Was ist Biokohle? - Colt Technology Services","description":"Was ist Biokohle? Colt Technology Services","robots":{"index":"noindex","follow":"follow","max-snippet":"max-snippet:-1","max-image-preview":"max-image-preview:large","max-video-preview":"max-video-preview:-1"},"og_locale":"de_DE","og_type":"article","og_title":"Was ist Biokohle? - Colt Technology Services","og_description":"Was ist Biokohle? Colt Technology Services","og_url":"https:\/\/legacy.colt.net\/de\/colt-kundenreferenz-programm\/was-ist-biokohle\/","og_site_name":"Colt Technology Services","article_publisher":"https:\/\/www.facebook.com\/ColtTechnologyServices\/","og_image":[{"width":1000,"height":667,"url":"https:\/\/legacy.colt.net\/wp-content\/uploads\/2021\/01\/Brand-2021-Stock-16.jpg","type":"image\/jpeg"}],"twitter_card":"summary_large_image","twitter_site":"@colt_technology","schema":{"@context":"https:\/\/schema.org","@graph":[{"@type":"WebPage","@id":"https:\/\/legacy.colt.net\/de\/colt-kundenreferenz-programm\/was-ist-biokohle\/","url":"https:\/\/legacy.colt.net\/de\/colt-kundenreferenz-programm\/was-ist-biokohle\/","name":"Was ist Biokohle? - Colt Technology Services","isPartOf":{"@id":"https:\/\/legacy.colt.net\/#website"},"primaryImageOfPage":{"@id":"https:\/\/legacy.colt.net\/de\/colt-kundenreferenz-programm\/was-ist-biokohle\/#primaryimage"},"image":{"@id":"https:\/\/legacy.colt.net\/de\/colt-kundenreferenz-programm\/was-ist-biokohle\/#primaryimage"},"thumbnailUrl":"https:\/\/legacy.colt.net\/wp-content\/uploads\/2023\/01\/Tech-and-Sustainability-icon-1.png","datePublished":"2023-11-22T16:00:41+00:00","description":"Was ist Biokohle? Colt Technology Services","breadcrumb":{"@id":"https:\/\/legacy.colt.net\/de\/colt-kundenreferenz-programm\/was-ist-biokohle\/#breadcrumb"},"inLanguage":"de-DE","potentialAction":[{"@type":"ReadAction","target":["https:\/\/legacy.colt.net\/de\/colt-kundenreferenz-programm\/was-ist-biokohle\/"]}]},{"@type":"ImageObject","inLanguage":"de-DE","@id":"https:\/\/legacy.colt.net\/de\/colt-kundenreferenz-programm\/was-ist-biokohle\/#primaryimage","url":"https:\/\/legacy.colt.net\/wp-content\/uploads\/2023\/01\/Tech-and-Sustainability-icon-1.png","contentUrl":"https:\/\/legacy.colt.net\/wp-content\/uploads\/2023\/01\/Tech-and-Sustainability-icon-1.png"},{"@type":"BreadcrumbList","@id":"https:\/\/legacy.colt.net\/de\/colt-kundenreferenz-programm\/was-ist-biokohle\/#breadcrumb","itemListElement":[{"@type":"ListItem","position":1,"name":"Home","item":"https:\/\/legacy.colt.net\/de\/"},{"@type":"ListItem","position":2,"name":"Colt Kundenreferenz Programm","item":"https:\/\/legacy.colt.net\/de\/colt-kundenreferenz-programm\/"},{"@type":"ListItem","position":3,"name":"Was ist Biokohle?"}]},{"@type":"WebSite","@id":"https:\/\/legacy.colt.net\/#website","url":"https:\/\/legacy.colt.net\/","name":"Colt\u30c6\u30af\u30ce\u30ed\u30b8\u30fc\u30b5\u30fc\u30d3\u30b9\u682a\u5f0f\u4f1a\u793e","description":"Managed Network &amp; Voice Services Provider","publisher":{"@id":"https:\/\/legacy.colt.net\/#organization"},"potentialAction":[{"@type":"SearchAction","target":{"@type":"EntryPoint","urlTemplate":"https:\/\/legacy.colt.net\/?s={search_term_string}"},"query-input":{"@type":"PropertyValueSpecification","valueRequired":true,"valueName":"search_term_string"}}],"inLanguage":"de-DE"},{"@type":"Organization","@id":"https:\/\/legacy.colt.net\/#organization","name":"Colt Technology Services","url":"https:\/\/legacy.colt.net\/","logo":{"@type":"ImageObject","inLanguage":"de-DE","@id":"https:\/\/legacy.colt.net\/#\/schema\/logo\/image\/","url":"https:\/\/legacy.colt.net\/wp-content\/uploads\/2019\/02\/Colt-Logo.png","contentUrl":"https:\/\/legacy.colt.net\/wp-content\/uploads\/2019\/02\/Colt-Logo.png","width":195,"height":77,"caption":"Colt Technology Services"},"image":{"@id":"https:\/\/legacy.colt.net\/#\/schema\/logo\/image\/"},"sameAs":["https:\/\/www.facebook.com\/ColtTechnologyServices\/","https:\/\/x.com\/colt_technology","https:\/\/www.instagram.com\/colttechnologyservices\/","https:\/\/www.linkedin.com\/company\/colt-technology-services","https:\/\/www.youtube.com\/user\/ColtTechnology"]}]}},"_links":{"self":[{"href":"https:\/\/legacy.colt.net\/de\/wp-json\/wp\/v2\/pages\/126721","targetHints":{"allow":["GET"]}}],"collection":[{"href":"https:\/\/legacy.colt.net\/de\/wp-json\/wp\/v2\/pages"}],"about":[{"href":"https:\/\/legacy.colt.net\/de\/wp-json\/wp\/v2\/types\/page"}],"author":[{"embeddable":true,"href":"https:\/\/legacy.colt.net\/de\/wp-json\/wp\/v2\/users\/83"}],"replies":[{"embeddable":true,"href":"https:\/\/legacy.colt.net\/de\/wp-json\/wp\/v2\/comments?post=126721"}],"version-history":[{"count":0,"href":"https:\/\/legacy.colt.net\/de\/wp-json\/wp\/v2\/pages\/126721\/revisions"}],"up":[{"embeddable":true,"href":"https:\/\/legacy.colt.net\/de\/wp-json\/wp\/v2\/pages\/101588"}],"wp:attachment":[{"href":"https:\/\/legacy.colt.net\/de\/wp-json\/wp\/v2\/media?parent=126721"}],"wp:term":[{"taxonomy":"colt_type","embeddable":true,"href":"https:\/\/legacy.colt.net\/de\/wp-json\/wp\/v2\/colt_type?post=126721"},{"taxonomy":"colt_products","embeddable":true,"href":"https:\/\/legacy.colt.net\/de\/wp-json\/wp\/v2\/colt_products?post=126721"}],"curies":[{"name":"wp","href":"https:\/\/api.w.org\/{rel}","templated":true}]}}