{"id":125769,"date":"2023-10-31T16:33:38","date_gmt":"2023-10-31T16:33:38","guid":{"rendered":"https:\/\/www.colt.net\/?page_id=125769"},"modified":"2023-10-31T16:39:32","modified_gmt":"2023-10-31T16:39:32","slug":"annette-murphy","status":"publish","type":"page","link":"https:\/\/legacy.colt.net\/de\/about\/leadership\/annette-murphy\/","title":{"rendered":"Annette Murphy"},"content":{"rendered":"\n\n\t<nav class=\"breadcrumb\"><span><span><a href=\"https:\/\/legacy.colt.net\/de\/\">Home<\/a><\/span><\/span><\/nav>\n\t\t\t\t<img loading=\"lazy\" decoding=\"async\" src=\"https:\/\/legacy.colt.net\/wp-content\/uploads\/2023\/10\/Annette-Murphy.png\" alt=\"Annette-Murphy\" itemprop=\"image\" height=\"5380\" width=\"4102\" title=\"Annette-Murphy\" onerror=\"this.style.display='none'\"  \/>\n<h3>\n\t\tAnnette Murphy\n\t<\/h3>\n<h4>\n\t\tChief Commerical Officer\n\t<\/h4>\n\t<p>Annette Murphy ist Chief Commercial Officer von Colt und berichtet direkt an Keri Gilder, den Chief Executive Officer von Colt. In dieser Funktion ist Annette f\u00fcr das Management aller Markteinf\u00fchrungsaktivit\u00e4ten von Colt verantwortlich, um ein profitables Umsatzwachstum und eine starke Marktpr\u00e4senz zu gew\u00e4hrleisten. Dabei leitet sie globale Teams in den Bereichen Vertrieb, Marketing, Kundenerfolg, Produktmanagement, Handel und strategische Partnerschaften. Sie arbeitet au\u00dferdem eng mit allen anderen Abteilungen im gesamten Unternehmen zusammen, um sicherzustellen, dass Colt seinen allgemeinen Zweck und seine Vision erf\u00fcllt. Zu Annettes umfassender F\u00fchrungserfahrung in den Bereichen B2B-Technologie und Telekommunikation geh\u00f6ren globale Gesch\u00e4ftsstrategien, Change Management und der Aufbau leistungsstarker Teams, um ein signifikantes Wachstum zu erzielen und Gesch\u00e4ftsergebnisse zu transformieren. Bevor sie zu Colt kam, war Annette Regional President EMEA and APAC bei Lumen Technologies. Vor Lumen bekleidete sie mehrere F\u00fchrungspositionen bei Zayo und verschiedene leitende Positionen bei Geo Networks und BT. Annette hat einen Bachelor-Abschluss in Handelswesen mit dem Schwerpunkt strategisches Management und Marketing am University College Cork in Irland und eine Zulassung als Chartered Institute of Management Accountant (CIMA) in Management Accounting erworben. Annette lebt mit ihrem Ehemann und ihren drei Kindern in London und arbeitet am Hauptsitz von Colt in London.<\/p>\n\t\t\t\t\t\t<h4>\n\t\t\t\t<a href=https:\/\/legacy.colt.net\/de\/resources\/colt-erhaelt-das-zweite-jahr-in-folge-das-platin-rating-von-ecovadis-fuer-herausragende-esg-leistungen\/ title=\"Colt erh\u00e4lt das zweite Jahr in Folge das Platin-Rating von EcoVadis f\u00fcr herausragende ESG-Leistungen\" tabindex=\"0\">Colt erh\u00e4lt das zweite Jahr in Folge das Platin-Rating von EcoVadis f\u00fcr herausragende ESG-Leistungen<\/a>\t\t\t<\/h4>\n\t\t\t<a href=\"https:\/\/legacy.colt.net\/de\/resources\/colt-erhaelt-das-zweite-jahr-in-folge-das-platin-rating-von-ecovadis-fuer-herausragende-esg-leistungen\/\" target=\"_self\" rel=\"noopener\">Lesen sie weiter &#8594;<\/a>\t\t\n\t\t\t\t\t\t<h4>\n\t\t\t\t<a href=https:\/\/legacy.colt.net\/de\/resources\/colt-studie-zeigt-wachstumschancen-fuer-partner-mit-ki-und-on-demand\/ title=\"Colt-Studie zeigt Wachstumschancen f\u00fcr Partner mit KI und On-Demand\" tabindex=\"0\">Colt-Studie zeigt Wachstumschancen f\u00fcr Partner mit KI und On-Demand<\/a>\t\t\t<\/h4>\n\t\t\t<a href=\"https:\/\/legacy.colt.net\/de\/resources\/colt-studie-zeigt-wachstumschancen-fuer-partner-mit-ki-und-on-demand\/\" target=\"_self\" rel=\"noopener\">Lesen sie weiter &#8594;<\/a>\t\t\n\t\t\t\t\t\t<h4>\n\t\t\t\t<a href=https:\/\/legacy.colt.net\/de\/resources\/colt-studie-junge-it-fuehrungskraefte-treiben-die-einfuehrung-von-ki-voran\/ title=\"Colt-Studie: Junge IT-F\u00fchrungskr\u00e4fte treiben die Einf\u00fchrung von KI voran\" tabindex=\"0\">Colt-Studie: Junge IT-F\u00fchrungskr\u00e4fte treiben die Einf\u00fchrung von KI voran<\/a>\t\t\t<\/h4>\n\t\t\t<a href=\"https:\/\/legacy.colt.net\/de\/resources\/colt-studie-junge-it-fuehrungskraefte-treiben-die-einfuehrung-von-ki-voran\/\" target=\"_self\" rel=\"noopener\">Lesen sie weiter &#8594;<\/a>\t\t\n\t\t\t\t\t\t<h4>\n\t\t\t\t<a href=https:\/\/legacy.colt.net\/de\/resources\/colt-startet-zukunftsweisenden-multicast-datenservice-in-der-cloud-fuer-die-finanzbranche\/ title=\"Colt startet zukunftsweisenden Multicast-Datenservice in der Cloud f\u00fcr die Finanzbranche\" tabindex=\"0\">Colt startet zukunftsweisenden Multicast-Datenservice in der Cloud f\u00fcr die Finanzbranche<\/a>\t\t\t<\/h4>\n\t\t\t<a href=\"https:\/\/legacy.colt.net\/de\/resources\/colt-startet-zukunftsweisenden-multicast-datenservice-in-der-cloud-fuer-die-finanzbranche\/\" target=\"_self\" rel=\"noopener\">Lesen sie weiter &#8594;<\/a>\t\t\n\n","protected":false},"excerpt":{"rendered":"<p>Annette Murphy Chief Commerical Officer Annette Murphy ist Chief Commercial Officer von Colt und berichtet direkt an Keri Gilder, den Chief Executive Officer von Colt. In dieser Funktion ist Annette f\u00fcr das Management aller Markteinf\u00fchrungsaktivit\u00e4ten von Colt verantwortlich, um ein profitables Umsatzwachstum und eine starke Marktpr\u00e4senz zu gew\u00e4hrleisten. Dabei leitet sie globale Teams in den&#8230;<\/p>\n","protected":false},"author":2,"featured_media":0,"parent":35346,"menu_order":0,"comment_status":"closed","ping_status":"closed","template":"","meta":{"_acf_changed":false,"footnotes":""},"colt_type":[],"colt_products":[],"class_list":["post-125769","page","type-page","status-publish","hentry"],"acf":[],"yoast_head":"<!-- This site is optimized with the Yoast SEO plugin v26.8 - https:\/\/yoast.com\/product\/yoast-seo-wordpress\/ -->\n<title>Annette Murphy - Colt Technology Services<\/title>\n<meta name=\"description\" content=\"Annette Murphy Colt Technology Services\" \/>\n<meta name=\"robots\" content=\"noindex, follow, max-snippet:-1, max-image-preview:large, max-video-preview:-1\" \/>\n<meta property=\"og:locale\" content=\"de_DE\" \/>\n<meta property=\"og:type\" content=\"article\" \/>\n<meta property=\"og:title\" content=\"Annette Murphy - Colt Technology Services\" \/>\n<meta property=\"og:description\" content=\"Annette Murphy Colt Technology Services\" \/>\n<meta property=\"og:url\" content=\"https:\/\/legacy.colt.net\/de\/about\/leadership\/annette-murphy\/\" \/>\n<meta property=\"og:site_name\" content=\"Colt Technology Services\" \/>\n<meta property=\"article:publisher\" content=\"https:\/\/www.facebook.com\/ColtTechnologyServices\/\" \/>\n<meta property=\"article:modified_time\" content=\"2023-10-31T16:39:32+00:00\" \/>\n<meta property=\"og:image\" content=\"https:\/\/legacy.colt.net\/wp-content\/uploads\/2021\/01\/Brand-2021-Stock-8.jpg\" \/>\n\t<meta property=\"og:image:width\" content=\"1000\" \/>\n\t<meta property=\"og:image:height\" content=\"667\" \/>\n\t<meta property=\"og:image:type\" content=\"image\/jpeg\" \/>\n<meta name=\"twitter:card\" content=\"summary_large_image\" \/>\n<meta name=\"twitter:site\" content=\"@colt_technology\" \/>\n<script type=\"application\/ld+json\" class=\"yoast-schema-graph\">{\"@context\":\"https:\/\/schema.org\",\"@graph\":[{\"@type\":\"WebPage\",\"@id\":\"https:\/\/legacy.colt.net\/de\/about\/leadership\/annette-murphy\/\",\"url\":\"https:\/\/legacy.colt.net\/de\/about\/leadership\/annette-murphy\/\",\"name\":\"Annette Murphy - Colt Technology Services\",\"isPartOf\":{\"@id\":\"https:\/\/legacy.colt.net\/#website\"},\"primaryImageOfPage\":{\"@id\":\"https:\/\/legacy.colt.net\/de\/about\/leadership\/annette-murphy\/#primaryimage\"},\"image\":{\"@id\":\"https:\/\/legacy.colt.net\/de\/about\/leadership\/annette-murphy\/#primaryimage\"},\"thumbnailUrl\":\"https:\/\/legacy.colt.net\/wp-content\/uploads\/2023\/10\/Annette-Murphy.png\",\"datePublished\":\"2023-10-31T16:33:38+00:00\",\"dateModified\":\"2023-10-31T16:39:32+00:00\",\"description\":\"Annette Murphy Colt Technology Services\",\"breadcrumb\":{\"@id\":\"https:\/\/legacy.colt.net\/de\/about\/leadership\/annette-murphy\/#breadcrumb\"},\"inLanguage\":\"de-DE\",\"potentialAction\":[{\"@type\":\"ReadAction\",\"target\":[\"https:\/\/legacy.colt.net\/de\/about\/leadership\/annette-murphy\/\"]}]},{\"@type\":\"ImageObject\",\"inLanguage\":\"de-DE\",\"@id\":\"https:\/\/legacy.colt.net\/de\/about\/leadership\/annette-murphy\/#primaryimage\",\"url\":\"https:\/\/legacy.colt.net\/wp-content\/uploads\/2023\/10\/Annette-Murphy.png\",\"contentUrl\":\"https:\/\/legacy.colt.net\/wp-content\/uploads\/2023\/10\/Annette-Murphy.png\"},{\"@type\":\"BreadcrumbList\",\"@id\":\"https:\/\/legacy.colt.net\/de\/about\/leadership\/annette-murphy\/#breadcrumb\",\"itemListElement\":[{\"@type\":\"ListItem\",\"position\":1,\"name\":\"Home\",\"item\":\"https:\/\/legacy.colt.net\/de\/\"},{\"@type\":\"ListItem\",\"position\":2,\"name\":\"\u00dcber Colt\",\"item\":\"https:\/\/legacy.colt.net\/de\/about\/\"},{\"@type\":\"ListItem\",\"position\":3,\"name\":\"Leadership\",\"item\":\"https:\/\/legacy.colt.net\/de\/about\/leadership\/\"},{\"@type\":\"ListItem\",\"position\":4,\"name\":\"Private: Annette Murphy\"}]},{\"@type\":\"WebSite\",\"@id\":\"https:\/\/legacy.colt.net\/#website\",\"url\":\"https:\/\/legacy.colt.net\/\",\"name\":\"Colt\u30c6\u30af\u30ce\u30ed\u30b8\u30fc\u30b5\u30fc\u30d3\u30b9\u682a\u5f0f\u4f1a\u793e\",\"description\":\"Managed Network &amp; Voice Services Provider\",\"publisher\":{\"@id\":\"https:\/\/legacy.colt.net\/#organization\"},\"potentialAction\":[{\"@type\":\"SearchAction\",\"target\":{\"@type\":\"EntryPoint\",\"urlTemplate\":\"https:\/\/legacy.colt.net\/?s={search_term_string}\"},\"query-input\":{\"@type\":\"PropertyValueSpecification\",\"valueRequired\":true,\"valueName\":\"search_term_string\"}}],\"inLanguage\":\"de-DE\"},{\"@type\":\"Organization\",\"@id\":\"https:\/\/legacy.colt.net\/#organization\",\"name\":\"Colt Technology Services\",\"url\":\"https:\/\/legacy.colt.net\/\",\"logo\":{\"@type\":\"ImageObject\",\"inLanguage\":\"de-DE\",\"@id\":\"https:\/\/legacy.colt.net\/#\/schema\/logo\/image\/\",\"url\":\"https:\/\/legacy.colt.net\/wp-content\/uploads\/2019\/02\/Colt-Logo.png\",\"contentUrl\":\"https:\/\/legacy.colt.net\/wp-content\/uploads\/2019\/02\/Colt-Logo.png\",\"width\":195,\"height\":77,\"caption\":\"Colt Technology Services\"},\"image\":{\"@id\":\"https:\/\/legacy.colt.net\/#\/schema\/logo\/image\/\"},\"sameAs\":[\"https:\/\/www.facebook.com\/ColtTechnologyServices\/\",\"https:\/\/x.com\/colt_technology\",\"https:\/\/www.instagram.com\/colttechnologyservices\/\",\"https:\/\/www.linkedin.com\/company\/colt-technology-services\",\"https:\/\/www.youtube.com\/user\/ColtTechnology\"]}]}<\/script>\n<!-- \/ Yoast SEO plugin. -->","yoast_head_json":{"title":"Annette Murphy - Colt Technology Services","description":"Annette Murphy Colt Technology Services","robots":{"index":"noindex","follow":"follow","max-snippet":"max-snippet:-1","max-image-preview":"max-image-preview:large","max-video-preview":"max-video-preview:-1"},"og_locale":"de_DE","og_type":"article","og_title":"Annette Murphy - Colt Technology Services","og_description":"Annette Murphy Colt Technology Services","og_url":"https:\/\/legacy.colt.net\/de\/about\/leadership\/annette-murphy\/","og_site_name":"Colt Technology Services","article_publisher":"https:\/\/www.facebook.com\/ColtTechnologyServices\/","article_modified_time":"2023-10-31T16:39:32+00:00","og_image":[{"width":1000,"height":667,"url":"https:\/\/legacy.colt.net\/wp-content\/uploads\/2021\/01\/Brand-2021-Stock-8.jpg","type":"image\/jpeg"}],"twitter_card":"summary_large_image","twitter_site":"@colt_technology","schema":{"@context":"https:\/\/schema.org","@graph":[{"@type":"WebPage","@id":"https:\/\/legacy.colt.net\/de\/about\/leadership\/annette-murphy\/","url":"https:\/\/legacy.colt.net\/de\/about\/leadership\/annette-murphy\/","name":"Annette Murphy - Colt Technology Services","isPartOf":{"@id":"https:\/\/legacy.colt.net\/#website"},"primaryImageOfPage":{"@id":"https:\/\/legacy.colt.net\/de\/about\/leadership\/annette-murphy\/#primaryimage"},"image":{"@id":"https:\/\/legacy.colt.net\/de\/about\/leadership\/annette-murphy\/#primaryimage"},"thumbnailUrl":"https:\/\/legacy.colt.net\/wp-content\/uploads\/2023\/10\/Annette-Murphy.png","datePublished":"2023-10-31T16:33:38+00:00","dateModified":"2023-10-31T16:39:32+00:00","description":"Annette Murphy Colt Technology Services","breadcrumb":{"@id":"https:\/\/legacy.colt.net\/de\/about\/leadership\/annette-murphy\/#breadcrumb"},"inLanguage":"de-DE","potentialAction":[{"@type":"ReadAction","target":["https:\/\/legacy.colt.net\/de\/about\/leadership\/annette-murphy\/"]}]},{"@type":"ImageObject","inLanguage":"de-DE","@id":"https:\/\/legacy.colt.net\/de\/about\/leadership\/annette-murphy\/#primaryimage","url":"https:\/\/legacy.colt.net\/wp-content\/uploads\/2023\/10\/Annette-Murphy.png","contentUrl":"https:\/\/legacy.colt.net\/wp-content\/uploads\/2023\/10\/Annette-Murphy.png"},{"@type":"BreadcrumbList","@id":"https:\/\/legacy.colt.net\/de\/about\/leadership\/annette-murphy\/#breadcrumb","itemListElement":[{"@type":"ListItem","position":1,"name":"Home","item":"https:\/\/legacy.colt.net\/de\/"},{"@type":"ListItem","position":2,"name":"\u00dcber Colt","item":"https:\/\/legacy.colt.net\/de\/about\/"},{"@type":"ListItem","position":3,"name":"Leadership","item":"https:\/\/legacy.colt.net\/de\/about\/leadership\/"},{"@type":"ListItem","position":4,"name":"Private: Annette Murphy"}]},{"@type":"WebSite","@id":"https:\/\/legacy.colt.net\/#website","url":"https:\/\/legacy.colt.net\/","name":"Colt\u30c6\u30af\u30ce\u30ed\u30b8\u30fc\u30b5\u30fc\u30d3\u30b9\u682a\u5f0f\u4f1a\u793e","description":"Managed Network &amp; Voice Services Provider","publisher":{"@id":"https:\/\/legacy.colt.net\/#organization"},"potentialAction":[{"@type":"SearchAction","target":{"@type":"EntryPoint","urlTemplate":"https:\/\/legacy.colt.net\/?s={search_term_string}"},"query-input":{"@type":"PropertyValueSpecification","valueRequired":true,"valueName":"search_term_string"}}],"inLanguage":"de-DE"},{"@type":"Organization","@id":"https:\/\/legacy.colt.net\/#organization","name":"Colt Technology Services","url":"https:\/\/legacy.colt.net\/","logo":{"@type":"ImageObject","inLanguage":"de-DE","@id":"https:\/\/legacy.colt.net\/#\/schema\/logo\/image\/","url":"https:\/\/legacy.colt.net\/wp-content\/uploads\/2019\/02\/Colt-Logo.png","contentUrl":"https:\/\/legacy.colt.net\/wp-content\/uploads\/2019\/02\/Colt-Logo.png","width":195,"height":77,"caption":"Colt Technology Services"},"image":{"@id":"https:\/\/legacy.colt.net\/#\/schema\/logo\/image\/"},"sameAs":["https:\/\/www.facebook.com\/ColtTechnologyServices\/","https:\/\/x.com\/colt_technology","https:\/\/www.instagram.com\/colttechnologyservices\/","https:\/\/www.linkedin.com\/company\/colt-technology-services","https:\/\/www.youtube.com\/user\/ColtTechnology"]}]}},"_links":{"self":[{"href":"https:\/\/legacy.colt.net\/de\/wp-json\/wp\/v2\/pages\/125769","targetHints":{"allow":["GET"]}}],"collection":[{"href":"https:\/\/legacy.colt.net\/de\/wp-json\/wp\/v2\/pages"}],"about":[{"href":"https:\/\/legacy.colt.net\/de\/wp-json\/wp\/v2\/types\/page"}],"author":[{"embeddable":true,"href":"https:\/\/legacy.colt.net\/de\/wp-json\/wp\/v2\/users\/2"}],"replies":[{"embeddable":true,"href":"https:\/\/legacy.colt.net\/de\/wp-json\/wp\/v2\/comments?post=125769"}],"version-history":[{"count":0,"href":"https:\/\/legacy.colt.net\/de\/wp-json\/wp\/v2\/pages\/125769\/revisions"}],"up":[{"embeddable":true,"href":"https:\/\/legacy.colt.net\/de\/wp-json\/wp\/v2\/pages\/35346"}],"wp:attachment":[{"href":"https:\/\/legacy.colt.net\/de\/wp-json\/wp\/v2\/media?parent=125769"}],"wp:term":[{"taxonomy":"colt_type","embeddable":true,"href":"https:\/\/legacy.colt.net\/de\/wp-json\/wp\/v2\/colt_type?post=125769"},{"taxonomy":"colt_products","embeddable":true,"href":"https:\/\/legacy.colt.net\/de\/wp-json\/wp\/v2\/colt_products?post=125769"}],"curies":[{"name":"wp","href":"https:\/\/api.w.org\/{rel}","templated":true}]}}