{"id":118753,"date":"2023-02-10T12:51:06","date_gmt":"2023-02-10T12:51:06","guid":{"rendered":"https:\/\/www.colt.net\/?page_id=118753"},"modified":"2023-02-20T09:47:00","modified_gmt":"2023-02-20T09:47:00","slug":"zscaler","status":"publish","type":"page","link":"https:\/\/legacy.colt.net\/de\/why-colt\/partners\/zscaler\/","title":{"rendered":"Colt und Zscaler: Maximale Sicherheit f\u00fcr die digitale Transformation"},"content":{"rendered":"\n<h1>\n\t\tColt und Zscaler: Maximale Sicherheit f\u00fcr die digitale Transformation\n\t<\/h1>\n<h3>\n\t\tSch\u00fctzen Sie Ihr Netzwerk mit der f\u00fchrenden Security-as-a-Service L\u00f6sung\n\t<\/h3>\n\t<nav class=\"breadcrumb\"><span><span><a href=\"https:\/\/legacy.colt.net\/de\/\">Home<\/a><\/span><\/span><\/nav>\n<h1>\n\t\tDer Weg zur sicheren Vernetzung\n\t<\/h1>\n\t<p>Zscaler und Colt bieten Ihnen digitale Transformation und sichere Vernetzung aus einer Hand &#8211; mehr Agilit\u00e4t, Effizienz und Verl\u00e4sslichkeit f\u00fcr Ihr Unternehmen!<\/p>\n\t\t\t\t<img loading=\"lazy\" decoding=\"async\" src=\"https:\/\/legacy.colt.net\/wp-content\/uploads\/2022\/01\/Connecting-Technology2-1.jpg\" alt=\"Side view of a female Asian IT engineer explaining network connections in a server to a novice African-American technician.\" itemprop=\"image\" height=\"667\" width=\"1000\" title=\"Female Asian IT technician explaining network connection to a novice engineer\" onerror=\"this.style.display='none'\"  \/>\n<h2>\n\t\tDrei Schl\u00fcssel zur Transformation mit Zero Trust\n\t<\/h2>\n\t<p>Unser E-Book informiert Sie \u00fcber Zero Trust und die drei Schl\u00fcssel zur erfolgreichen Transformation.<\/p>\n\t\t\t<p>[hubspot type=&#8221;form&#8221; portal=&#8221;344164&#8243; id=&#8221;d2d84482-09ef-4d7d-ae07-c5b478029e44&#8243;]<\/p>\n\t\t\t<a href=\"void(0)\" target=\"_self\" aria-label=\"Leitfaden herunterladen\" rel=\"noopener\">\n\t\t\t\t\t\t\tLeitfaden herunterladen\n\t\t<\/a>\n\t\t\t\t<img loading=\"lazy\" decoding=\"async\" src=\"https:\/\/legacy.colt.net\/wp-content\/uploads\/2023\/01\/zscaler-ebook-front-cover.png\" alt=\"zscaler ebook front cover\" itemprop=\"image\" height=\"609\" width=\"787\" title=\"zscaler ebook front cover\" onerror=\"this.style.display='none'\"  \/>\n<h3>\n\t\tWie Sie als Kunde profitieren\n\t<\/h3>\n\t<p>Die direkten Peering-Standorte von Colt in Kombination mit der Zscaler-Cloud erm\u00f6glichen eine sichere Verteilung des Datenverkehrs \u00fcber unseren sicheren Netzwerk-Gateway f\u00fcr Internet, private Cloud und \u00f6ffentliche Clouds.<\/p>\n\t\t\t\t<img decoding=\"async\" src=\"https:\/\/legacy.colt.net\/wp-content\/uploads\/2021\/01\/Connecting-to-the-cloud-1.png\" alt=\"Connecting-to-the-cloud-1\" title=\"Connecting-to-the-cloud-1\" itemprop=\"image\"\/>\n\t\t<h3>Top-Partner f\u00fcr Converged Security und Networking<\/h3>\t\t\t\n\t\t\t\t<p>Unser Partner Zscaler ist seit mehr als zehn Jahren der unbestrittene Marktf\u00fchrer bei Cloud Security und verf\u00fcgt \u00fcber enorme Erfahrung und das umfassendste Leistungsspektrum in diesem Bereich.<\/p>\n\t\t\t\t<img decoding=\"async\" src=\"https:\/\/legacy.colt.net\/wp-content\/uploads\/2021\/01\/Cloud-SBC.png\" alt=\"Cloud SBC\" title=\"Cloud SBC\" itemprop=\"image\"\/>\n\t\t<h3>Unterst\u00fctzung der Migration in die Cloud<\/h3>\t\t\t\n\t\t\t\t<p>Digitale Transformation und Migration in die Cloud werden leichter &#8211; Datensicherheit und Zugriffssicherheit f\u00fcr SaaS- und Cloud-Anwendungen sowie Zero-Trust-Zugriff auf Bestandsanwendungen sind f\u00fcr jeden einzelnen Benutzer sichergestellt.<\/p>\n\t\t\t\t<img decoding=\"async\" src=\"https:\/\/legacy.colt.net\/wp-content\/uploads\/2021\/01\/Dedicated-Cloud-Access.png\" alt=\"Dedicated Cloud Access\" title=\"Dedicated Cloud Access\" itemprop=\"image\"\/>\n\t\t<h3>Hybrides Arbeiten auf solider Basis<\/h3>\t\t\t\n\t\t\t\t<p>Ortsunabh\u00e4ngiges Arbeiten ist jetzt dank durchg\u00e4ngig implementierbarer Sicherheitsrichtlinien genauso sicher wie am Schreibtisch im Unternehmen.<\/p>\n\t\t\t\t<img decoding=\"async\" src=\"https:\/\/legacy.colt.net\/wp-content\/uploads\/2021\/01\/SD-WAN.png\" alt=\"SD WAN\" title=\"SD WAN\" itemprop=\"image\"\/>\n\t\t<h3>Sicherheits-transformation ohne Produktivit\u00e4tsverlust<\/h3>\t\t\t\n\t\t\t\t<p>Wir lassen Sie bei Ihrer Umstellung nicht im Regen stehen. Colt sorgt daf\u00fcr, dass der \u00dcbergang von Ihrem konventionellen VPN-System zu einem rundum sicheren Cloud-System einschlie\u00dflich Zero-Trust-Konzept f\u00fcr mobile Mitarbeiter reibungslos verl\u00e4uft.<\/p>\n<h3>\n\t\tColt und Zscaler\n\t<\/h3>\n\t<p>Gemeinsam bieten unsere Unternehmen eine l\u00fcckenlose Security-as-a-Service L\u00f6sung auf der Basis geballter Erfahrung f\u00fcr die digitale Transformation.<\/p>\n\t\t\t\t<img loading=\"lazy\" decoding=\"async\" src=\"https:\/\/legacy.colt.net\/wp-content\/uploads\/2022\/03\/zscaler-logo-transparent.png\" alt=\"zscaler logo transparent\" itemprop=\"image\" height=\"562\" width=\"1550\" title=\"zscaler logo transparent\" onerror=\"this.style.display='none'\"  \/>\n\t\t\t\t<img loading=\"lazy\" decoding=\"async\" src=\"https:\/\/legacy.colt.net\/wp-content\/uploads\/2020\/12\/Colt_logo_Teal_RGB-300x118-1.png\" alt=\"Colt_logo_Teal_RGB-300x118\" itemprop=\"image\" height=\"118\" width=\"300\" title=\"Colt_logo_Teal_RGB-300x118\" onerror=\"this.style.display='none'\"  \/>\n\t<p>Zscaler mit Hauptsitz in San Jos\u00e9, Kalifornien, ist eines der am schnellsten wachsenden und innovativsten Unternehmen im Bereich Cloud-Sicherheit. Das Unternehmen betreibt derzeit die weltweit gr\u00f6\u00dfte Cloud-Sicherheitsplattform und sch\u00fctzt Tausende von Unternehmen und Beh\u00f6rden vor Cyberangriffen und Datenverlusten. Alle Services werden vollst\u00e4ndig in der Cloud bereitgestellt und bieten ein Maximum an Sicherheit und Benutzerfreundlichkeit.<\/p>\n\t<p>Colt ver\u00e4ndert die Welt durch Vernetzung und steigert den Unternehmenserfolg seiner Kunden durch digitale Kompetenz. Das Colt IQ Network verbindet mehr als 1.000 Rechenzentren und \u00fcber 31.000 Geb\u00e4ude in den Wirtschaftszentren von Europa, Asien und Nordamerika. Colt ist mit der Dynamik moderner Vernetzungsanforderungen vertraut wie wenige andere Unternehmen und bietet bandbreitenstarke Netzwerk- und Telefoniel\u00f6sungen f\u00fcr maximalen Unternehmenserfolg.<\/p>\n\n","protected":false},"excerpt":{"rendered":"<p>Colt und Zscaler: Maximale Sicherheit f\u00fcr die digitale Transformation Sch\u00fctzen Sie Ihr Netzwerk mit der f\u00fchrenden Security-as-a-Service L\u00f6sung Der Weg zur sicheren Vernetzung Zscaler und Colt bieten Ihnen digitale Transformation und sichere Vernetzung aus einer Hand &#8211; mehr Agilit\u00e4t, Effizienz und Verl\u00e4sslichkeit f\u00fcr Ihr Unternehmen! Drei Schl\u00fcssel zur Transformation mit Zero Trust Unser E-Book informiert&#8230;<\/p>\n","protected":false},"author":2,"featured_media":0,"parent":100204,"menu_order":0,"comment_status":"closed","ping_status":"closed","template":"","meta":{"_acf_changed":false,"footnotes":""},"colt_type":[],"colt_products":[],"class_list":["post-118753","page","type-page","status-publish","hentry"],"acf":[],"yoast_head":"<!-- This site is optimized with the Yoast SEO plugin v26.8 - https:\/\/yoast.com\/product\/yoast-seo-wordpress\/ -->\n<title>Colt und Zscaler: Maximale Sicherheit f\u00fcr die digitale Transformation - Colt Technology Services<\/title>\n<meta name=\"description\" content=\"Colt und Zscaler: Maximale Sicherheit f\u00fcr die digitale Transformation Colt Technology Services\" \/>\n<meta name=\"robots\" content=\"noindex, follow, max-snippet:-1, max-image-preview:large, max-video-preview:-1\" \/>\n<meta property=\"og:locale\" content=\"de_DE\" \/>\n<meta property=\"og:type\" content=\"article\" \/>\n<meta property=\"og:title\" content=\"Colt und Zscaler: Maximale Sicherheit f\u00fcr die digitale Transformation - Colt Technology Services\" \/>\n<meta property=\"og:description\" content=\"Colt und Zscaler: Maximale Sicherheit f\u00fcr die digitale Transformation Colt Technology Services\" \/>\n<meta property=\"og:url\" content=\"https:\/\/legacy.colt.net\/de\/why-colt\/partners\/zscaler\/\" \/>\n<meta property=\"og:site_name\" content=\"Colt Technology Services\" \/>\n<meta property=\"article:publisher\" content=\"https:\/\/www.facebook.com\/ColtTechnologyServices\/\" \/>\n<meta property=\"article:modified_time\" content=\"2023-02-20T09:47:00+00:00\" \/>\n<meta property=\"og:image\" content=\"https:\/\/legacy.colt.net\/wp-content\/uploads\/2021\/01\/Brand-2021-Stock-10-1.jpg\" \/>\n\t<meta property=\"og:image:width\" content=\"1000\" \/>\n\t<meta property=\"og:image:height\" content=\"668\" \/>\n\t<meta property=\"og:image:type\" content=\"image\/jpeg\" \/>\n<meta name=\"twitter:card\" content=\"summary_large_image\" \/>\n<meta name=\"twitter:site\" content=\"@colt_technology\" \/>\n<script type=\"application\/ld+json\" class=\"yoast-schema-graph\">{\"@context\":\"https:\/\/schema.org\",\"@graph\":[{\"@type\":\"WebPage\",\"@id\":\"https:\/\/legacy.colt.net\/de\/why-colt\/partners\/zscaler\/\",\"url\":\"https:\/\/legacy.colt.net\/de\/why-colt\/partners\/zscaler\/\",\"name\":\"Colt und Zscaler: Maximale Sicherheit f\u00fcr die digitale Transformation - Colt Technology Services\",\"isPartOf\":{\"@id\":\"https:\/\/legacy.colt.net\/#website\"},\"primaryImageOfPage\":{\"@id\":\"https:\/\/legacy.colt.net\/de\/why-colt\/partners\/zscaler\/#primaryimage\"},\"image\":{\"@id\":\"https:\/\/legacy.colt.net\/de\/why-colt\/partners\/zscaler\/#primaryimage\"},\"thumbnailUrl\":\"https:\/\/legacy.colt.net\/wp-content\/uploads\/2022\/01\/Connecting-Technology2-1.jpg\",\"datePublished\":\"2023-02-10T12:51:06+00:00\",\"dateModified\":\"2023-02-20T09:47:00+00:00\",\"description\":\"Colt und Zscaler: Maximale Sicherheit f\u00fcr die digitale Transformation Colt Technology Services\",\"breadcrumb\":{\"@id\":\"https:\/\/legacy.colt.net\/de\/why-colt\/partners\/zscaler\/#breadcrumb\"},\"inLanguage\":\"de-DE\",\"potentialAction\":[{\"@type\":\"ReadAction\",\"target\":[\"https:\/\/legacy.colt.net\/de\/why-colt\/partners\/zscaler\/\"]}]},{\"@type\":\"ImageObject\",\"inLanguage\":\"de-DE\",\"@id\":\"https:\/\/legacy.colt.net\/de\/why-colt\/partners\/zscaler\/#primaryimage\",\"url\":\"https:\/\/legacy.colt.net\/wp-content\/uploads\/2022\/01\/Connecting-Technology2-1.jpg\",\"contentUrl\":\"https:\/\/legacy.colt.net\/wp-content\/uploads\/2022\/01\/Connecting-Technology2-1.jpg\"},{\"@type\":\"BreadcrumbList\",\"@id\":\"https:\/\/legacy.colt.net\/de\/why-colt\/partners\/zscaler\/#breadcrumb\",\"itemListElement\":[{\"@type\":\"ListItem\",\"position\":1,\"name\":\"Home\",\"item\":\"https:\/\/legacy.colt.net\/de\/\"},{\"@type\":\"ListItem\",\"position\":2,\"name\":\"Why Colt?\",\"item\":\"https:\/\/legacy.colt.net\/de\/why-colt\/\"},{\"@type\":\"ListItem\",\"position\":3,\"name\":\"Unsere Partner\",\"item\":\"https:\/\/legacy.colt.net\/de\/why-colt\/partners\/\"},{\"@type\":\"ListItem\",\"position\":4,\"name\":\"Colt und Zscaler: Maximale Sicherheit f\u00fcr die digitale Transformation\"}]},{\"@type\":\"WebSite\",\"@id\":\"https:\/\/legacy.colt.net\/#website\",\"url\":\"https:\/\/legacy.colt.net\/\",\"name\":\"Colt\u30c6\u30af\u30ce\u30ed\u30b8\u30fc\u30b5\u30fc\u30d3\u30b9\u682a\u5f0f\u4f1a\u793e\",\"description\":\"Managed Network &amp; Voice Services Provider\",\"publisher\":{\"@id\":\"https:\/\/legacy.colt.net\/#organization\"},\"potentialAction\":[{\"@type\":\"SearchAction\",\"target\":{\"@type\":\"EntryPoint\",\"urlTemplate\":\"https:\/\/legacy.colt.net\/?s={search_term_string}\"},\"query-input\":{\"@type\":\"PropertyValueSpecification\",\"valueRequired\":true,\"valueName\":\"search_term_string\"}}],\"inLanguage\":\"de-DE\"},{\"@type\":\"Organization\",\"@id\":\"https:\/\/legacy.colt.net\/#organization\",\"name\":\"Colt Technology Services\",\"url\":\"https:\/\/legacy.colt.net\/\",\"logo\":{\"@type\":\"ImageObject\",\"inLanguage\":\"de-DE\",\"@id\":\"https:\/\/legacy.colt.net\/#\/schema\/logo\/image\/\",\"url\":\"https:\/\/legacy.colt.net\/wp-content\/uploads\/2019\/02\/Colt-Logo.png\",\"contentUrl\":\"https:\/\/legacy.colt.net\/wp-content\/uploads\/2019\/02\/Colt-Logo.png\",\"width\":195,\"height\":77,\"caption\":\"Colt Technology Services\"},\"image\":{\"@id\":\"https:\/\/legacy.colt.net\/#\/schema\/logo\/image\/\"},\"sameAs\":[\"https:\/\/www.facebook.com\/ColtTechnologyServices\/\",\"https:\/\/x.com\/colt_technology\",\"https:\/\/www.instagram.com\/colttechnologyservices\/\",\"https:\/\/www.linkedin.com\/company\/colt-technology-services\",\"https:\/\/www.youtube.com\/user\/ColtTechnology\"]}]}<\/script>\n<!-- \/ Yoast SEO plugin. -->","yoast_head_json":{"title":"Colt und Zscaler: Maximale Sicherheit f\u00fcr die digitale Transformation - Colt Technology Services","description":"Colt und Zscaler: Maximale Sicherheit f\u00fcr die digitale Transformation Colt Technology Services","robots":{"index":"noindex","follow":"follow","max-snippet":"max-snippet:-1","max-image-preview":"max-image-preview:large","max-video-preview":"max-video-preview:-1"},"og_locale":"de_DE","og_type":"article","og_title":"Colt und Zscaler: Maximale Sicherheit f\u00fcr die digitale Transformation - Colt Technology Services","og_description":"Colt und Zscaler: Maximale Sicherheit f\u00fcr die digitale Transformation Colt Technology Services","og_url":"https:\/\/legacy.colt.net\/de\/why-colt\/partners\/zscaler\/","og_site_name":"Colt Technology Services","article_publisher":"https:\/\/www.facebook.com\/ColtTechnologyServices\/","article_modified_time":"2023-02-20T09:47:00+00:00","og_image":[{"width":1000,"height":668,"url":"https:\/\/legacy.colt.net\/wp-content\/uploads\/2021\/01\/Brand-2021-Stock-10-1.jpg","type":"image\/jpeg"}],"twitter_card":"summary_large_image","twitter_site":"@colt_technology","schema":{"@context":"https:\/\/schema.org","@graph":[{"@type":"WebPage","@id":"https:\/\/legacy.colt.net\/de\/why-colt\/partners\/zscaler\/","url":"https:\/\/legacy.colt.net\/de\/why-colt\/partners\/zscaler\/","name":"Colt und Zscaler: Maximale Sicherheit f\u00fcr die digitale Transformation - Colt Technology Services","isPartOf":{"@id":"https:\/\/legacy.colt.net\/#website"},"primaryImageOfPage":{"@id":"https:\/\/legacy.colt.net\/de\/why-colt\/partners\/zscaler\/#primaryimage"},"image":{"@id":"https:\/\/legacy.colt.net\/de\/why-colt\/partners\/zscaler\/#primaryimage"},"thumbnailUrl":"https:\/\/legacy.colt.net\/wp-content\/uploads\/2022\/01\/Connecting-Technology2-1.jpg","datePublished":"2023-02-10T12:51:06+00:00","dateModified":"2023-02-20T09:47:00+00:00","description":"Colt und Zscaler: Maximale Sicherheit f\u00fcr die digitale Transformation Colt Technology Services","breadcrumb":{"@id":"https:\/\/legacy.colt.net\/de\/why-colt\/partners\/zscaler\/#breadcrumb"},"inLanguage":"de-DE","potentialAction":[{"@type":"ReadAction","target":["https:\/\/legacy.colt.net\/de\/why-colt\/partners\/zscaler\/"]}]},{"@type":"ImageObject","inLanguage":"de-DE","@id":"https:\/\/legacy.colt.net\/de\/why-colt\/partners\/zscaler\/#primaryimage","url":"https:\/\/legacy.colt.net\/wp-content\/uploads\/2022\/01\/Connecting-Technology2-1.jpg","contentUrl":"https:\/\/legacy.colt.net\/wp-content\/uploads\/2022\/01\/Connecting-Technology2-1.jpg"},{"@type":"BreadcrumbList","@id":"https:\/\/legacy.colt.net\/de\/why-colt\/partners\/zscaler\/#breadcrumb","itemListElement":[{"@type":"ListItem","position":1,"name":"Home","item":"https:\/\/legacy.colt.net\/de\/"},{"@type":"ListItem","position":2,"name":"Why Colt?","item":"https:\/\/legacy.colt.net\/de\/why-colt\/"},{"@type":"ListItem","position":3,"name":"Unsere Partner","item":"https:\/\/legacy.colt.net\/de\/why-colt\/partners\/"},{"@type":"ListItem","position":4,"name":"Colt und Zscaler: Maximale Sicherheit f\u00fcr die digitale Transformation"}]},{"@type":"WebSite","@id":"https:\/\/legacy.colt.net\/#website","url":"https:\/\/legacy.colt.net\/","name":"Colt\u30c6\u30af\u30ce\u30ed\u30b8\u30fc\u30b5\u30fc\u30d3\u30b9\u682a\u5f0f\u4f1a\u793e","description":"Managed Network &amp; Voice Services Provider","publisher":{"@id":"https:\/\/legacy.colt.net\/#organization"},"potentialAction":[{"@type":"SearchAction","target":{"@type":"EntryPoint","urlTemplate":"https:\/\/legacy.colt.net\/?s={search_term_string}"},"query-input":{"@type":"PropertyValueSpecification","valueRequired":true,"valueName":"search_term_string"}}],"inLanguage":"de-DE"},{"@type":"Organization","@id":"https:\/\/legacy.colt.net\/#organization","name":"Colt Technology Services","url":"https:\/\/legacy.colt.net\/","logo":{"@type":"ImageObject","inLanguage":"de-DE","@id":"https:\/\/legacy.colt.net\/#\/schema\/logo\/image\/","url":"https:\/\/legacy.colt.net\/wp-content\/uploads\/2019\/02\/Colt-Logo.png","contentUrl":"https:\/\/legacy.colt.net\/wp-content\/uploads\/2019\/02\/Colt-Logo.png","width":195,"height":77,"caption":"Colt Technology Services"},"image":{"@id":"https:\/\/legacy.colt.net\/#\/schema\/logo\/image\/"},"sameAs":["https:\/\/www.facebook.com\/ColtTechnologyServices\/","https:\/\/x.com\/colt_technology","https:\/\/www.instagram.com\/colttechnologyservices\/","https:\/\/www.linkedin.com\/company\/colt-technology-services","https:\/\/www.youtube.com\/user\/ColtTechnology"]}]}},"_links":{"self":[{"href":"https:\/\/legacy.colt.net\/de\/wp-json\/wp\/v2\/pages\/118753","targetHints":{"allow":["GET"]}}],"collection":[{"href":"https:\/\/legacy.colt.net\/de\/wp-json\/wp\/v2\/pages"}],"about":[{"href":"https:\/\/legacy.colt.net\/de\/wp-json\/wp\/v2\/types\/page"}],"author":[{"embeddable":true,"href":"https:\/\/legacy.colt.net\/de\/wp-json\/wp\/v2\/users\/2"}],"replies":[{"embeddable":true,"href":"https:\/\/legacy.colt.net\/de\/wp-json\/wp\/v2\/comments?post=118753"}],"version-history":[{"count":0,"href":"https:\/\/legacy.colt.net\/de\/wp-json\/wp\/v2\/pages\/118753\/revisions"}],"up":[{"embeddable":true,"href":"https:\/\/legacy.colt.net\/de\/wp-json\/wp\/v2\/pages\/100204"}],"wp:attachment":[{"href":"https:\/\/legacy.colt.net\/de\/wp-json\/wp\/v2\/media?parent=118753"}],"wp:term":[{"taxonomy":"colt_type","embeddable":true,"href":"https:\/\/legacy.colt.net\/de\/wp-json\/wp\/v2\/colt_type?post=118753"},{"taxonomy":"colt_products","embeddable":true,"href":"https:\/\/legacy.colt.net\/de\/wp-json\/wp\/v2\/colt_products?post=118753"}],"curies":[{"name":"wp","href":"https:\/\/api.w.org\/{rel}","templated":true}]}}