{"id":118462,"date":"2023-01-26T11:07:50","date_gmt":"2023-01-26T11:07:50","guid":{"rendered":"https:\/\/www.colt.net\/?page_id=118462"},"modified":"2023-01-26T11:07:50","modified_gmt":"2023-01-26T11:07:50","slug":"gerry-mcgraw","status":"publish","type":"page","link":"https:\/\/legacy.colt.net\/de\/about\/leadership\/gerry-mcgraw\/","title":{"rendered":"Gerry McGraw"},"content":{"rendered":"\n\n\t<nav class=\"breadcrumb\"><span><span><a href=\"https:\/\/legacy.colt.net\/de\/\">Home<\/a><\/span><\/span><\/nav>\n\t\t\t\t<img loading=\"lazy\" decoding=\"async\" src=\"https:\/\/legacy.colt.net\/wp-content\/uploads\/2022\/04\/McGraw-Photo-1.jpg\" alt=\"McGraw Photo (1)\" itemprop=\"image\" height=\"292\" width=\"305\" title=\"McGraw Photo (1)\" onerror=\"this.style.display='none'\"  \/>\n<h3>\n\t\tGerry McGraw\n\t<\/h3>\n<h4>\n\t\tMitglied des Pr\u00fcfungsauschusses\n\t<\/h4>\n\t<p>Gerry McGraw ist seit 2022 Mitglied im Pr\u00fcfungsausschuss. Er ist Executive Vice President bei Fidelity Investments und Mitglied im Vorstand von FMR LLC, sowie Vorsitzender des Pr\u00fcfungsaus-schusses bei FMR. In seinen 25 Jahren bei Fidelity leitete Gerry die Einheit \u201eLegal Risk and Compliance&#8221; des Unternehmens, war Chief Financial Officer und Leiter der zentralen Unternehmensfunktionen, Pr\u00e4sident von Fidelity Institutional sowie Pr\u00e4sident der Betriebs- und Dienstleistungs-gruppe des Unternehmens. Gerry McGraw verf\u00fcgt \u00fcber mehr als 40 Jahre Erfahrung in den Bereichen Finanzwesen, Regulierung und operative Services. Bevor er zu Fidelity kam, hatte er leitende Positionen bei Smith Barney Inc. und Shearson Lehman Brothers, Inc. inne und war als Pr\u00fcfer bei der New York Stock Exchange t\u00e4tig, der Unternehmensgruppe, die heute Teil der FINRA ist.<\/p>\n\t\t\t\t\t\t<h4>\n\t\t\t\t<a href=https:\/\/legacy.colt.net\/de\/resources\/colt-staerkt-seine-praesenz-in-spanien-mit-einem-neuen-point-of-presence-fuer-das-unterseekabel-von-afr-ix-telecom-in-barcelona\/ title=\"Colt st\u00e4rkt seine Pr\u00e4senz in Spanien mit einem neuen Point of Presence an der Barcelona Cable Landing Station von AFR-IX Telecom\" tabindex=\"0\">Colt st\u00e4rkt seine Pr\u00e4senz in Spanien mit einem neuen Point of Presence an der Barcelona Cable Landing Station von AFR-IX Telecom<\/a>\t\t\t<\/h4>\n\t\t\t<a href=\"https:\/\/legacy.colt.net\/de\/resources\/colt-staerkt-seine-praesenz-in-spanien-mit-einem-neuen-point-of-presence-fuer-das-unterseekabel-von-afr-ix-telecom-in-barcelona\/\" target=\"_self\" rel=\"noopener\">Read More &#8594;<\/a>\t\t\n\t\t\t\t\t\t<h4>\n\t\t\t\t<a href=https:\/\/legacy.colt.net\/de\/resources\/frost-sullivan-zeichnet-colt-mit-dem-best-practices-company-of-the-year-award-fuer-european-network-services-industry-excellence-aus\/ title=\"Frost &#038; Sullivan zeichnet Colt mit dem \u201eBest Practices Company of the Year Award\" f\u00fcr \u201eEuropean Network Services Industry Excellence\" aus\" tabindex=\"0\">Frost &#038; Sullivan zeichnet Colt mit dem \u201eBest Practices Company of the Year Award&#8221; f\u00fcr \u201eEuropean Network Services Industry Excellence&#8221; aus<\/a>\t\t\t<\/h4>\n\t\t\t<a href=\"https:\/\/legacy.colt.net\/de\/resources\/frost-sullivan-zeichnet-colt-mit-dem-best-practices-company-of-the-year-award-fuer-european-network-services-industry-excellence-aus\/\" target=\"_self\" rel=\"noopener\">Read More &#8594;<\/a>\t\t\n\t\t\t\t\t\t<h4>\n\t\t\t\t<a href=https:\/\/legacy.colt.net\/de\/resources\/colt-und-ibm-gruenden-industrie-4-0-lab\/ title=\"Colt und IBM gr\u00fcnden Industrie 4.0-Lab\" tabindex=\"0\">Colt und IBM gr\u00fcnden Industrie 4.0-Lab<\/a>\t\t\t<\/h4>\n\t\t\t<a href=\"https:\/\/legacy.colt.net\/de\/resources\/colt-und-ibm-gruenden-industrie-4-0-lab\/\" target=\"_self\" rel=\"noopener\">Read More &#8594;<\/a>\t\t\n\t\t\t\t\t\t<h4>\n\t\t\t\t<a href=https:\/\/legacy.colt.net\/de\/resources\/quo-vadis-hybrid-working-das-potenzial-von-ms-teams-optimal-nutzen-webinar\/ title=\"Quo Vadis &#8211; Hybrid Working? Das Potenzial von MS Teams optimal nutzen\" tabindex=\"0\">Quo Vadis &#8211; Hybrid Working? Das Potenzial von MS Teams optimal nutzen<\/a>\t\t\t<\/h4>\n\t\t\t<a href=\"https:\/\/legacy.colt.net\/de\/resources\/quo-vadis-hybrid-working-das-potenzial-von-ms-teams-optimal-nutzen-webinar\/\" target=\"_self\" rel=\"noopener\">Read More &#8594;<\/a>\t\t\n\n","protected":false},"excerpt":{"rendered":"<p>Gerry McGraw Mitglied des Pr\u00fcfungsauschusses Gerry McGraw ist seit 2022 Mitglied im Pr\u00fcfungsausschuss. Er ist Executive Vice President bei Fidelity Investments und Mitglied im Vorstand von FMR LLC, sowie Vorsitzender des Pr\u00fcfungsaus-schusses bei FMR. In seinen 25 Jahren bei Fidelity leitete Gerry die Einheit \u201eLegal Risk and Compliance&#8221; des Unternehmens, war Chief Financial Officer und&#8230;<\/p>\n","protected":false},"author":2,"featured_media":0,"parent":35346,"menu_order":0,"comment_status":"closed","ping_status":"closed","template":"","meta":{"_acf_changed":false,"footnotes":""},"colt_type":[],"colt_products":[],"class_list":["post-118462","page","type-page","status-publish","hentry"],"acf":[],"yoast_head":"<!-- This site is optimized with the Yoast SEO plugin v26.8 - https:\/\/yoast.com\/product\/yoast-seo-wordpress\/ -->\n<title>Gerry McGraw - Colt Technology Services<\/title>\n<meta name=\"description\" content=\"Gerry McGraw Colt Technology Services\" \/>\n<meta name=\"robots\" content=\"noindex, follow, max-snippet:-1, max-image-preview:large, max-video-preview:-1\" \/>\n<meta property=\"og:locale\" content=\"de_DE\" \/>\n<meta property=\"og:type\" content=\"article\" \/>\n<meta property=\"og:title\" content=\"Gerry McGraw - Colt Technology Services\" \/>\n<meta property=\"og:description\" content=\"Gerry McGraw Colt Technology Services\" \/>\n<meta property=\"og:url\" content=\"https:\/\/legacy.colt.net\/de\/about\/leadership\/gerry-mcgraw\/\" \/>\n<meta property=\"og:site_name\" content=\"Colt Technology Services\" \/>\n<meta property=\"article:publisher\" content=\"https:\/\/www.facebook.com\/ColtTechnologyServices\/\" \/>\n<meta property=\"og:image\" content=\"https:\/\/legacy.colt.net\/wp-content\/uploads\/2021\/01\/Brand-2021-Stock-46.jpg\" \/>\n\t<meta property=\"og:image:width\" content=\"1000\" \/>\n\t<meta property=\"og:image:height\" content=\"667\" \/>\n\t<meta property=\"og:image:type\" content=\"image\/jpeg\" \/>\n<meta name=\"twitter:card\" content=\"summary_large_image\" \/>\n<meta name=\"twitter:site\" content=\"@colt_technology\" \/>\n<script type=\"application\/ld+json\" class=\"yoast-schema-graph\">{\"@context\":\"https:\/\/schema.org\",\"@graph\":[{\"@type\":\"WebPage\",\"@id\":\"https:\/\/legacy.colt.net\/de\/about\/leadership\/gerry-mcgraw\/\",\"url\":\"https:\/\/legacy.colt.net\/de\/about\/leadership\/gerry-mcgraw\/\",\"name\":\"Gerry McGraw - Colt Technology Services\",\"isPartOf\":{\"@id\":\"https:\/\/legacy.colt.net\/#website\"},\"primaryImageOfPage\":{\"@id\":\"https:\/\/legacy.colt.net\/de\/about\/leadership\/gerry-mcgraw\/#primaryimage\"},\"image\":{\"@id\":\"https:\/\/legacy.colt.net\/de\/about\/leadership\/gerry-mcgraw\/#primaryimage\"},\"thumbnailUrl\":\"https:\/\/legacy.colt.net\/wp-content\/uploads\/2022\/04\/McGraw-Photo-1.jpg\",\"datePublished\":\"2023-01-26T11:07:50+00:00\",\"description\":\"Gerry McGraw Colt Technology Services\",\"breadcrumb\":{\"@id\":\"https:\/\/legacy.colt.net\/de\/about\/leadership\/gerry-mcgraw\/#breadcrumb\"},\"inLanguage\":\"de-DE\",\"potentialAction\":[{\"@type\":\"ReadAction\",\"target\":[\"https:\/\/legacy.colt.net\/de\/about\/leadership\/gerry-mcgraw\/\"]}]},{\"@type\":\"ImageObject\",\"inLanguage\":\"de-DE\",\"@id\":\"https:\/\/legacy.colt.net\/de\/about\/leadership\/gerry-mcgraw\/#primaryimage\",\"url\":\"https:\/\/legacy.colt.net\/wp-content\/uploads\/2022\/04\/McGraw-Photo-1.jpg\",\"contentUrl\":\"https:\/\/legacy.colt.net\/wp-content\/uploads\/2022\/04\/McGraw-Photo-1.jpg\"},{\"@type\":\"BreadcrumbList\",\"@id\":\"https:\/\/legacy.colt.net\/de\/about\/leadership\/gerry-mcgraw\/#breadcrumb\",\"itemListElement\":[{\"@type\":\"ListItem\",\"position\":1,\"name\":\"Home\",\"item\":\"https:\/\/legacy.colt.net\/de\/\"},{\"@type\":\"ListItem\",\"position\":2,\"name\":\"\u00dcber Colt\",\"item\":\"https:\/\/legacy.colt.net\/de\/about\/\"},{\"@type\":\"ListItem\",\"position\":3,\"name\":\"Leadership\",\"item\":\"https:\/\/legacy.colt.net\/de\/about\/leadership\/\"},{\"@type\":\"ListItem\",\"position\":4,\"name\":\"Gerry McGraw\"}]},{\"@type\":\"WebSite\",\"@id\":\"https:\/\/legacy.colt.net\/#website\",\"url\":\"https:\/\/legacy.colt.net\/\",\"name\":\"Colt\u30c6\u30af\u30ce\u30ed\u30b8\u30fc\u30b5\u30fc\u30d3\u30b9\u682a\u5f0f\u4f1a\u793e\",\"description\":\"Managed Network &amp; Voice Services Provider\",\"publisher\":{\"@id\":\"https:\/\/legacy.colt.net\/#organization\"},\"potentialAction\":[{\"@type\":\"SearchAction\",\"target\":{\"@type\":\"EntryPoint\",\"urlTemplate\":\"https:\/\/legacy.colt.net\/?s={search_term_string}\"},\"query-input\":{\"@type\":\"PropertyValueSpecification\",\"valueRequired\":true,\"valueName\":\"search_term_string\"}}],\"inLanguage\":\"de-DE\"},{\"@type\":\"Organization\",\"@id\":\"https:\/\/legacy.colt.net\/#organization\",\"name\":\"Colt Technology Services\",\"url\":\"https:\/\/legacy.colt.net\/\",\"logo\":{\"@type\":\"ImageObject\",\"inLanguage\":\"de-DE\",\"@id\":\"https:\/\/legacy.colt.net\/#\/schema\/logo\/image\/\",\"url\":\"https:\/\/legacy.colt.net\/wp-content\/uploads\/2019\/02\/Colt-Logo.png\",\"contentUrl\":\"https:\/\/legacy.colt.net\/wp-content\/uploads\/2019\/02\/Colt-Logo.png\",\"width\":195,\"height\":77,\"caption\":\"Colt Technology Services\"},\"image\":{\"@id\":\"https:\/\/legacy.colt.net\/#\/schema\/logo\/image\/\"},\"sameAs\":[\"https:\/\/www.facebook.com\/ColtTechnologyServices\/\",\"https:\/\/x.com\/colt_technology\",\"https:\/\/www.instagram.com\/colttechnologyservices\/\",\"https:\/\/www.linkedin.com\/company\/colt-technology-services\",\"https:\/\/www.youtube.com\/user\/ColtTechnology\"]}]}<\/script>\n<!-- \/ Yoast SEO plugin. -->","yoast_head_json":{"title":"Gerry McGraw - Colt Technology Services","description":"Gerry McGraw Colt Technology Services","robots":{"index":"noindex","follow":"follow","max-snippet":"max-snippet:-1","max-image-preview":"max-image-preview:large","max-video-preview":"max-video-preview:-1"},"og_locale":"de_DE","og_type":"article","og_title":"Gerry McGraw - Colt Technology Services","og_description":"Gerry McGraw Colt Technology Services","og_url":"https:\/\/legacy.colt.net\/de\/about\/leadership\/gerry-mcgraw\/","og_site_name":"Colt Technology Services","article_publisher":"https:\/\/www.facebook.com\/ColtTechnologyServices\/","og_image":[{"width":1000,"height":667,"url":"https:\/\/legacy.colt.net\/wp-content\/uploads\/2021\/01\/Brand-2021-Stock-46.jpg","type":"image\/jpeg"}],"twitter_card":"summary_large_image","twitter_site":"@colt_technology","schema":{"@context":"https:\/\/schema.org","@graph":[{"@type":"WebPage","@id":"https:\/\/legacy.colt.net\/de\/about\/leadership\/gerry-mcgraw\/","url":"https:\/\/legacy.colt.net\/de\/about\/leadership\/gerry-mcgraw\/","name":"Gerry McGraw - Colt Technology Services","isPartOf":{"@id":"https:\/\/legacy.colt.net\/#website"},"primaryImageOfPage":{"@id":"https:\/\/legacy.colt.net\/de\/about\/leadership\/gerry-mcgraw\/#primaryimage"},"image":{"@id":"https:\/\/legacy.colt.net\/de\/about\/leadership\/gerry-mcgraw\/#primaryimage"},"thumbnailUrl":"https:\/\/legacy.colt.net\/wp-content\/uploads\/2022\/04\/McGraw-Photo-1.jpg","datePublished":"2023-01-26T11:07:50+00:00","description":"Gerry McGraw Colt Technology Services","breadcrumb":{"@id":"https:\/\/legacy.colt.net\/de\/about\/leadership\/gerry-mcgraw\/#breadcrumb"},"inLanguage":"de-DE","potentialAction":[{"@type":"ReadAction","target":["https:\/\/legacy.colt.net\/de\/about\/leadership\/gerry-mcgraw\/"]}]},{"@type":"ImageObject","inLanguage":"de-DE","@id":"https:\/\/legacy.colt.net\/de\/about\/leadership\/gerry-mcgraw\/#primaryimage","url":"https:\/\/legacy.colt.net\/wp-content\/uploads\/2022\/04\/McGraw-Photo-1.jpg","contentUrl":"https:\/\/legacy.colt.net\/wp-content\/uploads\/2022\/04\/McGraw-Photo-1.jpg"},{"@type":"BreadcrumbList","@id":"https:\/\/legacy.colt.net\/de\/about\/leadership\/gerry-mcgraw\/#breadcrumb","itemListElement":[{"@type":"ListItem","position":1,"name":"Home","item":"https:\/\/legacy.colt.net\/de\/"},{"@type":"ListItem","position":2,"name":"\u00dcber Colt","item":"https:\/\/legacy.colt.net\/de\/about\/"},{"@type":"ListItem","position":3,"name":"Leadership","item":"https:\/\/legacy.colt.net\/de\/about\/leadership\/"},{"@type":"ListItem","position":4,"name":"Gerry McGraw"}]},{"@type":"WebSite","@id":"https:\/\/legacy.colt.net\/#website","url":"https:\/\/legacy.colt.net\/","name":"Colt\u30c6\u30af\u30ce\u30ed\u30b8\u30fc\u30b5\u30fc\u30d3\u30b9\u682a\u5f0f\u4f1a\u793e","description":"Managed Network &amp; Voice Services Provider","publisher":{"@id":"https:\/\/legacy.colt.net\/#organization"},"potentialAction":[{"@type":"SearchAction","target":{"@type":"EntryPoint","urlTemplate":"https:\/\/legacy.colt.net\/?s={search_term_string}"},"query-input":{"@type":"PropertyValueSpecification","valueRequired":true,"valueName":"search_term_string"}}],"inLanguage":"de-DE"},{"@type":"Organization","@id":"https:\/\/legacy.colt.net\/#organization","name":"Colt Technology Services","url":"https:\/\/legacy.colt.net\/","logo":{"@type":"ImageObject","inLanguage":"de-DE","@id":"https:\/\/legacy.colt.net\/#\/schema\/logo\/image\/","url":"https:\/\/legacy.colt.net\/wp-content\/uploads\/2019\/02\/Colt-Logo.png","contentUrl":"https:\/\/legacy.colt.net\/wp-content\/uploads\/2019\/02\/Colt-Logo.png","width":195,"height":77,"caption":"Colt Technology Services"},"image":{"@id":"https:\/\/legacy.colt.net\/#\/schema\/logo\/image\/"},"sameAs":["https:\/\/www.facebook.com\/ColtTechnologyServices\/","https:\/\/x.com\/colt_technology","https:\/\/www.instagram.com\/colttechnologyservices\/","https:\/\/www.linkedin.com\/company\/colt-technology-services","https:\/\/www.youtube.com\/user\/ColtTechnology"]}]}},"_links":{"self":[{"href":"https:\/\/legacy.colt.net\/de\/wp-json\/wp\/v2\/pages\/118462","targetHints":{"allow":["GET"]}}],"collection":[{"href":"https:\/\/legacy.colt.net\/de\/wp-json\/wp\/v2\/pages"}],"about":[{"href":"https:\/\/legacy.colt.net\/de\/wp-json\/wp\/v2\/types\/page"}],"author":[{"embeddable":true,"href":"https:\/\/legacy.colt.net\/de\/wp-json\/wp\/v2\/users\/2"}],"replies":[{"embeddable":true,"href":"https:\/\/legacy.colt.net\/de\/wp-json\/wp\/v2\/comments?post=118462"}],"version-history":[{"count":0,"href":"https:\/\/legacy.colt.net\/de\/wp-json\/wp\/v2\/pages\/118462\/revisions"}],"up":[{"embeddable":true,"href":"https:\/\/legacy.colt.net\/de\/wp-json\/wp\/v2\/pages\/35346"}],"wp:attachment":[{"href":"https:\/\/legacy.colt.net\/de\/wp-json\/wp\/v2\/media?parent=118462"}],"wp:term":[{"taxonomy":"colt_type","embeddable":true,"href":"https:\/\/legacy.colt.net\/de\/wp-json\/wp\/v2\/colt_type?post=118462"},{"taxonomy":"colt_products","embeddable":true,"href":"https:\/\/legacy.colt.net\/de\/wp-json\/wp\/v2\/colt_products?post=118462"}],"curies":[{"name":"wp","href":"https:\/\/api.w.org\/{rel}","templated":true}]}}