{"id":118429,"date":"2023-02-15T09:09:33","date_gmt":"2023-02-15T09:09:33","guid":{"rendered":"https:\/\/www.colt.net\/?page_id=118429"},"modified":"2023-03-21T14:42:28","modified_gmt":"2023-03-21T14:42:28","slug":"equinix","status":"publish","type":"page","link":"https:\/\/legacy.colt.net\/de\/why-colt\/partners\/equinix\/","title":{"rendered":"Die Colt Partnerschaft mit Equinix"},"content":{"rendered":"\n<h1>\n\t\tDie Colt Partnerschaft mit Equinix\n\t<\/h1>\n<h3>\n\t\tNutzen Sie die Synergien Ihrer Partner, Anbieter und Kunden mit softwaregesteuerter Kontrolle f\u00fcr mehr Flexibilit\u00e4t\n\t<\/h3>\n\t<nav class=\"breadcrumb\"><span><span><a href=\"https:\/\/legacy.colt.net\/de\/\">Home<\/a><\/span><\/span><\/nav>\n<h1>\n\t\tGemeinsam zu neuen Horizonten\n\t<\/h1>\n\t<p>Ihr Unternehmenserfolg beruht auf Ihrer Innovationskraft und Ihrer F\u00e4higkeit, schnell neue M\u00e4rkte zu erschlie\u00dfen, Kontakte mit Partnern zu kn\u00fcpfen und dadurch neue M\u00f6glichkeiten zu erschlie\u00dfen. Dabei ist eine moderne Infrastruktur f\u00fcr IT-L\u00f6sungen und Anwendungen eine wesentliche Voraussetzung f\u00fcr Innovationen.<\/p>\n<p>Mit der reinen Optimierung vorhandener Infrastruktur ist es jedoch nicht getan. Die erfolgreiche Digitalisierung gelingt am besten mit der richtigen Vernetzung f\u00fcr das wachsende digitale \u00d6kosystem und dem gezielten Einsatz der St\u00e4rken innovativer Partner.<\/p>\n\t\t\t\t<img loading=\"lazy\" decoding=\"async\" src=\"https:\/\/legacy.colt.net\/wp-content\/uploads\/2023\/02\/Colt-Cloud-Equinix-External-DE-scaled.jpg\" alt=\"Colt-Cloud-Equinix-External-DE\" itemprop=\"image\" height=\"1683\" width=\"2560\" title=\"Colt-Cloud-Equinix-External-DE\" onerror=\"this.style.display='none'\"  \/>\n<h2>\n\t\tMit On Demand Interconnect von Colt wird die Vernetzung noch flexibler\n\t<\/h2>\n\t<p>On Demand Interconnect (ODI) f\u00fcr Equinix erm\u00f6glicht Verbindungen von der Equinix Fabric zur Colt On Demand Plattform \u00fcber einen vollautomatischen Echtzeit-SDN-Interconnect.<\/p>\n<p>Dank der Colt On Demand Plattform k\u00f6nnen Kunden \u00fcber ein leistungsf\u00e4higes Self-Service-Portal Verbindungen zu mehr als 31.000 Firmengeb\u00e4uden und \u00fcber 1.000 Rechenzentren, die direkt an das Glasfasernetz von Colt angebunden sind,<\/p>\n<p>konfigurieren und somit auch Standorte erreichen, die sich au\u00dferhalb der Reichweite von Equinix befinden. Dabei haben Kunden die Wahl zwischen langfristigen festen Vertr\u00e4gen und stundenbasierter Abrechnung ohne Vertragsbindung und erhalten so maximale Flexibilit\u00e4t.<\/p>\n\t\t\t<a href=\"https:\/\/legacy.colt.net\/solutions\/on-demand\/contact\/\" target=\"_self\" role=\"button\" rel=\"noopener\">\n\t\t\t\t\t\t\tTestversion anfordern\n\t\t\t\t\t<\/a>\n\t\t\t<a href=\"https:\/\/legacy.colt.net\/solutions\/on-demand\/resources\/interconnect\/\" target=\"_self\" role=\"button\" rel=\"noopener\">\n\t\t\t\t\t\t\tInformationen im Detail (EN)\n\t\t\t\t\t<\/a>\n\t\t\t\t\t<img decoding=\"async\" src=\"https:\/\/i.ytimg.com\/vi\/MFRWqf91-cA\/maxresdefault.jpg\" alt=\"youtube-video-thumbnail\"\/>\n\t\t<h3>\n\t\tGemeinsam leistungsst\u00e4rker\n\t<\/h3>\n\t<p>Die Partnerschaft zwischen Equinix mit seinen weltweit verf\u00fcgbaren Rechenzentren und Colt mit seinem globalen Netzwerk erm\u00f6glicht es Kunden, ein globales Netzwerk-Backbone aufzusetzen. Durch die Bereitstellung von Diensten in regionalen Rechenzentren, die \u00fcber das leistungsf\u00e4hige Netz von Colt miteinander verbunden sind, profitieren Nutzer von kurzen Laufzeiten beim Zugriff auf die Applikationen.<\/p>\n\t\t\t\t<img loading=\"lazy\" decoding=\"async\" src=\"https:\/\/legacy.colt.net\/wp-content\/uploads\/2022\/08\/Colt-Equinix.png\" alt=\"Colt + Equinix\" itemprop=\"image\" height=\"814\" width=\"1772\" title=\"Colt + Equinix\" onerror=\"this.style.display='none'\"  \/>\n\t<p>Intelligente Netzwerkl\u00f6sungen + Digitale Services = Softwaregesteuertes, digitales \u00d6kosystem<\/p>\n\t<p>\u00ab Die Kombination des globalen Netzwerks von Colt mit der globalen digitalen Pr\u00e4senz von Equinix bietet Unternehmen komplett dynamische digitale L\u00f6sungen, die die Ende-zu-Ende-Anforderungen von der Architektur eines globalen Netzwerk-Backbones bis hin zur Optimierung der letzten Meile im Tagesgesch\u00e4ft abdecken. Dies weiter auszubauen und zu automatisieren ist der n\u00e4chste konsequente Schritt und eine ideale Gelegenheit f\u00fcr Kunden, ihre Konnektivit\u00e4t zu wichtigen Gesch\u00e4ftspartnern auf die n\u00e4chste Stufe zu heben. \u00bb<\/p>\n<strong>Mark Anderson<\/strong><br \/>\n<strong>Vice President, Global Technical Sales bei Equinix<\/strong>\n<p>&nbsp;<\/p>\n<h3>\n\t\t\u00dcber uns\n\t<\/h3>\n\t<p>Unsere gemeinsame Kompetenz beim Aufbau agiler und hochleistungsf\u00e4higer Netzwerk-Architekturen bietet sichere, flexible und hochgradig skalierbare L\u00f6sungen, die mit den Anforderungen Ihres Unternehmens wachsen<\/p>\n\t\t\t\t<img loading=\"lazy\" decoding=\"async\" src=\"https:\/\/legacy.colt.net\/wp-content\/uploads\/2019\/07\/Equinix-Tagline-Outlined_300.png\" alt=\"Equinix Tagline Outlined_300\" itemprop=\"image\" height=\"867\" width=\"1625\" title=\"Equinix Tagline Outlined_300\" onerror=\"this.style.display='none'\"  \/>\n\t\t\t\t<img loading=\"lazy\" decoding=\"async\" src=\"https:\/\/legacy.colt.net\/wp-content\/uploads\/2020\/12\/Colt_logo_Teal_RGB-300x118-1.png\" alt=\"Colt_logo_Teal_RGB-300x118\" itemprop=\"image\" height=\"118\" width=\"300\" title=\"Colt_logo_Teal_RGB-300x118\" onerror=\"this.style.display='none'\"  \/>\n\t<p>Equinix ist das globale Unternehmen f\u00fcr digitale Infrastruktur. Die bew\u00e4hrte Plattform von Equinix schafft die Grundlagen, auf denen erfolgreiche Unternehmen der digitalen Wirtschaft leistungsf\u00e4hige vernetzte Infrastrukturen aufbauen. Equinix schafft die Voraussetzungen f\u00fcr flexible Skalierung, beschleunigte Markteinf\u00fchrung digitaler Services, erstklassige Kundenerfahrungen und Maximierung des Unternehmenswerts. Weltweit verf\u00fcgt Equinix \u00fcber 240 Rechenzentren in 66 Ballungsr\u00e4umen, in 27 L\u00e4ndern und auf 6 Kontinenten. Das Unternehmen betreut mehr als 10.000 Firmenkunden, darunter mehr als die H\u00e4lfte der Fortune 500.<\/p>\n\t<p>Colt ist ein globaler Anbieter digitaler Infrastruktur, der ausgezeichnete Verbindungen schafft und Unternehmen zum Erfolg verhilft. Angetrieben von au\u00dferordentlich kompetenten, erfahrenen und motivierten Menschen sowie gleichgesinnten Partnern verfolgt Colt das Ziel, seinen Kunden das ganze Universum digitaler M\u00f6glichkeiten zug\u00e4nglich zu machen, damit sie es einsetzen k\u00f6nnen, wo, wann und wie sie es m\u00f6chten. Das Colt IQ Network verbindet 222 St\u00e4dte und 32 L\u00e4nder mit mehr als 1.000 Rechenzentren, 51 Metropolitan Area Networks und \u00fcber 31.000 Geb\u00e4uden in den gr\u00f6\u00dften Wirtschaftszentren Europas, Asiens und Nordamerikas.<\/p>\n<h3>\n\t\tMehr Informationen gew\u00fcnscht?\n\t<\/h3>\n\t<strong>Colt und Equinix &#8211; intelligente, software-gesteuerte Infrastruktur<br \/>\n<\/strong>Die Zusammenarbeit mit mehreren Providern und Partnern wird f\u00fcr Unternehmen im Wettbewerb immer wichtiger. Entsprechend werden flexiblere Infrastrukturen mit leistungsf\u00e4higen, latenzarmen Verbindungen zu den digitalen Systemen der Partnerunternehmen ben\u00f6tigt.\n<p><a href=\"https:\/\/legacy.colt.net\/resources\/colt-and-equinix-delivering-an-intelligent-network-at-software-speed\/\">Jetzt lesen&#8230;<\/a><\/p>\n\t<strong>Colt und Equinix &#8211; Power f\u00fcr die Cloud<br \/>\n<\/strong>Dank der Partnerschaft mit Equinix und der Anbindung an den Equinix Cloud Exchange\u2122 kann Colt sein \u00d6kosystem auf mehr als 500 Cloud-Provider ausweiten.\n<p><a href=\"https:\/\/legacy.colt.net\/resources\/colt-equinix-partnership-brings-power-cloud-heart-enterprise\/\" target=\"_blank\" rel=\"noopener\">Jetzt lesen&#8230;<\/a><\/p>\n\t<strong>Fallstudien<br \/>\n<\/strong>Hier haben wir einige Erfolgsstories von Kunden f\u00fcr Sie zusammengetragen.\n<p><a href=\"https:\/\/legacy.colt.net\/de\/resources\/type\/case-studies\/\" target=\"_blank\" rel=\"noopener\">Jetzt lesen&#8230;<\/a><\/p>\n\t<strong>Colt erweitert Zusammenarbeit mit Equinix und erm\u00f6glicht On-Demand-Konnektivit\u00e4t f\u00fcr Equinix Fabric\u2122<br \/>\n<\/strong>Die Nutzung des weitreichenden Netzwerks und der On-Demand-Services von Colt erleichtern Unternehmenskunden die Anbindung an ihre digitale Infrastruktur in der Equinix Fabric.\n<p><a href=\"https:\/\/legacy.colt.net\/de\/resources\/colt-erweitert-zusammenarbeit-mit-equinix-und-bietet-on-demand-zugang-zu-equinix-fabric\/\" target=\"_blank\" rel=\"noopener\">Mehr informationen&#8230;<\/a><\/p>\n\t<b>Neuer Service<br \/>\n<\/b>Colt stellt eine cloudbasierte Telefoniel\u00f6sung f\u00fcr Microsoft Teams vor.\n<p><a href=\"https:\/\/legacy.colt.net\/de\/resources\/colt-startet-cloudbasierte-telefonieloesung-fuer-microsoft-teams\/\" target=\"_blank\" rel=\"noopener\">Jetzt lesen&#8230;<\/a><\/p>\n\n","protected":false},"excerpt":{"rendered":"<p>Die Colt Partnerschaft mit Equinix Nutzen Sie die Synergien Ihrer Partner, Anbieter und Kunden mit softwaregesteuerter Kontrolle f\u00fcr mehr Flexibilit\u00e4t Gemeinsam zu neuen Horizonten Ihr Unternehmenserfolg beruht auf Ihrer Innovationskraft und Ihrer F\u00e4higkeit, schnell neue M\u00e4rkte zu erschlie\u00dfen, Kontakte mit Partnern zu kn\u00fcpfen und dadurch neue M\u00f6glichkeiten zu erschlie\u00dfen. Dabei ist eine moderne Infrastruktur f\u00fcr&#8230;<\/p>\n","protected":false},"author":2,"featured_media":0,"parent":100204,"menu_order":0,"comment_status":"closed","ping_status":"closed","template":"","meta":{"_acf_changed":false,"footnotes":""},"colt_type":[],"colt_products":[],"class_list":["post-118429","page","type-page","status-publish","hentry"],"acf":[],"yoast_head":"<!-- This site is optimized with the Yoast SEO plugin v26.8 - https:\/\/yoast.com\/product\/yoast-seo-wordpress\/ -->\n<title>Die Colt Partnerschaft mit Equinix - Colt Technology Services<\/title>\n<meta name=\"description\" content=\"Die Colt Partnerschaft mit Equinix Colt Technology Services\" \/>\n<meta name=\"robots\" content=\"noindex, follow, max-snippet:-1, max-image-preview:large, max-video-preview:-1\" \/>\n<meta property=\"og:locale\" content=\"de_DE\" \/>\n<meta property=\"og:type\" content=\"article\" \/>\n<meta property=\"og:title\" content=\"Die Colt Partnerschaft mit Equinix - Colt Technology Services\" \/>\n<meta property=\"og:description\" content=\"Die Colt Partnerschaft mit Equinix Colt Technology Services\" \/>\n<meta property=\"og:url\" content=\"https:\/\/legacy.colt.net\/de\/why-colt\/partners\/equinix\/\" \/>\n<meta property=\"og:site_name\" content=\"Colt Technology Services\" \/>\n<meta property=\"article:publisher\" content=\"https:\/\/www.facebook.com\/ColtTechnologyServices\/\" \/>\n<meta property=\"article:modified_time\" content=\"2023-03-21T14:42:28+00:00\" \/>\n<meta property=\"og:image\" content=\"https:\/\/legacy.colt.net\/wp-content\/uploads\/2021\/01\/Brand-2021-Stock-8.jpg\" \/>\n\t<meta property=\"og:image:width\" content=\"1000\" \/>\n\t<meta property=\"og:image:height\" content=\"667\" \/>\n\t<meta property=\"og:image:type\" content=\"image\/jpeg\" \/>\n<meta name=\"twitter:card\" content=\"summary_large_image\" \/>\n<meta name=\"twitter:site\" content=\"@colt_technology\" \/>\n<script type=\"application\/ld+json\" class=\"yoast-schema-graph\">{\"@context\":\"https:\/\/schema.org\",\"@graph\":[{\"@type\":\"WebPage\",\"@id\":\"https:\/\/legacy.colt.net\/de\/why-colt\/partners\/equinix\/\",\"url\":\"https:\/\/legacy.colt.net\/de\/why-colt\/partners\/equinix\/\",\"name\":\"Die Colt Partnerschaft mit Equinix - Colt Technology Services\",\"isPartOf\":{\"@id\":\"https:\/\/legacy.colt.net\/#website\"},\"primaryImageOfPage\":{\"@id\":\"https:\/\/legacy.colt.net\/de\/why-colt\/partners\/equinix\/#primaryimage\"},\"image\":{\"@id\":\"https:\/\/legacy.colt.net\/de\/why-colt\/partners\/equinix\/#primaryimage\"},\"thumbnailUrl\":\"https:\/\/legacy.colt.net\/wp-content\/uploads\/2023\/02\/Colt-Cloud-Equinix-External-DE-scaled.jpg\",\"datePublished\":\"2023-02-15T09:09:33+00:00\",\"dateModified\":\"2023-03-21T14:42:28+00:00\",\"description\":\"Die Colt Partnerschaft mit Equinix Colt Technology Services\",\"breadcrumb\":{\"@id\":\"https:\/\/legacy.colt.net\/de\/why-colt\/partners\/equinix\/#breadcrumb\"},\"inLanguage\":\"de-DE\",\"potentialAction\":[{\"@type\":\"ReadAction\",\"target\":[\"https:\/\/legacy.colt.net\/de\/why-colt\/partners\/equinix\/\"]}]},{\"@type\":\"ImageObject\",\"inLanguage\":\"de-DE\",\"@id\":\"https:\/\/legacy.colt.net\/de\/why-colt\/partners\/equinix\/#primaryimage\",\"url\":\"https:\/\/legacy.colt.net\/wp-content\/uploads\/2023\/02\/Colt-Cloud-Equinix-External-DE-scaled.jpg\",\"contentUrl\":\"https:\/\/legacy.colt.net\/wp-content\/uploads\/2023\/02\/Colt-Cloud-Equinix-External-DE-scaled.jpg\"},{\"@type\":\"BreadcrumbList\",\"@id\":\"https:\/\/legacy.colt.net\/de\/why-colt\/partners\/equinix\/#breadcrumb\",\"itemListElement\":[{\"@type\":\"ListItem\",\"position\":1,\"name\":\"Home\",\"item\":\"https:\/\/legacy.colt.net\/de\/\"},{\"@type\":\"ListItem\",\"position\":2,\"name\":\"Why Colt?\",\"item\":\"https:\/\/legacy.colt.net\/de\/why-colt\/\"},{\"@type\":\"ListItem\",\"position\":3,\"name\":\"Unsere Partner\",\"item\":\"https:\/\/legacy.colt.net\/de\/why-colt\/partners\/\"},{\"@type\":\"ListItem\",\"position\":4,\"name\":\"Die Colt Partnerschaft mit Equinix\"}]},{\"@type\":\"WebSite\",\"@id\":\"https:\/\/legacy.colt.net\/#website\",\"url\":\"https:\/\/legacy.colt.net\/\",\"name\":\"Colt\u30c6\u30af\u30ce\u30ed\u30b8\u30fc\u30b5\u30fc\u30d3\u30b9\u682a\u5f0f\u4f1a\u793e\",\"description\":\"Managed Network &amp; Voice Services Provider\",\"publisher\":{\"@id\":\"https:\/\/legacy.colt.net\/#organization\"},\"potentialAction\":[{\"@type\":\"SearchAction\",\"target\":{\"@type\":\"EntryPoint\",\"urlTemplate\":\"https:\/\/legacy.colt.net\/?s={search_term_string}\"},\"query-input\":{\"@type\":\"PropertyValueSpecification\",\"valueRequired\":true,\"valueName\":\"search_term_string\"}}],\"inLanguage\":\"de-DE\"},{\"@type\":\"Organization\",\"@id\":\"https:\/\/legacy.colt.net\/#organization\",\"name\":\"Colt Technology Services\",\"url\":\"https:\/\/legacy.colt.net\/\",\"logo\":{\"@type\":\"ImageObject\",\"inLanguage\":\"de-DE\",\"@id\":\"https:\/\/legacy.colt.net\/#\/schema\/logo\/image\/\",\"url\":\"https:\/\/legacy.colt.net\/wp-content\/uploads\/2019\/02\/Colt-Logo.png\",\"contentUrl\":\"https:\/\/legacy.colt.net\/wp-content\/uploads\/2019\/02\/Colt-Logo.png\",\"width\":195,\"height\":77,\"caption\":\"Colt Technology Services\"},\"image\":{\"@id\":\"https:\/\/legacy.colt.net\/#\/schema\/logo\/image\/\"},\"sameAs\":[\"https:\/\/www.facebook.com\/ColtTechnologyServices\/\",\"https:\/\/x.com\/colt_technology\",\"https:\/\/www.instagram.com\/colttechnologyservices\/\",\"https:\/\/www.linkedin.com\/company\/colt-technology-services\",\"https:\/\/www.youtube.com\/user\/ColtTechnology\"]}]}<\/script>\n<!-- \/ Yoast SEO plugin. -->","yoast_head_json":{"title":"Die Colt Partnerschaft mit Equinix - Colt Technology Services","description":"Die Colt Partnerschaft mit Equinix Colt Technology Services","robots":{"index":"noindex","follow":"follow","max-snippet":"max-snippet:-1","max-image-preview":"max-image-preview:large","max-video-preview":"max-video-preview:-1"},"og_locale":"de_DE","og_type":"article","og_title":"Die Colt Partnerschaft mit Equinix - Colt Technology Services","og_description":"Die Colt Partnerschaft mit Equinix Colt Technology Services","og_url":"https:\/\/legacy.colt.net\/de\/why-colt\/partners\/equinix\/","og_site_name":"Colt Technology Services","article_publisher":"https:\/\/www.facebook.com\/ColtTechnologyServices\/","article_modified_time":"2023-03-21T14:42:28+00:00","og_image":[{"width":1000,"height":667,"url":"https:\/\/legacy.colt.net\/wp-content\/uploads\/2021\/01\/Brand-2021-Stock-8.jpg","type":"image\/jpeg"}],"twitter_card":"summary_large_image","twitter_site":"@colt_technology","schema":{"@context":"https:\/\/schema.org","@graph":[{"@type":"WebPage","@id":"https:\/\/legacy.colt.net\/de\/why-colt\/partners\/equinix\/","url":"https:\/\/legacy.colt.net\/de\/why-colt\/partners\/equinix\/","name":"Die Colt Partnerschaft mit Equinix - Colt Technology Services","isPartOf":{"@id":"https:\/\/legacy.colt.net\/#website"},"primaryImageOfPage":{"@id":"https:\/\/legacy.colt.net\/de\/why-colt\/partners\/equinix\/#primaryimage"},"image":{"@id":"https:\/\/legacy.colt.net\/de\/why-colt\/partners\/equinix\/#primaryimage"},"thumbnailUrl":"https:\/\/legacy.colt.net\/wp-content\/uploads\/2023\/02\/Colt-Cloud-Equinix-External-DE-scaled.jpg","datePublished":"2023-02-15T09:09:33+00:00","dateModified":"2023-03-21T14:42:28+00:00","description":"Die Colt Partnerschaft mit Equinix Colt Technology Services","breadcrumb":{"@id":"https:\/\/legacy.colt.net\/de\/why-colt\/partners\/equinix\/#breadcrumb"},"inLanguage":"de-DE","potentialAction":[{"@type":"ReadAction","target":["https:\/\/legacy.colt.net\/de\/why-colt\/partners\/equinix\/"]}]},{"@type":"ImageObject","inLanguage":"de-DE","@id":"https:\/\/legacy.colt.net\/de\/why-colt\/partners\/equinix\/#primaryimage","url":"https:\/\/legacy.colt.net\/wp-content\/uploads\/2023\/02\/Colt-Cloud-Equinix-External-DE-scaled.jpg","contentUrl":"https:\/\/legacy.colt.net\/wp-content\/uploads\/2023\/02\/Colt-Cloud-Equinix-External-DE-scaled.jpg"},{"@type":"BreadcrumbList","@id":"https:\/\/legacy.colt.net\/de\/why-colt\/partners\/equinix\/#breadcrumb","itemListElement":[{"@type":"ListItem","position":1,"name":"Home","item":"https:\/\/legacy.colt.net\/de\/"},{"@type":"ListItem","position":2,"name":"Why Colt?","item":"https:\/\/legacy.colt.net\/de\/why-colt\/"},{"@type":"ListItem","position":3,"name":"Unsere Partner","item":"https:\/\/legacy.colt.net\/de\/why-colt\/partners\/"},{"@type":"ListItem","position":4,"name":"Die Colt Partnerschaft mit Equinix"}]},{"@type":"WebSite","@id":"https:\/\/legacy.colt.net\/#website","url":"https:\/\/legacy.colt.net\/","name":"Colt\u30c6\u30af\u30ce\u30ed\u30b8\u30fc\u30b5\u30fc\u30d3\u30b9\u682a\u5f0f\u4f1a\u793e","description":"Managed Network &amp; Voice Services Provider","publisher":{"@id":"https:\/\/legacy.colt.net\/#organization"},"potentialAction":[{"@type":"SearchAction","target":{"@type":"EntryPoint","urlTemplate":"https:\/\/legacy.colt.net\/?s={search_term_string}"},"query-input":{"@type":"PropertyValueSpecification","valueRequired":true,"valueName":"search_term_string"}}],"inLanguage":"de-DE"},{"@type":"Organization","@id":"https:\/\/legacy.colt.net\/#organization","name":"Colt Technology Services","url":"https:\/\/legacy.colt.net\/","logo":{"@type":"ImageObject","inLanguage":"de-DE","@id":"https:\/\/legacy.colt.net\/#\/schema\/logo\/image\/","url":"https:\/\/legacy.colt.net\/wp-content\/uploads\/2019\/02\/Colt-Logo.png","contentUrl":"https:\/\/legacy.colt.net\/wp-content\/uploads\/2019\/02\/Colt-Logo.png","width":195,"height":77,"caption":"Colt Technology Services"},"image":{"@id":"https:\/\/legacy.colt.net\/#\/schema\/logo\/image\/"},"sameAs":["https:\/\/www.facebook.com\/ColtTechnologyServices\/","https:\/\/x.com\/colt_technology","https:\/\/www.instagram.com\/colttechnologyservices\/","https:\/\/www.linkedin.com\/company\/colt-technology-services","https:\/\/www.youtube.com\/user\/ColtTechnology"]}]}},"_links":{"self":[{"href":"https:\/\/legacy.colt.net\/de\/wp-json\/wp\/v2\/pages\/118429","targetHints":{"allow":["GET"]}}],"collection":[{"href":"https:\/\/legacy.colt.net\/de\/wp-json\/wp\/v2\/pages"}],"about":[{"href":"https:\/\/legacy.colt.net\/de\/wp-json\/wp\/v2\/types\/page"}],"author":[{"embeddable":true,"href":"https:\/\/legacy.colt.net\/de\/wp-json\/wp\/v2\/users\/2"}],"replies":[{"embeddable":true,"href":"https:\/\/legacy.colt.net\/de\/wp-json\/wp\/v2\/comments?post=118429"}],"version-history":[{"count":0,"href":"https:\/\/legacy.colt.net\/de\/wp-json\/wp\/v2\/pages\/118429\/revisions"}],"up":[{"embeddable":true,"href":"https:\/\/legacy.colt.net\/de\/wp-json\/wp\/v2\/pages\/100204"}],"wp:attachment":[{"href":"https:\/\/legacy.colt.net\/de\/wp-json\/wp\/v2\/media?parent=118429"}],"wp:term":[{"taxonomy":"colt_type","embeddable":true,"href":"https:\/\/legacy.colt.net\/de\/wp-json\/wp\/v2\/colt_type?post=118429"},{"taxonomy":"colt_products","embeddable":true,"href":"https:\/\/legacy.colt.net\/de\/wp-json\/wp\/v2\/colt_products?post=118429"}],"curies":[{"name":"wp","href":"https:\/\/api.w.org\/{rel}","templated":true}]}}