{"id":118410,"date":"2023-01-25T14:06:37","date_gmt":"2023-01-25T14:06:37","guid":{"rendered":"https:\/\/www.colt.net\/?page_id=118410"},"modified":"2023-02-02T15:20:06","modified_gmt":"2023-02-02T15:20:06","slug":"berlinale-2023","status":"publish","type":"page","link":"https:\/\/legacy.colt.net\/de\/berlinale-2023\/","title":{"rendered":"Berlinale 2023"},"content":{"rendered":"\n\n\t\t\t\t<img loading=\"lazy\" decoding=\"async\" src=\"https:\/\/legacy.colt.net\/wp-content\/uploads\/2023\/01\/Berlinale-White.png\" alt=\"Berlinale White\" itemprop=\"image\" height=\"231\" width=\"600\" title=\"Berlinale White\" onerror=\"this.style.display='none'\"  \/>\n<h2>\n\t\tDigital Cinema Goes Global\n\t<\/h2>\n<h2>\n\t\tBandbreiten-Booster f\u00fcr mehr Vielfalt auf der Leinwand \n\t<\/h2>\n\t<p>\u00a9 Richard H\u00fcbner @ Berlinale 2014<\/p>\n<h2>\n\t\tDie Meisterwerke dort abholen, wo sie entstehen \n\t<\/h2>\n\t<p>Im 15. Jahr als Digital Cinema Partner stellen wir der Berlinale unser internationales Glasfasernetz und On-Demand-Service f\u00fcr die Anlieferung von Filmbeitr\u00e4gen \u00fcber einen Hub in Singapur zur Verf\u00fcgung. Filmschaffende aus Asien k\u00f6nnen so noch bequemer und sicherer ihre Werke direkt nach Berlin \u00fcbertragen. F\u00fcr den schnellen Transfer sorgt unser Bandbreiten-Booster, mit dem die Berlinale die Verbindung auf bis zu 1 Gbit\/s skaliert. Die effiziente Daten\u00fcbertragung verschafft Filmproduzenten mehr Zeit f\u00fcr den Feinschliff. Mehr Produktionszeit bedeutet noch bessere Qualit\u00e4t und mehr Vielfalt auf der Festivalleinwand.<\/p>\n\t\t\t\t<a href=\"https:\/\/legacy.colt.net\/wp-content\/uploads\/2023\/01\/Berlinale-Graphic.png\" target=\"_self\" itemprop=\"url\" rel=\"noopener\">\n\t\t\t\t<img loading=\"lazy\" decoding=\"async\" src=\"https:\/\/legacy.colt.net\/wp-content\/uploads\/2023\/01\/Berlinale-Graphic.png\" alt=\"Berlinale Graphic\" itemprop=\"image\" height=\"782\" width=\"1391\" title=\"Berlinale Graphic\" onerror=\"this.style.display='none'\"  \/>\n\t\t\t\t<\/a>\n\t<p>Filmanlieferung aus Asien leicht gemacht: Schnelle und sichere \u00dcbertragung \u00fcber unser internationales Colt IQ Network<\/p>\n\t\t\t\t\t<img decoding=\"async\" src=\"https:\/\/i.ytimg.com\/vi\/AAambtlFg0U\/maxresdefault.jpg\" alt=\"youtube-video-thumbnail\"\/>\n\t\t<h2>\n\t\tDigitale Infrastruktur f\u00fcr die Filmkultur\n\t<\/h2>\n\t<p>Wacklige und unsichere Internetverbindungen machen die Filmversendung f\u00fcr Produzenten schnell zur Nervenprobe. Wie unsere Netzwerkservices Filmschaffenden aus aller Welt die Einreichung ihrer Wettbewerbsbeitr\u00e4ge bei der Berlinale erleichtern &#8211; und damit die Spannung und der Nervenkitzel rein in die Filmrezeption verlagert wird, lesen Sie ins unserem Blog.<\/p>\n\t\t\t<a href=\"https:\/\/legacy.colt.net\/de\/resources\/berlinale-bandbreiten-booster-fuer-mehr-vielfalt-auf-der-leinwand\/\" target=\"_self\" role=\"button\" rel=\"noopener\">\n\t\t\t\t\t\t\tHier geht es zum Blog\n\t\t\t<\/a>\n<h2>\n\t\tBandbreiten Booster On Demand: So geht digitale Filmverteilung \n\t<\/h2>\n\t<p>Von der digitalen Anlieferung bis zur Verteilung der Filme in die Spielst\u00e4tten der Berlinale &#8211; unsere Netzwerkservices unterst\u00fctzen beim reibungslosen Ablauf des gr\u00f6\u00dften Publikumsfilmfestivals der Welt. Dank Colt On Demand kann das Kinotechnik-Team die Bandbreite flexibel skalieren. Warum die \u201eBoost-Option&#8221; nicht nur f\u00fcr die Anlieferung aus Singapur ein echter Gamechanger ist, erfahren Sie in der Fallstudie.<\/p>\n\t\t\t<a href=\"https:\/\/legacy.colt.net\/de\/resources\/berlinale-case-study\/\" target=\"_self\" role=\"button\" rel=\"noopener\">\n\t\t\t\t\t\t\tHier geht es zur Case Study\n\t\t\t<\/a>\n\t\t\t\t<a href=\"https:\/\/legacy.colt.net\/wp-content\/uploads\/2023\/01\/Digital-Cinema-Server.png\" target=\"_self\" itemprop=\"url\" rel=\"noopener\">\n\t\t\t\t<img loading=\"lazy\" decoding=\"async\" src=\"https:\/\/legacy.colt.net\/wp-content\/uploads\/2023\/01\/Digital-Cinema-Server.png\" alt=\"Digital Cinema Server\" itemprop=\"image\" height=\"729\" width=\"1302\" title=\"Digital Cinema Server\" onerror=\"this.style.display='none'\"  \/>\n\t\t\t\t<\/a>\n\t<iframe src='https:\/\/cdn.knightlab.com\/libs\/timeline3\/latest\/embed\/index.html?source=1ntzHEEB6B-8Ydrq0OoCNVjsZqcga1vtjEYgTHsVik34&#038;font=Default&#038;lang=de&#038;start_at_end=true&#038;initial_zoom=2&#038;height=650' width='100%' height='650' webkitallowfullscreen mozallowfullscreen allowfullscreen frameborder='0'><\/iframe>\n<h2>\n\t\tMehr Ressourcen:\n\t<\/h2>\n\t\t\t\t\t\t\t\t\t\t\t\t\t\t<a href=\"https:\/\/legacy.colt.net\/de\/resources\/colt-ernennt-roxana-dobrota-zur-neuen-country-managerin-fuer-deutschland\/\" target=\"_self\" title=\"Colt ernennt Roxana Dobrota zur neuen Country Managerin f\u00fcr Deutschland\" rel=\"noopener\">\n\t\t\t\t<img decoding=\"async\" src=\"https:\/\/legacy.colt.net\/wp-content\/uploads\/2023\/01\/Colt_Country-Managerin_Roxana-Dobrota-720x450.jpg\" alt=\"\" \/>\n\t\t\t\t<\/a>\n\t\t\t\t\t\t<h3>\n\t\t\t\t<a href=https:\/\/legacy.colt.net\/de\/resources\/colt-ernennt-roxana-dobrota-zur-neuen-country-managerin-fuer-deutschland\/ title=\"Colt ernennt Roxana Dobrota zur neuen Country Managerin f\u00fcr Deutschland\" tabindex=\"0\">Colt ernennt Roxana Dobrota zur neuen Country Managerin f\u00fcr Deutschland<\/a>\t\t\t<\/h3>\n\t\t\t\t\t\t\t\tFrankfurt, 30.01.2023, Colt Technology Services hat Roxana Dobrota zur neuen Country Managerin f\u00fcr Deutschland ernannt. In dieser Rolle ist sie daf\u00fcr verantwortlich, die Strategie des Colt Executive Leadership Teams (ELT) &#8230;\n\t\t\t\t\t<a href=\"https:\/\/legacy.colt.net\/de\/resources\/colt-ernennt-roxana-dobrota-zur-neuen-country-managerin-fuer-deutschland\/\" target=\"_self\" rel=\"noopener\">Mehr informationen &#8594;<\/a>\t\t\n\t\t\t\t\t\t\t\t\t\t\t\t\t\t<a href=\"https:\/\/legacy.colt.net\/de\/resources\/colt-staerkt-seine-praesenz-in-spanien-mit-einem-neuen-point-of-presence-fuer-das-unterseekabel-von-afr-ix-telecom-in-barcelona\/\" target=\"_self\" title=\"Colt st\u00e4rkt seine Pr\u00e4senz in Spanien mit einem neuen Point of Presence an der Barcelona Cable Landing Station von AFR-IX Telecom\" rel=\"noopener\">\n\t\t\t\t<img decoding=\"async\" src=\"https:\/\/legacy.colt.net\/wp-content\/uploads\/2023\/01\/Colt_AFR-IX-Telecom_Barcelonal-Cable-Landing-Station-3-720x450.jpg\" alt=\"\" \/>\n\t\t\t\t<\/a>\n\t\t\t\t\t\t<h3>\n\t\t\t\t<a href=https:\/\/legacy.colt.net\/de\/resources\/colt-staerkt-seine-praesenz-in-spanien-mit-einem-neuen-point-of-presence-fuer-das-unterseekabel-von-afr-ix-telecom-in-barcelona\/ title=\"Colt st\u00e4rkt seine Pr\u00e4senz in Spanien mit einem neuen Point of Presence an der Barcelona Cable Landing Station von AFR-IX Telecom\" tabindex=\"0\">Colt st\u00e4rkt seine Pr\u00e4senz in Spanien mit einem neuen Point of Presence an der Barcelona Cable Landing Station von AFR-IX Telecom<\/a>\t\t\t<\/h3>\n\t\t\t\t\t\t\t\tDas Colt Glasfasernetz wird damit erster Verbindungspunkt f\u00fcr das neue digitale europ\u00e4ische Daten-Drehkreuz nach Afrika, Asien und in die USA Die Vereinbarung mit AFR-IX erm\u00f6glicht es Colt, seine Verbindungen zu &#8230;\n\t\t\t\t\t<a href=\"https:\/\/legacy.colt.net\/de\/resources\/colt-staerkt-seine-praesenz-in-spanien-mit-einem-neuen-point-of-presence-fuer-das-unterseekabel-von-afr-ix-telecom-in-barcelona\/\" target=\"_self\" rel=\"noopener\">Mehr informationen &#8594;<\/a>\t\t\n\t\t\t\t\t\t\t\t\t\t\t\t\t\t<a href=\"https:\/\/legacy.colt.net\/de\/resources\/frost-sullivan-zeichnet-colt-mit-dem-best-practices-company-of-the-year-award-fuer-european-network-services-industry-excellence-aus\/\" target=\"_self\" title=\"Frost &#038; Sullivan zeichnet Colt mit dem \u201eBest Practices Company of the Year Award\" Network Services Industry rel=\"noopener\">\n\t\t\t\t<img decoding=\"async\" src=\"https:\/\/legacy.colt.net\/wp-content\/uploads\/2022\/11\/Frost-Sullivan-2022-Company-of-the-Yea-Award-Social-02-720x450.png\" alt=\"\" \/>\n\t\t\t\t<\/a>\n\t\t\t\t\t\t<h3>\n\t\t\t\t<a href=https:\/\/legacy.colt.net\/de\/resources\/frost-sullivan-zeichnet-colt-mit-dem-best-practices-company-of-the-year-award-fuer-european-network-services-industry-excellence-aus\/ title=\"Frost &#038; Sullivan zeichnet Colt mit dem \u201eBest Practices Company of the Year Award\" f\u00fcr \u201eEuropean Network Services Industry Excellence\" aus\" tabindex=\"0\">Frost &#038; Sullivan zeichnet Colt mit dem \u201eBest Practices Company of the Year Award&#8221; f\u00fcr \u201eEuropean Network Services Industry Excellence&#8221; aus<\/a>\t\t\t<\/h3>\n\t\t\t\t\t\t\t\tColt setzt Ma\u00dfst\u00e4be im Bereich digitale Infrastruktur, innovative Services sowie ESG Frankfurt, 8.12.2022, Colt Technology Services hat als Anbieter digitaler Infrastrukturen von Frost &amp; Sullivan die Auszeichnung f\u00fcr \u201eBest Practices &#8230;\n\t\t\t\t\t<a href=\"https:\/\/legacy.colt.net\/de\/resources\/frost-sullivan-zeichnet-colt-mit-dem-best-practices-company-of-the-year-award-fuer-european-network-services-industry-excellence-aus\/\" target=\"_self\" rel=\"noopener\">Mehr informationen &#8594;<\/a>\t\t\n\t\t\t\t\t\t\t\t\t\t\t\t\t\t<a href=\"https:\/\/legacy.colt.net\/de\/resources\/colt-und-ibm-gruenden-industrie-4-0-lab\/\" target=\"_self\" title=\"Colt und IBM gr\u00fcnden Industrie 4.0-Lab\" rel=\"noopener\">\n\t\t\t\t<img decoding=\"async\" src=\"https:\/\/legacy.colt.net\/wp-content\/uploads\/2019\/03\/Connectivity-1-300x182.jpg\" alt=\"\" \/>\n\t\t\t\t<\/a>\n\t\t\t\t\t\t<h3>\n\t\t\t\t<a href=https:\/\/legacy.colt.net\/de\/resources\/colt-und-ibm-gruenden-industrie-4-0-lab\/ title=\"Colt und IBM gr\u00fcnden Industrie 4.0-Lab\" tabindex=\"0\">Colt und IBM gr\u00fcnden Industrie 4.0-Lab<\/a>\t\t\t<\/h3>\n\t\t\t\t\t\t\t\tDas neue Labor erm\u00f6glicht es Unternehmen im Fertigungssektor die Vorteile von sicheren Edge-Cloud-Diensten zu nutzen\u00a0 Frankfurt, 24.11.2022, Colt Technology Services, f\u00fchrender Anbieter digitaler Infrastrukturen und flexibler Verbindungen mit hoher Bandbreite, &#8230;\n\t\t\t\t\t<a href=\"https:\/\/legacy.colt.net\/de\/resources\/colt-und-ibm-gruenden-industrie-4-0-lab\/\" target=\"_self\" rel=\"noopener\">Mehr informationen &#8594;<\/a>\t\t\n\n","protected":false},"excerpt":{"rendered":"<p>Digital Cinema Goes Global Bandbreiten-Booster f\u00fcr mehr Vielfalt auf der Leinwand \u00a9 Richard H\u00fcbner @ Berlinale 2014 Die Meisterwerke dort abholen, wo sie entstehen Im 15. Jahr als Digital Cinema Partner stellen wir der Berlinale unser internationales Glasfasernetz und On-Demand-Service f\u00fcr die Anlieferung von Filmbeitr\u00e4gen \u00fcber einen Hub in Singapur zur Verf\u00fcgung. Filmschaffende aus Asien&#8230;<\/p>\n","protected":false},"author":2,"featured_media":0,"parent":0,"menu_order":0,"comment_status":"closed","ping_status":"closed","template":"","meta":{"_acf_changed":false,"footnotes":""},"colt_type":[],"colt_products":[],"class_list":["post-118410","page","type-page","status-publish","hentry"],"acf":[],"yoast_head":"<!-- This site is optimized with the Yoast SEO plugin v26.8 - https:\/\/yoast.com\/product\/yoast-seo-wordpress\/ -->\n<title>Berlinale 2023 - Colt Technology Services<\/title>\n<meta name=\"description\" content=\"Berlinale 2023 Colt Technology Services\" \/>\n<meta name=\"robots\" content=\"noindex, follow, max-snippet:-1, max-image-preview:large, max-video-preview:-1\" \/>\n<meta property=\"og:locale\" content=\"de_DE\" \/>\n<meta property=\"og:type\" content=\"article\" \/>\n<meta property=\"og:title\" content=\"Berlinale 2023 - Colt Technology Services\" \/>\n<meta property=\"og:description\" content=\"Berlinale 2023 Colt Technology Services\" \/>\n<meta property=\"og:url\" content=\"https:\/\/legacy.colt.net\/de\/berlinale-2023\/\" \/>\n<meta property=\"og:site_name\" content=\"Colt Technology Services\" \/>\n<meta property=\"article:publisher\" content=\"https:\/\/www.facebook.com\/ColtTechnologyServices\/\" \/>\n<meta property=\"article:modified_time\" content=\"2023-02-02T15:20:06+00:00\" \/>\n<meta property=\"og:image\" content=\"https:\/\/legacy.colt.net\/wp-content\/uploads\/2021\/01\/Brand-2021-Stock-11-1.jpg\" \/>\n\t<meta property=\"og:image:width\" content=\"1000\" \/>\n\t<meta property=\"og:image:height\" content=\"667\" \/>\n\t<meta property=\"og:image:type\" content=\"image\/jpeg\" \/>\n<meta name=\"twitter:card\" content=\"summary_large_image\" \/>\n<meta name=\"twitter:site\" content=\"@colt_technology\" \/>\n<meta name=\"twitter:label1\" content=\"Est. reading time\" \/>\n\t<meta name=\"twitter:data1\" content=\"4 minutes\" \/>\n<script type=\"application\/ld+json\" class=\"yoast-schema-graph\">{\"@context\":\"https:\/\/schema.org\",\"@graph\":[{\"@type\":\"WebPage\",\"@id\":\"https:\/\/legacy.colt.net\/de\/berlinale-2023\/\",\"url\":\"https:\/\/legacy.colt.net\/de\/berlinale-2023\/\",\"name\":\"Berlinale 2023 - Colt Technology Services\",\"isPartOf\":{\"@id\":\"https:\/\/legacy.colt.net\/#website\"},\"primaryImageOfPage\":{\"@id\":\"https:\/\/legacy.colt.net\/de\/berlinale-2023\/#primaryimage\"},\"image\":{\"@id\":\"https:\/\/legacy.colt.net\/de\/berlinale-2023\/#primaryimage\"},\"thumbnailUrl\":\"https:\/\/legacy.colt.net\/wp-content\/uploads\/2023\/01\/Berlinale-White.png\",\"datePublished\":\"2023-01-25T14:06:37+00:00\",\"dateModified\":\"2023-02-02T15:20:06+00:00\",\"description\":\"Berlinale 2023 Colt Technology Services\",\"breadcrumb\":{\"@id\":\"https:\/\/legacy.colt.net\/de\/berlinale-2023\/#breadcrumb\"},\"inLanguage\":\"de-DE\",\"potentialAction\":[{\"@type\":\"ReadAction\",\"target\":[\"https:\/\/legacy.colt.net\/de\/berlinale-2023\/\"]}]},{\"@type\":\"ImageObject\",\"inLanguage\":\"de-DE\",\"@id\":\"https:\/\/legacy.colt.net\/de\/berlinale-2023\/#primaryimage\",\"url\":\"https:\/\/legacy.colt.net\/wp-content\/uploads\/2023\/01\/Berlinale-White.png\",\"contentUrl\":\"https:\/\/legacy.colt.net\/wp-content\/uploads\/2023\/01\/Berlinale-White.png\"},{\"@type\":\"BreadcrumbList\",\"@id\":\"https:\/\/legacy.colt.net\/de\/berlinale-2023\/#breadcrumb\",\"itemListElement\":[{\"@type\":\"ListItem\",\"position\":1,\"name\":\"Home\",\"item\":\"https:\/\/legacy.colt.net\/de\/\"},{\"@type\":\"ListItem\",\"position\":2,\"name\":\"Berlinale 2023\"}]},{\"@type\":\"WebSite\",\"@id\":\"https:\/\/legacy.colt.net\/#website\",\"url\":\"https:\/\/legacy.colt.net\/\",\"name\":\"Colt\u30c6\u30af\u30ce\u30ed\u30b8\u30fc\u30b5\u30fc\u30d3\u30b9\u682a\u5f0f\u4f1a\u793e\",\"description\":\"Managed Network &amp; Voice Services Provider\",\"publisher\":{\"@id\":\"https:\/\/legacy.colt.net\/#organization\"},\"potentialAction\":[{\"@type\":\"SearchAction\",\"target\":{\"@type\":\"EntryPoint\",\"urlTemplate\":\"https:\/\/legacy.colt.net\/?s={search_term_string}\"},\"query-input\":{\"@type\":\"PropertyValueSpecification\",\"valueRequired\":true,\"valueName\":\"search_term_string\"}}],\"inLanguage\":\"de-DE\"},{\"@type\":\"Organization\",\"@id\":\"https:\/\/legacy.colt.net\/#organization\",\"name\":\"Colt Technology Services\",\"url\":\"https:\/\/legacy.colt.net\/\",\"logo\":{\"@type\":\"ImageObject\",\"inLanguage\":\"de-DE\",\"@id\":\"https:\/\/legacy.colt.net\/#\/schema\/logo\/image\/\",\"url\":\"https:\/\/legacy.colt.net\/wp-content\/uploads\/2019\/02\/Colt-Logo.png\",\"contentUrl\":\"https:\/\/legacy.colt.net\/wp-content\/uploads\/2019\/02\/Colt-Logo.png\",\"width\":195,\"height\":77,\"caption\":\"Colt Technology Services\"},\"image\":{\"@id\":\"https:\/\/legacy.colt.net\/#\/schema\/logo\/image\/\"},\"sameAs\":[\"https:\/\/www.facebook.com\/ColtTechnologyServices\/\",\"https:\/\/x.com\/colt_technology\",\"https:\/\/www.instagram.com\/colttechnologyservices\/\",\"https:\/\/www.linkedin.com\/company\/colt-technology-services\",\"https:\/\/www.youtube.com\/user\/ColtTechnology\"]}]}<\/script>\n<!-- \/ Yoast SEO plugin. -->","yoast_head_json":{"title":"Berlinale 2023 - Colt Technology Services","description":"Berlinale 2023 Colt Technology Services","robots":{"index":"noindex","follow":"follow","max-snippet":"max-snippet:-1","max-image-preview":"max-image-preview:large","max-video-preview":"max-video-preview:-1"},"og_locale":"de_DE","og_type":"article","og_title":"Berlinale 2023 - Colt Technology Services","og_description":"Berlinale 2023 Colt Technology Services","og_url":"https:\/\/legacy.colt.net\/de\/berlinale-2023\/","og_site_name":"Colt Technology Services","article_publisher":"https:\/\/www.facebook.com\/ColtTechnologyServices\/","article_modified_time":"2023-02-02T15:20:06+00:00","og_image":[{"width":1000,"height":667,"url":"https:\/\/legacy.colt.net\/wp-content\/uploads\/2021\/01\/Brand-2021-Stock-11-1.jpg","type":"image\/jpeg"}],"twitter_card":"summary_large_image","twitter_site":"@colt_technology","twitter_misc":{"Est. reading time":"4 minutes"},"schema":{"@context":"https:\/\/schema.org","@graph":[{"@type":"WebPage","@id":"https:\/\/legacy.colt.net\/de\/berlinale-2023\/","url":"https:\/\/legacy.colt.net\/de\/berlinale-2023\/","name":"Berlinale 2023 - Colt Technology Services","isPartOf":{"@id":"https:\/\/legacy.colt.net\/#website"},"primaryImageOfPage":{"@id":"https:\/\/legacy.colt.net\/de\/berlinale-2023\/#primaryimage"},"image":{"@id":"https:\/\/legacy.colt.net\/de\/berlinale-2023\/#primaryimage"},"thumbnailUrl":"https:\/\/legacy.colt.net\/wp-content\/uploads\/2023\/01\/Berlinale-White.png","datePublished":"2023-01-25T14:06:37+00:00","dateModified":"2023-02-02T15:20:06+00:00","description":"Berlinale 2023 Colt Technology Services","breadcrumb":{"@id":"https:\/\/legacy.colt.net\/de\/berlinale-2023\/#breadcrumb"},"inLanguage":"de-DE","potentialAction":[{"@type":"ReadAction","target":["https:\/\/legacy.colt.net\/de\/berlinale-2023\/"]}]},{"@type":"ImageObject","inLanguage":"de-DE","@id":"https:\/\/legacy.colt.net\/de\/berlinale-2023\/#primaryimage","url":"https:\/\/legacy.colt.net\/wp-content\/uploads\/2023\/01\/Berlinale-White.png","contentUrl":"https:\/\/legacy.colt.net\/wp-content\/uploads\/2023\/01\/Berlinale-White.png"},{"@type":"BreadcrumbList","@id":"https:\/\/legacy.colt.net\/de\/berlinale-2023\/#breadcrumb","itemListElement":[{"@type":"ListItem","position":1,"name":"Home","item":"https:\/\/legacy.colt.net\/de\/"},{"@type":"ListItem","position":2,"name":"Berlinale 2023"}]},{"@type":"WebSite","@id":"https:\/\/legacy.colt.net\/#website","url":"https:\/\/legacy.colt.net\/","name":"Colt\u30c6\u30af\u30ce\u30ed\u30b8\u30fc\u30b5\u30fc\u30d3\u30b9\u682a\u5f0f\u4f1a\u793e","description":"Managed Network &amp; Voice Services Provider","publisher":{"@id":"https:\/\/legacy.colt.net\/#organization"},"potentialAction":[{"@type":"SearchAction","target":{"@type":"EntryPoint","urlTemplate":"https:\/\/legacy.colt.net\/?s={search_term_string}"},"query-input":{"@type":"PropertyValueSpecification","valueRequired":true,"valueName":"search_term_string"}}],"inLanguage":"de-DE"},{"@type":"Organization","@id":"https:\/\/legacy.colt.net\/#organization","name":"Colt Technology Services","url":"https:\/\/legacy.colt.net\/","logo":{"@type":"ImageObject","inLanguage":"de-DE","@id":"https:\/\/legacy.colt.net\/#\/schema\/logo\/image\/","url":"https:\/\/legacy.colt.net\/wp-content\/uploads\/2019\/02\/Colt-Logo.png","contentUrl":"https:\/\/legacy.colt.net\/wp-content\/uploads\/2019\/02\/Colt-Logo.png","width":195,"height":77,"caption":"Colt Technology Services"},"image":{"@id":"https:\/\/legacy.colt.net\/#\/schema\/logo\/image\/"},"sameAs":["https:\/\/www.facebook.com\/ColtTechnologyServices\/","https:\/\/x.com\/colt_technology","https:\/\/www.instagram.com\/colttechnologyservices\/","https:\/\/www.linkedin.com\/company\/colt-technology-services","https:\/\/www.youtube.com\/user\/ColtTechnology"]}]}},"_links":{"self":[{"href":"https:\/\/legacy.colt.net\/de\/wp-json\/wp\/v2\/pages\/118410","targetHints":{"allow":["GET"]}}],"collection":[{"href":"https:\/\/legacy.colt.net\/de\/wp-json\/wp\/v2\/pages"}],"about":[{"href":"https:\/\/legacy.colt.net\/de\/wp-json\/wp\/v2\/types\/page"}],"author":[{"embeddable":true,"href":"https:\/\/legacy.colt.net\/de\/wp-json\/wp\/v2\/users\/2"}],"replies":[{"embeddable":true,"href":"https:\/\/legacy.colt.net\/de\/wp-json\/wp\/v2\/comments?post=118410"}],"version-history":[{"count":0,"href":"https:\/\/legacy.colt.net\/de\/wp-json\/wp\/v2\/pages\/118410\/revisions"}],"wp:attachment":[{"href":"https:\/\/legacy.colt.net\/de\/wp-json\/wp\/v2\/media?parent=118410"}],"wp:term":[{"taxonomy":"colt_type","embeddable":true,"href":"https:\/\/legacy.colt.net\/de\/wp-json\/wp\/v2\/colt_type?post=118410"},{"taxonomy":"colt_products","embeddable":true,"href":"https:\/\/legacy.colt.net\/de\/wp-json\/wp\/v2\/colt_products?post=118410"}],"curies":[{"name":"wp","href":"https:\/\/api.w.org\/{rel}","templated":true}]}}