{"id":110781,"date":"2022-02-01T10:02:31","date_gmt":"2022-02-01T10:02:31","guid":{"rendered":"https:\/\/www.colt.net\/product\/ethernet-vpn-2\/"},"modified":"2022-03-07T20:32:52","modified_gmt":"2022-03-07T20:32:52","slug":"ethernet-vpn","status":"publish","type":"page","link":"https:\/\/legacy.colt.net\/de\/product\/ethernet-vpn\/","title":{"rendered":"Ethernet VPN"},"content":{"rendered":"","protected":false},"excerpt":{"rendered":"","protected":false},"author":109,"featured_media":0,"parent":35897,"menu_order":0,"comment_status":"closed","ping_status":"closed","template":"page-templates\/template-product.php","meta":{"_acf_changed":false,"footnotes":""},"colt_type":[],"colt_products":[],"class_list":["post-110781","page","type-page","status-publish","hentry"],"acf":[],"yoast_head":"<!-- This site is optimized with the Yoast SEO plugin v26.8 - https:\/\/yoast.com\/product\/yoast-seo-wordpress\/ -->\n<title>Ethernet VPN Services | Colt Technology Services | DE<\/title>\n<meta name=\"description\" content=\"Ethernet VPN eignet sich ideal f\u00fcr die Verbindung von Standorten, die auf einen regelm\u00e4\u00dfigen und transparenten Datenaustausch untereinander angewiesen sind.\" \/>\n<meta name=\"robots\" content=\"noindex, follow, max-snippet:-1, max-image-preview:large, max-video-preview:-1\" \/>\n<meta property=\"og:locale\" content=\"de_DE\" \/>\n<meta property=\"og:type\" content=\"article\" \/>\n<meta property=\"og:title\" content=\"Ethernet VPN Services | Colt Technology Services | DE\" \/>\n<meta property=\"og:description\" content=\"Ethernet VPN eignet sich ideal f\u00fcr die Verbindung von Standorten, die auf einen regelm\u00e4\u00dfigen und transparenten Datenaustausch untereinander angewiesen sind.\" \/>\n<meta property=\"og:url\" content=\"https:\/\/legacy.colt.net\/de\/product\/ethernet-vpn\/\" \/>\n<meta property=\"og:site_name\" content=\"Colt Technology Services\" \/>\n<meta property=\"article:publisher\" content=\"https:\/\/www.facebook.com\/ColtTechnologyServices\/\" \/>\n<meta property=\"article:modified_time\" content=\"2022-03-07T20:32:52+00:00\" \/>\n<meta name=\"twitter:card\" content=\"summary_large_image\" \/>\n<meta name=\"twitter:site\" content=\"@colt_technology\" \/>\n<script type=\"application\/ld+json\" class=\"yoast-schema-graph\">{\"@context\":\"https:\/\/schema.org\",\"@graph\":[{\"@type\":\"WebPage\",\"@id\":\"https:\/\/legacy.colt.net\/de\/product\/ethernet-vpn\/\",\"url\":\"https:\/\/legacy.colt.net\/de\/product\/ethernet-vpn\/\",\"name\":\"Ethernet VPN Services | Colt Technology Services | DE\",\"isPartOf\":{\"@id\":\"https:\/\/legacy.colt.net\/#website\"},\"datePublished\":\"2022-02-01T10:02:31+00:00\",\"dateModified\":\"2022-03-07T20:32:52+00:00\",\"description\":\"Ethernet VPN eignet sich ideal f\u00fcr die Verbindung von Standorten, die auf einen regelm\u00e4\u00dfigen und transparenten Datenaustausch untereinander angewiesen sind.\",\"breadcrumb\":{\"@id\":\"https:\/\/legacy.colt.net\/de\/product\/ethernet-vpn\/#breadcrumb\"},\"inLanguage\":\"de-DE\",\"potentialAction\":[{\"@type\":\"ReadAction\",\"target\":[\"https:\/\/legacy.colt.net\/de\/product\/ethernet-vpn\/\"]}]},{\"@type\":\"BreadcrumbList\",\"@id\":\"https:\/\/legacy.colt.net\/de\/product\/ethernet-vpn\/#breadcrumb\",\"itemListElement\":[{\"@type\":\"ListItem\",\"position\":1,\"name\":\"Home\",\"item\":\"https:\/\/legacy.colt.net\/de\/\"},{\"@type\":\"ListItem\",\"position\":2,\"name\":\"Produkte &#038; Netzwerkservice\",\"item\":\"https:\/\/legacy.colt.net\/de\/product\/\"},{\"@type\":\"ListItem\",\"position\":3,\"name\":\"Ethernet VPN\"}]},{\"@type\":\"WebSite\",\"@id\":\"https:\/\/legacy.colt.net\/#website\",\"url\":\"https:\/\/legacy.colt.net\/\",\"name\":\"Colt\u30c6\u30af\u30ce\u30ed\u30b8\u30fc\u30b5\u30fc\u30d3\u30b9\u682a\u5f0f\u4f1a\u793e\",\"description\":\"Managed Network &amp; Voice Services Provider\",\"publisher\":{\"@id\":\"https:\/\/legacy.colt.net\/#organization\"},\"potentialAction\":[{\"@type\":\"SearchAction\",\"target\":{\"@type\":\"EntryPoint\",\"urlTemplate\":\"https:\/\/legacy.colt.net\/?s={search_term_string}\"},\"query-input\":{\"@type\":\"PropertyValueSpecification\",\"valueRequired\":true,\"valueName\":\"search_term_string\"}}],\"inLanguage\":\"de-DE\"},{\"@type\":\"Organization\",\"@id\":\"https:\/\/legacy.colt.net\/#organization\",\"name\":\"Colt Technology Services\",\"url\":\"https:\/\/legacy.colt.net\/\",\"logo\":{\"@type\":\"ImageObject\",\"inLanguage\":\"de-DE\",\"@id\":\"https:\/\/legacy.colt.net\/#\/schema\/logo\/image\/\",\"url\":\"https:\/\/legacy.colt.net\/wp-content\/uploads\/2019\/02\/Colt-Logo.png\",\"contentUrl\":\"https:\/\/legacy.colt.net\/wp-content\/uploads\/2019\/02\/Colt-Logo.png\",\"width\":195,\"height\":77,\"caption\":\"Colt Technology Services\"},\"image\":{\"@id\":\"https:\/\/legacy.colt.net\/#\/schema\/logo\/image\/\"},\"sameAs\":[\"https:\/\/www.facebook.com\/ColtTechnologyServices\/\",\"https:\/\/x.com\/colt_technology\",\"https:\/\/www.instagram.com\/colttechnologyservices\/\",\"https:\/\/www.linkedin.com\/company\/colt-technology-services\",\"https:\/\/www.youtube.com\/user\/ColtTechnology\"]}]}<\/script>\n<!-- \/ Yoast SEO plugin. -->","yoast_head_json":{"title":"Ethernet VPN Services | Colt Technology Services | DE","description":"Ethernet VPN eignet sich ideal f\u00fcr die Verbindung von Standorten, die auf einen regelm\u00e4\u00dfigen und transparenten Datenaustausch untereinander angewiesen sind.","robots":{"index":"noindex","follow":"follow","max-snippet":"max-snippet:-1","max-image-preview":"max-image-preview:large","max-video-preview":"max-video-preview:-1"},"og_locale":"de_DE","og_type":"article","og_title":"Ethernet VPN Services | Colt Technology Services | DE","og_description":"Ethernet VPN eignet sich ideal f\u00fcr die Verbindung von Standorten, die auf einen regelm\u00e4\u00dfigen und transparenten Datenaustausch untereinander angewiesen sind.","og_url":"https:\/\/legacy.colt.net\/de\/product\/ethernet-vpn\/","og_site_name":"Colt Technology Services","article_publisher":"https:\/\/www.facebook.com\/ColtTechnologyServices\/","article_modified_time":"2022-03-07T20:32:52+00:00","twitter_card":"summary_large_image","twitter_site":"@colt_technology","schema":{"@context":"https:\/\/schema.org","@graph":[{"@type":"WebPage","@id":"https:\/\/legacy.colt.net\/de\/product\/ethernet-vpn\/","url":"https:\/\/legacy.colt.net\/de\/product\/ethernet-vpn\/","name":"Ethernet VPN Services | Colt Technology Services | DE","isPartOf":{"@id":"https:\/\/legacy.colt.net\/#website"},"datePublished":"2022-02-01T10:02:31+00:00","dateModified":"2022-03-07T20:32:52+00:00","description":"Ethernet VPN eignet sich ideal f\u00fcr die Verbindung von Standorten, die auf einen regelm\u00e4\u00dfigen und transparenten Datenaustausch untereinander angewiesen sind.","breadcrumb":{"@id":"https:\/\/legacy.colt.net\/de\/product\/ethernet-vpn\/#breadcrumb"},"inLanguage":"de-DE","potentialAction":[{"@type":"ReadAction","target":["https:\/\/legacy.colt.net\/de\/product\/ethernet-vpn\/"]}]},{"@type":"BreadcrumbList","@id":"https:\/\/legacy.colt.net\/de\/product\/ethernet-vpn\/#breadcrumb","itemListElement":[{"@type":"ListItem","position":1,"name":"Home","item":"https:\/\/legacy.colt.net\/de\/"},{"@type":"ListItem","position":2,"name":"Produkte &#038; Netzwerkservice","item":"https:\/\/legacy.colt.net\/de\/product\/"},{"@type":"ListItem","position":3,"name":"Ethernet VPN"}]},{"@type":"WebSite","@id":"https:\/\/legacy.colt.net\/#website","url":"https:\/\/legacy.colt.net\/","name":"Colt\u30c6\u30af\u30ce\u30ed\u30b8\u30fc\u30b5\u30fc\u30d3\u30b9\u682a\u5f0f\u4f1a\u793e","description":"Managed Network &amp; Voice Services Provider","publisher":{"@id":"https:\/\/legacy.colt.net\/#organization"},"potentialAction":[{"@type":"SearchAction","target":{"@type":"EntryPoint","urlTemplate":"https:\/\/legacy.colt.net\/?s={search_term_string}"},"query-input":{"@type":"PropertyValueSpecification","valueRequired":true,"valueName":"search_term_string"}}],"inLanguage":"de-DE"},{"@type":"Organization","@id":"https:\/\/legacy.colt.net\/#organization","name":"Colt Technology Services","url":"https:\/\/legacy.colt.net\/","logo":{"@type":"ImageObject","inLanguage":"de-DE","@id":"https:\/\/legacy.colt.net\/#\/schema\/logo\/image\/","url":"https:\/\/legacy.colt.net\/wp-content\/uploads\/2019\/02\/Colt-Logo.png","contentUrl":"https:\/\/legacy.colt.net\/wp-content\/uploads\/2019\/02\/Colt-Logo.png","width":195,"height":77,"caption":"Colt Technology Services"},"image":{"@id":"https:\/\/legacy.colt.net\/#\/schema\/logo\/image\/"},"sameAs":["https:\/\/www.facebook.com\/ColtTechnologyServices\/","https:\/\/x.com\/colt_technology","https:\/\/www.instagram.com\/colttechnologyservices\/","https:\/\/www.linkedin.com\/company\/colt-technology-services","https:\/\/www.youtube.com\/user\/ColtTechnology"]}]}},"_links":{"self":[{"href":"https:\/\/legacy.colt.net\/de\/wp-json\/wp\/v2\/pages\/110781","targetHints":{"allow":["GET"]}}],"collection":[{"href":"https:\/\/legacy.colt.net\/de\/wp-json\/wp\/v2\/pages"}],"about":[{"href":"https:\/\/legacy.colt.net\/de\/wp-json\/wp\/v2\/types\/page"}],"author":[{"embeddable":true,"href":"https:\/\/legacy.colt.net\/de\/wp-json\/wp\/v2\/users\/109"}],"replies":[{"embeddable":true,"href":"https:\/\/legacy.colt.net\/de\/wp-json\/wp\/v2\/comments?post=110781"}],"version-history":[{"count":0,"href":"https:\/\/legacy.colt.net\/de\/wp-json\/wp\/v2\/pages\/110781\/revisions"}],"up":[{"embeddable":true,"href":"https:\/\/legacy.colt.net\/de\/wp-json\/wp\/v2\/pages\/35897"}],"wp:attachment":[{"href":"https:\/\/legacy.colt.net\/de\/wp-json\/wp\/v2\/media?parent=110781"}],"wp:term":[{"taxonomy":"colt_type","embeddable":true,"href":"https:\/\/legacy.colt.net\/de\/wp-json\/wp\/v2\/colt_type?post=110781"},{"taxonomy":"colt_products","embeddable":true,"href":"https:\/\/legacy.colt.net\/de\/wp-json\/wp\/v2\/colt_products?post=110781"}],"curies":[{"name":"wp","href":"https:\/\/api.w.org\/{rel}","templated":true}]}}