{"id":110187,"date":"2022-02-25T15:27:35","date_gmt":"2022-02-25T15:27:35","guid":{"rendered":"https:\/\/www.colt.net\/?page_id=110187"},"modified":"2025-05-20T15:48:05","modified_gmt":"2025-05-20T14:48:05","slug":"certifications","status":"publish","type":"page","link":"https:\/\/legacy.colt.net\/de\/why-colt\/certifications\/","title":{"rendered":"Certifications"},"content":{"rendered":"\n\n\t<nav class=\"breadcrumb\"><span><span><a href=\"https:\/\/legacy.colt.net\/de\/\">Home<\/a><\/span><\/span><\/nav>\n<h2>\n\t\tZertifizierungen und Industriestandards von Colt\n\t<\/h2>\n\t<p>Colt legt bei der Arbeit stets h\u00f6chste Ma\u00dfst\u00e4be an die Verantwortlichkeit an. Colt befolgt eine Reihe von weltweit anerkannten Managementsystemen, die zeigen, dass das Unternehmen bei der Lieferung von Services internationale Standards erf\u00fcllt. Diese Zertifikate werden unabh\u00e4ngig bewertet. Colt hat die folgenden internationalen Standards erreicht:<\/p>\n\t<p><strong>Jump to:<\/strong><\/p>\n\t<a href=\"#2015\">Qualit\u00e4tsmanagementsystem <\/a><br \/>\n<a href=\"#2018\">Service Management<\/a><br \/>\n<a href=\"#2013\">Informationssicherheitsmanagement<\/a><br \/>\n<a href=\"#Environment\">Umweltmanagement<\/a><br \/>\n<a href=\"#2012\">Gesch\u00e4ftskontinuit\u00e4tsmanagement <\/a><br \/>\n<a href=\"#CyberEssentials\">Cyber\u00a0Essentials\u00a0<\/a>\u00a0\n\t\t\t\t<img loading=\"lazy\" decoding=\"async\" src=\"https:\/\/legacy.colt.net\/wp-content\/uploads\/2020\/05\/mark-of-trust-ISO-9001-UKAS-black-1024x658.jpg\" alt=\"mark-of-trust-ISO-9001-UKAS-black\" itemprop=\"image\" height=\"658\" width=\"1024\" title=\"mark-of-trust-ISO-9001-UKAS-black\" onerror=\"this.style.display='none'\"  \/>\n<h3>\n\t\tISO9001:2015 | Internationales Qualit\u00e4tsmanagementsystem\n\t<\/h3>\n\t<p>Dies ist der internationale Standard f\u00fcr Qualit\u00e4tsmanagementsysteme (QMS), der die F\u00e4higkeit von Colt bezeugt, Produkte und Services in gleichbleibend hoher Qualit\u00e4t bereitzustellen. Ziel ist es, die Kundenzufriedenheit durch kontinuierliche Verbesserung zu steigern.<\/p>\n\t\t\t<a href=\"https:\/\/legacy.colt.net\/wp-content\/uploads\/2022\/11\/FS-602990-1-Colt-ISO9001-Certificate-Valid-2025.pdf\" target=\"_self\">\n\t\t\t\t\t\t\tDas neueste ISO9001-Zertifikat finden Sie hier.\n\t\t\t\t\t<\/a>\n\t\t\t\t<img loading=\"lazy\" decoding=\"async\" src=\"https:\/\/legacy.colt.net\/wp-content\/uploads\/2020\/05\/mark-of-trust-ISO-IEC-20000-1-UKAS-black.jpg\" alt=\"mark-of-trust-ISO-IEC-20000-1-UKAS-black\" itemprop=\"image\" height=\"958\" width=\"1492\" title=\"mark-of-trust-ISO-IEC-20000-1-UKAS-black\" onerror=\"this.style.display='none'\"  \/>\n<h3>\n\t\tISO\/IEC 20000-1:2018 | Service Management\n\t<\/h3>\n\t<p>Dies ist der internationale Standard f\u00fcr das Service Management System (SMS), der die F\u00e4higkeit von Colt bezeugt, auf die sich \u00e4ndernde Umgebung der Servicebereitstellung zu reagieren und sicherzustellen, dass in jeder Phase die richtigen Prozesse ablaufen und \u00fcber den gesamten Servicelebenszyklus des Kunden hinweg konsequent angewendet werden.<\/p>\n\t\t\t<a href=\"https:\/\/legacy.colt.net\/wp-content\/uploads\/2022\/11\/ITMS-703633-1-Colt-ISO2000-1-Certificate-Valid-2025.pdf\" target=\"_self\">\n\t\t\t\t\t\t\tDas aktuelle ISO\/IEC 20000-Zertifikat finden Sie hier.\n\t\t\t\t\t<\/a>\n\t\t\t\t<img loading=\"lazy\" decoding=\"async\" src=\"https:\/\/legacy.colt.net\/wp-content\/uploads\/2020\/05\/mark-of-trust-ISO-IEC-27001-UKAS-black.jpg\" alt=\"mark-of-trust-ISO-IEC-27001-UKAS-black\" itemprop=\"image\" height=\"958\" width=\"1492\" title=\"mark-of-trust-ISO-IEC-27001-UKAS-black\" onerror=\"this.style.display='none'\"  \/>\n<h3>\n\t\tISO\/IEC 27001:2022 | Informationssicherheitsmanagement\n\t<\/h3>\n\t<p>Dies ist der internationale Standard, der best\u00e4tigt, dass Colt die bew\u00e4hrten Verfahren in Bezug auf Prozesse zur Informationssicherheit eingef\u00fchrt hat. Diese Zertifizierung stellt sicher, dass Colt \u00fcber ein klar definiertes Informationssicherheits-Managementsystem (ISMS) verf\u00fcgt. Hierbei handelt es sich um eine Reihe von Richtlinien, Verfahren, Prozessen und Systemenzur Bew\u00e4ltigung von Informationsrisiken wie Cyberangriffen, Hacks, Datenlecks oder Diebstahl.<\/p>\n\t\t\t\t\t<a href=\"#\" id=\"fl-accordion--label-0\" tabindex=\"0\" aria-controls=\"fl-accordion--panel-0\">FAQ-Dokumente<\/a>\n\t\t\t\t\t\t\t\t\t\t\t<a href=\"#\" id=\"fl-accordion--icon-0\" tabindex=\"-1\"><i>Expand<\/i><\/a>\n\t\t\t\t\t<p>[wpmedia_list folder=&#8221;ISO223012012 FAQs All Languages&#8221;]<\/p>\n\t\t\t<a href=\"https:\/\/legacy.colt.net\/wp-content\/uploads\/2025\/05\/IS-78946-2025-v1.pdf\" target=\"_self\">\n\t\t\t\t\t\t\tDas neueste ISO27001-Zertifikat finden Sie hier.\n\t\t\t\t\t<\/a>\n\t\t\t\t<img loading=\"lazy\" decoding=\"async\" src=\"https:\/\/legacy.colt.net\/wp-content\/uploads\/2020\/05\/mark-of-trust-ISO-14001-UKAS-black.jpg\" alt=\"mark-of-trust-ISO-14001-UKAS-black\" itemprop=\"image\" height=\"973\" width=\"1492\" title=\"mark-of-trust-ISO-14001-UKAS-black\" onerror=\"this.style.display='none'\"  \/>\n<h3>\n\t\tISO14001:2015 | Umweltmanagement\n\t<\/h3>\n\t<p>Dies ist der internationale Standard, der die Grundlage des Umweltmanagementsystems (EMS) von Colt bildet, das die Verpflichtung von Colt zum Umweltschutz durch festgelegte Ziele und Richtlinien umfasst, die den einschl\u00e4gigen Umweltgesetzen entsprechen.<\/p>\n<p>Einen nachhaltigen Fu\u00dfabdruck zu bewahren, ist Teil der sozialen Verantwortung von Colt als Unternehmen gegen\u00fcber Kunden und der gesamten Branche.<\/p>\n\t\t\t<a href=\"https:\/\/f.hubspotusercontent10.net\/hubfs\/344164\/BSI%20Certificates\/BSI-Certificate_ISO14001.pdf\" target=\"_self\">\n\t\t\t\t\t\t\tDas neueste ISO14001-Zertifikat finden Sie hier.\n\t\t\t\t\t<\/a>\n\t\t\t\t<img loading=\"lazy\" decoding=\"async\" src=\"https:\/\/legacy.colt.net\/wp-content\/uploads\/2020\/05\/mark-of-trust-ISO-22301-UKAS-black.jpg\" alt=\"mark-of-trust-ISO-22301-UKAS-black\" itemprop=\"image\" height=\"958\" width=\"1492\" title=\"mark-of-trust-ISO-22301-UKAS-black\" onerror=\"this.style.display='none'\"  \/>\n<h3>\n\t\tISO22301:2012 | Betriebliches Kontinuit\u00e4tsmanagement\n\t<\/h3>\n\t<p>Dies ist der internationale Standard f\u00fcr das betriebliche Kontinuit\u00e4tsmanagementsystem (BCMS), der sicherstellt, dass Colt bew\u00e4hrte Verfahren f\u00fcr die betriebliche Resilienz eingef\u00fchrt hat. Die Einhaltung des Standards bedeutet, dass Colt nachweisen kann, dass es sich um ein \u00e4u\u00dferst belastbares Unternehmen handelt, das international bew\u00e4hrten Verfahren folgt. Dadurch ist Colt in der Lage, die Auswirkungen auf den Kundenservice infolge von Gesch\u00e4ftsunterbrechungen oder Krisenereignissen zu minimieren.<\/p>\n\t\t\t<a href=\"https:\/\/legacy.colt.net\/wp-content\/uploads\/2020\/08\/ISO-22301-Certification-2022-2025.pdf\" target=\"_self\">\n\t\t\t\t\t\t\tDas neueste ISO22301-Zertifikat finden Sie hier.\n\t\t\t\t\t<\/a>\n\t\t\t\t<img loading=\"lazy\" decoding=\"async\" src=\"https:\/\/legacy.colt.net\/wp-content\/uploads\/2020\/05\/cyber-essentials-badge-high-res.png\" alt=\"cyber-essentials-badge-high-res\" itemprop=\"image\" height=\"717\" width=\"990\" title=\"cyber-essentials-badge-high-res\" onerror=\"this.style.display='none'\"  \/>\n<h3>\n\t\tCyber Essentials\n\t<\/h3>\n\t<p>Cyber Essentials ist ein von der britischen Regierung und der Industrie unterst\u00fctztes System, das Unternehmen dabei hilft, sich vor g\u00e4ngigen Online-Bedrohungen zu sch\u00fctzen. Die Akkreditierung von Colt bedeutet, dass Colt sich der Cybersicherheit verpflichtet, einschlie\u00dflich der Verhinderung von Angriffen wie Hacking und Phishing.<\/p>\n\t\t\t<a href=\"https:\/\/legacy.colt.net\/wp-content\/uploads\/2022\/11\/Cyber-Essentials-Certificate-2023-2024.pdf\" target=\"_self\">\n\t\t\t\t\t\t\tDas neueste Zertifikat von Cyber Essentials finden Sie hier.\n\t\t\t\t\t<\/a>\n\n","protected":false},"excerpt":{"rendered":"<p>Zertifizierungen und Industriestandards von Colt Colt legt bei der Arbeit stets h\u00f6chste Ma\u00dfst\u00e4be an die Verantwortlichkeit an. Colt befolgt eine Reihe von weltweit anerkannten Managementsystemen, die zeigen, dass das Unternehmen bei der Lieferung von Services internationale Standards erf\u00fcllt. Diese Zertifikate werden unabh\u00e4ngig bewertet. Colt hat die folgenden internationalen Standards erreicht: Jump to: Qualit\u00e4tsmanagementsystem Service Management&#8230;<\/p>\n","protected":false},"author":2,"featured_media":0,"parent":68557,"menu_order":0,"comment_status":"closed","ping_status":"closed","template":"","meta":{"_acf_changed":false,"footnotes":""},"colt_type":[],"colt_products":[],"class_list":["post-110187","page","type-page","status-publish","hentry"],"acf":[],"yoast_head":"<!-- This site is optimized with the Yoast SEO plugin v26.8 - https:\/\/yoast.com\/product\/yoast-seo-wordpress\/ -->\n<title>Certifications - Colt Technology Services<\/title>\n<meta name=\"description\" content=\"Certifications Colt Technology Services\" \/>\n<meta name=\"robots\" content=\"noindex, follow, max-snippet:-1, max-image-preview:large, max-video-preview:-1\" \/>\n<meta property=\"og:locale\" content=\"de_DE\" \/>\n<meta property=\"og:type\" content=\"article\" \/>\n<meta property=\"og:title\" content=\"Certifications - Colt Technology Services\" \/>\n<meta property=\"og:description\" content=\"Certifications Colt Technology Services\" \/>\n<meta property=\"og:url\" content=\"https:\/\/legacy.colt.net\/de\/why-colt\/certifications\/\" \/>\n<meta property=\"og:site_name\" content=\"Colt Technology Services\" \/>\n<meta property=\"article:publisher\" content=\"https:\/\/www.facebook.com\/ColtTechnologyServices\/\" \/>\n<meta property=\"article:modified_time\" content=\"2025-05-20T14:48:05+00:00\" \/>\n<meta property=\"og:image\" content=\"https:\/\/legacy.colt.net\/wp-content\/uploads\/2021\/01\/Brand-2021-Stock-41.jpg\" \/>\n\t<meta property=\"og:image:width\" content=\"1000\" \/>\n\t<meta property=\"og:image:height\" content=\"667\" \/>\n\t<meta property=\"og:image:type\" content=\"image\/jpeg\" \/>\n<meta name=\"twitter:card\" content=\"summary_large_image\" \/>\n<meta name=\"twitter:site\" content=\"@colt_technology\" \/>\n<meta name=\"twitter:label1\" content=\"Est. reading time\" \/>\n\t<meta name=\"twitter:data1\" content=\"2 minutes\" \/>\n<script type=\"application\/ld+json\" class=\"yoast-schema-graph\">{\"@context\":\"https:\/\/schema.org\",\"@graph\":[{\"@type\":\"WebPage\",\"@id\":\"https:\/\/legacy.colt.net\/de\/why-colt\/certifications\/\",\"url\":\"https:\/\/legacy.colt.net\/de\/why-colt\/certifications\/\",\"name\":\"Certifications - Colt Technology Services\",\"isPartOf\":{\"@id\":\"https:\/\/legacy.colt.net\/#website\"},\"primaryImageOfPage\":{\"@id\":\"https:\/\/legacy.colt.net\/de\/why-colt\/certifications\/#primaryimage\"},\"image\":{\"@id\":\"https:\/\/legacy.colt.net\/de\/why-colt\/certifications\/#primaryimage\"},\"thumbnailUrl\":\"https:\/\/legacy.colt.net\/wp-content\/uploads\/2020\/05\/mark-of-trust-ISO-9001-UKAS-black-1024x658.jpg\",\"datePublished\":\"2022-02-25T15:27:35+00:00\",\"dateModified\":\"2025-05-20T14:48:05+00:00\",\"description\":\"Certifications Colt Technology Services\",\"breadcrumb\":{\"@id\":\"https:\/\/legacy.colt.net\/de\/why-colt\/certifications\/#breadcrumb\"},\"inLanguage\":\"de-DE\",\"potentialAction\":[{\"@type\":\"ReadAction\",\"target\":[\"https:\/\/legacy.colt.net\/de\/why-colt\/certifications\/\"]}]},{\"@type\":\"ImageObject\",\"inLanguage\":\"de-DE\",\"@id\":\"https:\/\/legacy.colt.net\/de\/why-colt\/certifications\/#primaryimage\",\"url\":\"https:\/\/legacy.colt.net\/wp-content\/uploads\/2020\/05\/mark-of-trust-ISO-9001-UKAS-black-1024x658.jpg\",\"contentUrl\":\"https:\/\/legacy.colt.net\/wp-content\/uploads\/2020\/05\/mark-of-trust-ISO-9001-UKAS-black-1024x658.jpg\"},{\"@type\":\"BreadcrumbList\",\"@id\":\"https:\/\/legacy.colt.net\/de\/why-colt\/certifications\/#breadcrumb\",\"itemListElement\":[{\"@type\":\"ListItem\",\"position\":1,\"name\":\"Home\",\"item\":\"https:\/\/legacy.colt.net\/de\/\"},{\"@type\":\"ListItem\",\"position\":2,\"name\":\"Why Colt?\",\"item\":\"https:\/\/legacy.colt.net\/de\/why-colt\/\"},{\"@type\":\"ListItem\",\"position\":3,\"name\":\"Certifications\"}]},{\"@type\":\"WebSite\",\"@id\":\"https:\/\/legacy.colt.net\/#website\",\"url\":\"https:\/\/legacy.colt.net\/\",\"name\":\"Colt\u30c6\u30af\u30ce\u30ed\u30b8\u30fc\u30b5\u30fc\u30d3\u30b9\u682a\u5f0f\u4f1a\u793e\",\"description\":\"Managed Network &amp; Voice Services Provider\",\"publisher\":{\"@id\":\"https:\/\/legacy.colt.net\/#organization\"},\"potentialAction\":[{\"@type\":\"SearchAction\",\"target\":{\"@type\":\"EntryPoint\",\"urlTemplate\":\"https:\/\/legacy.colt.net\/?s={search_term_string}\"},\"query-input\":{\"@type\":\"PropertyValueSpecification\",\"valueRequired\":true,\"valueName\":\"search_term_string\"}}],\"inLanguage\":\"de-DE\"},{\"@type\":\"Organization\",\"@id\":\"https:\/\/legacy.colt.net\/#organization\",\"name\":\"Colt Technology Services\",\"url\":\"https:\/\/legacy.colt.net\/\",\"logo\":{\"@type\":\"ImageObject\",\"inLanguage\":\"de-DE\",\"@id\":\"https:\/\/legacy.colt.net\/#\/schema\/logo\/image\/\",\"url\":\"https:\/\/legacy.colt.net\/wp-content\/uploads\/2019\/02\/Colt-Logo.png\",\"contentUrl\":\"https:\/\/legacy.colt.net\/wp-content\/uploads\/2019\/02\/Colt-Logo.png\",\"width\":195,\"height\":77,\"caption\":\"Colt Technology Services\"},\"image\":{\"@id\":\"https:\/\/legacy.colt.net\/#\/schema\/logo\/image\/\"},\"sameAs\":[\"https:\/\/www.facebook.com\/ColtTechnologyServices\/\",\"https:\/\/x.com\/colt_technology\",\"https:\/\/www.instagram.com\/colttechnologyservices\/\",\"https:\/\/www.linkedin.com\/company\/colt-technology-services\",\"https:\/\/www.youtube.com\/user\/ColtTechnology\"]}]}<\/script>\n<!-- \/ Yoast SEO plugin. -->","yoast_head_json":{"title":"Certifications - Colt Technology Services","description":"Certifications Colt Technology Services","robots":{"index":"noindex","follow":"follow","max-snippet":"max-snippet:-1","max-image-preview":"max-image-preview:large","max-video-preview":"max-video-preview:-1"},"og_locale":"de_DE","og_type":"article","og_title":"Certifications - Colt Technology Services","og_description":"Certifications Colt Technology Services","og_url":"https:\/\/legacy.colt.net\/de\/why-colt\/certifications\/","og_site_name":"Colt Technology Services","article_publisher":"https:\/\/www.facebook.com\/ColtTechnologyServices\/","article_modified_time":"2025-05-20T14:48:05+00:00","og_image":[{"width":1000,"height":667,"url":"https:\/\/legacy.colt.net\/wp-content\/uploads\/2021\/01\/Brand-2021-Stock-41.jpg","type":"image\/jpeg"}],"twitter_card":"summary_large_image","twitter_site":"@colt_technology","twitter_misc":{"Est. reading time":"2 minutes"},"schema":{"@context":"https:\/\/schema.org","@graph":[{"@type":"WebPage","@id":"https:\/\/legacy.colt.net\/de\/why-colt\/certifications\/","url":"https:\/\/legacy.colt.net\/de\/why-colt\/certifications\/","name":"Certifications - Colt Technology Services","isPartOf":{"@id":"https:\/\/legacy.colt.net\/#website"},"primaryImageOfPage":{"@id":"https:\/\/legacy.colt.net\/de\/why-colt\/certifications\/#primaryimage"},"image":{"@id":"https:\/\/legacy.colt.net\/de\/why-colt\/certifications\/#primaryimage"},"thumbnailUrl":"https:\/\/legacy.colt.net\/wp-content\/uploads\/2020\/05\/mark-of-trust-ISO-9001-UKAS-black-1024x658.jpg","datePublished":"2022-02-25T15:27:35+00:00","dateModified":"2025-05-20T14:48:05+00:00","description":"Certifications Colt Technology Services","breadcrumb":{"@id":"https:\/\/legacy.colt.net\/de\/why-colt\/certifications\/#breadcrumb"},"inLanguage":"de-DE","potentialAction":[{"@type":"ReadAction","target":["https:\/\/legacy.colt.net\/de\/why-colt\/certifications\/"]}]},{"@type":"ImageObject","inLanguage":"de-DE","@id":"https:\/\/legacy.colt.net\/de\/why-colt\/certifications\/#primaryimage","url":"https:\/\/legacy.colt.net\/wp-content\/uploads\/2020\/05\/mark-of-trust-ISO-9001-UKAS-black-1024x658.jpg","contentUrl":"https:\/\/legacy.colt.net\/wp-content\/uploads\/2020\/05\/mark-of-trust-ISO-9001-UKAS-black-1024x658.jpg"},{"@type":"BreadcrumbList","@id":"https:\/\/legacy.colt.net\/de\/why-colt\/certifications\/#breadcrumb","itemListElement":[{"@type":"ListItem","position":1,"name":"Home","item":"https:\/\/legacy.colt.net\/de\/"},{"@type":"ListItem","position":2,"name":"Why Colt?","item":"https:\/\/legacy.colt.net\/de\/why-colt\/"},{"@type":"ListItem","position":3,"name":"Certifications"}]},{"@type":"WebSite","@id":"https:\/\/legacy.colt.net\/#website","url":"https:\/\/legacy.colt.net\/","name":"Colt\u30c6\u30af\u30ce\u30ed\u30b8\u30fc\u30b5\u30fc\u30d3\u30b9\u682a\u5f0f\u4f1a\u793e","description":"Managed Network &amp; Voice Services Provider","publisher":{"@id":"https:\/\/legacy.colt.net\/#organization"},"potentialAction":[{"@type":"SearchAction","target":{"@type":"EntryPoint","urlTemplate":"https:\/\/legacy.colt.net\/?s={search_term_string}"},"query-input":{"@type":"PropertyValueSpecification","valueRequired":true,"valueName":"search_term_string"}}],"inLanguage":"de-DE"},{"@type":"Organization","@id":"https:\/\/legacy.colt.net\/#organization","name":"Colt Technology Services","url":"https:\/\/legacy.colt.net\/","logo":{"@type":"ImageObject","inLanguage":"de-DE","@id":"https:\/\/legacy.colt.net\/#\/schema\/logo\/image\/","url":"https:\/\/legacy.colt.net\/wp-content\/uploads\/2019\/02\/Colt-Logo.png","contentUrl":"https:\/\/legacy.colt.net\/wp-content\/uploads\/2019\/02\/Colt-Logo.png","width":195,"height":77,"caption":"Colt Technology Services"},"image":{"@id":"https:\/\/legacy.colt.net\/#\/schema\/logo\/image\/"},"sameAs":["https:\/\/www.facebook.com\/ColtTechnologyServices\/","https:\/\/x.com\/colt_technology","https:\/\/www.instagram.com\/colttechnologyservices\/","https:\/\/www.linkedin.com\/company\/colt-technology-services","https:\/\/www.youtube.com\/user\/ColtTechnology"]}]}},"_links":{"self":[{"href":"https:\/\/legacy.colt.net\/de\/wp-json\/wp\/v2\/pages\/110187","targetHints":{"allow":["GET"]}}],"collection":[{"href":"https:\/\/legacy.colt.net\/de\/wp-json\/wp\/v2\/pages"}],"about":[{"href":"https:\/\/legacy.colt.net\/de\/wp-json\/wp\/v2\/types\/page"}],"author":[{"embeddable":true,"href":"https:\/\/legacy.colt.net\/de\/wp-json\/wp\/v2\/users\/2"}],"replies":[{"embeddable":true,"href":"https:\/\/legacy.colt.net\/de\/wp-json\/wp\/v2\/comments?post=110187"}],"version-history":[{"count":0,"href":"https:\/\/legacy.colt.net\/de\/wp-json\/wp\/v2\/pages\/110187\/revisions"}],"up":[{"embeddable":true,"href":"https:\/\/legacy.colt.net\/de\/wp-json\/wp\/v2\/pages\/68557"}],"wp:attachment":[{"href":"https:\/\/legacy.colt.net\/de\/wp-json\/wp\/v2\/media?parent=110187"}],"wp:term":[{"taxonomy":"colt_type","embeddable":true,"href":"https:\/\/legacy.colt.net\/de\/wp-json\/wp\/v2\/colt_type?post=110187"},{"taxonomy":"colt_products","embeddable":true,"href":"https:\/\/legacy.colt.net\/de\/wp-json\/wp\/v2\/colt_products?post=110187"}],"curies":[{"name":"wp","href":"https:\/\/api.w.org\/{rel}","templated":true}]}}