{"id":108856,"date":"2022-01-24T13:07:35","date_gmt":"2022-01-24T13:07:35","guid":{"rendered":"https:\/\/www.colt.net\/?page_id=108856"},"modified":"2023-01-26T09:35:01","modified_gmt":"2023-01-26T09:35:01","slug":"berlinale-2022","status":"publish","type":"page","link":"https:\/\/legacy.colt.net\/de\/berlinale-2022\/","title":{"rendered":"Berlinale 2022"},"content":{"rendered":"\n\n\t\t\t\t<img loading=\"lazy\" decoding=\"async\" src=\"https:\/\/legacy.colt.net\/wp-content\/uploads\/2022\/02\/Berlinale-Logo-2022-Transparent.png\" alt=\"Berlinale Logo 2022 Transparent\" itemprop=\"image\" height=\"190\" width=\"500\" title=\"Berlinale Logo 2022 Transparent\" onerror=\"this.style.display='none'\"  \/>\n<h2>\n\t\tFilm ab mit Quantenverschl\u00fcsselung\n\t<\/h2>\n\t<p>Innovationen feiern auf der Berlinale Premiere<\/p>\n<h2>\n\t\tFlexible Bandbreite, gro\u00dfes Kino\n\t<\/h2>\n\t<p>Die Berlinale wird dieses Jahr wieder eine andere sein. Doch auch f\u00fcr das verk\u00fcrzte Festivalformat bietet unser Netzwerk die gewohnte Flexibilit\u00e4t und Bandbreite f\u00fcr eine reibungslose Filmverteilung in die Spielst\u00e4tten. Denn auf unsere Services und unser Team kann sich die Berlinale verlassen. F\u00fcr uns ist das gelebte Partner- und Kundenorientierung.<\/p>\n<p>Au\u00dferdem pr\u00e4sentieren wir ein echtes Novum: Zwischen unserem Netzwerkknoten und dem Berlinale Filmpalast kommt erstmals eine quantenverschl\u00fcsselte Verbindung zum Einsatz.<\/p>\n\t\t\t\t<a href=\"https:\/\/legacy.colt.net\/wp-content\/uploads\/2022\/01\/Berlinale-Colt-IQ-Network.png\" target=\"_self\" itemprop=\"url\" rel=\"noopener\">\n\t\t\t\t<img loading=\"lazy\" decoding=\"async\" src=\"https:\/\/legacy.colt.net\/wp-content\/uploads\/2022\/01\/Berlinale-Colt-IQ-Network.png\" alt=\"Berlinale - Colt IQ Network\" itemprop=\"image\" height=\"839\" width=\"1000\" title=\"Berlinale - Colt IQ Network\" onerror=\"this.style.display='none'\"  \/>\n\t\t\t\t<\/a>\n\t\t\t\t\t<img decoding=\"async\" src=\"https:\/\/legacy.colt.net\/wp-content\/uploads\/2022\/01\/Berlinale-2022-Thumbnail.png\" alt=\"\"\/>\n\t\t<h2>\n\t\tSciencefiction trifft Realit\u00e4t: Spot on Quantenverschl\u00fcsselung\n\t<\/h2>\n\t<p>Gemeinsam mit dem Fraunhofer HHI und ADVA testen wir erstmals eine \u00a0quantenverschl\u00fcsselte Verbindung im Festival-Netzwerk der Berlinale. An dieser h\u00e4tte selbst Supercomputer HAL lange zu rechnen!<\/p>\n\t\t\t<a href=\"https:\/\/legacy.colt.net\/de\/resources\/berlinale-wo-innovationen-premiere-feiern\/\" target=\"_self\" role=\"button\" rel=\"noopener\">\n\t\t\t\t\t\t\tLesen Sie mehr in unserem Blog\n\t\t\t\t\t<\/a>\n\t<iframe src='https:\/\/cdn.knightlab.com\/libs\/timeline3\/latest\/embed\/index.html?source=1uAFhD4U0BOhQfJ_twbzZx--ySAHmDfYqafaQXfZchPI&#038;font=Default&#038;lang=en&#038;initial_zoom=2&#038;start_at_slide=35&#038;height=650' width='100%' height='650' webkitallowfullscreen mozallowfullscreen allowfullscreen frameborder='0'><\/iframe>\n\t<a href=\"https:\/\/legacy.colt.net\/de\/resources\/berlinale-wo-innovationen-premiere-feiern\/\" target=\"_blank\" rel=\"noopener\" aria-label=\"Go to https:\/\/legacy.colt.net\/de\/resources\/berlinale-wo-innovationen-premiere-feiern\/\"><\/a>\n\t\t\t\t<img decoding=\"async\" src=\"https:\/\/legacy.colt.net\/wp-content\/uploads\/2022\/01\/Colt_Berlinale_Pictire-for-Timeline-720x450.jpg\" alt=\"Berlinale B\u00e4r im Sony Center\" title=\"Berlinale 3\" itemprop=\"image\"\/>\n\t\t<h3>Blog: Wo Innovationen Premiere feiern<\/h3>\t\t\t\n\t\t\t\t<p>Mehr erfahren<\/p>\n\t\t\t\t\t<img decoding=\"async\" src=\"https:\/\/legacy.colt.net\/wp-content\/uploads\/2022\/01\/Berlinale-Video-Thumbnail-720x450.png\" alt=\"\"\/>\n\t<a href=\"https:\/\/legacy.colt.net\/resources\/masergy-chooses-colt-for-customer-service\/\" target=\"_blank\" rel=\"noopener\" aria-label=\"Go to https:\/\/legacy.colt.net\/resources\/masergy-chooses-colt-for-customer-service\/\"><\/a>\n\t\t\t<h3>Mit der Berlinale verbindet uns mehr als unser Netzwerk<\/h3>\t\t\t\n\t\t\t\t<p>Mehr erfahren<\/p>\n\t<a href=\"https:\/\/legacy.colt.net\/resources\/masergy-chooses-colt-for-customer-service\/\" target=\"_blank\" rel=\"noopener\" aria-label=\"Go to https:\/\/legacy.colt.net\/resources\/masergy-chooses-colt-for-customer-service\/\"><\/a>\n\t\t\t\t<img decoding=\"async\" src=\"https:\/\/legacy.colt.net\/wp-content\/uploads\/2022\/01\/Colt_Berlinale_Pircture-for-Case-Study--720x450.jpg\" alt=\"Gro\u00dfansicht Berlinale-Server im Colt Rechenzentrum\" title=\"Colt Rechenzentrum Berlinale 5\" itemprop=\"image\"\/>\n\t\t<h3>Blick hinter die Kulissen: So geht digitale Filmverteilung <\/h3>\t\t\t\n\t\t\t\t<p>Mehr erfahren<\/p>\n\n","protected":false},"excerpt":{"rendered":"<p>Film ab mit Quantenverschl\u00fcsselung Innovationen feiern auf der Berlinale Premiere Flexible Bandbreite, gro\u00dfes Kino Die Berlinale wird dieses Jahr wieder eine andere sein. Doch auch f\u00fcr das verk\u00fcrzte Festivalformat bietet unser Netzwerk die gewohnte Flexibilit\u00e4t und Bandbreite f\u00fcr eine reibungslose Filmverteilung in die Spielst\u00e4tten. Denn auf unsere Services und unser Team kann sich die Berlinale&#8230;<\/p>\n","protected":false},"author":2,"featured_media":0,"parent":0,"menu_order":0,"comment_status":"closed","ping_status":"closed","template":"","meta":{"_acf_changed":false,"footnotes":""},"colt_type":[],"colt_products":[],"class_list":["post-108856","page","type-page","status-publish","hentry"],"acf":[],"yoast_head":"<!-- This site is optimized with the Yoast SEO plugin v26.8 - https:\/\/yoast.com\/product\/yoast-seo-wordpress\/ -->\n<title>Berlinale 2022 - Colt Technology Services<\/title>\n<meta name=\"description\" content=\"Berlinale 2022 Colt Technology Services\" \/>\n<meta name=\"robots\" content=\"noindex, follow, max-snippet:-1, max-image-preview:large, max-video-preview:-1\" \/>\n<meta property=\"og:locale\" content=\"de_DE\" \/>\n<meta property=\"og:type\" content=\"article\" \/>\n<meta property=\"og:title\" content=\"Berlinale 2022 - Colt Technology Services\" \/>\n<meta property=\"og:description\" content=\"Berlinale 2022 Colt Technology Services\" \/>\n<meta property=\"og:url\" content=\"https:\/\/legacy.colt.net\/de\/berlinale-2022\/\" \/>\n<meta property=\"og:site_name\" content=\"Colt Technology Services\" \/>\n<meta property=\"article:publisher\" content=\"https:\/\/www.facebook.com\/ColtTechnologyServices\/\" \/>\n<meta property=\"article:modified_time\" content=\"2023-01-26T09:35:01+00:00\" \/>\n<meta property=\"og:image\" content=\"https:\/\/legacy.colt.net\/wp-content\/uploads\/2021\/01\/Brand-2021-Stock-37.jpg\" \/>\n\t<meta property=\"og:image:width\" content=\"1000\" \/>\n\t<meta property=\"og:image:height\" content=\"644\" \/>\n\t<meta property=\"og:image:type\" content=\"image\/jpeg\" \/>\n<meta name=\"twitter:card\" content=\"summary_large_image\" \/>\n<meta name=\"twitter:site\" content=\"@colt_technology\" \/>\n<meta name=\"twitter:label1\" content=\"Est. reading time\" \/>\n\t<meta name=\"twitter:data1\" content=\"1 minute\" \/>\n<script type=\"application\/ld+json\" class=\"yoast-schema-graph\">{\"@context\":\"https:\/\/schema.org\",\"@graph\":[{\"@type\":\"WebPage\",\"@id\":\"https:\/\/legacy.colt.net\/de\/berlinale-2022\/\",\"url\":\"https:\/\/legacy.colt.net\/de\/berlinale-2022\/\",\"name\":\"Berlinale 2022 - Colt Technology Services\",\"isPartOf\":{\"@id\":\"https:\/\/legacy.colt.net\/#website\"},\"primaryImageOfPage\":{\"@id\":\"https:\/\/legacy.colt.net\/de\/berlinale-2022\/#primaryimage\"},\"image\":{\"@id\":\"https:\/\/legacy.colt.net\/de\/berlinale-2022\/#primaryimage\"},\"thumbnailUrl\":\"https:\/\/legacy.colt.net\/wp-content\/uploads\/2022\/02\/Berlinale-Logo-2022-Transparent.png\",\"datePublished\":\"2022-01-24T13:07:35+00:00\",\"dateModified\":\"2023-01-26T09:35:01+00:00\",\"description\":\"Berlinale 2022 Colt Technology Services\",\"breadcrumb\":{\"@id\":\"https:\/\/legacy.colt.net\/de\/berlinale-2022\/#breadcrumb\"},\"inLanguage\":\"de-DE\",\"potentialAction\":[{\"@type\":\"ReadAction\",\"target\":[\"https:\/\/legacy.colt.net\/de\/berlinale-2022\/\"]}]},{\"@type\":\"ImageObject\",\"inLanguage\":\"de-DE\",\"@id\":\"https:\/\/legacy.colt.net\/de\/berlinale-2022\/#primaryimage\",\"url\":\"https:\/\/legacy.colt.net\/wp-content\/uploads\/2022\/02\/Berlinale-Logo-2022-Transparent.png\",\"contentUrl\":\"https:\/\/legacy.colt.net\/wp-content\/uploads\/2022\/02\/Berlinale-Logo-2022-Transparent.png\"},{\"@type\":\"BreadcrumbList\",\"@id\":\"https:\/\/legacy.colt.net\/de\/berlinale-2022\/#breadcrumb\",\"itemListElement\":[{\"@type\":\"ListItem\",\"position\":1,\"name\":\"Home\",\"item\":\"https:\/\/legacy.colt.net\/de\/\"},{\"@type\":\"ListItem\",\"position\":2,\"name\":\"Berlinale 2022\"}]},{\"@type\":\"WebSite\",\"@id\":\"https:\/\/legacy.colt.net\/#website\",\"url\":\"https:\/\/legacy.colt.net\/\",\"name\":\"Colt\u30c6\u30af\u30ce\u30ed\u30b8\u30fc\u30b5\u30fc\u30d3\u30b9\u682a\u5f0f\u4f1a\u793e\",\"description\":\"Managed Network &amp; Voice Services Provider\",\"publisher\":{\"@id\":\"https:\/\/legacy.colt.net\/#organization\"},\"potentialAction\":[{\"@type\":\"SearchAction\",\"target\":{\"@type\":\"EntryPoint\",\"urlTemplate\":\"https:\/\/legacy.colt.net\/?s={search_term_string}\"},\"query-input\":{\"@type\":\"PropertyValueSpecification\",\"valueRequired\":true,\"valueName\":\"search_term_string\"}}],\"inLanguage\":\"de-DE\"},{\"@type\":\"Organization\",\"@id\":\"https:\/\/legacy.colt.net\/#organization\",\"name\":\"Colt Technology Services\",\"url\":\"https:\/\/legacy.colt.net\/\",\"logo\":{\"@type\":\"ImageObject\",\"inLanguage\":\"de-DE\",\"@id\":\"https:\/\/legacy.colt.net\/#\/schema\/logo\/image\/\",\"url\":\"https:\/\/legacy.colt.net\/wp-content\/uploads\/2019\/02\/Colt-Logo.png\",\"contentUrl\":\"https:\/\/legacy.colt.net\/wp-content\/uploads\/2019\/02\/Colt-Logo.png\",\"width\":195,\"height\":77,\"caption\":\"Colt Technology Services\"},\"image\":{\"@id\":\"https:\/\/legacy.colt.net\/#\/schema\/logo\/image\/\"},\"sameAs\":[\"https:\/\/www.facebook.com\/ColtTechnologyServices\/\",\"https:\/\/x.com\/colt_technology\",\"https:\/\/www.instagram.com\/colttechnologyservices\/\",\"https:\/\/www.linkedin.com\/company\/colt-technology-services\",\"https:\/\/www.youtube.com\/user\/ColtTechnology\"]}]}<\/script>\n<!-- \/ Yoast SEO plugin. -->","yoast_head_json":{"title":"Berlinale 2022 - Colt Technology Services","description":"Berlinale 2022 Colt Technology Services","robots":{"index":"noindex","follow":"follow","max-snippet":"max-snippet:-1","max-image-preview":"max-image-preview:large","max-video-preview":"max-video-preview:-1"},"og_locale":"de_DE","og_type":"article","og_title":"Berlinale 2022 - Colt Technology Services","og_description":"Berlinale 2022 Colt Technology Services","og_url":"https:\/\/legacy.colt.net\/de\/berlinale-2022\/","og_site_name":"Colt Technology Services","article_publisher":"https:\/\/www.facebook.com\/ColtTechnologyServices\/","article_modified_time":"2023-01-26T09:35:01+00:00","og_image":[{"width":1000,"height":644,"url":"https:\/\/legacy.colt.net\/wp-content\/uploads\/2021\/01\/Brand-2021-Stock-37.jpg","type":"image\/jpeg"}],"twitter_card":"summary_large_image","twitter_site":"@colt_technology","twitter_misc":{"Est. reading time":"1 minute"},"schema":{"@context":"https:\/\/schema.org","@graph":[{"@type":"WebPage","@id":"https:\/\/legacy.colt.net\/de\/berlinale-2022\/","url":"https:\/\/legacy.colt.net\/de\/berlinale-2022\/","name":"Berlinale 2022 - Colt Technology Services","isPartOf":{"@id":"https:\/\/legacy.colt.net\/#website"},"primaryImageOfPage":{"@id":"https:\/\/legacy.colt.net\/de\/berlinale-2022\/#primaryimage"},"image":{"@id":"https:\/\/legacy.colt.net\/de\/berlinale-2022\/#primaryimage"},"thumbnailUrl":"https:\/\/legacy.colt.net\/wp-content\/uploads\/2022\/02\/Berlinale-Logo-2022-Transparent.png","datePublished":"2022-01-24T13:07:35+00:00","dateModified":"2023-01-26T09:35:01+00:00","description":"Berlinale 2022 Colt Technology Services","breadcrumb":{"@id":"https:\/\/legacy.colt.net\/de\/berlinale-2022\/#breadcrumb"},"inLanguage":"de-DE","potentialAction":[{"@type":"ReadAction","target":["https:\/\/legacy.colt.net\/de\/berlinale-2022\/"]}]},{"@type":"ImageObject","inLanguage":"de-DE","@id":"https:\/\/legacy.colt.net\/de\/berlinale-2022\/#primaryimage","url":"https:\/\/legacy.colt.net\/wp-content\/uploads\/2022\/02\/Berlinale-Logo-2022-Transparent.png","contentUrl":"https:\/\/legacy.colt.net\/wp-content\/uploads\/2022\/02\/Berlinale-Logo-2022-Transparent.png"},{"@type":"BreadcrumbList","@id":"https:\/\/legacy.colt.net\/de\/berlinale-2022\/#breadcrumb","itemListElement":[{"@type":"ListItem","position":1,"name":"Home","item":"https:\/\/legacy.colt.net\/de\/"},{"@type":"ListItem","position":2,"name":"Berlinale 2022"}]},{"@type":"WebSite","@id":"https:\/\/legacy.colt.net\/#website","url":"https:\/\/legacy.colt.net\/","name":"Colt\u30c6\u30af\u30ce\u30ed\u30b8\u30fc\u30b5\u30fc\u30d3\u30b9\u682a\u5f0f\u4f1a\u793e","description":"Managed Network &amp; Voice Services Provider","publisher":{"@id":"https:\/\/legacy.colt.net\/#organization"},"potentialAction":[{"@type":"SearchAction","target":{"@type":"EntryPoint","urlTemplate":"https:\/\/legacy.colt.net\/?s={search_term_string}"},"query-input":{"@type":"PropertyValueSpecification","valueRequired":true,"valueName":"search_term_string"}}],"inLanguage":"de-DE"},{"@type":"Organization","@id":"https:\/\/legacy.colt.net\/#organization","name":"Colt Technology Services","url":"https:\/\/legacy.colt.net\/","logo":{"@type":"ImageObject","inLanguage":"de-DE","@id":"https:\/\/legacy.colt.net\/#\/schema\/logo\/image\/","url":"https:\/\/legacy.colt.net\/wp-content\/uploads\/2019\/02\/Colt-Logo.png","contentUrl":"https:\/\/legacy.colt.net\/wp-content\/uploads\/2019\/02\/Colt-Logo.png","width":195,"height":77,"caption":"Colt Technology Services"},"image":{"@id":"https:\/\/legacy.colt.net\/#\/schema\/logo\/image\/"},"sameAs":["https:\/\/www.facebook.com\/ColtTechnologyServices\/","https:\/\/x.com\/colt_technology","https:\/\/www.instagram.com\/colttechnologyservices\/","https:\/\/www.linkedin.com\/company\/colt-technology-services","https:\/\/www.youtube.com\/user\/ColtTechnology"]}]}},"_links":{"self":[{"href":"https:\/\/legacy.colt.net\/de\/wp-json\/wp\/v2\/pages\/108856","targetHints":{"allow":["GET"]}}],"collection":[{"href":"https:\/\/legacy.colt.net\/de\/wp-json\/wp\/v2\/pages"}],"about":[{"href":"https:\/\/legacy.colt.net\/de\/wp-json\/wp\/v2\/types\/page"}],"author":[{"embeddable":true,"href":"https:\/\/legacy.colt.net\/de\/wp-json\/wp\/v2\/users\/2"}],"replies":[{"embeddable":true,"href":"https:\/\/legacy.colt.net\/de\/wp-json\/wp\/v2\/comments?post=108856"}],"version-history":[{"count":0,"href":"https:\/\/legacy.colt.net\/de\/wp-json\/wp\/v2\/pages\/108856\/revisions"}],"wp:attachment":[{"href":"https:\/\/legacy.colt.net\/de\/wp-json\/wp\/v2\/media?parent=108856"}],"wp:term":[{"taxonomy":"colt_type","embeddable":true,"href":"https:\/\/legacy.colt.net\/de\/wp-json\/wp\/v2\/colt_type?post=108856"},{"taxonomy":"colt_products","embeddable":true,"href":"https:\/\/legacy.colt.net\/de\/wp-json\/wp\/v2\/colt_products?post=108856"}],"curies":[{"name":"wp","href":"https:\/\/api.w.org\/{rel}","templated":true}]}}