{"id":108541,"date":"2022-01-18T11:25:14","date_gmt":"2022-01-18T11:25:14","guid":{"rendered":"https:\/\/www.colt.net\/?page_id=108541"},"modified":"2022-04-07T12:50:35","modified_gmt":"2022-04-07T11:50:35","slug":"communications-services","status":"publish","type":"page","link":"https:\/\/legacy.colt.net\/de\/communications-services\/","title":{"rendered":"Communications Services"},"content":{"rendered":"\n<h1>\n\t\tKommunikation\n\t<\/h1>\n<h2>\n\t\tProdukte &#038; Netzwerkservice\n\t<\/h2>\n\t<nav class=\"breadcrumb\"><span><span><a href=\"https:\/\/legacy.colt.net\/de\/\">Home<\/a><\/span><\/span><\/nav>\n<h2>\n\t\tAnrufdienste\n\t<\/h2>\n\t<p>Colt verf\u00fcgt \u00fcber ein breites Portfolio an Gesch\u00e4ftstelefonleitungen und -systemen mit einer breiten internationalen Abdeckung, die jetzt auf 29 L\u00e4nder in Europa, Asien, Australien und Nordamerika ausgedehnt wird.<\/p>\n\t<a href=\"https:\/\/legacy.colt.net\/de\/product\/toll-free-non-geographic-numbers\/\" target=\"_self\" rel=\"noopener\"><\/a> \n\t\t\t\t<img decoding=\"async\" src=\"https:\/\/legacy.colt.net\/wp-content\/uploads\/2021\/01\/Business-Phone-Numbers-1.png\" alt=\"Business Phone Numbers\" title=\"Business Phone Numbers\" itemprop=\"image\"\/>\n\t\t<h3>Cloud Telefonie Services<\/h3>\t\t\t\n\t\t\t\t<p>Sie bestimmen das beste Tarifmodell f\u00fcr Ihre Kunden:\u00a0 Colt Freephone, Colt IN Geo, Colt Shared Cost + Colt Premium Rate<\/p>\n\t<a href=\"https:\/\/legacy.colt.net\/de\/product\/sip-trunking\/\" target=\"_self\" rel=\"noopener\"><\/a> \n\t\t\t\t<img decoding=\"async\" src=\"https:\/\/legacy.colt.net\/wp-content\/uploads\/2021\/01\/Voice.png\" alt=\"Voice\" title=\"Voice\" itemprop=\"image\"\/>\n\t\t<h3>SIP Trunking<\/h3>\t\t\t\n\t\t\t\t<p>Mit unseren SIP-L\u00f6sungen konsolidieren Sie Ihre gesamte Telekommunikation in einem einzigen IP-Netz. Dabei k\u00f6nnen Sie bis zu 50 % der monatlichen Kosten einsparen, ohne bei den gewohnten Telefonie-Dienstmerkmalen oder der Gespr\u00e4chsqualit\u00e4t Kompromisse einzugehen.<\/p>\n\t<a href=\"https:\/\/legacy.colt.net\/de\/product\/isdn-telefonieservices\/\" target=\"_self\" rel=\"noopener\"><\/a> \n\t\t\t\t<img decoding=\"async\" src=\"https:\/\/legacy.colt.net\/wp-content\/uploads\/2021\/01\/ISDN-Voice.png\" alt=\"ISDN Voice\" title=\"ISDN Voice\" itemprop=\"image\"\/>\n\t\t<h3>ISDN Services<\/h3>\t\t\t\n\t\t\t\t<p>Mit fast 30 Jahren Erfahrung und einer un\u00fcbertroffenen Netzreichweite in Europa ist Colt f\u00fcr Tausende Unternehmen der ISDN-Anbieter der Wahl. Wir helfen Ihnen, Ihre Telefonie-Services zu konsolidieren und dabei Kosten zu sparen.<\/p>\n<h2>\n\t\tContact Center\n\t<\/h2>\n\t<p>Der Kundenservice ist f\u00fcr Unternehmen von entscheidender Bedeutung. Geographisch weit verteilte Standorte und veraltete Telefonanlagen f\u00fchren oft zu Verz\u00f6gerungen, und Kunden, die lange in der Warteschleife ausharren m\u00fcssen, sind unzufriedene Kunden.<\/p>\n\t<a href=\"https:\/\/legacy.colt.net\/de\/product\/contact-center-as-a-service\/\" target=\"_self\" rel=\"noopener\"><\/a> \n\t\t\t\t<img decoding=\"async\" src=\"https:\/\/legacy.colt.net\/wp-content\/uploads\/2021\/03\/CCaaS-icon.png\" alt=\"CCaaS-icon\" title=\"CCaaS-icon\" itemprop=\"image\"\/>\n\t\t<h3>Contact-Centre-as-a-Service (CCaaS)<\/h3>\t\t\t\n\t\t\t\t<p>Einfach zu implementierende cloudbasierte Mehrkanal-L\u00f6sung &#8211; f\u00fcr den Aufbau sinnvoller Kundenbeziehungen, auch mit externen Mitarbeitern<\/p>\n<h2>\n\t\tEinheitliche Kommunikation\n\t<\/h2>\n\t<p>Unified Communications auf Basis von Microsoft 365.<\/p>\n\t<a href=\"https:\/\/legacy.colt.net\/de\/product\/colt-intelligent-communications\/\" target=\"_self\" rel=\"noopener\"><\/a> \n\t\t\t\t<img decoding=\"async\" src=\"https:\/\/legacy.colt.net\/wp-content\/uploads\/2021\/01\/Intelligent-Communications.png\" alt=\"Intelligent Communications\" title=\"Intelligent Communications\" itemprop=\"image\"\/>\n\t\t<h3>Intelligent Communications<\/h3>\t\t\t\n\t\t\t\t<p>Colt bietet flexible und skalierbare Unified Communications-L\u00f6sungen als Service, die vollst\u00e4ndig durchg\u00e4ngig verwaltet werden.<\/p>\n\t<a href=\"https:\/\/legacy.colt.net\/de\/product\/cloud-sbc\/\" target=\"_self\" rel=\"noopener\"><\/a> \n\t\t\t\t<img decoding=\"async\" src=\"https:\/\/legacy.colt.net\/wp-content\/uploads\/2021\/01\/Cloud-SBC.png\" alt=\"Cloud SBC\" title=\"Cloud SBC\" itemprop=\"image\"\/>\n\t\t<h3>Cloud SBC<\/h3>\t\t\t\n\t\t\t\t<p>Cloud SBC von Colt macht Ger\u00e4te vor Ort zur Bereitstellung von Direct Routing \u00fcberfl\u00fcssig und erm\u00f6glicht eine sofort einsatzbereite Cloud-L\u00f6sung in einer vollst\u00e4ndigen Cloud-Umgebung<\/p>\n<h2>\n\t\tWhite Label VoIP Services\u00a0&#038; Voice Reseller-L\u00f6sungen\n\t<\/h2>\n\t<p>Ein Portfolio umfassender VoIP-Angebote f\u00fcr den Gro\u00dfhandel, die auf die Bed\u00fcrfnisse von Carriern, Wiederverk\u00e4ufern und Dienstleistern zugeschnitten sind.<\/p>\n\t<a href=\"https:\/\/legacy.colt.net\/de\/product\/white-label-losungen\/\" target=\"_self\" rel=\"noopener\"><\/a> \n\t\t\t\t<img decoding=\"async\" src=\"https:\/\/legacy.colt.net\/wp-content\/uploads\/2021\/01\/White-label-solutions.png\" alt=\"White label solutions\" title=\"White label solutions\" itemprop=\"image\"\/>\n\t\t<h3>White Label L\u00f6sungen<\/h3>\t\t\t\n\t\t\t\t<p>Werden Sie Reseller-Partner von Colt f\u00fcr VoIP und Telefonie mit unseren White-Label-Services f\u00fcr Unternehmen.<\/p>\n\t<a href=\"https:\/\/legacy.colt.net\/de\/product\/number-hosting\/\" target=\"_self\" rel=\"noopener\"><\/a> \n\t\t\t\t<img decoding=\"async\" src=\"https:\/\/legacy.colt.net\/wp-content\/uploads\/2021\/01\/Number-hosting-1.png\" alt=\"Number hosting\" title=\"Number hosting\" itemprop=\"image\"\/>\n\t\t<h3>Number Hosting<\/h3>\t\t\t\n\t\t\t\t<p>Mit Colt Rufnummern-Hosting k\u00f6nnen Sie Ihre eigenen VoIP-Dienste mit minimalem Aufwand und geringem Risiko bei voller Einhaltung der regulatorischen Anforderungen unter Ihrer eigenen Marke anbieten.<\/p>\n\t<a href=\"https:\/\/legacy.colt.net\/de\/product\/in-over-carrier-voip\/\" target=\"_self\" rel=\"noopener\"><\/a> \n\t\t\t\t<img decoding=\"async\" src=\"https:\/\/legacy.colt.net\/wp-content\/uploads\/2021\/01\/IN-over-VoIP-1.png\" alt=\"IN over VoIP\" title=\"IN over VoIP\" itemprop=\"image\"\/>\n\t\t<h3>IN over carrier VoIP<\/h3>\t\t\t\n\t\t\t\t<p>Colt IN over Carrier-VoIP ist die L\u00f6sung f\u00fcr alle Provider, die Einwahlrufnummern f\u00fcr ihre Call-Center und Conferencing-Services in Europa brauchen.<\/p>\n\n","protected":false},"excerpt":{"rendered":"<p>Kommunikation Produkte &#038; Netzwerkservice Anrufdienste Colt verf\u00fcgt \u00fcber ein breites Portfolio an Gesch\u00e4ftstelefonleitungen und -systemen mit einer breiten internationalen Abdeckung, die jetzt auf 29 L\u00e4nder in Europa, Asien, Australien und Nordamerika ausgedehnt wird. Cloud Telefonie Services Sie bestimmen das beste Tarifmodell f\u00fcr Ihre Kunden:\u00a0 Colt Freephone, Colt IN Geo, Colt Shared Cost + Colt Premium&#8230;<\/p>\n","protected":false},"author":2,"featured_media":0,"parent":0,"menu_order":0,"comment_status":"closed","ping_status":"closed","template":"","meta":{"_acf_changed":false,"footnotes":""},"colt_type":[],"colt_products":[],"class_list":["post-108541","page","type-page","status-publish","hentry"],"acf":[],"yoast_head":"<!-- This site is optimized with the Yoast SEO plugin v26.8 - https:\/\/yoast.com\/product\/yoast-seo-wordpress\/ -->\n<title>Communications Services - Colt Technology Services<\/title>\n<meta name=\"description\" content=\"Communications Services Colt Technology Services\" \/>\n<meta name=\"robots\" content=\"noindex, follow, max-snippet:-1, max-image-preview:large, max-video-preview:-1\" \/>\n<meta property=\"og:locale\" content=\"de_DE\" \/>\n<meta property=\"og:type\" content=\"article\" \/>\n<meta property=\"og:title\" content=\"Communications Services - Colt Technology Services\" \/>\n<meta property=\"og:description\" content=\"Communications Services Colt Technology Services\" \/>\n<meta property=\"og:url\" content=\"https:\/\/legacy.colt.net\/de\/communications-services\/\" \/>\n<meta property=\"og:site_name\" content=\"Colt Technology Services\" \/>\n<meta property=\"article:publisher\" content=\"https:\/\/www.facebook.com\/ColtTechnologyServices\/\" \/>\n<meta property=\"article:modified_time\" content=\"2022-04-07T11:50:35+00:00\" \/>\n<meta property=\"og:image\" content=\"https:\/\/legacy.colt.net\/wp-content\/uploads\/2021\/01\/Brand-2021-Stock-7-1.jpg\" \/>\n\t<meta property=\"og:image:width\" content=\"1000\" \/>\n\t<meta property=\"og:image:height\" content=\"667\" \/>\n\t<meta property=\"og:image:type\" content=\"image\/jpeg\" \/>\n<meta name=\"twitter:card\" content=\"summary_large_image\" \/>\n<meta name=\"twitter:site\" content=\"@colt_technology\" \/>\n<meta name=\"twitter:label1\" content=\"Est. reading time\" \/>\n\t<meta name=\"twitter:data1\" content=\"2 minutes\" \/>\n<script type=\"application\/ld+json\" class=\"yoast-schema-graph\">{\"@context\":\"https:\/\/schema.org\",\"@graph\":[{\"@type\":\"WebPage\",\"@id\":\"https:\/\/legacy.colt.net\/de\/communications-services\/\",\"url\":\"https:\/\/legacy.colt.net\/de\/communications-services\/\",\"name\":\"Communications Services - Colt Technology Services\",\"isPartOf\":{\"@id\":\"https:\/\/legacy.colt.net\/#website\"},\"primaryImageOfPage\":{\"@id\":\"https:\/\/legacy.colt.net\/de\/communications-services\/#primaryimage\"},\"image\":{\"@id\":\"https:\/\/legacy.colt.net\/de\/communications-services\/#primaryimage\"},\"thumbnailUrl\":\"https:\/\/legacy.colt.net\/wp-content\/uploads\/2021\/01\/Business-Phone-Numbers-1.png\",\"datePublished\":\"2022-01-18T11:25:14+00:00\",\"dateModified\":\"2022-04-07T11:50:35+00:00\",\"description\":\"Communications Services Colt Technology Services\",\"breadcrumb\":{\"@id\":\"https:\/\/legacy.colt.net\/de\/communications-services\/#breadcrumb\"},\"inLanguage\":\"de-DE\",\"potentialAction\":[{\"@type\":\"ReadAction\",\"target\":[\"https:\/\/legacy.colt.net\/de\/communications-services\/\"]}]},{\"@type\":\"ImageObject\",\"inLanguage\":\"de-DE\",\"@id\":\"https:\/\/legacy.colt.net\/de\/communications-services\/#primaryimage\",\"url\":\"https:\/\/legacy.colt.net\/wp-content\/uploads\/2021\/01\/Business-Phone-Numbers-1.png\",\"contentUrl\":\"https:\/\/legacy.colt.net\/wp-content\/uploads\/2021\/01\/Business-Phone-Numbers-1.png\"},{\"@type\":\"BreadcrumbList\",\"@id\":\"https:\/\/legacy.colt.net\/de\/communications-services\/#breadcrumb\",\"itemListElement\":[{\"@type\":\"ListItem\",\"position\":1,\"name\":\"Home\",\"item\":\"https:\/\/legacy.colt.net\/de\/\"},{\"@type\":\"ListItem\",\"position\":2,\"name\":\"Communications Services\"}]},{\"@type\":\"WebSite\",\"@id\":\"https:\/\/legacy.colt.net\/#website\",\"url\":\"https:\/\/legacy.colt.net\/\",\"name\":\"Colt\u30c6\u30af\u30ce\u30ed\u30b8\u30fc\u30b5\u30fc\u30d3\u30b9\u682a\u5f0f\u4f1a\u793e\",\"description\":\"Managed Network &amp; Voice Services Provider\",\"publisher\":{\"@id\":\"https:\/\/legacy.colt.net\/#organization\"},\"potentialAction\":[{\"@type\":\"SearchAction\",\"target\":{\"@type\":\"EntryPoint\",\"urlTemplate\":\"https:\/\/legacy.colt.net\/?s={search_term_string}\"},\"query-input\":{\"@type\":\"PropertyValueSpecification\",\"valueRequired\":true,\"valueName\":\"search_term_string\"}}],\"inLanguage\":\"de-DE\"},{\"@type\":\"Organization\",\"@id\":\"https:\/\/legacy.colt.net\/#organization\",\"name\":\"Colt Technology Services\",\"url\":\"https:\/\/legacy.colt.net\/\",\"logo\":{\"@type\":\"ImageObject\",\"inLanguage\":\"de-DE\",\"@id\":\"https:\/\/legacy.colt.net\/#\/schema\/logo\/image\/\",\"url\":\"https:\/\/legacy.colt.net\/wp-content\/uploads\/2019\/02\/Colt-Logo.png\",\"contentUrl\":\"https:\/\/legacy.colt.net\/wp-content\/uploads\/2019\/02\/Colt-Logo.png\",\"width\":195,\"height\":77,\"caption\":\"Colt Technology Services\"},\"image\":{\"@id\":\"https:\/\/legacy.colt.net\/#\/schema\/logo\/image\/\"},\"sameAs\":[\"https:\/\/www.facebook.com\/ColtTechnologyServices\/\",\"https:\/\/x.com\/colt_technology\",\"https:\/\/www.instagram.com\/colttechnologyservices\/\",\"https:\/\/www.linkedin.com\/company\/colt-technology-services\",\"https:\/\/www.youtube.com\/user\/ColtTechnology\"]}]}<\/script>\n<!-- \/ Yoast SEO plugin. -->","yoast_head_json":{"title":"Communications Services - Colt Technology Services","description":"Communications Services Colt Technology Services","robots":{"index":"noindex","follow":"follow","max-snippet":"max-snippet:-1","max-image-preview":"max-image-preview:large","max-video-preview":"max-video-preview:-1"},"og_locale":"de_DE","og_type":"article","og_title":"Communications Services - Colt Technology Services","og_description":"Communications Services Colt Technology Services","og_url":"https:\/\/legacy.colt.net\/de\/communications-services\/","og_site_name":"Colt Technology Services","article_publisher":"https:\/\/www.facebook.com\/ColtTechnologyServices\/","article_modified_time":"2022-04-07T11:50:35+00:00","og_image":[{"width":1000,"height":667,"url":"https:\/\/legacy.colt.net\/wp-content\/uploads\/2021\/01\/Brand-2021-Stock-7-1.jpg","type":"image\/jpeg"}],"twitter_card":"summary_large_image","twitter_site":"@colt_technology","twitter_misc":{"Est. reading time":"2 minutes"},"schema":{"@context":"https:\/\/schema.org","@graph":[{"@type":"WebPage","@id":"https:\/\/legacy.colt.net\/de\/communications-services\/","url":"https:\/\/legacy.colt.net\/de\/communications-services\/","name":"Communications Services - Colt Technology Services","isPartOf":{"@id":"https:\/\/legacy.colt.net\/#website"},"primaryImageOfPage":{"@id":"https:\/\/legacy.colt.net\/de\/communications-services\/#primaryimage"},"image":{"@id":"https:\/\/legacy.colt.net\/de\/communications-services\/#primaryimage"},"thumbnailUrl":"https:\/\/legacy.colt.net\/wp-content\/uploads\/2021\/01\/Business-Phone-Numbers-1.png","datePublished":"2022-01-18T11:25:14+00:00","dateModified":"2022-04-07T11:50:35+00:00","description":"Communications Services Colt Technology Services","breadcrumb":{"@id":"https:\/\/legacy.colt.net\/de\/communications-services\/#breadcrumb"},"inLanguage":"de-DE","potentialAction":[{"@type":"ReadAction","target":["https:\/\/legacy.colt.net\/de\/communications-services\/"]}]},{"@type":"ImageObject","inLanguage":"de-DE","@id":"https:\/\/legacy.colt.net\/de\/communications-services\/#primaryimage","url":"https:\/\/legacy.colt.net\/wp-content\/uploads\/2021\/01\/Business-Phone-Numbers-1.png","contentUrl":"https:\/\/legacy.colt.net\/wp-content\/uploads\/2021\/01\/Business-Phone-Numbers-1.png"},{"@type":"BreadcrumbList","@id":"https:\/\/legacy.colt.net\/de\/communications-services\/#breadcrumb","itemListElement":[{"@type":"ListItem","position":1,"name":"Home","item":"https:\/\/legacy.colt.net\/de\/"},{"@type":"ListItem","position":2,"name":"Communications Services"}]},{"@type":"WebSite","@id":"https:\/\/legacy.colt.net\/#website","url":"https:\/\/legacy.colt.net\/","name":"Colt\u30c6\u30af\u30ce\u30ed\u30b8\u30fc\u30b5\u30fc\u30d3\u30b9\u682a\u5f0f\u4f1a\u793e","description":"Managed Network &amp; Voice Services Provider","publisher":{"@id":"https:\/\/legacy.colt.net\/#organization"},"potentialAction":[{"@type":"SearchAction","target":{"@type":"EntryPoint","urlTemplate":"https:\/\/legacy.colt.net\/?s={search_term_string}"},"query-input":{"@type":"PropertyValueSpecification","valueRequired":true,"valueName":"search_term_string"}}],"inLanguage":"de-DE"},{"@type":"Organization","@id":"https:\/\/legacy.colt.net\/#organization","name":"Colt Technology Services","url":"https:\/\/legacy.colt.net\/","logo":{"@type":"ImageObject","inLanguage":"de-DE","@id":"https:\/\/legacy.colt.net\/#\/schema\/logo\/image\/","url":"https:\/\/legacy.colt.net\/wp-content\/uploads\/2019\/02\/Colt-Logo.png","contentUrl":"https:\/\/legacy.colt.net\/wp-content\/uploads\/2019\/02\/Colt-Logo.png","width":195,"height":77,"caption":"Colt Technology Services"},"image":{"@id":"https:\/\/legacy.colt.net\/#\/schema\/logo\/image\/"},"sameAs":["https:\/\/www.facebook.com\/ColtTechnologyServices\/","https:\/\/x.com\/colt_technology","https:\/\/www.instagram.com\/colttechnologyservices\/","https:\/\/www.linkedin.com\/company\/colt-technology-services","https:\/\/www.youtube.com\/user\/ColtTechnology"]}]}},"_links":{"self":[{"href":"https:\/\/legacy.colt.net\/de\/wp-json\/wp\/v2\/pages\/108541","targetHints":{"allow":["GET"]}}],"collection":[{"href":"https:\/\/legacy.colt.net\/de\/wp-json\/wp\/v2\/pages"}],"about":[{"href":"https:\/\/legacy.colt.net\/de\/wp-json\/wp\/v2\/types\/page"}],"author":[{"embeddable":true,"href":"https:\/\/legacy.colt.net\/de\/wp-json\/wp\/v2\/users\/2"}],"replies":[{"embeddable":true,"href":"https:\/\/legacy.colt.net\/de\/wp-json\/wp\/v2\/comments?post=108541"}],"version-history":[{"count":0,"href":"https:\/\/legacy.colt.net\/de\/wp-json\/wp\/v2\/pages\/108541\/revisions"}],"wp:attachment":[{"href":"https:\/\/legacy.colt.net\/de\/wp-json\/wp\/v2\/media?parent=108541"}],"wp:term":[{"taxonomy":"colt_type","embeddable":true,"href":"https:\/\/legacy.colt.net\/de\/wp-json\/wp\/v2\/colt_type?post=108541"},{"taxonomy":"colt_products","embeddable":true,"href":"https:\/\/legacy.colt.net\/de\/wp-json\/wp\/v2\/colt_products?post=108541"}],"curies":[{"name":"wp","href":"https:\/\/api.w.org\/{rel}","templated":true}]}}