{"id":108504,"date":"2022-01-17T19:01:55","date_gmt":"2022-01-17T19:01:55","guid":{"rendered":"https:\/\/www.colt.net\/?page_id=108504"},"modified":"2022-04-07T12:47:11","modified_gmt":"2022-04-07T11:47:11","slug":"networking-services","status":"publish","type":"page","link":"https:\/\/legacy.colt.net\/de\/networking-services\/","title":{"rendered":"Networking Services"},"content":{"rendered":"\n\n<h2>\n\t\tProdukte &#038; Netzwerkservice\n\t<\/h2>\n\t<nav class=\"breadcrumb\"><span><span><a href=\"https:\/\/legacy.colt.net\/de\/\">Home<\/a><\/span><\/span><\/nav>\n<h2>\n\t\tBusiness Internet, SD WAN &#038; IP VPN\n\t<\/h2>\n\t<p>Die gesch\u00e4ftlichen Internet- und VPN-Dienste von Colt bieten Ihnen Hochgeschwindigkeits-Internet- und Netzwerkkonnektivit\u00e4t, sodass Sie keine Kompromisse eingehen m\u00fcssen.<\/p>\n\t<a href=\"https:\/\/legacy.colt.net\/de\/product\/ip-access\/\" target=\"_self\" rel=\"noopener\"><\/a> \n\t\t\t\t<img decoding=\"async\" src=\"https:\/\/legacy.colt.net\/wp-content\/uploads\/2021\/01\/IP-Access.png\" alt=\"IP Access\" title=\"IP Access\" itemprop=\"image\"\/>\n\t\t<h3>IP Access<\/h3>\t\t\t\n\t\t\t\t<p>High-Speed-Internet f\u00fcr High-Performance-Unternehmen. Leistungsf\u00e4hige Unternehmen ben\u00f6tigen ein leistungsf\u00e4higes Internet &#8211; egal, wo in der Welt sie aktiv sind.<\/p>\n\t<a href=\"https:\/\/legacy.colt.net\/de\/product\/sd-wan\/\" target=\"_self\" rel=\"noopener\"><\/a> \n\t\t\t\t<img decoding=\"async\" src=\"https:\/\/legacy.colt.net\/wp-content\/uploads\/2021\/01\/SD-WAN.png\" alt=\"SD WAN\" title=\"SD WAN\" itemprop=\"image\"\/>\n\t\t<h3>SD WAN<\/h3>\t\t\t\n\t\t\t\t<p>Mit SD WAN (Software Defined WAN) wird das anders! Nun ist es n\u00e4mlich m\u00f6glich, den explodierenden Bandbreitenbedarf durch dedizierte Datenleitungen in Verbindung mit kosteng\u00fcnstigeren Breitbandverbindungen im WAN zu bew\u00e4ltigen.<\/p>\n\t<a href=\"https:\/\/legacy.colt.net\/de\/product\/sd-wan-white-label\/\" target=\"_self\" rel=\"noopener\"><\/a> \n\t\t\t\t<img decoding=\"async\" src=\"https:\/\/legacy.colt.net\/wp-content\/uploads\/2021\/06\/SD-WAN-WL.png\" alt=\"SD-WAN-WL\" title=\"SD-WAN-WL\" itemprop=\"image\"\/>\n\t\t<h3>SD WAN White Label<\/h3>\t\t\t\n\t\t\t\t<p>Mit White Label SD WAN von Colt k\u00f6nnen Ihre Kunden den SD WAN-Service \u00fcber Ihr individuelles Portal mit eigenem Branding und Design nutzen.<\/p>\n\t<a href=\"https:\/\/legacy.colt.net\/de\/product\/ip-vpn\/\" target=\"_self\" rel=\"noopener\"><\/a> \n\t\t\t\t<img decoding=\"async\" src=\"https:\/\/legacy.colt.net\/wp-content\/uploads\/2021\/01\/IP-Guardian.png\" alt=\"IP Guardian\" title=\"IP Guardian\" itemprop=\"image\"\/>\n\t\t<h3>IP VPN<\/h3>\t\t\t\n\t\t\t\t<p>Wenn Sie Business-VPN von Colt nutzen, m\u00fcssen Sie sich auf keine Kompromisse einlassen.\u00a0<\/p>\n<h2>\n\t\tEthernet Services\n\t<\/h2>\n\t<p>Reagieren Sie schneller auf neue Chancen: Mit einem mehrfach ausgezeichneten, globalen Ethernet Anschluss von Colt k\u00f6nnen Sie Ihr Unternehmen nahtlos vernetzen.<\/p>\n\t<a href=\"https:\/\/legacy.colt.net\/de\/product\/ethernet-line\" target=\"_self\" rel=\"noopener\"><\/a> \n\t\t\t\t<img decoding=\"async\" src=\"https:\/\/legacy.colt.net\/wp-content\/uploads\/2021\/01\/Ethernet.png\" alt=\"Ethernet\" title=\"Ethernet\" itemprop=\"image\"\/>\n\t\t<h3>Ethernet line<\/h3>\t\t\t\n\t\t\t\t<p>Kosteng\u00fcnstige, sichere und einfach zu managende Ethernetverbindung zwischen zwei Standorten.<\/p>\n\t<a href=\"https:\/\/legacy.colt.net\/de\/product\/ethernet-hub-spoke\" target=\"_self\" rel=\"noopener\"><\/a> \n\t\t\t\t<img decoding=\"async\" src=\"https:\/\/legacy.colt.net\/wp-content\/uploads\/2021\/01\/IP-Access.png\" alt=\"IP Access\" title=\"IP Access\" itemprop=\"image\"\/>\n\t\t<h3>Ethernet Hub + Spoke<\/h3>\t\t\t\n\t\t\t\t<p>Mit Ethernet H&amp;S l\u00e4sst sich eine gr\u00f6\u00dfere Anzahl von Standorten kosteng\u00fcnstig und mit \u00fcberschaubarem Verwaltungsaufwand an die Firmenzentrale, ein Rechenzentrum oder einen Carrier-PoP (Punkt-zu-Mehrpunkt-Service) anbinden.<\/p>\n\t<a href=\"https:\/\/legacy.colt.net\/de\/product\/ethernet-vpn\" target=\"_self\" rel=\"noopener\"><\/a> \n\t\t\t\t<img decoding=\"async\" src=\"https:\/\/legacy.colt.net\/wp-content\/uploads\/2021\/01\/VPN.png\" alt=\"VPN\" title=\"VPN\" itemprop=\"image\"\/>\n\t\t<h3>Ethernet VPN<\/h3>\t\t\t\n\t\t\t\t<p>Ethernet VPN (Virtual Private Network) von Colt eignet sich ideal f\u00fcr die Verbindung von Standorten, die auf einen regelm\u00e4\u00dfigen und transparenten Datenaustausch untereinander angewiesen sind.<\/p>\n\t<a href=\"https:\/\/legacy.colt.net\/de\/product\/private-ethernet\" target=\"_self\" rel=\"noopener\"><\/a> \n\t\t\t\t<img decoding=\"async\" src=\"https:\/\/legacy.colt.net\/wp-content\/uploads\/2021\/01\/IP-Guardian.png\" alt=\"IP Guardian\" title=\"IP Guardian\" itemprop=\"image\"\/>\n\t\t<h3>Private Ethernet<\/h3>\t\t\t\n\t\t\t\t<p>Private Ethernet nutzt Glasfaserleitungen und Hardware, die dem Kunden exklusiv zugeteilt sind. Das gew\u00e4hrleistet h\u00f6chste Sicherheit.<\/p>\n<h2>\n\t\tUnsere L\u00f6sungen als Glasfaser-Anbieter\n\t<\/h2>\n\t<p>Ein Colt Glasfaseranschluss erm\u00f6glicht H\u00f6chstleistungen f\u00fcr Bandbreiten, Backbone-Verbindungen und die Vernetzung von Rechenzentren.<\/p>\n\t<a href=\"https:\/\/legacy.colt.net\/de\/product\/wave\" target=\"_self\" rel=\"noopener\"><\/a> \n\t\t\t\t<img decoding=\"async\" src=\"https:\/\/legacy.colt.net\/wp-content\/uploads\/2021\/01\/Wave.png\" alt=\"Wave\" title=\"Wave\" itemprop=\"image\"\/>\n\t\t<h3>Wave<\/h3>\t\t\t\n\t\t\t\t<p>Colt Wave Services bieten eine transparente, vollst\u00e4ndig gemanagte Daten\u00fcbertragung in hoher Qualit\u00e4t mit bis zu 100 Gbit\/s.<\/p>\n\t<a href=\"https:\/\/legacy.colt.net\/de\/product\/private-wave\/\" target=\"_self\" rel=\"noopener\"><\/a> \n\t\t\t\t<img decoding=\"async\" src=\"https:\/\/legacy.colt.net\/wp-content\/uploads\/2021\/01\/Private-Wave.png\" alt=\"Private Wave\" title=\"Private Wave\" itemprop=\"image\"\/>\n\t\t<h3>Private Wave<\/h3>\t\t\t\n\t\t\t\t<p>Colt Private Wave bietet sichere, flexible und leistungsf\u00e4hige <strong>private<\/strong> Glasfaseranschl\u00fcsse in Verbindung mit kundeneigenen WDM-Anlagen und einer Glasfaserinfrastruktur.<\/p>\n\t<a href=\"https:\/\/legacy.colt.net\/de\/product\/spectrum\/\" target=\"_self\" rel=\"noopener\"><\/a> \n\t\t\t\t<img decoding=\"async\" src=\"https:\/\/legacy.colt.net\/wp-content\/uploads\/2021\/01\/Spectrum.png\" alt=\"Spectrum\" title=\"Spectrum\" itemprop=\"image\"\/>\n\t\t<h3>Spectrum<\/h3>\t\t\t\n\t\t\t\t<p>Colt Spectrum bietet eine extrem hohe Bandbreitenkonnektivit\u00e4t und erm\u00f6glicht es Ihnen, Ihre eigenen Investitionen in DWDM-Ger\u00e4ten zu nutzen, w\u00e4hrend Sie gleichzeitig von der umfassenden optischen Reichweite und Konnektivit\u00e4t von Colt profitieren.<\/p>\n\t<a href=\"https:\/\/legacy.colt.net\/de\/product\/dark-fibre\/\" target=\"_self\" rel=\"noopener\"><\/a> \n\t\t\t\t<img decoding=\"async\" src=\"https:\/\/legacy.colt.net\/wp-content\/uploads\/2021\/01\/Dark-Fibre.png\" alt=\"Dark Fibre\" title=\"Dark Fibre\" itemprop=\"image\"\/>\n\t\t<h3>Dark Fibre<\/h3>\t\t\t\n\t\t\t\t<p>Das Dark-Fibre-Netz von Colt bietet europaweit die h\u00f6chste Reichweite und Zuverl\u00e4ssigkeit. Unsere\u00a0Netzwerkinfrastruktur verbindet 51 Metropolitan Areas mithilfe von 38 000 km unseres eigenen Netzwerks.\u00a0<\/p>\n\n","protected":false},"excerpt":{"rendered":"<p>Produkte &#038; Netzwerkservice Business Internet, SD WAN &#038; IP VPN Die gesch\u00e4ftlichen Internet- und VPN-Dienste von Colt bieten Ihnen Hochgeschwindigkeits-Internet- und Netzwerkkonnektivit\u00e4t, sodass Sie keine Kompromisse eingehen m\u00fcssen. IP Access High-Speed-Internet f\u00fcr High-Performance-Unternehmen. Leistungsf\u00e4hige Unternehmen ben\u00f6tigen ein leistungsf\u00e4higes Internet &#8211; egal, wo in der Welt sie aktiv sind. SD WAN Mit SD WAN (Software Defined&#8230;<\/p>\n","protected":false},"author":2,"featured_media":0,"parent":0,"menu_order":0,"comment_status":"closed","ping_status":"closed","template":"","meta":{"_acf_changed":false,"footnotes":""},"colt_type":[],"colt_products":[],"class_list":["post-108504","page","type-page","status-publish","hentry"],"acf":[],"yoast_head":"<!-- This site is optimized with the Yoast SEO plugin v26.8 - https:\/\/yoast.com\/product\/yoast-seo-wordpress\/ -->\n<title>Networking Services - Colt Technology Services<\/title>\n<meta name=\"description\" content=\"Networking Services Colt Technology Services\" \/>\n<meta name=\"robots\" content=\"noindex, follow, max-snippet:-1, max-image-preview:large, max-video-preview:-1\" \/>\n<meta property=\"og:locale\" content=\"de_DE\" \/>\n<meta property=\"og:type\" content=\"article\" \/>\n<meta property=\"og:title\" content=\"Networking Services - Colt Technology Services\" \/>\n<meta property=\"og:description\" content=\"Networking Services Colt Technology Services\" \/>\n<meta property=\"og:url\" content=\"https:\/\/legacy.colt.net\/de\/networking-services\/\" \/>\n<meta property=\"og:site_name\" content=\"Colt Technology Services\" \/>\n<meta property=\"article:publisher\" content=\"https:\/\/www.facebook.com\/ColtTechnologyServices\/\" \/>\n<meta property=\"article:modified_time\" content=\"2022-04-07T11:47:11+00:00\" \/>\n<meta property=\"og:image\" content=\"https:\/\/legacy.colt.net\/wp-content\/uploads\/2021\/01\/Brand-2021-Stock-6-1.jpg\" \/>\n\t<meta property=\"og:image:width\" content=\"1000\" \/>\n\t<meta property=\"og:image:height\" content=\"667\" \/>\n\t<meta property=\"og:image:type\" content=\"image\/jpeg\" \/>\n<meta name=\"twitter:card\" content=\"summary_large_image\" \/>\n<meta name=\"twitter:site\" content=\"@colt_technology\" \/>\n<meta name=\"twitter:label1\" content=\"Est. reading time\" \/>\n\t<meta name=\"twitter:data1\" content=\"2 minutes\" \/>\n<script type=\"application\/ld+json\" class=\"yoast-schema-graph\">{\"@context\":\"https:\/\/schema.org\",\"@graph\":[{\"@type\":\"WebPage\",\"@id\":\"https:\/\/legacy.colt.net\/de\/networking-services\/\",\"url\":\"https:\/\/legacy.colt.net\/de\/networking-services\/\",\"name\":\"Networking Services - Colt Technology Services\",\"isPartOf\":{\"@id\":\"https:\/\/legacy.colt.net\/#website\"},\"primaryImageOfPage\":{\"@id\":\"https:\/\/legacy.colt.net\/de\/networking-services\/#primaryimage\"},\"image\":{\"@id\":\"https:\/\/legacy.colt.net\/de\/networking-services\/#primaryimage\"},\"thumbnailUrl\":\"https:\/\/legacy.colt.net\/wp-content\/uploads\/2021\/01\/IP-Access.png\",\"datePublished\":\"2022-01-17T19:01:55+00:00\",\"dateModified\":\"2022-04-07T11:47:11+00:00\",\"description\":\"Networking Services Colt Technology Services\",\"breadcrumb\":{\"@id\":\"https:\/\/legacy.colt.net\/de\/networking-services\/#breadcrumb\"},\"inLanguage\":\"de-DE\",\"potentialAction\":[{\"@type\":\"ReadAction\",\"target\":[\"https:\/\/legacy.colt.net\/de\/networking-services\/\"]}]},{\"@type\":\"ImageObject\",\"inLanguage\":\"de-DE\",\"@id\":\"https:\/\/legacy.colt.net\/de\/networking-services\/#primaryimage\",\"url\":\"https:\/\/legacy.colt.net\/wp-content\/uploads\/2021\/01\/IP-Access.png\",\"contentUrl\":\"https:\/\/legacy.colt.net\/wp-content\/uploads\/2021\/01\/IP-Access.png\"},{\"@type\":\"BreadcrumbList\",\"@id\":\"https:\/\/legacy.colt.net\/de\/networking-services\/#breadcrumb\",\"itemListElement\":[{\"@type\":\"ListItem\",\"position\":1,\"name\":\"Home\",\"item\":\"https:\/\/legacy.colt.net\/de\/\"},{\"@type\":\"ListItem\",\"position\":2,\"name\":\"Networking Services\"}]},{\"@type\":\"WebSite\",\"@id\":\"https:\/\/legacy.colt.net\/#website\",\"url\":\"https:\/\/legacy.colt.net\/\",\"name\":\"Colt\u30c6\u30af\u30ce\u30ed\u30b8\u30fc\u30b5\u30fc\u30d3\u30b9\u682a\u5f0f\u4f1a\u793e\",\"description\":\"Managed Network &amp; Voice Services Provider\",\"publisher\":{\"@id\":\"https:\/\/legacy.colt.net\/#organization\"},\"potentialAction\":[{\"@type\":\"SearchAction\",\"target\":{\"@type\":\"EntryPoint\",\"urlTemplate\":\"https:\/\/legacy.colt.net\/?s={search_term_string}\"},\"query-input\":{\"@type\":\"PropertyValueSpecification\",\"valueRequired\":true,\"valueName\":\"search_term_string\"}}],\"inLanguage\":\"de-DE\"},{\"@type\":\"Organization\",\"@id\":\"https:\/\/legacy.colt.net\/#organization\",\"name\":\"Colt Technology Services\",\"url\":\"https:\/\/legacy.colt.net\/\",\"logo\":{\"@type\":\"ImageObject\",\"inLanguage\":\"de-DE\",\"@id\":\"https:\/\/legacy.colt.net\/#\/schema\/logo\/image\/\",\"url\":\"https:\/\/legacy.colt.net\/wp-content\/uploads\/2019\/02\/Colt-Logo.png\",\"contentUrl\":\"https:\/\/legacy.colt.net\/wp-content\/uploads\/2019\/02\/Colt-Logo.png\",\"width\":195,\"height\":77,\"caption\":\"Colt Technology Services\"},\"image\":{\"@id\":\"https:\/\/legacy.colt.net\/#\/schema\/logo\/image\/\"},\"sameAs\":[\"https:\/\/www.facebook.com\/ColtTechnologyServices\/\",\"https:\/\/x.com\/colt_technology\",\"https:\/\/www.instagram.com\/colttechnologyservices\/\",\"https:\/\/www.linkedin.com\/company\/colt-technology-services\",\"https:\/\/www.youtube.com\/user\/ColtTechnology\"]}]}<\/script>\n<!-- \/ Yoast SEO plugin. -->","yoast_head_json":{"title":"Networking Services - Colt Technology Services","description":"Networking Services Colt Technology Services","robots":{"index":"noindex","follow":"follow","max-snippet":"max-snippet:-1","max-image-preview":"max-image-preview:large","max-video-preview":"max-video-preview:-1"},"og_locale":"de_DE","og_type":"article","og_title":"Networking Services - Colt Technology Services","og_description":"Networking Services Colt Technology Services","og_url":"https:\/\/legacy.colt.net\/de\/networking-services\/","og_site_name":"Colt Technology Services","article_publisher":"https:\/\/www.facebook.com\/ColtTechnologyServices\/","article_modified_time":"2022-04-07T11:47:11+00:00","og_image":[{"width":1000,"height":667,"url":"https:\/\/legacy.colt.net\/wp-content\/uploads\/2021\/01\/Brand-2021-Stock-6-1.jpg","type":"image\/jpeg"}],"twitter_card":"summary_large_image","twitter_site":"@colt_technology","twitter_misc":{"Est. reading time":"2 minutes"},"schema":{"@context":"https:\/\/schema.org","@graph":[{"@type":"WebPage","@id":"https:\/\/legacy.colt.net\/de\/networking-services\/","url":"https:\/\/legacy.colt.net\/de\/networking-services\/","name":"Networking Services - Colt Technology Services","isPartOf":{"@id":"https:\/\/legacy.colt.net\/#website"},"primaryImageOfPage":{"@id":"https:\/\/legacy.colt.net\/de\/networking-services\/#primaryimage"},"image":{"@id":"https:\/\/legacy.colt.net\/de\/networking-services\/#primaryimage"},"thumbnailUrl":"https:\/\/legacy.colt.net\/wp-content\/uploads\/2021\/01\/IP-Access.png","datePublished":"2022-01-17T19:01:55+00:00","dateModified":"2022-04-07T11:47:11+00:00","description":"Networking Services Colt Technology Services","breadcrumb":{"@id":"https:\/\/legacy.colt.net\/de\/networking-services\/#breadcrumb"},"inLanguage":"de-DE","potentialAction":[{"@type":"ReadAction","target":["https:\/\/legacy.colt.net\/de\/networking-services\/"]}]},{"@type":"ImageObject","inLanguage":"de-DE","@id":"https:\/\/legacy.colt.net\/de\/networking-services\/#primaryimage","url":"https:\/\/legacy.colt.net\/wp-content\/uploads\/2021\/01\/IP-Access.png","contentUrl":"https:\/\/legacy.colt.net\/wp-content\/uploads\/2021\/01\/IP-Access.png"},{"@type":"BreadcrumbList","@id":"https:\/\/legacy.colt.net\/de\/networking-services\/#breadcrumb","itemListElement":[{"@type":"ListItem","position":1,"name":"Home","item":"https:\/\/legacy.colt.net\/de\/"},{"@type":"ListItem","position":2,"name":"Networking Services"}]},{"@type":"WebSite","@id":"https:\/\/legacy.colt.net\/#website","url":"https:\/\/legacy.colt.net\/","name":"Colt\u30c6\u30af\u30ce\u30ed\u30b8\u30fc\u30b5\u30fc\u30d3\u30b9\u682a\u5f0f\u4f1a\u793e","description":"Managed Network &amp; Voice Services Provider","publisher":{"@id":"https:\/\/legacy.colt.net\/#organization"},"potentialAction":[{"@type":"SearchAction","target":{"@type":"EntryPoint","urlTemplate":"https:\/\/legacy.colt.net\/?s={search_term_string}"},"query-input":{"@type":"PropertyValueSpecification","valueRequired":true,"valueName":"search_term_string"}}],"inLanguage":"de-DE"},{"@type":"Organization","@id":"https:\/\/legacy.colt.net\/#organization","name":"Colt Technology Services","url":"https:\/\/legacy.colt.net\/","logo":{"@type":"ImageObject","inLanguage":"de-DE","@id":"https:\/\/legacy.colt.net\/#\/schema\/logo\/image\/","url":"https:\/\/legacy.colt.net\/wp-content\/uploads\/2019\/02\/Colt-Logo.png","contentUrl":"https:\/\/legacy.colt.net\/wp-content\/uploads\/2019\/02\/Colt-Logo.png","width":195,"height":77,"caption":"Colt Technology Services"},"image":{"@id":"https:\/\/legacy.colt.net\/#\/schema\/logo\/image\/"},"sameAs":["https:\/\/www.facebook.com\/ColtTechnologyServices\/","https:\/\/x.com\/colt_technology","https:\/\/www.instagram.com\/colttechnologyservices\/","https:\/\/www.linkedin.com\/company\/colt-technology-services","https:\/\/www.youtube.com\/user\/ColtTechnology"]}]}},"_links":{"self":[{"href":"https:\/\/legacy.colt.net\/de\/wp-json\/wp\/v2\/pages\/108504","targetHints":{"allow":["GET"]}}],"collection":[{"href":"https:\/\/legacy.colt.net\/de\/wp-json\/wp\/v2\/pages"}],"about":[{"href":"https:\/\/legacy.colt.net\/de\/wp-json\/wp\/v2\/types\/page"}],"author":[{"embeddable":true,"href":"https:\/\/legacy.colt.net\/de\/wp-json\/wp\/v2\/users\/2"}],"replies":[{"embeddable":true,"href":"https:\/\/legacy.colt.net\/de\/wp-json\/wp\/v2\/comments?post=108504"}],"version-history":[{"count":0,"href":"https:\/\/legacy.colt.net\/de\/wp-json\/wp\/v2\/pages\/108504\/revisions"}],"wp:attachment":[{"href":"https:\/\/legacy.colt.net\/de\/wp-json\/wp\/v2\/media?parent=108504"}],"wp:term":[{"taxonomy":"colt_type","embeddable":true,"href":"https:\/\/legacy.colt.net\/de\/wp-json\/wp\/v2\/colt_type?post=108504"},{"taxonomy":"colt_products","embeddable":true,"href":"https:\/\/legacy.colt.net\/de\/wp-json\/wp\/v2\/colt_products?post=108504"}],"curies":[{"name":"wp","href":"https:\/\/api.w.org\/{rel}","templated":true}]}}