{"id":103727,"date":"2021-10-22T13:25:21","date_gmt":"2021-10-22T12:25:21","guid":{"rendered":"https:\/\/www.colt.net\/?page_id=103727"},"modified":"2024-08-15T14:56:58","modified_gmt":"2024-08-15T13:56:58","slug":"agent","status":"publish","type":"page","link":"https:\/\/legacy.colt.net\/de\/why-colt\/partners\/agent\/","title":{"rendered":"Werden Sie noch heute Colt Vertriebspartner:"},"content":{"rendered":"\n\n\t<nav class=\"breadcrumb\"><span><span><a href=\"https:\/\/legacy.colt.net\/de\/\">Home<\/a><\/span><\/span><\/nav>\n<h1>\n\t\tWerden Sie noch heute Colt Vertriebspartner\n\t<\/h1>\n<h3>\n\t\tWir bei Colt wissen um den Wert von Partnerschaften und suchen aktiv nach neuen Vertriebspartnern, die sich unserem wachsenden Programm f\u00fcr den europ\u00e4ischen Colt Indirect Channel anschlie\u00dfen m\u00f6chten. Lassen Sie uns gemeinsam daran arbeiten, durch neue Verbindungen die Art und Weise zu ver\u00e4ndern, wie die Welt funktioniert.\n\t<\/h3>\n\t\t\t\t<img loading=\"lazy\" decoding=\"async\" src=\"https:\/\/legacy.colt.net\/wp-content\/uploads\/2024\/02\/cic2.png\" alt=\"cic2\" itemprop=\"image\" height=\"628\" width=\"746\" title=\"cic2\" onerror=\"this.style.display='none'\"  \/>\n\t\t\t\t<img decoding=\"async\" src=\"https:\/\/legacy.colt.net\/wp-content\/plugins\/bb-plugin\/img\/pixel.png\" alt=\"\" itemprop=\"image\" onerror=\"this.style.display='none'\"  \/>\n<h2>\n\t\tWarum ein Colt Vertriebspartner in Deutschland, \u00d6sterreich oder in der Schweiz werden?\n\t<\/h2>\n\t<h3>Begeistern Sie Ihre Kunden<\/h3>\n\t<p>Mit unserer Vision, das kunden-orientierteste Unternehmen in unserer Branche zu sein, gehen wir f\u00fcr unsere Kunden weit \u00fcber das \u00fcbliche Ma\u00df hinaus. Wir helfen Ihnen, Ihre Versprechen einzuhalten.<\/p>\n\t<h3>Verdienen Sie attraktive Provisionen und st\u00e4rken Sie Ihre Mitarbeiter<\/h3>\n\t<p>Die Zusammenarbeit mit Colt bedeutet, dass Sie sich auf das Wachstum Ihres Unternehmens konzentrieren k\u00f6nnen, w\u00e4hrend wir uns um den Rest k\u00fcmmern. Mit unseren umfangreichen Tools und Ressourcen bieten wir Ihnen jederzeit erstklassigen Support durch unsere Teams f\u00fcr Technik, Kundenservice und Account Management.<\/p>\n\t<h3>Machen Sie Ihr Unter-nehmen zukunftssicher<\/h3>\n\t<p>Ein wichtiger Teil unserer Strategie ist die Frage, wie wir einen langfristigen positiven Einfluss auf unsere Mitarbeiter, Partner, Kunden und Communities aus\u00fcben k\u00f6nnen. Aus diesem Grund sind Diversity &amp; Inclusion, Innovation und Nachhaltigkeit f\u00fcr uns sehr wichtig.<\/p>\n<h2>\n\t\tWerden Sie noch heute Colt Vertriebspartner:\n\t<\/h2>\n\t<p>Colt ist stolz darauf, weltweit Auszeichnungen f\u00fcr seine Customer Experience erhalten zu haben und wurde im Gartner Magic Quadrant 2021 f\u00fcr Netzwerkdienste als Vision\u00e4r anerkannt. <a href=\"https:\/\/legacy.colt.net\/de\/why-colt\/awards\/\">Lesen Sie mehr \u00fcber unsere Auszeichnungen:<\/a><\/p>\n<p>Durch sinnvolle Innovationen und die Leistungen unserer Mitarbeiter stellen wir den Status quo in Frage, um Gesch\u00e4ftskunden zum Erfolg zu f\u00fchren. Wir wissen, dass uns das zu einem Vision\u00e4r macht.<\/p>\n<p>Au\u00dferdem wurde Colt f\u00fcr den Frost &amp; Sullivan European Customer Value Leadership Award 2021 ausgezeichnet. Wir versetzen uns in die Situation unserer Kunden und k\u00f6nnen fundierte, zum Teil datengesteuerte Entscheidungen zur langfristigen Unternehmensstrategie und zum operativen Tagesgesch\u00e4ft treffen, um unsere Kunden optimal zu unterst\u00fctzen.<\/p>\n\n","protected":false},"excerpt":{"rendered":"<p>Werden Sie noch heute Colt Vertriebspartner Wir bei Colt wissen um den Wert von Partnerschaften und suchen aktiv nach neuen Vertriebspartnern, die sich unserem wachsenden Programm f\u00fcr den europ\u00e4ischen Colt Indirect Channel anschlie\u00dfen m\u00f6chten. Lassen Sie uns gemeinsam daran arbeiten, durch neue Verbindungen die Art und Weise zu ver\u00e4ndern, wie die Welt funktioniert. Warum ein&#8230;<\/p>\n","protected":false},"author":2,"featured_media":0,"parent":100204,"menu_order":0,"comment_status":"closed","ping_status":"closed","template":"","meta":{"_acf_changed":false,"footnotes":""},"colt_type":[],"colt_products":[],"class_list":["post-103727","page","type-page","status-publish","hentry"],"acf":[],"yoast_head":"<!-- This site is optimized with the Yoast SEO plugin v26.8 - https:\/\/yoast.com\/product\/yoast-seo-wordpress\/ -->\n<title>Werden Sie noch heute Colt Vertriebspartner: - Colt Technology Services<\/title>\n<meta name=\"description\" content=\"Werden Sie noch heute Colt Vertriebspartner: Colt Technology Services\" \/>\n<meta name=\"robots\" content=\"noindex, follow, max-snippet:-1, max-image-preview:large, max-video-preview:-1\" \/>\n<meta property=\"og:locale\" content=\"de_DE\" \/>\n<meta property=\"og:type\" content=\"article\" \/>\n<meta property=\"og:title\" content=\"Werden Sie noch heute Colt Vertriebspartner: - Colt Technology Services\" \/>\n<meta property=\"og:description\" content=\"Werden Sie noch heute Colt Vertriebspartner: Colt Technology Services\" \/>\n<meta property=\"og:url\" content=\"https:\/\/legacy.colt.net\/de\/why-colt\/partners\/agent\/\" \/>\n<meta property=\"og:site_name\" content=\"Colt Technology Services\" \/>\n<meta property=\"article:publisher\" content=\"https:\/\/www.facebook.com\/ColtTechnologyServices\/\" \/>\n<meta property=\"article:modified_time\" content=\"2024-08-15T13:56:58+00:00\" \/>\n<meta property=\"og:image\" content=\"https:\/\/legacy.colt.net\/wp-content\/uploads\/2021\/01\/Brand-2021-Stock-35.jpg\" \/>\n\t<meta property=\"og:image:width\" content=\"1000\" \/>\n\t<meta property=\"og:image:height\" content=\"667\" \/>\n\t<meta property=\"og:image:type\" content=\"image\/jpeg\" \/>\n<meta name=\"twitter:card\" content=\"summary_large_image\" \/>\n<meta name=\"twitter:site\" content=\"@colt_technology\" \/>\n<meta name=\"twitter:label1\" content=\"Est. reading time\" \/>\n\t<meta name=\"twitter:data1\" content=\"2 minutes\" \/>\n<script type=\"application\/ld+json\" class=\"yoast-schema-graph\">{\"@context\":\"https:\/\/schema.org\",\"@graph\":[{\"@type\":\"WebPage\",\"@id\":\"https:\/\/legacy.colt.net\/de\/why-colt\/partners\/agent\/\",\"url\":\"https:\/\/legacy.colt.net\/de\/why-colt\/partners\/agent\/\",\"name\":\"Werden Sie noch heute Colt Vertriebspartner: - Colt Technology Services\",\"isPartOf\":{\"@id\":\"https:\/\/legacy.colt.net\/#website\"},\"primaryImageOfPage\":{\"@id\":\"https:\/\/legacy.colt.net\/de\/why-colt\/partners\/agent\/#primaryimage\"},\"image\":{\"@id\":\"https:\/\/legacy.colt.net\/de\/why-colt\/partners\/agent\/#primaryimage\"},\"thumbnailUrl\":\"https:\/\/legacy.colt.net\/wp-content\/uploads\/2024\/02\/cic2.png\",\"datePublished\":\"2021-10-22T12:25:21+00:00\",\"dateModified\":\"2024-08-15T13:56:58+00:00\",\"description\":\"Werden Sie noch heute Colt Vertriebspartner: Colt Technology Services\",\"breadcrumb\":{\"@id\":\"https:\/\/legacy.colt.net\/de\/why-colt\/partners\/agent\/#breadcrumb\"},\"inLanguage\":\"de-DE\",\"potentialAction\":[{\"@type\":\"ReadAction\",\"target\":[\"https:\/\/legacy.colt.net\/de\/why-colt\/partners\/agent\/\"]}]},{\"@type\":\"ImageObject\",\"inLanguage\":\"de-DE\",\"@id\":\"https:\/\/legacy.colt.net\/de\/why-colt\/partners\/agent\/#primaryimage\",\"url\":\"https:\/\/legacy.colt.net\/wp-content\/uploads\/2024\/02\/cic2.png\",\"contentUrl\":\"https:\/\/legacy.colt.net\/wp-content\/uploads\/2024\/02\/cic2.png\"},{\"@type\":\"BreadcrumbList\",\"@id\":\"https:\/\/legacy.colt.net\/de\/why-colt\/partners\/agent\/#breadcrumb\",\"itemListElement\":[{\"@type\":\"ListItem\",\"position\":1,\"name\":\"Home\",\"item\":\"https:\/\/legacy.colt.net\/de\/\"},{\"@type\":\"ListItem\",\"position\":2,\"name\":\"Why Colt?\",\"item\":\"https:\/\/legacy.colt.net\/de\/why-colt\/\"},{\"@type\":\"ListItem\",\"position\":3,\"name\":\"Unsere Partner\",\"item\":\"https:\/\/legacy.colt.net\/de\/why-colt\/partners\/\"},{\"@type\":\"ListItem\",\"position\":4,\"name\":\"Werden Sie noch heute Colt Vertriebspartner:\"}]},{\"@type\":\"WebSite\",\"@id\":\"https:\/\/legacy.colt.net\/#website\",\"url\":\"https:\/\/legacy.colt.net\/\",\"name\":\"Colt\u30c6\u30af\u30ce\u30ed\u30b8\u30fc\u30b5\u30fc\u30d3\u30b9\u682a\u5f0f\u4f1a\u793e\",\"description\":\"Managed Network &amp; Voice Services Provider\",\"publisher\":{\"@id\":\"https:\/\/legacy.colt.net\/#organization\"},\"potentialAction\":[{\"@type\":\"SearchAction\",\"target\":{\"@type\":\"EntryPoint\",\"urlTemplate\":\"https:\/\/legacy.colt.net\/?s={search_term_string}\"},\"query-input\":{\"@type\":\"PropertyValueSpecification\",\"valueRequired\":true,\"valueName\":\"search_term_string\"}}],\"inLanguage\":\"de-DE\"},{\"@type\":\"Organization\",\"@id\":\"https:\/\/legacy.colt.net\/#organization\",\"name\":\"Colt Technology Services\",\"url\":\"https:\/\/legacy.colt.net\/\",\"logo\":{\"@type\":\"ImageObject\",\"inLanguage\":\"de-DE\",\"@id\":\"https:\/\/legacy.colt.net\/#\/schema\/logo\/image\/\",\"url\":\"https:\/\/legacy.colt.net\/wp-content\/uploads\/2019\/02\/Colt-Logo.png\",\"contentUrl\":\"https:\/\/legacy.colt.net\/wp-content\/uploads\/2019\/02\/Colt-Logo.png\",\"width\":195,\"height\":77,\"caption\":\"Colt Technology Services\"},\"image\":{\"@id\":\"https:\/\/legacy.colt.net\/#\/schema\/logo\/image\/\"},\"sameAs\":[\"https:\/\/www.facebook.com\/ColtTechnologyServices\/\",\"https:\/\/x.com\/colt_technology\",\"https:\/\/www.instagram.com\/colttechnologyservices\/\",\"https:\/\/www.linkedin.com\/company\/colt-technology-services\",\"https:\/\/www.youtube.com\/user\/ColtTechnology\"]}]}<\/script>\n<!-- \/ Yoast SEO plugin. -->","yoast_head_json":{"title":"Werden Sie noch heute Colt Vertriebspartner: - Colt Technology Services","description":"Werden Sie noch heute Colt Vertriebspartner: Colt Technology Services","robots":{"index":"noindex","follow":"follow","max-snippet":"max-snippet:-1","max-image-preview":"max-image-preview:large","max-video-preview":"max-video-preview:-1"},"og_locale":"de_DE","og_type":"article","og_title":"Werden Sie noch heute Colt Vertriebspartner: - Colt Technology Services","og_description":"Werden Sie noch heute Colt Vertriebspartner: Colt Technology Services","og_url":"https:\/\/legacy.colt.net\/de\/why-colt\/partners\/agent\/","og_site_name":"Colt Technology Services","article_publisher":"https:\/\/www.facebook.com\/ColtTechnologyServices\/","article_modified_time":"2024-08-15T13:56:58+00:00","og_image":[{"width":1000,"height":667,"url":"https:\/\/legacy.colt.net\/wp-content\/uploads\/2021\/01\/Brand-2021-Stock-35.jpg","type":"image\/jpeg"}],"twitter_card":"summary_large_image","twitter_site":"@colt_technology","twitter_misc":{"Est. reading time":"2 minutes"},"schema":{"@context":"https:\/\/schema.org","@graph":[{"@type":"WebPage","@id":"https:\/\/legacy.colt.net\/de\/why-colt\/partners\/agent\/","url":"https:\/\/legacy.colt.net\/de\/why-colt\/partners\/agent\/","name":"Werden Sie noch heute Colt Vertriebspartner: - Colt Technology Services","isPartOf":{"@id":"https:\/\/legacy.colt.net\/#website"},"primaryImageOfPage":{"@id":"https:\/\/legacy.colt.net\/de\/why-colt\/partners\/agent\/#primaryimage"},"image":{"@id":"https:\/\/legacy.colt.net\/de\/why-colt\/partners\/agent\/#primaryimage"},"thumbnailUrl":"https:\/\/legacy.colt.net\/wp-content\/uploads\/2024\/02\/cic2.png","datePublished":"2021-10-22T12:25:21+00:00","dateModified":"2024-08-15T13:56:58+00:00","description":"Werden Sie noch heute Colt Vertriebspartner: Colt Technology Services","breadcrumb":{"@id":"https:\/\/legacy.colt.net\/de\/why-colt\/partners\/agent\/#breadcrumb"},"inLanguage":"de-DE","potentialAction":[{"@type":"ReadAction","target":["https:\/\/legacy.colt.net\/de\/why-colt\/partners\/agent\/"]}]},{"@type":"ImageObject","inLanguage":"de-DE","@id":"https:\/\/legacy.colt.net\/de\/why-colt\/partners\/agent\/#primaryimage","url":"https:\/\/legacy.colt.net\/wp-content\/uploads\/2024\/02\/cic2.png","contentUrl":"https:\/\/legacy.colt.net\/wp-content\/uploads\/2024\/02\/cic2.png"},{"@type":"BreadcrumbList","@id":"https:\/\/legacy.colt.net\/de\/why-colt\/partners\/agent\/#breadcrumb","itemListElement":[{"@type":"ListItem","position":1,"name":"Home","item":"https:\/\/legacy.colt.net\/de\/"},{"@type":"ListItem","position":2,"name":"Why Colt?","item":"https:\/\/legacy.colt.net\/de\/why-colt\/"},{"@type":"ListItem","position":3,"name":"Unsere Partner","item":"https:\/\/legacy.colt.net\/de\/why-colt\/partners\/"},{"@type":"ListItem","position":4,"name":"Werden Sie noch heute Colt Vertriebspartner:"}]},{"@type":"WebSite","@id":"https:\/\/legacy.colt.net\/#website","url":"https:\/\/legacy.colt.net\/","name":"Colt\u30c6\u30af\u30ce\u30ed\u30b8\u30fc\u30b5\u30fc\u30d3\u30b9\u682a\u5f0f\u4f1a\u793e","description":"Managed Network &amp; Voice Services Provider","publisher":{"@id":"https:\/\/legacy.colt.net\/#organization"},"potentialAction":[{"@type":"SearchAction","target":{"@type":"EntryPoint","urlTemplate":"https:\/\/legacy.colt.net\/?s={search_term_string}"},"query-input":{"@type":"PropertyValueSpecification","valueRequired":true,"valueName":"search_term_string"}}],"inLanguage":"de-DE"},{"@type":"Organization","@id":"https:\/\/legacy.colt.net\/#organization","name":"Colt Technology Services","url":"https:\/\/legacy.colt.net\/","logo":{"@type":"ImageObject","inLanguage":"de-DE","@id":"https:\/\/legacy.colt.net\/#\/schema\/logo\/image\/","url":"https:\/\/legacy.colt.net\/wp-content\/uploads\/2019\/02\/Colt-Logo.png","contentUrl":"https:\/\/legacy.colt.net\/wp-content\/uploads\/2019\/02\/Colt-Logo.png","width":195,"height":77,"caption":"Colt Technology Services"},"image":{"@id":"https:\/\/legacy.colt.net\/#\/schema\/logo\/image\/"},"sameAs":["https:\/\/www.facebook.com\/ColtTechnologyServices\/","https:\/\/x.com\/colt_technology","https:\/\/www.instagram.com\/colttechnologyservices\/","https:\/\/www.linkedin.com\/company\/colt-technology-services","https:\/\/www.youtube.com\/user\/ColtTechnology"]}]}},"_links":{"self":[{"href":"https:\/\/legacy.colt.net\/de\/wp-json\/wp\/v2\/pages\/103727","targetHints":{"allow":["GET"]}}],"collection":[{"href":"https:\/\/legacy.colt.net\/de\/wp-json\/wp\/v2\/pages"}],"about":[{"href":"https:\/\/legacy.colt.net\/de\/wp-json\/wp\/v2\/types\/page"}],"author":[{"embeddable":true,"href":"https:\/\/legacy.colt.net\/de\/wp-json\/wp\/v2\/users\/2"}],"replies":[{"embeddable":true,"href":"https:\/\/legacy.colt.net\/de\/wp-json\/wp\/v2\/comments?post=103727"}],"version-history":[{"count":0,"href":"https:\/\/legacy.colt.net\/de\/wp-json\/wp\/v2\/pages\/103727\/revisions"}],"up":[{"embeddable":true,"href":"https:\/\/legacy.colt.net\/de\/wp-json\/wp\/v2\/pages\/100204"}],"wp:attachment":[{"href":"https:\/\/legacy.colt.net\/de\/wp-json\/wp\/v2\/media?parent=103727"}],"wp:term":[{"taxonomy":"colt_type","embeddable":true,"href":"https:\/\/legacy.colt.net\/de\/wp-json\/wp\/v2\/colt_type?post=103727"},{"taxonomy":"colt_products","embeddable":true,"href":"https:\/\/legacy.colt.net\/de\/wp-json\/wp\/v2\/colt_products?post=103727"}],"curies":[{"name":"wp","href":"https:\/\/api.w.org\/{rel}","templated":true}]}}