{"id":101588,"date":"2021-09-03T10:38:34","date_gmt":"2021-09-03T09:38:34","guid":{"rendered":"https:\/\/www.colt.net\/?page_id=101588"},"modified":"2024-05-08T09:49:59","modified_gmt":"2024-05-08T08:49:59","slug":"colt-kundenreferenz-programm","status":"publish","type":"page","link":"https:\/\/legacy.colt.net\/de\/colt-kundenreferenz-programm\/","title":{"rendered":"Colt Kundenreferenz Programm"},"content":{"rendered":"\n\n\t<nav class=\"breadcrumb\"><span><span><a href=\"https:\/\/legacy.colt.net\/de\/\">Home<\/a><\/span><\/span><\/nav>\n<h1>\n\t\tErz\u00e4hlen Sie uns Ihre Erfolgsgeschichte\n\t<\/h1>\n\t<p><strong>Machen wir die Welt gemeinsam gr\u00fcner.<\/strong><\/p>\n<p><strong>Nehmen Sie an unserem Kundenreferenzprogramm teil und entfernen Sie CO2 aus der Atmosph\u00e4re!<\/strong><\/p>\n<p>Sprechen Sie \u00fcber Ihre Erfahrungen mit Colt und tun Sie etwas gegen den Klimawandel.<\/p>\n\t<blockquote>&#8220;Mit Colt arbeiten wir mit einem Unternehmen zusammen, das aus eigenem Antrieb ambitionierte ESG-Ziele verfolgt und entsprechende Ma\u00dfnahmen umsetzt. Das hilft uns in unseren Nachhaltigkeitsanstrengungen weiter.&#8221;<br \/>\n<br \/>\n<strong>Marcus Lapp, Director Global IT Infrastructure, Operations, Esprit Europe<\/strong><\/blockquote>\n\t\t\t\t<img loading=\"lazy\" decoding=\"async\" src=\"https:\/\/legacy.colt.net\/wp-content\/uploads\/2023\/09\/Bio-1.png\" alt=\"Bio-1\" itemprop=\"image\" height=\"700\" width=\"700\" title=\"Bio-1\" onerror=\"this.style.display='none'\"  \/>\n<h2>\n\t\tWas Sie davon haben\n\t<\/h2>\n\t<p>Mit dem Kundenreferenzprogramm von Colt beschleunigen Sie Ihren Nachhaltigkeitsprozess, demonstrieren technische Erfolge und tun etwas f\u00fcr Ihr Image.<\/p>\n<p><strong>Wir \u00fcbernehmen den arbeitsintensiven Teil. Wir schreiben Ihre Story auf und machen aus Ihren Meilensteinen Schritte in eine gr\u00fcnere Zukunft.<\/strong><\/p>\n<p>Wir haben ein einfaches Konzept: Sie liefern uns eine Kundenreferenz und wir schenken Ihnen eine Portion Biokohle zur Reduzierung Ihres CO2-Fu\u00dfabdrucks inklusive offizieller Zertifizierung.<\/p>\n\t\t\t\t<img loading=\"lazy\" decoding=\"async\" src=\"https:\/\/legacy.colt.net\/wp-content\/uploads\/2023\/09\/Supercritical_offset-diagram-removal-demoimage_draft.png\" alt=\"Supercritical_offset-diagram-removal-demoimage_draft\" itemprop=\"image\" height=\"491\" width=\"701\" title=\"Supercritical_offset-diagram-removal-demoimage_draft\" onerror=\"this.style.display='none'\"  \/>\n\t\t\t\t<img loading=\"lazy\" decoding=\"async\" src=\"https:\/\/legacy.colt.net\/wp-content\/uploads\/2023\/09\/Supercrtical_VettedProject_draft_references_page.png\" alt=\"Supercrtical_VettedProject_draft_references_page\" itemprop=\"image\" height=\"174\" width=\"500\" title=\"Supercrtical_VettedProject_draft_references_page\" onerror=\"this.style.display='none'\"  \/>\n<h2>\n\t\tENTDECKEN SIE DIE VORTEILE\n\t<\/h2>\n\t\t<nav>\n\t\t\t<ul>\n\t\t\t\t\t\t\t\t<li data-index=\"0\" tabindex=\"0\">\n\t\t\t\t\t<h4>\n\t\t\t\t\t\t<a href=\"javascript:void(0);\" tabindex=\"-1\">Tun Sie etwas f\u00fcr Ihr Image \n\t\t\t\t\t\t\t\t\t\t\t\t<\/a>\n\t\t\t\t\t<\/h4>\n\t\t\t\t<\/li>\n\t\t\t\t\t\t\t\t<li data-index=\"1\" tabindex=\"0\">\n\t\t\t\t\t<h4>\n\t\t\t\t\t\t<a href=\"javascript:void(0);\" tabindex=\"-1\">Reduzieren Sie Ihren CO2-Abdruck\n\t\t\t\t\t\t\t\t\t\t\t\t<\/a>\n\t\t\t\t\t<\/h4>\n\t\t\t\t<\/li>\n\t\t\t\t\t\t\t<\/ul>\n\t\t<\/nav>\n\t\t\t\t\t<h4>\n\t\t\t\t\t\t\t\t\t\t\t\tTun Sie etwas f\u00fcr Ihr Image \n\t\t\t\t\t\t\t\t\t\t\t<\/h4>\n\t\t\t\t\t<p><img loading=\"lazy\" decoding=\"async\" src=\"https:\/\/legacy.colt.net\/wp-content\/uploads\/2023\/01\/Partner-icon-1-400x400.png\" alt=\"\" width=\"150\" height=\"150\" \/><\/p>\n<p>Mit dem Kundenreferenzprogramm von Colt machen Sie bleibenden Eindruck. Wir ver\u00f6ffentlichen Ihre Geschichte in unseren sozialen Medien mit \u00fcber 240.000 Followern und auf colt.net, einer Website, die jedes Jahr \u00fcber 1 Million Mal aufgerufen wird.<\/p>\n<p>So k\u00f6nnen Sie Ihre Erfolge einem breiten Publikum pr\u00e4sentieren und Aufmerksamkeit f\u00fcr Ihre Marke generieren.<\/p>\n\t\t\t\t\t<h4>\n\t\t\t\t\t\t\t\t\t\t\t\tReduzieren Sie Ihren CO2-Abdruck\n\t\t\t\t\t\t\t\t\t\t\t<\/h4>\n\t\t\t\t\t<p><img loading=\"lazy\" decoding=\"async\" src=\"https:\/\/legacy.colt.net\/wp-content\/uploads\/2023\/01\/Impact-Our-World-icon-1-400x400.png\" alt=\"\" width=\"150\" height=\"150\" \/><br \/>Nehmen Sie an unserem Referenzprogramm teil und tun Sie etwas f\u00fcr unseren Planeten.<\/p>\n<p>Sie erz\u00e4hlen uns Ihre Unternehmensgeschichte und wir revanchieren uns mit einem speziellen Dankesch\u00f6n: Wir reduzieren Ihren CO2-Fu\u00dfabdruck durch eine Investition in Biokohle, eine nachhaltige Dekarbonisierungsl\u00f6sung. Sie erhalten au\u00dferdem ein Zertifikat \u00fcber die Menge des damit dauerhaft aus der Atmosph\u00e4re entfernten CO2.<\/p>\n<p>Mit nachhaltigen Dekarbonisierungsma\u00dfnahmen machen Sie Ihren Beitrag im Kampf gegen den Klimawandel besonders deutlich.<\/p>\n<p><strong>Kompensieren Sie Ihren CO2-Fu\u00dfabdruck<\/strong><\/p>\n<p>Mit dem Biokohle-Zertifikat gleichen Sie nachweislich einen Teil Ihrer CO2-Emissionen aus und machen Ihr Unternehmen ein gutes St\u00fcck nachhaltiger.<\/p>\n<p>Biokohle wird durch Erhitzen von organischem Material wie Holzsp\u00e4nen, Ernter\u00fcckst\u00e4nden oder anderem Pflanzenmaterial unter Luftabschluss hergestellt. Die Vorteile des Materials in Bezug auf Umweltschutz und landwirtschaftlichen Nutzen werden zunehmend gew\u00fcrdigt.<\/p>\n\t\t\t\t\t<!-- \/content -->\n\t<!-- \/tabs -->\n\t<p><strong>Jetzt teilnehmen &#8211; hier geht es zum <a href=\"https:\/\/legacy.colt.net\/de\/colt-kundenreferenz-programm\/#registrieren\">Formular<\/a><\/strong><\/p>\n\t<iframe loading=\"lazy\" width=\"560\" height=\"315\" src=\"https:\/\/www.youtube.com\/embed\/AXbY4EmIhQM\" title=\"YouTube video player\" frameborder=\"0\" allow=\"accelerometer; autoplay; clipboard-write; encrypted-media; gyroscope; picture-in-picture; web-share\" allowfullscreen><\/iframe>\n<h2>\n\t\tWussten Sie, dass\n\t<\/h2>\n\t<h4><strong>1 Tonne CO2 Emissionen entspricht:<\/strong><\/h4>\n<ul>\n<li><strong>51 Rindersteak-Mahlzeiten (jede Mahlzeit mit einem 150g Steak)<\/strong> (entspricht der Produktion von 7,75 kg Rindersteak)<\/li>\n<li><strong>Einfacher Flug von Paris nach New York (f\u00fcr 1 Passagier in der Economy-Klasse, Entfernung: ca. 5 800 km)<\/strong><\/li>\n<li><strong>CO2-Emissionen, die eine durchschnittliche Person in der Europ\u00e4ischen Union in weniger als 2 Monaten ausst\u00f6\u00dft.<\/strong><\/li>\n<\/ul>\n<h2>\n\t\tWas ist Biokohle?\n\t<\/h2>\n\t<p>Das Pflanzen von B\u00e4umen oder die Nutzung erneuerbarer Energien sind Schritte in die richtige Richtung, reichen aber nicht, um Ihre Nachhaltigkeitsziele zu erreichen.<\/p>\n<p>Effiziente Dekarbonisierungsl\u00f6sungen wie Biokohle, die der Atmosph\u00e4re CO2 entziehen und als Bodenverbesserer eingesetzt werden k\u00f6nnen, bieten hier eine zus\u00e4tzliche Option.<\/p>\n\t\t\t<a href=\"https:\/\/legacy.colt.net\/de\/colt-kundenreferenz-programm\/was-ist-biokohle\/\" target=\"_blank\" rel=\"noopener\">\n\t\t\t\t\t\t\tMehr Informationen \u00fcber Biokohle \n\t\t\t<\/a>\n<h2>\n\t\tErz\u00e4hlen Sie uns Ihre Erfolgsgeschichte \n\t<\/h2>\n\t<p>So einfach geht&#8217;s:<\/p>\n\t<ul>\n\t\t\t\t<li>\n                        <h4>Erste Schritte <\/h4>0%\n\t\t<\/li>\n\t\t\t\t\t\t\t<\/ul>\n\t<p>Informieren Sie Ihren Account Manager, dass Sie interessiert sind oder melden Sie sich hier und teilen Sie uns mit, wie Ihr Beitrag aussehen soll. Es gibt drei Optionen:<\/p>\n<ul>\n<li>Formulieren eines kurzen Zitats mit Ihrem Firmenlogo.<\/li>\n<li>Erstellen einer Fallstudie wie in diesem <a href=\"https:\/\/legacy.colt.net\/de\/resources\/kommunikation-nach-mass\/\" target=\"_blank\" rel=\"noopener\">Beispiel<\/a><\/li>\n<li>Produzieren einer Fallstudie mit Video wie <a href=\"https:\/\/legacy.colt.net\/de\/resources\/bertelsmann-3\/\" target=\"_blank\" rel=\"noopener\">hier<\/a><\/li>\n<\/ul>\n<p>Je mehr Sie zustimmen, desto mehr Punkte erhalten Sie.<\/p>\n\t<p>Teilen Sie uns Ihre Geschichte in einem kurzen Interview mit.<\/p>\n\t<p>Ab hier \u00fcbernehmen wir. Colt \u00fcbernimmt f\u00fcr Sie die gesamte Arbeit f\u00fcr die Gestaltung, das Branding und das Schreiben der Fallstudie.<\/p>\n\t<p>Gemeinsam pr\u00fcfen wir den Inhalt, bearbeiten ihn und Sie genehmigen ihn. <strong>Wir ver\u00f6ffentlichen nat\u00fcrlich erst, wenn alle Beteiligten zufrieden sind.<\/strong><\/p>\n\t<p>Ihre Geschichte wird auf colt.net ver\u00f6ffentlicht, in den sozialen Medien geteilt und wir k\u00fcmmern uns um Ihre Biokohle-Dekarbonisierungspunkte.<\/p>\n\t<p>Sind Sie bereit? Sagen Sie uns, welche Option Ihnen die liebste ist, und wir k\u00fcmmern uns um den Rest. Jetzt teilnehmen<\/p>\n\t<strong>Teilen Sie Ihre Geschichte<br \/>\n<\/strong><br \/>\n[hubspot type=&#8221;form&#8221; portal=&#8221;344164&#8243; id=&#8221;ec359ca2-b4e7-4531-8799-73b6cb6a4663&#8243;]\n<h2>\n\t\tFallstudien\n\t<\/h2>\n\t\t\t\t<a href=\"https:\/\/legacy.colt.net\/resources\/tailor-made-communication\/\" target=\"_blank\" rel=\"noopener\" itemprop=\"url\">\n\t\t\t\t<img loading=\"lazy\" decoding=\"async\" src=\"https:\/\/legacy.colt.net\/wp-content\/uploads\/2023\/03\/20220201-ESPRIT-LOGO-BW-01.png\" alt=\"20220201-ESPRIT-LOGO-B&amp;W-01\" itemprop=\"image\" height=\"5000\" width=\"5000\" title=\"20220201-ESPRIT-LOGO-B&amp;W-01\" onerror=\"this.style.display='none'\"  \/>\n\t\t\t\t<\/a>\n\t\t\t\t<a href=\"https:\/\/legacy.colt.net\/resources\/berlinale\/\" target=\"_blank\" rel=\"noopener\" itemprop=\"url\">\n\t\t\t\t<img loading=\"lazy\" decoding=\"async\" src=\"https:\/\/legacy.colt.net\/wp-content\/uploads\/2022\/01\/Berlinale_Logo_720x450.png\" alt=\"Berlinale_Logo_72_720x450\" itemprop=\"image\" height=\"190\" width=\"500\" title=\"Berlinale_Logo_72_720x450\" onerror=\"this.style.display='none'\"  \/>\n\t\t\t\t<\/a>\n\t\t\t\t<a href=\"https:\/\/legacy.colt.net\/resources\/farfetch\/\" target=\"_blank\" rel=\"noopener\" itemprop=\"url\">\n\t\t\t\t<img loading=\"lazy\" decoding=\"async\" src=\"https:\/\/legacy.colt.net\/wp-content\/uploads\/2020\/11\/720x440_Farfetch_logo_casestudy.png\" alt=\"720x440_Farfetch_logo_casestudy\" itemprop=\"image\" height=\"440\" width=\"720\" title=\"720x440_Farfetch_logo_casestudy\" onerror=\"this.style.display='none'\"  \/>\n\t\t\t\t<\/a>\n\t\t\t\t<a href=\"https:\/\/legacy.colt.net\/resources\/stuttgart-stock-exchange\/\" target=\"_blank\" rel=\"noopener\" itemprop=\"url\">\n\t\t\t\t<img loading=\"lazy\" decoding=\"async\" src=\"https:\/\/legacy.colt.net\/wp-content\/uploads\/2021\/08\/Boerse_Stuttgart_Logo_violett_RGB.png\" alt=\"Boerse Stuttgart\" itemprop=\"image\" height=\"477\" width=\"794\" title=\"Boerse_Stuttgart_Logo_violett_RGB\" onerror=\"this.style.display='none'\"  \/>\n\t\t\t\t<\/a>\n\t\t\t\t<a href=\"https:\/\/legacy.colt.net\/resources\/optimally-networked-it-services-for-innovative-real-estate-services\/\" target=\"_blank\" rel=\"noopener\" itemprop=\"url\">\n\t\t\t\t<img loading=\"lazy\" decoding=\"async\" src=\"https:\/\/legacy.colt.net\/wp-content\/uploads\/2022\/02\/BNPPRE-circular-logo-1.png\" alt=\"BNPPRE circular logo (1)\" itemprop=\"image\" height=\"1181\" width=\"1181\" title=\"BNPPRE circular logo (1)\" onerror=\"this.style.display='none'\"  \/>\n\t\t\t\t<\/a>\n\t\t\t\t<a href=\"https:\/\/legacy.colt.net\/resources\/bertelsmann-2\/\" target=\"_blank\" rel=\"noopener\" itemprop=\"url\">\n\t\t\t\t<img loading=\"lazy\" decoding=\"async\" src=\"https:\/\/legacy.colt.net\/wp-content\/uploads\/2020\/07\/bertelsmann-logo-720x405px-transp_article_landscape_lt_768_retina.png\" alt=\"bertelsmann-logo-720x405px-transp_article_landscape_lt_768_retina\" itemprop=\"image\" height=\"405\" width=\"720\" title=\"bertelsmann-logo-720x405px-transp_article_landscape_lt_768_retina\" onerror=\"this.style.display='none'\"  \/>\n\t\t\t\t<\/a>\n\t\t\t<a href=\"https:\/\/legacy.colt.net\/de\/resources\/type\/case-studies-de\/\" target=\"_blank\" rel=\"noopener\">\n\t\t\t\t\t\t\tMehr sehen \u00bb\n\t\t\t\t\t<\/a>\n\t\t\t\t<img loading=\"lazy\" decoding=\"async\" src=\"https:\/\/legacy.colt.net\/wp-content\/uploads\/2022\/01\/Berlinale_Logo_720x450.png\" alt=\"Berlinale_Logo_72_720x450\" itemprop=\"image\" height=\"190\" width=\"500\" title=\"Berlinale_Logo_72_720x450\" onerror=\"this.style.display='none'\"  \/>\n\t<p>\u201eDas digitale Kino hat in unserer Branche schon l\u00e4ngst ein neues Zeitalter eingel\u00e4utet. Ein ausfallsicheres Netzwerk zur \u00dcbertragung der Filmdaten in die Kinos ist daher f\u00fcr uns essenziell. Wir m\u00f6chten dem Publikum ein einwandfreies Filmerlebnis bieten. Mit Colt haben wir einen Partner, mit dem wir gemeinsam auf die stetig neuen Anforderungen mit technischen Innovationen reagieren k\u00f6nnen.&#8221;<\/p>\n<em><strong>Mariette Rissenbeek,<\/strong><\/em><br \/>\n<strong><em>Executive Director, Berlin International Film Festival\u00a0<\/em><\/strong>\n\t\t\t\t<img loading=\"lazy\" decoding=\"async\" src=\"https:\/\/legacy.colt.net\/wp-content\/uploads\/2023\/09\/ESPRIT-720x450_customerreferences_page.png\" alt=\"ESPRIT-720x450_customerreferences_page\" itemprop=\"image\" height=\"450\" width=\"720\" title=\"ESPRIT-720x450_customerreferences_page\" onerror=\"this.style.display='none'\"  \/>\n\t<p>\u201eColt hat unsere Anforderungen konsequent zu Ende gedacht und dank des weitreichenden L\u00f6sungsportfolios um Services erg\u00e4nzt, die uns mehr als nur eine technisch harmonisierte Telefonie-Infrastruktur bietet. Mit der voll in Microsoft-Teams integrierten Contact-Center-L\u00f6sung profitieren wir von einer zentralen Kommunikationsplattform \u00fcber einige unserer europ\u00e4ischen Standorte hinweg, die wir in Zukunft auf weitere Standorte erweitern m\u00f6chten.&#8221;<\/p>\n<strong><em>Marcus Lapp,<\/em><\/strong><br \/>\n<strong><em>Director of IT Infrastructure Operations, ESPRIT Europe GmbH<\/em><\/strong>\n\n","protected":false},"excerpt":{"rendered":"<p>Erz\u00e4hlen Sie uns Ihre Erfolgsgeschichte Machen wir die Welt gemeinsam gr\u00fcner. Nehmen Sie an unserem Kundenreferenzprogramm teil und entfernen Sie CO2 aus der Atmosph\u00e4re! Sprechen Sie \u00fcber Ihre Erfahrungen mit Colt und tun Sie etwas gegen den Klimawandel. &#8220;Mit Colt arbeiten wir mit einem Unternehmen zusammen, das aus eigenem Antrieb ambitionierte ESG-Ziele verfolgt und entsprechende&#8230;<\/p>\n","protected":false},"author":2,"featured_media":0,"parent":0,"menu_order":0,"comment_status":"closed","ping_status":"closed","template":"","meta":{"_acf_changed":false,"footnotes":""},"colt_type":[],"colt_products":[],"class_list":["post-101588","page","type-page","status-publish","hentry"],"acf":[],"yoast_head":"<!-- This site is optimized with the Yoast SEO plugin v26.8 - https:\/\/yoast.com\/product\/yoast-seo-wordpress\/ -->\n<title>Colt Kundenreferenz Programm - Colt Technology Services<\/title>\n<meta name=\"description\" content=\"Colt Kundenreferenz Programm Colt Technology Services\" \/>\n<meta name=\"robots\" content=\"noindex, nofollow\" \/>\n<meta property=\"og:locale\" content=\"de_DE\" \/>\n<meta property=\"og:type\" content=\"article\" \/>\n<meta property=\"og:title\" content=\"Colt Kundenreferenz Programm - Colt Technology Services\" \/>\n<meta property=\"og:description\" content=\"Colt Kundenreferenz Programm Colt Technology Services\" \/>\n<meta property=\"og:url\" content=\"https:\/\/legacy.colt.net\/de\/colt-kundenreferenz-programm\/\" \/>\n<meta property=\"og:site_name\" content=\"Colt Technology Services\" \/>\n<meta property=\"article:publisher\" content=\"https:\/\/www.facebook.com\/ColtTechnologyServices\/\" \/>\n<meta property=\"article:modified_time\" content=\"2024-05-08T08:49:59+00:00\" \/>\n<meta property=\"og:image\" content=\"https:\/\/legacy.colt.net\/wp-content\/uploads\/2021\/01\/Brand-2021-Stock-22.jpg\" \/>\n\t<meta property=\"og:image:width\" content=\"1000\" \/>\n\t<meta property=\"og:image:height\" content=\"667\" \/>\n\t<meta property=\"og:image:type\" content=\"image\/jpeg\" \/>\n<meta name=\"twitter:card\" content=\"summary_large_image\" \/>\n<meta name=\"twitter:site\" content=\"@colt_technology\" \/>\n<meta name=\"twitter:label1\" content=\"Est. reading time\" \/>\n\t<meta name=\"twitter:data1\" content=\"3 minutes\" \/>\n<script type=\"application\/ld+json\" class=\"yoast-schema-graph\">{\"@context\":\"https:\/\/schema.org\",\"@graph\":[{\"@type\":\"WebPage\",\"@id\":\"https:\/\/legacy.colt.net\/de\/colt-kundenreferenz-programm\/\",\"url\":\"https:\/\/legacy.colt.net\/de\/colt-kundenreferenz-programm\/\",\"name\":\"Colt Kundenreferenz Programm - Colt Technology Services\",\"isPartOf\":{\"@id\":\"https:\/\/legacy.colt.net\/#website\"},\"primaryImageOfPage\":{\"@id\":\"https:\/\/legacy.colt.net\/de\/colt-kundenreferenz-programm\/#primaryimage\"},\"image\":{\"@id\":\"https:\/\/legacy.colt.net\/de\/colt-kundenreferenz-programm\/#primaryimage\"},\"thumbnailUrl\":\"https:\/\/legacy.colt.net\/wp-content\/uploads\/2023\/09\/Bio-1.png\",\"datePublished\":\"2021-09-03T09:38:34+00:00\",\"dateModified\":\"2024-05-08T08:49:59+00:00\",\"description\":\"Colt Kundenreferenz Programm Colt Technology Services\",\"breadcrumb\":{\"@id\":\"https:\/\/legacy.colt.net\/de\/colt-kundenreferenz-programm\/#breadcrumb\"},\"inLanguage\":\"de-DE\",\"potentialAction\":[{\"@type\":\"ReadAction\",\"target\":[\"https:\/\/legacy.colt.net\/de\/colt-kundenreferenz-programm\/\"]}]},{\"@type\":\"ImageObject\",\"inLanguage\":\"de-DE\",\"@id\":\"https:\/\/legacy.colt.net\/de\/colt-kundenreferenz-programm\/#primaryimage\",\"url\":\"https:\/\/legacy.colt.net\/wp-content\/uploads\/2023\/09\/Bio-1.png\",\"contentUrl\":\"https:\/\/legacy.colt.net\/wp-content\/uploads\/2023\/09\/Bio-1.png\"},{\"@type\":\"BreadcrumbList\",\"@id\":\"https:\/\/legacy.colt.net\/de\/colt-kundenreferenz-programm\/#breadcrumb\",\"itemListElement\":[{\"@type\":\"ListItem\",\"position\":1,\"name\":\"Home\",\"item\":\"https:\/\/legacy.colt.net\/de\/\"},{\"@type\":\"ListItem\",\"position\":2,\"name\":\"Colt Kundenreferenz Programm\"}]},{\"@type\":\"WebSite\",\"@id\":\"https:\/\/legacy.colt.net\/#website\",\"url\":\"https:\/\/legacy.colt.net\/\",\"name\":\"Colt\u30c6\u30af\u30ce\u30ed\u30b8\u30fc\u30b5\u30fc\u30d3\u30b9\u682a\u5f0f\u4f1a\u793e\",\"description\":\"Managed Network &amp; Voice Services Provider\",\"publisher\":{\"@id\":\"https:\/\/legacy.colt.net\/#organization\"},\"potentialAction\":[{\"@type\":\"SearchAction\",\"target\":{\"@type\":\"EntryPoint\",\"urlTemplate\":\"https:\/\/legacy.colt.net\/?s={search_term_string}\"},\"query-input\":{\"@type\":\"PropertyValueSpecification\",\"valueRequired\":true,\"valueName\":\"search_term_string\"}}],\"inLanguage\":\"de-DE\"},{\"@type\":\"Organization\",\"@id\":\"https:\/\/legacy.colt.net\/#organization\",\"name\":\"Colt Technology Services\",\"url\":\"https:\/\/legacy.colt.net\/\",\"logo\":{\"@type\":\"ImageObject\",\"inLanguage\":\"de-DE\",\"@id\":\"https:\/\/legacy.colt.net\/#\/schema\/logo\/image\/\",\"url\":\"https:\/\/legacy.colt.net\/wp-content\/uploads\/2019\/02\/Colt-Logo.png\",\"contentUrl\":\"https:\/\/legacy.colt.net\/wp-content\/uploads\/2019\/02\/Colt-Logo.png\",\"width\":195,\"height\":77,\"caption\":\"Colt Technology Services\"},\"image\":{\"@id\":\"https:\/\/legacy.colt.net\/#\/schema\/logo\/image\/\"},\"sameAs\":[\"https:\/\/www.facebook.com\/ColtTechnologyServices\/\",\"https:\/\/x.com\/colt_technology\",\"https:\/\/www.instagram.com\/colttechnologyservices\/\",\"https:\/\/www.linkedin.com\/company\/colt-technology-services\",\"https:\/\/www.youtube.com\/user\/ColtTechnology\"]}]}<\/script>\n<!-- \/ Yoast SEO plugin. -->","yoast_head_json":{"title":"Colt Kundenreferenz Programm - Colt Technology Services","description":"Colt Kundenreferenz Programm Colt Technology Services","robots":{"index":"noindex","follow":"nofollow"},"og_locale":"de_DE","og_type":"article","og_title":"Colt Kundenreferenz Programm - Colt Technology Services","og_description":"Colt Kundenreferenz Programm Colt Technology Services","og_url":"https:\/\/legacy.colt.net\/de\/colt-kundenreferenz-programm\/","og_site_name":"Colt Technology Services","article_publisher":"https:\/\/www.facebook.com\/ColtTechnologyServices\/","article_modified_time":"2024-05-08T08:49:59+00:00","og_image":[{"width":1000,"height":667,"url":"https:\/\/legacy.colt.net\/wp-content\/uploads\/2021\/01\/Brand-2021-Stock-22.jpg","type":"image\/jpeg"}],"twitter_card":"summary_large_image","twitter_site":"@colt_technology","twitter_misc":{"Est. reading time":"3 minutes"},"schema":{"@context":"https:\/\/schema.org","@graph":[{"@type":"WebPage","@id":"https:\/\/legacy.colt.net\/de\/colt-kundenreferenz-programm\/","url":"https:\/\/legacy.colt.net\/de\/colt-kundenreferenz-programm\/","name":"Colt Kundenreferenz Programm - Colt Technology Services","isPartOf":{"@id":"https:\/\/legacy.colt.net\/#website"},"primaryImageOfPage":{"@id":"https:\/\/legacy.colt.net\/de\/colt-kundenreferenz-programm\/#primaryimage"},"image":{"@id":"https:\/\/legacy.colt.net\/de\/colt-kundenreferenz-programm\/#primaryimage"},"thumbnailUrl":"https:\/\/legacy.colt.net\/wp-content\/uploads\/2023\/09\/Bio-1.png","datePublished":"2021-09-03T09:38:34+00:00","dateModified":"2024-05-08T08:49:59+00:00","description":"Colt Kundenreferenz Programm Colt Technology Services","breadcrumb":{"@id":"https:\/\/legacy.colt.net\/de\/colt-kundenreferenz-programm\/#breadcrumb"},"inLanguage":"de-DE","potentialAction":[{"@type":"ReadAction","target":["https:\/\/legacy.colt.net\/de\/colt-kundenreferenz-programm\/"]}]},{"@type":"ImageObject","inLanguage":"de-DE","@id":"https:\/\/legacy.colt.net\/de\/colt-kundenreferenz-programm\/#primaryimage","url":"https:\/\/legacy.colt.net\/wp-content\/uploads\/2023\/09\/Bio-1.png","contentUrl":"https:\/\/legacy.colt.net\/wp-content\/uploads\/2023\/09\/Bio-1.png"},{"@type":"BreadcrumbList","@id":"https:\/\/legacy.colt.net\/de\/colt-kundenreferenz-programm\/#breadcrumb","itemListElement":[{"@type":"ListItem","position":1,"name":"Home","item":"https:\/\/legacy.colt.net\/de\/"},{"@type":"ListItem","position":2,"name":"Colt Kundenreferenz Programm"}]},{"@type":"WebSite","@id":"https:\/\/legacy.colt.net\/#website","url":"https:\/\/legacy.colt.net\/","name":"Colt\u30c6\u30af\u30ce\u30ed\u30b8\u30fc\u30b5\u30fc\u30d3\u30b9\u682a\u5f0f\u4f1a\u793e","description":"Managed Network &amp; Voice Services Provider","publisher":{"@id":"https:\/\/legacy.colt.net\/#organization"},"potentialAction":[{"@type":"SearchAction","target":{"@type":"EntryPoint","urlTemplate":"https:\/\/legacy.colt.net\/?s={search_term_string}"},"query-input":{"@type":"PropertyValueSpecification","valueRequired":true,"valueName":"search_term_string"}}],"inLanguage":"de-DE"},{"@type":"Organization","@id":"https:\/\/legacy.colt.net\/#organization","name":"Colt Technology Services","url":"https:\/\/legacy.colt.net\/","logo":{"@type":"ImageObject","inLanguage":"de-DE","@id":"https:\/\/legacy.colt.net\/#\/schema\/logo\/image\/","url":"https:\/\/legacy.colt.net\/wp-content\/uploads\/2019\/02\/Colt-Logo.png","contentUrl":"https:\/\/legacy.colt.net\/wp-content\/uploads\/2019\/02\/Colt-Logo.png","width":195,"height":77,"caption":"Colt Technology Services"},"image":{"@id":"https:\/\/legacy.colt.net\/#\/schema\/logo\/image\/"},"sameAs":["https:\/\/www.facebook.com\/ColtTechnologyServices\/","https:\/\/x.com\/colt_technology","https:\/\/www.instagram.com\/colttechnologyservices\/","https:\/\/www.linkedin.com\/company\/colt-technology-services","https:\/\/www.youtube.com\/user\/ColtTechnology"]}]}},"_links":{"self":[{"href":"https:\/\/legacy.colt.net\/de\/wp-json\/wp\/v2\/pages\/101588","targetHints":{"allow":["GET"]}}],"collection":[{"href":"https:\/\/legacy.colt.net\/de\/wp-json\/wp\/v2\/pages"}],"about":[{"href":"https:\/\/legacy.colt.net\/de\/wp-json\/wp\/v2\/types\/page"}],"author":[{"embeddable":true,"href":"https:\/\/legacy.colt.net\/de\/wp-json\/wp\/v2\/users\/2"}],"replies":[{"embeddable":true,"href":"https:\/\/legacy.colt.net\/de\/wp-json\/wp\/v2\/comments?post=101588"}],"version-history":[{"count":0,"href":"https:\/\/legacy.colt.net\/de\/wp-json\/wp\/v2\/pages\/101588\/revisions"}],"wp:attachment":[{"href":"https:\/\/legacy.colt.net\/de\/wp-json\/wp\/v2\/media?parent=101588"}],"wp:term":[{"taxonomy":"colt_type","embeddable":true,"href":"https:\/\/legacy.colt.net\/de\/wp-json\/wp\/v2\/colt_type?post=101588"},{"taxonomy":"colt_products","embeddable":true,"href":"https:\/\/legacy.colt.net\/de\/wp-json\/wp\/v2\/colt_products?post=101588"}],"curies":[{"name":"wp","href":"https:\/\/api.w.org\/{rel}","templated":true}]}}