{"id":100204,"date":"2021-07-19T14:34:43","date_gmt":"2021-07-19T13:34:43","guid":{"rendered":"https:\/\/www.colt.net\/?page_id=100204"},"modified":"2025-09-09T15:45:53","modified_gmt":"2025-09-09T14:45:53","slug":"partners","status":"publish","type":"page","link":"https:\/\/legacy.colt.net\/de\/why-colt\/partners\/","title":{"rendered":"Unsere Partner"},"content":{"rendered":"\n<h1>\n\t\t\tColt baut globale \u00d6kosysteme auf, die einen au\u00dfergew\u00f6hnlichen Wert schaffen\u00a0&#8211; f\u00fcr Kunden, Partner und f\u00fcr Colt.\t<\/h1>\n\t<p>Um den Kunden zu helfen, ihre Ziele zu erreichen, arbeitet Colt Hand in Hand mit Partnern, um das digitale Infrastrukturunternehmen zu sein, auf das sich Kunden verlassen k\u00f6nnen. Dazu bringt Colt Menschen und Technologien zusammen, um den Wandel zu erm\u00f6glichen.<\/p>\n<p>Die Zusammenarbeit mit Technologief\u00fchrern, Cloud-Anbietern und Hyperscalern f\u00fchrt zu der Entwicklung neuer Services, die die L\u00f6sungen von Colt nahtlos integrieren, um das gesamte Erlebnis f\u00fcr alle zu verbessern.<\/p>\n<h2>\n\t\t\tERSTE SCHRITTE:\t<\/h2>\n\t\t\t<a href=\"#customers\" target=\"_self\">\n\t\t\t\t\t\t\tF\u00fcr Kunden\n\t\t\t<\/a>\n\t\t\t<a href=\"#partners\" target=\"_self\">\n\t\t\t\t\t\t\tF\u00fcr Partner\n\t\t\t<\/a>\n\t\t\t\t<img decoding=\"async\" src=\"https:\/\/legacy.colt.net\/wp-content\/uploads\/2023\/10\/Colt-Image-1.png\" alt=\"Colt-Image-1\" itemprop=\"image\" height=\"1109\" width=\"1276\" title=\"Colt-Image-1\" onerror=\"this.style.display='none'\" loading=\"lazy\" \/>\n<h2>\n\t\t\tF\u00fcr Kunden\t<\/h2>\n\t\t\t\t<img decoding=\"async\" src=\"https:\/\/legacy.colt.net\/wp-content\/uploads\/2022\/12\/Digital-Ecosystems-Icon.png\" alt=\"Digital Ecosystems Icon\" itemprop=\"image\" height=\"2084\" width=\"2084\" title=\"Digital Ecosystems Icon\" onerror=\"this.style.display='none'\" loading=\"lazy\" \/>\n<h2>\n\t\t\tColt ist das Herzst\u00fcck der digitalen Infrastruktur und des vernetzten \u00d6kosystems\t<\/h2>\n\t\t\t\t<img decoding=\"async\" src=\"https:\/\/legacy.colt.net\/wp-content\/uploads\/2022\/12\/Building-Partnerships-Icon.png\" alt=\"Building Partnerships Icon\" itemprop=\"image\" height=\"2084\" width=\"2084\" title=\"Building Partnerships Icon\" onerror=\"this.style.display='none'\" loading=\"lazy\" \/>\n<h2>\n\t\t\tColt arbeitet daran, eine nahtlose Erfahrung zu bieten, unabh\u00e4ngig davon, ob es sich um Vertr\u00e4ge, die Bereitstellung von Services oder das Kundenerlebnis handelt\t<\/h2>\n\t\t\t\t<img decoding=\"async\" src=\"https:\/\/legacy.colt.net\/wp-content\/uploads\/2022\/12\/Seamless-Experience-Icon.png\" alt=\"Seamless Experience Icon\" itemprop=\"image\" height=\"2084\" width=\"2084\" title=\"Seamless Experience Icon\" onerror=\"this.style.display='none'\" loading=\"lazy\" \/>\n<h2>\n\t\t\tColt baut Partnerschaften auf, die die Herausforderungen der Kunden nicht nur erf\u00fcllen, sondern \u00fcbertreffen\t<\/h2>\n<h2>\n\t\t\tEntdecken Sie unsere Partnerschaften:\t<\/h2>\n\t\t\t\t<a href=\"https:\/\/legacy.colt.net\/why-colt\/partners\/oracle\/\"  target=\"_blank\" rel=\"noopener\"  itemprop=\"url\">\n\t\t\t\t<img decoding=\"async\" src=\"https:\/\/legacy.colt.net\/wp-content\/uploads\/2020\/10\/oracle-cloud-infrastructure-720x260-JA-2.png\" alt=\"oracle-cloud-infrastructure\" itemprop=\"image\" height=\"260\" width=\"720\" title=\"oracle-cloud-infrastructure-720x260-JA\" onerror=\"this.style.display='none'\" loading=\"lazy\" \/>\n\t\t\t\t<\/a>\n\t\t\t\t<a href=\"https:\/\/legacy.colt.net\/why-colt\/partners\/microsoft\/\"  target=\"_self\" itemprop=\"url\">\n\t\t\t\t<img decoding=\"async\" src=\"https:\/\/legacy.colt.net\/wp-content\/uploads\/2021\/03\/Microsoft-Logo.jpg\" alt=\"Microsoft Logo\" itemprop=\"image\" height=\"788\" width=\"1400\" title=\"Microsoft Logo\" onerror=\"this.style.display='none'\" loading=\"lazy\" \/>\n\t\t\t\t<\/a>\n\t\t\t\t<a href=\"https:\/\/legacy.colt.net\/product\/direct-connect\/google\/\"  target=\"_self\" itemprop=\"url\">\n\t\t\t\t<img decoding=\"async\" src=\"https:\/\/legacy.colt.net\/wp-content\/uploads\/2020\/05\/Google-Cloud-JA.png\" alt=\"Google Cloud Service\" itemprop=\"image\" height=\"251\" width=\"540\" title=\"Google-Cloud-JA\" onerror=\"this.style.display='none'\" loading=\"lazy\" \/>\n\t\t\t\t<\/a>\n\t\t\t\t<a href=\"https:\/\/legacy.colt.net\/product\/direct-connect\/ibm\"  target=\"_self\" itemprop=\"url\">\n\t\t\t\t<img decoding=\"async\" src=\"https:\/\/legacy.colt.net\/wp-content\/uploads\/2020\/10\/IBM-Cloud-720x260-JA.png\" alt=\"IBM Cloud\u63a5\u7d9a\u30b5\u30fc\u30d3\u30b9\" itemprop=\"image\" height=\"260\" width=\"720\" title=\"IBM-Cloud-720x260-JA\" onerror=\"this.style.display='none'\" loading=\"lazy\" \/>\n\t\t\t\t<\/a>\n\t\t\t\t<a href=\"https:\/\/legacy.colt.net\/resources\/sap-migration-to-the-cloud\/\"  target=\"_self\" itemprop=\"url\">\n\t\t\t\t<img decoding=\"async\" src=\"https:\/\/legacy.colt.net\/wp-content\/uploads\/2019\/03\/SAP.png\" alt=\"SAP\" itemprop=\"image\" height=\"260\" width=\"720\" title=\"SAP\" onerror=\"this.style.display='none'\" loading=\"lazy\" \/>\n\t\t\t\t<\/a>\n\t\t\t\t<a href=\"https:\/\/legacy.colt.net\/why-colt\/partners\/aws\/\"  target=\"_blank\" rel=\"noopener\"  itemprop=\"url\">\n\t\t\t\t<img decoding=\"async\" src=\"https:\/\/legacy.colt.net\/wp-content\/uploads\/2020\/10\/aws-logo-1x1-1.png\" alt=\"aws-logo\" itemprop=\"image\" height=\"1000\" width=\"1000\" title=\"aws-logo-1x1\" onerror=\"this.style.display='none'\" loading=\"lazy\" \/>\n\t\t\t\t<\/a>\n\t\t\t\t<a href=\"https:\/\/legacy.colt.net\/why-colt\/partners\/ciena\/\"  target=\"_self\" itemprop=\"url\">\n\t\t\t\t<img decoding=\"async\" src=\"https:\/\/legacy.colt.net\/wp-content\/uploads\/2019\/03\/Ciena.png\" alt=\"Ciena\" itemprop=\"image\" height=\"260\" width=\"720\" title=\"Ciena\" onerror=\"this.style.display='none'\" loading=\"lazy\" \/>\n\t\t\t\t<\/a>\n\t\t\t\t<a href=\"https:\/\/legacy.colt.net\/why-colt\/partners\/zscaler\/\"  target=\"_self\" itemprop=\"url\">\n\t\t\t\t<img decoding=\"async\" src=\"https:\/\/legacy.colt.net\/wp-content\/uploads\/2022\/03\/zscaler-logo-transparent.png\" alt=\"zscaler logo transparent\" itemprop=\"image\" height=\"562\" width=\"1550\" title=\"zscaler logo transparent\" onerror=\"this.style.display='none'\" loading=\"lazy\" \/>\n\t\t\t\t<\/a>\n\t\t\t\t<a href=\"https:\/\/legacy.colt.net\/why-colt\/partners\/equinix\/\"  target=\"_self\" itemprop=\"url\">\n\t\t\t\t<img decoding=\"async\" src=\"https:\/\/legacy.colt.net\/wp-content\/uploads\/2019\/07\/Equinix-Tagline-Outlined_300.png\" alt=\"Equinix Tagline Outlined_300\" itemprop=\"image\" height=\"867\" width=\"1625\" title=\"Equinix Tagline Outlined_300\" onerror=\"this.style.display='none'\" loading=\"lazy\" \/>\n\t\t\t\t<\/a>\n\t\t\t\t<a href=\"https:\/\/legacy.colt.net\/why-colt\/partners\/digital-realty\/\"  target=\"_blank\" rel=\"noopener\"  itemprop=\"url\">\n\t\t\t\t<img decoding=\"async\" src=\"https:\/\/legacy.colt.net\/wp-content\/uploads\/2024\/01\/Digital-Realty.png\" alt=\"Digital Realty\" itemprop=\"image\" height=\"915\" width=\"1920\" title=\"Digital Realty\" onerror=\"this.style.display='none'\" loading=\"lazy\" \/>\n\t\t\t\t<\/a>\n\t\t\t\t<a href=\"https:\/\/versa-networks.com\/\"  target=\"_self\" itemprop=\"url\">\n\t\t\t\t<img decoding=\"async\" src=\"https:\/\/legacy.colt.net\/wp-content\/uploads\/2021\/03\/Versa.png\" alt=\"Versa\" itemprop=\"image\" height=\"167\" width=\"301\" title=\"Versa\" onerror=\"this.style.display='none'\" loading=\"lazy\" \/>\n\t\t\t\t<\/a>\n\t\t\t\t<a href=\"https:\/\/legacy.colt.net\/why-colt\/partners\/vmware\/\"  target=\"_self\" itemprop=\"url\">\n\t\t\t\t<img decoding=\"async\" src=\"https:\/\/legacy.colt.net\/wp-content\/uploads\/2022\/04\/vmw-logo-vmware-logo-black-150.png\" alt=\"vmw-logo-vmware-logo-black-150\" itemprop=\"image\" height=\"446\" width=\"1230\" title=\"vmw-logo-vmware-logo-black-150\" onerror=\"this.style.display='none'\" loading=\"lazy\" \/>\n\t\t\t\t<\/a>\n\t\t\t\t<a href=\"https:\/\/eur01.safelinks.protection.outlook.com\/?url=https%3A%2F%2Fwww.ovhcloud.com%2Fde%2Fnetwork%2Fovhcloud-connect%2F&#038;data=05%7C02%7CJack.Line%40COLT.NET%7C5ec71f3658434c78c85a08dd41f3002f%7Cb859cf7eff8a40bbbd0fda56e6dc0eb8%7C1%7C0%7C638739234110015243%7CUnknown%7CTWFpbGZsb3d8eyJFbXB0eU1hcGkiOnRydWUsIlYiOiIwLjAuMDAwMCIsIlAiOiJXaW4zMiIsIkFOIjoiTWFpbCIsIldUIjoyfQ%3D%3D%7C0%7C%7C%7C&#038;sdata=GvwxolnAPKx7tG1RibnqRqXolSl0mkvCu6ESwMhmwdU%3D&#038;reserved=0\"  target=\"_self\" itemprop=\"url\">\n\t\t\t\t<img decoding=\"async\" src=\"https:\/\/legacy.colt.net\/wp-content\/uploads\/2025\/01\/OVHcloud_stacked_R_logo_fullcolor_RGB-300x140-1.png\" alt=\"OVHcloud_stacked_R_logo_fullcolor_RGB-300x140\" itemprop=\"image\" height=\"140\" width=\"300\" title=\"OVHcloud_stacked_R_logo_fullcolor_RGB-300x140\" onerror=\"this.style.display='none'\" loading=\"lazy\" \/>\n\t\t\t\t<\/a>\n\t\t\t\t<a href=\"https:\/\/www.audiocodes.com\/\"  target=\"_blank\" rel=\"noopener\"  itemprop=\"url\">\n\t\t\t\t<img decoding=\"async\" src=\"https:\/\/legacy.colt.net\/wp-content\/uploads\/2023\/10\/audiocodes-logo_v2.png\" alt=\"audiocodes-logo_v2\" itemprop=\"image\" height=\"961\" width=\"1800\" title=\"audiocodes-logo_v2\" onerror=\"this.style.display='none'\" loading=\"lazy\" \/>\n\t\t\t\t<\/a>\n\t\t\t\t<a href=\"https:\/\/legacy.colt.net\/why-colt\/partners\/cisco\/\"  target=\"_blank\" rel=\"noopener\"  itemprop=\"url\">\n\t\t\t\t<img decoding=\"async\" src=\"https:\/\/legacy.colt.net\/wp-content\/uploads\/2024\/10\/Remove-background-project.png\" alt=\"Remove background project\" itemprop=\"image\" height=\"800\" width=\"800\" title=\"Remove background project\" onerror=\"this.style.display='none'\" loading=\"lazy\" \/>\n\t\t\t\t<\/a>\n<h2>\n\t\t\tColt arbeitet zusammen mit\u00a0&#8230;\t<\/h2>\n<h3>\n\t\t\tAnbietern von Cloud-Diensten\t<\/h3>\n\t<p>Unser umfangreiches Netz an angeschlossenen CSP-Regionen, die engen Arbeitsbeziehungen und die technische Abstimmung mit allen wichtigen CSPs sorgen daf\u00fcr, dass Cloud-Anwendungen im Colt IQ Network besser funktionieren.<\/p>\n<h3>\n\t\t\tSystemintegratoren\t<\/h3>\n\t<p>Systemintegratoren sind das Herzst\u00fcck der digitalen Transformation von Unternehmen. Colt baut die bilateralen Partnerschaften mit ausgew\u00e4hlten SIs weiter aus, um einen gr\u00f6\u00dferen Mehrwert f\u00fcr unsere Kunden zu schaffen.<\/p>\n<h3>\n\t\t\tRechenzentrumsanbietern\t<\/h3>\n\t<p>\u00dcber das Colt IQ Network k\u00f6nnen sich Kunden mit mehr als 900\u00a0Rechenzentren verbinden. Enge Arbeitsbeziehungen mit Rechenzentrumspartnern stellen sicher, dass die Kunden einen erstklassigen Zugang zur Unterst\u00fctzung ihrer Hybrid- und Multi-Cloud-Architekturen haben.<\/p>\n<h3>\n\t\t\tTechnologiepartnern\t<\/h3>\n\t<p>Colt arbeitet eng mit Technologiepartnern zusammen, damit Ihr Unternehmen mit dem rasanten Wachstum der Branche Schritt halten kann. Wir bleiben an der Spitze einer Reihe von Technologien und bieten ma\u00dfgeschneiderte L\u00f6sungen, um ein agiles, skalierbares Netzwerk zu schaffen.<\/p>\n<h3>\n\t\t\tVertreterpartnern\t<\/h3>\n\t<p>M\u00f6chten Sie der Colt-Familie als einer unserer <a href=\"https:\/\/legacy.colt.net\/why-colt\/partners\/agent\/\">gesch\u00e4tzten Vertriebspartner beitreten<\/a>? Vertreterpartner haben Zugang zu einer breiten Palette an preisgekr\u00f6nten Colt-Services, die sie an ihre Kunden verkaufen k\u00f6nnen. Lassen Sie uns also gemeinsam Ihr Gesch\u00e4ft ausbauen!<\/p>\n<h3>\n\t\t\tEmpfehlungspartnern\t<\/h3>\n\t<p>Teilen Sie Ihre Leads mit Colt und konzentrieren Sie sich weiter auf Ihr Kerngesch\u00e4ft. Verlassen Sie sich auf eine starke Partnerschaft mit Colt, um Ihren Kunden in der digitalen Gesellschaft branchenf\u00fchrende Voice- und Netzwerkservices zu bieten.<\/p>\n<h2>\n\t\t\tF\u00fcr Partner\t<\/h2>\n<h2>\n\t\t\tColt baut Partnerschaften auf, die einen au\u00dfergew\u00f6hnlichen Wert f\u00fcr alle bieten.\t<\/h2>\n<h2>\n\t\t\tWerden Sie noch heute Partner von Colt!\t<\/h2>\n\n","protected":false},"excerpt":{"rendered":"<p>Colt baut globale \u00d6kosysteme auf, die einen au\u00dfergew\u00f6hnlichen Wert schaffen\u00a0&#8211; f\u00fcr Kunden, Partner und f\u00fcr Colt. Um den Kunden zu helfen, ihre Ziele zu erreichen, arbeitet Colt Hand in Hand mit Partnern, um das digitale Infrastrukturunternehmen zu sein, auf das sich Kunden verlassen k\u00f6nnen. Dazu bringt Colt Menschen und Technologien zusammen, um den Wandel zu&#8230;<\/p>\n","protected":false},"author":2,"featured_media":0,"parent":68557,"menu_order":0,"comment_status":"closed","ping_status":"closed","template":"","meta":{"_acf_changed":false,"footnotes":""},"colt_type":[],"colt_products":[],"class_list":["post-100204","page","type-page","status-publish","hentry"],"acf":[],"yoast_head":"<!-- This site is optimized with the Yoast SEO plugin v26.8 - https:\/\/yoast.com\/product\/yoast-seo-wordpress\/ -->\n<title>Unsere Partner - Colt Technology Services<\/title>\n<meta name=\"description\" content=\"Unsere Partner Colt Technology Services\" \/>\n<meta name=\"robots\" content=\"noindex, follow, max-snippet:-1, max-image-preview:large, max-video-preview:-1\" \/>\n<meta property=\"og:locale\" content=\"de_DE\" \/>\n<meta property=\"og:type\" content=\"article\" \/>\n<meta property=\"og:title\" content=\"Unsere Partner - Colt Technology Services\" \/>\n<meta property=\"og:description\" content=\"Unsere Partner Colt Technology Services\" \/>\n<meta property=\"og:url\" content=\"https:\/\/legacy.colt.net\/de\/why-colt\/partners\/\" \/>\n<meta property=\"og:site_name\" content=\"Colt Technology Services\" \/>\n<meta property=\"article:publisher\" content=\"https:\/\/www.facebook.com\/ColtTechnologyServices\/\" \/>\n<meta property=\"article:modified_time\" content=\"2025-09-09T14:45:53+00:00\" \/>\n<meta property=\"og:image\" content=\"https:\/\/legacy.colt.net\/wp-content\/uploads\/2021\/01\/Brand-2021-Stock-7.jpg\" \/>\n\t<meta property=\"og:image:width\" content=\"1000\" \/>\n\t<meta property=\"og:image:height\" content=\"667\" \/>\n\t<meta property=\"og:image:type\" content=\"image\/jpeg\" \/>\n<meta name=\"twitter:card\" content=\"summary_large_image\" \/>\n<meta name=\"twitter:site\" content=\"@colt_technology\" \/>\n<meta name=\"twitter:label1\" content=\"Est. reading time\" \/>\n\t<meta name=\"twitter:data1\" content=\"6 minutes\" \/>\n<script type=\"application\/ld+json\" class=\"yoast-schema-graph\">{\"@context\":\"https:\/\/schema.org\",\"@graph\":[{\"@type\":\"WebPage\",\"@id\":\"https:\/\/legacy.colt.net\/de\/why-colt\/partners\/\",\"url\":\"https:\/\/legacy.colt.net\/de\/why-colt\/partners\/\",\"name\":\"Unsere Partner - Colt Technology Services\",\"isPartOf\":{\"@id\":\"https:\/\/legacy.colt.net\/#website\"},\"primaryImageOfPage\":{\"@id\":\"https:\/\/legacy.colt.net\/de\/why-colt\/partners\/#primaryimage\"},\"image\":{\"@id\":\"https:\/\/legacy.colt.net\/de\/why-colt\/partners\/#primaryimage\"},\"thumbnailUrl\":\"https:\/\/legacy.colt.net\/wp-content\/uploads\/2023\/10\/Colt-Image-1.png\",\"datePublished\":\"2021-07-19T13:34:43+00:00\",\"dateModified\":\"2025-09-09T14:45:53+00:00\",\"description\":\"Unsere Partner Colt Technology Services\",\"breadcrumb\":{\"@id\":\"https:\/\/legacy.colt.net\/de\/why-colt\/partners\/#breadcrumb\"},\"inLanguage\":\"de-DE\",\"potentialAction\":[{\"@type\":\"ReadAction\",\"target\":[\"https:\/\/legacy.colt.net\/de\/why-colt\/partners\/\"]}]},{\"@type\":\"ImageObject\",\"inLanguage\":\"de-DE\",\"@id\":\"https:\/\/legacy.colt.net\/de\/why-colt\/partners\/#primaryimage\",\"url\":\"https:\/\/legacy.colt.net\/wp-content\/uploads\/2023\/10\/Colt-Image-1.png\",\"contentUrl\":\"https:\/\/legacy.colt.net\/wp-content\/uploads\/2023\/10\/Colt-Image-1.png\"},{\"@type\":\"BreadcrumbList\",\"@id\":\"https:\/\/legacy.colt.net\/de\/why-colt\/partners\/#breadcrumb\",\"itemListElement\":[{\"@type\":\"ListItem\",\"position\":1,\"name\":\"Home\",\"item\":\"https:\/\/legacy.colt.net\/de\/\"},{\"@type\":\"ListItem\",\"position\":2,\"name\":\"Why Colt?\",\"item\":\"https:\/\/legacy.colt.net\/de\/why-colt\/\"},{\"@type\":\"ListItem\",\"position\":3,\"name\":\"Unsere Partner\"}]},{\"@type\":\"WebSite\",\"@id\":\"https:\/\/legacy.colt.net\/#website\",\"url\":\"https:\/\/legacy.colt.net\/\",\"name\":\"Colt\u30c6\u30af\u30ce\u30ed\u30b8\u30fc\u30b5\u30fc\u30d3\u30b9\u682a\u5f0f\u4f1a\u793e\",\"description\":\"Managed Network &amp; Voice Services Provider\",\"publisher\":{\"@id\":\"https:\/\/legacy.colt.net\/#organization\"},\"potentialAction\":[{\"@type\":\"SearchAction\",\"target\":{\"@type\":\"EntryPoint\",\"urlTemplate\":\"https:\/\/legacy.colt.net\/?s={search_term_string}\"},\"query-input\":{\"@type\":\"PropertyValueSpecification\",\"valueRequired\":true,\"valueName\":\"search_term_string\"}}],\"inLanguage\":\"de-DE\"},{\"@type\":\"Organization\",\"@id\":\"https:\/\/legacy.colt.net\/#organization\",\"name\":\"Colt Technology Services\",\"url\":\"https:\/\/legacy.colt.net\/\",\"logo\":{\"@type\":\"ImageObject\",\"inLanguage\":\"de-DE\",\"@id\":\"https:\/\/legacy.colt.net\/#\/schema\/logo\/image\/\",\"url\":\"https:\/\/legacy.colt.net\/wp-content\/uploads\/2019\/02\/Colt-Logo.png\",\"contentUrl\":\"https:\/\/legacy.colt.net\/wp-content\/uploads\/2019\/02\/Colt-Logo.png\",\"width\":195,\"height\":77,\"caption\":\"Colt Technology Services\"},\"image\":{\"@id\":\"https:\/\/legacy.colt.net\/#\/schema\/logo\/image\/\"},\"sameAs\":[\"https:\/\/www.facebook.com\/ColtTechnologyServices\/\",\"https:\/\/x.com\/colt_technology\",\"https:\/\/www.instagram.com\/colttechnologyservices\/\",\"https:\/\/www.linkedin.com\/company\/colt-technology-services\",\"https:\/\/www.youtube.com\/user\/ColtTechnology\"]}]}<\/script>\n<!-- \/ Yoast SEO plugin. -->","yoast_head_json":{"title":"Unsere Partner - Colt Technology Services","description":"Unsere Partner Colt Technology Services","robots":{"index":"noindex","follow":"follow","max-snippet":"max-snippet:-1","max-image-preview":"max-image-preview:large","max-video-preview":"max-video-preview:-1"},"og_locale":"de_DE","og_type":"article","og_title":"Unsere Partner - Colt Technology Services","og_description":"Unsere Partner Colt Technology Services","og_url":"https:\/\/legacy.colt.net\/de\/why-colt\/partners\/","og_site_name":"Colt Technology Services","article_publisher":"https:\/\/www.facebook.com\/ColtTechnologyServices\/","article_modified_time":"2025-09-09T14:45:53+00:00","og_image":[{"width":1000,"height":667,"url":"https:\/\/legacy.colt.net\/wp-content\/uploads\/2021\/01\/Brand-2021-Stock-7.jpg","type":"image\/jpeg"}],"twitter_card":"summary_large_image","twitter_site":"@colt_technology","twitter_misc":{"Est. reading time":"6 minutes"},"schema":{"@context":"https:\/\/schema.org","@graph":[{"@type":"WebPage","@id":"https:\/\/legacy.colt.net\/de\/why-colt\/partners\/","url":"https:\/\/legacy.colt.net\/de\/why-colt\/partners\/","name":"Unsere Partner - Colt Technology Services","isPartOf":{"@id":"https:\/\/legacy.colt.net\/#website"},"primaryImageOfPage":{"@id":"https:\/\/legacy.colt.net\/de\/why-colt\/partners\/#primaryimage"},"image":{"@id":"https:\/\/legacy.colt.net\/de\/why-colt\/partners\/#primaryimage"},"thumbnailUrl":"https:\/\/legacy.colt.net\/wp-content\/uploads\/2023\/10\/Colt-Image-1.png","datePublished":"2021-07-19T13:34:43+00:00","dateModified":"2025-09-09T14:45:53+00:00","description":"Unsere Partner Colt Technology Services","breadcrumb":{"@id":"https:\/\/legacy.colt.net\/de\/why-colt\/partners\/#breadcrumb"},"inLanguage":"de-DE","potentialAction":[{"@type":"ReadAction","target":["https:\/\/legacy.colt.net\/de\/why-colt\/partners\/"]}]},{"@type":"ImageObject","inLanguage":"de-DE","@id":"https:\/\/legacy.colt.net\/de\/why-colt\/partners\/#primaryimage","url":"https:\/\/legacy.colt.net\/wp-content\/uploads\/2023\/10\/Colt-Image-1.png","contentUrl":"https:\/\/legacy.colt.net\/wp-content\/uploads\/2023\/10\/Colt-Image-1.png"},{"@type":"BreadcrumbList","@id":"https:\/\/legacy.colt.net\/de\/why-colt\/partners\/#breadcrumb","itemListElement":[{"@type":"ListItem","position":1,"name":"Home","item":"https:\/\/legacy.colt.net\/de\/"},{"@type":"ListItem","position":2,"name":"Why Colt?","item":"https:\/\/legacy.colt.net\/de\/why-colt\/"},{"@type":"ListItem","position":3,"name":"Unsere Partner"}]},{"@type":"WebSite","@id":"https:\/\/legacy.colt.net\/#website","url":"https:\/\/legacy.colt.net\/","name":"Colt\u30c6\u30af\u30ce\u30ed\u30b8\u30fc\u30b5\u30fc\u30d3\u30b9\u682a\u5f0f\u4f1a\u793e","description":"Managed Network &amp; Voice Services Provider","publisher":{"@id":"https:\/\/legacy.colt.net\/#organization"},"potentialAction":[{"@type":"SearchAction","target":{"@type":"EntryPoint","urlTemplate":"https:\/\/legacy.colt.net\/?s={search_term_string}"},"query-input":{"@type":"PropertyValueSpecification","valueRequired":true,"valueName":"search_term_string"}}],"inLanguage":"de-DE"},{"@type":"Organization","@id":"https:\/\/legacy.colt.net\/#organization","name":"Colt Technology Services","url":"https:\/\/legacy.colt.net\/","logo":{"@type":"ImageObject","inLanguage":"de-DE","@id":"https:\/\/legacy.colt.net\/#\/schema\/logo\/image\/","url":"https:\/\/legacy.colt.net\/wp-content\/uploads\/2019\/02\/Colt-Logo.png","contentUrl":"https:\/\/legacy.colt.net\/wp-content\/uploads\/2019\/02\/Colt-Logo.png","width":195,"height":77,"caption":"Colt Technology Services"},"image":{"@id":"https:\/\/legacy.colt.net\/#\/schema\/logo\/image\/"},"sameAs":["https:\/\/www.facebook.com\/ColtTechnologyServices\/","https:\/\/x.com\/colt_technology","https:\/\/www.instagram.com\/colttechnologyservices\/","https:\/\/www.linkedin.com\/company\/colt-technology-services","https:\/\/www.youtube.com\/user\/ColtTechnology"]}]}},"_links":{"self":[{"href":"https:\/\/legacy.colt.net\/de\/wp-json\/wp\/v2\/pages\/100204","targetHints":{"allow":["GET"]}}],"collection":[{"href":"https:\/\/legacy.colt.net\/de\/wp-json\/wp\/v2\/pages"}],"about":[{"href":"https:\/\/legacy.colt.net\/de\/wp-json\/wp\/v2\/types\/page"}],"author":[{"embeddable":true,"href":"https:\/\/legacy.colt.net\/de\/wp-json\/wp\/v2\/users\/2"}],"replies":[{"embeddable":true,"href":"https:\/\/legacy.colt.net\/de\/wp-json\/wp\/v2\/comments?post=100204"}],"version-history":[{"count":0,"href":"https:\/\/legacy.colt.net\/de\/wp-json\/wp\/v2\/pages\/100204\/revisions"}],"up":[{"embeddable":true,"href":"https:\/\/legacy.colt.net\/de\/wp-json\/wp\/v2\/pages\/68557"}],"wp:attachment":[{"href":"https:\/\/legacy.colt.net\/de\/wp-json\/wp\/v2\/media?parent=100204"}],"wp:term":[{"taxonomy":"colt_type","embeddable":true,"href":"https:\/\/legacy.colt.net\/de\/wp-json\/wp\/v2\/colt_type?post=100204"},{"taxonomy":"colt_products","embeddable":true,"href":"https:\/\/legacy.colt.net\/de\/wp-json\/wp\/v2\/colt_products?post=100204"}],"curies":[{"name":"wp","href":"https:\/\/api.w.org\/{rel}","templated":true}]}}