{"id":100181,"date":"2021-07-19T09:23:05","date_gmt":"2021-07-19T08:23:05","guid":{"rendered":"https:\/\/www.colt.net\/?page_id=100181"},"modified":"2021-09-24T09:29:41","modified_gmt":"2021-09-24T08:29:41","slug":"andrew-edison","status":"publish","type":"page","link":"https:\/\/legacy.colt.net\/de\/about\/leadership\/andrew-edison\/","title":{"rendered":"Andrew Edison"},"content":{"rendered":"\r\n<h1>\u00a0<\/h1>\r\n<nav class=\"breadcrumb\"><span><span><a href=\"https:\/\/legacy.colt.net\/de\/\">Home<\/a><\/span><\/span><\/nav>\r\n<p>Andrew Edison ist Executive Vice President (EVP) &#8211; Sales, Marketing and Customer Relationship Management.<\/p>\r\n<p>In dieser Position ist er daf\u00fcr verantwortlich, die Gesch\u00e4ftsstrategie von Colt voranzutreiben und globale Teams in den Bereichen Vertrieb, Presales, Marketing und Customer Relationship Management zu leiten. Dabei bringt Edison die entscheidenden Schnittstellen im gesamten Unternehmen zusammen, um sicherzustellen, dass Colt seine Vision umsetzt, die Art und Weise wie Menschen in aller Welt zusammenarbeiten durch Verbindungen zu transformieren.<\/p>\r\n<p>Vor dieser Position verantwortete er als Vice President &#8211; Global Enterprise die Strategie von Colt f\u00fcr das Enterprise-Kundensegment. Unter seiner F\u00fchrung gelang es dem Team, Partnerschaften und globale Netzwerkl\u00f6sungen f\u00fcr das Enterprise-Gesch\u00e4ft, den Bereich Capital Markets und den indirekten Vertrieb weiter zu beschleunigen.<\/p>\r\n<p>Edison kam im Januar 2018 von Level 3\/CenturyLink Communications zu Colt, wo er die Position des Senior Vice President Sales for Europe, Middle East and Africa (EMEA) innehatte.<\/p>\r\n<p>W\u00e4hrend seiner Karriere hat er umfangreiche F\u00fchrungserfahrungen in den Bereichen Vertrieb, Business Operations, globale und Go-to-Market-Strategien gesammelt. Vor seiner T\u00e4tigkeit bei Level 3\/CenturyLink hatte er eine Vielzahl von F\u00fchrungspositionen bei AT&amp;T inne. Dort war er zuletzt als Region Vice President &#8211; Europe, Middle East and Africa (EMEA) t\u00e4tig. Davor fungierte er als Vice President &#8211; Global Operations and Strategy in den USA.<\/p>\r\n<p>Der geb\u00fcrtige Brite ist ein angesehener Experte der Technologiebranche. Er engagiert sich als Mitglied der Technology Leadership Group (TLG) f\u00fcr den Prince\u00b4s Trust, eine Stiftung, die junge Menschen beim Einstieg in den Beruf unterst\u00fctzt.<\/p>\r\n<p><img loading=\"lazy\" decoding=\"async\" title=\"Andrew Edison_092021\" src=\"https:\/\/legacy.colt.net\/wp-content\/uploads\/2021\/09\/Andrew-Edison_092021.png\" alt=\"Andrew Edison_092021\" width=\"622\" height=\"458\" \/><\/p>\r\n<h3>Andrew Edison<\/h3>\r\n<h4>Andrew Edison Executive Vice President &#8211; Sales, Marketing &amp; Customer Relationship Management<\/h4>\r\n","protected":false},"excerpt":{"rendered":"<p>\u00a0 Andrew Edison ist Executive Vice President (EVP) &#8211; Sales, Marketing and Customer Relationship Management. In dieser Position ist er daf\u00fcr verantwortlich, die Gesch\u00e4ftsstrategie von Colt voranzutreiben und globale Teams in den Bereichen Vertrieb, Presales, Marketing und Customer Relationship Management zu leiten. Dabei bringt Edison die entscheidenden Schnittstellen im gesamten Unternehmen zusammen, um sicherzustellen, dass&#8230;<\/p>\n","protected":false},"author":2,"featured_media":0,"parent":35346,"menu_order":0,"comment_status":"closed","ping_status":"closed","template":"","meta":{"_acf_changed":false,"footnotes":""},"colt_type":[],"colt_products":[],"class_list":["post-100181","page","type-page","status-publish","hentry"],"acf":[],"yoast_head":"<!-- This site is optimized with the Yoast SEO plugin v26.8 - https:\/\/yoast.com\/product\/yoast-seo-wordpress\/ -->\n<title>Andrew Edison - Colt Technology Services<\/title>\n<meta name=\"description\" content=\"Andrew Edison Colt Technology Services\" \/>\n<meta name=\"robots\" content=\"noindex, follow, max-snippet:-1, max-image-preview:large, max-video-preview:-1\" \/>\n<meta property=\"og:locale\" content=\"de_DE\" \/>\n<meta property=\"og:type\" content=\"article\" \/>\n<meta property=\"og:title\" content=\"Andrew Edison - Colt Technology Services\" \/>\n<meta property=\"og:description\" content=\"Andrew Edison Colt Technology Services\" \/>\n<meta property=\"og:url\" content=\"https:\/\/legacy.colt.net\/de\/about\/leadership\/andrew-edison\/\" \/>\n<meta property=\"og:site_name\" content=\"Colt Technology Services\" \/>\n<meta property=\"article:publisher\" content=\"https:\/\/www.facebook.com\/ColtTechnologyServices\/\" \/>\n<meta property=\"article:modified_time\" content=\"2021-09-24T08:29:41+00:00\" \/>\n<meta property=\"og:image\" content=\"https:\/\/legacy.colt.net\/wp-content\/uploads\/2021\/01\/Brand-2021-Stock-17.jpg\" \/>\n\t<meta property=\"og:image:width\" content=\"1000\" \/>\n\t<meta property=\"og:image:height\" content=\"683\" \/>\n\t<meta property=\"og:image:type\" content=\"image\/jpeg\" \/>\n<meta name=\"twitter:card\" content=\"summary_large_image\" \/>\n<meta name=\"twitter:site\" content=\"@colt_technology\" \/>\n<meta name=\"twitter:label1\" content=\"Est. reading time\" \/>\n\t<meta name=\"twitter:data1\" content=\"1 minute\" \/>\n<script type=\"application\/ld+json\" class=\"yoast-schema-graph\">{\"@context\":\"https:\/\/schema.org\",\"@graph\":[{\"@type\":\"WebPage\",\"@id\":\"https:\/\/legacy.colt.net\/de\/about\/leadership\/andrew-edison\/\",\"url\":\"https:\/\/legacy.colt.net\/de\/about\/leadership\/andrew-edison\/\",\"name\":\"Andrew Edison - Colt Technology Services\",\"isPartOf\":{\"@id\":\"https:\/\/legacy.colt.net\/#website\"},\"primaryImageOfPage\":{\"@id\":\"https:\/\/legacy.colt.net\/de\/about\/leadership\/andrew-edison\/#primaryimage\"},\"image\":{\"@id\":\"https:\/\/legacy.colt.net\/de\/about\/leadership\/andrew-edison\/#primaryimage\"},\"thumbnailUrl\":\"https:\/\/legacy.colt.net\/wp-content\/uploads\/2021\/09\/Andrew-Edison_092021.png\",\"datePublished\":\"2021-07-19T08:23:05+00:00\",\"dateModified\":\"2021-09-24T08:29:41+00:00\",\"description\":\"Andrew Edison Colt Technology Services\",\"breadcrumb\":{\"@id\":\"https:\/\/legacy.colt.net\/de\/about\/leadership\/andrew-edison\/#breadcrumb\"},\"inLanguage\":\"de-DE\",\"potentialAction\":[{\"@type\":\"ReadAction\",\"target\":[\"https:\/\/legacy.colt.net\/de\/about\/leadership\/andrew-edison\/\"]}]},{\"@type\":\"ImageObject\",\"inLanguage\":\"de-DE\",\"@id\":\"https:\/\/legacy.colt.net\/de\/about\/leadership\/andrew-edison\/#primaryimage\",\"url\":\"https:\/\/legacy.colt.net\/wp-content\/uploads\/2021\/09\/Andrew-Edison_092021.png\",\"contentUrl\":\"https:\/\/legacy.colt.net\/wp-content\/uploads\/2021\/09\/Andrew-Edison_092021.png\"},{\"@type\":\"BreadcrumbList\",\"@id\":\"https:\/\/legacy.colt.net\/de\/about\/leadership\/andrew-edison\/#breadcrumb\",\"itemListElement\":[{\"@type\":\"ListItem\",\"position\":1,\"name\":\"Home\",\"item\":\"https:\/\/legacy.colt.net\/de\/\"},{\"@type\":\"ListItem\",\"position\":2,\"name\":\"\u00dcber Colt\",\"item\":\"https:\/\/legacy.colt.net\/de\/about\/\"},{\"@type\":\"ListItem\",\"position\":3,\"name\":\"Leadership\",\"item\":\"https:\/\/legacy.colt.net\/de\/about\/leadership\/\"},{\"@type\":\"ListItem\",\"position\":4,\"name\":\"Andrew Edison\"}]},{\"@type\":\"WebSite\",\"@id\":\"https:\/\/legacy.colt.net\/#website\",\"url\":\"https:\/\/legacy.colt.net\/\",\"name\":\"Colt\u30c6\u30af\u30ce\u30ed\u30b8\u30fc\u30b5\u30fc\u30d3\u30b9\u682a\u5f0f\u4f1a\u793e\",\"description\":\"Managed Network &amp; Voice Services Provider\",\"publisher\":{\"@id\":\"https:\/\/legacy.colt.net\/#organization\"},\"potentialAction\":[{\"@type\":\"SearchAction\",\"target\":{\"@type\":\"EntryPoint\",\"urlTemplate\":\"https:\/\/legacy.colt.net\/?s={search_term_string}\"},\"query-input\":{\"@type\":\"PropertyValueSpecification\",\"valueRequired\":true,\"valueName\":\"search_term_string\"}}],\"inLanguage\":\"de-DE\"},{\"@type\":\"Organization\",\"@id\":\"https:\/\/legacy.colt.net\/#organization\",\"name\":\"Colt Technology Services\",\"url\":\"https:\/\/legacy.colt.net\/\",\"logo\":{\"@type\":\"ImageObject\",\"inLanguage\":\"de-DE\",\"@id\":\"https:\/\/legacy.colt.net\/#\/schema\/logo\/image\/\",\"url\":\"https:\/\/legacy.colt.net\/wp-content\/uploads\/2019\/02\/Colt-Logo.png\",\"contentUrl\":\"https:\/\/legacy.colt.net\/wp-content\/uploads\/2019\/02\/Colt-Logo.png\",\"width\":195,\"height\":77,\"caption\":\"Colt Technology Services\"},\"image\":{\"@id\":\"https:\/\/legacy.colt.net\/#\/schema\/logo\/image\/\"},\"sameAs\":[\"https:\/\/www.facebook.com\/ColtTechnologyServices\/\",\"https:\/\/x.com\/colt_technology\",\"https:\/\/www.instagram.com\/colttechnologyservices\/\",\"https:\/\/www.linkedin.com\/company\/colt-technology-services\",\"https:\/\/www.youtube.com\/user\/ColtTechnology\"]}]}<\/script>\n<!-- \/ Yoast SEO plugin. -->","yoast_head_json":{"title":"Andrew Edison - Colt Technology Services","description":"Andrew Edison Colt Technology Services","robots":{"index":"noindex","follow":"follow","max-snippet":"max-snippet:-1","max-image-preview":"max-image-preview:large","max-video-preview":"max-video-preview:-1"},"og_locale":"de_DE","og_type":"article","og_title":"Andrew Edison - Colt Technology Services","og_description":"Andrew Edison Colt Technology Services","og_url":"https:\/\/legacy.colt.net\/de\/about\/leadership\/andrew-edison\/","og_site_name":"Colt Technology Services","article_publisher":"https:\/\/www.facebook.com\/ColtTechnologyServices\/","article_modified_time":"2021-09-24T08:29:41+00:00","og_image":[{"width":1000,"height":683,"url":"https:\/\/legacy.colt.net\/wp-content\/uploads\/2021\/01\/Brand-2021-Stock-17.jpg","type":"image\/jpeg"}],"twitter_card":"summary_large_image","twitter_site":"@colt_technology","twitter_misc":{"Est. reading time":"1 minute"},"schema":{"@context":"https:\/\/schema.org","@graph":[{"@type":"WebPage","@id":"https:\/\/legacy.colt.net\/de\/about\/leadership\/andrew-edison\/","url":"https:\/\/legacy.colt.net\/de\/about\/leadership\/andrew-edison\/","name":"Andrew Edison - Colt Technology Services","isPartOf":{"@id":"https:\/\/legacy.colt.net\/#website"},"primaryImageOfPage":{"@id":"https:\/\/legacy.colt.net\/de\/about\/leadership\/andrew-edison\/#primaryimage"},"image":{"@id":"https:\/\/legacy.colt.net\/de\/about\/leadership\/andrew-edison\/#primaryimage"},"thumbnailUrl":"https:\/\/legacy.colt.net\/wp-content\/uploads\/2021\/09\/Andrew-Edison_092021.png","datePublished":"2021-07-19T08:23:05+00:00","dateModified":"2021-09-24T08:29:41+00:00","description":"Andrew Edison Colt Technology Services","breadcrumb":{"@id":"https:\/\/legacy.colt.net\/de\/about\/leadership\/andrew-edison\/#breadcrumb"},"inLanguage":"de-DE","potentialAction":[{"@type":"ReadAction","target":["https:\/\/legacy.colt.net\/de\/about\/leadership\/andrew-edison\/"]}]},{"@type":"ImageObject","inLanguage":"de-DE","@id":"https:\/\/legacy.colt.net\/de\/about\/leadership\/andrew-edison\/#primaryimage","url":"https:\/\/legacy.colt.net\/wp-content\/uploads\/2021\/09\/Andrew-Edison_092021.png","contentUrl":"https:\/\/legacy.colt.net\/wp-content\/uploads\/2021\/09\/Andrew-Edison_092021.png"},{"@type":"BreadcrumbList","@id":"https:\/\/legacy.colt.net\/de\/about\/leadership\/andrew-edison\/#breadcrumb","itemListElement":[{"@type":"ListItem","position":1,"name":"Home","item":"https:\/\/legacy.colt.net\/de\/"},{"@type":"ListItem","position":2,"name":"\u00dcber Colt","item":"https:\/\/legacy.colt.net\/de\/about\/"},{"@type":"ListItem","position":3,"name":"Leadership","item":"https:\/\/legacy.colt.net\/de\/about\/leadership\/"},{"@type":"ListItem","position":4,"name":"Andrew Edison"}]},{"@type":"WebSite","@id":"https:\/\/legacy.colt.net\/#website","url":"https:\/\/legacy.colt.net\/","name":"Colt\u30c6\u30af\u30ce\u30ed\u30b8\u30fc\u30b5\u30fc\u30d3\u30b9\u682a\u5f0f\u4f1a\u793e","description":"Managed Network &amp; Voice Services Provider","publisher":{"@id":"https:\/\/legacy.colt.net\/#organization"},"potentialAction":[{"@type":"SearchAction","target":{"@type":"EntryPoint","urlTemplate":"https:\/\/legacy.colt.net\/?s={search_term_string}"},"query-input":{"@type":"PropertyValueSpecification","valueRequired":true,"valueName":"search_term_string"}}],"inLanguage":"de-DE"},{"@type":"Organization","@id":"https:\/\/legacy.colt.net\/#organization","name":"Colt Technology Services","url":"https:\/\/legacy.colt.net\/","logo":{"@type":"ImageObject","inLanguage":"de-DE","@id":"https:\/\/legacy.colt.net\/#\/schema\/logo\/image\/","url":"https:\/\/legacy.colt.net\/wp-content\/uploads\/2019\/02\/Colt-Logo.png","contentUrl":"https:\/\/legacy.colt.net\/wp-content\/uploads\/2019\/02\/Colt-Logo.png","width":195,"height":77,"caption":"Colt Technology Services"},"image":{"@id":"https:\/\/legacy.colt.net\/#\/schema\/logo\/image\/"},"sameAs":["https:\/\/www.facebook.com\/ColtTechnologyServices\/","https:\/\/x.com\/colt_technology","https:\/\/www.instagram.com\/colttechnologyservices\/","https:\/\/www.linkedin.com\/company\/colt-technology-services","https:\/\/www.youtube.com\/user\/ColtTechnology"]}]}},"_links":{"self":[{"href":"https:\/\/legacy.colt.net\/de\/wp-json\/wp\/v2\/pages\/100181","targetHints":{"allow":["GET"]}}],"collection":[{"href":"https:\/\/legacy.colt.net\/de\/wp-json\/wp\/v2\/pages"}],"about":[{"href":"https:\/\/legacy.colt.net\/de\/wp-json\/wp\/v2\/types\/page"}],"author":[{"embeddable":true,"href":"https:\/\/legacy.colt.net\/de\/wp-json\/wp\/v2\/users\/2"}],"replies":[{"embeddable":true,"href":"https:\/\/legacy.colt.net\/de\/wp-json\/wp\/v2\/comments?post=100181"}],"version-history":[{"count":0,"href":"https:\/\/legacy.colt.net\/de\/wp-json\/wp\/v2\/pages\/100181\/revisions"}],"up":[{"embeddable":true,"href":"https:\/\/legacy.colt.net\/de\/wp-json\/wp\/v2\/pages\/35346"}],"wp:attachment":[{"href":"https:\/\/legacy.colt.net\/de\/wp-json\/wp\/v2\/media?parent=100181"}],"wp:term":[{"taxonomy":"colt_type","embeddable":true,"href":"https:\/\/legacy.colt.net\/de\/wp-json\/wp\/v2\/colt_type?post=100181"},{"taxonomy":"colt_products","embeddable":true,"href":"https:\/\/legacy.colt.net\/de\/wp-json\/wp\/v2\/colt_products?post=100181"}],"curies":[{"name":"wp","href":"https:\/\/api.w.org\/{rel}","templated":true}]}}